{"id":3924,"date":"2024-03-18T06:10:14","date_gmt":"2024-03-18T06:10:14","guid":{"rendered":"https:\/\/3dp.45612300.xyz\/product\/pure-copper-powder\/"},"modified":"2024-03-18T06:10:14","modified_gmt":"2024-03-18T06:10:14","slug":"pure-copper-powder","status":"publish","type":"product","link":"https:\/\/3dpmetal.com\/es\/product\/pure-copper-powder\/","title":{"rendered":"Polvo de Cobre Puro"},"content":{"rendered":"<p><span style=\"vertical-align: inherit;\"><span style=\"vertical-align: inherit;\"><\/p>\n<h2>Resumen del polvo de cobre puro<\/h2>\n<p class=\"whitespace-pre-wrap\">El polvo de cobre puro contiene un contenido de un 99,5 % o superior de cobre. Ofrece una excelente conductividad t\u00e9rmica y el\u00e9ctrica combinada con una buena resistencia a la corrosi\u00f3n, capacidad de soldadura y biocompatibilidad.<\/p>\n<p class=\"whitespace-pre-wrap\">Propiedades y ventajas clave del polvo de cobre puro:<\/p>\n<p class=\"whitespace-pre-wrap\"><strong>Propiedades y caracter\u00edsticas del polvo de cobre puro<\/strong><\/p>\n<table>\n<thead>\n<tr>\n<th>Propiedades<\/th>\n<th>Detalles<\/th>\n<\/tr>\n<\/thead>\n<tbody>\n<tr>\n<td>Composici\u00f3n<\/td>\n<td>Contenido de cobre del % 99,5 o superior<\/td>\n<\/tr>\n<tr>\n<td>Densidad<\/td>\n<td>8,94 g\/cc<\/td>\n<\/tr>\n<tr>\n<td>Forma de las part\u00edculas<\/td>\n<td>Esf\u00e9rica, irregular<\/td>\n<\/tr>\n<tr>\n<td>Rango de tama\u00f1os<\/td>\n<td>1 a 150 micras<\/td>\n<\/tr>\n<tr>\n<td>Densidad aparente<\/td>\n<td>Hasta 50% de densidad verdadera<\/td>\n<\/tr>\n<tr>\n<td>Conductividad<\/td>\n<td>Excelente, solo superado por la plata<\/td>\n<\/tr>\n<tr>\n<td>Soldabilidad<\/td>\n<td>Excelente resistencia a la oxidaci\u00f3n<\/td>\n<\/tr>\n<tr>\n<td>Biocompatibilidad<\/td>\n<td>Alto, seguro para contacto con alimentos<\/td>\n<\/tr>\n<\/tbody>\n<\/table>\n<p class=\"whitespace-pre-wrap\">El polvo de cobre puro es ideal para aplicaciones como productos de soldadura, aleaciones de soldadura, materiales de fricci\u00f3n, herramientas de diamante, contactos el\u00e9ctricos y moldeo por inyecci\u00f3n de metal.<\/p>\n<h2>Composici\u00f3n del polvo de cobre puro<\/h2>\n<p class=\"whitespace-pre-wrap\">Composici\u00f3n t\u00edpica de polvo de cobre puro:<\/p>\n<p class=\"whitespace-pre-wrap\"><strong>Composici\u00f3n del polvo de cobre puro<\/strong><\/p>\n<table>\n<thead>\n<tr>\n<th>Elemento<\/th>\n<th>Porcentaje de peso<\/th>\n<\/tr>\n<\/thead>\n<tbody>\n<tr>\n<td>Cobre (Cu)<\/td>\n<td>99,5% m\u00edn.<\/td>\n<\/tr>\n<tr>\n<td>Ox\u00edgeno (O)<\/td>\n<td>0,05 % m\u00e1x.<\/td>\n<\/tr>\n<tr>\n<td>Plomo (Pb)<\/td>\n<td>0,005 % m\u00e1ximo<\/td>\n<\/tr>\n<tr>\n<td>Otras impurezas<\/td>\n<td>0,005 % m\u00e1ximo<\/td>\n<\/tr>\n<\/tbody>\n<\/table>\n<ul class=\"list-disc pl-8 space-y-2\">\n<li class=\"whitespace-normal\">El cobre proporciona excelente conductividad y resistencia a la corrosi\u00f3n<\/li>\n<li class=\"whitespace-normal\">El ox\u00edgeno presente como impureza afecta a la conductividad y la sinterizaci\u00f3n<\/li>\n<li class=\"whitespace-normal\">Controles cuidadosos para plomo y otras impurezas<\/li>\n<\/ul>\n<p class=\"whitespace-pre-wrap\">Alto contenido en cobre, bajo \u00f3xido y m\u00ednimas impurezas dan como resultado una conductividad el\u00e9ctrica y t\u00e9rmica excelente combinada con buenas propiedades mec\u00e1nicas.<\/p>\n<p><img loading=\"lazy\" decoding=\"async\" class=\"alignnone size-medium wp-image-1409\" src=\"https:\/\/met3dp.com\/wp-content\/uploads\/2023\/09\/ed7a94ec-3c10-4b1b-87ed--300x300.jpg\" alt=\"Cobre puro en polvo\" width=\"300\" height=\"300\" title=\"\"><\/p>\n<h2>Propiedades f\u00edsicas del polvo de cobre puro<\/h2>\n<p class=\"whitespace-pre-wrap\"><strong>Propiedades f\u00edsicas del polvo de cobre puro<\/strong><\/p>\n<table>\n<thead>\n<tr>\n<th>Propiedad<\/th>\n<th>Valores<\/th>\n<\/tr>\n<\/thead>\n<tbody>\n<tr>\n<td>Densidad<\/td>\n<td>8,94 g\/cc<\/td>\n<\/tr>\n<tr>\n<td>Punto de Fusi\u00f3n<\/td>\n<td>1083\u00a1\u00abC<\/td>\n<\/tr>\n<tr>\n<td>Conductividad t\u00e9rmica<\/td>\n<td>400 W\/mK<\/td>\n<\/tr>\n<tr>\n<td>Resistividad el\u00e9ctrica<\/td>\n<td>1,72 \u00d7 10^-8 cm<\/td>\n<\/tr>\n<tr>\n<td>Temperatura de recristalizaci\u00f3n<\/td>\n<td>200-300\u00a1\u00abC<\/td>\n<\/tr>\n<tr>\n<td>Temperatura de Curie<\/td>\n<td>-269\u00a1\u00abC<\/td>\n<\/tr>\n<\/tbody>\n<\/table>\n<ul class=\"list-disc pl-8 space-y-2\">\n<li class=\"whitespace-normal\">Alta densidad en comparaci\u00f3n con el magnesio o aluminio<\/li>\n<li class=\"whitespace-normal\">Excelente conductividad t\u00e9rmica para evacuaci\u00f3n t\u00e9rmica<\/li>\n<li class=\"whitespace-normal\">La baja resistividad el\u00e9ctrica provee alta conductividad<\/li>\n<li class=\"whitespace-normal\">La recristalizaci\u00f3n permite la sinterizaci\u00f3n y mejora la ductilidad<\/li>\n<li class=\"whitespace-normal\">La resistividad aumenta por encima del punto Curie<\/li>\n<\/ul>\n<p class=\"whitespace-pre-wrap\">Estas propiedades hacen que el cobre puro sea adecuado para componentes altamente conductores como contactos el\u00e9ctricos y cepillos.<\/p>\n<h2>Propiedades mec\u00e1nicas del polvo de cobre puro<\/h2>\n<p class=\"whitespace-pre-wrap\"><strong>Propiedades mec\u00e1nicas del polvo de cobre puro<\/strong><\/p>\n<table>\n<thead>\n<tr>\n<th>Propiedad<\/th>\n<th>Valores<\/th>\n<\/tr>\n<\/thead>\n<tbody>\n<tr>\n<td>Resistencia a la tensi\u00f3n<\/td>\n<td>220-340 MPa<\/td>\n<\/tr>\n<tr>\n<td>Resistencia el\u00e1stica<\/td>\n<td>69-172 MPa<\/td>\n<\/tr>\n<tr>\n<td>Elongaci\u00f3n<\/td>\n<td>35-60%<\/td>\n<\/tr>\n<tr>\n<td>Dureza<\/td>\n<td>45-90 HG<\/td>\n<\/tr>\n<tr>\n<td>M\u00f3dulo de elasticidad<\/td>\n<td>110-130 GPa<\/td>\n<\/tr>\n<tr>\n<td>Resistencia a la compresi\u00f3n<\/td>\n<td>500-700 MPa<\/td>\n<\/tr>\n<\/tbody>\n<\/table>\n<ul class=\"list-disc pl-8 space-y-2\">\n<li class=\"whitespace-normal\">Buena combinaci\u00f3n de resistencia y ductilidad muy alta<\/li>\n<li class=\"whitespace-normal\">Dureza relativamente baja y alta maleabilidad<\/li>\n<li class=\"whitespace-normal\">Resistencia moderada en comparaci\u00f3n con las aleaciones de alta resistencia<\/li>\n<li class=\"whitespace-normal\">Las propiedades dependen de factores como la porosidad y el tama\u00f1o de grano<\/li>\n<\/ul>\n<p class=\"whitespace-pre-wrap\">Las propiedades hacen que el cobre puro sea adecuado para componentes blandos, altamente conductivos que requieren buena deformaci\u00f3n y resistencia a la compresi\u00f3n.<\/p>\n<h2>Aplicaciones de polvo de cobre puro<\/h2>\n<p class=\"whitespace-pre-wrap\">Las aplicaciones t\u00edpicas de polvo de cobre puro incluyen:<\/p>\n<p class=\"whitespace-pre-wrap\"><strong>Aplicaciones de polvo de cobre puro<\/strong><\/p>\n<table>\n<thead>\n<tr>\n<th>Industria<\/th>\n<th>Usos<\/th>\n<\/tr>\n<\/thead>\n<tbody>\n<tr>\n<td>Electricidad<\/td>\n<td>Contactos, cepillos, electrodos de soldadura<\/td>\n<\/tr>\n<tr>\n<td>Electr\u00f3nica<\/td>\n<td>Adhesivos conductivos, blindaje RF<\/td>\n<\/tr>\n<tr>\n<td>Automovil\u00edstico<\/td>\n<td>Cepillos, bujes, cojinetes<\/td>\n<\/tr>\n<tr>\n<td>Industrial<\/td>\n<td>Herramientas de diamante, moldes de fundici\u00f3n<\/td>\n<\/tr>\n<tr>\n<td>Fabricaci\u00f3n<\/td>\n<td>Aleaciones para soldadura fuerte, pulvimetalurgia<\/td>\n<\/tr>\n<tr>\n<td>Productos de fricci\u00f3n<\/td>\n<td>Pastillas de freno, discos de embrague<\/td>\n<\/tr>\n<\/tbody>\n<\/table>\n<p class=\"whitespace-pre-wrap\">Algunos usos espec\u00edficos del producto:<\/p>\n<ul class=\"list-disc pl-8 space-y-2\">\n<li class=\"whitespace-normal\">Contactos y escobillas el\u00e9ctricas deslizantes<\/li>\n<li class=\"whitespace-normal\">Disipadores de calor y componentes de gesti\u00f3n t\u00e9rmica<\/li>\n<li class=\"whitespace-normal\">Varillas para soldar, pastas para brasar y soldadura de metal de relleno<\/li>\n<li class=\"whitespace-normal\">Comp\u00f3sitos de matriz met\u00e1lica como herramientas de diamante<\/li>\n<li class=\"whitespace-normal\">Componentes de forma neta producidos por moldeo por inyecci\u00f3n de metal<\/li>\n<li class=\"whitespace-normal\">Bujes de bomba, impulsores y otras piezas de desgaste<\/li>\n<\/ul>\n<p class=\"whitespace-pre-wrap\">La alta conductividad, resistencia a la corrosi\u00f3n, biocompatibilidad y resistencia moderada hacen que el cobre puro sea adecuado para esta amplia gama de aplicaciones el\u00e9ctricas, t\u00e9rmicas y de desgaste moderado en todas las industrias.<\/p>\n<h2>Especificaciones del polvo de cobre puro<\/h2>\n<p class=\"whitespace-pre-wrap\">Especificaciones fundamentales del polvo de cobre puro:<\/p>\n<p class=\"whitespace-pre-wrap\"><strong>Especificaciones del polvo de cobre puro<\/strong><\/p>\n<table>\n<thead>\n<tr>\n<th>Est\u00e1ndar<\/th>\n<th>Descripci\u00f3n<\/th>\n<\/tr>\n<\/thead>\n<tbody>\n<tr>\n<td>ASTM B602<\/td>\n<td>Especificaci\u00f3n para polvo de cobre electrol\u00edtico de alta pureza<\/td>\n<\/tr>\n<tr>\n<td>JIS H2111<\/td>\n<td>Especificaciones para polvos de cobre electrol\u00edtico y aleaci\u00f3n de cobre<\/td>\n<\/tr>\n<tr>\n<td>ISO 3497<\/td>\n<td>Especificaciones para polvos de cobre de uso general<\/td>\n<\/tr>\n<tr>\n<td>ASTM B243<\/td>\n<td>Gu\u00eda sobre densidad aparente y caudal<\/td>\n<\/tr>\n<\/tbody>\n<\/table>\n<p class=\"whitespace-pre-wrap\">Esto define:<\/p>\n<ul class=\"list-disc pl-8 space-y-2\">\n<li class=\"whitespace-normal\">Contenido m\u00ednimo de cobre del 99,5 %<\/li>\n<li class=\"whitespace-normal\">L\u00edmites de impurezas como ox\u00edgeno y plomo<\/li>\n<li class=\"whitespace-normal\">Caracter\u00edsticas del polvo requeridos<\/li>\n<li class=\"whitespace-normal\">Densidad aparente y r\u00e9gimen de flujo<\/li>\n<li class=\"whitespace-normal\">M\u00e9todo de producci\u00f3n homologado &#8211; electrol\u00edtico<\/li>\n<li class=\"whitespace-normal\">Protocolos de muestreo y ensayo<\/li>\n<\/ul>\n<p class=\"whitespace-pre-wrap\">Al cumplir con estas especificaciones, se garantizan unas prestaciones adecuadas para aplicaciones que requieren una alta conductividad t\u00e9rmica y el\u00e9ctrica, combinadas con buenas propiedades mec\u00e1nicas.<\/p>\n<h2>Tama\u00f1os de Part\u00edcula de Polvo de Cobre Puro<\/h2>\n<p class=\"whitespace-pre-wrap\"><strong>Distribuci\u00f3n del tama\u00f1o de las part\u00edculas del polvo de cobre puro<\/strong><\/p>\n<table>\n<thead>\n<tr>\n<th>Tama\u00f1o<\/th>\n<th>Caracter\u00edsticas<\/th>\n<\/tr>\n<\/thead>\n<tbody>\n<tr>\n<td>1-10 micras<\/td>\n<td>Grado ultrafino, utilizado en microelectr\u00f3nica<\/td>\n<\/tr>\n<tr>\n<td>10 a 30 micras<\/td>\n<td>Grado fino adecuado para sinterizaci\u00f3n<\/td>\n<\/tr>\n<tr>\n<td>30-150 micras<\/td>\n<td>La gradaci\u00f3n gruesa fluye bien para prensar<\/td>\n<\/tr>\n<\/tbody>\n<\/table>\n<ul class=\"list-disc pl-8 space-y-2\">\n<li class=\"whitespace-normal\">Tama\u00f1os m\u00e1s finos proporcionan una mayor densidad sinterizada<\/li>\n<li class=\"whitespace-normal\">Un polvo m\u00e1s grueso mejor\u00f3 la fluidez<\/li>\n<li class=\"whitespace-normal\">Gama de tallas personalizada seg\u00fan la aplicaci\u00f3n<\/li>\n<li class=\"whitespace-normal\">Hay disponibles formas esf\u00e9ricas e irregulares<\/li>\n<\/ul>\n<p class=\"whitespace-pre-wrap\">Controlar la distribuci\u00f3n del tama\u00f1o de part\u00edcula optimiza el comportamiento de prensado, densidad de sinterizado y propiedades de la pieza final.<\/p>\n<h2>Densidad aparente de polvo de cobre puro<\/h2>\n<p class=\"whitespace-pre-wrap\"><strong>Densidad aparente de polvo de cobre puro<\/strong><\/p>\n<table>\n<thead>\n<tr>\n<th>Densidad aparente<\/th>\n<th>Detalles<\/th>\n<\/tr>\n<\/thead>\n<tbody>\n<tr>\n<td>Hasta 50% de densidad verdadera<\/td>\n<td>Para morfolog\u00eda irregular de polvo<\/td>\n<\/tr>\n<tr>\n<td>3.5 - 5,0 g\/cc typical<\/td>\n<td>Mejora con una mayor densidad de empaque<\/td>\n<\/tr>\n<\/tbody>\n<\/table>\n<ul class=\"list-disc pl-8 space-y-2\">\n<li class=\"whitespace-normal\">Una mayor densidad aparente mejora el flujo y la compresibilidad del polvo<\/li>\n<li class=\"whitespace-normal\">La morfolog\u00eda irregular limita la densidad m\u00e1xima de empaquetamiento<\/li>\n<li class=\"whitespace-normal\">Valores de hasta 60 % alcanzables con polvo esf\u00e9rico<\/li>\n<li class=\"whitespace-normal\">La alta densidad aparente permite una compactaci\u00f3n m\u00e1s sencilla<\/li>\n<\/ul>\n<p class=\"whitespace-pre-wrap\">Una densidad aparente m\u00e1s alta conduce a un prensado de polvo m\u00e1s eficiente y a una sinterizaci\u00f3n hasta su densidad total.<\/p>\n<h2>Producci\u00f3n de polvo de cobre puro<\/h2>\n<p class=\"whitespace-pre-wrap\"><strong>Producci\u00f3n de polvo de cobre puro<\/strong><\/p>\n<table>\n<thead>\n<tr>\n<th>M\u00e9todo<\/th>\n<th>Detalles<\/th>\n<\/tr>\n<\/thead>\n<tbody>\n<tr>\n<td>Electr\u00f3lisis<\/td>\n<td>Los c\u00e1todos de cobre se disolvieron an\u00f3dicamente en iones Cu+ y se depositaron sobre c\u00e1todos de acero inoxidable<\/td>\n<\/tr>\n<tr>\n<td>Molienda de bolas<\/td>\n<td>Polvo grueso triturado y clasificado en tama\u00f1os espec\u00edficos<\/td>\n<\/tr>\n<tr>\n<td>Recocido<\/td>\n<td>Ablanda las part\u00edculas en polvo y mejora la compresibilidad<\/td>\n<\/tr>\n<tr>\n<td>Reducci\u00f3n de atm\u00f3sfera<\/td>\n<td>Evita la oxidaci\u00f3n de las part\u00edculas durante la producci\u00f3n<\/td>\n<\/tr>\n<\/tbody>\n<\/table>\n<ul class=\"list-disc pl-8 space-y-2\">\n<li class=\"whitespace-normal\">Un proceso electrol\u00edtico automatizado permite la producci\u00f3n a gran escala<\/li>\n<li class=\"whitespace-normal\">La molienda y el tamizado brindan una distribuci\u00f3n controlada del tama\u00f1o de las part\u00edculas<\/li>\n<li class=\"whitespace-normal\">El recocido facilita el prensado y el manejo<\/li>\n<li class=\"whitespace-normal\">El estricto control de procesos garantiza una alta pureza y una calidad repetible<\/li>\n<\/ul>\n<h2>Precio del polvo de cobre puro<\/h2>\n<p class=\"whitespace-pre-wrap\"><strong>Precio del polvo de cobre puro<\/strong><\/p>\n<table>\n<thead>\n<tr>\n<th>Factor<\/th>\n<th>Impacto sobre el precio<\/th>\n<\/tr>\n<\/thead>\n<tbody>\n<tr>\n<td>Pureza<\/td>\n<td>A mayor pureza incrementa el costo<\/td>\n<\/tr>\n<tr>\n<td>Tama\u00f1o de part\u00edcula<\/td>\n<td>Polvo ultrafino m\u00e1s caro<\/td>\n<\/tr>\n<tr>\n<td>Cantidad del pedido<\/td>\n<td>Los pedidos al por mayor tienen un precio por unidad menor<\/td>\n<\/tr>\n<tr>\n<td>M\u00e9todo de producci\u00f3n<\/td>\n<td>El procesamiento adicional incrementa el coste<\/td>\n<\/tr>\n<tr>\n<td>Empaquetado<\/td>\n<td>Los embalajes especiales, como el sellado al vac\u00edo, a\u00f1aden costo<\/td>\n<\/tr>\n<\/tbody>\n<\/table>\n<p class=\"whitespace-pre-wrap\"><strong>Precios indicativos<\/strong><\/p>\n<ul class=\"list-disc pl-8 space-y-2\">\n<li class=\"whitespace-normal\">Polvo de cobre puro ultrafino: $ 15-25 por kg<\/li>\n<li class=\"whitespace-normal\">Polvo de cobre puro grueso: $10-15 por kg<\/li>\n<li class=\"whitespace-normal\">El precio de volumen grande puede ser 40% m\u00e1s bajo<\/li>\n<\/ul>\n<p class=\"whitespace-pre-wrap\">El precio depende de la pureza el tama\u00f1o de las part\u00edculas, el m\u00e9todo de producci\u00f3n, la cantidad de pedido, el empaque, etc.<\/p>\n<h2>Proveedores de Polvo de Cobre Puro<\/h2>\n<p class=\"whitespace-pre-wrap\"><strong>Proveedores de Polvo de Cobre Puro<\/strong><\/p>\n<table>\n<thead>\n<tr>\n<th>Compa\u00f1\u00eda<\/th>\n<th>Ubicaci\u00f3n<\/th>\n<\/tr>\n<\/thead>\n<tbody>\n<tr>\n<td>Kymera International<\/td>\n<td>EE. UU.<\/td>\n<\/tr>\n<tr>\n<td>Polvo de metal GGP<\/td>\n<td>Alemania<\/td>\n<\/tr>\n<tr>\n<td>American Chemet Corporation<\/td>\n<td>EE. UU.<\/td>\n<\/tr>\n<tr>\n<td>Shanghai CNPC Material en polvo<\/td>\n<td>China<\/td>\n<\/tr>\n<tr>\n<td>Mitsui Kinzoku<\/td>\n<td>Jap\u00f3n<\/td>\n<\/tr>\n<tr>\n<td>Nuclead<\/td>\n<td>Francia<\/td>\n<\/tr>\n<\/tbody>\n<\/table>\n<p class=\"whitespace-pre-wrap\">Factores de selecci\u00f3n para proveedores:<\/p>\n<ul class=\"list-disc pl-8 space-y-2\">\n<li class=\"whitespace-normal\">Niveles de pureza y tipos ofrecidos<\/li>\n<li class=\"whitespace-normal\">Capacidad de producci\u00f3n y plazos de entrega<\/li>\n<li class=\"whitespace-normal\">rangos promedio de tama\u00f1o de part\u00edculas<\/li>\n<li class=\"whitespace-normal\">Personalizaci\u00f3n de distribuci\u00f3n de tallas<\/li>\n<li class=\"whitespace-normal\">Opciones de envasado y cantidades de pedido<\/li>\n<li class=\"whitespace-normal\">Niveles de precios seg\u00fan volumen<\/li>\n<li class=\"whitespace-normal\">Cumplimiento con las especificaciones internacionales<\/li>\n<\/ul>\n<h2>Manipulaci\u00f3n y almacenamiento del polvo de cobre puro<\/h2>\n<p class=\"whitespace-pre-wrap\"><strong>Manejo de polvo de cobre puro<\/strong><\/p>\n<table>\n<thead>\n<tr>\n<th>Recomendaci\u00f3n<\/th>\n<th>Motivo<\/th>\n<\/tr>\n<\/thead>\n<tbody>\n<tr>\n<td>Aseg\u00farese de que haya ventilaci\u00f3n adecuada<\/td>\n<td>Evita la exposici\u00f3n a part\u00edculas finas<\/td>\n<\/tr>\n<tr>\n<td>Utilice el EPP apropiado<\/td>\n<td>Evitar ingesti\u00f3n accidental<\/td>\n<\/tr>\n<tr>\n<td>Sigue protocolos seguros<\/td>\n<td>Reducir riesgos para la salud<\/td>\n<\/tr>\n<tr>\n<td>Evite las fuentes de ignici\u00f3n<\/td>\n<td>Riesgo por polvo inflamable<\/td>\n<\/tr>\n<tr>\n<td>Equipos de tierra<\/td>\n<td>Evitar la descarga est\u00e1tica<\/td>\n<\/tr>\n<tr>\n<td>Utiliza herramientas no generadoras de chispas<\/td>\n<td>Prevenir la posibilidad de ignici\u00f3n<\/td>\n<\/tr>\n<\/tbody>\n<\/table>\n<p class=\"whitespace-pre-wrap\"><strong>Recomendaciones de almacenamiento<\/strong><\/p>\n<ul class=\"list-disc pl-8 space-y-2\">\n<li class=\"whitespace-normal\">Almac\u00e9nese en envases estables en un lugar fresco y seco<\/li>\n<li class=\"whitespace-normal\">Limite la exposici\u00f3n a \u00e1cidos, amon\u00edaco y acetileno<\/li>\n<li class=\"whitespace-normal\">Mant\u00e9n las temperaturas por debajo de los 30 \u00b0C<\/li>\n<\/ul>\n<p class=\"whitespace-pre-wrap\">Las precauciones apropiadas durante el manejo y almacenamiento ayudan a preservar la pureza y evitar los problemas de seguridad.<\/p>\n<h2>Inspecci\u00f3n y comprobaci\u00f3n de polvo de cobre puro<\/h2>\n<p class=\"whitespace-pre-wrap\"><strong>Pruebas de polvo de cobre puro<\/strong><\/p>\n<table>\n<thead>\n<tr>\n<th>Prueba<\/th>\n<th>Detalles<\/th>\n<\/tr>\n<\/thead>\n<tbody>\n<tr>\n<td>An\u00e1lisis qu\u00edmico<\/td>\n<td>ICP o XRF verifican composici\u00f3n<\/td>\n<\/tr>\n<tr>\n<td>Distribuci\u00f3n de granulometr\u00eda<\/td>\n<td>An\u00e1lisis por difracci\u00f3n de l\u00e1ser<\/td>\n<\/tr>\n<tr>\n<td>Densidad aparente<\/td>\n<td>Prueba de caudal\u00edmetro Hall de acuerdo con ASTM B212<\/td>\n<\/tr>\n<tr>\n<td>Morfolog\u00eda del polvo<\/td>\n<td>Im\u00e1genes SEM de la forma de las part\u00edculas<\/td>\n<\/tr>\n<tr>\n<td>Ensayo de densidad del compacto<\/td>\n<td>Densidad medida tras dar golpecitos mec\u00e1nicos<\/td>\n<\/tr>\n<tr>\n<td>An\u00e1lisis de caudal<\/td>\n<td>Flujo gravitatorio a trav\u00e9s de un embudo especificado<\/td>\n<\/tr>\n<\/tbody>\n<\/table>\n<p class=\"whitespace-pre-wrap\">La prueba garantiza que el polvo cumple con los niveles de pureza, caracter\u00edsticas de las part\u00edculas, especificaciones de densidad, morfolog\u00eda y fluidez requeridos seg\u00fan las normas aplicables.<\/p>\n<h2>Pros y contras del polvo de cobre puro<\/h2>\n<p class=\"whitespace-pre-wrap\"><strong>Ventajas del polvo de cobre puro<\/strong><\/p>\n<ul class=\"list-disc pl-8 space-y-2\">\n<li class=\"whitespace-normal\">Excelente conductividad t\u00e9rmica y el\u00e9ctrica<\/li>\n<li class=\"whitespace-normal\">Buena resistencia a la corrosi\u00f3n y biocompatibilidad<\/li>\n<li class=\"whitespace-normal\">La alta pureza proporciona un rendimiento \u00f3ptimo<\/li>\n<li class=\"whitespace-normal\">F\u00e1cil de sinterizar y comprimir en componentes de alta densidad<\/li>\n<li class=\"whitespace-normal\">D\u00factil y maleable<\/li>\n<li class=\"whitespace-normal\">Reciclable y ecol\u00f3gico<\/li>\n<\/ul>\n<p class=\"whitespace-pre-wrap\"><strong>Limitaciones del polvo de cobre puro<\/strong><\/p>\n<ul class=\"list-disc pl-8 space-y-2\">\n<li class=\"whitespace-normal\">Resistencia m\u00e1s baja que muchos polvos de aleaci\u00f3n<\/li>\n<li class=\"whitespace-normal\">Resistencia moderada de oxidaci\u00f3n a alta temperatura<\/li>\n<li class=\"whitespace-normal\">Pesado comparado con magnesio o aluminio<\/li>\n<li class=\"whitespace-normal\">No apto para aplicaciones de uso excesivo o alta carga<\/li>\n<li class=\"whitespace-normal\">Sensible a la contaminaci\u00f3n del zinc y del azufre<\/li>\n<li class=\"whitespace-normal\">Se deslustra poco a poco con el tiempo si no est\u00e1 recubierto<\/li>\n<\/ul>\n<h2>Comparaci\u00f3n con polvos de bronce y lat\u00f3n<\/h2>\n<p class=\"whitespace-pre-wrap\"><strong>Polvos de cobre puro frente a polvos de lat\u00f3n y bronce<\/strong><\/p>\n<table>\n<thead>\n<tr>\n<th>Par\u00e1metro<\/th>\n<th>Cobre puro<\/th>\n<th>Bronce<\/th>\n<\/tr>\n<\/thead>\n<tbody>\n<tr>\n<td>Densidad<\/td>\n<td>8,94 g\/cc<\/td>\n<td>8,7-8,8 g\/cc<\/td>\n<\/tr>\n<tr>\n<td>Fuerza<\/td>\n<td>220-340 MPa<\/td>\n<td>350-550 MPa<\/td>\n<\/tr>\n<tr>\n<td>Conductividad<\/td>\n<td>Excelente<\/td>\n<td>Bien<\/td>\n<\/tr>\n<tr>\n<td>Resistencia a la corrosi\u00f3n<\/td>\n<td>Excelente<\/td>\n<td>Bien<\/td>\n<\/tr>\n<tr>\n<td>Coste<\/td>\n<td>Bajo<\/td>\n<td>Moderado<\/td>\n<\/tr>\n<tr>\n<td>Usos<\/td>\n<td>El\u00e9ctrico, t\u00e9rmico<\/td>\n<td>Hardware de decoraci\u00f3n<\/td>\n<\/tr>\n<\/tbody>\n<\/table>\n<ul class=\"list-disc pl-8 space-y-2\">\n<li class=\"whitespace-normal\">El cobre puro tiene mayor conductividad y ductilidad.<\/li>\n<li class=\"whitespace-normal\">El lat\u00f3n\/bronce ofrece mayor resistencia<\/li>\n<li class=\"whitespace-normal\">El cobre puro est\u00e1 m\u00e1s adaptado para la gesti\u00f3n t\u00e9rmica<\/li>\n<li class=\"whitespace-normal\">Lat\u00f3n\/bronce utilizado para art\u00edculos decorativos y de ferreter\u00eda<\/li>\n<\/ul>\n<h2>Preguntas frecuentes sobre polvo de cobre puro<\/h2>\n<p class=\"whitespace-pre-wrap\"><strong>P: \u00bfCu\u00e1les son las principales aplicaciones del polvo de cobre puro?<\/strong><\/p>\n<p class=\"whitespace-pre-wrap\">R: Principales aplicaciones incluyen contactos el\u00e9ctricos y escobillas, varillas de soldadura, aleaciones de lat\u00f3n, herramientas de diamante, sumideros de calor, componentes de forma neta fabricados mediante metalurgia de polvo, materiales de fricci\u00f3n y adhesivos conductores.<\/p>\n<p class=\"whitespace-pre-wrap\"><strong>P: \u00bfQu\u00e9 precauciones se deben tomar al trabajar con polvo de cobre puro?<\/strong><\/p>\n<p class=\"whitespace-pre-wrap\">A: Las precauciones recomendadas incluyen ventilaci\u00f3n adecuada, EPP apropiado, protocolos de manipulaci\u00f3n segura, equipo de puesta a tierra, evitar fuentes de ignici\u00f3n, usar herramientas que no generen chispas y almacenar en contenedores estables e inertes lejos de contaminantes.<\/p>\n<p class=\"whitespace-pre-wrap\"><strong>P: En qu\u00e9 se diferencia el polvo de cobre puro del cobre electrol\u00edtico de alta resistencia (ETP)?<\/strong><\/p>\n<p class=\"whitespace-pre-wrap\">A: El polvo de cobre puro tiene 99.5% o m\u00e1s de contenido de cobre, mientras que el polvo de cobre ETP tiene como m\u00ednimo 99.5% de cobre. El cobre puro ofrece una conductividad un poco mayor, pero ambos son pr\u00e1cticamente intercambiables para aplicaciones comunes.<\/p>\n<p class=\"whitespace-pre-wrap\"><strong>Q: \u00bfQu\u00e9 factores afectan las propiedades de las piezas hechas de polvo de cobre puro?<\/strong><\/p>\n<p class=\"whitespace-pre-wrap\">A: Los factores clave son la densidad aparente, la composici\u00f3n del polvo, la distribuci\u00f3n granulom\u00e9trica, la presi\u00f3n de compactaci\u00f3n, los par\u00e1metros de sinterizaci\u00f3n, la presencia de impurezas y la porosidad final de la pieza.<\/p>\n<p><\/span><\/span><\/p>","protected":false},"excerpt":{"rendered":"<p>Descripci\u00f3n general del cobre puro en polvo El cobre puro en polvo contiene 99,5% o m\u00e1s de cobre. Proporciona una excelente conductividad t\u00e9rmica y el\u00e9ctrica combinada con una buena resistencia a la corrosi\u00f3n, soldabilidad y biocompatibilidad. Principales propiedades y ventajas del cobre puro en polvo: Polvo de cobre puro Propiedades y caracter\u00edsticas Propiedades Detalles Composici\u00f3n Contenido de cobre 99,5% o superior Densidad 8,94 g\/cc Part\u00edculas...<\/p>","protected":false},"featured_media":1804,"parent":0,"template":"","meta":{"_acf_changed":false,"_kad_blocks_custom_css":"","_kad_blocks_head_custom_js":"","_kad_blocks_body_custom_js":"","_kad_blocks_footer_custom_js":"","_kad_post_transparent":"","_kad_post_title":"","_kad_post_layout":"","_kad_post_sidebar_id":"","_kad_post_content_style":"","_kad_post_vertical_padding":"","_kad_post_feature":"","_kad_post_feature_position":"","_kad_post_header":false,"_kad_post_footer":false,"_kad_post_classname":""},"product-category":[119,129],"class_list":["post-3924","product","type-product","status-publish","has-post-thumbnail","hentry","product-category-3d-printing-metal-powder","product-category-copper-alloy-powder"],"acf":[],"taxonomy_info":{"product-category":[{"value":119,"label":"3D Printing Metal Powder"},{"value":129,"label":"Copper Alloy Powder"}]},"featured_image_src_large":["https:\/\/3dpmetal.com\/wp-content\/uploads\/2024\/02\/Al-6061-powder.png",422,316,false],"author_info":[],"comment_info":"","_links":{"self":[{"href":"https:\/\/3dpmetal.com\/es\/wp-json\/wp\/v2\/product\/3924","targetHints":{"allow":["GET"]}}],"collection":[{"href":"https:\/\/3dpmetal.com\/es\/wp-json\/wp\/v2\/product"}],"about":[{"href":"https:\/\/3dpmetal.com\/es\/wp-json\/wp\/v2\/types\/product"}],"wp:featuredmedia":[{"embeddable":true,"href":"https:\/\/3dpmetal.com\/es\/wp-json\/wp\/v2\/media\/1804"}],"wp:attachment":[{"href":"https:\/\/3dpmetal.com\/es\/wp-json\/wp\/v2\/media?parent=3924"}],"wp:term":[{"taxonomy":"product-category","embeddable":true,"href":"https:\/\/3dpmetal.com\/es\/wp-json\/wp\/v2\/product-category?post=3924"}],"curies":[{"name":"wp","href":"https:\/\/api.w.org\/{rel}","templated":true}]}}