{"id":3925,"date":"2024-03-18T06:10:14","date_gmt":"2024-03-18T06:10:14","guid":{"rendered":"https:\/\/3dp.45612300.xyz\/product\/ti6al4v-powder\/"},"modified":"2024-03-18T06:10:14","modified_gmt":"2024-03-18T06:10:14","slug":"ti6al4v-powder","status":"publish","type":"product","link":"https:\/\/3dpmetal.com\/es\/product\/ti6al4v-powder\/","title":{"rendered":"Polvo Ti6Al4V"},"content":{"rendered":"<p><span style=\"vertical-align: inherit;\"><span style=\"vertical-align: inherit;\"><\/p>\n<h2>Descripci\u00f3n general de polvo Ti6Al4V<\/h2>\n<p class=\"whitespace-pre-wrap\">El polvo Ti6Al4V, tambi\u00e9n conocido como aleaci\u00f3n de titanio de grado 5, es uno de los polvos de aleaci\u00f3n de titanio m\u00e1s populares. Contiene 6 % de aluminio y 4 % de vanadio como los elementos de aleaci\u00f3n clave junto con el titanio restante.<\/p>\n<p class=\"whitespace-pre-wrap\">El polvo esf\u00e9rico ti6al4v ofrece una excepcional combinaci\u00f3n de alta resistencia, bajo peso y resistencia a la corrosi\u00f3n<a href=\"https:\/\/en.wikipedia.org\/wiki\/Biocompatibility\" target=\"_blank\" rel=\"noopener\"> Biocompatibilidad<\/a>, la viabilidad y la trabajabilidad.<\/p>\n<p class=\"whitespace-pre-wrap\">Propiedades y ventajas clave del polvo Ti6Al4V:<\/p>\n<p class=\"whitespace-pre-wrap\"><strong>Propiedades y caracter\u00edsticas del polvo de Ti6Al4V<\/strong><\/p>\n<table>\n<thead>\n<tr>\n<th>Propiedades<\/th>\n<th>Detalles<\/th>\n<\/tr>\n<\/thead>\n<tbody>\n<tr>\n<td>Composici\u00f3n<\/td>\n<td>Aleaci\u00f3n Ti-6Al-4V<\/td>\n<\/tr>\n<tr>\n<td>Densidad<\/td>\n<td>4,43 g\/cc<\/td>\n<\/tr>\n<tr>\n<td>Forma de las part\u00edculas<\/td>\n<td>De forma predominantemente esf\u00e9rica<\/td>\n<\/tr>\n<tr>\n<td>Rango de tama\u00f1os<\/td>\n<td>15-45 micrones<\/td>\n<\/tr>\n<tr>\n<td>Densidad aparente<\/td>\n<td>Hasta un 60% de densidad real<\/td>\n<\/tr>\n<tr>\n<td>Fluidez<\/td>\n<td>Bien<\/td>\n<\/tr>\n<tr>\n<td>Fuerza<\/td>\n<td>Alto para una aleaci\u00f3n de titanio<\/td>\n<\/tr>\n<tr>\n<td>Resistencia a la corrosi\u00f3n<\/td>\n<td>Excelente<\/td>\n<\/tr>\n<\/tbody>\n<\/table>\n<p class=\"whitespace-pre-wrap\">El Ti6Al4V es ampliamente utilizado en las industrias aeroespacial, m\u00e9dica, automotriz, qu\u00edmica y de consumo debido a su perfil de propiedades bien equilibrado.<\/p>\n<h2>Composici\u00f3n de polvo Ti6Al4V<\/h2>\n<p class=\"whitespace-pre-wrap\">Composici\u00f3n t\u00edpica de polvo Ti6Al4V:<\/p>\n<p class=\"whitespace-pre-wrap\"><strong>Composici\u00f3n de polvo Ti6Al4V<\/strong><\/p>\n<table>\n<thead>\n<tr>\n<th>Elemento<\/th>\n<th>Porcentaje de peso<\/th>\n<\/tr>\n<\/thead>\n<tbody>\n<tr>\n<td>Titanio<\/td>\n<td>Equilibrio<\/td>\n<\/tr>\n<tr>\n<td>Aluminio<\/td>\n<td>5.5-6.75%<\/td>\n<\/tr>\n<tr>\n<td>Vanadio<\/td>\n<td>3.5-4.5%<\/td>\n<\/tr>\n<tr>\n<td>Ox\u00edgeno<\/td>\n<td>&lt;0,2 %<\/td>\n<\/tr>\n<tr>\n<td>Carbono<\/td>\n<td>&lt;0,1%<\/td>\n<\/tr>\n<tr>\n<td>Nitr\u00f3geno<\/td>\n<td>&lt;0,05&nbsp;%<\/td>\n<\/tr>\n<tr>\n<td>Hidr\u00f3geno<\/td>\n<td>&lt;0,015%<\/td>\n<\/tr>\n<tr>\n<td>Hierro<\/td>\n<td>&lt;0,3 %<\/td>\n<\/tr>\n<\/tbody>\n<\/table>\n<ul class=\"list-disc pl-8 space-y-2\">\n<li class=\"whitespace-normal\">El titanio forma la matriz que proporciona resistencia y resistencia a la corrosi\u00f3n<\/li>\n<li class=\"whitespace-normal\">El aluminio estabiliza la fase alfa y aumenta la resistencia<\/li>\n<li class=\"whitespace-normal\">El vanadio estabiliza la fase beta y mejora la manejabilidad<\/li>\n<li class=\"whitespace-normal\">Otros elementos limitados como impurezas<\/li>\n<\/ul>\n<p class=\"whitespace-pre-wrap\">Las proporciones optimizadas de Ti-Al-V ofrecen una combinaci\u00f3n excepcional de resistencia, ductilidad, tenacidad a la fractura y resistencia a la fatiga.<\/p>\n<p><img loading=\"lazy\" decoding=\"async\" class=\"size-medium wp-image-1409 aligncenter\" src=\"https:\/\/met3dp.com\/wp-content\/uploads\/2023\/09\/ed7a94ec-3c10-4b1b-87ed--300x300.jpg\" alt=\"Ti6Al4V powder\" width=\"300\" height=\"300\" title=\"\"><\/p>\n<h2>Propiedades f\u00edsicas del polvo de Ti6Al4V<\/h2>\n<p class=\"whitespace-pre-wrap\"><strong>Propiedades f\u00edsicas del polvo de Ti6Al4V<\/strong><\/p>\n<table>\n<thead>\n<tr>\n<th>Propiedad<\/th>\n<th>Valores<\/th>\n<\/tr>\n<\/thead>\n<tbody>\n<tr>\n<td>Densidad<\/td>\n<td>4,43 g\/cc<\/td>\n<\/tr>\n<tr>\n<td>Punto de Fusi\u00f3n<\/td>\n<td>1604-1660 \u00a1\u00abC<\/td>\n<\/tr>\n<tr>\n<td>Conductividad t\u00e9rmica<\/td>\n<td>6,7 W\/mK<\/td>\n<\/tr>\n<tr>\n<td>Resistividad el\u00e9ctrica<\/td>\n<td>170 \u00c3\u2014\u00b4\u00ce-cm<\/td>\n<\/tr>\n<tr>\n<td>Coeficiente de dilataci\u00f3n t\u00e9rmica<\/td>\n<td>8,4 x 10^-6\/K<\/td>\n<\/tr>\n<tr>\n<td>Temperatura m\u00e1xima de servicio<\/td>\n<td>400\u00a1\u00abC<\/td>\n<\/tr>\n<\/tbody>\n<\/table>\n<ul class=\"list-disc pl-8 space-y-2\">\n<li class=\"whitespace-normal\">Baja densidad en comparaci\u00f3n con los aceros<\/li>\n<li class=\"whitespace-normal\">Su punto de fusi\u00f3n permite su uso a temperaturas moderadamente elevadas<\/li>\n<li class=\"whitespace-normal\">La baja conductividad t\u00e9rmica requiere consideraciones del dise\u00f1o<\/li>\n<li class=\"whitespace-normal\">Alta resistividad el\u00e9ctrica adecuada para sujetadores a prueba de corrosi\u00f3n<\/li>\n<li class=\"whitespace-normal\">CTE m\u00e1s bajo que aceros y aleaciones de n\u00edquel<\/li>\n<\/ul>\n<p class=\"whitespace-pre-wrap\">Estas propiedades hacen que Ti6Al4V sea muy adecuado para numerosas aplicaciones estructurales ligeras en las industrias.<\/p>\n<h2>Propiedades Mec\u00e1nicas del Polvo Ti6Al4V<\/h2>\n<p class=\"whitespace-pre-wrap\"><strong>Propiedades Mec\u00e1nicas del Polvo Ti6Al4V<\/strong><\/p>\n<table>\n<thead>\n<tr>\n<th>Propiedad<\/th>\n<th>Valores<\/th>\n<\/tr>\n<\/thead>\n<tbody>\n<tr>\n<td>Resistencia a la tensi\u00f3n<\/td>\n<td>950 - 1050 MPa<\/td>\n<\/tr>\n<tr>\n<td>Resistencia el\u00e1stica<\/td>\n<td>860 \u2013 950 MPa<\/td>\n<\/tr>\n<tr>\n<td>Elongaci\u00f3n<\/td>\n<td>10 &#8211; 18%<\/td>\n<\/tr>\n<tr>\n<td>Dureza<\/td>\n<td>330 &#8211; 380 HB<\/td>\n<\/tr>\n<tr>\n<td>M\u00f3dulo de elasticidad<\/td>\n<td>110 \u2013 120 GPa<\/td>\n<\/tr>\n<tr>\n<td>Resistencia a la Fatiga<\/td>\n<td>400 \u2013 500 MPa<\/td>\n<\/tr>\n<\/tbody>\n<\/table>\n<ul class=\"list-disc pl-8 space-y-2\">\n<li class=\"whitespace-normal\">Excelente combinaci\u00f3n de alta resistencia y ductilidad razonable<\/li>\n<li class=\"whitespace-normal\">La resistencia excede otros grados de titanio como el titanio comercialmente puro<\/li>\n<li class=\"whitespace-normal\">Dureza superior al titanio sin alear<\/li>\n<li class=\"whitespace-normal\">Su excepcional resistencia a la fatiga lo hace id\u00f3neo para aplicaciones de carga c\u00edclica<\/li>\n<\/ul>\n<p class=\"whitespace-pre-wrap\">Las propiedades hacen que Ti6Al4V sea adecuado para aplicaciones exigentes que requieren una alta resistencia espec\u00edfica y a la fatiga.<\/p>\n<h2>Aplicaciones del polvo Ti6Al4V<\/h2>\n<p class=\"whitespace-pre-wrap\">El polvo de Ti6Al4V se usa ampliamente en todas las industrias:<\/p>\n<p class=\"whitespace-pre-wrap\"><strong>Aplicaciones del polvo Ti6Al4V<\/strong><\/p>\n<table>\n<thead>\n<tr>\n<th>Industria<\/th>\n<th>Usos<\/th>\n<\/tr>\n<\/thead>\n<tbody>\n<tr>\n<td>Aeroespacial<\/td>\n<td>Partes estructurales del fuselaje, componentes del motor<\/td>\n<\/tr>\n<tr>\n<td>Biom\u00e9dica<\/td>\n<td>Implante ortop\u00e9dico y dental<\/td>\n<\/tr>\n<tr>\n<td>Automovil\u00edstico<\/td>\n<td>Bielas, v\u00e1lvulas, muelles<\/td>\n<\/tr>\n<tr>\n<td>Qu\u00edmico<\/td>\n<td>Tanques, recipientes, intercambiadores de calor<\/td>\n<\/tr>\n<tr>\n<td>Consumidor<\/td>\n<td>Art\u00edculos deportivos, cajas de reloj, cuerpos de tel\u00e9fono celular<\/td>\n<\/tr>\n<tr>\n<td>Impresi\u00f3n en 3D<\/td>\n<td>Componentes del sector aeroespacial y m\u00e9dico<\/td>\n<\/tr>\n<\/tbody>\n<\/table>\n<p class=\"whitespace-pre-wrap\">Algunas aplicaciones espec\u00edficas del producto incluyen:<\/p>\n<ul class=\"list-disc pl-8 space-y-2\">\n<li class=\"whitespace-normal\">Placas \u00f3seas, implantes de reemplazo de articulaciones<\/li>\n<li class=\"whitespace-normal\">Componentes estructurales de aeroplanos y helic\u00f3pteros<\/li>\n<li class=\"whitespace-normal\">V\u00e1lvulas y bielas de motores automotrices<\/li>\n<li class=\"whitespace-normal\">Equipos qu\u00edmicos como tuber\u00edas, bombas, v\u00e1lvulas<\/li>\n<li class=\"whitespace-normal\">Art\u00edculos deportivos incluyendo palos de golf y marcos de bicicleta<\/li>\n<li class=\"whitespace-normal\">Fabricaci\u00f3n aditiva de estructuras ligeras<\/li>\n<\/ul>\n<p class=\"whitespace-pre-wrap\">La aleaci\u00f3n Ti6Al4V aporta la mejor relaci\u00f3n resistencia-peso y biocompatibilidad para piezas estructurales esenciales de estos sectores tan exigentes.<\/p>\n<h2>Especificaciones del polvo Ti6Al4V<\/h2>\n<p class=\"whitespace-pre-wrap\">Especificaciones y normas clave para polvo de Ti6Al4V:<\/p>\n<p class=\"whitespace-pre-wrap\"><strong>Est\u00e1ndares de polvo de Ti6Al4V<\/strong><\/p>\n<table>\n<thead>\n<tr>\n<th>Est\u00e1ndar<\/th>\n<th>Descripci\u00f3n<\/th>\n<\/tr>\n<\/thead>\n<tbody>\n<tr>\n<td>ASTM F2924<\/td>\n<td>Manufactura aditiva de aleaci\u00f3n Ti6Al4V.<\/td>\n<\/tr>\n<tr>\n<td>ASTM F3001<\/td>\n<td>Especificaciones para polvo de aleaci\u00f3n de Ti atomizado con gas para FA<\/td>\n<\/tr>\n<tr>\n<td>AMS 4954<\/td>\n<td>L\u00edmites de composici\u00f3n del polvo de Ti-6Al-4V para fabricaci\u00f3n aditiva<\/td>\n<\/tr>\n<tr>\n<td>ASTM B348<\/td>\n<td>Especificaciones para polvos de titanio y aleaciones de titanio<\/td>\n<\/tr>\n<tr>\n<td>ASTM F1472<\/td>\n<td>Aleaci\u00f3n forjada de Ti6Al4V para implantes quir\u00fargicos<\/td>\n<\/tr>\n<\/tbody>\n<\/table>\n<p class=\"whitespace-pre-wrap\">Esto define:<\/p>\n<ul class=\"list-disc pl-8 space-y-2\">\n<li class=\"whitespace-normal\">Intervalos de composici\u00f3n qu\u00edmica<\/li>\n<li class=\"whitespace-normal\">Propiedades mec\u00e1nicas requeridas<\/li>\n<li class=\"whitespace-normal\">M\u00e9todo de producci\u00f3n de polvo &#8211; atomizaci\u00f3n de gas inerte<\/li>\n<li class=\"whitespace-normal\">L\u00edmites de impureza como ox\u00edgeno, nitr\u00f3geno, carbono, hierro<\/li>\n<li class=\"whitespace-normal\">Distribuci\u00f3n del tama\u00f1o de part\u00edcula y morfolog\u00eda<\/li>\n<li class=\"whitespace-normal\">M\u00e9todos de prueba para verificar la calidad del polvo<\/li>\n<\/ul>\n<p class=\"whitespace-pre-wrap\">El polvo certificado Ti6Al4V que cumple con estas especificaciones garantiza propiedades y rendimiento \u00f3ptimos para diferentes aplicaciones en todas las industrias.<\/p>\n<h2>Tama\u00f1os de part\u00edcula de polvo de Ti6Al4V<\/h2>\n<p class=\"whitespace-pre-wrap\"><strong>Distribuci\u00f3n de tama\u00f1o de part\u00edculas del polvo Ti6Al4V<\/strong><\/p>\n<table>\n<thead>\n<tr>\n<th>Tama\u00f1o de part\u00edcula<\/th>\n<th>Caracter\u00edsticas<\/th>\n<\/tr>\n<\/thead>\n<tbody>\n<tr>\n<td>15-45 micrones<\/td>\n<td>Rango de tama\u00f1o de uso general<\/td>\n<\/tr>\n<tr>\n<td>45-100 micras<\/td>\n<td>optimizado para proyecci\u00f3n en fr\u00edo<\/td>\n<\/tr>\n<tr>\n<td>5-25 micras<\/td>\n<td>Tama\u00f1os m\u00e1s finos utilizados en los procesos de fabricaci\u00f3n aditiva por l\u00e1ser<\/td>\n<\/tr>\n<\/tbody>\n<\/table>\n<ul class=\"list-disc pl-8 space-y-2\">\n<li class=\"whitespace-normal\">Un polvo m\u00e1s fino proporciona una mayor resoluci\u00f3n y un acabado superficial<\/li>\n<li class=\"whitespace-normal\">El polvo m\u00e1s grueso se adapta a m\u00e9todos de alta tasa de deposici\u00f3n como la aspersi\u00f3n en fr\u00edo<\/li>\n<li class=\"whitespace-normal\">El rango de tama\u00f1o se adapt\u00f3 en funci\u00f3n del m\u00e9todo de producci\u00f3n utilizado<\/li>\n<li class=\"whitespace-normal\">La morfolog\u00eda esf\u00e9rica se mantiene en todos los rangos de tama\u00f1o<\/li>\n<\/ul>\n<p class=\"whitespace-pre-wrap\">Controlar la distribuci\u00f3n del tama\u00f1o de part\u00edcula y la morfolog\u00eda es fundamental para una alta densidad de empaquetado del polvo, fluidez y propiedades finales de la pieza.<\/p>\n<h2>Densidad aparente del polvo Ti6Al4V<\/h2>\n<p class=\"whitespace-pre-wrap\"><strong>Densidad aparente del polvo Ti6Al4V<\/strong><\/p>\n<table>\n<thead>\n<tr>\n<th>Densidad aparente<\/th>\n<th>Detalles<\/th>\n<\/tr>\n<\/thead>\n<tbody>\n<tr>\n<td>Hasta un 60% de densidad real<\/td>\n<td>Para la morfolog\u00eda del polvo esf\u00e9rico<\/td>\n<\/tr>\n<tr>\n<td>2,6-3,0 g\/cc<\/td>\n<td>Mejora con una mayor densidad de empaque<\/td>\n<\/tr>\n<\/tbody>\n<\/table>\n<ul class=\"list-disc pl-8 space-y-2\">\n<li class=\"whitespace-normal\">Una mayor densidad aparente mejora la fluidez del polvo y la eficacia de llenado del dado<\/li>\n<li class=\"whitespace-normal\">Con polvo esf\u00e9rico optimizado son posibles valores de hasta un 65 %<\/li>\n<li class=\"whitespace-normal\">Alta densidad aparente minimiza tiempo de ciclo de prensado<\/li>\n<\/ul>\n<p class=\"whitespace-pre-wrap\">Maximizar la densidad aparente permite prensar y sinterizar polvo automatizado de forma eficiente a densidad completa.<\/p>\n<h2>M\u00e9todo de producci\u00f3n de polvo de Ti6Al4V<\/h2>\n<p class=\"whitespace-pre-wrap\"><strong>Producci\u00f3n de polvo de Ti6Al4V<\/strong><\/p>\n<table>\n<thead>\n<tr>\n<th>M\u00e9todo<\/th>\n<th>Detalles<\/th>\n<\/tr>\n<\/thead>\n<tbody>\n<tr>\n<td>Atomizaci\u00f3n de gas<\/td>\n<td>El gas inerte a alta presi\u00f3n divide la corriente de aleaci\u00f3n fundida en finas gotitas<\/td>\n<\/tr>\n<tr>\n<td>Fusi\u00f3n en arco en vac\u00edo<\/td>\n<td>Materiales de alta pureza de plomo fundidos y refinados al vac\u00edo<\/td>\n<\/tr>\n<tr>\n<td>Varias refusiones<\/td>\n<td>Mejora la homogeneidad qu\u00edmica<\/td>\n<\/tr>\n<tr>\n<td>Tamizado<\/td>\n<td>Clasifica el polvo en diferentes fracciones de tama\u00f1o de part\u00edcula<\/td>\n<\/tr>\n<\/tbody>\n<\/table>\n<ul class=\"list-disc pl-8 space-y-2\">\n<li class=\"whitespace-normal\">La atomizaci\u00f3n de gas con gas inerte produce polvo esf\u00e9rico limpio<\/li>\n<li class=\"whitespace-normal\">El procesamiento al vac\u00edo minimiza las impurezas gaseosas<\/li>\n<li class=\"whitespace-normal\">M\u00faltiples refundiciones mejoran la uniformidad de la composici\u00f3n<\/li>\n<li class=\"whitespace-normal\">El post-procesamiento permite el control de la distribuci\u00f3n del tama\u00f1o de part\u00edcula<\/li>\n<\/ul>\n<p class=\"whitespace-pre-wrap\">Los m\u00e9todos automatizados combinados con el estricto control de calidad dan como resultado un polvo Ti6Al4V consistente y confiable, adecuado para aplicaciones cr\u00edticas.<\/p>\n<h2>Precios del polvo Ti6Al4V<\/h2>\n<p class=\"whitespace-pre-wrap\"><strong>Precios del polvo Ti6Al4V<\/strong><\/p>\n<table>\n<thead>\n<tr>\n<th>Factor<\/th>\n<th>Impacto sobre el precio<\/th>\n<\/tr>\n<\/thead>\n<tbody>\n<tr>\n<td>Pureza<\/td>\n<td>Aumentos de precio para mayor pureza<\/td>\n<\/tr>\n<tr>\n<td>Tama\u00f1o de part\u00edcula<\/td>\n<td>Polvo ultrafino m\u00e1s caro<\/td>\n<\/tr>\n<tr>\n<td>Cantidad del pedido<\/td>\n<td>El precio se reduce para pedidos masivos<\/td>\n<\/tr>\n<tr>\n<td>M\u00e9todo de producci\u00f3n<\/td>\n<td>El uso de m\u00faltiples fusiones aumenta el costo<\/td>\n<\/tr>\n<tr>\n<td>Empaquetado<\/td>\n<td>Los cilindros llenos de arg\u00f3n cuestan m\u00e1s<\/td>\n<\/tr>\n<tr>\n<td>Plazo de entrega<\/td>\n<td>Los tiempos de entrega m\u00e1s r\u00e1pidos incrementan el precio<\/td>\n<\/tr>\n<\/tbody>\n<\/table>\n<p class=\"whitespace-pre-wrap\"><strong>Precios indicativos<\/strong><\/p>\n<ul class=\"list-disc pl-8 space-y-2\">\n<li class=\"whitespace-normal\">Ti6Al4V para aplicaciones m\u00e9dicas: 150-250 USD por kg<\/li>\n<li class=\"whitespace-normal\">Ti6Al4V para aplicaciones industriales: 100-150 USD por kg<\/li>\n<\/ul>\n<p class=\"whitespace-pre-wrap\">Precios significativamente m\u00e1s bajos aplicables para pedidos por mayoreo en cantidades de toneladas.<\/p>\n<h2>Proveedores de polvo de Ti6Al4V<\/h2>\n<p class=\"whitespace-pre-wrap\"><strong>Proveedores de polvo de Ti6Al4V<\/strong><\/p>\n<table>\n<thead>\n<tr>\n<th>Compa\u00f1\u00eda<\/th>\n<th>Ubicaci\u00f3n<\/th>\n<\/tr>\n<\/thead>\n<tbody>\n<tr>\n<td>AP&amp;C<\/td>\n<td>EE. UU., Canad\u00e1<\/td>\n<\/tr>\n<tr>\n<td>Carpenter Additive<\/td>\n<td>EE. UU.<\/td>\n<\/tr>\n<tr>\n<td><a href=\"https:\/\/met3dp.com\/\" target=\"_blank\" rel=\"noopener\">Met3DP<\/a><\/td>\n<td>China<\/td>\n<\/tr>\n<tr>\n<td>TLS Technik<\/td>\n<td>Alemania<\/td>\n<\/tr>\n<tr>\n<td>Sandvik Osprey<\/td>\n<td>Reino Unido<\/td>\n<\/tr>\n<tr>\n<td>Tekna<\/td>\n<td>Canad\u00e1<\/td>\n<\/tr>\n<\/tbody>\n<\/table>\n<p class=\"whitespace-pre-wrap\">Factores clave de selecci\u00f3n:<\/p>\n<ul class=\"list-disc pl-8 space-y-2\">\n<li class=\"whitespace-normal\">Rango de purezas y tama\u00f1os de part\u00edcula ofrecidos<\/li>\n<li class=\"whitespace-normal\">Calidad del polvo y consistencia de un lote a otro<\/li>\n<li class=\"whitespace-normal\">Capacidad de producci\u00f3n y plazos de entrega<\/li>\n<li class=\"whitespace-normal\">Cumplimiento de normas para el sector m\u00e9dico y aeroespacial<\/li>\n<li class=\"whitespace-normal\">Niveles de precios basados en el volumen de pedidos<\/li>\n<li class=\"whitespace-normal\">Experiencia t\u00e9cnica y atenci\u00f3n al cliente<\/li>\n<\/ul>\n<h2>Manipulaci\u00f3n y almacenamiento del polvo de titanio Ti6Al4V<\/h2>\n<p class=\"whitespace-pre-wrap\"><strong>Manipulaci\u00f3n de polvo Ti6Al4V<\/strong><\/p>\n<table>\n<thead>\n<tr>\n<th>Recomendaci\u00f3n<\/th>\n<th>Motivo<\/th>\n<\/tr>\n<\/thead>\n<tbody>\n<tr>\n<td>Evite inhalar<\/td>\n<td>Debido al riesgo de da\u00f1o al tejido pulmonar por las part\u00edculas finas<\/td>\n<\/tr>\n<tr>\n<td>Usa una mascarilla protectora<\/td>\n<td>Evite la ingesti\u00f3n accidental<\/td>\n<\/tr>\n<tr>\n<td>Manipular en \u00e1reas ventiladas<\/td>\n<td>Reducir la suspensi\u00f3n de part\u00edculas en el aire<\/td>\n<\/tr>\n<tr>\n<td>Cerci\u00f3rese de que no haya fuentes de ignici\u00f3n<\/td>\n<td>El polvo puede combustionar en la atm\u00f3sfera de ox\u00edgeno<\/td>\n<\/tr>\n<tr>\n<td>Seguir protocolos antiest\u00e1ticos<\/td>\n<td>Evite que el fuego provenga de la descarga est\u00e1tica durante la manipulaci\u00f3n<\/td>\n<\/tr>\n<tr>\n<td>Guarde los envases sellados en un lugar fresco y seco<\/td>\n<td>Evitar la retenci\u00f3n de humedad y la reactividad<\/td>\n<\/tr>\n<\/tbody>\n<\/table>\n<p class=\"whitespace-pre-wrap\">Aunque el polvo de Ti6Al4V es relativamente inerte, se deben tomar precauciones durante la manipulaci\u00f3n y el almacenamiento para mantener la pureza.<\/p>\n<h2>Inspecci\u00f3n y prueba de polvo Ti6Al4V<\/h2>\n<p class=\"whitespace-pre-wrap\"><strong>Pruebas de polvo Ti6Al4V<\/strong><\/p>\n<table>\n<thead>\n<tr>\n<th>Prueba<\/th>\n<th>Detalles<\/th>\n<\/tr>\n<\/thead>\n<tbody>\n<tr>\n<td>An\u00e1lisis qu\u00edmico<\/td>\n<td>Se utiliz\u00f3 espectroscopia ICP para verificar la composici\u00f3n<\/td>\n<\/tr>\n<tr>\n<td>Distribuci\u00f3n de granulometr\u00eda<\/td>\n<td>Difracci\u00f3n l\u00e1ser usada para determinar la distribuci\u00f3n de tama\u00f1o<\/td>\n<\/tr>\n<tr>\n<td>Densidad aparente<\/td>\n<td>Medido usando un caudal\u00edmetro Hall seg\u00fan ASTM B212<\/td>\n<\/tr>\n<tr>\n<td>Morfolog\u00eda del polvo<\/td>\n<td>Im\u00e1genes SEM para verificar la esfericidad de las part\u00edculas<\/td>\n<\/tr>\n<tr>\n<td>An\u00e1lisis de caudal<\/td>\n<td>Utilizando embudo de caudal\u00edmetro Hall<\/td>\n<\/tr>\n<tr>\n<td>Ensayo de densidad del compacto<\/td>\n<td>Densidad medida despu\u00e9s de golpear mec\u00e1nicamente la muestra de polvo<\/td>\n<\/tr>\n<\/tbody>\n<\/table>\n<p class=\"whitespace-pre-wrap\">Las pruebas aseguran que el polvo cumple con los requerimientos de composici\u00f3n qu\u00edmica, caracter\u00edsticas f\u00edsicas, morfolog\u00eda, densidad y especificaciones de flujo seg\u00fan los est\u00e1ndares aplicables.<\/p>\n<h2>TI6AL4V PODWER PROS Y CON CONSULTAS<\/h2>\n<p class=\"whitespace-pre-wrap\"><strong>Ventajas del Ti6Al4V en polvo<\/strong><\/p>\n<ul class=\"list-disc pl-8 space-y-2\">\n<li class=\"whitespace-normal\">Excelente relaci\u00f3n entre peso y resistencia<\/li>\n<li class=\"whitespace-normal\">Alta resistencia a la fatiga y tenacidad a la fractura<\/li>\n<li class=\"whitespace-normal\">Resistencia a la corrosi\u00f3n excepcional<\/li>\n<li class=\"whitespace-normal\">Buena ductilidad y conformabilidad<\/li>\n<li class=\"whitespace-normal\">Alta biocompatibilidad para usos m\u00e9dicos<\/li>\n<li class=\"whitespace-normal\">Rentable en comparaci\u00f3n con otras aleaciones de titanio<\/li>\n<\/ul>\n<p class=\"whitespace-pre-wrap\"><strong>Limitaciones del polvo de Ti6Al4V<\/strong><\/p>\n<ul class=\"list-disc pl-8 space-y-2\">\n<li class=\"whitespace-normal\">Resistencia moderada de oxidaci\u00f3n a alta temperatura<\/li>\n<li class=\"whitespace-normal\">Menor resistencia que algunas aleaciones de titanio<\/li>\n<li class=\"whitespace-normal\">La alta reactividad requiere una atm\u00f3sfera inerte<\/li>\n<li class=\"whitespace-normal\">Dif\u00edcil trabajar a m\u00e1quina en estado totalmente sinterizado<\/li>\n<li class=\"whitespace-normal\">Limitaciones en la soldadura de la aleaci\u00f3n<\/li>\n<li class=\"whitespace-normal\">Preocupaciones sobre la toxicidad del elemento vanadio<\/li>\n<\/ul>\n<h2>Comparaci\u00f3n de polvos de Ti64 y titanio grado 2<\/h2>\n<p class=\"whitespace-pre-wrap\"><strong>Ti6Al4V vs. Ti64 y polvo de grado 2<\/strong><\/p>\n<table>\n<thead>\n<tr>\n<th>Par\u00e1metro<\/th>\n<th>Ti6Al4V<\/th>\n<th>Ti64<\/th>\n<th>Nivel Ti 2<\/th>\n<\/tr>\n<\/thead>\n<tbody>\n<tr>\n<td>Aluminio<\/td>\n<td>6%<\/td>\n<td>6%<\/td>\n<td>&#8211;<\/td>\n<\/tr>\n<tr>\n<td>Vanadio<\/td>\n<td>4%<\/td>\n<td>4%<\/td>\n<td>&#8211;<\/td>\n<\/tr>\n<tr>\n<td>Fuerza<\/td>\n<td>950-1050 MPa<\/td>\n<td>950-1050 MPa<\/td>\n<td>420-550 MPA<\/td>\n<\/tr>\n<tr>\n<td>Ductilidad<\/td>\n<td>10-18%<\/td>\n<td>10-18%<\/td>\n<td>15-30%<\/td>\n<\/tr>\n<tr>\n<td>Coste<\/td>\n<td>Moderado<\/td>\n<td>Moderado<\/td>\n<td>Bajo<\/td>\n<\/tr>\n<tr>\n<td>Usos<\/td>\n<td>Aeroespacial, m\u00e9dico<\/td>\n<td>Aerospace, automotriz<\/td>\n<td>Industrial, consumo<\/td>\n<\/tr>\n<\/tbody>\n<\/table>\n<ul class=\"list-disc pl-8 space-y-2\">\n<li class=\"whitespace-normal\">Ti6Al4V y Ti64 tiene propiedades virtualmente id\u00e9nticas<\/li>\n<li class=\"whitespace-normal\">Grado 2 Ti ofrece mejor ductilidad pero menor resistencia<\/li>\n<li class=\"whitespace-normal\">Ti6Al4V se prefiere para piezas estructurales importantes que necesitan una gran resistencia<\/li>\n<\/ul>\n<h2>Preguntas frecuentes sobre el polvo de Ti6Al4V<\/h2>\n<p class=\"whitespace-pre-wrap\"><strong>P: \u00bfCu\u00e1les son las principales aplicaciones del polvo de Ti6Al4V?<\/strong><\/p>\n<p class=\"whitespace-pre-wrap\">R: Entre las principales aplicaciones se incluyen componentes estructurales aeroespaciales, implantes biom\u00e9dicos como pr\u00f3tesis de rodilla y cadera, piezas de automoci\u00f3n como v\u00e1lvulas y bielas, equipos de proceso qu\u00edmico y productos de consumo como equipos deportivos y cajas de reloj.<\/p>\n<p class=\"whitespace-pre-wrap\"><strong>P: \u00bfPor qu\u00e9 la Ti6Al4V es la aleaci\u00f3n de titanio m\u00e1s com\u00fan?<\/strong><\/p>\n<p class=\"whitespace-pre-wrap\">A: La Ti6Al4V ofrece la mejor combinaci\u00f3n integral de gran resistencia, baja densidad, resistencia a la fractura, resistencia a la corrosi\u00f3n, biocompatibilidad, soldabilidad y costo moderado.<\/p>\n<p class=\"whitespace-pre-wrap\"><strong>P: \u00bfQu\u00e9 precauciones se deben tomar al trabajar con polvo Ti6Al4V?<\/strong><\/p>\n<p class=\"whitespace-pre-wrap\">A: Las precauciones que se recomiendan son: usar equipo de protecci\u00f3n, manipular en atm\u00f3sfera inerte, evitar fuentes de ignici\u00f3n, controlar las cargas est\u00e1ticas, usar herramientas que no produzcan chispas y almacenar los contenedores sellados en un lugar fresco y seco.<\/p>\n<p class=\"whitespace-pre-wrap\"><strong>P: \u00bfC\u00f3mo afecta el vanadio a las propiedades de la aleaci\u00f3n Ti6Al4V?<\/strong><\/p>\n<p class=\"whitespace-pre-wrap\">A: El Vanadio act\u00faa como un estabilizador beta que mejora la trabajabilidad. Tambi\u00e9n contribuye a la precipitaci\u00f3n y al endurecimiento que confieren a la aleaci\u00f3n resistencia y resistencia a la fluencia a altas temperaturas.<\/p>\n<p><\/span><\/span><\/p>","protected":false},"excerpt":{"rendered":"<p>Overview of Ti6Al4V Powder Ti6Al4V powder, also referred to as Grade 5 titanium alloy, is one of the most popular titanium alloy powders. It contains 6% aluminum and 4% vanadium as the key alloying elements along with the remainder titanium. Spherical powder ti6al4v offers an exceptional combination of high strength, low weight, corrosion resistance, biocompatibility,&#8230;<\/p>","protected":false},"featured_media":1792,"parent":0,"template":"","meta":{"_acf_changed":false,"_kad_blocks_custom_css":"","_kad_blocks_head_custom_js":"","_kad_blocks_body_custom_js":"","_kad_blocks_footer_custom_js":"","_kad_post_transparent":"","_kad_post_title":"","_kad_post_layout":"","_kad_post_sidebar_id":"","_kad_post_content_style":"","_kad_post_vertical_padding":"","_kad_post_feature":"","_kad_post_feature_position":"","_kad_post_header":false,"_kad_post_footer":false,"_kad_post_classname":""},"product-category":[119,123],"class_list":["post-3925","product","type-product","status-publish","has-post-thumbnail","hentry","product-category-3d-printing-metal-powder","product-category-titanium-based-alloy-powder"],"acf":[],"taxonomy_info":{"product-category":[{"value":119,"label":"3D Printing Metal Powder"},{"value":123,"label":"Titanium Based Alloy Powder"}]},"featured_image_src_large":["https:\/\/3dpmetal.com\/wp-content\/uploads\/2024\/02\/FeCoNiCrMo.jpg",500,432,false],"author_info":[],"comment_info":"","_links":{"self":[{"href":"https:\/\/3dpmetal.com\/es\/wp-json\/wp\/v2\/product\/3925","targetHints":{"allow":["GET"]}}],"collection":[{"href":"https:\/\/3dpmetal.com\/es\/wp-json\/wp\/v2\/product"}],"about":[{"href":"https:\/\/3dpmetal.com\/es\/wp-json\/wp\/v2\/types\/product"}],"wp:featuredmedia":[{"embeddable":true,"href":"https:\/\/3dpmetal.com\/es\/wp-json\/wp\/v2\/media\/1792"}],"wp:attachment":[{"href":"https:\/\/3dpmetal.com\/es\/wp-json\/wp\/v2\/media?parent=3925"}],"wp:term":[{"taxonomy":"product-category","embeddable":true,"href":"https:\/\/3dpmetal.com\/es\/wp-json\/wp\/v2\/product-category?post=3925"}],"curies":[{"name":"wp","href":"https:\/\/api.w.org\/{rel}","templated":true}]}}