{"id":3927,"date":"2024-03-18T06:10:14","date_gmt":"2024-03-18T06:10:14","guid":{"rendered":"https:\/\/3dp.45612300.xyz\/product\/almgsczr-powder\/"},"modified":"2024-03-18T06:10:14","modified_gmt":"2024-03-18T06:10:14","slug":"almgsczr-powder","status":"publish","type":"product","link":"https:\/\/3dpmetal.com\/es\/product\/almgsczr-powder\/","title":{"rendered":"Polvo AlMgScZr"},"content":{"rendered":"<p><span style=\"vertical-align: inherit;\"><span style=\"vertical-align: inherit;\"><\/p>\n<h2>Descripci\u00f3n general del polvo de AlMgScZr<\/h2>\n<p class=\"whitespace-pre-wrap\">El polvo de AlMgScZr es una aleaci\u00f3n de aluminio que contiene magnesio, escandio y circonio como elementos aleantes principales. Presenta una excelente resistencia, soldabilidad y resistencia a la corrosi\u00f3n, mientras mantiene la ventaja de baja densidad del aluminio.<\/p>\n<p class=\"whitespace-pre-wrap\">Las propiedades y ventajas clave del polvo de AlMgScZr incluyen:<\/p>\n<p class=\"whitespace-pre-wrap\"><strong>Propiedades y caracter\u00edsticas del polvo AlMgScZr<\/strong><\/p>\n<table>\n<thead>\n<tr>\n<th>Propiedades<\/th>\n<th>Detalles<\/th>\n<\/tr>\n<\/thead>\n<tbody>\n<tr>\n<td>Composici\u00f3n<\/td>\n<td>Aleaci\u00f3n de Al-Mg-Sc-Zr<\/td>\n<\/tr>\n<tr>\n<td>Densidad<\/td>\n<td>2,7 g\/cm\u00b3<\/td>\n<\/tr>\n<tr>\n<td>Forma de las part\u00edculas<\/td>\n<td>Esf\u00e9rico<\/td>\n<\/tr>\n<tr>\n<td>Rango de tama\u00f1os<\/td>\n<td>10 - 75 micrones<\/td>\n<\/tr>\n<tr>\n<td>Densidad aparente<\/td>\n<td>Hasta un 60% de densidad real<\/td>\n<\/tr>\n<tr>\n<td>Fluidez<\/td>\n<td>Excelente<\/td>\n<\/tr>\n<tr>\n<td>Fuerza<\/td>\n<td>Muy alta para el polvo de aleaci\u00f3n de aluminio<\/td>\n<\/tr>\n<tr>\n<td>Soldabilidad<\/td>\n<td>Excelente<\/td>\n<\/tr>\n<\/tbody>\n<\/table>\n<p class=\"whitespace-pre-wrap\">El polvo de AlMgScZr permite la fabricaci\u00f3n de componentes estructurales y funcionales ligeros en los sectores aeroespacial, automotriz e industrial que requieren alta resistencia espec\u00edfica.<\/p>\n<h2>Composici\u00f3n en polvo de AlMgScZr<\/h2>\n<p class=\"whitespace-pre-wrap\">Composici\u00f3n t\u00edpica del polvo de AlMgScZr :<\/p>\n<p class=\"whitespace-pre-wrap\"><strong>Composici\u00f3n en polvo de AlMgScZr<\/strong><\/p>\n<table>\n<thead>\n<tr>\n<th>Elemento<\/th>\n<th>Porcentaje de peso<\/th>\n<\/tr>\n<\/thead>\n<tbody>\n<tr>\n<td>Aluminio<\/td>\n<td>Equilibrio<\/td>\n<\/tr>\n<tr>\n<td>Magnesio<\/td>\n<td>0.2-1%<\/td>\n<\/tr>\n<tr>\n<td>Escandio<\/td>\n<td>0.2-0.7%<\/td>\n<\/tr>\n<tr>\n<td>Circonio<\/td>\n<td>0.05-0.25%<\/td>\n<\/tr>\n<tr>\n<td>Silicio<\/td>\n<td>0,1 % m\u00e1ximo<\/td>\n<\/tr>\n<tr>\n<td>Hierro<\/td>\n<td>0,1 % m\u00e1ximo<\/td>\n<\/tr>\n<tr>\n<td>Cobre<\/td>\n<td>0,1 % m\u00e1ximo<\/td>\n<\/tr>\n<\/tbody>\n<\/table>\n<ul class=\"list-disc pl-8 space-y-2\">\n<li class=\"whitespace-normal\">El aluminio constituye la matriz que proporciona baja densidad<\/li>\n<li class=\"whitespace-normal\">El magnesio aumenta la resistencia a trav\u00e9s del fortalecimiento por soluci\u00f3n s\u00f3lida<\/li>\n<li class=\"whitespace-normal\">El escandio ofrece un endurecimiento de la precipitaci\u00f3n para la m\u00e1xima fortaleza<\/li>\n<li class=\"whitespace-normal\">El zirconio favorece la estructura de grano fino de recristalizado<\/li>\n<li class=\"whitespace-normal\">Otros elementos presentes solo como impurezas<\/li>\n<\/ul>\n<p class=\"whitespace-pre-wrap\">La composici\u00f3n est\u00e1 optimizada para maximizar la respuesta de endurecimiento por precipitaci\u00f3n y ofrecer una resistencia excepcional.<\/p>\n<p><img loading=\"lazy\" decoding=\"async\" class=\"size-medium wp-image-1409 aligncenter\" src=\"https:\/\/met3dp.com\/wp-content\/uploads\/2023\/09\/ed7a94ec-3c10-4b1b-87ed--300x300.jpg\" alt=\"Polvo AlMgScZr\" width=\"300\" height=\"300\" title=\"\"><\/p>\n<h2>Propiedades f\u00edsicas del polvo de AlMgScZr<\/h2>\n<p class=\"whitespace-pre-wrap\"><strong>Propiedades f\u00edsicas del polvo de AlMgScZr<\/strong><\/p>\n<table>\n<thead>\n<tr>\n<th>Propiedad<\/th>\n<th>Valores<\/th>\n<\/tr>\n<\/thead>\n<tbody>\n<tr>\n<td>Densidad<\/td>\n<td>2,7 g\/cm\u00b3<\/td>\n<\/tr>\n<tr>\n<td>Punto de Fusi\u00f3n<\/td>\n<td>640-655 \u00a1\u00abC<\/td>\n<\/tr>\n<tr>\n<td>Resistividad el\u00e9ctrica<\/td>\n<td>4,5-5,5 cm \u00d7\u00b4\u00ce-<\/td>\n<\/tr>\n<tr>\n<td>Conductividad t\u00e9rmica<\/td>\n<td>150-180 W\/mK<\/td>\n<\/tr>\n<tr>\n<td>Expansi\u00f3n t\u00e9rmica<\/td>\n<td>21-24 x 10^-6 \/K<\/td>\n<\/tr>\n<tr>\n<td>Temperatura m\u00e1xima de servicio<\/td>\n<td>250 \u00a1\"C<\/td>\n<\/tr>\n<\/tbody>\n<\/table>\n<ul class=\"list-disc pl-8 space-y-2\">\n<li class=\"whitespace-normal\">Densidad muy baja en comparaci\u00f3n con los aceros y las aleaciones de titanio<\/li>\n<li class=\"whitespace-normal\">El punto de fusi\u00f3n es medianamente alto para una aleaci\u00f3n de aluminio<\/li>\n<li class=\"whitespace-normal\">Alta conductividad t\u00e9rmica y el\u00e9ctrica<\/li>\n<li class=\"whitespace-normal\">El CTE relativamente alto exige consideraciones de dise\u00f1o<\/li>\n<li class=\"whitespace-normal\">Se pueden utilizar durante per\u00edodos prolongados hasta 250 \"\u00a1\u00abC<\/li>\n<\/ul>\n<p class=\"whitespace-pre-wrap\">Las propiedades hacen que el AlMgScZr sea muy adecuado para aplicaciones estructurales livianas en sectores automotrices, aeroespaciales y otros.<\/p>\n<h2>Propiedades mec\u00e1nicas del polvo AlMgScZr<\/h2>\n<p class=\"whitespace-pre-wrap\"><strong>Propiedades mec\u00e1nicas del polvo AlMgScZr<\/strong><\/p>\n<table>\n<thead>\n<tr>\n<th>Propiedad<\/th>\n<th>Valores<\/th>\n<\/tr>\n<\/thead>\n<tbody>\n<tr>\n<td>Resistencia el\u00e1stica<\/td>\n<td>400-500 MPa<\/td>\n<\/tr>\n<tr>\n<td>Resistencia a la tensi\u00f3n<\/td>\n<td>480-570 MPa<\/td>\n<\/tr>\n<tr>\n<td>Elongaci\u00f3n<\/td>\n<td>7-10%<\/td>\n<\/tr>\n<tr>\n<td>Dureza<\/td>\n<td>115-150 HB<\/td>\n<\/tr>\n<tr>\n<td>Resistencia al cizallamiento<\/td>\n<td>330 MPa<\/td>\n<\/tr>\n<tr>\n<td>Tenacidad a la fractura<\/td>\n<td>29-35 MPa\u00a9|m<\/td>\n<\/tr>\n<\/tbody>\n<\/table>\n<ul class=\"list-disc pl-8 space-y-2\">\n<li class=\"whitespace-normal\">Resistencia muy alta para una aleaci\u00f3n de aluminio<\/li>\n<li class=\"whitespace-normal\">Significativamente m\u00e1s fuertes que otras aleaciones Al no tratables t\u00e9rmicamente<\/li>\n<li class=\"whitespace-normal\">Ductilidad razonable en el punto m\u00e1ximo de envejecimiento<\/li>\n<li class=\"whitespace-normal\">Resistencia a la fractura relativamente alta<\/li>\n<li class=\"whitespace-normal\">La fuerza se puede adaptar mediante tratamiento contra el envejecimiento<\/li>\n<\/ul>\n<p class=\"whitespace-pre-wrap\">Las propiedades hacen de AlMgScZr una opci\u00f3n excepcional para piezas estructurales que requieren una relaci\u00f3n peso-resistencia elevada.<\/p>\n<h2>Aplicaciones del polvo de AlMgScZr<\/h2>\n<p class=\"whitespace-pre-wrap\"><strong>Aplicaciones del polvo de AlMgScZr<\/strong><\/p>\n<table>\n<thead>\n<tr>\n<th>Sector<\/th>\n<th>Usos<\/th>\n<\/tr>\n<\/thead>\n<tbody>\n<tr>\n<td>Aeroespacial<\/td>\n<td>Estructura del avi\u00f3n, alas, recubrimiento del fuselaje<\/td>\n<\/tr>\n<tr>\n<td>Automovil\u00edstico<\/td>\n<td>Chasis, piezas de suspensi\u00f3n<\/td>\n<\/tr>\n<tr>\n<td>Industrial<\/td>\n<td>Brazos rob\u00f3ticos, equipos de elevaci\u00f3n<\/td>\n<\/tr>\n<tr>\n<td>fabricaci\u00f3n aditiva<\/td>\n<td>Componentes de alto rendimiento<\/td>\n<\/tr>\n<\/tbody>\n<\/table>\n<p class=\"whitespace-pre-wrap\">Algunos usos espec\u00edficos del producto:<\/p>\n<ul class=\"list-disc pl-8 space-y-2\">\n<li class=\"whitespace-normal\">Armazones estructurales de aeronaves, mamparos, largueros de alas<\/li>\n<li class=\"whitespace-normal\">Cajas de transmisi\u00f3n de automotores, bloques de motores<\/li>\n<li class=\"whitespace-normal\">Brazos de robot industrial, equipos de elevaci\u00f3n<\/li>\n<li class=\"whitespace-normal\">Fabricaci\u00f3n aditiva de componentes optimizados topol\u00f3gicamente<\/li>\n<li class=\"whitespace-normal\">Cerramientos electr\u00f3nicos que necesitan gesti\u00f3n t\u00e9rmica<\/li>\n<\/ul>\n<p class=\"whitespace-pre-wrap\">AlMgScZr ofrece fuerza m\u00e1xima con penalizaci\u00f3n m\u00ednima de peso en estas aplicaciones tan importantes.<\/p>\n<h2>Especificaciones del polvo AlMgScZr<\/h2>\n<p class=\"whitespace-pre-wrap\">Las especificaciones clave para el polvo de AlMgScZr incluyen:<\/p>\n<p class=\"whitespace-pre-wrap\"><strong>Normas de polvo AlMgScZr<\/strong><\/p>\n<table>\n<thead>\n<tr>\n<th>Est\u00e1ndar<\/th>\n<th>Descripci\u00f3n<\/th>\n<\/tr>\n<\/thead>\n<tbody>\n<tr>\n<td>ASTM B951<\/td>\n<td>Norma para aleaciones de aluminio endurecidas por precipitaci\u00f3n<\/td>\n<\/tr>\n<tr>\n<td>DIN 1718<\/td>\n<td>Designaciones de aluminio y aleaciones de aluminio<\/td>\n<\/tr>\n<tr>\n<td>EN 586-2<\/td>\n<td>Forjados para aplicaciones estructurales de alta resistencia<\/td>\n<\/tr>\n<tr>\n<td>AMS 4413<\/td>\n<td>Composiciones de polvo de aleaci\u00f3n de aluminio para fabricaci\u00f3n aditiva<\/td>\n<\/tr>\n<\/tbody>\n<\/table>\n<p class=\"whitespace-pre-wrap\">Esto define:<\/p>\n<ul class=\"list-disc pl-8 space-y-2\">\n<li class=\"whitespace-normal\">L\u00edmites de composici\u00f3n qu\u00edmica de AlMgScZr<\/li>\n<li class=\"whitespace-normal\">Propiedades mec\u00e1nicas requeridas en estado de envejecimiento m\u00e1ximo<\/li>\n<li class=\"whitespace-normal\">M\u00e9todo de producci\u00f3n de polvo aprobado &#8211; atomizaci\u00f3n de gas inerte<\/li>\n<li class=\"whitespace-normal\">L\u00edmites de impurezas para elementos c\u00f3mo Fe<\/li>\n<li class=\"whitespace-normal\">Protocolos de pruebas de calidad<\/li>\n<li class=\"whitespace-normal\">Manejo y almacenamiento apropiado<\/li>\n<\/ul>\n<p class=\"whitespace-pre-wrap\">El cumplimiento de los requisitos de certificaci\u00f3n asegura un rendimiento \u00f3ptimo de la aleaci\u00f3n.<\/p>\n<h2>Tama\u00f1os de las part\u00edculas en polvo de AlMgScZr<\/h2>\n<p class=\"whitespace-pre-wrap\"><strong>Distribuci\u00f3n del tama\u00f1o de part\u00edculas del polvo de AlMgScZr<\/strong><\/p>\n<table>\n<thead>\n<tr>\n<th>Tama\u00f1o de part\u00edcula<\/th>\n<th>Caracter\u00edsticas<\/th>\n<\/tr>\n<\/thead>\n<tbody>\n<tr>\n<td>10-25 micrones<\/td>\n<td>Polvo ultrafino utilizado en procesos de fabricaci\u00f3n aditiva por l\u00e1ser<\/td>\n<\/tr>\n<tr>\n<td>25-45 micrones<\/td>\n<td>Rango de tama\u00f1o com\u00fan para las camas l\u00e1ser y la inyecci\u00f3n de aglutinante<\/td>\n<\/tr>\n<tr>\n<td>45-75 micrones<\/td>\n<td>Tama\u00f1os m\u00e1s grandes utilizados en la pulverizaci\u00f3n en fr\u00edo<\/td>\n<\/tr>\n<\/tbody>\n<\/table>\n<ul class=\"list-disc pl-8 space-y-2\">\n<li class=\"whitespace-normal\">Un polvo m\u00e1s fino proporciona una mayor resoluci\u00f3n y un acabado superficial<\/li>\n<li class=\"whitespace-normal\">Polvo m\u00e1s grueso adecuado para procesos de alta tasa de deposici\u00f3n<\/li>\n<li class=\"whitespace-normal\">Intervalo de tama\u00f1o personalizado seg\u00fan el m\u00e9todo de producci\u00f3n AM utilizado<\/li>\n<li class=\"whitespace-normal\">Morfolog\u00eda esf\u00e9rica mantenida en todos los tama\u00f1os<\/li>\n<\/ul>\n<p class=\"whitespace-pre-wrap\">El control de la distribuci\u00f3n de tama\u00f1o de part\u00edcula y la forma es fundamental para el procesamiento AM, la densidad de empaque y las propiedades de la pieza final.<\/p>\n<h2>Densidad aparente de polvo de AlMgScZr<\/h2>\n<p class=\"whitespace-pre-wrap\"><strong>Densidad aparente de polvo de AlMgScZr<\/strong><\/p>\n<table>\n<thead>\n<tr>\n<th>Densidad aparente<\/th>\n<th>Detalles<\/th>\n<\/tr>\n<\/thead>\n<tbody>\n<tr>\n<td>Hasta un 60% de densidad real<\/td>\n<td>Para forma de polvo esf\u00e9rica<\/td>\n<\/tr>\n<tr>\n<td>1.5-1.7 g\/cc<\/td>\n<td>Mejora con una mayor densidad de empaque<\/td>\n<\/tr>\n<\/tbody>\n<\/table>\n<ul class=\"list-disc pl-8 space-y-2\">\n<li class=\"whitespace-normal\">La morfolog\u00eda esf\u00e9rica ofrece una alta densidad aparente<\/li>\n<li class=\"whitespace-normal\">La densidad m\u00e1s alta mejora el flujo de polvo y el relleno del lecho en FA<\/li>\n<li class=\"whitespace-normal\">Reduce la porosidad del gas de arrastre en la pieza final<\/li>\n<li class=\"whitespace-normal\">Maximizar la densidad reduce al m\u00ednimo el tiempo del ciclo de prensa<\/li>\n<\/ul>\n<p class=\"whitespace-pre-wrap\">Una mayor densidad aparente da lugar a una mejor productividad de manufactura y rendimiento de piezas.<\/p>\n<h2>M\u00e9todo de producci\u00f3n de polvo de AlMgScZr<\/h2>\n<p class=\"whitespace-pre-wrap\"><strong>Producci\u00f3n de polvo de AlMgScZr<\/strong><\/p>\n<table>\n<thead>\n<tr>\n<th>M\u00e9todo<\/th>\n<th>Detalles<\/th>\n<\/tr>\n<\/thead>\n<tbody>\n<tr>\n<td>Atomizaci\u00f3n de gas<\/td>\n<td>Los gases inertes de alta presi\u00f3n descomponen el chorro de metal fundido en gotas finas<\/td>\n<\/tr>\n<tr>\n<td>Fundici\u00f3n por inducci\u00f3n al vac\u00edo<\/td>\n<td>Materiales de entrada de alta pureza derretidos al vac\u00edo<\/td>\n<\/tr>\n<tr>\n<td>Fusi\u00f3n m\u00faltiple<\/td>\n<td>Mejora la homogeneidad qu\u00edmica<\/td>\n<\/tr>\n<tr>\n<td>Tamizado<\/td>\n<td>Clasifica el polvo en diferentes fracciones de tama\u00f1o de part\u00edcula<\/td>\n<\/tr>\n<\/tbody>\n<\/table>\n<ul class=\"list-disc pl-8 space-y-2\">\n<li class=\"whitespace-normal\">La atomizaci\u00f3n de gas con gas inerte produce polvo esf\u00e9rico limpio<\/li>\n<li class=\"whitespace-normal\">El procesamiento al vac\u00edo minimiza las impurezas gaseosas<\/li>\n<li class=\"whitespace-normal\">M\u00faltiples refundiciones mejoran la uniformidad de la composici\u00f3n<\/li>\n<li class=\"whitespace-normal\">El posprocesamiento ofrece control de la distribuci\u00f3n del tama\u00f1o de las part\u00edculas<\/li>\n<\/ul>\n<p class=\"whitespace-pre-wrap\">Los m\u00e9todos totalmente automatizados combinados con un estricto control de calidad dan como resultado un polvo AlMgScZr consistente y apto para aplicaciones cr\u00edticas.<\/p>\n<h2>Fijaci\u00f3n de precios del polvo AlMgScZr<\/h2>\n<p class=\"whitespace-pre-wrap\"><strong>Fijaci\u00f3n de precios del polvo AlMgScZr<\/strong><\/p>\n<table>\n<thead>\n<tr>\n<th>Factor<\/th>\n<th>Impacto sobre el precio<\/th>\n<\/tr>\n<\/thead>\n<tbody>\n<tr>\n<td>Pureza<\/td>\n<td>Aumentos de precio para mayor pureza<\/td>\n<\/tr>\n<tr>\n<td>Tama\u00f1o de part\u00edcula<\/td>\n<td>Polvo ultrafino m\u00e1s caro<\/td>\n<\/tr>\n<tr>\n<td>Cantidad del pedido<\/td>\n<td>El precio se reduce para pedidos masivos<\/td>\n<\/tr>\n<tr>\n<td>M\u00e9todo de producci\u00f3n<\/td>\n<td>El uso de m\u00faltiples fusiones aumenta el costo<\/td>\n<\/tr>\n<tr>\n<td>Empaquetado<\/td>\n<td>Los cilindros llenos de arg\u00f3n cuestan m\u00e1s<\/td>\n<\/tr>\n<\/tbody>\n<\/table>\n<p class=\"whitespace-pre-wrap\"><strong>Precios indicativos<\/strong><\/p>\n<ul class=\"list-disc pl-8 space-y-2\">\n<li class=\"whitespace-normal\">Polvo de AlMgScZr: \\$80-120 por kg<\/li>\n<li class=\"whitespace-normal\">Los precios por volumenes grandes pueden ser de hasta un 40% m\u00e1s bajos<\/li>\n<\/ul>\n<p class=\"whitespace-pre-wrap\">El precio depende de la pureza, el tama\u00f1o de la part\u00edcula, el volumen del pedido, el m\u00e9todo de producci\u00f3n y el empaque.<\/p>\n<h2>Proveedores de polvo de AlMgScZr<\/h2>\n<p class=\"whitespace-pre-wrap\"><strong>Proveedores de polvo de AlMgScZr<\/strong><\/p>\n<table>\n<thead>\n<tr>\n<th>Compa\u00f1\u00eda<\/th>\n<th>Ubicaci\u00f3n<\/th>\n<\/tr>\n<\/thead>\n<tbody>\n<tr>\n<td>Rio Tinto<\/td>\n<td>Canad\u00e1<\/td>\n<\/tr>\n<tr>\n<td>TLS Technik<\/td>\n<td>Alemania<\/td>\n<\/tr>\n<tr>\n<td>Sandvik Osprey<\/td>\n<td>Reino Unido<\/td>\n<\/tr>\n<tr>\n<td>Praxair<\/td>\n<td>EE. UU.<\/td>\n<\/tr>\n<tr>\n<td>Polvos AMC<\/td>\n<td>Reino Unido<\/td>\n<\/tr>\n<tr>\n<td>Universidad T\u00e9cnica de Riga<\/td>\n<td>Letonia<\/td>\n<\/tr>\n<\/tbody>\n<\/table>\n<p class=\"whitespace-pre-wrap\">Factores de selecci\u00f3n para proveedores:<\/p>\n<ul class=\"list-disc pl-8 space-y-2\">\n<li class=\"whitespace-normal\">Tama\u00f1os de part\u00edculas y grados de polvo ofrecidos<\/li>\n<li class=\"whitespace-normal\">Capacidad de producci\u00f3n y plazos de entrega<\/li>\n<li class=\"whitespace-normal\">Control de calidad y consistencia<\/li>\n<li class=\"whitespace-normal\">Cumplimiento de especificaciones como ASTM B951<\/li>\n<li class=\"whitespace-normal\">Niveles de precios basados en el volumen de pedidos<\/li>\n<li class=\"whitespace-normal\">Experiencia t\u00e9cnica y atenci\u00f3n al cliente<\/li>\n<\/ul>\n<h2>Almacenamiento y transporte del polvo de AlMgScZr<\/h2>\n<p class=\"whitespace-pre-wrap\"><strong>Manipulaci\u00f3n de polvo de AlMgScZr<\/strong><\/p>\n<table>\n<thead>\n<tr>\n<th>Recomendaci\u00f3n<\/th>\n<th>Motivo<\/th>\n<\/tr>\n<\/thead>\n<tbody>\n<tr>\n<td>Aseg\u00farese de que haya ventilaci\u00f3n adecuada<\/td>\n<td>Evitar la exposici\u00f3n a part\u00edculas met\u00e1licas finas<\/td>\n<\/tr>\n<tr>\n<td>Utilice el EPP apropiado<\/td>\n<td>Evitar la ingesti\u00f3n o inhalaci\u00f3n accidental<\/td>\n<\/tr>\n<tr>\n<td>Evite las fuentes de ignici\u00f3n<\/td>\n<td>El polvo puede combustionar en la atm\u00f3sfera de ox\u00edgeno<\/td>\n<\/tr>\n<tr>\n<td>Sigue protocolos seguros<\/td>\n<td>Reducir los riesgos de incendios y para la salud<\/td>\n<\/tr>\n<tr>\n<td>Guardar recipientes sellados<\/td>\n<td>Evitar contaminaci\u00f3n u oxidaci\u00f3n<\/td>\n<\/tr>\n<\/tbody>\n<\/table>\n<p class=\"whitespace-pre-wrap\">El polvo de Aleaci\u00f3n de Magnesio, Escandio, Circonio es relativamente estable, pero aun as\u00ed se recomiendan precauciones generales para manipularlo de manera segura y mantener su pureza.<\/p>\n<h2>Inspecci\u00f3n y pruebas de polvo de AlMgScZr<\/h2>\n<p class=\"whitespace-pre-wrap\"><strong>Prueba de polvo AlMgScZr<\/strong><\/p>\n<table>\n<thead>\n<tr>\n<th>Prueba<\/th>\n<th>Detalles<\/th>\n<\/tr>\n<\/thead>\n<tbody>\n<tr>\n<td>An\u00e1lisis qu\u00edmico<\/td>\n<td>Verifica la composici\u00f3n mediante espectroscopia OES o XRF<\/td>\n<\/tr>\n<tr>\n<td>Distribuci\u00f3n de granulometr\u00eda<\/td>\n<td>An\u00e1lisis por difracci\u00f3n de l\u00e1ser<\/td>\n<\/tr>\n<tr>\n<td>Densidad aparente<\/td>\n<td>Prueba de caudal\u00edmetro Hall seg\u00fan la norma ASTM B212<\/td>\n<\/tr>\n<tr>\n<td>Morfolog\u00eda del polvo<\/td>\n<td>Im\u00e1genes SEM de la forma de las part\u00edculas<\/td>\n<\/tr>\n<tr>\n<td>An\u00e1lisis de caudal<\/td>\n<td>Flujo de gravedad a trav\u00e9s de boquilla especificada<\/td>\n<\/tr>\n<tr>\n<td>Medici\u00f3n de la humedad<\/td>\n<td>Prueba de p\u00e9rdida por desecaci\u00f3n<\/td>\n<\/tr>\n<\/tbody>\n<\/table>\n<p class=\"whitespace-pre-wrap\">Las pruebas garantizan que el polvo cumple con los requisitos de pureza qu\u00edmica, caracter\u00edsticas de part\u00edculas, densidad aparente, morfolog\u00eda y especificaciones de flujo seg\u00fan las normas aplicables.<\/p>\n<h2>Ventajas y desventajas del polvo AlMgScZr<\/h2>\n<p class=\"whitespace-pre-wrap\"><strong>Ventajas del polvo de AlMgScZr<\/strong><\/p>\n<ul class=\"list-disc pl-8 space-y-2\">\n<li class=\"whitespace-normal\">Resistencia muy alta para una aleaci\u00f3n de aluminio<\/li>\n<li class=\"whitespace-normal\">Conserva la resistencia hasta 250\u00a1\u00abC<\/li>\n<li class=\"whitespace-normal\">Excelente resistencia a la corrosi\u00f3n<\/li>\n<li class=\"whitespace-normal\">Alta tenacidad a la fractura y resistencia a la fatiga<\/li>\n<li class=\"whitespace-normal\">Buena soldabilidad mediante t\u00e9cnicas convencionales<\/li>\n<li class=\"whitespace-normal\">Baja densidad proporciona ahorro de peso<\/li>\n<\/ul>\n<p class=\"whitespace-pre-wrap\"><strong>Limitaciones del polvo de AlMgScZr<\/strong><\/p>\n<ul class=\"list-disc pl-8 space-y-2\">\n<li class=\"whitespace-normal\">Relativamente caro comparado con otros grados de aluminio<\/li>\n<li class=\"whitespace-normal\">Requiere de un tratamiento t\u00e9rmico controlado para obtener unas propiedades \u00f3ptimas<\/li>\n<li class=\"whitespace-normal\">Resistencia limitada a la fluencia a altas temperaturas<\/li>\n<li class=\"whitespace-normal\">Conformabilidad en caliente restringida en condiciones de envejecimiento m\u00e1ximo<\/li>\n<li class=\"whitespace-normal\">Susceptible a la corrosi\u00f3n galv\u00e1nica si no est\u00e1 protegido debidamente<\/li>\n<\/ul>\n<h2>Comparaci\u00f3n con el polvo de aleaci\u00f3n de aluminio 6061<\/h2>\n<p class=\"whitespace-pre-wrap\"><strong>Polvo met\u00e1lico de AlMgScZr contra aleaci\u00f3n Al 6061<\/strong><\/p>\n<table>\n<thead>\n<tr>\n<th>Par\u00e1metro<\/th>\n<th>AlMgScZr<\/th>\n<th>6061 Al<\/th>\n<\/tr>\n<\/thead>\n<tbody>\n<tr>\n<td>Densidad<\/td>\n<td>2,7 g\/cm\u00b3<\/td>\n<td>2,7 g\/cm\u00b3<\/td>\n<\/tr>\n<tr>\n<td>Resistencia a la tensi\u00f3n<\/td>\n<td>480-570 MPa<\/td>\n<td>250 a 310 MPa<\/td>\n<\/tr>\n<tr>\n<td>Resistencia el\u00e1stica<\/td>\n<td>400-500 MPa<\/td>\n<td>55-275 MPa<\/td>\n<\/tr>\n<tr>\n<td>Soldabilidad<\/td>\n<td>Excelente<\/td>\n<td>Bien<\/td>\n<\/tr>\n<tr>\n<td>Resistencia a la corrosi\u00f3n<\/td>\n<td>Excelente<\/td>\n<td>Bien<\/td>\n<\/tr>\n<tr>\n<td>Coste<\/td>\n<td>Alto<\/td>\n<td>Bajo<\/td>\n<\/tr>\n<tr>\n<td>Usos<\/td>\n<td>Aerospace, automotriz<\/td>\n<td>Aplicaciones generales<\/td>\n<\/tr>\n<\/tbody>\n<\/table>\n<ul class=\"list-disc pl-8 space-y-2\">\n<li class=\"whitespace-normal\">AlMgScZr ofrece una resistencia y resistencia a la corrosi\u00f3n mucho mayores<\/li>\n<li class=\"whitespace-normal\">La 6061 Al ofrece una resistencia moderada a bajo coste<\/li>\n<li class=\"whitespace-normal\">AlMgScZr preferido para componentes estructurales cr\u00edticos<\/li>\n<li class=\"whitespace-normal\">6061 Al ampliamente utilizado para aplicaciones generales<\/li>\n<\/ul>\n<h2>Preguntas frecuentes sobre el polvo de AlMgScZr<\/h2>\n<p class=\"whitespace-pre-wrap\"><strong>P: \u00bfCu\u00e1les son las principales aplicaciones del polvo de AlMgScZr?<\/strong><\/p>\n<p class=\"whitespace-pre-wrap\">R: Algunas aplicaciones clave son componentes aeroespaciales como fuselajes y alas, piezas automotrices como chasis y ruedas, brazos robotizados industriales y equipos de elevaci\u00f3n, y manufactura aditiva de componentes de topolog\u00eda optimizada de alto desempe\u00f1o.<\/p>\n<p class=\"whitespace-pre-wrap\"><strong>P: \u00bfC\u00f3mo refuerza el escandio la aleaci\u00f3n AlMgScZZr?<\/strong><\/p>\n<p class=\"whitespace-pre-wrap\">A: Escandio permite el endurecimiento por precipitaci\u00f3n al formar precipitados de Al3Sc a nanoescala durante el tratamiento de envejecimiento. Esto impide el movimiento de dislocaciones aumentando sustancialmente la resistencia.<\/p>\n<p class=\"whitespace-pre-wrap\"><strong>P: \u00bfQu\u00e9 precauciones deben tomarse cuando se trabaja con polvo de AlMgScZr?<\/strong><\/p>\n<p class=\"whitespace-pre-wrap\">A: Entre las precauciones recomendadas, se incluyen la ventilaci\u00f3n adecuada, evitar fuentes de ignici\u00f3n, utilizar EPP adecuado, seguir protocolos de manejo seguro, ambiente inerte y almacenar los recipientes sellados lejos de la humedad o de contaminantes.<\/p>\n<p class=\"whitespace-pre-wrap\"><strong>P: \u00bfEn qu\u00e9 se diferencia el polvo de aleaci\u00f3n AlMgScZr del polvo de aleaci\u00f3n AlZnMgCu?<\/strong><\/p>\n<p class=\"whitespace-pre-wrap\">R: AlMgScZr ofrece una mayor resistencia, soldabilidad y resistencia a la corrosi\u00f3n que las aleaciones Al de serie 7000 como AlZnMgCu. Se prefiere para piezas estructurales cr\u00edticas, mientras que AlZnMgCu es m\u00e1s econ\u00f3mico.<\/p>\n<p><\/span><\/span><\/p>","protected":false},"excerpt":{"rendered":"<p>Descripci\u00f3n general del polvo AlMgScZr El polvo AlMgScZr es una aleaci\u00f3n de aluminio que contiene magnesio, escandio y circonio como principales elementos de aleaci\u00f3n. Presenta una excelente resistencia, soldabilidad y resistencia a la corrosi\u00f3n, al tiempo que mantiene la ventaja de la baja densidad del aluminio. Entre las principales propiedades y ventajas del polvo de AlMgScZr se incluyen: Propiedades y caracter\u00edsticas del polvo AlMgScZr Propiedades Detalles Composici\u00f3n Aleaci\u00f3n Al-Mg-Sc-Zr Densidad...<\/p>","protected":false},"featured_media":1852,"parent":0,"template":"","meta":{"_acf_changed":false,"_kad_blocks_custom_css":"","_kad_blocks_head_custom_js":"","_kad_blocks_body_custom_js":"","_kad_blocks_footer_custom_js":"","_kad_post_transparent":"","_kad_post_title":"","_kad_post_layout":"","_kad_post_sidebar_id":"","_kad_post_content_style":"","_kad_post_vertical_padding":"","_kad_post_feature":"","_kad_post_feature_position":"","_kad_post_header":false,"_kad_post_footer":false,"_kad_post_classname":""},"product-category":[119,124],"class_list":["post-3927","product","type-product","status-publish","has-post-thumbnail","hentry","product-category-3d-printing-metal-powder","product-category-aluminum-based-alloy-powder"],"acf":[],"taxonomy_info":{"product-category":[{"value":119,"label":"3D Printing Metal Powder"},{"value":124,"label":"Aluminum Based Alloy Powder"}]},"featured_image_src_large":["https:\/\/3dpmetal.com\/wp-content\/uploads\/2024\/02\/AlMgScZr-Powder.jpg",600,600,false],"author_info":[],"comment_info":"","_links":{"self":[{"href":"https:\/\/3dpmetal.com\/es\/wp-json\/wp\/v2\/product\/3927","targetHints":{"allow":["GET"]}}],"collection":[{"href":"https:\/\/3dpmetal.com\/es\/wp-json\/wp\/v2\/product"}],"about":[{"href":"https:\/\/3dpmetal.com\/es\/wp-json\/wp\/v2\/types\/product"}],"wp:featuredmedia":[{"embeddable":true,"href":"https:\/\/3dpmetal.com\/es\/wp-json\/wp\/v2\/media\/1852"}],"wp:attachment":[{"href":"https:\/\/3dpmetal.com\/es\/wp-json\/wp\/v2\/media?parent=3927"}],"wp:term":[{"taxonomy":"product-category","embeddable":true,"href":"https:\/\/3dpmetal.com\/es\/wp-json\/wp\/v2\/product-category?post=3927"}],"curies":[{"name":"wp","href":"https:\/\/api.w.org\/{rel}","templated":true}]}}