{"id":3929,"date":"2024-03-18T06:10:14","date_gmt":"2024-03-18T06:10:14","guid":{"rendered":"https:\/\/3dp.45612300.xyz\/product\/gh-3625-powder\/"},"modified":"2024-03-18T06:10:14","modified_gmt":"2024-03-18T06:10:14","slug":"gh-3625-powder","status":"publish","type":"product","link":"https:\/\/3dpmetal.com\/es\/product\/gh-3625-powder\/","title":{"rendered":"Polvo de GH 3625"},"content":{"rendered":"<p><span style=\"vertical-align: inherit;\"><span style=\"vertical-align: inherit;\"><\/p>\n<h2>Informaci\u00f3n general sobre el polvo de GH3625<\/h2>\n<p class=\"whitespace-pre-wrap\">El polvo GH 3625 es una aleaci\u00f3n base n\u00edquel-hierro endurecible por envejecimiento que contiene 25% de cromo junto con adiciones de molibdeno y aluminio. Proporciona una combinaci\u00f3n excepcional de alta resistencia, dureza, resistencia a la corrosi\u00f3n y resistencia a la oxidaci\u00f3n a altas temperaturas.<\/p>\n<p class=\"whitespace-pre-wrap\">Las propiedades clave y las ventajas del polvo GH3625 son las siguientes:<\/p>\n<p class=\"whitespace-pre-wrap\"><strong>Propiedades y caracter\u00edsticas en polvo de GH3625<\/strong><\/p>\n<table>\n<thead>\n<tr>\n<th>Propiedades<\/th>\n<th>Detalles<\/th>\n<\/tr>\n<\/thead>\n<tbody>\n<tr>\n<td>Composici\u00f3n<\/td>\n<td>Aleaci\u00f3n Ni-25Cr-4.5Mo-3.5Al<\/td>\n<\/tr>\n<tr>\n<td>Densidad<\/td>\n<td>8,2 g\/cm\u00b3<\/td>\n<\/tr>\n<tr>\n<td>Forma de las part\u00edculas<\/td>\n<td>De forma predominantemente esf\u00e9rica<\/td>\n<\/tr>\n<tr>\n<td>Rango de tama\u00f1os<\/td>\n<td>15-45 micrones<\/td>\n<\/tr>\n<tr>\n<td>Densidad aparente<\/td>\n<td>Hasta un 60% de densidad real<\/td>\n<\/tr>\n<tr>\n<td>Fluidez<\/td>\n<td>Bien<\/td>\n<\/tr>\n<tr>\n<td>Fuerza<\/td>\n<td>Muy alto tras tratamiento de envejecimiento<\/td>\n<\/tr>\n<tr>\n<td>Resistencia a la corrosi\u00f3n<\/td>\n<td>Excelente incluida corrosi\u00f3n por picadura y fisuras<\/td>\n<\/tr>\n<\/tbody>\n<\/table>\n<p class=\"whitespace-pre-wrap\">La GH3625 es muy utilizada en los sectores aeroespacial, petrolero y de gas, procesamiento qu\u00edmico y generaci\u00f3n el\u00e9ctrica que necesitan una alta resistencia y resistencia a la corrosi\u00f3n a temperaturas elevadas.<\/p>\n<h2>Composici\u00f3n en polvo GH3625<\/h2>\n<p class=\"whitespace-pre-wrap\">Composici\u00f3n t\u00edpica de polvo de aleaci\u00f3n de n\u00edquel-cromo GH3625:<\/p>\n<p class=\"whitespace-pre-wrap\"><strong>Composici\u00f3n en polvo GH3625<\/strong><\/p>\n<table>\n<thead>\n<tr>\n<th>Elemento<\/th>\n<th>Porcentaje de peso<\/th>\n<\/tr>\n<\/thead>\n<tbody>\n<tr>\n<td>N\u00edquel<\/td>\n<td>Equilibrio<\/td>\n<\/tr>\n<tr>\n<td>Cromo<\/td>\n<td>24-27%<\/td>\n<\/tr>\n<tr>\n<td>Molibdeno<\/td>\n<td>4-5%<\/td>\n<\/tr>\n<tr>\n<td>Aluminio<\/td>\n<td>3-4%<\/td>\n<\/tr>\n<tr>\n<td>Carbono<\/td>\n<td>0,1 % m\u00e1ximo<\/td>\n<\/tr>\n<tr>\n<td>Manganeso<\/td>\n<td>1 % m\u00e1ximo<\/td>\n<\/tr>\n<tr>\n<td>Silicio<\/td>\n<td>0,5% m\u00e1x<\/td>\n<\/tr>\n<tr>\n<td>Azufre<\/td>\n<td>M\u00e1x. 0,015 %<\/td>\n<\/tr>\n<\/tbody>\n<\/table>\n<ul class=\"list-disc pl-8 space-y-2\">\n<li class=\"whitespace-normal\">El n\u00edquel proporciona resistencia a la corrosi\u00f3n y facilita el endurecimiento por precipitaci\u00f3n<\/li>\n<li class=\"whitespace-normal\">Chromium mejora notablemente la resistencia a la oxidaci\u00f3n y la corrosi\u00f3n<\/li>\n<li class=\"whitespace-normal\">El molibdeno y el aluminio facilitan el fortalecimiento de la precipitaci\u00f3n<\/li>\n<li class=\"whitespace-normal\">El carbono y otros elementos limitados como impurezas<\/li>\n<\/ul>\n<p class=\"whitespace-pre-wrap\">La composici\u00f3n ha sido optimizada para proporcionar un fortalecimiento m\u00e1ximo por endurecimiento por precipitaci\u00f3n y tambi\u00e9n una resistencia excelente contra la corrosi\u00f3n y la oxidaci\u00f3n.<\/p>\n<p><img loading=\"lazy\" decoding=\"async\" class=\"size-medium wp-image-1409 aligncenter\" src=\"https:\/\/met3dp.com\/wp-content\/uploads\/2023\/09\/ed7a94ec-3c10-4b1b-87ed--300x300.jpg\" alt=\"GH 3625 polvo\" width=\"300\" height=\"300\" title=\"\"><\/p>\n<h2>Propiedades f\u00edsicas en polvo GH3625<\/h2>\n<p class=\"whitespace-pre-wrap\"><strong>Propiedades f\u00edsicas en polvo GH3625<\/strong><\/p>\n<table>\n<thead>\n<tr>\n<th>Propiedad<\/th>\n<th>Valores<\/th>\n<\/tr>\n<\/thead>\n<tbody>\n<tr>\n<td>Densidad<\/td>\n<td>8,2 g\/cm\u00b3<\/td>\n<\/tr>\n<tr>\n<td>Punto de Fusi\u00f3n<\/td>\n<td>1390-1440\u00a1\u00abC<\/td>\n<\/tr>\n<tr>\n<td>Conductividad t\u00e9rmica<\/td>\n<td>11 W\/mK<\/td>\n<\/tr>\n<tr>\n<td>Resistividad el\u00e9ctrica<\/td>\n<td>52 cm\u00c3\u2014\u00c2\u00b2<\/td>\n<\/tr>\n<tr>\n<td>Coeficiente de dilataci\u00f3n t\u00e9rmica<\/td>\n<td>13,0x10^-6 \/K<\/td>\n<\/tr>\n<\/tbody>\n<\/table>\n<ul class=\"list-disc pl-8 space-y-2\">\n<li class=\"whitespace-normal\">Alta densidad en comparaci\u00f3n con las aleaciones de titanio y aceros<\/li>\n<li class=\"whitespace-normal\">Conserva una alta resistencia a temperaturas que exceden los 1000\u00b0C<\/li>\n<li class=\"whitespace-normal\">La conductividad t\u00e9rmica relativamente baja requiere consideraciones de dise\u00f1o<\/li>\n<li class=\"whitespace-normal\">El CTE es moderado y similar al de los aceros inoxidables<\/li>\n<\/ul>\n<p class=\"whitespace-pre-wrap\">Estas propiedades hacen que la GH3625 sea adecuada para aplicaciones de alta resistencia a altas temperaturas que necesitan resistencia a la corrosi\u00f3n.<\/p>\n<h2>Propiedades mec\u00e1nicas de polvo de GH3625<\/h2>\n<p class=\"whitespace-pre-wrap\"><strong>Propiedades mec\u00e1nicas de polvo de GH3625<\/strong><\/p>\n<table>\n<thead>\n<tr>\n<th>Propiedad<\/th>\n<th>Condici\u00f3n<\/th>\n<th>Valores<\/th>\n<\/tr>\n<\/thead>\n<tbody>\n<tr>\n<td>Dureza<\/td>\n<td>Soluci\u00f3n recocida<\/td>\n<td>35 HRC<\/td>\n<\/tr>\n<tr>\n<td>Dureza<\/td>\n<td>Cima envejecida<\/td>\n<td>50-56 HRC<\/td>\n<\/tr>\n<tr>\n<td>Resistencia a la tensi\u00f3n<\/td>\n<td>Revenido<\/td>\n<td>1000 MPa<\/td>\n<\/tr>\n<tr>\n<td>Resistencia a la tensi\u00f3n<\/td>\n<td>Anciano<\/td>\n<td>1500-1800 MPa<\/td>\n<\/tr>\n<tr>\n<td>Resistencia el\u00e1stica<\/td>\n<td>Anciano<\/td>\n<td>1200-1600 MPa<\/td>\n<\/tr>\n<tr>\n<td>Elongaci\u00f3n<\/td>\n<td>Anciano<\/td>\n<td>10-15%<\/td>\n<\/tr>\n<\/tbody>\n<\/table>\n<ul class=\"list-disc pl-8 space-y-2\">\n<li class=\"whitespace-normal\">Edades con niveles muy altos de resistencia, superiores a otras aleaciones de endurecimiento por precipitaci\u00f3n<\/li>\n<li class=\"whitespace-normal\">Mantiene una ductilidad razonable en las condiciones de envejecimiento m\u00e1ximo<\/li>\n<li class=\"whitespace-normal\">La dureza aumenta considerablemente despu\u00e9s del tratamiento de envejecimiento<\/li>\n<li class=\"whitespace-normal\">La fuerza se puede adaptar a trav\u00e9s del tiempo de envejecimiento y la temperatura<\/li>\n<\/ul>\n<p class=\"whitespace-pre-wrap\">Estas propiedades hacen que el GH3625 sea apto para componentes que requieran alta resistencia combinada con resistencia a la corrosi\u00f3n.<\/p>\n<h2>Aplicaciones del polvo GH3625<\/h2>\n<p class=\"whitespace-pre-wrap\">Las aplicaciones habituales del polvo de aleaci\u00f3n de n\u00edquel-cromo GH3625 incluyen:<\/p>\n<p class=\"whitespace-pre-wrap\"><strong>Aplicaciones del polvo GH3625<\/strong><\/p>\n<table>\n<thead>\n<tr>\n<th>Industria<\/th>\n<th>Usos<\/th>\n<\/tr>\n<\/thead>\n<tbody>\n<tr>\n<td>Aeroespacial<\/td>\n<td>\u00c1labes de turbina, pernos, sujetadores<\/td>\n<\/tr>\n<tr>\n<td>Petr\u00f3leo y gas<\/td>\n<td>V\u00e1lvulas de cabeza de pozo, herramientas de fondo de pozo<\/td>\n<\/tr>\n<tr>\n<td>Procesamiento qu\u00edmico<\/td>\n<td>Tornillos extrusores, piezas de v\u00e1lvulas<\/td>\n<\/tr>\n<tr>\n<td>Generaci\u00f3n de potencia<\/td>\n<td>Componentes de caldera, turbinas de vapor y gas<\/td>\n<\/tr>\n<\/tbody>\n<\/table>\n<p class=\"whitespace-pre-wrap\">Algunas aplicaciones espec\u00edficas del producto incluyen:<\/p>\n<ul class=\"list-disc pl-8 space-y-2\">\n<li class=\"whitespace-normal\">\u00c1labes, discos y sujetadores para turbinas de motor aeroespacial<\/li>\n<li class=\"whitespace-normal\">Empernado de ca\u00f1er\u00edas petroqu\u00edmicas de alta temperatura<\/li>\n<li class=\"whitespace-normal\">Componentes de v\u00e1lvulas utilizados en entornos qu\u00edmicos corrosivos<\/li>\n<li class=\"whitespace-normal\">Tubos y colectores sobrecalentadores de caldera<\/li>\n<li class=\"whitespace-normal\">\u00c1labes y bridas de las turbinas de vapor<\/li>\n<\/ul>\n<p class=\"whitespace-pre-wrap\">GH3625 provee una resistencia excepcional a la fuerza y a la corrosi\u00f3n para componentes cr\u00edticos usados a temperaturas elevadas en industrias exigentes.<\/p>\n<h2>Especificaciones del polvo GH3625<\/h2>\n<p class=\"whitespace-pre-wrap\">Las especificaciones principales para el polvo GH3625 incluyen:<\/p>\n<p class=\"whitespace-pre-wrap\"><strong>Est\u00e1ndares de polvo GH3625<\/strong><\/p>\n<table>\n<thead>\n<tr>\n<th>Est\u00e1ndar<\/th>\n<th>Descripci\u00f3n<\/th>\n<\/tr>\n<\/thead>\n<tbody>\n<tr>\n<td>AMS 5815<\/td>\n<td>Composiciones de polvo de aleaci\u00f3n de n\u00edquel<\/td>\n<\/tr>\n<tr>\n<td>AMS 5408<\/td>\n<td>Alambres, varillas y barras de aleaciones de n\u00edquel con endurecimiento por precipitaci\u00f3n<\/td>\n<\/tr>\n<tr>\n<td>AMS 5698<\/td>\n<td>Fundici\u00f3n de inversi\u00f3n de aleaciones de n\u00edquel PH<\/td>\n<\/tr>\n<tr>\n<td>AMS 5772<\/td>\n<td>Forjas de aleaci\u00f3n de n\u00edquel<\/td>\n<\/tr>\n<tr>\n<td>AMS 5634<\/td>\n<td>Formas extruidas de aleaci\u00f3n de n\u00edquel<\/td>\n<\/tr>\n<\/tbody>\n<\/table>\n<p class=\"whitespace-pre-wrap\">Esto define:<\/p>\n<ul class=\"list-disc pl-8 space-y-2\">\n<li class=\"whitespace-normal\">L\u00edmites de composici\u00f3n qu\u00edmica del GH3625<\/li>\n<li class=\"whitespace-normal\">Propiedades mec\u00e1nicas requeridas en diferentes condiciones de tratamiento t\u00e9rmico<\/li>\n<li class=\"whitespace-normal\">M\u00e9todo de producci\u00f3n de polvo aprobado &#8211; atomizaci\u00f3n de gas inerte<\/li>\n<li class=\"whitespace-normal\">L\u00edmites de impurezas para elementos cr\u00edticos<\/li>\n<li class=\"whitespace-normal\">Protocolos de prueba de cumplimiento<\/li>\n<li class=\"whitespace-normal\">Instrucciones de manejo y almacenamiento adecuadas<\/li>\n<\/ul>\n<p class=\"whitespace-pre-wrap\">El cumplimiento de estos requisitos de certificaci\u00f3n garantiza un rendimiento \u00f3ptimo.<\/p>\n<h2>Tama\u00f1os de Part\u00edcula de Polvo GH3625<\/h2>\n<p class=\"whitespace-pre-wrap\"><strong>Distribuci\u00f3n del tama\u00f1o de part\u00edculas de polvo GH2625<\/strong><\/p>\n<table>\n<thead>\n<tr>\n<th>Tama\u00f1o de part\u00edcula<\/th>\n<th>Caracter\u00edsticas<\/th>\n<\/tr>\n<\/thead>\n<tbody>\n<tr>\n<td>15 a 25 micras<\/td>\n<td>Polvo ultrafino utilizado en procesos de fabricaci\u00f3n aditiva por l\u00e1ser<\/td>\n<\/tr>\n<tr>\n<td>25-45 micrones<\/td>\n<td>Rango de tama\u00f1o para la mayor\u00eda de los sistemas de fabricaci\u00f3n aditiva con lecho de polvo<\/td>\n<\/tr>\n<tr>\n<td>45-75 micrones<\/td>\n<td>Tama\u00f1os m\u00e1s grandes utilizados en revestimientos por l\u00e1ser<\/td>\n<\/tr>\n<\/tbody>\n<\/table>\n<ul class=\"list-disc pl-8 space-y-2\">\n<li class=\"whitespace-normal\">Un polvo m\u00e1s fino proporciona una mayor resoluci\u00f3n y un acabado superficial<\/li>\n<li class=\"whitespace-normal\">Polvo m\u00e1s grueso adecuado para procesos de alta tasa de deposici\u00f3n<\/li>\n<li class=\"whitespace-normal\">Distribuci\u00f3n de tama\u00f1o adaptada en funci\u00f3n del m\u00e9todo de fabricaci\u00f3n aditiva utilizado<\/li>\n<li class=\"whitespace-normal\">Morfolog\u00eda esf\u00e9rica mantenida en todos los tama\u00f1os<\/li>\n<\/ul>\n<p class=\"whitespace-pre-wrap\">Controlar la distribuci\u00f3n del tama\u00f1o de part\u00edcula y la morfolog\u00eda es fundamental para el rendimiento de la fabricaci\u00f3n aditiva, las caracter\u00edsticas de la pieza final y la calidad.<\/p>\n<h2>Densidad aparente del polvo GH3625<\/h2>\n<p class=\"whitespace-pre-wrap\"><strong>Densidad aparente del polvo GH3625<\/strong><\/p>\n<table>\n<thead>\n<tr>\n<th>Densidad aparente<\/th>\n<th>Detalles<\/th>\n<\/tr>\n<\/thead>\n<tbody>\n<tr>\n<td>Hasta un 60% de densidad real<\/td>\n<td>Para la morfolog\u00eda del polvo esf\u00e9rico<\/td>\n<\/tr>\n<tr>\n<td>4.5 \u2013 5.2 g\/cc<\/td>\n<td>Mejora con una mayor densidad de empaque<\/td>\n<\/tr>\n<\/tbody>\n<\/table>\n<ul class=\"list-disc pl-8 space-y-2\">\n<li class=\"whitespace-normal\">La forma esf\u00e9rica del polvo proporciona una alta densidad aparente<\/li>\n<li class=\"whitespace-normal\">La densidad m\u00e1s alta mejora el flujo de polvo y el relleno del lecho en FA<\/li>\n<li class=\"whitespace-normal\">Reduce la porosidad del gas de arrastre en la pieza final<\/li>\n<li class=\"whitespace-normal\">Maximizar la densidad reduce al m\u00ednimo el tiempo del ciclo de prensa<\/li>\n<\/ul>\n<p class=\"whitespace-pre-wrap\">Una mayor densidad aparente da lugar a una mejor productividad de manufactura y rendimiento de piezas.<\/p>\n<h2>M\u00e9todo de producci\u00f3n del polvo GH3625<\/h2>\n<p class=\"whitespace-pre-wrap\"><strong>Producci\u00f3n de polvo GH3625<\/strong><\/p>\n<table>\n<thead>\n<tr>\n<th>M\u00e9todo<\/th>\n<th>Detalles<\/th>\n<\/tr>\n<\/thead>\n<tbody>\n<tr>\n<td>Atomizaci\u00f3n de gas<\/td>\n<td>Los gases inertes de alta presi\u00f3n descomponen el chorro de metal fundido en gotas finas<\/td>\n<\/tr>\n<tr>\n<td>Fundici\u00f3n por inducci\u00f3n al vac\u00edo<\/td>\n<td>Materiales de entrada de alta pureza fundidos al vac\u00edo<\/td>\n<\/tr>\n<tr>\n<td>Fusi\u00f3n m\u00faltiple<\/td>\n<td>Mejora la homogeneidad qu\u00edmica<\/td>\n<\/tr>\n<tr>\n<td>Tamizado<\/td>\n<td>Clasifica el polvo en diferentes fracciones de tama\u00f1o de part\u00edcula<\/td>\n<\/tr>\n<\/tbody>\n<\/table>\n<ul class=\"list-disc pl-8 space-y-2\">\n<li class=\"whitespace-normal\">La atomizaci\u00f3n con gas inerte produce un limpio polvo esf\u00e9rico<\/li>\n<li class=\"whitespace-normal\">El procesamiento al vac\u00edo minimiza las impurezas gaseosas<\/li>\n<li class=\"whitespace-normal\">M\u00faltiples refundiciones mejoran la uniformidad de la composici\u00f3n<\/li>\n<li class=\"whitespace-normal\">El posprocesamiento ofrece control de la distribuci\u00f3n del tama\u00f1o de las part\u00edculas<\/li>\n<\/ul>\n<p class=\"whitespace-pre-wrap\">Los m\u00e9todos automatizados combinados con un estricto control de calidad ofrecen un polvo GH3625 consistente adecuado para aplicaciones cr\u00edticas.<\/p>\n<h2>Precio del polvo GH3625<\/h2>\n<p class=\"whitespace-pre-wrap\"><strong>Precio del polvo GH3625<\/strong><\/p>\n<table>\n<thead>\n<tr>\n<th>Factor<\/th>\n<th>Impacto sobre el precio<\/th>\n<\/tr>\n<\/thead>\n<tbody>\n<tr>\n<td>Grado de polvo<\/td>\n<td>A mayor pureza incrementa el costo<\/td>\n<\/tr>\n<tr>\n<td>Tama\u00f1o de part\u00edcula<\/td>\n<td>Polvo ultrafino m\u00e1s caro<\/td>\n<\/tr>\n<tr>\n<td>Cantidad del pedido<\/td>\n<td>El precio disminuye con vol\u00famenes mayores<\/td>\n<\/tr>\n<tr>\n<td>M\u00e9todo de producci\u00f3n<\/td>\n<td>Varias fundiciones incrementan el costo<\/td>\n<\/tr>\n<tr>\n<td>Empaquetado<\/td>\n<td>Paquete especial aumenta los costos<\/td>\n<\/tr>\n<\/tbody>\n<\/table>\n<p class=\"whitespace-pre-wrap\"><strong>Precios indicativos<\/strong><\/p>\n<ul class=\"list-disc pl-8 space-y-2\">\n<li class=\"whitespace-normal\">Polvo GH3625: 100-150 USD por kg<\/li>\n<li class=\"whitespace-normal\">Los precios por grandes vol\u00famenes pueden ser un 30% o m\u00e1s bajos<\/li>\n<\/ul>\n<p class=\"whitespace-pre-wrap\">El precio depende de la pureza, el tama\u00f1o de part\u00edcula, el m\u00e9todo de producci\u00f3n, el volumen del pedido, el empaque y los requisitos de entrega.<\/p>\n<h2>Proveedores de polvo de GH3625<\/h2>\n<p class=\"whitespace-pre-wrap\"><strong>Proveedores de polvo de GH3625<\/strong><\/p>\n<table>\n<thead>\n<tr>\n<th>Compa\u00f1\u00eda<\/th>\n<th>Ubicaci\u00f3n<\/th>\n<\/tr>\n<\/thead>\n<tbody>\n<tr>\n<td>Sandvik Osprey<\/td>\n<td>Reino Unido<\/td>\n<\/tr>\n<tr>\n<td>Carpenter Additive<\/td>\n<td>EE. UU.<\/td>\n<\/tr>\n<tr>\n<td>Erasteel<\/td>\n<td>Suecia<\/td>\n<\/tr>\n<tr>\n<td>Aubert &amp; Duval<\/td>\n<td>Francia<\/td>\n<\/tr>\n<tr>\n<td>En.koowe.polvo<\/td>\n<td>China<\/td>\n<\/tr>\n<tr>\n<td>Shanghai STAL Precisi\u00f3n<\/td>\n<td>China<\/td>\n<\/tr>\n<\/tbody>\n<\/table>\n<p class=\"whitespace-pre-wrap\">Factores de selecci\u00f3n para proveedores:<\/p>\n<ul class=\"list-disc pl-8 space-y-2\">\n<li class=\"whitespace-normal\">Grados de polvo producidos y tama\u00f1os de part\u00edculas ofrecidos<\/li>\n<li class=\"whitespace-normal\">Capacidad de producci\u00f3n y plazos de entrega<\/li>\n<li class=\"whitespace-normal\">Control de Calidad, Consistencia y Cumplimiento<\/li>\n<li class=\"whitespace-normal\">Experiencia t\u00e9cnica y atenci\u00f3n al cliente<\/li>\n<li class=\"whitespace-normal\">Niveles de precios basados en los vol\u00famenes de pedidos<\/li>\n<li class=\"whitespace-normal\">Experiencia al servicio del sector objetivo<\/li>\n<\/ul>\n<h2>GH3625 Manipulaci\u00f3n y almacenamiento del polvo<\/h2>\n<p class=\"whitespace-pre-wrap\"><strong>Manipulaci\u00f3n del polvo GH3625<\/strong><\/p>\n<table>\n<thead>\n<tr>\n<th>Recomendaci\u00f3n<\/th>\n<th>Motivo<\/th>\n<\/tr>\n<\/thead>\n<tbody>\n<tr>\n<td>Aseg\u00farese de que haya ventilaci\u00f3n adecuada<\/td>\n<td>Evitar la exposici\u00f3n a part\u00edculas met\u00e1licas finas<\/td>\n<\/tr>\n<tr>\n<td>Utilice el EPP apropiado<\/td>\n<td>Evitar la ingesti\u00f3n o inhalaci\u00f3n accidental<\/td>\n<\/tr>\n<tr>\n<td>Sigue protocolos seguros<\/td>\n<td>Reducir los riesgos de incendios y para la salud<\/td>\n<\/tr>\n<tr>\n<td>Guardar recipientes sellados<\/td>\n<td>Evitar contaminaci\u00f3n u oxidaci\u00f3n<\/td>\n<\/tr>\n<\/tbody>\n<\/table>\n<p class=\"whitespace-pre-wrap\">El polvo GH3625 es relativamente estable, pero a\u00fan se recomiendan precauciones generales para su manipulaci\u00f3n segura y mantenimiento de la pureza.<\/p>\n<p class=\"whitespace-pre-wrap\"><strong>Recomendaciones de almacenamiento<\/strong><\/p>\n<ul class=\"list-disc pl-8 space-y-2\">\n<li class=\"whitespace-normal\">Almacenar en recipientes estables en un lugar fresco y seco<\/li>\n<li class=\"whitespace-normal\">Limite la exposici\u00f3n a la humedad que puede degradar las propiedades<\/li>\n<li class=\"whitespace-normal\">Mant\u00e9n las temperaturas por debajo de los 30 \u00b0C<\/li>\n<\/ul>\n<p class=\"whitespace-pre-wrap\">Las precauciones adecuadas preservan la condici\u00f3n de la p\u00f3lvora y evitan problemas de seguridad.<\/p>\n<h2>Pruebas e inspecci\u00f3n del polvo GH3625<\/h2>\n<p class=\"whitespace-pre-wrap\"><strong>Prueba de polvo GH3625<\/strong><\/p>\n<table>\n<thead>\n<tr>\n<th>Prueba<\/th>\n<th>Detalles<\/th>\n<\/tr>\n<\/thead>\n<tbody>\n<tr>\n<td>An\u00e1lisis qu\u00edmico<\/td>\n<td>Espectroscop\u00eda OES o XRF usada para verificar la composici\u00f3n<\/td>\n<\/tr>\n<tr>\n<td>Distribuci\u00f3n de granulometr\u00eda<\/td>\n<td>An\u00e1lisis por difracci\u00f3n de l\u00e1ser<\/td>\n<\/tr>\n<tr>\n<td>Densidad aparente<\/td>\n<td>Medido seg\u00fan la norma ASTM B212<\/td>\n<\/tr>\n<tr>\n<td>Morfolog\u00eda del polvo<\/td>\n<td>Im\u00e1genes SEM de la forma de las part\u00edculas<\/td>\n<\/tr>\n<tr>\n<td>An\u00e1lisis de caudal<\/td>\n<td>Flujo de gravedad a trav\u00e9s de boquilla especificada<\/td>\n<\/tr>\n<tr>\n<td>Medici\u00f3n de la humedad<\/td>\n<td>An\u00e1lisis de p\u00e9rdida por secado<\/td>\n<\/tr>\n<\/tbody>\n<\/table>\n<p class=\"whitespace-pre-wrap\">Las pruebas aseguran que el polvo cumple con la pureza qu\u00edmica, las caracter\u00edsticas de las part\u00edculas, las especificaciones de densidad, la morfolog\u00eda y la fluidez requeridas por las normas.<\/p>\n<h2>Pros y contras del polvo GH3625<\/h2>\n<p class=\"whitespace-pre-wrap\"><strong>Ventajas del polvo GH3625<\/strong><\/p>\n<ul class=\"list-disc pl-8 space-y-2\">\n<li class=\"whitespace-normal\">Resistencia excepcional a altas temperaturas y resistencia gradual<\/li>\n<li class=\"whitespace-normal\">Conserva la resistencia y la dureza hasta 1100\u00a1\u00abC<\/li>\n<li class=\"whitespace-normal\">Excelente resistencia a la corrosi\u00f3n en todos los entornos<\/li>\n<li class=\"whitespace-normal\">Buena resistencia a la fatiga y dureza de fractura<\/li>\n<li class=\"whitespace-normal\">Alta dureza combinada con una ductilidad racional<\/li>\n<li class=\"whitespace-normal\">Menos densas que las superaleaciones de n\u00edquel<\/li>\n<\/ul>\n<p class=\"whitespace-pre-wrap\"><strong>Limitaciones del polvo GH3625<\/strong><\/p>\n<ul class=\"list-disc pl-8 space-y-2\">\n<li class=\"whitespace-normal\">M\u00e1s costosas que los polvos de acero inoxidable<\/li>\n<li class=\"whitespace-normal\">Requiere de un tratamiento t\u00e9rmico controlado para obtener unas propiedades \u00f3ptimas<\/li>\n<li class=\"whitespace-normal\">Menor resistencia al desgaste que las aleaciones de cobalto<\/li>\n<li class=\"whitespace-normal\">Dif\u00edcil de mecanizar despu\u00e9s de la sinterizaci\u00f3n<\/li>\n<li class=\"whitespace-normal\">Capacidad limitada de formaci\u00f3n y encabezado en fr\u00edo<\/li>\n<li class=\"whitespace-normal\">Sujeto a picaduras en \u00e1cidos fuertemente oxidantes<\/li>\n<\/ul>\n<h2>Comparaci\u00f3n con el polvo Inconel 718<\/h2>\n<p class=\"whitespace-pre-wrap\"><strong>GH3625 frente a Inconel 718 Powder<\/strong><\/p>\n<table>\n<thead>\n<tr>\n<th>Par\u00e1metro<\/th>\n<th>GH3625<\/th>\n<th>Inconel 718<\/th>\n<\/tr>\n<\/thead>\n<tbody>\n<tr>\n<td>Densidad<\/td>\n<td>8,2 g\/cm\u00b3<\/td>\n<td>8,2 g\/cm\u00b3<\/td>\n<\/tr>\n<tr>\n<td>Fuerza<\/td>\n<td>Alto<\/td>\n<td>Inferior<\/td>\n<\/tr>\n<tr>\n<td>Resistencia a la corrosi\u00f3n<\/td>\n<td>Excelente<\/td>\n<td>Sobresaliente<\/td>\n<\/tr>\n<tr>\n<td>Coste<\/td>\n<td>Moderado<\/td>\n<td>Muy alto<\/td>\n<\/tr>\n<tr>\n<td>Usos<\/td>\n<td>Procesamiento qu\u00edmico de petr\u00f3leo y gas<\/td>\n<td>Aeroespacial, nuclear<\/td>\n<\/tr>\n<\/tbody>\n<\/table>\n<ul class=\"list-disc pl-8 space-y-2\">\n<li class=\"whitespace-normal\">GH3625 ofrece resistencia a la tensi\u00f3n m\u00e1s alta<\/li>\n<li class=\"whitespace-normal\">Inconel 718 ofrece una mejor resistencia global a la corrosi\u00f3n<\/li>\n<li class=\"whitespace-normal\">GH3625 es m\u00e1s rentable<\/li>\n<li class=\"whitespace-normal\">El Inconel 718 se prefiere para entornos extremos<\/li>\n<li class=\"whitespace-normal\">GH3625 proporciona un equilibrio \u00f3ptimo entre resistencia y coste<\/li>\n<\/ul>\n<h2>Preguntas frecuentes de GH3625 Powder<\/h2>\n<p class=\"whitespace-pre-wrap\"><strong>Q: \u00bfCu\u00e1les son las principales aplicaciones del polvo de aleaci\u00f3n de n\u00edquel GH3625?<\/strong><\/p>\n<p class=\"whitespace-pre-wrap\">A: Entre las principales aplicaciones se incluyen componentes de turbinas aeroespaciales, v\u00e1lvulas de cabeza de pozo petrolero y herramientas de fondo de pozo, partes de generaci\u00f3n de energ\u00eda, equipos de procesamiento de productos qu\u00edmicos y otros componentes de alta temperatura que necesitan resistencia y resistencia a la corrosi\u00f3n.<\/p>\n<p class=\"whitespace-pre-wrap\"><strong>P: \u00bfPor qu\u00e9 se prefiere GH3625 a los polvos de acero inoxidable en aplicaciones de alta temperatura?<\/strong><\/p>\n<p class=\"whitespace-pre-wrap\">R: GH3625 conserva una resistencia considerablemente m\u00e1s alta en comparaci\u00f3n con los aceros inoxidables a temperaturas superiores a los 650 \u00b0C. Tambi\u00e9n proporciona una excelente resistencia a la corrosi\u00f3n en ambientes calientes y corrosivos.<\/p>\n<p class=\"whitespace-pre-wrap\"><strong>P: \u00bfQu\u00e9 precauciones deber\u00edan tomarse al trabajar con polvo GH3625?<\/strong><\/p>\n<p class=\"whitespace-pre-wrap\">A: Las precauciones recomendadas incluyen ventilaci\u00f3n, EPI adecuado, evitar fuentes de ignici\u00f3n, seguir los protocolos de manejo seguro y almacenar los contenedores sellados lejos de la humedad, el aire y la contaminaci\u00f3n.<\/p>\n<p class=\"whitespace-pre-wrap\"><strong>P: \u00bfC\u00f3mo afecta el aluminio las propiedades de la aleaci\u00f3n GH3625?<\/strong><\/p>\n<p class=\"whitespace-pre-wrap\">A: El aluminio mejora el endurecimiento por precipitaci\u00f3n al formar precipitados de n\u00edquel y aluminio durante el tratamiento de envejecimiento. Esto proporciona un fortalecimiento sustancial al mismo tiempo que mantiene una ductilidad razonable.<\/p>\n<p><\/span><\/span><\/p>","protected":false},"excerpt":{"rendered":"<p>Descripci\u00f3n general del polvo GH3625 El polvo GH 3625 es una aleaci\u00f3n base n\u00edquel-hierro endurecible por envejecimiento que contiene cromo 25% junto con adiciones de molibdeno y aluminio. Proporciona una combinaci\u00f3n excepcional de alta resistencia, dureza, resistencia a la corrosi\u00f3n y resistencia a la oxidaci\u00f3n a temperaturas elevadas. Entre las principales propiedades y ventajas del polvo GH3625 se incluyen: Propiedades y caracter\u00edsticas del polvo GH3625 Propiedades Detalles...<\/p>","protected":false},"featured_media":1798,"parent":0,"template":"","meta":{"_acf_changed":false,"_kad_blocks_custom_css":"","_kad_blocks_head_custom_js":"","_kad_blocks_body_custom_js":"","_kad_blocks_footer_custom_js":"","_kad_post_transparent":"","_kad_post_title":"","_kad_post_layout":"","_kad_post_sidebar_id":"","_kad_post_content_style":"","_kad_post_vertical_padding":"","_kad_post_feature":"","_kad_post_feature_position":"","_kad_post_header":false,"_kad_post_footer":false,"_kad_post_classname":""},"product-category":[119,120],"class_list":["post-3929","product","type-product","status-publish","has-post-thumbnail","hentry","product-category-3d-printing-metal-powder","product-category-high-temperature-alloy-powder"],"acf":[],"taxonomy_info":{"product-category":[{"value":119,"label":"3D Printing Metal Powder"},{"value":120,"label":"High Temperature Alloy Powder"}]},"featured_image_src_large":["https:\/\/3dpmetal.com\/wp-content\/uploads\/2024\/02\/GH-3625-Powder.jpg",600,600,false],"author_info":[],"comment_info":"","_links":{"self":[{"href":"https:\/\/3dpmetal.com\/es\/wp-json\/wp\/v2\/product\/3929","targetHints":{"allow":["GET"]}}],"collection":[{"href":"https:\/\/3dpmetal.com\/es\/wp-json\/wp\/v2\/product"}],"about":[{"href":"https:\/\/3dpmetal.com\/es\/wp-json\/wp\/v2\/types\/product"}],"wp:featuredmedia":[{"embeddable":true,"href":"https:\/\/3dpmetal.com\/es\/wp-json\/wp\/v2\/media\/1798"}],"wp:attachment":[{"href":"https:\/\/3dpmetal.com\/es\/wp-json\/wp\/v2\/media?parent=3929"}],"wp:term":[{"taxonomy":"product-category","embeddable":true,"href":"https:\/\/3dpmetal.com\/es\/wp-json\/wp\/v2\/product-category?post=3929"}],"curies":[{"name":"wp","href":"https:\/\/api.w.org\/{rel}","templated":true}]}}