{"id":3939,"date":"2024-03-18T06:10:15","date_gmt":"2024-03-18T06:10:15","guid":{"rendered":"https:\/\/3dp.45612300.xyz\/product\/gh3625-powderinconel-625-powder\/"},"modified":"2024-03-18T06:10:15","modified_gmt":"2024-03-18T06:10:15","slug":"gh3625-powderinconel-625-powder","status":"publish","type":"product","link":"https:\/\/3dpmetal.com\/es\/product\/gh3625-powderinconel-625-powder\/","title":{"rendered":"Polvo GH3625 (polvo Inconel 625)"},"content":{"rendered":"<p><span style=\"vertical-align: inherit;\"><span style=\"vertical-align: inherit;\"><\/p>\n<h2>Descripci\u00f3n general<\/h2>\n<p><img loading=\"lazy\" decoding=\"async\" class=\"wp-image-2160 size-full aligncenter\" src=\"https:\/\/met3dp.com\/wp-content\/uploads\/2023\/09\/in718-powder.jpg\" alt=\"Inconel powder\" width=\"600\" height=\"600\" title=\"\"><\/p>\n<p class=\"whitespace-pre-wrap\">El polvo GH3625 es un polvo de aleaci\u00f3n utilizado para metal. <a href=\"https:\/\/en.wikipedia.org\/wiki\/3D_printing\" target=\"_blank\" rel=\"noopener\">fabricaci\u00f3n aditiva<\/a> Procesos como el Sinterizado L\u00e1ser Selectivo (SLS) y el Sinterizado Directo por L\u00e1ser de Metal (DMLS). Es una superaleaci\u00f3n basada en n\u00edquel que ofrece alta resistencia, resistencia a la corrosi\u00f3n y excelentes propiedades a altas temperaturas.<\/p>\n<p class=\"whitespace-pre-wrap\">GH3625 est\u00e1 dise\u00f1ado espec\u00edficamente para la fabricaci\u00f3n aditiva a fin de producir piezas densas y complejas con propiedades mec\u00e1nicas excepcionales comparables a los materiales forjados. Permite la producci\u00f3n de componentes ligeros con geometr\u00edas complejas para aplicaciones aeroespaciales, automotrices, m\u00e9dicas e industriales.<\/p>\n<p class=\"whitespace-pre-wrap\">Esta gu\u00eda proporciona una descripci\u00f3n detallada del polvo GH3625 que cubre su composici\u00f3n, propiedades, aplicaciones, especificaciones, precio, ventajas y limitaciones. Se hacen comparaciones con otras aleaciones comunes como Inconel 718 y Stellite 21 para resaltar el rendimiento y la idoneidad de GH3625 para diferentes usos. Una secci\u00f3n de preguntas frecuentes aborda cuestiones clave sobre este material.<\/p>\n<h2>Composici\u00f3n en polvo GH3625<\/h2>\n<p class=\"whitespace-pre-wrap\">GH3625 tiene una composici\u00f3n qu\u00edmica compleja dise\u00f1ada para brindar una combinaci\u00f3n de alta resistencia, resistencia a la fatiga t\u00e9rmica, oxidaci\u00f3n y resistencia a la corrosi\u00f3n. A continuaci\u00f3n, un resumen de su composici\u00f3n:<\/p>\n<table>\n<thead>\n<tr>\n<th><strong>Elemento<\/strong><\/th>\n<th><strong>Porcentaje de peso<\/strong><\/th>\n<\/tr>\n<\/thead>\n<tbody>\n<tr>\n<td>N\u00edquel<\/td>\n<td>Equilibrio<\/td>\n<\/tr>\n<tr>\n<td>Cromo<\/td>\n<td>15-17%<\/td>\n<\/tr>\n<tr>\n<td>Cobalto<\/td>\n<td>10%<\/td>\n<\/tr>\n<tr>\n<td>Molibdeno<\/td>\n<td>8-10%<\/td>\n<\/tr>\n<tr>\n<td>T\u00e1ntalo<\/td>\n<td>5-6%<\/td>\n<\/tr>\n<tr>\n<td>Aluminio<\/td>\n<td>1.2-1.7%<\/td>\n<\/tr>\n<tr>\n<td>Titanio<\/td>\n<td>0.5-1.2%<\/td>\n<\/tr>\n<tr>\n<td>Boro<\/td>\n<td>0.01%<\/td>\n<\/tr>\n<\/tbody>\n<\/table>\n<p class=\"whitespace-pre-wrap\">El n\u00edquel forma la base de esta superaleaci\u00f3n proporcionando ductilidad y tenacidad. Los elementos como el cromo, el cobalto y el molibdeno contribuyen a la alta resistencia a la temperatura a trav\u00e9s del fortalecimiento de la soluci\u00f3n s\u00f3lida.<\/p>\n<p class=\"whitespace-pre-wrap\">El tantalio proporciona una s\u00f3lida soluci\u00f3n de refuerzo y forma part\u00edculas de carburo para el endurecimiento por precipitaci\u00f3n. El aluminio y el titanio forman la fase gamma prima Ni3(Al,Ti) para proporcionar excelentes propiedades mec\u00e1nicas a alta temperatura. El boro mejora la resistencia del l\u00edmite de grano.<\/p>\n<p class=\"whitespace-pre-wrap\">Su composici\u00f3n balanceada le confiere al polvo GH3625 una excelente soldabilidad en comparaci\u00f3n con los aceros inoxidables de endurecimiento por precipitaci\u00f3n. Se puede procesar con facilidad posteriormente mediante prensado isost\u00e1tico en caliente (HIP), tratamiento t\u00e9rmico y mecanizado.<\/p>\n<h2>Propiedades del polvo GH3625<\/h2>\n<p class=\"whitespace-pre-wrap\">El polvo GH3625 tiene las siguientes propiedades f\u00edsicas y mec\u00e1nicas que lo hacen adecuado para aplicaciones exigentes:<\/p>\n<p class=\"whitespace-pre-wrap\"><strong>Propiedades del polvo GH3625<\/strong><\/p>\n<table>\n<thead>\n<tr>\n<th><strong>Propiedad<\/strong><\/th>\n<th><strong>Valor<\/strong><\/th>\n<\/tr>\n<\/thead>\n<tbody>\n<tr>\n<td>Densidad<\/td>\n<td>8,1-8,5 g\/cc<\/td>\n<\/tr>\n<tr>\n<td>Punto de Fusi\u00f3n<\/td>\n<td>1260-1335 \"\u00a1C<\/td>\n<\/tr>\n<tr>\n<td>Conductividad t\u00e9rmica<\/td>\n<td>11-12,5 W\/mK<\/td>\n<\/tr>\n<tr>\n<td>Coeficiente de dilataci\u00f3n t\u00e9rmica<\/td>\n<td>12,5-13,5 x 10<sup>-6<\/sup>\/K<\/td>\n<\/tr>\n<tr>\n<td>M\u00f3dulo de elasticidad<\/td>\n<td>156-186 GPa<\/td>\n<\/tr>\n<tr>\n<td>Coeficiente de Poisson<\/td>\n<td>0.29-0.33<\/td>\n<\/tr>\n<tr>\n<td>Resistencia a la tensi\u00f3n<\/td>\n<td>1050-1280 MPa<\/td>\n<\/tr>\n<tr>\n<td>Resistencia a la fluencia (0,2% de desplazamiento)<\/td>\n<td>860 a 1050 MPa<\/td>\n<\/tr>\n<tr>\n<td>Elongaci\u00f3n<\/td>\n<td>8-15%<\/td>\n<\/tr>\n<tr>\n<td>Dureza<\/td>\n<td>32-38 HRC<\/td>\n<\/tr>\n<\/tbody>\n<\/table>\n<p class=\"whitespace-pre-wrap\">El alto punto de fusi\u00f3n, conductividad t\u00e9rmica baja y coeficiente de expansi\u00f3n t\u00e9rmica bajo permiten una buena estabilidad dimensional en entornos de servicio a altas temperaturas hasta 1000 \u00a1\u00abC por per\u00edodos limitados.<\/p>\n<p class=\"whitespace-pre-wrap\">La aleaci\u00f3n tiene una excelente resistencia a la tracci\u00f3n y al rendimiento comparable a los materiales forjados junto con una buena ductilidad y resistencia a la fractura. Presenta alta dureza, resistencia al desgaste, la fricci\u00f3n y la abrasi\u00f3n.<\/p>\n<p class=\"whitespace-pre-wrap\">Las propiedades le permiten a GH3625 superar el desempe\u00f1o de los aceros inoxidables, las aleaciones de cobalto e incluso rivalizar con las superaleaciones de n\u00edquel endurecido por precipitaci\u00f3n en resistencia a altas temperaturas. Tambi\u00e9n ofrece una mejor capacidad de soldadura que Inconel 718.<\/p>\n<h2>Aplicaciones del polvo GH3625<\/h2>\n<p class=\"whitespace-pre-wrap\">La combinaci\u00f3n de la alta resistencia, dureza, tenacidad y estabilidad t\u00e9rmica hace que el GH3625 sea adecuado para:<\/p>\n<p class=\"whitespace-pre-wrap\"><strong>Aplicaciones de GH3625<\/strong><\/p>\n<table>\n<thead>\n<tr>\n<th><strong>Industria<\/strong><\/th>\n<th><strong>Componentes<\/strong><\/th>\n<\/tr>\n<\/thead>\n<tbody>\n<tr>\n<td>Aeroespacial<\/td>\n<td>\u00c1labes de la turbina, piezas de la c\u00e1mara de combusti\u00f3n, \u00e1labes gu\u00eda de la tobera<\/td>\n<\/tr>\n<tr>\n<td>Automovil\u00edstico<\/td>\n<td>Ruedas de turbocompresor, colectores, v\u00e1lvulas<\/td>\n<\/tr>\n<tr>\n<td>Petr\u00f3leo y gas<\/td>\n<td>Piezas de cabezal de pozo, herramientas para pozos, v\u00e1lvulas<\/td>\n<\/tr>\n<tr>\n<td>Generaci\u00f3n de potencia<\/td>\n<td>Intercambiadores de calor, componentes de quemadores<\/td>\n<\/tr>\n<tr>\n<td>Procesamiento qu\u00edmico<\/td>\n<td>Propelas de bombas, v\u00e1lvulas, recipientes de reacci\u00f3n<\/td>\n<\/tr>\n<tr>\n<td>M\u00e9dico<\/td>\n<td>Implantolog\u00eda Dental, Pr\u00f3tesis Dentales, Instrumental Quir\u00fargico<\/td>\n<\/tr>\n<\/tbody>\n<\/table>\n<p class=\"whitespace-pre-wrap\">La capacidad de impresi\u00f3n 3D de geometr\u00edas complejas permite consolidar varias piezas en componentes individuales y estructuras de enrejado ligeras. Esto permite la impresi\u00f3n m\u00e1s r\u00e1pida de componentes de una sola pieza en contraposici\u00f3n al montaje de m\u00faltiples secciones.<\/p>\n<p class=\"whitespace-pre-wrap\">GH3625 se utiliza para imprimir \u00e1labes, impulsores, placas, discos, tubos con canales de refrigeraci\u00f3n conformes y otros componentes fundamentales para la misi\u00f3n que funcionan bajo altas presiones y temperaturas.<\/p>\n<h2>Especificaciones del polvo GH3625<\/h2>\n<p class=\"whitespace-pre-wrap\">El polvo GH3625 para procesos de fabricaci\u00f3n aditiva est\u00e1 disponible en diferentes distribuciones de tama\u00f1o, formas y formulaciones de varios fabricantes de polvo.<\/p>\n<p class=\"whitespace-pre-wrap\"><strong>Tipos de polvo GH3625<\/strong><\/p>\n<table>\n<thead>\n<tr>\n<th><strong>Especificaci\u00f3n<\/strong><\/th>\n<th><strong>Detalles<\/strong><\/th>\n<\/tr>\n<\/thead>\n<tbody>\n<tr>\n<td>Distribuci\u00f3n de granulometr\u00eda<\/td>\n<td>15 x 45 \u00c3\u0153m, 15 x 53 \u00c3\u0153m, 53 x 150 \u00c3\u0153m<\/td>\n<\/tr>\n<tr>\n<td>Forma de las part\u00edculas<\/td>\n<td>Esf\u00e9rica, satelital, poli\u00e9drica<\/td>\n<\/tr>\n<tr>\n<td>Modificaciones de aleaci\u00f3n<\/td>\n<td>Con B, C, Zr, Nb, Ta<\/td>\n<\/tr>\n<tr>\n<td>M\u00e9todo de fabricaci\u00f3n<\/td>\n<td>Atomizaci\u00f3n con gas, atomizaci\u00f3n con plasma<\/td>\n<\/tr>\n<\/tbody>\n<\/table>\n<p class=\"whitespace-pre-wrap\">La atomizaci\u00f3n de gas y la atomizaci\u00f3n de plasma producen polvos esf\u00e9ricos \u00f3ptimos para los procesos SLS\/DMLS. Los polvos satelitales tienen mayor densidad cuando se les da golpecitos y mejoran la capacidad de fluir del polvo.<\/p>\n<p class=\"whitespace-pre-wrap\">Polvos peque\u00f1os de 15-45 \u00c3\u2014m brindan alta resoluci\u00f3n y acabado superficial, mientras que otros m\u00e1s grandes de 53-150 \u00c3\u2014m permiten mayores velocidades de construcci\u00f3n. Se usan distintas adiciones de aleaci\u00f3n como boro, carbono, zirconio, niobio y t\u00e1ntalo para adaptar las propiedades del material.<\/p>\n<p class=\"whitespace-pre-wrap\"><strong>Est\u00e1ndares de polvo GH3625<\/strong><\/p>\n<table>\n<thead>\n<tr>\n<th><strong>Est\u00e1ndar<\/strong><\/th>\n<th><strong>Descripci\u00f3n<\/strong><\/th>\n<\/tr>\n<\/thead>\n<tbody>\n<tr>\n<td>ASTM F3056<\/td>\n<td>Especificaci\u00f3n est\u00e1ndar para la aleaci\u00f3n de n\u00edquel de fabricaci\u00f3n aditiva<\/td>\n<\/tr>\n<tr>\n<td>AMS7016<\/td>\n<td>Polvo de aleaci\u00f3n de n\u00edquel para servicio de alta temperatura<\/td>\n<\/tr>\n<tr>\n<td>ASME B46.1<\/td>\n<td>Requisitos de la textura de la superficie<\/td>\n<\/tr>\n<\/tbody>\n<\/table>\n<p class=\"whitespace-pre-wrap\">El polvo GH3625 est\u00e1 calificado seg\u00fan los l\u00edmites de composici\u00f3n, la distribuci\u00f3n del tama\u00f1o de part\u00edcula, la morfolog\u00eda, la fluidez, la densidad aparente y la microestructura seg\u00fan ASTM F3056. Se requieren pruebas adicionales seg\u00fan los est\u00e1ndares de aplicaci\u00f3n.<\/p>\n<h2>Precio del polvo GH3625<\/h2>\n<p class=\"whitespace-pre-wrap\">El polvo GH3625 es m\u00e1s caro que los polvos de acero inoxidable debido a su composici\u00f3n compleja y su naturaleza exclusiva. Estos son rangos de precios t\u00edpicos:<\/p>\n<p class=\"whitespace-pre-wrap\"><strong>Costo del polvo GH3625<\/strong><\/p>\n<table>\n<thead>\n<tr>\n<th><strong>Grado de polvo<\/strong><\/th>\n<th><strong>Rango de precios<\/strong><\/th>\n<\/tr>\n<\/thead>\n<tbody>\n<tr>\n<td>GH3625<\/td>\n<td>90-200 por kg<\/td>\n<\/tr>\n<tr>\n<td>GH3625 + boro<\/td>\n<td>$110-250 por kg<\/td>\n<\/tr>\n<tr>\n<td>GH3625 + Carbono<\/td>\n<td>100-220 US$ por kg<\/td>\n<\/tr>\n<\/tbody>\n<\/table>\n<p class=\"whitespace-pre-wrap\">Los precios var\u00edan en funci\u00f3n de la cantidad del pedido, la distribuci\u00f3n de tama\u00f1o de part\u00edcula, la forma, el m\u00e9todo de fabricaci\u00f3n, el proveedor y los requisitos de calificaci\u00f3n o caracterizaci\u00f3n de polvo adicional.<\/p>\n<h2>Pros y contras del polvo GH3625<\/h2>\n<p class=\"whitespace-pre-wrap\">GH3625 tiene las siguientes ventajas que lo hacen una opci\u00f3n popular:<\/p>\n<p class=\"whitespace-pre-wrap\"><strong>Ventajas de GH3625<\/strong><\/p>\n<ul class=\"list-disc pl-8 space-y-2\">\n<li class=\"whitespace-normal\">Excelente resistencia y dureza hasta 1000\u00a1\u00abC<\/li>\n<li class=\"whitespace-normal\">Buena resistencia a la corrosi\u00f3n y oxidaci\u00f3n<\/li>\n<li class=\"whitespace-normal\">Se puede soldar para su posterior procesamiento.<\/li>\n<li class=\"whitespace-normal\">Ductilidad superior a Inconel 718<\/li>\n<li class=\"whitespace-normal\">Puede endurecerse por envejecimiento mediante tratamiento t\u00e9rmico<\/li>\n<li class=\"whitespace-normal\">Geometr\u00edas complejas con FA<\/li>\n<li class=\"whitespace-normal\">M\u00e1s r\u00e1pido y m\u00e1s econ\u00f3mico que los moldes<\/li>\n<li class=\"whitespace-normal\">Reduce el n\u00famero de piezas mediante la consolidaci\u00f3n<\/li>\n<\/ul>\n<p class=\"whitespace-pre-wrap\"><strong>GH3625 Contras<\/strong><\/p>\n<ul class=\"list-disc pl-8 space-y-2\">\n<li class=\"whitespace-normal\">M\u00e1s caros que los aceros inoxidables<\/li>\n<li class=\"whitespace-normal\">Menor resistencia que Inconel 718 por encima de los 550 \u00b0C<\/li>\n<li class=\"whitespace-normal\">Susceptible a la fisuraci\u00f3n por envejecimiento forzoso<\/li>\n<li class=\"whitespace-normal\">Requiere prensado isost\u00e1tico en caliente (HIP)<\/li>\n<li class=\"whitespace-normal\">Dif\u00edcil de maquinar \u00c3\u00bf requiere herramientas especiales.<\/li>\n<li class=\"whitespace-normal\">Datos limitados de proveedores sobre el rendimiento a largo plazo<\/li>\n<\/ul>\n<p class=\"whitespace-pre-wrap\">La selecci\u00f3n adecuada de los par\u00e1metros del proceso de fabricaci\u00f3n aditiva y el posprocesamiento mitigan algunas de las limitaciones del polvo GH3625.<\/p>\n<h2>Comparaci\u00f3n del GH3625 con <a href=\"https:\/\/met3dp.com\/inconel-718-alloy-powder\/\" target=\"_blank\" rel=\"noopener\">Inconel 718<\/a> y Stellite 21<\/h2>\n<p class=\"whitespace-pre-wrap\">GH3625 ocupa un lugar entre Inconel 718 y Stellite 21 en t\u00e9rminos de propiedades y coste:<\/p>\n<p class=\"whitespace-pre-wrap\"><strong>Comparaci\u00f3n de aleaciones<\/strong><\/p>\n<table>\n<thead>\n<tr>\n<th><strong>Propiedad<\/strong><\/th>\n<th><strong>GH3625<\/strong><\/th>\n<th><strong>Inconel 718<\/strong><\/th>\n<th><strong>Stellite 21<\/strong><\/th>\n<\/tr>\n<\/thead>\n<tbody>\n<tr>\n<td>Coste<\/td>\n<td>Medio<\/td>\n<td>Alto<\/td>\n<td>Bajo<\/td>\n<\/tr>\n<tr>\n<td>Densidad<\/td>\n<td>Alto<\/td>\n<td>Medio<\/td>\n<td>Alto<\/td>\n<\/tr>\n<tr>\n<td>Fuerza<\/td>\n<td>Medio<\/td>\n<td>Muy alto<\/td>\n<td>Medio<\/td>\n<\/tr>\n<tr>\n<td>Dureza<\/td>\n<td>Alto<\/td>\n<td>Medio<\/td>\n<td>Muy alto<\/td>\n<\/tr>\n<tr>\n<td>Resistencia al desgaste<\/td>\n<td>Medio<\/td>\n<td>Bajo<\/td>\n<td>Muy alto<\/td>\n<\/tr>\n<tr>\n<td>Resistencia a la corrosi\u00f3n<\/td>\n<td>Medio<\/td>\n<td>Alto<\/td>\n<td>Medio<\/td>\n<\/tr>\n<tr>\n<td>Resistencia a la oxidaci\u00f3n<\/td>\n<td>Medio<\/td>\n<td>Alto<\/td>\n<td>Medio<\/td>\n<\/tr>\n<tr>\n<td>Estabilidad t\u00e9rmica<\/td>\n<td>Hasta 1000\u00a1\u00abC<\/td>\n<td>Hasta 700\u00a1\u00abC<\/td>\n<td>Hasta 900\u00a1\u00abC<\/td>\n<\/tr>\n<tr>\n<td>Soldabilidad<\/td>\n<td>Bien<\/td>\n<td>Pobre<\/td>\n<td>Medio<\/td>\n<\/tr>\n<tr>\n<td>Fabricaci\u00f3n<\/td>\n<td>Medio<\/td>\n<td>Dif\u00edcil<\/td>\n<td>F\u00e1cil<\/td>\n<\/tr>\n<\/tbody>\n<\/table>\n<p class=\"whitespace-pre-wrap\">GH3625 iguala o supera el rendimiento de las aleaciones de cobalto Stellite 21 en resistencia al desgaste y a la corrosi\u00f3n, pero a un menor costo. Se aproxima a la resistencia de Inconel 718 a 550\u00a0\u00b0C y ofrece mejor soldabilidad y facilidad de fabricaci\u00f3n.<\/p>\n<p class=\"whitespace-pre-wrap\">Por lo que resulta una alternativa econ\u00f3mica en muchas aplicaciones que precisan un rendimiento que se sit\u00fae entre estas aleaciones est\u00e1ndar. La posibilidad de imprimir en 3D geometr\u00edas complejas tambi\u00e9n la sit\u00faa en una posici\u00f3n favorable.<\/p>\n<h2>Polvo GH3625: preguntas frecuentes<\/h2>\n<p class=\"whitespace-pre-wrap\"><strong>Q: \u00bfQu\u00e9 es el polvo GH3625?<\/strong><\/p>\n<p class=\"whitespace-pre-wrap\">A: GH3625 es un polvo de superaleaci\u00f3n a base de n\u00edquel espec\u00edficamente dise\u00f1ado para procesos de fabricaci\u00f3n aditiva como sinterizado selectivo por l\u00e1ser (SLS) y sinterizado directo por l\u00e1ser de metal (DMLS). Ofrece una combinaci\u00f3n excelente de resistencia a altas temperaturas, dureza, desgaste y resistencia a la corrosi\u00f3n.<\/p>\n<p class=\"whitespace-pre-wrap\"><strong>P: \u00bfPara qu\u00e9 se usa el polvo GH3625?<\/strong><\/p>\n<p class=\"whitespace-pre-wrap\">A: El polvo GH3625 se usa para imprimir componentes cr\u00edticos en 3D como aspas de turbinas, colectores, impulsores, intercambiadores de calor que requieren propiedades mec\u00e1nicas elevadas, estabilidad dimensional y resistencia t\u00e9rmica de hasta 1000\u00a1\u00abC. Se encuentra aplicaciones en las industrias aeroespacial, automotriz, energ\u00e9tica, de procesamiento qu\u00edmico y m\u00e9dica.<\/p>\n<p class=\"whitespace-pre-wrap\"><strong>P: \u00bfQu\u00e9 procesos de impresi\u00f3n 3D de metal usan polvo GH3625?<\/strong><\/p>\n<p class=\"whitespace-pre-wrap\">R: La sinterizaci\u00f3n selectiva por l\u00e1ser (SLS) y la sinterizaci\u00f3n directa por l\u00e1ser sobre metal (DMLS) son procesos de impresi\u00f3n 3D de fusi\u00f3n de lecho de polvo que com\u00fanmente se utilizan con polvo GH3625. La inyecci\u00f3n de aglutinante tambi\u00e9n es adecuada para el GH3625.<\/p>\n<p class=\"whitespace-pre-wrap\"><strong>Q: \u00bfCu\u00e1les son las propiedades del material GH3625?<\/strong><\/p>\n<p class=\"whitespace-pre-wrap\">A: GH3625 presenta una excepcional resistencia a la tensi\u00f3n de 1050-1280 MPa, l\u00edmite el\u00e1stico de 860-1050 MPa y dureza de 32-38 HRC, similar a los materiales laminados. Tiene buena ductilidad del 8-15% de alargamiento y alta resistencia al desgaste, agarrotamiento, abrasi\u00f3n y corrosi\u00f3n. Propiedades t\u00e9rmicas permiten su uso hasta a 1000\u00a1\u00abC.<\/p>\n<p class=\"whitespace-pre-wrap\"><strong>P: \u00bfEl polvo del GH3625 requiere un tratamiento t\u00e9rmico?<\/strong><\/p>\n<p class=\"whitespace-pre-wrap\">A: S\u00ed, las piezas GH3625 impresas mediante SLS\/DMLS requieren prensado isost\u00e1tico en caliente (HIP) seguido de un tratamiento t\u00e9rmico para lograr propiedades mec\u00e1nicas \u00f3ptimas, consolidaci\u00f3n de materiales y microestructura. HIP ayuda a cerrar poros y vac\u00edos internos.<\/p>\n<p class=\"whitespace-pre-wrap\"><strong>P: \u00bfSe puede soldar GH3625?<\/strong><\/p>\n<p class=\"whitespace-pre-wrap\">A: GH3625 est\u00e1 dise\u00f1ado para poseer excelente soldabilidad en comparaci\u00f3n con los aceros inoxidables de endurecimiento por precipitaci\u00f3n e Inconel 718. Esto permite reparar y unir piezas AM GH3625 mediante soldadura. Puede que se requiera liberar tensiones despu\u00e9s de la soldadura para prevenir el agrietamiento.<\/p>\n<p class=\"whitespace-pre-wrap\"><strong>P: \u00bfSe puede mecanizar el GH3625?<\/strong><\/p>\n<p class=\"whitespace-pre-wrap\">R: La GH3625 es dif\u00edcil de mecanizar en comparaci\u00f3n con el acero inoxidable y requiere mecanizado de alta velocidad con herramientas de carburo especializadas. El desgaste de la herramienta es mayor, por lo que son necesarias rutas de herramientas, velocidades y avances \u00f3ptimos.<\/p>\n<p class=\"whitespace-pre-wrap\"><strong>P: \u00bfCu\u00e1nto cuesta el polvo GH3625?<\/strong><\/p>\n<p class=\"whitespace-pre-wrap\">A: GH3625 generalmente cuesta entre $90-250 por kg seg\u00fan el tama\u00f1o del pedido, la distribuci\u00f3n del tama\u00f1o de las part\u00edculas, el m\u00e9todo de fabricaci\u00f3n y los requisitos adicionales de pruebas\/calificaci\u00f3n. Es m\u00e1s caro que los polvos de acero inoxidable pero menos que el Inconel 718.<\/p>\n<h2>Conclusiones<\/h2>\n<p class=\"whitespace-pre-wrap\">GH3625 es una superaleaci\u00f3n avanzada a base de n\u00edquel dise\u00f1ada espec\u00edficamente para la fabricaci\u00f3n aditiva de componentes de alto rendimiento. Ofrece las ventajas tanto de las aleaciones convencionales como de la flexibilidad del dise\u00f1o habilitado para FA.<\/p>\n<p class=\"whitespace-pre-wrap\">Las caracter\u00edsticas de polvo cuidadosamente controladas y la optimizaci\u00f3n de par\u00e1metros especializada permiten aprovechar todo el potencial de GH3625. Gracias a sus propiedades y rentabilidad, GH3625 est\u00e1 emergiendo como una alternativa viable a las aleaciones tradicionales en aplicaciones industriales, de energ\u00eda, automotrices y aeroespaciales cr\u00edticas.<\/p>\n<p><\/span><\/span><\/p>","protected":false},"excerpt":{"rendered":"<p>Overview El polvo GH3625 es una aleaci\u00f3n en polvo utilizada para procesos de fabricaci\u00f3n aditiva de metales como el sinterizado selectivo por l\u00e1ser (SLS) y el sinterizado directo de metales por l\u00e1ser (DMLS). Se trata de una superaleaci\u00f3n con base de n\u00edquel que ofrece alta resistencia, resistencia a la corrosi\u00f3n y excelentes propiedades a altas temperaturas. GH3625 se ha dise\u00f1ado espec\u00edficamente para la fabricaci\u00f3n aditiva con el fin de producir piezas complejas y densas con propiedades mec\u00e1nicas excepcionales....<\/p>","protected":false},"featured_media":1875,"parent":0,"template":"","meta":{"_acf_changed":false,"_kad_blocks_custom_css":"","_kad_blocks_head_custom_js":"","_kad_blocks_body_custom_js":"","_kad_blocks_footer_custom_js":"","_kad_post_transparent":"","_kad_post_title":"","_kad_post_layout":"","_kad_post_sidebar_id":"","_kad_post_content_style":"","_kad_post_vertical_padding":"","_kad_post_feature":"","_kad_post_feature_position":"","_kad_post_header":false,"_kad_post_footer":false,"_kad_post_classname":""},"product-category":[119,120],"class_list":["post-3939","product","type-product","status-publish","has-post-thumbnail","hentry","product-category-3d-printing-metal-powder","product-category-high-temperature-alloy-powder"],"acf":[],"taxonomy_info":{"product-category":[{"value":119,"label":"3D Printing Metal Powder"},{"value":120,"label":"High Temperature Alloy Powder"}]},"featured_image_src_large":["https:\/\/3dpmetal.com\/wp-content\/uploads\/2024\/02\/GH3625.jpg",600,600,false],"author_info":[],"comment_info":"","_links":{"self":[{"href":"https:\/\/3dpmetal.com\/es\/wp-json\/wp\/v2\/product\/3939","targetHints":{"allow":["GET"]}}],"collection":[{"href":"https:\/\/3dpmetal.com\/es\/wp-json\/wp\/v2\/product"}],"about":[{"href":"https:\/\/3dpmetal.com\/es\/wp-json\/wp\/v2\/types\/product"}],"wp:featuredmedia":[{"embeddable":true,"href":"https:\/\/3dpmetal.com\/es\/wp-json\/wp\/v2\/media\/1875"}],"wp:attachment":[{"href":"https:\/\/3dpmetal.com\/es\/wp-json\/wp\/v2\/media?parent=3939"}],"wp:term":[{"taxonomy":"product-category","embeddable":true,"href":"https:\/\/3dpmetal.com\/es\/wp-json\/wp\/v2\/product-category?post=3939"}],"curies":[{"name":"wp","href":"https:\/\/api.w.org\/{rel}","templated":true}]}}