{"id":3944,"date":"2024-03-18T06:10:15","date_gmt":"2024-03-18T06:10:15","guid":{"rendered":"https:\/\/3dp.45612300.xyz\/product\/aermet100-stainless-steel-powder\/"},"modified":"2024-03-18T06:10:15","modified_gmt":"2024-03-18T06:10:15","slug":"aermet100-stainless-steel-powder","status":"publish","type":"product","link":"https:\/\/3dpmetal.com\/es\/product\/aermet100-stainless-steel-powder\/","title":{"rendered":"Polvo de acero inoxidable AerMet100"},"content":{"rendered":"<p><span style=\"vertical-align: inherit;\"><span style=\"vertical-align: inherit;\"><\/p>\n<p class=\"whitespace-pre-wrap\">El polvo de acero inoxidable AerMet100 es un polvo de aleaci\u00f3n de alto rendimiento dise\u00f1ado para aplicaciones de manufactura aditiva que requieren alta resistencia y resistencia a la fatiga. Algunas caracter\u00edsticas clave de este material incluyen:<\/p>\n<ul class=\"list-disc pl-8 space-y-2\">\n<li class=\"whitespace-normal\">Alta resistencia y dureza: AerMet100 tiene una resistencia excelente con una resistencia a la tensi\u00f3n superior a 200 ksi y una dureza de entre 30 y 36 HRC.<\/li>\n<li class=\"whitespace-normal\">Buena ductilidad: a pesar de su gran resistencia, AerMet100 conserva adem\u00e1s una ductilidad y resistencia a impactos decentes. Los valores de alargamiento superan el 10%.<\/li>\n<li class=\"whitespace-normal\">Excelente resistencia a la fatiga: el l\u00edmite de fatiga de AerMet100 es muy alto, aproximadamente el 50% de la resistencia a la tracci\u00f3n. Esto permite componentes durables expuestos a cargas c\u00edclicas.<\/li>\n<li class=\"whitespace-normal\">Resistencia a la deformaci\u00f3n por fluencia: AerMet100 resiste la deformaci\u00f3n bajo carga a altas temperaturas de hasta 700 \u00b0C, lo que lo hace adecuado para servicio a temperaturas elevadas.<\/li>\n<li class=\"whitespace-normal\">Resistencia a la corrosi\u00f3n: la composici\u00f3n de acero inoxidable ofrece resistencia a la corrosi\u00f3n y oxidaci\u00f3n para su uso en entornos hostiles.<\/li>\n<li class=\"whitespace-normal\">Soldabilidad &amp; # 8211 ; El bajo contenido de carbono permite una buena soldabilidad mediante m\u00e9todos de soldadura por fusi\u00f3n est\u00e1ndar.<\/li>\n<li class=\"whitespace-normal\">Rentabilidad - AerMet100 es m\u00e1s asequible que otras aleaciones ex\u00f3ticas con propiedades similares.<\/li>\n<\/ul>\n<p class=\"whitespace-pre-wrap\">Este excepcional equilibrio de propiedades hace que el AerMet100 sea adecuado para las exigentes aplicaciones en los sectores aeroespacial, petrolero y gasista, automotriz e industrial. Las piezas fabricadas con polvo AerMet100 poseen un alto \u00edndice de resistencia y peso, durabilidad y confiabilidad bajo cargas operativas.<\/p>\n<h2>Composici\u00f3n en polvo de acero inoxidable AerMet100<\/h2>\n<p class=\"whitespace-pre-wrap\">AerMet100 tiene una composici\u00f3n de acero inoxidable martens\u00edtico con agregados de cobalto, n\u00edquel y molibdeno para aumentar su resistencia y dureza. La composici\u00f3n nominal se detalla a continuaci\u00f3n:<\/p>\n<table>\n<thead>\n<tr>\n<th>Elemento<\/th>\n<th>Porcentaje de peso<\/th>\n<\/tr>\n<\/thead>\n<tbody>\n<tr>\n<td>Hierro (Fe)<\/td>\n<td>Equilibrio<\/td>\n<\/tr>\n<tr>\n<td>Cromo (Cr)<\/td>\n<td>15.0 &#8211; 17.0<\/td>\n<\/tr>\n<tr>\n<td>N\u00edquel (Ni)<\/td>\n<td>7.0 &#8211; 10.0<\/td>\n<\/tr>\n<tr>\n<td>Cobalto (Co)<\/td>\n<td>8.0 &#8211; 10.0<\/td>\n<\/tr>\n<tr>\n<td>Molibdeno (Mo)<\/td>\n<td>4.0 &#8211; 5.0<\/td>\n<\/tr>\n<tr>\n<td>Manganeso (Mn)<\/td>\n<td>&lt; 1.0<\/td>\n<\/tr>\n<tr>\n<td>Silicio (Si)<\/td>\n<td>&lt; 1.0<\/td>\n<\/tr>\n<tr>\n<td>Carbono (C)<\/td>\n<td>&lt; 0,03<\/td>\n<\/tr>\n<\/tbody>\n<\/table>\n<p class=\"whitespace-pre-wrap\">Los elementos de aleaci\u00f3n clave y sus efectos son:<\/p>\n<ul class=\"list-disc pl-8 space-y-2\">\n<li class=\"whitespace-normal\"><strong>Cromo<\/strong>- Proporciona resistencia a la corrosi\u00f3n y a la oxidaci\u00f3n<\/li>\n<li class=\"whitespace-normal\"><strong>N\u00edquel<\/strong>?- Aumenta la tenacidad y ductilidad<\/li>\n<li class=\"whitespace-normal\"><strong>Cobalto<\/strong>?- Fortalecedor de soluci\u00f3n s\u00f3lida, aumenta la resistencia<\/li>\n<li class=\"whitespace-normal\"><strong>Molibdeno<\/strong>?- Refuerzo para soluciones s\u00f3lidas, aumenta la resistencia y resistencia a la fluencia<\/li>\n<li class=\"whitespace-normal\"><strong>Manganeso y silic\u00f3n<\/strong>?- Desoxidantes para mejorar la capacidad de fabricaci\u00f3n de polvo<\/li>\n<li class=\"whitespace-normal\"><strong>Carbono<\/strong>?- Se mantuvo bajo para una mejor soldabilidad<\/li>\n<\/ul>\n<p class=\"whitespace-pre-wrap\">La combinaci\u00f3n de estos elementos le da al acero inoxidable AerMet100 su conjunto \u00fanico de propiedades.<\/p>\n<h2>Propiedades del polvo de acero inoxidable AerMet100<\/h2>\n<p class=\"whitespace-pre-wrap\">AerMet100 presenta las siguientes propiedades f\u00edsicas y mec\u00e1nicas en condiciones AM acabadas y tratadas t\u00e9rmicamente:<\/p>\n<table>\n<thead>\n<tr>\n<th>Propiedad<\/th>\n<th>Construido<\/th>\n<th>Tratado t\u00e9rmicamente<\/th>\n<\/tr>\n<\/thead>\n<tbody>\n<tr>\n<td><strong>Densidad<\/strong><\/td>\n<td>7,9 g\/cc<\/td>\n<td>7,9 g\/cc<\/td>\n<\/tr>\n<tr>\n<td><strong>Porosidad<\/strong><\/td>\n<td>&lt; 1%<\/td>\n<td>&lt; 1%<\/td>\n<\/tr>\n<tr>\n<td><strong>Rugosidad superficial (Ra)<\/strong><\/td>\n<td>15-25 \u00c3\u2014 m<\/td>\n<td>15-25 \u00c3\u2014 m<\/td>\n<\/tr>\n<tr>\n<td><strong>Dureza<\/strong><\/td>\n<td>30-35 HRC<\/td>\n<td>34-38 CDH<\/td>\n<\/tr>\n<tr>\n<td><strong>Resistencia a la tensi\u00f3n<\/strong><\/td>\n<td>170 - 190 ksi<\/td>\n<td>190-220 ksi<\/td>\n<\/tr>\n<tr>\n<td><strong>Resistencia a la fluencia (0,2% de desplazamiento)<\/strong><\/td>\n<td>160-180 ksi<\/td>\n<td>180-210 ksi<\/td>\n<\/tr>\n<tr>\n<td><strong>Elongaci\u00f3n<\/strong><\/td>\n<td>8-13%<\/td>\n<td>10-15%<\/td>\n<\/tr>\n<tr>\n<td><strong>Reducci\u00f3n de \u00e1rea<\/strong><\/td>\n<td>15-25%<\/td>\n<td>15-25%<\/td>\n<\/tr>\n<tr>\n<td><strong>M\u00f3dulo de elasticidad<\/strong><\/td>\n<td>27-30 Msi<\/td>\n<td>29-32 Msi<\/td>\n<\/tr>\n<tr>\n<td><strong>CTE (70-400 \u00b0C)<\/strong><\/td>\n<td>11-12 x m\/m\u00a1\u00abC<\/td>\n<td>11-12 x m\/m\u00a1\u00abC<\/td>\n<\/tr>\n<tr>\n<td><strong>Conductividad<\/strong><\/td>\n<td>25-30% IACS<\/td>\n<td>25-30% IACS<\/td>\n<\/tr>\n<\/tbody>\n<\/table>\n<p class=\"whitespace-pre-wrap\">Las propiedades hacen que el AerMet100 sea adecuado para componentes estructurales de alta resistencia, elementos de fijaci\u00f3n aeroespaciales, herramientas de fondo de pozo, v\u00e1lvulas y bombas, y otras piezas cr\u00edticas donde la resistencia a la fatiga es primordial.<\/p>\n<h2>Aplicaciones del polvo de acero inoxidable AerMet100<\/h2>\n<p class=\"whitespace-pre-wrap\">Las propiedades \u00fanicas de AerMet100 lo convierten en una excelente opci\u00f3n para las siguientes aplicaciones:<\/p>\n<h3>Aeroespacial<\/h3>\n<ul class=\"list-disc pl-8 space-y-2\">\n<li class=\"whitespace-normal\">Soportes estructurales, tirantes, componentes del fuselaje<\/li>\n<li class=\"whitespace-normal\">Piezas del tren de aterrizaje, componentes del ala, empenaje<\/li>\n<li class=\"whitespace-normal\">Soportes del motor, componentes de escape<\/li>\n<li class=\"whitespace-normal\">\u00c1labes de turbina, impulsores, piezas del compresor<\/li>\n<li class=\"whitespace-normal\">Sujetadores de alta resistencia, pernos, tuercas, remaches<\/li>\n<\/ul>\n<h3>Petr\u00f3leo y gas<\/h3>\n<ul class=\"list-disc pl-8 space-y-2\">\n<li class=\"whitespace-normal\">Herramientas y componentes de perforaci\u00f3n de pozos<\/li>\n<li class=\"whitespace-normal\">Piezas para cabeceras de pozo, v\u00e1lvulas, bombas<\/li>\n<li class=\"whitespace-normal\">Vasos de presi\u00f3n, tubulares de ca\u00f1er\u00eda<\/li>\n<li class=\"whitespace-normal\">Partes estructurales submarinas\/costeras<\/li>\n<\/ul>\n<h3>Automovil\u00edstico<\/h3>\n<ul class=\"list-disc pl-8 space-y-2\">\n<li class=\"whitespace-normal\">Componentes de generaci\u00f3n el\u00e9ctrica<\/li>\n<li class=\"whitespace-normal\">Piezas de sistemas de transmisi\u00f3n como engranajes y ejes<\/li>\n<li class=\"whitespace-normal\">Refuerzos estructurales, componentes del chasis<\/li>\n<li class=\"whitespace-normal\">Componentes de competici\u00f3n de alto rendimiento<\/li>\n<\/ul>\n<h3>Industrial<\/h3>\n<ul class=\"list-disc pl-8 space-y-2\">\n<li class=\"whitespace-normal\">Componentes de rob\u00f3tica expuestos al desgaste y a los impactos<\/li>\n<li class=\"whitespace-normal\">Troqueles, moldes, herramientas<\/li>\n<li class=\"whitespace-normal\">Partes de manipulaci\u00f3n de fluidos como v\u00e1lvulas y bombas<\/li>\n<li class=\"whitespace-normal\">Otros componentes de carga de ciclos elevados<\/li>\n<\/ul>\n<p class=\"whitespace-pre-wrap\">La excelente resistencia a la fatiga de AerMet100 lo hace un reemplazo ideal para componentes tradicionalmente hechos de titanio o aleaciones de n\u00edquel. La alta dureza tambi\u00e9n proporciona una buena resistencia al desgaste.<\/p>\n<h2>Especificaciones del polvo de acero inoxidable AerMet100<\/h2>\n<p class=\"whitespace-pre-wrap\">Los productos en polvo AerMet100 cumplen las siguientes especificaciones:<\/p>\n<table>\n<thead>\n<tr>\n<th><strong>Especificaci\u00f3n<\/strong><\/th>\n<th><strong>Grado\/Aliaci\u00f3n<\/strong><\/th>\n<\/tr>\n<\/thead>\n<tbody>\n<tr>\n<td>AMS 7245<\/td>\n<td>AerMet100<\/td>\n<\/tr>\n<tr>\n<td>ASTM F3056<\/td>\n<td>AlloySpec 23A<\/td>\n<\/tr>\n<tr>\n<td>DIN 17224<\/td>\n<td>X3NiCoMoAl 15-7-3<\/td>\n<\/tr>\n<\/tbody>\n<\/table>\n<p class=\"whitespace-pre-wrap\">Las distribuciones de tama\u00f1o t\u00edpicas para el procesamiento de FA son:<\/p>\n<table>\n<thead>\n<tr>\n<th><strong>Tama\u00f1o de part\u00edcula<\/strong><\/th>\n<th><strong>Distribuci\u00f3n<\/strong><\/th>\n<\/tr>\n<\/thead>\n<tbody>\n<tr>\n<td>15-53 \u00c3?m<\/td>\n<td>98%<\/td>\n<\/tr>\n<tr>\n<td>&lt;106 \u00c3\u201em<\/td>\n<td>99%<\/td>\n<\/tr>\n<\/tbody>\n<\/table>\n<p class=\"whitespace-pre-wrap\">La composici\u00f3n qu\u00edmica debe cumplir con los rangos permisibles para elementos como Cr, Ni, Co, Mo, C, etc. como se describe en la especificaci\u00f3n AMS 7245 para la aleaci\u00f3n AerMet100.<\/p>\n<p class=\"whitespace-pre-wrap\">Las propiedades mec\u00e1nicas deben cumplir o superar los valores m\u00ednimos de dureza, resistencia a la tracci\u00f3n, l\u00edmite el\u00e1stico, alargamiento y reducci\u00f3n de \u00e1rea establecidos en AMS 7245.<\/p>\n<p class=\"whitespace-pre-wrap\">Las pruebas no destructivas como la penetraci\u00f3n de tinte o la inspecci\u00f3n con part\u00edculas magn\u00e9ticas no deber\u00edan mostrar defectos o fallas cr\u00edticas. El polvo deber\u00eda tener buena fluidez y presentar ausencia de grumos.<\/p>\n<h2>Proveedores y precios de polvo de acero inoxidable AerMet100<\/h2>\n<p class=\"whitespace-pre-wrap\">El polvo de AerMet100 est\u00e1 disponible a trav\u00e9s de los siguientes proveedores principales:<\/p>\n<table>\n<thead>\n<tr>\n<th><strong>Proveedor<\/strong><\/th>\n<th><strong>Designaci\u00f3n del producto<\/strong><\/th>\n<th><strong>Rango de precios por kg<\/strong><\/th>\n<\/tr>\n<\/thead>\n<tbody>\n<tr>\n<td>Carpenter Additive<\/td>\n<td>CarTech AerMet100<\/td>\n<td>$85-110<\/td>\n<\/tr>\n<tr>\n<td>H\u00e1gans<\/td>\n<td>DM100 de Digital Metal<\/td>\n<td>$90-120<\/td>\n<\/tr>\n<tr>\n<td>Praxair<\/td>\n<td>TRU100<\/td>\n<td>$80-100<\/td>\n<\/tr>\n<tr>\n<td>Sandvik Osprey<\/td>\n<td>Osprey Met 100<\/td>\n<td>$75-95<\/td>\n<\/tr>\n<\/tbody>\n<\/table>\n<p class=\"whitespace-pre-wrap\">Los precios var\u00edan seg\u00fan el volumen del pedido, el tama\u00f1o del lote, el distribuidor regional y otros descuentos. Las cantidades de investigaci\u00f3n m\u00e1s peque\u00f1as pueden costar m\u00e1s que los vol\u00famenes de producci\u00f3n a granel.<\/p>\n<h2>Almacenamiento y manejo<\/h2>\n<p class=\"whitespace-pre-wrap\">Para mantener la calidad del polvo de AerMet100 para su uso en fabricaci\u00f3n aditiva, se deben seguir las siguientes reglas de almacenamiento y manipulaci\u00f3n:<\/p>\n<ul class=\"list-disc pl-8 space-y-2\">\n<li class=\"whitespace-normal\">Almacenar los envases sellados en un lugar fresco, seco y lejos de la humedad o fuentes de contaminaci\u00f3n<\/li>\n<li class=\"whitespace-normal\">Evitar exponer el polvo a una alta humedad (&gt; 60% HR) durante un tiempo prolongado<\/li>\n<li class=\"whitespace-normal\">Deje que el polvo se equilibre a temperatura ambiente antes de abrir el contenedor para evitar la condensaci\u00f3n<\/li>\n<li class=\"whitespace-normal\">Verter y transferir polvo en ambientes inertes con bajo contenido de ox\u00edgeno siempre que sea posible<\/li>\n<li class=\"whitespace-normal\">Utilice equipos y accesorios de manipulaci\u00f3n de polvo elaborados con materiales compatibles a fin de evitar la contaminaci\u00f3n.<\/li>\n<li class=\"whitespace-normal\">Limite la reutilizaci\u00f3n del polvo a un m\u00e1ximo de 2-3 ciclos para evitar la degradaci\u00f3n de las propiedades<\/li>\n<li class=\"whitespace-normal\">Realizar pruebas de polvo usado para garantizar que a\u00fan cumple con todas las especificaciones para reutilizaci\u00f3n<\/li>\n<\/ul>\n<p class=\"whitespace-pre-wrap\">Un almacenamiento apropiado y un manipuleo cuidadoso son la clave para prevenir la oxidaci\u00f3n del polvo, la contaminaci\u00f3n o los cambios en la fluidez.<\/p>\n<h2>Informaci\u00f3n de seguridad<\/h2>\n<ul class=\"list-disc pl-8 space-y-2\">\n<li class=\"whitespace-normal\">Usa PPE al manipular polvo, guantes, mascarilla, gafas protectoras<\/li>\n<li class=\"whitespace-normal\">Evitar el contacto con la piel para prevenir posibles reacciones al\u00e9rgicas<\/li>\n<li class=\"whitespace-normal\">Evite la inhalaci\u00f3n de polvos finos durante periodos prolongados<\/li>\n<li class=\"whitespace-normal\">Aseg\u00farate que haya suficiente ventilaci\u00f3n y que se recolecte el polvo al procesar<\/li>\n<li class=\"whitespace-normal\">Use herramientas antichispas para dispensar y manipular polvo<\/li>\n<li class=\"whitespace-normal\">Se recomienda el inertizado con gas para el manejo de polvo<\/li>\n<li class=\"whitespace-normal\">Siga todas las pautas aplicables de la hoja de datos de seguridad (SDS)<\/li>\n<li class=\"whitespace-normal\">Deseche de acuerdo con la normativa local y aseg\u00farese de su contenci\u00f3n<\/li>\n<\/ul>\n<p class=\"whitespace-pre-wrap\">Las aleaciones en polvo de AerMet100 generalmente no son materiales peligrosos pero se aconseja seguir las pr\u00e1cticas b\u00e1sicas de seguridad durante el almacenamiento, la manipulaci\u00f3n y el procesamiento.<\/p>\n<h2>Inspecci\u00f3n y Pruebas<\/h2>\n<p class=\"whitespace-pre-wrap\">Para garantizar que el polvo AerMet100 cumple con las especificaciones, se pueden utilizar los siguientes procedimientos de inspecci\u00f3n y prueba:<\/p>\n<table>\n<thead>\n<tr>\n<th><strong>M\u00e9todo de Prueba<\/strong><\/th>\n<th><strong>Propiedad Validada<\/strong><\/th>\n<\/tr>\n<\/thead>\n<tbody>\n<tr>\n<td>Inspecci\u00f3n visual<\/td>\n<td>Fluidez del polvo, contaminaci\u00f3n<\/td>\n<\/tr>\n<tr>\n<td>Microscop\u00eda electr\u00f3nica de barrido<\/td>\n<td>Distribuci\u00f3n del tama\u00f1o de part\u00edcula y morfolog\u00eda<\/td>\n<\/tr>\n<tr>\n<td>Espectroscopia dispersiva de energ\u00eda de rayos X<\/td>\n<td>Qu\u00edmica de las aleaciones, contaminaci\u00f3n<\/td>\n<\/tr>\n<tr>\n<td>Difracci\u00f3n de rayos X<\/td>\n<td>Fases presentes, contaminaci\u00f3n<\/td>\n<\/tr>\n<tr>\n<td>Fluj\u00f3metro de efecto Hall<\/td>\n<td>Caudal de polvo<\/td>\n<\/tr>\n<tr>\n<td>Densidad aparente<\/td>\n<td>Densidad de empaquetado del polvo<\/td>\n<\/tr>\n<tr>\n<td>Ensayo de densidad del compacto<\/td>\n<td>Capacidad de flujo del polvo<\/td>\n<\/tr>\n<tr>\n<td>An\u00e1lisis granulom\u00e9trico<\/td>\n<td>Distribuci\u00f3n de tama\u00f1o de part\u00edcula seg\u00fan ASTM B214<\/td>\n<\/tr>\n<tr>\n<td>An\u00e1lisis qu\u00edmico<\/td>\n<td>Composici\u00f3n seg\u00fan AMS 7245, \u00f3xidos<\/td>\n<\/tr>\n<tr>\n<td>Medici\u00f3n de Densidad<\/td>\n<td>Densidad de polvo vs. AMS 7245<\/td>\n<\/tr>\n<\/tbody>\n<\/table>\n<p class=\"whitespace-pre-wrap\">Las pruebas mec\u00e1nicas de las muestras impresas seg\u00fan AMS 7245 validan que las propiedades de la pieza final cumplen los requisitos. Los m\u00e9todos de prueba incluyen dureza, resistencia a la tracci\u00f3n, impacto Charpy, fatiga de alto ciclo, fatiga de bajo ciclo, rotura por fluencia, tenacidad a la fractura, corrosi\u00f3n, etc.<\/p>\n<h2>Comparaci\u00f3n del polvo de acero inoxidable AerMet100 con los materiales similares<\/h2>\n<p class=\"whitespace-pre-wrap\">El AerMet100 se compara con otros aceros inoxidables martens\u00edticos de alta resistencia de la siguiente manera:<\/p>\n<table>\n<thead>\n<tr>\n<th><strong>Aleaci\u00f3n<\/strong><\/th>\n<th><strong>Fuerza<\/strong><\/th>\n<th><strong>Ductilidad<\/strong><\/th>\n<th><strong>Soldabilidad<\/strong><\/th>\n<th><strong>Coste<\/strong><\/th>\n<\/tr>\n<\/thead>\n<tbody>\n<tr>\n<td>AerMet100<\/td>\n<td>Muy alto<\/td>\n<td>Moderado<\/td>\n<td>Justa<\/td>\n<td>Moderado<\/td>\n<\/tr>\n<tr>\n<td>17-4PH<\/td>\n<td>Alto<\/td>\n<td>Bajo<\/td>\n<td>Pobre<\/td>\n<td>Bajo<\/td>\n<\/tr>\n<tr>\n<td>Personalizada 465<\/td>\n<td>Muy alto<\/td>\n<td>Bajo<\/td>\n<td>Pobre<\/td>\n<td>Alto<\/td>\n<\/tr>\n<tr>\n<td>316L<\/td>\n<td>Moderado<\/td>\n<td>Alto<\/td>\n<td>Excelente<\/td>\n<td>Bajo<\/td>\n<\/tr>\n<tr>\n<td>Inconel 718<\/td>\n<td>Alto<\/td>\n<td>Alto<\/td>\n<td>Moderado<\/td>\n<td>Muy alto<\/td>\n<\/tr>\n<\/tbody>\n<\/table>\n<p class=\"whitespace-pre-wrap\"><strong>Ventajas de AerMet100:<\/strong><\/p>\n<ul class=\"list-disc pl-8 space-y-2\">\n<li class=\"whitespace-normal\">Mayor resistencia a 17-4 PH y 316L<\/li>\n<li class=\"whitespace-normal\">Mejor ductilidad que la Custom 465 para mayor resistencia al impacto<\/li>\n<li class=\"whitespace-normal\">M\u00e1s f\u00e1cil de soldar que las aleaciones endurecibles por precipitaci\u00f3n<\/li>\n<li class=\"whitespace-normal\">Menor coste que Inconel 718<\/li>\n<\/ul>\n<p class=\"whitespace-pre-wrap\"><strong>Limitaciones de AerMet100:<\/strong><\/p>\n<ul class=\"list-disc pl-8 space-y-2\">\n<li class=\"whitespace-normal\">Ductilidad\/tenacidad a la fractura menor que 316L austen\u00edtico<\/li>\n<li class=\"whitespace-normal\">De peor soldabilidad que el 316L<\/li>\n<li class=\"whitespace-normal\">Coste m\u00e1s alto que 17-4PH o 316L<\/li>\n<li class=\"whitespace-normal\">Resistencia menor que Custom 465 en condiciones pico de envejecimiento<\/li>\n<\/ul>\n<p class=\"whitespace-pre-wrap\">En general, AerMet100 ofrece una combinaci\u00f3n \u00f3ptima de resistencia, ductilidad, soldabilidad y coste para piezas de alto rendimiento fabricadas mediante procesos AM.<\/p>\n<h2>Preguntas frecuentes (FAQ)<\/h2>\n<p class=\"whitespace-pre-wrap\"><strong>P: \u00bfCu\u00e1les son los beneficios clave de la aleaci\u00f3n AerMet100?<\/strong><\/p>\n<p class=\"whitespace-pre-wrap\">R: Los beneficios principales de AerMet100 son su alta resistencia y dureza acopladas con buena ductilidad, excelente resistencia a la fatiga, resistencia a la fluencia, resistencia a la corrosi\u00f3n y coste moderado. Esto lo hace muy adecuado para aplicaciones AM cr\u00edticas.<\/p>\n<p class=\"whitespace-pre-wrap\"><strong>P: \u00bfQu\u00e9 tratamiento t\u00e9rmico se utiliza para AerMet100?<\/strong><\/p>\n<p class=\"whitespace-pre-wrap\">A: Un tratamiento t\u00e9rmico t\u00edpico es de 1 a 2 horas de soluci\u00f3n a 1040 a 1080 \u00b0C, seguido de enfriamiento al aire o al horno a temperatura ambiente y, despu\u00e9s, endurecimiento por envejecimiento a 480 \u00b0C durante 4 horas para conseguir una resistencia y dureza \u00f3ptimas.<\/p>\n<p class=\"whitespace-pre-wrap\"><strong>P: \u00bfQu\u00e9 m\u00e9todos de soldadura pueden usarse para unir las partes AerMet100?<\/strong><\/p>\n<p class=\"whitespace-pre-wrap\">R: Se recomiendan m\u00e9todos de soldadura por fusi\u00f3n como GTAW, GMAW y PAW para AerMet100 para evitar grietas y minimizar la distorsi\u00f3n. Tambi\u00e9n se sugieren la entrada de calor bajo y el martillado de las soldaduras. El soldeo tambi\u00e9n puede producir juntas buenas.<\/p>\n<p class=\"whitespace-pre-wrap\"><strong>P: \u00bfC\u00f3mo se compara el AerMet100 con los aceros maraging para AM?<\/strong><\/p>\n<p class=\"whitespace-pre-wrap\">A: AerMet100 tiene mayor ductilidad pero una resistencia ligeramente menor que los aceros maraging como 18Ni300 o 18Ni350. Los aceros maraging tienen poca soldabilidad. AerMet100 es una buena alternativa de bajo costo al maraging.<\/p>\n<p class=\"whitespace-pre-wrap\"><strong>P: \u00bfSe puede mecanizar AerMet100 despu\u00e9s del procesamiento de fabricaci\u00f3n aditiva?<\/strong><\/p>\n<p class=\"whitespace-pre-wrap\">R: S\u00ed, se puede mecanizar AerMet100 despu\u00e9s de la fabricaci\u00f3n aditiva pero se debe tener cuidado para tener en cuenta los efectos de endurecimiento por deformaci\u00f3n. Se recomiendan fuerzas de corte bajas, herramientas de carburo y refrigerante adecuado. Se puede requerir recocido despu\u00e9s de un mecanizado extenso.<\/p>\n<p class=\"whitespace-pre-wrap\"><strong>P: \u00bfQu\u00e9 rango de tama\u00f1o de part\u00edcula de polvo de AerMet100 es \u00f3ptimo para la fabricaci\u00f3n aditiva?<\/strong><\/p>\n<p class=\"whitespace-pre-wrap\">R: El rango de tama\u00f1o de part\u00edcula recomendado para AM es de 15 a 45 \u00c3\u2014m. Los polvos m\u00e1s finos mejoran la resoluci\u00f3n, pero pueden tener un impacto negativo en la fluidez. Los polvos m\u00e1s gruesos de m\u00e1s de 53 \u00c3\u2014m pueden provocar defectos de impresi\u00f3n. El punto \u00f3ptimo t\u00edpico es de 25 a 35 \u00c3\u2014m.<\/p>\n<p><\/span><\/span><\/p>","protected":false},"excerpt":{"rendered":"<p>El polvo de acero inoxidable AerMet100 es un polvo de aleaci\u00f3n de alto rendimiento dise\u00f1ado para aplicaciones de fabricaci\u00f3n aditiva que requieren alta resistencia y resistencia a la fatiga. Algunas caracter\u00edsticas clave de este material son Alta resistencia y dureza - AerMet100 tiene una excelente resistencia con una resistencia a la tracci\u00f3n superior a 200 ksi y una dureza que oscila entre 30-36 HRC. Buena ductilidad - A pesar de su alta resistencia,...<\/p>","protected":false},"featured_media":1950,"parent":0,"template":"","meta":{"_acf_changed":false,"_kad_blocks_custom_css":"","_kad_blocks_head_custom_js":"","_kad_blocks_body_custom_js":"","_kad_blocks_footer_custom_js":"","_kad_post_transparent":"","_kad_post_title":"","_kad_post_layout":"","_kad_post_sidebar_id":"","_kad_post_content_style":"","_kad_post_vertical_padding":"","_kad_post_feature":"","_kad_post_feature_position":"","_kad_post_header":false,"_kad_post_footer":false,"_kad_post_classname":""},"product-category":[119,122],"class_list":["post-3944","product","type-product","status-publish","has-post-thumbnail","hentry","product-category-3d-printing-metal-powder","product-category-iron-based-alloy-powder"],"acf":[],"taxonomy_info":{"product-category":[{"value":119,"label":"3D Printing Metal Powder"},{"value":122,"label":"Iron Based Alloy Powder"}]},"featured_image_src_large":["https:\/\/3dpmetal.com\/wp-content\/uploads\/2024\/02\/300M-Stainless-Steel-Powder.jpg",545,408,false],"author_info":[],"comment_info":"","_links":{"self":[{"href":"https:\/\/3dpmetal.com\/es\/wp-json\/wp\/v2\/product\/3944","targetHints":{"allow":["GET"]}}],"collection":[{"href":"https:\/\/3dpmetal.com\/es\/wp-json\/wp\/v2\/product"}],"about":[{"href":"https:\/\/3dpmetal.com\/es\/wp-json\/wp\/v2\/types\/product"}],"wp:featuredmedia":[{"embeddable":true,"href":"https:\/\/3dpmetal.com\/es\/wp-json\/wp\/v2\/media\/1950"}],"wp:attachment":[{"href":"https:\/\/3dpmetal.com\/es\/wp-json\/wp\/v2\/media?parent=3944"}],"wp:term":[{"taxonomy":"product-category","embeddable":true,"href":"https:\/\/3dpmetal.com\/es\/wp-json\/wp\/v2\/product-category?post=3944"}],"curies":[{"name":"wp","href":"https:\/\/api.w.org\/{rel}","templated":true}]}}