{"id":3950,"date":"2024-03-18T06:10:15","date_gmt":"2024-03-18T06:10:15","guid":{"rendered":"https:\/\/3dp.45612300.xyz\/product\/cocrfeni-powder\/"},"modified":"2024-03-18T06:10:15","modified_gmt":"2024-03-18T06:10:15","slug":"cocrfeni-powder","status":"publish","type":"product","link":"https:\/\/3dpmetal.com\/es\/product\/cocrfeni-powder\/","title":{"rendered":"Polvo de CoCrFeNi"},"content":{"rendered":"<p><span style=\"vertical-align: inherit;\"><span style=\"vertical-align: inherit;\"><\/p>\n<h2>Resumen del polvo de CoCrFeNi<\/h2>\n<p class=\"whitespace-pre-wrap\">El polvo de CoCrFeNi, tambi\u00e9n conocido como polvo de CoCrFeNiMn o polvo de aleaci\u00f3n de alta entrop\u00eda (HEA), se refiere a un material compuesto de elementos de cobalto, cromo, hierro y n\u00edquel en proporciones casi equiat\u00f3micas. Este nuevo polvo de aleaci\u00f3n presenta propiedades excepcionales en comparaci\u00f3n con las aleaciones convencionales y ha generado un inter\u00e9s significativo para diversas aplicaciones.<\/p>\n<p class=\"whitespace-pre-wrap\">Algunas caracter\u00edsticas clave del polvo de CoCrFeNi son:<\/p>\n<ul class=\"list-disc pl-8 space-y-2\">\n<li class=\"whitespace-normal\">Alta entrop\u00eda configuracional que lleva a resistencia, dureza, estabilidad t\u00e9rmica y resistencia a la corrosi\u00f3n sobresalientes<\/li>\n<li class=\"whitespace-normal\">Microestructura de fase FCC de soluci\u00f3n s\u00f3lida \u00fanica<\/li>\n<li class=\"whitespace-normal\">Excelente combinaci\u00f3n de resistencia-ductilidad<\/li>\n<li class=\"whitespace-normal\">Alta resistencia a la fractura<\/li>\n<li class=\"whitespace-normal\">Buena maquinabilidad y conformabilidad<\/li>\n<li class=\"whitespace-normal\">Resistencia al ablandamiento a temperaturas elevadas<\/li>\n<li class=\"whitespace-normal\">Personalizable con peque\u00f1as adiciones de elementos como el manganeso<\/li>\n<\/ul>\n<p class=\"whitespace-pre-wrap\">El desorden exclusivo en la disposici\u00f3n at\u00f3mica de CoCrFeNi otorga un desempe\u00f1o mec\u00e1nico superior. Las concentraciones cuasi-iguales de los elementos principales obstaculizan el movimiento de dislocaci\u00f3n, lo que mejora la dureza. La estructura multif\u00e1sica proporciona una soluci\u00f3n s\u00f3lida reforzada a trav\u00e9s de los efectos de la tensi\u00f3n de celos\u00eda.<\/p>\n<h3>Composici\u00f3n del polvo de CoCrFeNi<\/h3>\n<p class=\"whitespace-pre-wrap\">La composici\u00f3n del polvo HEA CoCrFeNi se puede adaptar, pero generalmente consta de:<\/p>\n<table>\n<thead>\n<tr>\n<th>Elemento<\/th>\n<th>Rango de composici\u00f3n t\u00edpico<\/th>\n<\/tr>\n<\/thead>\n<tbody>\n<tr>\n<td>Cobalto (Co)<\/td>\n<td>20-35 at.%<\/td>\n<\/tr>\n<tr>\n<td>Cromo (Cr)<\/td>\n<td>20-35 at.%<\/td>\n<\/tr>\n<tr>\n<td>Hierro (Fe)<\/td>\n<td>20-35 at.%<\/td>\n<\/tr>\n<tr>\n<td>N\u00edquel (Ni)<\/td>\n<td>20-35 at.%<\/td>\n<\/tr>\n<\/tbody>\n<\/table>\n<p class=\"whitespace-pre-wrap\">La relaci\u00f3n estequiom\u00e9trica brinda una entrop\u00eda configuracional m\u00e1xima, pero las desviaciones menores no afectan significativamente las propiedades. Es com\u00fan agregar entre 1 y 2% at\u00f3mico de manganeso para mejorar a\u00fan m\u00e1s las propiedades mediante el refinamiento de grano y el endurecimiento por precipitaci\u00f3n.<\/p>\n<h3>Propiedades del polvo CoCrFeNi<\/h3>\n<p class=\"whitespace-pre-wrap\">El polvo de la aleaci\u00f3n CoCrFeNi exhibe una combinaci\u00f3n \u00fanica de excelentes propiedades:<\/p>\n<table>\n<thead>\n<tr>\n<th>Propiedad<\/th>\n<th>Valores<\/th>\n<\/tr>\n<\/thead>\n<tbody>\n<tr>\n<td>Densidad<\/td>\n<td>7,5-8,3 g\/cm3<\/td>\n<\/tr>\n<tr>\n<td>Punto de Fusi\u00f3n<\/td>\n<td>1200 a. C.<\/td>\n<\/tr>\n<tr>\n<td>Microdureza<\/td>\n<td>2,5-4 GPa<\/td>\n<\/tr>\n<tr>\n<td>Resistencia \u00faltima a la tracci\u00f3n<\/td>\n<td>500-1300 MPa<\/td>\n<\/tr>\n<tr>\n<td>Resistencia el\u00e1stica<\/td>\n<td>200-1100 MPa<\/td>\n<\/tr>\n<tr>\n<td>Elongaci\u00f3n<\/td>\n<td>10-60%<\/td>\n<\/tr>\n<tr>\n<td>M\u00f3dulo de Young<\/td>\n<td>150-250 GPa<\/td>\n<\/tr>\n<tr>\n<td>M\u00f3dulo cortante<\/td>\n<td>65\u201385 GPa<\/td>\n<\/tr>\n<tr>\n<td>Coeficiente de Poisson<\/td>\n<td>0.21-0.33<\/td>\n<\/tr>\n<tr>\n<td>Tenacidad a la fractura<\/td>\n<td>&gt;100 MPa\u00a9\/m<\/td>\n<\/tr>\n<tr>\n<td>Conductividad t\u00e9rmica<\/td>\n<td>10-30 W\/mK<\/td>\n<\/tr>\n<tr>\n<td>Resistividad el\u00e9ctrica<\/td>\n<td>70-100 no es lo m\u00e1ximo<\/td>\n<\/tr>\n<tr>\n<td>Resistencia a la corrosi\u00f3n<\/td>\n<td>Excelente en distintos ambientes<\/td>\n<\/tr>\n<\/tbody>\n<\/table>\n<p class=\"whitespace-pre-wrap\">La gran dureza surge del fortalecimiento de la soluci\u00f3n s\u00f3lida, mientras que la estructura CFC imparte buena ductilidad. Las propiedades se pueden ajustar mediante cambios de composici\u00f3n y procesamiento.<\/p>\n<h3>Caracter\u00edsticas del polvo de CoCrFeNi<\/h3>\n<p class=\"whitespace-pre-wrap\">Algunas caracter\u00edsticas destacadas del polvo de aleaci\u00f3n CoCrFeNi incluyen:<\/p>\n<ul class=\"list-disc pl-8 space-y-2\">\n<li class=\"whitespace-normal\">Estructura FCC monof\u00e1sica sin fases intermet\u00e1licas<\/li>\n<li class=\"whitespace-normal\">Maclas de recocido y fallas de apilamiento presentes<\/li>\n<li class=\"whitespace-normal\">Morfolog\u00eda de polvo equiaxial con buena fluidez<\/li>\n<li class=\"whitespace-normal\">Distribuci\u00f3n del tama\u00f1o del polvo que van desde 15-150 \u00c3\u00d7m<\/li>\n<li class=\"whitespace-normal\">Alta pureza con bajo contenido de ox\u00edgeno<\/li>\n<li class=\"whitespace-normal\">Forma esf\u00e9rica del polvo y superficie lisa<\/li>\n<li class=\"whitespace-normal\">Tama\u00f1o, forma y composici\u00f3n del polvo personalizables<\/li>\n<\/ul>\n<p class=\"whitespace-pre-wrap\">El polvo exhibe una homogeneidad qu\u00edmica alta con una distribuci\u00f3n uniforme de los elementos aleados. La morfolog\u00eda esf\u00e9rica proporciona una buena compactaci\u00f3n y caracter\u00edsticas de flujo.<\/p>\n<h2>Aplicaciones del polvo CoCrFeNi<\/h2>\n<p class=\"whitespace-pre-wrap\">La excepcional combinaci\u00f3n de resistencia, tenacidad y manejabilidad del polvo de CoCrFeNi lo hace adecuado para:<\/p>\n<p class=\"whitespace-pre-wrap\"><strong>Fabricaci\u00f3n aditiva:<\/strong> Excelente imprimibilidad debido a sus buenas caracter\u00edsticas de flujo y fusi\u00f3n. Se utiliza para los sectores aeroespacial, de herramientas e implantes biom\u00e9dicos.<\/p>\n<p class=\"whitespace-pre-wrap\"><strong>Recubrimientos de aerosol t\u00e9rmicos:<\/strong> Resistencia al desgaste, la corrosi\u00f3n y al ablandamiento t\u00e9rmico. Recubrimientos para aplicaciones mec\u00e1nicas, marinas y qu\u00edmicas.<\/p>\n<p class=\"whitespace-pre-wrap\"><strong>Desarrollo de Aleaciones:<\/strong> Materiales base para nuevas aleaciones de alta entrop\u00eda con adiciones de Al, Ti, etc.<\/p>\n<p class=\"whitespace-pre-wrap\"><strong>Moldeo por Inyecci\u00f3n de Metal:<\/strong> Piezas de alta rigidez con buena estabilidad dimensional para aviaci\u00f3n y automoci\u00f3n.<\/p>\n<p class=\"whitespace-pre-wrap\"><strong>Metalurgia de polvos:<\/strong> Piezas P\/M de alto rendimiento con resistencia y ductilidad equilibrados.<\/p>\n<p class=\"whitespace-pre-wrap\"><strong>Aplicaciones criog\u00e9nicas:<\/strong> Conservaci\u00f3n de la ductilidad y tenacidad a temperaturas bajo cero.<\/p>\n<h2>Especificaciones del polvo CoCrFeNi<\/h2>\n<p class=\"whitespace-pre-wrap\">El polvo de aleaci\u00f3n CoCrFeNi est\u00e1 disponible en distintos rangos de dimensiones, composiciones y formas:<\/p>\n<table>\n<thead>\n<tr>\n<th>Par\u00e1metro<\/th>\n<th>Variantes<\/th>\n<\/tr>\n<\/thead>\n<tbody>\n<tr>\n<td>Rango de tama\u00f1os<\/td>\n<td>15-25 \u00b5m, 25-45 \u00b5m, 45-75 \u00b5m, 75-105 \u00b5m, 105-150 \u00b5m<\/td>\n<\/tr>\n<tr>\n<td>Composici\u00f3n<\/td>\n<td>Proporciones elementales equitativas y personalizadas<\/td>\n<\/tr>\n<tr>\n<td>Forma en polvo<\/td>\n<td>Esf\u00e9rica, irregular<\/td>\n<\/tr>\n<tr>\n<td>M\u00e9todo de producci\u00f3n<\/td>\n<td>Gas\/agua pulverizado, aleaci\u00f3n mec\u00e1nica<\/td>\n<\/tr>\n<tr>\n<td>Formularios de suministro<\/td>\n<td>Polvos, preformas sinterizadas<\/td>\n<\/tr>\n<\/tbody>\n<\/table>\n<p class=\"whitespace-pre-wrap\">Los tama\u00f1os de polvo m\u00e1s grandes de 45-150 \u00c3\u00d7m son preferidos para la pulverizaci\u00f3n t\u00e9rmica y el moldeo por inyecci\u00f3n de metal. Los tama\u00f1os de 15-45 \u00c3\u00d7m m\u00e1s finos se utilizan para la manufactura aditiva. Los polvos se pueden personalizar en forma, tama\u00f1o, contenido de ox\u00edgeno y fluidez.<\/p>\n<h2>Proveedores de polvo de CoCrFeNi<\/h2>\n<p class=\"whitespace-pre-wrap\">Algunos de los principales proveedores globales de polvo de aleaci\u00f3n de alta entrop\u00eda CoCrFeNi incluyen:<\/p>\n<table>\n<thead>\n<tr>\n<th>Compa\u00f1\u00eda<\/th>\n<th>capacidad de producci\u00f3n<\/th>\n<th>Ubicaci\u00f3n<\/th>\n<\/tr>\n<\/thead>\n<tbody>\n<tr>\n<td>Sandvik<\/td>\n<td>200 toneladas por a\u00f1o<\/td>\n<td>Suecia<\/td>\n<\/tr>\n<tr>\n<td>Praxair<\/td>\n<td>150 toneladas por a\u00f1o<\/td>\n<td>EE. UU.<\/td>\n<\/tr>\n<tr>\n<td>Hoganas<\/td>\n<td>100 toneladas por a\u00f1o<\/td>\n<td>Suecia<\/td>\n<\/tr>\n<tr>\n<td>Polvo de CNPC<\/td>\n<td>50 toneladas por a\u00f1o<\/td>\n<td>China<\/td>\n<\/tr>\n<tr>\n<td>Carpenter Technologies<\/td>\n<td>40 toneladas por a\u00f1o<\/td>\n<td>EE. UU.<\/td>\n<\/tr>\n<\/tbody>\n<\/table>\n<p class=\"whitespace-pre-wrap\">Los polvos generalmente se producen a trav\u00e9s de m\u00e9todos de atomizaci\u00f3n de agua o gas. Es posible obtener composiciones y tama\u00f1os de polvo personalizados de estos proveedores.<\/p>\n<h3>Precios<\/h3>\n<table>\n<thead>\n<tr>\n<th>Tama\u00f1o del polvo<\/th>\n<th>Rango de precios<\/th>\n<\/tr>\n<\/thead>\n<tbody>\n<tr>\n<td>15-45 micras<\/td>\n<td>150-200 d\u00f3lares por kg<\/td>\n<\/tr>\n<tr>\n<td>45-105 micrones<\/td>\n<td>$100-150 por kg<\/td>\n<\/tr>\n<tr>\n<td>105-150+ micras<\/td>\n<td>80-120 por kg<\/td>\n<\/tr>\n<\/tbody>\n<\/table>\n<p class=\"whitespace-pre-wrap\">Los polvos de mayor tama\u00f1o son m\u00e1s baratos debido a las mayores tasas de producci\u00f3n en la atomizaci\u00f3n. Las aleaciones y composiciones personalizadas tienen precios m\u00e1s altos. Los precios de los polvos han ido disminuyendo debido a la creciente competencia y capacidades del mercado.<\/p>\n<h2>Ventajas y desventajas del polvo CoCrFeNi<\/h2>\n<table>\n<thead>\n<tr>\n<th>Ventajas<\/th>\n<th>Limitaciones<\/th>\n<\/tr>\n<\/thead>\n<tbody>\n<tr>\n<td>Excelente resistencia y dureza<\/td>\n<td>Costes elevados de material debido al Co y Ni<\/td>\n<\/tr>\n<tr>\n<td>Excelente ductilidad y dureza<\/td>\n<td>Datos limitados sobre el rendimiento a largo plazo<\/td>\n<\/tr>\n<tr>\n<td>Buena fabricabilidad mediante AM, MIM y PM<\/td>\n<td>Desaf\u00edos frente al procesamiento con control microestructural<\/td>\n<\/tr>\n<tr>\n<td>Estabilidad t\u00e9rmica y microestructural<\/td>\n<td>La composici\u00f3n debe controlarse con precisi\u00f3n.<\/td>\n<\/tr>\n<tr>\n<td>Alta resistencia a la corrosi\u00f3n y al desgaste<\/td>\n<td>Procesabilidad menor que las aleaciones convencionales<\/td>\n<\/tr>\n<tr>\n<td>Mantiene la fuerza a temperaturas elevadas<\/td>\n<td>A menudo requiere un post-procesamiento de la HIP<\/td>\n<\/tr>\n<\/tbody>\n<\/table>\n<p class=\"whitespace-pre-wrap\">El polvo CoCrFeNi HEA permite componentes con combinaciones de propiedades inigualables. Sin embargo, el material y los costos de procesamiento son elevados. La microestructura y las propiedades dependen en gran medida del control preciso de la composici\u00f3n.<\/p>\n<h2>Comparaci\u00f3n con alternativas<\/h2>\n<p class=\"whitespace-pre-wrap\"><strong>Vs. Polvos de acero inoxidable<\/strong><\/p>\n<ul class=\"list-disc pl-8 space-y-2\">\n<li class=\"whitespace-normal\">Mayor resistencia y dureza<\/li>\n<li class=\"whitespace-normal\">Resistencia al desgaste y la corrosi\u00f3n superior<\/li>\n<li class=\"whitespace-normal\">El material base es m\u00e1s costoso<\/li>\n<li class=\"whitespace-normal\">Menor procesabilidad y soldabilidad<\/li>\n<\/ul>\n<p class=\"whitespace-pre-wrap\"><strong>Vs. Polvos de acero para herramientas<\/strong><\/p>\n<ul class=\"list-disc pl-8 space-y-2\">\n<li class=\"whitespace-normal\">Mejor ductilidad y tenacidad de fractura<\/li>\n<li class=\"whitespace-normal\">Resistencia inferior a altas temperaturas<\/li>\n<li class=\"whitespace-normal\">M\u00e9todos de procesamiento menos establecidos<\/li>\n<li class=\"whitespace-normal\">Limitaciones de tama\u00f1o y disponibilidad de variantes de aleaci\u00f3n<\/li>\n<\/ul>\n<p class=\"whitespace-pre-wrap\"><strong>Vs. Polvos de superaleaci\u00f3n Inconel<\/strong><\/p>\n<ul class=\"list-disc pl-8 space-y-2\">\n<li class=\"whitespace-normal\">Resistencia de alta temperatura comparable<\/li>\n<li class=\"whitespace-normal\">Material de menor costo<\/li>\n<li class=\"whitespace-normal\">Menos historial de rendimiento<\/li>\n<li class=\"whitespace-normal\">Estabilidad microestructural restringida a temperaturas muy elevadas<\/li>\n<\/ul>\n<h2>Preguntas frecuentes<\/h2>\n<p class=\"whitespace-pre-wrap\"><strong>P: Qu\u00e9 es el polvo met\u00e1lico de alta entrop\u00eda (HEA).<\/strong><\/p>\n<p class=\"whitespace-pre-wrap\">A: El polvo HEA contiene varios elementos principales en proporciones casi equiat\u00f3micas para producir propiedades excepcionales de resistencia, ductilidad y estabilidad. El polvo CoCrFeNi es un HEA l\u00edder.<\/p>\n<p class=\"whitespace-pre-wrap\"><strong>P: \u00bfCu\u00e1les son los tama\u00f1os t\u00edpicos de polvo de CoCrFeNi disponibles?<\/strong><\/p>\n<p class=\"whitespace-pre-wrap\">A: Los rangos de tama\u00f1o com\u00fan son de 15 a 45 \u00b5m para AM, de 45 a 105 \u00b5m para pulverizaci\u00f3n t\u00e9rmica y de 105 a 150 \u00b5m para MIM y otras aplicaciones. Se pueden personalizar tama\u00f1os m\u00e1s finos o m\u00e1s gruesos.<\/p>\n<p class=\"whitespace-pre-wrap\"><strong>P: \u00bfQu\u00e9 afecta al precio del polvo de aleaci\u00f3n CoCrFeNi?<\/strong><\/p>\n<p class=\"whitespace-pre-wrap\">R: El precio se determina seg\u00fan el tama\u00f1o del polvo, la composici\u00f3n, pureza, el m\u00e9todo de producci\u00f3n y la cantidad del pedido. Los tama\u00f1os m\u00e1s grandes de m\u00e1s de 100 \u00c3\u2014m son menos costosos. Los agregados menores o rangos de composici\u00f3n m\u00e1s ajustados aumentar\u00e1n los costos.<\/p>\n<p class=\"whitespace-pre-wrap\"><strong>P: \u00bfC\u00f3mo se produce el polvo de HEA CoCrFeNi?<\/strong><\/p>\n<p class=\"whitespace-pre-wrap\">A: La atomizaci\u00f3n de gas y la atomizaci\u00f3n por agua son los m\u00e9todos de producci\u00f3n m\u00e1s importantes. El polvo tambi\u00e9n se puede hacer mediante la aleaci\u00f3n mec\u00e1nica o la criomolienda de lingotes previamente aleados.<\/p>\n<p class=\"whitespace-pre-wrap\"><strong>P: \u00bfCu\u00e1les son algunas aplicaciones de muestra del polvo CoCrFeNi?<\/strong><\/p>\n<p class=\"whitespace-pre-wrap\">R: Los principales usos son la fabricaci\u00f3n aditiva de herramientas y componentes aeroespaciales, revestimientos de rociado t\u00e9rmico para resistencia al desgaste y la corrosi\u00f3n, desarrollo de aleaciones, moldeo por inyecci\u00f3n de metal de partes automotrices y pulvimetalurgia de componentes de alto rendimiento.<\/p>\n<p class=\"whitespace-pre-wrap\"><strong>P: \u00bfCu\u00e1les son las propiedades clave del polvo HEA CoCrFeNi?<\/strong><\/p>\n<p class=\"whitespace-pre-wrap\">A: Presenta una excepcional combinaci\u00f3n de alta resistencia, dureza, ductilidad, tenacidad a la fractura, estabilidad t\u00e9rmica y resistencia a la corrosi\u00f3n en comparaci\u00f3n con las aleaciones convencionales.<\/p>\n<p class=\"whitespace-pre-wrap\"><strong>P: \u00bfCu\u00e1les son las limitaciones del polvo de CoCrFeNi?<\/strong><\/p>\n<p class=\"whitespace-pre-wrap\">A: Desventajas: alto costo del material base, desaf\u00edos de procesamiento para controlar la microestructura, datos limitados del desempe\u00f1o a largo plazo, soldabilidad reducida comparada con los aceros<\/p>\n<p class=\"whitespace-pre-wrap\"><strong>P: \u00bfC\u00f3mo se compara el polvo CoCrFeNi con los aceros para herramientas y los aceros inoxidables?<\/strong><\/p>\n<p class=\"whitespace-pre-wrap\">A: Posee una resistencia y dureza mucho m\u00e1s altas, pero una menor procesabilidad que los aceros inoxidables. En comparaci\u00f3n con los aceros para herramientas, proporciona una mayor resistencia a la fractura y ductibilidad.<\/p>\n<p class=\"whitespace-pre-wrap\"><strong>Q: \u00bfEs CoCrFeNi adecuado para aplicaciones criog\u00e9nicas?<\/strong><\/p>\n<p class=\"whitespace-pre-wrap\">A: S\u00ed, conserva buena ductilidad y tenacidad a temperaturas bajo cero mientras que las aleaciones convencionales se vuelven fr\u00e1giles. Esto lo hace \u00fatil para equipos criog\u00e9nicos.<\/p>\n<p class=\"whitespace-pre-wrap\"><strong>P: \u00bfSe puede personalizar la composici\u00f3n del polvo CoCrFeNi?<\/strong><\/p>\n<p class=\"whitespace-pre-wrap\">A: S\u00ed, los proveedores pueden proporcionar relaciones elementales personalizadas m\u00e1s all\u00e1 de la composici\u00f3n equimolar. Los ajustes comunes son adicionaciones de 1-2 % at. de Mn o Co para ajustar las propiedades.<\/p>\n<p><\/span><\/span><\/p>","protected":false},"excerpt":{"rendered":"<p>Descripci\u00f3n general del polvo de CoCrFeNi El polvo de CoCrFeNi, tambi\u00e9n conocido como polvo de CoCrFeNiMn o polvo de aleaci\u00f3n de alta entrop\u00eda (HEA), es un material compuesto por elementos de cobalto, cromo, hierro y n\u00edquel en proporciones casi equiat\u00f3micas. Este novedoso polvo de aleaci\u00f3n presenta propiedades excepcionales en comparaci\u00f3n con las aleaciones convencionales y ha suscitado un gran inter\u00e9s para diversas aplicaciones. Algunas caracter\u00edsticas clave de...<\/p>","protected":false},"featured_media":1789,"parent":0,"template":"","meta":{"_acf_changed":false,"_kad_blocks_custom_css":"","_kad_blocks_head_custom_js":"","_kad_blocks_body_custom_js":"","_kad_blocks_footer_custom_js":"","_kad_post_transparent":"","_kad_post_title":"","_kad_post_layout":"","_kad_post_sidebar_id":"","_kad_post_content_style":"","_kad_post_vertical_padding":"","_kad_post_feature":"","_kad_post_feature_position":"","_kad_post_header":false,"_kad_post_footer":false,"_kad_post_classname":""},"product-category":[119,127],"class_list":["post-3950","product","type-product","status-publish","has-post-thumbnail","hentry","product-category-3d-printing-metal-powder","product-category-high-entropy-alloy-powder"],"acf":[],"taxonomy_info":{"product-category":[{"value":119,"label":"3D Printing Metal Powder"},{"value":127,"label":"High Entropy Alloy Powder"}]},"featured_image_src_large":["https:\/\/3dpmetal.com\/wp-content\/uploads\/2024\/02\/FeCoNiCrAl-powder.jpg",600,600,false],"author_info":[],"comment_info":"","_links":{"self":[{"href":"https:\/\/3dpmetal.com\/es\/wp-json\/wp\/v2\/product\/3950","targetHints":{"allow":["GET"]}}],"collection":[{"href":"https:\/\/3dpmetal.com\/es\/wp-json\/wp\/v2\/product"}],"about":[{"href":"https:\/\/3dpmetal.com\/es\/wp-json\/wp\/v2\/types\/product"}],"wp:featuredmedia":[{"embeddable":true,"href":"https:\/\/3dpmetal.com\/es\/wp-json\/wp\/v2\/media\/1789"}],"wp:attachment":[{"href":"https:\/\/3dpmetal.com\/es\/wp-json\/wp\/v2\/media?parent=3950"}],"wp:term":[{"taxonomy":"product-category","embeddable":true,"href":"https:\/\/3dpmetal.com\/es\/wp-json\/wp\/v2\/product-category?post=3950"}],"curies":[{"name":"wp","href":"https:\/\/api.w.org\/{rel}","templated":true}]}}