{"id":4294,"date":"2024-04-07T08:17:04","date_gmt":"2024-04-07T08:17:04","guid":{"rendered":"https:\/\/3dpmetal.com\/product\/titanium-ti1023-powder\/"},"modified":"2024-04-08T00:50:22","modified_gmt":"2024-04-08T00:50:22","slug":"titanium-ti1023-powder","status":"publish","type":"product","link":"https:\/\/3dpmetal.com\/es\/product\/titanium-ti1023-powder\/","title":{"rendered":"Titanio Ti1023 Polvo"},"content":{"rendered":"<h2>Titanio Ti1023 Polvo: Visi\u00f3n general<\/h2>\n<p>Titanio <a href=\"https:\/\/en.wikipedia.org\/wiki\/Metal_powder\" target=\"_blank\" rel=\"noopener\">Ti1023 Polvo<\/a> es un polvo de aleaci\u00f3n de titanio muy codiciado, conocido por su excepcional solidez, resistencia a la corrosi\u00f3n y resistencia al calor. Este polvo, muy utilizado en diversos sectores, como el aeroespacial, el de la automoci\u00f3n y el m\u00e9dico, desempe\u00f1a funciones cruciales en aplicaciones que requieren un rendimiento superior en condiciones exigentes.<\/p>\n<h2>Composici\u00f3n<\/h2>\n<p>El polvo de titanio Ti1023 se elabora meticulosamente con elementos de aleaci\u00f3n precisos para conseguir sus extraordinarias propiedades:<\/p>\n<table>\n<thead>\n<tr>\n<th>Elemento<\/th>\n<th>Porcentaje de peso<\/th>\n<\/tr>\n<\/thead>\n<tbody>\n<tr>\n<td>Titanio (Ti)<\/td>\n<td>89.0-91.0<\/td>\n<\/tr>\n<tr>\n<td>Aluminio (Al)<\/td>\n<td>5.5-6.5<\/td>\n<\/tr>\n<tr>\n<td>Vanadio (V)<\/td>\n<td>2.0-3.0<\/td>\n<\/tr>\n<tr>\n<td>Hierro (Fe)<\/td>\n<td>\u22640.25<\/td>\n<\/tr>\n<tr>\n<td>Carbono (C)<\/td>\n<td>\u22640.08<\/td>\n<\/tr>\n<tr>\n<td>Nitrogeno (N)<\/td>\n<td>\u22640.05<\/td>\n<\/tr>\n<tr>\n<td>Hidr\u00f3geno (H)<\/td>\n<td>\u22640.015<\/td>\n<\/tr>\n<tr>\n<td>Ox\u00edgeno (O)<\/td>\n<td>\u22640.18<\/td>\n<\/tr>\n<\/tbody>\n<\/table>\n<p>Estos elementos de aleaci\u00f3n contribuyen sin\u00e9rgicamente a la resistencia de la aleaci\u00f3n, la resistencia a la corrosi\u00f3n y la resistencia al calor.<\/p>\n<h2>Propiedades<\/h2>\n<p>El titanio Ti1023 en polvo presenta propiedades notables esenciales para aplicaciones exigentes:<\/p>\n<table>\n<thead>\n<tr>\n<th>Propiedad<\/th>\n<th>Valor<\/th>\n<\/tr>\n<\/thead>\n<tbody>\n<tr>\n<td>Densidad<\/td>\n<td>4,51 g\/cm\u00b3<\/td>\n<\/tr>\n<tr>\n<td>Dureza (HB)<\/td>\n<td>340-380<\/td>\n<\/tr>\n<tr>\n<td>Resistencia a la tensi\u00f3n<\/td>\n<td>900-1000 MPa<\/td>\n<\/tr>\n<tr>\n<td>Resistencia el\u00e1stica<\/td>\n<td>800-900 MPa<\/td>\n<\/tr>\n<tr>\n<td>Elongaci\u00f3n<\/td>\n<td>10-15%<\/td>\n<\/tr>\n<tr>\n<td>Punto de Fusi\u00f3n<\/td>\n<td>1600-1650\u00b0C<\/td>\n<\/tr>\n<tr>\n<td>Conductividad t\u00e9rmica<\/td>\n<td>6,7 W\/m-K<\/td>\n<\/tr>\n<tr>\n<td>Coeficiente de dilataci\u00f3n<\/td>\n<td>8,6 \u00b5m\/m-K<\/td>\n<\/tr>\n<\/tbody>\n<\/table>\n<p>Estas extraordinarias propiedades hacen que el polvo de titanio Ti1023 sea adecuado para una amplia gama de aplicaciones que requieren alta resistencia, resistencia a la corrosi\u00f3n y resistencia al calor.<\/p>\n<h2>SOLICITUDES<\/h2>\n<p>El polvo de titanio Ti1023 tiene amplias aplicaciones en diversas industrias:<\/p>\n<ul>\n<li>Aeroespacial: componentes de aeronaves, piezas de motores<\/li>\n<li>Automoci\u00f3n: componentes ligeros, sistemas de escape<\/li>\n<li>Medicina: implantes quir\u00fargicos, dispositivos ortop\u00e9dicos<\/li>\n<li>Equipamiento deportivo: cuadros de bicicleta, palos de golf<\/li>\n<li>Procesamiento qu\u00edmico: reactores, intercambiadores de calor<\/li>\n<\/ul>\n<p>Su combinaci\u00f3n de propiedades superiores lo hace ideal para componentes cr\u00edticos sometidos a entornos corrosivos, altas temperaturas y condiciones de gran tensi\u00f3n.<\/p>\n<h2>Proceso de fabricaci\u00f3n aditiva<\/h2>\n<p>El polvo de titanio Ti1023 se produce normalmente mediante t\u00e9cnicas de fabricaci\u00f3n avanzadas como la atomizaci\u00f3n por plasma o la atomizaci\u00f3n por gas, lo que da lugar a part\u00edculas esf\u00e9ricas adecuadas para t\u00e9cnicas de fabricaci\u00f3n aditiva como la fusi\u00f3n selectiva por l\u00e1ser (SLM) y la fusi\u00f3n por haz de electrones (EBM).<\/p>\n<h2>Especificaciones del polvo<\/h2>\n<p>El polvo de titanio Ti1023 est\u00e1 disponible en varias especificaciones adaptadas a los requisitos espec\u00edficos de la aplicaci\u00f3n, que abarcan la distribuci\u00f3n del tama\u00f1o de las part\u00edculas, la morfolog\u00eda, la densidad aparente, la pureza y el contenido de ox\u00edgeno.<\/p>\n<h2>Normas y calificaciones<\/h2>\n<p>El titanio Ti1023 en polvo cumple normas industriales como ASTM B348 y AMS 4902, lo que garantiza su calidad e idoneidad para diversas aplicaciones.<\/p>\n<h2>Control de calidad<\/h2>\n<p>El polvo de titanio Ti1023 se somete a estrictas medidas de control de calidad, que incluyen an\u00e1lisis qu\u00edmicos, an\u00e1lisis del tama\u00f1o de las part\u00edculas, evaluaci\u00f3n de la morfolog\u00eda del polvo, pruebas de densidad, evaluaci\u00f3n de la pureza y an\u00e1lisis del contenido de ox\u00edgeno, para garantizar su consistencia y fiabilidad.<\/p>\n<h2>An\u00e1lisis de costes<\/h2>\n<p>El coste del polvo de titanio Ti1023 var\u00eda en funci\u00f3n de varios factores, como el volumen del pedido, el rango de tama\u00f1o de las part\u00edculas, la morfolog\u00eda del polvo, los niveles de pureza y los m\u00e1rgenes del fabricante\/distribuidor.<\/p>\n<h2>Almacenamiento y manipulaci\u00f3n de polvo<\/h2>\n<p>Para preservar la integridad del polvo de titanio Ti1023 es imprescindible aplicar pr\u00e1cticas adecuadas de almacenamiento y manipulaci\u00f3n, incluido el almacenamiento en recipientes herm\u00e9ticos en un entorno controlado y el cumplimiento de los protocolos de manipulaci\u00f3n adecuados.<\/p>\n<h2>Salud y seguridad<\/h2>\n<p>El polvo de titanio Ti1023 presenta riesgos m\u00ednimos para la salud si se manipula correctamente, pero requiere la utilizaci\u00f3n de equipos de protecci\u00f3n personal y el cumplimiento de protocolos de seguridad durante su manipulaci\u00f3n y procesamiento.<\/p>\n<h2>Preguntas frecuentes (FAQ)<\/h2>\n<ol>\n<li><strong>\u00bfCu\u00e1les son las principales ventajas del polvo de titanio Ti1023?<\/strong> El polvo de titanio Ti1023 ofrece una fuerza, una resistencia a la corrosi\u00f3n y una resistencia al calor excepcionales, por lo que es adecuado para una amplia gama de aplicaciones en las industrias aeroespacial, automovil\u00edstica y m\u00e9dica.<\/li>\n<li><strong>\u00bfEs adecuado el polvo de titanio Ti1023 para implantes m\u00e9dicos?<\/strong> S\u00ed, el polvo de titanio Ti1023 se utiliza habitualmente en aplicaciones m\u00e9dicas por su biocompatibilidad, fuerza y resistencia a la corrosi\u00f3n, lo que lo hace ideal para implantes quir\u00fargicos y dispositivos ortop\u00e9dicos.<\/li>\n<li><strong>\u00bfPuede utilizarse el polvo de titanio Ti1023 en aplicaciones aeroespaciales?<\/strong> S\u00ed, el polvo de titanio Ti1023 es adecuado para aplicaciones aeroespaciales, incluidos componentes de aeronaves y piezas de motores, debido a su alta resistencia y a la corrosi\u00f3n.<\/li>\n<li><strong>\u00bfQu\u00e9 procesos de fabricaci\u00f3n aditiva pueden utilizar el polvo de titanio Ti1023?<\/strong> El polvo de titanio Ti1023 puede procesarse mediante t\u00e9cnicas de fabricaci\u00f3n aditiva como la fusi\u00f3n selectiva por l\u00e1ser (SLM) y la fusi\u00f3n por haz de electrones (EBM) para producir componentes complejos de gran precisi\u00f3n.<\/li>\n<li><strong>\u00bfCu\u00e1les son los costes t\u00edpicos asociados al polvo de titanio Ti1023?<\/strong> Los costes del polvo de titanio Ti1023 var\u00edan en funci\u00f3n de factores como el volumen, el rango de tama\u00f1o de las part\u00edculas, los niveles de pureza y las condiciones del mercado.<\/li>\n<\/ol>","protected":false},"excerpt":{"rendered":"<p>Titanio Ti1023 Polvo: Visi\u00f3n general El titanio Ti1023 en polvo es una aleaci\u00f3n de titanio en polvo muy solicitada, conocida por su excepcional fuerza, resistencia a la corrosi\u00f3n y resistencia al calor. Ampliamente utilizado en diferentes industrias, especialmente en los sectores aeroespacial, automovil\u00edstico y m\u00e9dico, este polvo desempe\u00f1a funciones cruciales en aplicaciones que requieren un rendimiento superior en condiciones exigentes. Composici\u00f3n El polvo de titanio Ti1023 se elabora meticulosamente...<\/p>","protected":false},"featured_media":1792,"parent":0,"template":"","meta":{"_acf_changed":false,"_kad_blocks_custom_css":"","_kad_blocks_head_custom_js":"","_kad_blocks_body_custom_js":"","_kad_blocks_footer_custom_js":"","_kad_post_transparent":"","_kad_post_title":"","_kad_post_layout":"","_kad_post_sidebar_id":"","_kad_post_content_style":"","_kad_post_vertical_padding":"","_kad_post_feature":"","_kad_post_feature_position":"","_kad_post_header":false,"_kad_post_footer":false,"_kad_post_classname":""},"product-category":[119],"class_list":["post-4294","product","type-product","status-publish","has-post-thumbnail","hentry","product-category-3d-printing-metal-powder"],"acf":[],"taxonomy_info":{"product-category":[{"value":119,"label":"3D Printing Metal Powder"}]},"featured_image_src_large":["https:\/\/3dpmetal.com\/wp-content\/uploads\/2024\/02\/FeCoNiCrMo.jpg",500,432,false],"author_info":[],"comment_info":"","_links":{"self":[{"href":"https:\/\/3dpmetal.com\/es\/wp-json\/wp\/v2\/product\/4294","targetHints":{"allow":["GET"]}}],"collection":[{"href":"https:\/\/3dpmetal.com\/es\/wp-json\/wp\/v2\/product"}],"about":[{"href":"https:\/\/3dpmetal.com\/es\/wp-json\/wp\/v2\/types\/product"}],"wp:featuredmedia":[{"embeddable":true,"href":"https:\/\/3dpmetal.com\/es\/wp-json\/wp\/v2\/media\/1792"}],"wp:attachment":[{"href":"https:\/\/3dpmetal.com\/es\/wp-json\/wp\/v2\/media?parent=4294"}],"wp:term":[{"taxonomy":"product-category","embeddable":true,"href":"https:\/\/3dpmetal.com\/es\/wp-json\/wp\/v2\/product-category?post=4294"}],"curies":[{"name":"wp","href":"https:\/\/api.w.org\/{rel}","templated":true}]}}