{"id":4304,"date":"2024-04-07T08:17:24","date_gmt":"2024-04-07T08:17:24","guid":{"rendered":"https:\/\/3dpmetal.com\/product\/copper-c17510-powder\/"},"modified":"2024-04-08T01:16:42","modified_gmt":"2024-04-08T01:16:42","slug":"copper-c17510-powder","status":"publish","type":"product","link":"https:\/\/3dpmetal.com\/es\/product\/copper-c17510-powder\/","title":{"rendered":"Cobre C17510 Polvo"},"content":{"rendered":"<h2>Cobre C17510 en polvo: Visi\u00f3n general<\/h2>\n<p><a href=\"https:\/\/en.wikipedia.org\/wiki\/Metal_powder\" target=\"_blank\" rel=\"noopener\">Cobre C17510 Polvo<\/a> es un polvo de aleaci\u00f3n de cobre muy apreciado y conocido por su excepcional conductividad el\u00e9ctrica, conductividad t\u00e9rmica y resistencia a la corrosi\u00f3n. Ampliamente utilizado en diversas industrias, especialmente en aplicaciones el\u00e9ctricas y electr\u00f3nicas, este polvo desempe\u00f1a un papel crucial en la fabricaci\u00f3n de componentes que requieren una excelente conductividad y fiabilidad.<\/p>\n<h2>Composici\u00f3n<\/h2>\n<p>El polvo de cobre C17510 se elabora meticulosamente con elementos de aleaci\u00f3n precisos para conseguir sus extraordinarias propiedades:<\/p>\n<table>\n<thead>\n<tr>\n<th>Elemento<\/th>\n<th>Porcentaje de peso<\/th>\n<\/tr>\n<\/thead>\n<tbody>\n<tr>\n<td>Cobre (Cu)<\/td>\n<td>97,5 min<\/td>\n<\/tr>\n<tr>\n<td>Cobalto (Co)<\/td>\n<td>0.40-0.70<\/td>\n<\/tr>\n<tr>\n<td>Berilio (Be)<\/td>\n<td>0.20-0.60<\/td>\n<\/tr>\n<tr>\n<td>N\u00edquel (Ni)<\/td>\n<td>0.20-0.60<\/td>\n<\/tr>\n<tr>\n<td>Silicio (Si)<\/td>\n<td>0,20 m\u00e1x.<\/td>\n<\/tr>\n<tr>\n<td>Hierro (Fe)<\/td>\n<td>0,20 m\u00e1x.<\/td>\n<\/tr>\n<tr>\n<td>Plomo (Pb)<\/td>\n<td>0,05 m\u00e1x.<\/td>\n<\/tr>\n<tr>\n<td>otros<\/td>\n<td>0,50 m\u00e1x.<\/td>\n<\/tr>\n<\/tbody>\n<\/table>\n<p>Estos elementos de aleaci\u00f3n act\u00faan en sinergia para mejorar la conductividad el\u00e9ctrica, la conductividad t\u00e9rmica y la resistencia a la corrosi\u00f3n de la aleaci\u00f3n.<\/p>\n<h2>Propiedades<\/h2>\n<p>El polvo de cobre C17510 presenta propiedades notables esenciales para aplicaciones exigentes:<\/p>\n<table>\n<thead>\n<tr>\n<th>Propiedad<\/th>\n<th>Valor<\/th>\n<\/tr>\n<\/thead>\n<tbody>\n<tr>\n<td>Densidad<\/td>\n<td>8,95 g\/cm\u00b3<\/td>\n<\/tr>\n<tr>\n<td>Conductividad el\u00e9ctrica<\/td>\n<td>80% IACS<\/td>\n<\/tr>\n<tr>\n<td>Conductividad t\u00e9rmica<\/td>\n<td>390 W\/m-K<\/td>\n<\/tr>\n<tr>\n<td>Resistencia a la tensi\u00f3n<\/td>\n<td>480 MPa<\/td>\n<\/tr>\n<tr>\n<td>Resistencia el\u00e1stica<\/td>\n<td>340 MPa<\/td>\n<\/tr>\n<tr>\n<td>Elongaci\u00f3n<\/td>\n<td>10%<\/td>\n<\/tr>\n<tr>\n<td>Dureza (HRB)<\/td>\n<td>90 HRB<\/td>\n<\/tr>\n<tr>\n<td>Punto de Fusi\u00f3n<\/td>\n<td>~1083\u00b0C<\/td>\n<\/tr>\n<\/tbody>\n<\/table>\n<p>Estas excelentes propiedades hacen que el polvo de cobre C17510 sea adecuado para una amplia gama de aplicaciones que requieren una alta conductividad el\u00e9ctrica y t\u00e9rmica, junto con resistencia a la corrosi\u00f3n.<\/p>\n<h2>SOLICITUDES<\/h2>\n<p>El polvo de cobre C17510 tiene amplias aplicaciones en diversas industrias:<\/p>\n<ul>\n<li>Electricidad y electr\u00f3nica: conectores el\u00e9ctricos, interruptores, terminales<\/li>\n<li>Automoci\u00f3n: mazos de cables, componentes el\u00e9ctricos<\/li>\n<li>Aeroespacial: sistemas el\u00e9ctricos de aeronaves, avi\u00f3nica<\/li>\n<li>Telecomunicaciones: antenas, conectores<\/li>\n<li>Maquinaria industrial: intercambiadores de calor, sistemas de refrigeraci\u00f3n<\/li>\n<\/ul>\n<p>Su combinaci\u00f3n de propiedades superiores lo hace ideal para componentes cr\u00edticos que requieren una conductividad y fiabilidad excelentes.<\/p>\n<h2>Proceso de fabricaci\u00f3n aditiva<\/h2>\n<p>El polvo de cobre C17510 se produce normalmente mediante procesos de atomizaci\u00f3n con gas o agua, lo que da lugar a part\u00edculas esf\u00e9ricas adecuadas para t\u00e9cnicas de fabricaci\u00f3n aditiva como la fusi\u00f3n selectiva por l\u00e1ser (SLM) y la fusi\u00f3n por haz de electrones (EBM).<\/p>\n<h2>Especificaciones del polvo<\/h2>\n<p>El polvo de cobre C17510 est\u00e1 disponible en varios rangos de tama\u00f1o, morfolog\u00edas y niveles de calidad, para satisfacer los requisitos espec\u00edficos de cada aplicaci\u00f3n.<\/p>\n<h2>Normas y calificaciones<\/h2>\n<p>El polvo de cobre C17510 cumple normas industriales como ASTM B311 y ASTM B441, lo que garantiza su calidad e idoneidad para diversas aplicaciones.<\/p>\n<h2>Control de calidad<\/h2>\n<p>El polvo de cobre C17510 se somete a estrictas medidas de control de calidad, que incluyen an\u00e1lisis qu\u00edmicos, an\u00e1lisis del tama\u00f1o de las part\u00edculas, evaluaci\u00f3n de la morfolog\u00eda del polvo, pruebas de densidad, evaluaci\u00f3n de la pureza y an\u00e1lisis del contenido de ox\u00edgeno, para garantizar su consistencia y fiabilidad.<\/p>\n<h2>An\u00e1lisis de costes<\/h2>\n<p>El coste del Cobre C17510 en polvo var\u00eda en funci\u00f3n de varios factores, como el volumen del pedido, el rango de tama\u00f1o de las part\u00edculas, la morfolog\u00eda del polvo, los niveles de pureza y los m\u00e1rgenes del fabricante\/distribuidor.<\/p>\n<h2>Almacenamiento y manipulaci\u00f3n de polvo<\/h2>\n<p>Para preservar la integridad del Polvo de Cobre C17510 es imprescindible aplicar pr\u00e1cticas adecuadas de almacenamiento y manipulaci\u00f3n, incluido el almacenamiento en recipientes herm\u00e9ticos en un entorno controlado y el cumplimiento de los protocolos de manipulaci\u00f3n adecuados.<\/p>\n<h2>Salud y seguridad<\/h2>\n<p>El Polvo de Cobre C17510 presenta riesgos m\u00ednimos para la salud con una manipulaci\u00f3n adecuada, siendo necesaria la utilizaci\u00f3n de equipos de protecci\u00f3n individual y el cumplimiento de los protocolos de seguridad durante su manipulaci\u00f3n y procesado.<\/p>\n<h2>Preguntas frecuentes (FAQ)<\/h2>\n<ol>\n<li><strong>\u00bfCu\u00e1les son las principales ventajas del polvo de cobre C17510?<\/strong> El polvo de cobre C17510 ofrece una excepcional conductividad el\u00e9ctrica, conductividad t\u00e9rmica y resistencia a la corrosi\u00f3n, lo que lo hace adecuado para una amplia gama de aplicaciones en las industrias el\u00e9ctrica y electr\u00f3nica.<\/li>\n<li><strong>\u00bfPuede utilizarse el polvo de cobre C17510 en la fabricaci\u00f3n aditiva?<\/strong> S\u00ed, el polvo de cobre C17510 se utiliza habitualmente en t\u00e9cnicas de fabricaci\u00f3n aditiva como la fusi\u00f3n selectiva por l\u00e1ser (SLM) y la fusi\u00f3n por haz de electrones (EBM) para producir componentes complejos con alta conductividad el\u00e9ctrica y t\u00e9rmica.<\/li>\n<li><strong>\u00bfEs el polvo de cobre C17510 adecuado para aplicaciones de automoci\u00f3n?<\/strong> S\u00ed, el polvo de cobre C17510 es adecuado para aplicaciones de automoci\u00f3n, incluidos mazos de cables y componentes el\u00e9ctricos, debido a su alta conductividad el\u00e9ctrica y resistencia a la corrosi\u00f3n.<\/li>\n<li><strong>\u00bfCu\u00e1les son los costes t\u00edpicos asociados al polvo de cobre C17510?<\/strong> Los costes del polvo de cobre C17510 var\u00edan en funci\u00f3n de factores como el volumen, el rango de tama\u00f1o de las part\u00edculas, los niveles de pureza y las condiciones del mercado.<\/li>\n<\/ol>","protected":false},"excerpt":{"rendered":"<p>Cobre C17510 Polvo: Overview El cobre C17510 en polvo es una aleaci\u00f3n de cobre en polvo muy apreciada y conocida por su excepcional conductividad el\u00e9ctrica, conductividad t\u00e9rmica y resistencia a la corrosi\u00f3n. Ampliamente utilizado en diversas industrias, especialmente en aplicaciones el\u00e9ctricas y electr\u00f3nicas, este polvo desempe\u00f1a un papel crucial en la fabricaci\u00f3n de componentes que requieren una excelente conductividad y fiabilidad. Composici\u00f3n El polvo de cobre C17510...<\/p>","protected":false},"featured_media":1808,"parent":0,"template":"","meta":{"_acf_changed":false,"_kad_blocks_custom_css":"","_kad_blocks_head_custom_js":"","_kad_blocks_body_custom_js":"","_kad_blocks_footer_custom_js":"","_kad_post_transparent":"","_kad_post_title":"","_kad_post_layout":"","_kad_post_sidebar_id":"","_kad_post_content_style":"","_kad_post_vertical_padding":"","_kad_post_feature":"","_kad_post_feature_position":"","_kad_post_header":false,"_kad_post_footer":false,"_kad_post_classname":""},"product-category":[119],"class_list":["post-4304","product","type-product","status-publish","has-post-thumbnail","hentry","product-category-3d-printing-metal-powder"],"acf":[],"taxonomy_info":{"product-category":[{"value":119,"label":"3D Printing Metal Powder"}]},"featured_image_src_large":["https:\/\/3dpmetal.com\/wp-content\/uploads\/2024\/02\/Al-3003-powder.png",385,318,false],"author_info":[],"comment_info":"","_links":{"self":[{"href":"https:\/\/3dpmetal.com\/es\/wp-json\/wp\/v2\/product\/4304","targetHints":{"allow":["GET"]}}],"collection":[{"href":"https:\/\/3dpmetal.com\/es\/wp-json\/wp\/v2\/product"}],"about":[{"href":"https:\/\/3dpmetal.com\/es\/wp-json\/wp\/v2\/types\/product"}],"wp:featuredmedia":[{"embeddable":true,"href":"https:\/\/3dpmetal.com\/es\/wp-json\/wp\/v2\/media\/1808"}],"wp:attachment":[{"href":"https:\/\/3dpmetal.com\/es\/wp-json\/wp\/v2\/media?parent=4304"}],"wp:term":[{"taxonomy":"product-category","embeddable":true,"href":"https:\/\/3dpmetal.com\/es\/wp-json\/wp\/v2\/product-category?post=4304"}],"curies":[{"name":"wp","href":"https:\/\/api.w.org\/{rel}","templated":true}]}}