{"id":4305,"date":"2024-04-07T08:17:24","date_gmt":"2024-04-07T08:17:24","guid":{"rendered":"https:\/\/3dpmetal.com\/product\/maraging-steel-350-powder\/"},"modified":"2024-04-08T01:17:43","modified_gmt":"2024-04-08T01:17:43","slug":"maraging-steel-350-powder","status":"publish","type":"product","link":"https:\/\/3dpmetal.com\/es\/product\/maraging-steel-350-powder\/","title":{"rendered":"Acero martens\u00edtico envejecido 350 Polvo"},"content":{"rendered":"<h2>Acero martens\u00edtico envejecido 350 Polvo: Visi\u00f3n general<\/h2>\n<p><a href=\"https:\/\/en.wikipedia.org\/wiki\/Maraging_steel\" target=\"_blank\" rel=\"noopener\">Acero martens\u00edtico envejecido<\/a> El polvo 350 es una aleaci\u00f3n muy apreciada, conocida por su excepcional resistencia, dureza y resistencia a la corrosi\u00f3n. Ampliamente utilizado en las industrias aeroespacial, de defensa y de automoci\u00f3n, este polvo desempe\u00f1a un papel crucial en la fabricaci\u00f3n de componentes que requieren alta resistencia y fiabilidad.<\/p>\n<h2>Composici\u00f3n<\/h2>\n<p>El acero martens\u00edtico envejecido 350 en polvo se elabora meticulosamente con elementos de aleaci\u00f3n precisos para conseguir sus extraordinarias propiedades:<\/p>\n<table>\n<thead>\n<tr>\n<th>Elemento<\/th>\n<th>Porcentaje de peso<\/th>\n<\/tr>\n<\/thead>\n<tbody>\n<tr>\n<td>Hierro (Fe)<\/td>\n<td>65.0<\/td>\n<\/tr>\n<tr>\n<td>N\u00edquel (Ni)<\/td>\n<td>17.0<\/td>\n<\/tr>\n<tr>\n<td>Cobalto (Co)<\/td>\n<td>8.0<\/td>\n<\/tr>\n<tr>\n<td>Molibdeno (Mo)<\/td>\n<td>4.8<\/td>\n<\/tr>\n<tr>\n<td>Titanio (Ti)<\/td>\n<td>1.4<\/td>\n<\/tr>\n<tr>\n<td>Aluminio (Al)<\/td>\n<td>0.10<\/td>\n<\/tr>\n<tr>\n<td>Carbono (C)<\/td>\n<td>\u22640.03<\/td>\n<\/tr>\n<tr>\n<td>Silicio (Si)<\/td>\n<td>\u22640.10<\/td>\n<\/tr>\n<tr>\n<td>Manganeso (Mn)<\/td>\n<td>\u22640.10<\/td>\n<\/tr>\n<tr>\n<td>F\u00f3sforo (P)<\/td>\n<td>\u22640.01<\/td>\n<\/tr>\n<tr>\n<td>Azufre (S)<\/td>\n<td>\u22640.01<\/td>\n<\/tr>\n<\/tbody>\n<\/table>\n<p>Estos elementos de aleaci\u00f3n act\u00faan en sinergia para mejorar la resistencia, la tenacidad y la resistencia a la corrosi\u00f3n de la aleaci\u00f3n.<\/p>\n<h2>Propiedades<\/h2>\n<p>El acero martens\u00edtico envejecido 350 en polvo presenta propiedades notables esenciales para aplicaciones exigentes:<\/p>\n<table>\n<thead>\n<tr>\n<th>Propiedad<\/th>\n<th>Valor<\/th>\n<\/tr>\n<\/thead>\n<tbody>\n<tr>\n<td>Densidad<\/td>\n<td>8,0 g\/cm\u00b3<\/td>\n<\/tr>\n<tr>\n<td>Resistencia a la tensi\u00f3n<\/td>\n<td>2070 MPa<\/td>\n<\/tr>\n<tr>\n<td>Resistencia el\u00e1stica<\/td>\n<td>1800 MPa<\/td>\n<\/tr>\n<tr>\n<td>Elongaci\u00f3n<\/td>\n<td>12%<\/td>\n<\/tr>\n<tr>\n<td>Dureza (HRC)<\/td>\n<td>52 HRC<\/td>\n<\/tr>\n<tr>\n<td>Punto de Fusi\u00f3n<\/td>\n<td>~1410\u00b0C<\/td>\n<\/tr>\n<\/tbody>\n<\/table>\n<p>Estas extraordinarias propiedades hacen que el acero martens\u00edtico envejecido 350 en polvo sea adecuado para una amplia gama de aplicaciones que requieren alta resistencia, tenacidad y resistencia a la corrosi\u00f3n.<\/p>\n<h2>SOLICITUDES<\/h2>\n<p>El polvo de acero martens\u00edtico envejecido 350 tiene amplias aplicaciones en diversas industrias:<\/p>\n<ul>\n<li>Aeroespacial: componentes estructurales de aeronaves, carcasas de motores de cohetes<\/li>\n<li>Defensa: componentes de misiles y sat\u00e9lites, blindaje<\/li>\n<li>Automoci\u00f3n: componentes de motores de alto rendimiento, ejes de transmisi\u00f3n<\/li>\n<li>Herramientas: n\u00facleos de moldes de inyecci\u00f3n, matrices de extrusi\u00f3n<\/li>\n<li>Medicina: instrumental quir\u00fargico, implantes ortop\u00e9dicos<\/li>\n<\/ul>\n<p>Su combinaci\u00f3n de propiedades superiores lo hace ideal para componentes cr\u00edticos sometidos a grandes esfuerzos y entornos exigentes.<\/p>\n<h2>Proceso de fabricaci\u00f3n aditiva<\/h2>\n<p>El polvo de acero martens\u00edtico envejecido 350 se produce normalmente mediante procesos de atomizaci\u00f3n con gas o plasma, lo que da lugar a part\u00edculas esf\u00e9ricas adecuadas para t\u00e9cnicas de fabricaci\u00f3n aditiva como la fusi\u00f3n selectiva por l\u00e1ser (SLM) y la fusi\u00f3n por haz de electrones (EBM).<\/p>\n<h2>Especificaciones del polvo<\/h2>\n<p>El polvo de acero martens\u00edtico envejecido 350 est\u00e1 disponible en varios tama\u00f1os, morfolog\u00edas y niveles de calidad, para satisfacer los requisitos espec\u00edficos de cada aplicaci\u00f3n.<\/p>\n<h2>Normas y calificaciones<\/h2>\n<p>El acero martens\u00edtico envejecido 350 Powder cumple normas industriales como AMS 6515 y MIL-S-46850, lo que garantiza su calidad e idoneidad para diversas aplicaciones.<\/p>\n<h2>Control de calidad<\/h2>\n<p>El polvo de acero martens\u00edtico envejecido 350 se somete a estrictas medidas de control de calidad, que incluyen an\u00e1lisis qu\u00edmicos, an\u00e1lisis del tama\u00f1o de las part\u00edculas, evaluaci\u00f3n de la morfolog\u00eda del polvo, pruebas de densidad, evaluaci\u00f3n de la pureza y an\u00e1lisis del contenido de ox\u00edgeno, para garantizar su consistencia y fiabilidad.<\/p>\n<h2>An\u00e1lisis de costes<\/h2>\n<p>El coste del polvo de acero martens\u00edtico envejecido 350 var\u00eda en funci\u00f3n de varios factores, como el volumen del pedido, la gama de tama\u00f1os de las part\u00edculas, la morfolog\u00eda del polvo, los niveles de pureza y los m\u00e1rgenes del fabricante\/distribuidor.<\/p>\n<h2>Almacenamiento y manipulaci\u00f3n de polvo<\/h2>\n<p>Para preservar la integridad del polvo de acero martens\u00edtico envejecido 350 es imprescindible aplicar pr\u00e1cticas adecuadas de almacenamiento y manipulaci\u00f3n, incluido el almacenamiento en contenedores sellados en un entorno controlado y el cumplimiento de los protocolos de manipulaci\u00f3n adecuados.<\/p>\n<h2>Salud y seguridad<\/h2>\n<p>El polvo de acero martens\u00edtico envejecido 350 presenta riesgos m\u00ednimos para la salud si se manipula correctamente, pero requiere la utilizaci\u00f3n de equipos de protecci\u00f3n individual y el cumplimiento de protocolos de seguridad durante su manipulaci\u00f3n y procesamiento.<\/p>\n<h2>Preguntas frecuentes (FAQ)<\/h2>\n<ol>\n<li><strong>\u00bfCu\u00e1les son las principales ventajas del acero martens\u00edtico envejecido 350 en polvo?<\/strong> El acero martens\u00edtico envejecido 350 Powder ofrece una resistencia, tenacidad y resistencia a la corrosi\u00f3n excepcionales, por lo que es adecuado para una amplia gama de aplicaciones exigentes en los sectores aeroespacial, de defensa y de automoci\u00f3n.<\/li>\n<li><strong>\u00bfPuede utilizarse el polvo de acero martens\u00edtico envejecido 350 en la fabricaci\u00f3n aditiva?<\/strong> S\u00ed, el polvo de acero martens\u00edtico envejecido 350 se utiliza habitualmente en t\u00e9cnicas de fabricaci\u00f3n aditiva como la fusi\u00f3n selectiva por l\u00e1ser (SLM) y la fusi\u00f3n por haz de electrones (EBM) para producir componentes complejos de gran resistencia y fiabilidad.<\/li>\n<li><strong>\u00bfEs el acero martens\u00edtico envejecido 350 Powder adecuado para aplicaciones aeroespaciales?<\/strong> S\u00ed, el acero martens\u00edtico envejecido 350 en polvo es adecuado para aplicaciones aeroespaciales, como componentes estructurales de aeronaves y carcasas de motores de cohetes, debido a su gran resistencia y tenacidad.<\/li>\n<li><strong>\u00bfCu\u00e1les son los costes t\u00edpicos del acero martens\u00edtico envejecido 350 en polvo?<\/strong> El coste del polvo de acero martens\u00edtico envejecido 350 var\u00eda en funci\u00f3n de factores como el volumen, la gama de tama\u00f1os de las part\u00edculas, los niveles de pureza y las condiciones del mercado.<\/li>\n<\/ol>","protected":false},"excerpt":{"rendered":"<p>Acero martens\u00edtico envejecido 350 en polvo: Overview El acero martens\u00edtico envejecido 350 en polvo es una aleaci\u00f3n muy apreciada, conocida por su excepcional resistencia, dureza y resistencia a la corrosi\u00f3n. Ampliamente utilizado en las industrias aeroespacial, de defensa y de automoci\u00f3n, este polvo desempe\u00f1a un papel crucial en la fabricaci\u00f3n de componentes que requieren alta resistencia y fiabilidad. Composici\u00f3n El acero martens\u00edtico envejecido 350 en polvo se elabora meticulosamente...<\/p>","protected":false},"featured_media":1845,"parent":0,"template":"","meta":{"_acf_changed":false,"_kad_blocks_custom_css":"","_kad_blocks_head_custom_js":"","_kad_blocks_body_custom_js":"","_kad_blocks_footer_custom_js":"","_kad_post_transparent":"","_kad_post_title":"","_kad_post_layout":"","_kad_post_sidebar_id":"","_kad_post_content_style":"","_kad_post_vertical_padding":"","_kad_post_feature":"","_kad_post_feature_position":"","_kad_post_header":false,"_kad_post_footer":false,"_kad_post_classname":""},"product-category":[119],"class_list":["post-4305","product","type-product","status-publish","has-post-thumbnail","hentry","product-category-3d-printing-metal-powder"],"acf":[],"taxonomy_info":{"product-category":[{"value":119,"label":"3D Printing Metal Powder"}]},"featured_image_src_large":["https:\/\/3dpmetal.com\/wp-content\/uploads\/2024\/02\/T15-Powder.jpg",600,600,false],"author_info":[],"comment_info":"","_links":{"self":[{"href":"https:\/\/3dpmetal.com\/es\/wp-json\/wp\/v2\/product\/4305","targetHints":{"allow":["GET"]}}],"collection":[{"href":"https:\/\/3dpmetal.com\/es\/wp-json\/wp\/v2\/product"}],"about":[{"href":"https:\/\/3dpmetal.com\/es\/wp-json\/wp\/v2\/types\/product"}],"wp:featuredmedia":[{"embeddable":true,"href":"https:\/\/3dpmetal.com\/es\/wp-json\/wp\/v2\/media\/1845"}],"wp:attachment":[{"href":"https:\/\/3dpmetal.com\/es\/wp-json\/wp\/v2\/media?parent=4305"}],"wp:term":[{"taxonomy":"product-category","embeddable":true,"href":"https:\/\/3dpmetal.com\/es\/wp-json\/wp\/v2\/product-category?post=4305"}],"curies":[{"name":"wp","href":"https:\/\/api.w.org\/{rel}","templated":true}]}}