{"id":4309,"date":"2024-04-07T08:17:24","date_gmt":"2024-04-07T08:17:24","guid":{"rendered":"https:\/\/3dpmetal.com\/product\/hastelloy-g30-powder\/"},"modified":"2024-04-08T01:22:43","modified_gmt":"2024-04-08T01:22:43","slug":"hastelloy-g30-powder","status":"publish","type":"product","link":"https:\/\/3dpmetal.com\/es\/product\/hastelloy-g30-powder\/","title":{"rendered":"Hastelloy G30 Polvo"},"content":{"rendered":"<h2>Polvo Hastelloy G30: Visi\u00f3n general<\/h2>\n<p><a href=\"https:\/\/en.wikipedia.org\/wiki\/Metal_powder\" target=\"_blank\" rel=\"noopener\">Hastelloy G30 Polvo<\/a> es una aleaci\u00f3n de n\u00edquel-cromo-hierro-molibdeno muy apreciada, conocida por su excepcional resistencia a la corrosi\u00f3n, su resistencia a altas temperaturas y su excelente capacidad de fabricaci\u00f3n. Ampliamente utilizado en las industrias qu\u00edmica, petroqu\u00edmica y farmac\u00e9utica, este polvo desempe\u00f1a un papel crucial en la fabricaci\u00f3n de componentes que requieren una resistencia superior a la corrosi\u00f3n en entornos altamente \u00e1cidos.<\/p>\n<h2>Composici\u00f3n<\/h2>\n<p>El polvo de Hastelloy G30 se elabora meticulosamente con elementos de aleaci\u00f3n precisos para conseguir sus extraordinarias propiedades:<\/p>\n<table>\n<thead>\n<tr>\n<th>Elemento<\/th>\n<th>Porcentaje de peso<\/th>\n<\/tr>\n<\/thead>\n<tbody>\n<tr>\n<td>N\u00edquel (Ni)<\/td>\n<td>46-49<\/td>\n<\/tr>\n<tr>\n<td>Cromo (Cr)<\/td>\n<td>29-32<\/td>\n<\/tr>\n<tr>\n<td>Hierro (Fe)<\/td>\n<td>14-17<\/td>\n<\/tr>\n<tr>\n<td>Molibdeno (Mo)<\/td>\n<td>4-6<\/td>\n<\/tr>\n<tr>\n<td>Cobre (Cu)<\/td>\n<td>\u22641.5<\/td>\n<\/tr>\n<tr>\n<td>Cobalto (Co)<\/td>\n<td>\u22641<\/td>\n<\/tr>\n<tr>\n<td>Manganeso (Mn)<\/td>\n<td>\u22641<\/td>\n<\/tr>\n<tr>\n<td>Vanadio (V)<\/td>\n<td>\u22640.35<\/td>\n<\/tr>\n<tr>\n<td>Carbono (C)<\/td>\n<td>\u22640.03<\/td>\n<\/tr>\n<tr>\n<td>Silicio (Si)<\/td>\n<td>\u22640.02<\/td>\n<\/tr>\n<tr>\n<td>F\u00f3sforo (P)<\/td>\n<td>\u22640.015<\/td>\n<\/tr>\n<tr>\n<td>Azufre (S)<\/td>\n<td>\u22640.010<\/td>\n<\/tr>\n<\/tbody>\n<\/table>\n<p>Estos elementos de aleaci\u00f3n act\u00faan en sinergia para mejorar la resistencia a la corrosi\u00f3n, la solidez y la fabricabilidad de la aleaci\u00f3n.<\/p>\n<h2>Propiedades<\/h2>\n<p>El polvo de Hastelloy G30 presenta notables propiedades esenciales para aplicaciones exigentes:<\/p>\n<table>\n<thead>\n<tr>\n<th>Propiedad<\/th>\n<th>Valor<\/th>\n<\/tr>\n<\/thead>\n<tbody>\n<tr>\n<td>Densidad<\/td>\n<td>8,50 g\/cm\u00b3<\/td>\n<\/tr>\n<tr>\n<td>Resistencia a la tensi\u00f3n<\/td>\n<td>690 MPa<\/td>\n<\/tr>\n<tr>\n<td>Resistencia el\u00e1stica<\/td>\n<td>280 MPa<\/td>\n<\/tr>\n<tr>\n<td>Elongaci\u00f3n<\/td>\n<td>45%<\/td>\n<\/tr>\n<tr>\n<td>Dureza (HRB)<\/td>\n<td>95 HRB<\/td>\n<\/tr>\n<tr>\n<td>Punto de Fusi\u00f3n<\/td>\n<td>~1399-1454\u00b0C<\/td>\n<\/tr>\n<tr>\n<td>Conductividad t\u00e9rmica<\/td>\n<td>10,8 W\/m-K<\/td>\n<\/tr>\n<tr>\n<td>Resistividad el\u00e9ctrica<\/td>\n<td>126 \u00b5\u03a9-cm<\/td>\n<\/tr>\n<\/tbody>\n<\/table>\n<p>Estas extraordinarias propiedades hacen que el Polvo Hastelloy G30 sea adecuado para una amplia gama de aplicaciones que requieren una resistencia superior a la corrosi\u00f3n y a las altas temperaturas.<\/p>\n<h2>SOLICITUDES<\/h2>\n<p>El polvo de Hastelloy G30 tiene amplias aplicaciones en diversos sectores:<\/p>\n<ul>\n<li>Procesamiento qu\u00edmico: recipientes de reactor, intercambiadores de calor, sistemas de tuber\u00edas<\/li>\n<li>Petroqu\u00edmica: unidades de desulfuraci\u00f3n de gases, producci\u00f3n de \u00e1cido sulf\u00farico<\/li>\n<li>Farmac\u00e9utica: equipos de procesamiento farmac\u00e9utico<\/li>\n<li>Control de la contaminaci\u00f3n: depuradores, revestimientos de chimeneas, sistemas de desulfuraci\u00f3n de gases de combusti\u00f3n<\/li>\n<\/ul>\n<p>Su combinaci\u00f3n de propiedades superiores lo hace ideal para componentes cr\u00edticos sometidos a entornos altamente corrosivos y de alta temperatura.<\/p>\n<h2>Proceso de fabricaci\u00f3n aditiva<\/h2>\n<p>El polvo de Hastelloy G30 se produce normalmente mediante procesos de atomizaci\u00f3n con gas o plasma, lo que da lugar a part\u00edculas esf\u00e9ricas adecuadas para t\u00e9cnicas de fabricaci\u00f3n aditiva como la fusi\u00f3n selectiva por l\u00e1ser (SLM) y la fusi\u00f3n por haz de electrones (EBM).<\/p>\n<h2>Especificaciones del polvo<\/h2>\n<p>El polvo de Hastelloy G30 est\u00e1 disponible en varios rangos de tama\u00f1o, morfolog\u00edas y niveles de calidad, cumpliendo los requisitos espec\u00edficos de cada aplicaci\u00f3n.<\/p>\n<h2>Normas y calificaciones<\/h2>\n<p>El polvo Hastelloy G30 cumple normas industriales como ASTM B y ASME SB, lo que garantiza su calidad e idoneidad para diversas aplicaciones.<\/p>\n<h2>Control de calidad<\/h2>\n<p>Para el polvo Hastelloy G30 se aplican estrictas medidas de control de calidad, que incluyen an\u00e1lisis qu\u00edmicos, an\u00e1lisis del tama\u00f1o de las part\u00edculas, evaluaci\u00f3n de la morfolog\u00eda del polvo, pruebas de densidad, evaluaci\u00f3n de la pureza y an\u00e1lisis del contenido de ox\u00edgeno, para garantizar la consistencia y la fiabilidad.<\/p>\n<h2>An\u00e1lisis de costes<\/h2>\n<p>El coste del polvo Hastelloy G30 var\u00eda en funci\u00f3n de varios factores, como el volumen del pedido, la gama de tama\u00f1os de las part\u00edculas, la morfolog\u00eda del polvo, los niveles de pureza y las condiciones del mercado.<\/p>\n<h2>Almacenamiento y manipulaci\u00f3n de polvo<\/h2>\n<p>Para preservar la integridad del Polvo Hastelloy G30 es imprescindible aplicar pr\u00e1cticas adecuadas de almacenamiento y manipulaci\u00f3n, incluido el almacenamiento en contenedores sellados en un entorno controlado y el cumplimiento de los protocolos de manipulaci\u00f3n adecuados.<\/p>\n<h2>Salud y seguridad<\/h2>\n<p>El polvo de Hastelloy G30 presenta riesgos m\u00ednimos para la salud si se manipula correctamente, lo que requiere la utilizaci\u00f3n de equipos de protecci\u00f3n personal y el cumplimiento de protocolos de seguridad durante su manipulaci\u00f3n y procesamiento.<\/p>\n<h2>Preguntas frecuentes (FAQ)<\/h2>\n<ol>\n<li><strong>\u00bfCu\u00e1les son las principales ventajas del polvo Hastelloy G30?<\/strong> El polvo de Hastelloy G30 ofrece una excepcional resistencia a la corrosi\u00f3n, resistencia a altas temperaturas y facilidad de fabricaci\u00f3n, lo que lo hace adecuado para una amplia gama de aplicaciones en las industrias qu\u00edmica, petroqu\u00edmica y farmac\u00e9utica.<\/li>\n<li><strong>\u00bfPuede utilizarse el polvo Hastelloy G30 en la fabricaci\u00f3n aditiva?<\/strong> S\u00ed, el polvo de Hastelloy G30 se utiliza habitualmente en t\u00e9cnicas de fabricaci\u00f3n aditiva como la fusi\u00f3n selectiva por l\u00e1ser (SLM) y la fusi\u00f3n por haz de electrones (EBM) para producir componentes con una resistencia superior a la corrosi\u00f3n y a altas temperaturas.<\/li>\n<li><strong>\u00bfEs adecuado el polvo Hastelloy G30 para aplicaciones de procesamiento qu\u00edmico?<\/strong> S\u00ed, el polvo de Hastelloy G30 es adecuado para aplicaciones de procesamiento qu\u00edmico, incluidos recipientes de reactores, intercambiadores de calor y sistemas de tuber\u00edas, debido a su excepcional resistencia a la corrosi\u00f3n y a las altas temperaturas.<\/li>\n<li><strong>\u00bfCu\u00e1les son los costes t\u00edpicos asociados al polvo Hastelloy G30?<\/strong> Los costes del polvo de Hastelloy G30 var\u00edan en funci\u00f3n de factores como el volumen, el rango de tama\u00f1o de las part\u00edculas, los niveles de pureza y las condiciones del mercado.<\/li>\n<\/ol>","protected":false},"excerpt":{"rendered":"<p>Hastelloy G30 Polvo: Overview El polvo Hastelloy G30 es una aleaci\u00f3n de n\u00edquel-cromo-hierro-molibdeno muy apreciada, conocida por su excepcional resistencia a la corrosi\u00f3n, su resistencia a altas temperaturas y su excelente fabricabilidad. Ampliamente utilizado en las industrias qu\u00edmica, petroqu\u00edmica y farmac\u00e9utica, este polvo desempe\u00f1a un papel crucial en la fabricaci\u00f3n de componentes que requieren una resistencia superior a la corrosi\u00f3n en entornos altamente \u00e1cidos. Composici\u00f3n Hastelloy G30 Polvo...<\/p>","protected":false},"featured_media":1858,"parent":0,"template":"","meta":{"_acf_changed":false,"_kad_blocks_custom_css":"","_kad_blocks_head_custom_js":"","_kad_blocks_body_custom_js":"","_kad_blocks_footer_custom_js":"","_kad_post_transparent":"","_kad_post_title":"","_kad_post_layout":"","_kad_post_sidebar_id":"","_kad_post_content_style":"","_kad_post_vertical_padding":"","_kad_post_feature":"","_kad_post_feature_position":"","_kad_post_header":false,"_kad_post_footer":false,"_kad_post_classname":""},"product-category":[119],"class_list":["post-4309","product","type-product","status-publish","has-post-thumbnail","hentry","product-category-3d-printing-metal-powder"],"acf":[],"taxonomy_info":{"product-category":[{"value":119,"label":"3D Printing Metal Powder"}]},"featured_image_src_large":["https:\/\/3dpmetal.com\/wp-content\/uploads\/2024\/02\/GH3230-Powder.jpg",600,600,false],"author_info":[],"comment_info":"","_links":{"self":[{"href":"https:\/\/3dpmetal.com\/es\/wp-json\/wp\/v2\/product\/4309","targetHints":{"allow":["GET"]}}],"collection":[{"href":"https:\/\/3dpmetal.com\/es\/wp-json\/wp\/v2\/product"}],"about":[{"href":"https:\/\/3dpmetal.com\/es\/wp-json\/wp\/v2\/types\/product"}],"wp:featuredmedia":[{"embeddable":true,"href":"https:\/\/3dpmetal.com\/es\/wp-json\/wp\/v2\/media\/1858"}],"wp:attachment":[{"href":"https:\/\/3dpmetal.com\/es\/wp-json\/wp\/v2\/media?parent=4309"}],"wp:term":[{"taxonomy":"product-category","embeddable":true,"href":"https:\/\/3dpmetal.com\/es\/wp-json\/wp\/v2\/product-category?post=4309"}],"curies":[{"name":"wp","href":"https:\/\/api.w.org\/{rel}","templated":true}]}}