{"id":4325,"date":"2024-04-07T08:17:41","date_gmt":"2024-04-07T08:17:41","guid":{"rendered":"https:\/\/3dpmetal.com\/product\/alloy-g-30-powder\/"},"modified":"2024-04-08T01:48:44","modified_gmt":"2024-04-08T01:48:44","slug":"alloy-g-30-powder","status":"publish","type":"product","link":"https:\/\/3dpmetal.com\/es\/product\/alloy-g-30-powder\/","title":{"rendered":"Aleaci\u00f3n G-30 Polvo"},"content":{"rendered":"<h2>Polvo de aleaci\u00f3n G-30: Visi\u00f3n general<\/h2>\n<p><a href=\"https:\/\/en.wikipedia.org\/wiki\/Metal_powder\" target=\"_blank\" rel=\"noopener\">Aleaci\u00f3n G-30 Polvo<\/a> es muy apreciado por su excepcional resistencia a la corrosi\u00f3n, su gran solidez y su versatilidad, que lo hacen indispensable en diversos entornos exigentes. Su combinaci\u00f3n \u00fanica de propiedades lo hace adecuado para aplicaciones en las que la resistencia a entornos qu\u00edmicos agresivos es primordial.<\/p>\n<h2>Composici\u00f3n<\/h2>\n<p>La aleaci\u00f3n G-30 Powder se elabora meticulosamente con elementos de aleaci\u00f3n precisos:<\/p>\n<table>\n<thead>\n<tr>\n<th>Elemento<\/th>\n<th>Porcentaje de peso<\/th>\n<\/tr>\n<\/thead>\n<tbody>\n<tr>\n<td>N\u00edquel (Ni)<\/td>\n<td>50.0-55.0<\/td>\n<\/tr>\n<tr>\n<td>Cromo (Cr)<\/td>\n<td>14.0-17.0<\/td>\n<\/tr>\n<tr>\n<td>Molibdeno (Mo)<\/td>\n<td>15.0-17.0<\/td>\n<\/tr>\n<tr>\n<td>Hierro (Fe)<\/td>\n<td>5.0-7.0<\/td>\n<\/tr>\n<tr>\n<td>Cobalto (Co)<\/td>\n<td>2,5 m\u00e1x.<\/td>\n<\/tr>\n<tr>\n<td>Tungsteno (W)<\/td>\n<td>2,5 m\u00e1x.<\/td>\n<\/tr>\n<tr>\n<td>Cobre (Cu)<\/td>\n<td>1.0-2.5<\/td>\n<\/tr>\n<tr>\n<td>Vanadio (V)<\/td>\n<td>0,35 m\u00e1x.<\/td>\n<\/tr>\n<tr>\n<td>Carbono (C)<\/td>\n<td>0,03 m\u00e1x.<\/td>\n<\/tr>\n<tr>\n<td>Silicio (Si)<\/td>\n<td>0,08 m\u00e1x.<\/td>\n<\/tr>\n<tr>\n<td>F\u00f3sforo (P)<\/td>\n<td>0,020 m\u00e1x.<\/td>\n<\/tr>\n<tr>\n<td>Azufre (S)<\/td>\n<td>0,010 m\u00e1x.<\/td>\n<\/tr>\n<\/tbody>\n<\/table>\n<h2>Propiedades<\/h2>\n<p>La aleaci\u00f3n G-30 en polvo posee propiedades excepcionales:<\/p>\n<table>\n<thead>\n<tr>\n<th>Propiedad<\/th>\n<th>Valor<\/th>\n<\/tr>\n<\/thead>\n<tbody>\n<tr>\n<td>Densidad<\/td>\n<td>8,22 g\/cm\u00b3<\/td>\n<\/tr>\n<tr>\n<td>Resistencia a la tensi\u00f3n<\/td>\n<td>760 MPa (min)<\/td>\n<\/tr>\n<tr>\n<td>Resistencia el\u00e1stica<\/td>\n<td>350 MPa (min)<\/td>\n<\/tr>\n<tr>\n<td>Elongaci\u00f3n<\/td>\n<td>40% (min)<\/td>\n<\/tr>\n<tr>\n<td>Dureza (HRB)<\/td>\n<td>92 HRB<\/td>\n<\/tr>\n<tr>\n<td>Punto de Fusi\u00f3n<\/td>\n<td>1360-1415\u00b0C<\/td>\n<\/tr>\n<tr>\n<td>Conductividad t\u00e9rmica<\/td>\n<td>10,3 W\/m-K<\/td>\n<\/tr>\n<tr>\n<td>Resistividad el\u00e9ctrica<\/td>\n<td>1,25 \u00b5\u03a9-m<\/td>\n<\/tr>\n<\/tbody>\n<\/table>\n<h2>SOLICITUDES<\/h2>\n<p>La aleaci\u00f3n G-30 en polvo se utiliza ampliamente en las industrias qu\u00edmica, farmac\u00e9utica y de control de la contaminaci\u00f3n para componentes como recipientes de reactores, intercambiadores de calor y sistemas de depuraci\u00f3n.<\/p>\n<h2>Proceso de fabricaci\u00f3n aditiva<\/h2>\n<p>Producido mediante procesos de atomizaci\u00f3n con gas o plasma, el polvo de aleaci\u00f3n G-30 es adecuado para t\u00e9cnicas de fabricaci\u00f3n aditiva como la fusi\u00f3n de lecho de polvo y la deposici\u00f3n de energ\u00eda dirigida.<\/p>\n<h2>Especificaciones del polvo<\/h2>\n<p>Disponible en varios rangos de tama\u00f1o, morfolog\u00edas y niveles de calidad, el polvo de aleaci\u00f3n G-30 satisface los requisitos espec\u00edficos de cada aplicaci\u00f3n.<\/p>\n<h2>Normas y calificaciones<\/h2>\n<p>La aleaci\u00f3n G-30 en polvo cumple normas industriales como la ASTM B582, lo que garantiza su calidad e idoneidad para diversas aplicaciones.<\/p>\n<h2>Control de calidad<\/h2>\n<p>Las estrictas medidas de control de calidad, que incluyen an\u00e1lisis qu\u00edmicos y granulom\u00e9tricos, garantizan la consistencia y fiabilidad de la aleaci\u00f3n G-30 en polvo.<\/p>\n<h2>An\u00e1lisis de costes<\/h2>\n<p>El coste del polvo de aleaci\u00f3n G-30 var\u00eda en funci\u00f3n de factores como el volumen, el rango de tama\u00f1o de las part\u00edculas y las condiciones del mercado.<\/p>\n<h2>Almacenamiento y manipulaci\u00f3n de polvo<\/h2>\n<p>Para mantener la integridad del Polvo de Aleaci\u00f3n G-30 es esencial almacenarlo adecuadamente en recipientes herm\u00e9ticos y seguir los protocolos de manipulaci\u00f3n.<\/p>\n<h2>Salud y seguridad<\/h2>\n<p>La aleaci\u00f3n G-30 en polvo presenta riesgos m\u00ednimos para la salud, pero requiere el uso de equipos de protecci\u00f3n individual durante su manipulaci\u00f3n y procesamiento.<\/p>\n<h2>Preguntas frecuentes (FAQ)<\/h2>\n<ol>\n<li><strong>\u00bfCu\u00e1les son las principales ventajas de la aleaci\u00f3n G-30 en polvo?<\/strong> La aleaci\u00f3n G-30 en polvo ofrece una excepcional resistencia a la corrosi\u00f3n, gran solidez y versatilidad, lo que la hace ideal para aplicaciones en entornos qu\u00edmicos agresivos.<\/li>\n<li><strong>\u00bfPuede utilizarse el polvo de aleaci\u00f3n G-30 en la fabricaci\u00f3n aditiva?<\/strong> S\u00ed, el polvo de aleaci\u00f3n G-30 se utiliza habitualmente en t\u00e9cnicas de fabricaci\u00f3n aditiva como la fusi\u00f3n de lecho de polvo y la deposici\u00f3n de energ\u00eda dirigida para producir componentes con una resistencia a la corrosi\u00f3n y unas propiedades mec\u00e1nicas superiores.<\/li>\n<li><strong>\u00bfEs adecuado el polvo de aleaci\u00f3n G-30 para aplicaciones en recipientes de reactores?<\/strong> S\u00ed, la aleaci\u00f3n G-30 en polvo se utiliza ampliamente en vasijas de reactores debido a su excelente resistencia a la corrosi\u00f3n y su gran solidez.<\/li>\n<li><strong>\u00bfCu\u00e1les son los costes t\u00edpicos del polvo de aleaci\u00f3n G-30?<\/strong> Los costes del polvo de aleaci\u00f3n G-30 var\u00edan en funci\u00f3n de factores como el volumen, la gama de tama\u00f1os de las part\u00edculas, la morfolog\u00eda del polvo, los niveles de pureza y las condiciones del mercado.<\/li>\n<\/ol>","protected":false},"excerpt":{"rendered":"<p>Polvo de aleaci\u00f3n G-30: Overview La aleaci\u00f3n G-30 en polvo es muy apreciada por su excepcional resistencia a la corrosi\u00f3n, su alta resistencia y su versatilidad, que la hacen indispensable en diversos entornos exigentes. Su combinaci\u00f3n \u00fanica de propiedades lo hace adecuado para aplicaciones en las que la resistencia a entornos qu\u00edmicos agresivos es primordial. Composici\u00f3n La aleaci\u00f3n G-30 en polvo se elabora meticulosamente con elementos de aleaci\u00f3n precisos:...<\/p>","protected":false},"featured_media":4210,"parent":0,"template":"","meta":{"_acf_changed":false,"_kad_blocks_custom_css":"","_kad_blocks_head_custom_js":"","_kad_blocks_body_custom_js":"","_kad_blocks_footer_custom_js":"","_kad_post_transparent":"","_kad_post_title":"","_kad_post_layout":"","_kad_post_sidebar_id":"","_kad_post_content_style":"","_kad_post_vertical_padding":"","_kad_post_feature":"","_kad_post_feature_position":"","_kad_post_header":false,"_kad_post_footer":false,"_kad_post_classname":""},"product-category":[119],"class_list":["post-4325","product","type-product","status-publish","has-post-thumbnail","hentry","product-category-3d-printing-metal-powder"],"acf":[],"taxonomy_info":{"product-category":[{"value":119,"label":"3D Printing Metal Powder"}]},"featured_image_src_large":["https:\/\/3dpmetal.com\/wp-content\/uploads\/2024\/04\/Gh3536.jpg",600,600,false],"author_info":[],"comment_info":"","_links":{"self":[{"href":"https:\/\/3dpmetal.com\/es\/wp-json\/wp\/v2\/product\/4325","targetHints":{"allow":["GET"]}}],"collection":[{"href":"https:\/\/3dpmetal.com\/es\/wp-json\/wp\/v2\/product"}],"about":[{"href":"https:\/\/3dpmetal.com\/es\/wp-json\/wp\/v2\/types\/product"}],"wp:featuredmedia":[{"embeddable":true,"href":"https:\/\/3dpmetal.com\/es\/wp-json\/wp\/v2\/media\/4210"}],"wp:attachment":[{"href":"https:\/\/3dpmetal.com\/es\/wp-json\/wp\/v2\/media?parent=4325"}],"wp:term":[{"taxonomy":"product-category","embeddable":true,"href":"https:\/\/3dpmetal.com\/es\/wp-json\/wp\/v2\/product-category?post=4325"}],"curies":[{"name":"wp","href":"https:\/\/api.w.org\/{rel}","templated":true}]}}