{"id":4326,"date":"2024-04-07T08:17:41","date_gmt":"2024-04-07T08:17:41","guid":{"rendered":"https:\/\/3dpmetal.com\/product\/alloy-x-750-powder\/"},"modified":"2024-04-08T01:49:30","modified_gmt":"2024-04-08T01:49:30","slug":"alloy-x-750-powder","status":"publish","type":"product","link":"https:\/\/3dpmetal.com\/es\/product\/alloy-x-750-powder\/","title":{"rendered":"Aleaci\u00f3n X-750 Polvo"},"content":{"rendered":"<h2>Polvo de aleaci\u00f3n X-750: Visi\u00f3n general<\/h2>\n<p><a href=\"https:\/\/en.wikipedia.org\/wiki\/Metal_powder\" target=\"_blank\" rel=\"noopener\">Aleaci\u00f3n X-750 Polvo<\/a> es muy apreciado por su excepcional resistencia a altas temperaturas, a la oxidaci\u00f3n y a la corrosi\u00f3n, lo que lo hace indispensable en diversas aplicaciones exigentes. Su combinaci\u00f3n \u00fanica de propiedades lo hace adecuado para entornos con temperaturas extremas y atm\u00f3sferas agresivas.<\/p>\n<h2>Composici\u00f3n<\/h2>\n<p>La aleaci\u00f3n X-750 en polvo se elabora meticulosamente con elementos de aleaci\u00f3n precisos:<\/p>\n<table>\n<thead>\n<tr>\n<th>Elemento<\/th>\n<th>Porcentaje de peso<\/th>\n<\/tr>\n<\/thead>\n<tbody>\n<tr>\n<td>N\u00edquel (Ni)<\/td>\n<td>70.0 min<\/td>\n<\/tr>\n<tr>\n<td>Cromo (Cr)<\/td>\n<td>14.0-17.0<\/td>\n<\/tr>\n<tr>\n<td>Hierro (Fe)<\/td>\n<td>5.0-9.0<\/td>\n<\/tr>\n<tr>\n<td>Aluminio (Al)<\/td>\n<td>2.25-2.75<\/td>\n<\/tr>\n<tr>\n<td>Titanio (Ti)<\/td>\n<td>0.7-1.2<\/td>\n<\/tr>\n<tr>\n<td>Cobalto (Co)<\/td>\n<td>1,0 m\u00e1x.<\/td>\n<\/tr>\n<tr>\n<td>Molibdeno (Mo)<\/td>\n<td>0.7-1.2<\/td>\n<\/tr>\n<tr>\n<td>Cobre (Cu)<\/td>\n<td>0.5-1.0<\/td>\n<\/tr>\n<tr>\n<td>Silicio (Si)<\/td>\n<td>0,5 m\u00e1x.<\/td>\n<\/tr>\n<tr>\n<td>Azufre (S)<\/td>\n<td>0,01 m\u00e1x.<\/td>\n<\/tr>\n<tr>\n<td>Carbono (C)<\/td>\n<td>0,08 m\u00e1x.<\/td>\n<\/tr>\n<\/tbody>\n<\/table>\n<h2>Propiedades<\/h2>\n<p>La aleaci\u00f3n X-750 en polvo posee propiedades excepcionales:<\/p>\n<table>\n<thead>\n<tr>\n<th>Propiedad<\/th>\n<th>Valor<\/th>\n<\/tr>\n<\/thead>\n<tbody>\n<tr>\n<td>Densidad<\/td>\n<td>8,27 g\/cm\u00b3<\/td>\n<\/tr>\n<tr>\n<td>Resistencia a la tensi\u00f3n<\/td>\n<td>1034 MPa (min)<\/td>\n<\/tr>\n<tr>\n<td>Resistencia el\u00e1stica<\/td>\n<td>689 MPa (min)<\/td>\n<\/tr>\n<tr>\n<td>Elongaci\u00f3n<\/td>\n<td>30% (min)<\/td>\n<\/tr>\n<tr>\n<td>Dureza (HRB)<\/td>\n<td>96 HRB<\/td>\n<\/tr>\n<tr>\n<td>Punto de Fusi\u00f3n<\/td>\n<td>1393-1427\u00b0C<\/td>\n<\/tr>\n<tr>\n<td>Conductividad t\u00e9rmica<\/td>\n<td>11,0 W\/m-K<\/td>\n<\/tr>\n<tr>\n<td>Resistividad el\u00e9ctrica<\/td>\n<td>1,22 \u00b5\u03a9-m<\/td>\n<\/tr>\n<\/tbody>\n<\/table>\n<h2>SOLICITUDES<\/h2>\n<p>La aleaci\u00f3n X-750 en polvo se utiliza ampliamente en las industrias aeroespacial, nuclear y de turbinas de gas para componentes como \u00e1labes de turbinas, motores de cohetes y recipientes de reactores.<\/p>\n<h2>Proceso de fabricaci\u00f3n aditiva<\/h2>\n<p>Producido mediante procesos de atomizaci\u00f3n con gas o plasma, el polvo de aleaci\u00f3n X-750 es adecuado para t\u00e9cnicas de fabricaci\u00f3n aditiva como la fusi\u00f3n de lecho de polvo y la deposici\u00f3n de energ\u00eda dirigida.<\/p>\n<h2>Especificaciones del polvo<\/h2>\n<p>Disponible en varios rangos de tama\u00f1o, morfolog\u00edas y niveles de calidad, el polvo de aleaci\u00f3n X-750 satisface los requisitos espec\u00edficos de cada aplicaci\u00f3n.<\/p>\n<h2>Normas y calificaciones<\/h2>\n<p>La aleaci\u00f3n X-750 en polvo cumple normas industriales como la AMS 5667, lo que garantiza su calidad e idoneidad para diversas aplicaciones.<\/p>\n<h2>Control de calidad<\/h2>\n<p>Las estrictas medidas de control de calidad, incluidos los an\u00e1lisis qu\u00edmicos y granulom\u00e9tricos, garantizan la consistencia y fiabilidad de la aleaci\u00f3n X-750 en polvo.<\/p>\n<h2>An\u00e1lisis de costes<\/h2>\n<p>El coste del polvo de aleaci\u00f3n X-750 var\u00eda en funci\u00f3n de factores como el volumen, el rango de tama\u00f1o de las part\u00edculas y las condiciones del mercado.<\/p>\n<h2>Almacenamiento y manipulaci\u00f3n de polvo<\/h2>\n<p>Para mantener la integridad del Polvo de Aleaci\u00f3n X-750 es esencial almacenarlo adecuadamente en recipientes herm\u00e9ticos y seguir los protocolos de manipulaci\u00f3n.<\/p>\n<h2>Salud y seguridad<\/h2>\n<p>La aleaci\u00f3n X-750 en polvo presenta riesgos m\u00ednimos para la salud, pero requiere el uso de equipos de protecci\u00f3n individual durante su manipulaci\u00f3n y procesamiento.<\/p>\n<h2>Preguntas frecuentes (FAQ)<\/h2>\n<ol>\n<li><strong>\u00bfCu\u00e1les son las principales ventajas del polvo de aleaci\u00f3n X-750?<\/strong> La aleaci\u00f3n X-750 en polvo ofrece una excepcional resistencia a altas temperaturas, resistencia a la oxidaci\u00f3n y resistencia a la corrosi\u00f3n, por lo que es ideal para aplicaciones en los sectores aeroespacial, de turbinas de gas y nuclear.<\/li>\n<li><strong>\u00bfPuede utilizarse el polvo de aleaci\u00f3n X-750 en la fabricaci\u00f3n aditiva?<\/strong> S\u00ed, el polvo de aleaci\u00f3n X-750 se utiliza habitualmente en t\u00e9cnicas de fabricaci\u00f3n aditiva como la fusi\u00f3n de lecho de polvo y la deposici\u00f3n de energ\u00eda dirigida para producir componentes con propiedades superiores a altas temperaturas.<\/li>\n<li><strong>\u00bfEs adecuado el polvo de aleaci\u00f3n X-750 para aplicaciones en \u00e1labes de turbinas?<\/strong> S\u00ed, la aleaci\u00f3n X-750 en polvo se utiliza ampliamente en \u00e1labes de turbinas debido a su excelente resistencia a altas temperaturas y a la oxidaci\u00f3n.<\/li>\n<li><strong>\u00bfCu\u00e1les son los costes t\u00edpicos del polvo de aleaci\u00f3n X-750?<\/strong> Los costes del polvo de aleaci\u00f3n X-750 var\u00edan en funci\u00f3n de factores como el volumen, la gama de tama\u00f1os de las part\u00edculas, la morfolog\u00eda del polvo, los niveles de pureza y las condiciones del mercado.<\/li>\n<\/ol>","protected":false},"excerpt":{"rendered":"<p>Polvo de aleaci\u00f3n X-750: Overview La aleaci\u00f3n X-750 en polvo es muy apreciada por su excepcional resistencia a altas temperaturas, a la oxidaci\u00f3n y a la corrosi\u00f3n, lo que la hace indispensable en diversas aplicaciones exigentes. Su combinaci\u00f3n \u00fanica de propiedades lo hace adecuado para entornos en los que prevalecen las temperaturas extremas y las atm\u00f3sferas agresivas. Composici\u00f3n La aleaci\u00f3n X-750 en polvo se elabora meticulosamente con...<\/p>","protected":false},"featured_media":1845,"parent":0,"template":"","meta":{"_acf_changed":false,"_kad_blocks_custom_css":"","_kad_blocks_head_custom_js":"","_kad_blocks_body_custom_js":"","_kad_blocks_footer_custom_js":"","_kad_post_transparent":"","_kad_post_title":"","_kad_post_layout":"","_kad_post_sidebar_id":"","_kad_post_content_style":"","_kad_post_vertical_padding":"","_kad_post_feature":"","_kad_post_feature_position":"","_kad_post_header":false,"_kad_post_footer":false,"_kad_post_classname":""},"product-category":[119],"class_list":["post-4326","product","type-product","status-publish","has-post-thumbnail","hentry","product-category-3d-printing-metal-powder"],"acf":[],"taxonomy_info":{"product-category":[{"value":119,"label":"3D Printing Metal Powder"}]},"featured_image_src_large":["https:\/\/3dpmetal.com\/wp-content\/uploads\/2024\/02\/T15-Powder.jpg",600,600,false],"author_info":[],"comment_info":"","_links":{"self":[{"href":"https:\/\/3dpmetal.com\/es\/wp-json\/wp\/v2\/product\/4326","targetHints":{"allow":["GET"]}}],"collection":[{"href":"https:\/\/3dpmetal.com\/es\/wp-json\/wp\/v2\/product"}],"about":[{"href":"https:\/\/3dpmetal.com\/es\/wp-json\/wp\/v2\/types\/product"}],"wp:featuredmedia":[{"embeddable":true,"href":"https:\/\/3dpmetal.com\/es\/wp-json\/wp\/v2\/media\/1845"}],"wp:attachment":[{"href":"https:\/\/3dpmetal.com\/es\/wp-json\/wp\/v2\/media?parent=4326"}],"wp:term":[{"taxonomy":"product-category","embeddable":true,"href":"https:\/\/3dpmetal.com\/es\/wp-json\/wp\/v2\/product-category?post=4326"}],"curies":[{"name":"wp","href":"https:\/\/api.w.org\/{rel}","templated":true}]}}