{"id":2888,"date":"2024-03-07T07:15:34","date_gmt":"2024-03-07T07:15:34","guid":{"rendered":"https:\/\/3dp.45612300.xyz\/?page_id=2888"},"modified":"2024-04-01T06:17:25","modified_gmt":"2024-04-01T06:17:25","slug":"automotive-industry","status":"publish","type":"page","link":"https:\/\/3dpmetal.com\/fr\/automotive-industry\/","title":{"rendered":"Industrie automobile"},"content":{"rendered":"<style>.kadence-column2888_e0b287-3a > .kt-inside-inner-col{display:flex;}.kadence-column2888_e0b287-3a > .kt-inside-inner-col{min-height:300px;}.kadence-column2888_e0b287-3a > .kt-inside-inner-col,.kadence-column2888_e0b287-3a > .kt-inside-inner-col:before{border-top-left-radius:0px;border-top-right-radius:0px;border-bottom-right-radius:0px;border-bottom-left-radius:0px;}.kadence-column2888_e0b287-3a > .kt-inside-inner-col{column-gap:var(--global-kb-gap-sm, 1rem);}.kadence-column2888_e0b287-3a > .kt-inside-inner-col{flex-direction:column;justify-content:center;align-items:center;}.kadence-column2888_e0b287-3a > .kt-inside-inner-col > .kb-image-is-ratio-size{align-self:stretch;}.kadence-column2888_e0b287-3a > .kt-inside-inner-col > .wp-block-kadence-advancedgallery{align-self:stretch;}.kadence-column2888_e0b287-3a > .kt-inside-inner-col > .aligncenter{width:100%;}.kt-row-column-wrap > .kadence-column2888_e0b287-3a{align-self:center;}.kt-inner-column-height-full:not(.kt-has-1-columns) > .wp-block-kadence-column.kadence-column2888_e0b287-3a{align-self:auto;}.kt-inner-column-height-full:not(.kt-has-1-columns) > .wp-block-kadence-column.kadence-column2888_e0b287-3a > .kt-inside-inner-col{flex-direction:column;justify-content:center;}.kadence-column2888_e0b287-3a > .kt-inside-inner-col{background-image:url('https:\/\/3dpmetal.com\/wp-content\/uploads\/2024\/02\/663f499e-1c8a-4d2f-9a72-f23b2ce6a317.png');background-size:cover;background-position:50% 0%;background-attachment:scroll;background-repeat:no-repeat;}.kadence-column2888_e0b287-3a > .kt-inside-inner-col:before{opacity:0.63;background-color:#000000;}.kadence-column2888_e0b287-3a{position:relative;}@media all and (max-width: 1024px){.kt-row-column-wrap > .kadence-column2888_e0b287-3a{align-self:center;}}@media all and (max-width: 1024px){.kt-inner-column-height-full:not(.kt-has-1-columns) > .wp-block-kadence-column.kadence-column2888_e0b287-3a{align-self:auto;}}@media all and (max-width: 1024px){.kt-inner-column-height-full:not(.kt-has-1-columns) > .wp-block-kadence-column.kadence-column2888_e0b287-3a > .kt-inside-inner-col{flex-direction:column;justify-content:center;}}@media all and (max-width: 1024px){.kadence-column2888_e0b287-3a > .kt-inside-inner-col{flex-direction:column;justify-content:center;align-items:center;}}@media all and (max-width: 767px){.kt-row-column-wrap > .kadence-column2888_e0b287-3a{align-self:center;}.kt-inner-column-height-full:not(.kt-has-1-columns) > .wp-block-kadence-column.kadence-column2888_e0b287-3a{align-self:auto;}.kt-inner-column-height-full:not(.kt-has-1-columns) > .wp-block-kadence-column.kadence-column2888_e0b287-3a > .kt-inside-inner-col{flex-direction:column;justify-content:center;}.kadence-column2888_e0b287-3a > .kt-inside-inner-col{flex-direction:column;justify-content:center;align-items:center;}}<\/style>\n<div class=\"wp-block-kadence-column kadence-column2888_e0b287-3a kb-section-has-overlay\"><div class=\"kt-inside-inner-col\"><style>.wp-block-kadence-advancedheading.kt-adv-heading2888_7eb6aa-b1, .wp-block-kadence-advancedheading.kt-adv-heading2888_7eb6aa-b1[data-kb-block=\"kb-adv-heading2888_7eb6aa-b1\"]{font-size:40px;font-style:normal;color:#fff9f9;}.wp-block-kadence-advancedheading.kt-adv-heading2888_7eb6aa-b1 mark.kt-highlight, .wp-block-kadence-advancedheading.kt-adv-heading2888_7eb6aa-b1[data-kb-block=\"kb-adv-heading2888_7eb6aa-b1\"] mark.kt-highlight{font-style:normal;color:#f76a0c;-webkit-box-decoration-break:clone;box-decoration-break:clone;padding-top:0px;padding-right:0px;padding-bottom:0px;padding-left:0px;}.wp-block-kadence-advancedheading.kt-adv-heading2888_7eb6aa-b1 img.kb-inline-image, .wp-block-kadence-advancedheading.kt-adv-heading2888_7eb6aa-b1[data-kb-block=\"kb-adv-heading2888_7eb6aa-b1\"] img.kb-inline-image{width:150px;vertical-align:baseline;}@media all and (max-width: 767px){.wp-block-kadence-advancedheading.kt-adv-heading2888_7eb6aa-b1, .wp-block-kadence-advancedheading.kt-adv-heading2888_7eb6aa-b1[data-kb-block=\"kb-adv-heading2888_7eb6aa-b1\"]{font-size:var(--global-kb-font-size-lg, 2rem);}}<\/style>\n<h1 class=\"kt-adv-heading2888_7eb6aa-b1 wp-block-kadence-advancedheading\" data-kb-block=\"kb-adv-heading2888_7eb6aa-b1\">Industrie automobile<\/h1>\n<\/div><\/div>\n\n\n<style>.kb-row-layout-id2888_34a69f-f2 > .kt-row-column-wrap{align-content:start;}:where(.kb-row-layout-id2888_34a69f-f2 > .kt-row-column-wrap) > .wp-block-kadence-column{justify-content:start;}.kb-row-layout-id2888_34a69f-f2 > .kt-row-column-wrap{column-gap:var(--global-kb-gap-lg, 4rem);row-gap:var(--global-kb-gap-md, 2rem);max-width:var( --global-content-width, 1600px );padding-left:var(--global-content-edge-padding);padding-right:var(--global-content-edge-padding);padding-top:var(--global-kb-spacing-xxl, 5rem);padding-bottom:var(--global-kb-spacing-sm, 1.5rem);grid-template-columns:minmax(0, calc(40% - ((var(--global-kb-gap-lg, 4rem) * 1 )\/2)))minmax(0, calc(60% - ((var(--global-kb-gap-lg, 4rem) * 1 )\/2)));}.kb-row-layout-id2888_34a69f-f2 > .kt-row-layout-overlay{opacity:0.30;}@media all and (max-width: 1024px){.kb-row-layout-id2888_34a69f-f2 > .kt-row-column-wrap{grid-template-columns:minmax(0, 1fr) minmax(0, 2fr);}}@media all and (max-width: 767px){.kb-row-layout-id2888_34a69f-f2 > .kt-row-column-wrap{row-gap:var(--global-kb-gap-none, 0rem );padding-top:var(--global-kb-spacing-lg, 3rem);grid-template-columns:minmax(0, 1fr);}}<\/style><div class=\"kb-row-layout-wrap kb-row-layout-id2888_34a69f-f2 alignnone wp-block-kadence-rowlayout\"><div class=\"kt-row-column-wrap kt-has-2-columns kt-row-layout-right-golden kt-tab-layout-inherit kt-mobile-layout-row kt-row-valign-top kb-theme-content-width\">\n<style>.kadence-column2888_e9fde1-20 > .kt-inside-inner-col{display:flex;}.kadence-column2888_e9fde1-20 > .kt-inside-inner-col,.kadence-column2888_e9fde1-20 > .kt-inside-inner-col:before{border-top-left-radius:0px;border-top-right-radius:0px;border-bottom-right-radius:0px;border-bottom-left-radius:0px;}.kadence-column2888_e9fde1-20 > .kt-inside-inner-col{column-gap:var(--global-kb-gap-sm, 1rem);}.kadence-column2888_e9fde1-20 > .kt-inside-inner-col{flex-direction:column;justify-content:center;}.kadence-column2888_e9fde1-20 > .kt-inside-inner-col > .aligncenter{width:100%;}.kt-row-column-wrap > .kadence-column2888_e9fde1-20{align-self:center;}.kt-inner-column-height-full:not(.kt-has-1-columns) > .wp-block-kadence-column.kadence-column2888_e9fde1-20{align-self:auto;}.kt-inner-column-height-full:not(.kt-has-1-columns) > .wp-block-kadence-column.kadence-column2888_e9fde1-20 > .kt-inside-inner-col{flex-direction:column;justify-content:center;}.kadence-column2888_e9fde1-20 > .kt-inside-inner-col:before{opacity:0.3;}.kadence-column2888_e9fde1-20{position:relative;}@media all and (max-width: 1024px){.kt-row-column-wrap > .kadence-column2888_e9fde1-20{align-self:center;}}@media all and (max-width: 1024px){.kt-inner-column-height-full:not(.kt-has-1-columns) > .wp-block-kadence-column.kadence-column2888_e9fde1-20{align-self:auto;}}@media all and (max-width: 1024px){.kt-inner-column-height-full:not(.kt-has-1-columns) > .wp-block-kadence-column.kadence-column2888_e9fde1-20 > .kt-inside-inner-col{flex-direction:column;justify-content:center;}}@media all and (max-width: 1024px){.kadence-column2888_e9fde1-20 > .kt-inside-inner-col{flex-direction:column;justify-content:center;}}@media all and (max-width: 767px){.kt-row-column-wrap > .kadence-column2888_e9fde1-20{align-self:center;}.kt-inner-column-height-full:not(.kt-has-1-columns) > .wp-block-kadence-column.kadence-column2888_e9fde1-20{align-self:auto;}.kt-inner-column-height-full:not(.kt-has-1-columns) > .wp-block-kadence-column.kadence-column2888_e9fde1-20 > .kt-inside-inner-col{flex-direction:column;justify-content:center;}.kadence-column2888_e9fde1-20 > .kt-inside-inner-col{flex-direction:column;justify-content:center;}}<\/style>\n<div class=\"wp-block-kadence-column kadence-column2888_e9fde1-20\"><div class=\"kt-inside-inner-col\">\n<figure class=\"wp-block-image size-full\"><img loading=\"lazy\" decoding=\"async\" width=\"600\" height=\"600\" src=\"https:\/\/3dpmetal.com\/wp-content\/uploads\/2024\/03\/car.jpg\" alt=\"\" class=\"wp-image-2868\" title=\"\" srcset=\"https:\/\/3dpmetal.com\/wp-content\/uploads\/2024\/03\/car.jpg 600w, https:\/\/3dpmetal.com\/wp-content\/uploads\/2024\/03\/car-300x300.jpg 300w, https:\/\/3dpmetal.com\/wp-content\/uploads\/2024\/03\/car-150x150.jpg 150w\" sizes=\"auto, (max-width: 600px) 100vw, 600px\" \/><\/figure>\n<\/div><\/div>\n\n\n<style>.kadence-column2888_eea6ed-3c > .kt-inside-inner-col{display:flex;}.kadence-column2888_eea6ed-3c > .kt-inside-inner-col,.kadence-column2888_eea6ed-3c > .kt-inside-inner-col:before{border-top-left-radius:0px;border-top-right-radius:0px;border-bottom-right-radius:0px;border-bottom-left-radius:0px;}.kadence-column2888_eea6ed-3c > .kt-inside-inner-col{column-gap:var(--global-kb-gap-sm, 1rem);}.kadence-column2888_eea6ed-3c > .kt-inside-inner-col{flex-direction:column;justify-content:center;}.kadence-column2888_eea6ed-3c > .kt-inside-inner-col > .aligncenter{width:100%;}.kt-row-column-wrap > .kadence-column2888_eea6ed-3c{align-self:center;}.kt-inner-column-height-full:not(.kt-has-1-columns) > .wp-block-kadence-column.kadence-column2888_eea6ed-3c{align-self:auto;}.kt-inner-column-height-full:not(.kt-has-1-columns) > .wp-block-kadence-column.kadence-column2888_eea6ed-3c > .kt-inside-inner-col{flex-direction:column;justify-content:center;}.kadence-column2888_eea6ed-3c > .kt-inside-inner-col:before{opacity:0.3;}.kadence-column2888_eea6ed-3c{position:relative;}@media all and (max-width: 1024px){.kt-row-column-wrap > .kadence-column2888_eea6ed-3c{align-self:center;}}@media all and (max-width: 1024px){.kt-inner-column-height-full:not(.kt-has-1-columns) > .wp-block-kadence-column.kadence-column2888_eea6ed-3c{align-self:auto;}}@media all and (max-width: 1024px){.kt-inner-column-height-full:not(.kt-has-1-columns) > .wp-block-kadence-column.kadence-column2888_eea6ed-3c > .kt-inside-inner-col{flex-direction:column;justify-content:center;}}@media all and (max-width: 1024px){.kadence-column2888_eea6ed-3c > .kt-inside-inner-col{flex-direction:column;justify-content:center;}}@media all and (max-width: 767px){.kt-row-column-wrap > .kadence-column2888_eea6ed-3c{align-self:center;}.kt-inner-column-height-full:not(.kt-has-1-columns) > .wp-block-kadence-column.kadence-column2888_eea6ed-3c{align-self:auto;}.kt-inner-column-height-full:not(.kt-has-1-columns) > .wp-block-kadence-column.kadence-column2888_eea6ed-3c > .kt-inside-inner-col{flex-direction:column;justify-content:center;}.kadence-column2888_eea6ed-3c > .kt-inside-inner-col{flex-direction:column;justify-content:center;}}<\/style>\n<div class=\"wp-block-kadence-column kadence-column2888_eea6ed-3c\"><div class=\"kt-inside-inner-col\"><style>.wp-block-kadence-advancedheading.kt-adv-heading2888_c07e79-09, .wp-block-kadence-advancedheading.kt-adv-heading2888_c07e79-09[data-kb-block=\"kb-adv-heading2888_c07e79-09\"]{font-style:normal;}.wp-block-kadence-advancedheading.kt-adv-heading2888_c07e79-09 mark.kt-highlight, .wp-block-kadence-advancedheading.kt-adv-heading2888_c07e79-09[data-kb-block=\"kb-adv-heading2888_c07e79-09\"] mark.kt-highlight{font-style:normal;color:#f76a0c;-webkit-box-decoration-break:clone;box-decoration-break:clone;padding-top:0px;padding-right:0px;padding-bottom:0px;padding-left:0px;}.wp-block-kadence-advancedheading.kt-adv-heading2888_c07e79-09 img.kb-inline-image, .wp-block-kadence-advancedheading.kt-adv-heading2888_c07e79-09[data-kb-block=\"kb-adv-heading2888_c07e79-09\"] img.kb-inline-image{width:150px;vertical-align:baseline;}@media all and (max-width: 767px){.wp-block-kadence-advancedheading.kt-adv-heading2888_c07e79-09, .wp-block-kadence-advancedheading.kt-adv-heading2888_c07e79-09[data-kb-block=\"kb-adv-heading2888_c07e79-09\"]{font-size:20px;}}<\/style>\n<h2 class=\"kt-adv-heading2888_c07e79-09 wp-block-kadence-advancedheading\" data-kb-block=\"kb-adv-heading2888_c07e79-09\">L'industrie automobile est en constante \u00e9volution.<\/h2>\n\n\n\n<p>La fabrication additive gagne du terrain dans l'automobile pour la production de composants l\u00e9gers et optimis\u00e9s. L'impression 3D m\u00e9tal permet des conceptions complexes pour r\u00e9duire le poids tout en conservant la r\u00e9sistance. Ceci est essentiel pour am\u00e9liorer l'efficacit\u00e9 \u00e9nerg\u00e9tique et les performances du v\u00e9hicule. La consolidation des assemblages en une seule pi\u00e8ce imprim\u00e9e simplifie \u00e9galement la production.<\/p>\n\n\n\n<p>Meituo est le partenaire id\u00e9al pour les entreprises automobiles mettant en \u0153uvre la fabrication additive (FA) m\u00e9tal. Nos imprimantes de fusion s\u00e9lective par faisceau d'\u00e9lectrons sophistiqu\u00e9es excellent dans le traitement de l'aluminium, du titane et des alliages d'acier couramment utilis\u00e9s dans la fabrication automobile. Nos syst\u00e8mes atteignent la pr\u00e9cision, la finition de surface et les propri\u00e9t\u00e9s m\u00e9caniques n\u00e9cessaires pour les composants et l'outillage automobiles finaux.<\/p>\n\n\n\n<p>En outre, Meituo propose un vaste choix de poudres de m\u00e9tal optimis\u00e9es pour nos imprimantes. Notamment, l'aluminium, le titane, le nickel, l'inox, et plus encore. Nos poudres de haute qualit\u00e9 assurent une impression fiable et r\u00e9p\u00e9table de composants automobiles denses et durables.<\/p>\n\n\n\n<p>Gr\u00e2ce \u00e0 sa profonde expertise dans les techniques additives m\u00e9talliques, Meituo aide les fabricants automobiles \u00e0 valider les pi\u00e8ces imprim\u00e9es en vue d\u2019une production optimis\u00e9e. En tirant parti de nos imprimantes 3D de pointe et de poudres sur mesure, les entreprises automobiles peuvent adopter AM pour am\u00e9liorer l\u2019agilit\u00e9 de fabrication et les performances du v\u00e9hicule.<\/p>\n\n\n\n<p>Meituo s'associe \u00e0 des organisations automobiles pour mettre en \u0153uvre l'impression 3D m\u00e9tal et r\u00e9aliser ses avantages. Nos solutions compl\u00e8tes font progresser la fabrication additive dans l'industrie automobile.<\/p>\n<\/div><\/div>\n\n<\/div><\/div>","protected":false},"excerpt":{"rendered":"<p>Automotive Industry The Automotive Industry Is One Of Constant Change. Additive manufacturing is gaining traction in automotive for producing lightweight, optimized components. Metal 3D printing enables complex designs to reduce weight while retaining strength. This is crucial for improving vehicle fuel efficiency and performance. Consolidating assemblies into single printed parts also streamlines production. Meituo is&#8230;<\/p>","protected":false},"author":1,"featured_media":0,"parent":0,"menu_order":0,"comment_status":"closed","ping_status":"closed","template":"","meta":{"_acf_changed":false,"_kad_blocks_custom_css":"","_kad_blocks_head_custom_js":"","_kad_blocks_body_custom_js":"","_kad_blocks_footer_custom_js":"","_kad_post_transparent":"","_kad_post_title":"","_kad_post_layout":"fullwidth","_kad_post_sidebar_id":"","_kad_post_content_style":"unboxed","_kad_post_vertical_padding":"","_kad_post_feature":"","_kad_post_feature_position":"","_kad_post_header":false,"_kad_post_footer":false,"_kad_post_classname":"","footnotes":""},"class_list":["post-2888","page","type-page","status-publish","hentry"],"acf":[],"taxonomy_info":[],"featured_image_src_large":false,"author_info":{"display_name":"demo","author_link":"https:\/\/3dpmetal.com\/fr\/author\/demo\/"},"comment_info":0,"_links":{"self":[{"href":"https:\/\/3dpmetal.com\/fr\/wp-json\/wp\/v2\/pages\/2888","targetHints":{"allow":["GET"]}}],"collection":[{"href":"https:\/\/3dpmetal.com\/fr\/wp-json\/wp\/v2\/pages"}],"about":[{"href":"https:\/\/3dpmetal.com\/fr\/wp-json\/wp\/v2\/types\/page"}],"author":[{"embeddable":true,"href":"https:\/\/3dpmetal.com\/fr\/wp-json\/wp\/v2\/users\/1"}],"replies":[{"embeddable":true,"href":"https:\/\/3dpmetal.com\/fr\/wp-json\/wp\/v2\/comments?post=2888"}],"version-history":[{"count":4,"href":"https:\/\/3dpmetal.com\/fr\/wp-json\/wp\/v2\/pages\/2888\/revisions"}],"predecessor-version":[{"id":4070,"href":"https:\/\/3dpmetal.com\/fr\/wp-json\/wp\/v2\/pages\/2888\/revisions\/4070"}],"wp:attachment":[{"href":"https:\/\/3dpmetal.com\/fr\/wp-json\/wp\/v2\/media?parent=2888"}],"curies":[{"name":"wp","href":"https:\/\/api.w.org\/{rel}","templated":true}]}}