{"id":3855,"date":"2024-03-18T06:10:08","date_gmt":"2024-03-18T06:10:08","guid":{"rendered":"https:\/\/3dp.45612300.xyz\/product\/cocrmo-powder\/"},"modified":"2024-03-18T06:10:08","modified_gmt":"2024-03-18T06:10:08","slug":"cocrmo-powder","status":"publish","type":"product","link":"https:\/\/3dpmetal.com\/fr\/product\/cocrmo-powder\/","title":{"rendered":"Poudre de CoCrMo"},"content":{"rendered":"<p><span style=\"vertical-align: inherit;\"><span style=\"vertical-align: inherit;\"><\/p>\n<h2><strong>Aper\u00e7u de la poudre de CoCrMo<\/strong><\/h2>\n<p class=\"whitespace-pre-wrap\">Le CoCrMo est une poudre d'alliage cobalt-chrome-molybd\u00e8ne largement utilis\u00e9e dans la fabrication additive de m\u00e9taux pour des applications biom\u00e9dicales, dentaires, a\u00e9rospatiales et industrielles n\u00e9cessitant une r\u00e9sistance \u00e0 l'usure et une biocompatibilit\u00e9.<\/p>\n<p class=\"whitespace-pre-wrap\">Cet article fournit un guide d\u00e9taill\u00e9 sur la poudre de CoCrMo couvrant la composition, les propri\u00e9t\u00e9s, les param\u00e8tres du processus d'AM, les applications, les sp\u00e9cifications, les fournisseurs, la manipulation, l'inspection, les comparaisons, les avantages et les inconv\u00e9nients, et les FAQ. Les informations cl\u00e9s sont pr\u00e9sent\u00e9es dans des tableaux faciles \u00e0 consulter.<\/p>\n<h3><strong>Composition de la poudre de CoCrMo<\/strong><\/h3>\n<p class=\"whitespace-pre-wrap\">La composition de la poudre d'alliage CoCrMo est la suivante :<\/p>\n<table>\n<thead>\n<tr>\n<th>\u00e9l\u00e9ment<\/th>\n<th>% en poids<\/th>\n<th>Objectif<\/th>\n<\/tr>\n<\/thead>\n<tbody>\n<tr>\n<td>Cobalt<\/td>\n<td>58-69<\/td>\n<td>\u00c9l\u00e9ment de matrice, biocompatibilit\u00e9<\/td>\n<\/tr>\n<tr>\n<td>Chromium<\/td>\n<td>26-30<\/td>\n<td>R\u00e9sistance \u00e0 la corrosion, r\u00e9sistance \u00e0 l'usure<\/td>\n<\/tr>\n<tr>\n<td>Molybd\u00e8ne, molybd\u00e8ne<\/td>\n<td>5-7<\/td>\n<td>Solidit\u00e9, r\u00e9sistance \u00e0 l'usure<\/td>\n<\/tr>\n<tr>\n<td>Carbone<\/td>\n<td>0.05-0.35<\/td>\n<td>Forme en carbure<\/td>\n<\/tr>\n<tr>\n<td>Silicium<\/td>\n<td>1 max<\/td>\n<td>D\u00e9soxydant<\/td>\n<\/tr>\n<tr>\n<td>Mangan\u00e8se<\/td>\n<td>1 max<\/td>\n<td>D\u00e9soxydant<\/td>\n<\/tr>\n<tr>\n<td>Fer<\/td>\n<td>0,75 max<\/td>\n<td>Limite de contamination<\/td>\n<\/tr>\n<\/tbody>\n<\/table>\n<p class=\"whitespace-pre-wrap\">La teneur \u00e9lev\u00e9e en cobalt assure la biocompatibilit\u00e9, tandis que le chrome et le molybd\u00e8ne conf\u00e8rent la solidit\u00e9 et la r\u00e9sistance \u00e0 l'usure.<\/p>\n<h3><strong>Propri\u00e9t\u00e9s de la poudre de CoCrMo<\/strong><\/h3>\n<p class=\"whitespace-pre-wrap\">Les principales propri\u00e9t\u00e9s de la poudre de CoCrMo sont les suivantes :<\/p>\n<table>\n<thead>\n<tr>\n<th>Propri\u00e9t\u00e9 immobili\u00e8re<\/th>\n<th>Description<\/th>\n<\/tr>\n<\/thead>\n<tbody>\n<tr>\n<td>biocompatibilit\u00e9<\/td>\n<td>Excellente compatibilit\u00e9 avec les tissus du corps humain<\/td>\n<\/tr>\n<tr>\n<td>R\u00e9sistance \u00e0 l'usure<\/td>\n<td>R\u00e9sistance \u00e9lev\u00e9e \u00e0 l'abrasion et \u00e0 l'usure par glissement<\/td>\n<\/tr>\n<tr>\n<td>R\u00e9sistance \u00e0 la corrosion<\/td>\n<td>R\u00e9sistant aux fluides corporels et \u00e0 de nombreux produits chimiques<\/td>\n<\/tr>\n<tr>\n<td>Force<\/td>\n<td>R\u00e9sistance \u00e0 la traction jusqu'\u00e0 1310 MPa en cas d'\u00e9crouissage<\/td>\n<\/tr>\n<tr>\n<td>Duret\u00e9<\/td>\n<td>Jusqu'\u00e0 54 HRC en cas de durcissement par vieillissement<\/td>\n<\/tr>\n<tr>\n<td>R\u00e9sistance \u00e0 la fatigue<\/td>\n<td>Adapt\u00e9 aux charges dynamiques cycliques<\/td>\n<\/tr>\n<\/tbody>\n<\/table>\n<p class=\"whitespace-pre-wrap\">Ces propri\u00e9t\u00e9s permettent de l'utiliser pour des implants et des dispositifs porteurs.<\/p>\n<h3><strong>Param\u00e8tres du processus AM pour la poudre de CoCrMo<\/strong><\/h3>\n<p class=\"whitespace-pre-wrap\">Les param\u00e8tres typiques pour l'impression de la poudre de CoCrMo sont les suivants :<\/p>\n<table>\n<thead>\n<tr>\n<th>Param\u00e8tre<\/th>\n<th>Valeur typique<\/th>\n<th>Objectif<\/th>\n<\/tr>\n<\/thead>\n<tbody>\n<tr>\n<td>Hauteur de la couche<\/td>\n<td>20-50 \u00b5m<\/td>\n<td>R\u00e9solution vs vitesse de construction<\/td>\n<\/tr>\n<tr>\n<td>Puissance du laser<\/td>\n<td>150-400 W<\/td>\n<td>Condition de fusion sans vaporisation<\/td>\n<\/tr>\n<tr>\n<td>Vitesse de balayage<\/td>\n<td>400-1200 mm\/s<\/td>\n<td>Densit\u00e9 en fonction du taux de production<\/td>\n<\/tr>\n<tr>\n<td>Espacement des trappes<\/td>\n<td>80-120 \u00c3\u00d7m<\/td>\n<td>Propri\u00e9t\u00e9s m\u00e9caniques<\/td>\n<\/tr>\n<tr>\n<td>Soutien<\/td>\n<td>Arbre ou treillis<\/td>\n<td>Porte-\u00e0-faux, caniveaux int\u00e9rieurs<\/td>\n<\/tr>\n<tr>\n<td>Pressage isostatique \u00e0 chaud<\/td>\n<td>1220\u00a1\"C, 100 MPa, 3 heures<\/td>\n<td>\u00c9liminer la porosit\u00e9<\/td>\n<\/tr>\n<\/tbody>\n<\/table>\n<p class=\"whitespace-pre-wrap\">Param\u00e8tres adapt\u00e9s \u00e0 la densit\u00e9, \u00e0 la microstructure, \u00e0 la vitesse de fabrication et aux exigences de post-traitement.<\/p>\n<h3><strong>Applications des pi\u00e8ces en CoCrMo imprim\u00e9es en 3D<\/strong><\/h3>\n<p class=\"whitespace-pre-wrap\">Les composants AM CoCrMo sont utilis\u00e9s dans :<\/p>\n<table>\n<thead>\n<tr>\n<th>Industrie<\/th>\n<th>APPLICATIONS<\/th>\n<\/tr>\n<\/thead>\n<tbody>\n<tr>\n<td>M\u00e9dical<\/td>\n<td>Implants du genou\/de la hanche, couronnes dentaires, outils chirurgicaux<\/td>\n<\/tr>\n<tr>\n<td>A\u00e9rospatial<\/td>\n<td>Aubes de turbines, composants de moteurs<\/td>\n<\/tr>\n<tr>\n<td>Automobile<\/td>\n<td>Si\u00e8ges de soupape, roues de turbocompresseur<\/td>\n<\/tr>\n<tr>\n<td>Industriel<\/td>\n<td>Outillage, brides et joints r\u00e9sistants \u00e0 l'usure<\/td>\n<\/tr>\n<tr>\n<td>P\u00e9trole et gaz<\/td>\n<td>Pi\u00e8ces de robinetterie, pompes<\/td>\n<\/tr>\n<\/tbody>\n<\/table>\n<p class=\"whitespace-pre-wrap\">Les avantages par rapport au CoCrMo corroy\u00e9 comprennent des g\u00e9om\u00e9tries complexes, des implants personnalis\u00e9s, des co\u00fbts et des d\u00e9lais r\u00e9duits.<\/p>\n<h3><strong>Sp\u00e9cifications de la poudre de CoCrMo pour l'AM<\/strong><\/h3>\n<p class=\"whitespace-pre-wrap\">La poudre de CoCrMo doit r\u00e9pondre \u00e0 des sp\u00e9cifications strictes :<\/p>\n<table>\n<thead>\n<tr>\n<th>Param\u00e8tre<\/th>\n<th>Sp\u00e9cification<\/th>\n<\/tr>\n<\/thead>\n<tbody>\n<tr>\n<td>Plage de granulom\u00e9trie<\/td>\n<td>15-45 \u00c3\u00d7m typique<\/td>\n<\/tr>\n<tr>\n<td>Forme des particules<\/td>\n<td>Morphologie sph\u00e9rique<\/td>\n<\/tr>\n<tr>\n<td>Densit\u00e9 apparente<\/td>\n<td>&gt; 4 g\/cc<\/td>\n<\/tr>\n<tr>\n<td>Densit\u00e9 de tassement<\/td>\n<td>&gt; 6 g\/cc<\/td>\n<\/tr>\n<tr>\n<td>D\u00e9bit de hall<\/td>\n<td>&gt; 23 secondes pour 50 g<\/td>\n<\/tr>\n<tr>\n<td>Puret\u00e9<\/td>\n<td>&gt;99,9%<\/td>\n<\/tr>\n<tr>\n<td>Teneur en oxyg\u00e8ne<\/td>\n<td>&lt;1000 ppm<\/td>\n<\/tr>\n<\/tbody>\n<\/table>\n<p class=\"whitespace-pre-wrap\">Des distributions de tailles personnalis\u00e9es et des niveaux d'humidit\u00e9 contr\u00f4l\u00e9s sont disponibles.<\/p>\n<h3><strong>Fournisseurs de poudre de CoCrMo<\/strong><\/h3>\n<p class=\"whitespace-pre-wrap\">Les fournisseurs de poudre de CoCrMo r\u00e9put\u00e9s sont les suivants :<\/p>\n<table>\n<thead>\n<tr>\n<th>Fournisseur<\/th>\n<th>Lieu<\/th>\n<\/tr>\n<\/thead>\n<tbody>\n<tr>\n<td>Carpenter Additive<\/td>\n<td>\u00c9tats-Unis<\/td>\n<\/tr>\n<tr>\n<td>Sandvik Osprey<\/td>\n<td>Royaume-Uni<\/td>\n<\/tr>\n<tr>\n<td>Erasteel<\/td>\n<td>La Su\u00e8de<\/td>\n<\/tr>\n<tr>\n<td>AP&amp;C<\/td>\n<td>Canada<\/td>\n<\/tr>\n<tr>\n<td>Technologie LPW<\/td>\n<td>Royaume-Uni<\/td>\n<\/tr>\n<tr>\n<td>Arcam AB<\/td>\n<td>La Su\u00e8de<\/td>\n<\/tr>\n<\/tbody>\n<\/table>\n<p class=\"whitespace-pre-wrap\">Les prix varient de $50\/kg \u00e0 $120\/kg en fonction de la qualit\u00e9 et du volume de la commande.<\/p>\n<h3><strong>Manipulation et stockage de la poudre de CoCrMo<\/strong><\/h3>\n<p class=\"whitespace-pre-wrap\">En tant que mat\u00e9riau r\u00e9actif, il est essentiel de manipuler la poudre de CoCrMo avec pr\u00e9caution :<\/p>\n<ul class=\"list-disc pl-8 space-y-2\">\n<li class=\"whitespace-normal\">Stocker les r\u00e9cipients ferm\u00e9s \u00e0 l'abri de l'humidit\u00e9, des acides et des sources d'inflammation.<\/li>\n<li class=\"whitespace-normal\">Emp\u00eacher l'exposition \u00e0 l'air et utiliser un rembourrage en gaz inerte<\/li>\n<li class=\"whitespace-normal\">Mettre l'\u00e9quipement \u00e0 la terre pour dissiper les charges statiques<\/li>\n<li class=\"whitespace-normal\">\u00c9viter l'accumulation de poussi\u00e8re et utiliser un syst\u00e8me de d\u00e9poussi\u00e9rage<\/li>\n<li class=\"whitespace-normal\">Une ventilation locale par aspiration est recommand\u00e9e<\/li>\n<li class=\"whitespace-normal\">Respecter les pr\u00e9cautions de la fiche de donn\u00e9es de s\u00e9curit\u00e9<\/li>\n<\/ul>\n<p class=\"whitespace-pre-wrap\">Des techniques appropri\u00e9es garantissent un \u00e9tat optimal de la poudre.<\/p>\n<h3><strong>Inspection et essais de la poudre de CoCrMo<\/strong><\/h3>\n<p class=\"whitespace-pre-wrap\">Les m\u00e9thodes de contr\u00f4le de la qualit\u00e9 comprennent<\/p>\n<table>\n<thead>\n<tr>\n<th>M\u00e9thode<\/th>\n<th>Param\u00e8tres test\u00e9s<\/th>\n<\/tr>\n<\/thead>\n<tbody>\n<tr>\n<td>Analyse granulom\u00e9trique<\/td>\n<td>Distribution de la taille des particules<\/td>\n<\/tr>\n<tr>\n<td>Imagerie MEB<\/td>\n<td>Morphologie des particules<\/td>\n<\/tr>\n<tr>\n<td>EDX<\/td>\n<td>Chimie et composition<\/td>\n<\/tr>\n<tr>\n<td>XRD<\/td>\n<td>Phases pr\u00e9sentes<\/td>\n<\/tr>\n<tr>\n<td>Pycnom\u00e9trie<\/td>\n<td>Densit\u00e9<\/td>\n<\/tr>\n<tr>\n<td>D\u00e9bit de hall<\/td>\n<td>Coulance des poudres<\/td>\n<\/tr>\n<\/tbody>\n<\/table>\n<p class=\"whitespace-pre-wrap\">Des tests conformes aux normes ASTM permettent de v\u00e9rifier la qualit\u00e9 de la poudre et l'homog\u00e9n\u00e9it\u00e9 des lots.<\/p>\n<h3><strong>Comparaison entre le CoCrMo et d'autres poudres d'alliage<\/strong><\/h3>\n<p class=\"whitespace-pre-wrap\">Le CoCrMo est comparable \u00e0 d'autres alliages :<\/p>\n<table>\n<thead>\n<tr>\n<th>Alliage<\/th>\n<th>biocompatibilit\u00e9<\/th>\n<th>Force<\/th>\n<th>Co\u00fbt<\/th>\n<th>Imprimabilit\u00e9<\/th>\n<\/tr>\n<\/thead>\n<tbody>\n<tr>\n<td>CoCrMo<\/td>\n<td>Excellent<\/td>\n<td>Moyen<\/td>\n<td>Moyen<\/td>\n<td>Bien<\/td>\n<\/tr>\n<tr>\n<td>Titane Ti64<\/td>\n<td>Bien<\/td>\n<td>Bas<\/td>\n<td>\u00c9lev\u00e9<\/td>\n<td>Foire<\/td>\n<\/tr>\n<tr>\n<td>Acier inoxydable 316L<\/td>\n<td>Bien<\/td>\n<td>Moyen<\/td>\n<td>Moyen<\/td>\n<td>Excellent<\/td>\n<\/tr>\n<tr>\n<td>Inconel 718<\/td>\n<td>Laiss\u00e9 \u00e0 l'abandon<\/td>\n<td>\u00c9lev\u00e9<\/td>\n<td>\u00c9lev\u00e9<\/td>\n<td>Bien<\/td>\n<\/tr>\n<\/tbody>\n<\/table>\n<p class=\"whitespace-pre-wrap\">Le CoCrMo offre la meilleure combinaison de biocompatibilit\u00e9, de r\u00e9sistance et d'imprimabilit\u00e9 pour de nombreuses applications.<\/p>\n<h3><strong>Avantages et inconv\u00e9nients de la poudre de CoCrMo pour l'AM<\/strong><\/h3>\n<table>\n<thead>\n<tr>\n<th>* N\u00e9cessaire pour les personnes qui ont des probl\u00e8mes de mobilit\u00e9\n* Peut \u00eatre utilis\u00e9 pour le transport de marchandises\n* Peut \u00eatre utilis\u00e9 pour les loisirs, comme le camping\n* Peut \u00eatre utilis\u00e9 pour explorer des zones recul\u00e9es\n* Peut \u00eatre utilis\u00e9 pour les livraisons de nourriture\n* Peut \u00eatre utilis\u00e9 pour les services de messagerie\n* Peut \u00eatre utilis\u00e9 pour les services de s\u00e9curit\u00e9\n* Peut \u00eatre utilis\u00e9 pour les services d'urgence\n* Peut \u00eatre utilis\u00e9 pour les op\u00e9rations militaires\n\nCons\n\n* Peut \u00eatre cher \u00e0 l'achat\n* Peut \u00eatre cher \u00e0 entretenir\n* Peut \u00eatre difficile \u00e0 conduire dans des espaces confin\u00e9s\n* Peut \u00eatre difficile \u00e0 garer\n* Peut \u00eatre bruyant\n* Peut \u00eatre polluant<\/th>\n<th>Inconv\u00e9nients<\/th>\n<\/tr>\n<\/thead>\n<tbody>\n<tr>\n<td>Excellente biocompatibilit\u00e9 et r\u00e9sistance \u00e0 la corrosion<\/td>\n<td>Capacit\u00e9 limit\u00e9e \u00e0 haute temp\u00e9rature<\/td>\n<\/tr>\n<tr>\n<td>Tr\u00e8s bonne r\u00e9sistance \u00e0 l'usure et \u00e0 l'abrasion<\/td>\n<td>Susceptible de porosit\u00e9 lors de l'impression<\/td>\n<\/tr>\n<tr>\n<td>Facilement imprimable en 3D et soudable<\/td>\n<td>N\u00e9cessite une manipulation sous atmosph\u00e8re contr\u00f4l\u00e9e<\/td>\n<\/tr>\n<tr>\n<td>Avantage en termes de co\u00fbts par rapport aux alliages de titane<\/td>\n<td>Le post-traitement est souvent n\u00e9cessaire<\/td>\n<\/tr>\n<tr>\n<td>Peut correspondre aux propri\u00e9t\u00e9s des mat\u00e9riaux corroy\u00e9s<\/td>\n<td>T\u00e9nacit\u00e9 \u00e0 la rupture inf\u00e9rieure \u00e0 celle des aciers inoxydables<\/td>\n<\/tr>\n<\/tbody>\n<\/table>\n<p class=\"whitespace-pre-wrap\">Le CoCrMo permet de r\u00e9aliser des implants et des composants m\u00e9talliques fonctionnels, mais avec des exigences de traitement contr\u00f4l\u00e9es.<\/p>\n<h2><strong>Questions fr\u00e9quemment pos\u00e9es sur la poudre de CoCrMo<\/strong><\/h2>\n<p class=\"whitespace-pre-wrap\"><strong>Q : Quelle est la gamme de tailles de particules la plus adapt\u00e9e \u00e0 l'impression 3D de l'alliage CoCrMo ?<\/strong><\/p>\n<p class=\"whitespace-pre-wrap\">R : La plage typique est de 15 \u00e0 45 microns. Elle offre une bonne fluidit\u00e9 de la poudre combin\u00e9e \u00e0 une r\u00e9solution et une densit\u00e9 \u00e9lev\u00e9es.<\/p>\n<p class=\"whitespace-pre-wrap\"><strong>Q : Quelles sont les m\u00e9thodes de post-traitement utilis\u00e9es sur les pi\u00e8ces AM en CoCrMo ?<\/strong><\/p>\n<p class=\"whitespace-pre-wrap\">R : Le pressage isostatique \u00e0 chaud, le traitement thermique, l'usinage de la surface et le polissage sont des post-traitements couramment utilis\u00e9s pour obtenir une densit\u00e9 et une finition de surface optimales.<\/p>\n<p class=\"whitespace-pre-wrap\"><strong>Q : Quels sont les proc\u00e9d\u00e9s d'impression 3D de m\u00e9taux compatibles avec l'alliage CoCrMo ?<\/strong><\/p>\n<p class=\"whitespace-pre-wrap\">R : La fusion s\u00e9lective par laser (SLM), le frittage direct par laser (DMLS) et la fusion par faisceau d'\u00e9lectrons (EBM) peuvent tous traiter la poudre de CoCrMo.<\/p>\n<p class=\"whitespace-pre-wrap\"><strong>Q : Quelles sont les industries qui utilisent des composants en CoCrMo fabriqu\u00e9s de mani\u00e8re additive ?<\/strong><\/p>\n<p class=\"whitespace-pre-wrap\">R : Les secteurs m\u00e9dical, dentaire, a\u00e9rospatial, automobile, p\u00e9trolier et gazier ainsi que les secteurs industriels b\u00e9n\u00e9ficient des pi\u00e8ces en CoCrMo imprim\u00e9es en 3D.<\/p>\n<p class=\"whitespace-pre-wrap\"><strong>Q : Le CoCrMo n\u00e9cessite-t-il des structures de soutien pendant l'impression 3D ?<\/strong><\/p>\n<p class=\"whitespace-pre-wrap\">R : Oui, des supports sont n\u00e9cessaires sur les surplombs et les canaux internes pour \u00e9viter les d\u00e9formations et permettre un retrait facile apr\u00e8s l'impression.<\/p>\n<p class=\"whitespace-pre-wrap\"><strong>Q : Quels d\u00e9fauts peuvent appara\u00eetre lors de l'impression de la poudre de CoCrMo ?<\/strong><\/p>\n<p class=\"whitespace-pre-wrap\">R : Les d\u00e9fauts potentiels sont la porosit\u00e9, la fissuration, la distorsion, la fusion incompl\u00e8te et la rugosit\u00e9 de la surface. La plupart peuvent \u00eatre \u00e9vit\u00e9s gr\u00e2ce \u00e0 des param\u00e8tres optimis\u00e9s.<\/p>\n<p class=\"whitespace-pre-wrap\"><strong>Q : Quels types d'essais de biocompatibilit\u00e9 sont effectu\u00e9s sur les alliages CoCrMo ?<\/strong><\/p>\n<p class=\"whitespace-pre-wrap\">R : Des tests de cytotoxicit\u00e9, de sensibilisation, d'irritation, de toxicit\u00e9 syst\u00e9mique, de g\u00e9notoxicit\u00e9 et d'implantation sont r\u00e9alis\u00e9s conform\u00e9ment \u00e0 des normes telles que la norme ISO 10993.<\/p>\n<p class=\"whitespace-pre-wrap\"><strong>Q : Quelles sont les propri\u00e9t\u00e9s du CoCrMo imprim\u00e9 par rapport \u00e0 celles de l'alliage coul\u00e9 ?<\/strong><\/p>\n<p class=\"whitespace-pre-wrap\">R : Les composants AM en CoCrMo peuvent atteindre des propri\u00e9t\u00e9s m\u00e9caniques \u00e9gales ou sup\u00e9rieures \u00e0 celles de leurs homologues coul\u00e9s et recuits lorsqu'ils sont optimis\u00e9s.<\/p>\n<p class=\"whitespace-pre-wrap\"><strong>Q : Quelles sont les principales diff\u00e9rences entre les alliages CoCr F75 et SP2 ?<\/strong><\/p>\n<p class=\"whitespace-pre-wrap\">R : F75 contient plus de carbone pour une meilleure usinabilit\u00e9, tandis que SP2 contient moins de carbone et du niobium pour un meilleur comportement de fusion des particules pendant l'impression.<\/p>\n<p class=\"whitespace-pre-wrap\"><strong>Q : Quelle densit\u00e9 peut-on attendre des composants en CoCrMo imprim\u00e9s en 3D ?<\/strong><\/p>\n<p class=\"whitespace-pre-wrap\">R : Une densit\u00e9 sup\u00e9rieure \u00e0 99% est possible pour le CoCrMo avec des param\u00e8tres id\u00e9aux adapt\u00e9s \u00e0 l'alliage, correspondant aux propri\u00e9t\u00e9s du mat\u00e9riau corroy\u00e9.<\/p>\n<div id=\"gtx-trans\" style=\"position: absolute; left: -19px; top: 59.8125px;\">\n<div class=\"gtx-trans-icon\"><\/div>\n<\/div>\n<p><\/span><\/span><\/p>","protected":false},"excerpt":{"rendered":"<p>Aper\u00e7u de la poudre de CoCrMo Le CoCrMo est une poudre d'alliage de cobalt-chrome-molybd\u00e8ne largement utilis\u00e9e dans la fabrication additive m\u00e9tallique pour des applications biom\u00e9dicales, dentaires, a\u00e9rospatiales et industrielles n\u00e9cessitant une r\u00e9sistance \u00e0 l'usure et une biocompatibilit\u00e9. Cet article fournit un guide d\u00e9taill\u00e9 sur la poudre de CoCrMo couvrant la composition, les propri\u00e9t\u00e9s, les param\u00e8tres du processus AM, les applications, les sp\u00e9cifications, les fournisseurs, la manipulation, l'inspection, les comparaisons, les avantages et les inconv\u00e9nients, et les FAQ. Les cl\u00e9s...<\/p>","protected":false},"featured_media":1718,"parent":0,"template":"","meta":{"_acf_changed":false,"_kad_blocks_custom_css":"","_kad_blocks_head_custom_js":"","_kad_blocks_body_custom_js":"","_kad_blocks_footer_custom_js":"","_kad_post_transparent":"","_kad_post_title":"","_kad_post_layout":"","_kad_post_sidebar_id":"","_kad_post_content_style":"","_kad_post_vertical_padding":"","_kad_post_feature":"","_kad_post_feature_position":"","_kad_post_header":false,"_kad_post_footer":false,"_kad_post_classname":""},"product-category":[119,121],"class_list":["post-3855","product","type-product","status-publish","has-post-thumbnail","hentry","product-category-3d-printing-metal-powder","product-category-cobalt-alloy-powder"],"acf":[],"taxonomy_info":{"product-category":[{"value":119,"label":"3D Printing Metal Powder"},{"value":121,"label":"Cobalt Alloy Powder"}]},"featured_image_src_large":["https:\/\/3dpmetal.com\/wp-content\/uploads\/2024\/02\/CoCrMoW-Powder.jpg",600,600,false],"author_info":[],"comment_info":"","_links":{"self":[{"href":"https:\/\/3dpmetal.com\/fr\/wp-json\/wp\/v2\/product\/3855","targetHints":{"allow":["GET"]}}],"collection":[{"href":"https:\/\/3dpmetal.com\/fr\/wp-json\/wp\/v2\/product"}],"about":[{"href":"https:\/\/3dpmetal.com\/fr\/wp-json\/wp\/v2\/types\/product"}],"wp:featuredmedia":[{"embeddable":true,"href":"https:\/\/3dpmetal.com\/fr\/wp-json\/wp\/v2\/media\/1718"}],"wp:attachment":[{"href":"https:\/\/3dpmetal.com\/fr\/wp-json\/wp\/v2\/media?parent=3855"}],"wp:term":[{"taxonomy":"product-category","embeddable":true,"href":"https:\/\/3dpmetal.com\/fr\/wp-json\/wp\/v2\/product-category?post=3855"}],"curies":[{"name":"wp","href":"https:\/\/api.w.org\/{rel}","templated":true}]}}