{"id":3857,"date":"2024-03-18T06:10:08","date_gmt":"2024-03-18T06:10:08","guid":{"rendered":"https:\/\/3dp.45612300.xyz\/product\/17-4ph-stainless-steel-powder\/"},"modified":"2024-03-18T06:10:08","modified_gmt":"2024-03-18T06:10:08","slug":"17-4ph-stainless-steel-powder","status":"publish","type":"product","link":"https:\/\/3dpmetal.com\/fr\/product\/17-4ph-stainless-steel-powder\/","title":{"rendered":"Acier inoxydable 17-4PH Poudre"},"content":{"rendered":"<p><span style=\"vertical-align: inherit;\"><span style=\"vertical-align: inherit;\"><\/p>\n<h2><strong>Aper\u00e7u de la poudre d'acier inoxydable 17-4PH<\/strong><\/h2>\n<p class=\"whitespace-pre-wrap\">Le 17-4PH est une poudre d'acier inoxydable durcissant par pr\u00e9cipitation, largement utilis\u00e9e dans la fabrication additive dans les secteurs de l'a\u00e9rospatiale, de la m\u00e9decine, de l'automobile et de l'ing\u00e9nierie g\u00e9n\u00e9rale. Il offre une excellente combinaison de haute r\u00e9sistance m\u00e9canique, de bonne r\u00e9sistance \u00e0 la corrosion et de soudabilit\u00e9.<\/p>\n<p class=\"whitespace-pre-wrap\">Cet article fournit un guide d\u00e9taill\u00e9 sur la poudre 17-4PH couvrant la composition, les propri\u00e9t\u00e9s, les param\u00e8tres du processus AM, les applications, les sp\u00e9cifications, les fournisseurs, la manipulation, l'inspection, les comparaisons, les avantages et les inconv\u00e9nients, et les FAQ. Les informations cl\u00e9s sont pr\u00e9sent\u00e9es dans des tableaux faciles \u00e0 consulter.<\/p>\n<h3><strong>Composition de la poudre d'acier inoxydable 17-4PH<\/strong><\/h3>\n<p class=\"whitespace-pre-wrap\">La composition de la poudre de 17-4PH est la suivante<\/p>\n<table>\n<thead>\n<tr>\n<th>\u00e9l\u00e9ment<\/th>\n<th>% en poids<\/th>\n<th>Objectif<\/th>\n<\/tr>\n<\/thead>\n<tbody>\n<tr>\n<td>Fer<\/td>\n<td>\u00c9quilibre<\/td>\n<td>\u00c9l\u00e9ment principal de la matrice<\/td>\n<\/tr>\n<tr>\n<td>Chromium<\/td>\n<td>15 &#8211; 17.5<\/td>\n<td>R\u00e9sistance \u00e0 l'oxydation<\/td>\n<\/tr>\n<tr>\n<td>Cuivre<\/td>\n<td>3 &#8211; 5<\/td>\n<td>Durcissement structural<\/td>\n<\/tr>\n<tr>\n<td>Nickel<\/td>\n<td>3 &#8211; 5<\/td>\n<td>Stabilisateur d'aust\u00e9nite<\/td>\n<\/tr>\n<tr>\n<td>Niobium<\/td>\n<td>0.15 &#8211; 0.45<\/td>\n<td>Forme en carbure<\/td>\n<\/tr>\n<tr>\n<td>Mangan\u00e8se<\/td>\n<td>1 max<\/td>\n<td>D\u00e9soxydant<\/td>\n<\/tr>\n<tr>\n<td>Silicium<\/td>\n<td>1 max<\/td>\n<td>D\u00e9soxydant<\/td>\n<\/tr>\n<tr>\n<td>Carbone<\/td>\n<td>0,07 max<\/td>\n<td>Renfor\u00e7ateur et formeur de carbure<\/td>\n<\/tr>\n<\/tbody>\n<\/table>\n<p class=\"whitespace-pre-wrap\">Le cuivre permet le durcissement par pr\u00e9cipitation tandis que le chrome assure la r\u00e9sistance \u00e0 la corrosion.<\/p>\n<p><img loading=\"lazy\" decoding=\"async\" class=\"size-medium wp-image-1391 aligncenter\" src=\"https:\/\/met3dp.com\/wp-content\/uploads\/2023\/09\/Ti22Al25Nb-Powder-300x269.png\" alt=\"Acier inoxydable 17-4PH Poudre\" width=\"300\" height=\"269\" title=\"\"><\/p>\n<h3><strong>Propri\u00e9t\u00e9s de la poudre d'acier inoxydable 17-4PH<\/strong><\/h3>\n<p class=\"whitespace-pre-wrap\">Les principales propri\u00e9t\u00e9s de la poudre 17-4PH sont les suivantes<\/p>\n<table>\n<thead>\n<tr>\n<th>Propri\u00e9t\u00e9 immobili\u00e8re<\/th>\n<th>Description<\/th>\n<\/tr>\n<\/thead>\n<tbody>\n<tr>\n<td>haute r\u00e9sistance<\/td>\n<td>Jusqu'\u00e0 1310 MPa de r\u00e9sistance \u00e0 la traction apr\u00e8s vieillissement<\/td>\n<\/tr>\n<tr>\n<td>Duret\u00e9<\/td>\n<td>Jusqu'\u00e0 40 HRC \u00e0 l'\u00e9tat vieilli<\/td>\n<\/tr>\n<tr>\n<td>R\u00e9sistance \u00e0 la corrosion<\/td>\n<td>Comparable \u00e0 l'inox 316L dans de nombreux environnements<\/td>\n<\/tr>\n<tr>\n<td>T\u00e9nacit\u00e9<\/td>\n<td>Sup\u00e9rieur aux aciers inoxydables martensitiques<\/td>\n<\/tr>\n<tr>\n<td>R\u00e9sistance \u00e0 l'usure<\/td>\n<td>Meilleur que les aciers inoxydables de la s\u00e9rie 300<\/td>\n<\/tr>\n<tr>\n<td>Stabilit\u00e9 \u00e0 haute temp\u00e9rature<\/td>\n<td>R\u00e9sistance maintenue jusqu'\u00e0 300\u00a1\"C<\/td>\n<\/tr>\n<\/tbody>\n<\/table>\n<p class=\"whitespace-pre-wrap\">Ces propri\u00e9t\u00e9s font que le 17-4PH convient \u00e0 diverses applications, des composants a\u00e9rospatiaux aux moules d'injection.<\/p>\n<h3><strong>Param\u00e8tres du processus AM pour la poudre 17-4PH<\/strong><\/h3>\n<p class=\"whitespace-pre-wrap\">Les param\u00e8tres typiques pour l'impression de la poudre 17-4PH sont les suivants :<\/p>\n<table>\n<thead>\n<tr>\n<th>Param\u00e8tre<\/th>\n<th>Valeur typique<\/th>\n<th>Objectif<\/th>\n<\/tr>\n<\/thead>\n<tbody>\n<tr>\n<td>Hauteur de la couche<\/td>\n<td>20-100 \u00c3\u00d7m<\/td>\n<td>\u00c9quilibrer la vitesse et la r\u00e9solution<\/td>\n<\/tr>\n<tr>\n<td>Puissance du laser<\/td>\n<td>150-400 W<\/td>\n<td>Fusion suffisante sans \u00e9vaporation<\/td>\n<\/tr>\n<tr>\n<td>Vitesse de balayage<\/td>\n<td>400-1000 mm\/s<\/td>\n<td>Densit\u00e9 en fonction du taux de production<\/td>\n<\/tr>\n<tr>\n<td>Espacement des trappes<\/td>\n<td>100-200 \u00c3\u00d7m<\/td>\n<td>Densit\u00e9 et propri\u00e9t\u00e9s m\u00e9caniques<\/td>\n<\/tr>\n<tr>\n<td>Structure de soutien<\/td>\n<td>Minime<\/td>\n<td>Retrait facile<\/td>\n<\/tr>\n<tr>\n<td>Pressage isostatique \u00e0 chaud<\/td>\n<td>1120\u00a1\"C, 100 MPa, 3 heures<\/td>\n<td>\u00c9liminer la porosit\u00e9<\/td>\n<\/tr>\n<\/tbody>\n<\/table>\n<p class=\"whitespace-pre-wrap\">Param\u00e8tres adapt\u00e9s \u00e0 la densit\u00e9, au taux de production, aux propri\u00e9t\u00e9s et aux besoins de post-traitement.<\/p>\n<h3><strong>Applications des pi\u00e8ces 17-4PH imprim\u00e9es en 3D<\/strong><\/h3>\n<p class=\"whitespace-pre-wrap\">Les composants 17-4PH fabriqu\u00e9s de mani\u00e8re additive sont utilis\u00e9s dans.. :<\/p>\n<table>\n<thead>\n<tr>\n<th>Industrie<\/th>\n<th>APPLICATIONS<\/th>\n<\/tr>\n<\/thead>\n<tbody>\n<tr>\n<td>A\u00e9rospatial<\/td>\n<td>Supports structurels, fixations, actionneurs<\/td>\n<\/tr>\n<tr>\n<td>M\u00e9dical<\/td>\n<td>Implants dentaires, instruments chirurgicaux<\/td>\n<\/tr>\n<tr>\n<td>Automobile<\/td>\n<td>Attaches et engrenages \u00e0 haute r\u00e9sistance<\/td>\n<\/tr>\n<tr>\n<td>Produits de consommation<\/td>\n<td>Bo\u00eetiers de montres, \u00e9quipements sportifs<\/td>\n<\/tr>\n<tr>\n<td>Industriel<\/td>\n<td>Outillage, gabarits et montages m\u00e9talliques \u00e0 usage final<\/td>\n<\/tr>\n<\/tbody>\n<\/table>\n<p class=\"whitespace-pre-wrap\">Les avantages par rapport aux pi\u00e8ces usin\u00e9es en 17-4PH comprennent des g\u00e9om\u00e9tries complexes, des d\u00e9lais de livraison r\u00e9duits et des tol\u00e9rances d'usinage.<\/p>\n<h3><strong>Sp\u00e9cifications de la poudre 17-4PH pour AM<\/strong><\/h3>\n<p class=\"whitespace-pre-wrap\">La poudre 17-4PH doit r\u00e9pondre \u00e0 des sp\u00e9cifications strictes :<\/p>\n<table>\n<thead>\n<tr>\n<th>Param\u00e8tre<\/th>\n<th>Sp\u00e9cification<\/th>\n<\/tr>\n<\/thead>\n<tbody>\n<tr>\n<td>Plage de granulom\u00e9trie<\/td>\n<td>15-45 \u00c3\u00d7m typique<\/td>\n<\/tr>\n<tr>\n<td>Forme des particules<\/td>\n<td>Morphologie sph\u00e9rique<\/td>\n<\/tr>\n<tr>\n<td>Densit\u00e9 apparente<\/td>\n<td>&gt; 4 g\/cc<\/td>\n<\/tr>\n<tr>\n<td>Densit\u00e9 de tassement<\/td>\n<td>&gt; 6 g\/cc<\/td>\n<\/tr>\n<tr>\n<td>D\u00e9bit de hall<\/td>\n<td>&gt; 23 secondes pour 50 g<\/td>\n<\/tr>\n<tr>\n<td>Puret\u00e9<\/td>\n<td>&gt;99,9%<\/td>\n<\/tr>\n<tr>\n<td>Teneur en oxyg\u00e8ne<\/td>\n<td>&lt;100 ppm<\/td>\n<\/tr>\n<\/tbody>\n<\/table>\n<p class=\"whitespace-pre-wrap\">Des distributions de tailles personnalis\u00e9es et des niveaux d'humidit\u00e9 contr\u00f4l\u00e9s sont disponibles.<\/p>\n<h3><strong>Fournisseurs de poudre d'acier inoxydable 17-4PH<\/strong><\/h3>\n<p class=\"whitespace-pre-wrap\">Les fournisseurs de poudre 17-4PH r\u00e9put\u00e9s sont les suivants<\/p>\n<table>\n<thead>\n<tr>\n<th>Fournisseur<\/th>\n<th>Lieu<\/th>\n<\/tr>\n<\/thead>\n<tbody>\n<tr>\n<td>Sandvik Osprey<\/td>\n<td>Royaume-Uni<\/td>\n<\/tr>\n<tr>\n<td>Carpenter Additive<\/td>\n<td>\u00c9tats-Unis<\/td>\n<\/tr>\n<tr>\n<td>Technologie LPW<\/td>\n<td>Royaume-Uni<\/td>\n<\/tr>\n<tr>\n<td>Erasteel<\/td>\n<td>La Su\u00e8de<\/td>\n<\/tr>\n<tr>\n<td>Mat\u00e9riaux critiques<\/td>\n<td>\u00c9tats-Unis<\/td>\n<\/tr>\n<tr>\n<td>Praxair<\/td>\n<td>\u00c9tats-Unis<\/td>\n<\/tr>\n<\/tbody>\n<\/table>\n<p class=\"whitespace-pre-wrap\">Les prix varient de $50\/kg \u00e0 $120\/kg en fonction de la puret\u00e9, de la distribution des tailles et des volumes de commande.<\/p>\n<h3><strong>Manipulation et stockage de la poudre 17-4PH<\/strong><\/h3>\n<p class=\"whitespace-pre-wrap\">Comme il s'agit d'un mat\u00e9riau r\u00e9actif, il est essentiel de manipuler la poudre de 17-4PH avec pr\u00e9caution :<\/p>\n<ul class=\"list-disc pl-8 space-y-2\">\n<li class=\"whitespace-normal\">Stocker les r\u00e9cipients ferm\u00e9s \u00e0 l'abri de l'humidit\u00e9, des acides et des sources d'inflammation.<\/li>\n<li class=\"whitespace-normal\">Utiliser un rembourrage en gaz inerte pendant le transfert et le stockage<\/li>\n<li class=\"whitespace-normal\">Mettre l'\u00e9quipement \u00e0 la terre pour dissiper les charges statiques<\/li>\n<li class=\"whitespace-normal\">\u00c9viter l'accumulation de poussi\u00e8re par l'extraction et la ventilation<\/li>\n<li class=\"whitespace-normal\">Respecter les consignes de s\u00e9curit\u00e9 applicables<\/li>\n<\/ul>\n<p class=\"whitespace-pre-wrap\">Des techniques appropri\u00e9es garantissent un \u00e9tat optimal de la poudre.<\/p>\n<h3><strong>Inspection et test de la poudre 17-4PH<\/strong><\/h3>\n<p class=\"whitespace-pre-wrap\">Les m\u00e9thodes de contr\u00f4le de la qualit\u00e9 comprennent<\/p>\n<table>\n<thead>\n<tr>\n<th>M\u00e9thode<\/th>\n<th>Param\u00e8tres test\u00e9s<\/th>\n<\/tr>\n<\/thead>\n<tbody>\n<tr>\n<td>Analyse granulom\u00e9trique<\/td>\n<td>Distribution de la taille des particules<\/td>\n<\/tr>\n<tr>\n<td>Imagerie MEB<\/td>\n<td>Morphologie des particules<\/td>\n<\/tr>\n<tr>\n<td>EDX<\/td>\n<td>Chimie et composition<\/td>\n<\/tr>\n<tr>\n<td>XRD<\/td>\n<td>Phases pr\u00e9sentes<\/td>\n<\/tr>\n<tr>\n<td>Pycnom\u00e9trie<\/td>\n<td>Densit\u00e9<\/td>\n<\/tr>\n<tr>\n<td>D\u00e9bit de hall<\/td>\n<td>Coulance des poudres<\/td>\n<\/tr>\n<\/tbody>\n<\/table>\n<p class=\"whitespace-pre-wrap\">Des tests conformes aux normes ASTM permettent de v\u00e9rifier la qualit\u00e9 de la poudre et l'homog\u00e9n\u00e9it\u00e9 des lots.<\/p>\n<h3><strong>Comparaison entre le 17-4PH et d'autres poudres d'alliage<\/strong><\/h3>\n<p class=\"whitespace-pre-wrap\">Le 17-4PH se compare \u00e0 d'autres alliages comme :<\/p>\n<table>\n<thead>\n<tr>\n<th>Alliage<\/th>\n<th>Force<\/th>\n<th>R\u00e9sistance \u00e0 la corrosion<\/th>\n<th>Co\u00fbt<\/th>\n<th>Imprimabilit\u00e9<\/th>\n<\/tr>\n<\/thead>\n<tbody>\n<tr>\n<td>17-4PH<\/td>\n<td>Excellent<\/td>\n<td>Bien<\/td>\n<td>Moyen<\/td>\n<td>Bien<\/td>\n<\/tr>\n<tr>\n<td>316L<\/td>\n<td>Moyen<\/td>\n<td>Excellent<\/td>\n<td>Moyen<\/td>\n<td>Excellent<\/td>\n<\/tr>\n<tr>\n<td>IN718<\/td>\n<td>Tr\u00e8s haut<\/td>\n<td>Bien<\/td>\n<td>\u00c9lev\u00e9<\/td>\n<td>Foire<\/td>\n<\/tr>\n<tr>\n<td>CoCrMo<\/td>\n<td>Moyen<\/td>\n<td>Foire<\/td>\n<td>Moyen<\/td>\n<td>Bien<\/td>\n<\/tr>\n<\/tbody>\n<\/table>\n<p class=\"whitespace-pre-wrap\">Gr\u00e2ce \u00e0 ses propri\u00e9t\u00e9s \u00e9quilibr\u00e9es, le 17-4PH surpasse les alternatives pour de nombreuses applications AM \u00e0 haute r\u00e9sistance n\u00e9cessitant une r\u00e9sistance \u00e0 la corrosion.<\/p>\n<h3><strong>Avantages et inconv\u00e9nients de la poudre 17-4PH pour l'AM<\/strong><\/h3>\n<table>\n<thead>\n<tr>\n<th>* N\u00e9cessaire pour les personnes qui ont des probl\u00e8mes de mobilit\u00e9\n* Peut \u00eatre utilis\u00e9 pour le transport de marchandises\n* Peut \u00eatre utilis\u00e9 pour les loisirs, comme le camping\n* Peut \u00eatre utilis\u00e9 pour explorer des zones recul\u00e9es\n* Peut \u00eatre utilis\u00e9 pour les livraisons de nourriture\n* Peut \u00eatre utilis\u00e9 pour les services de messagerie\n* Peut \u00eatre utilis\u00e9 pour les services de s\u00e9curit\u00e9\n* Peut \u00eatre utilis\u00e9 pour les services d'urgence\n* Peut \u00eatre utilis\u00e9 pour les op\u00e9rations militaires\n\nCons\n\n* Peut \u00eatre cher \u00e0 l'achat\n* Peut \u00eatre cher \u00e0 entretenir\n* Peut \u00eatre difficile \u00e0 conduire dans des espaces confin\u00e9s\n* Peut \u00eatre difficile \u00e0 garer\n* Peut \u00eatre bruyant\n* Peut \u00eatre polluant<\/th>\n<th>Inconv\u00e9nients<\/th>\n<\/tr>\n<\/thead>\n<tbody>\n<tr>\n<td>Rapport poids-puissance \u00e9lev\u00e9<\/td>\n<td>R\u00e9sistance \u00e0 l'oxydation inf\u00e9rieure \u00e0 celle des aciers inoxydables aust\u00e9nitiques<\/td>\n<\/tr>\n<tr>\n<td>Bonne combinaison de solidit\u00e9 et de r\u00e9sistance \u00e0 la corrosion<\/td>\n<td>Post-traitement n\u00e9cessaire comme le HIP et le traitement thermique<\/td>\n<\/tr>\n<tr>\n<td>Co\u00fbt inf\u00e9rieur \u00e0 celui des alliages exotiques<\/td>\n<td>N\u00e9cessit\u00e9 d'un stockage en atmosph\u00e8re contr\u00f4l\u00e9e<\/td>\n<\/tr>\n<tr>\n<td>Des r\u00e9f\u00e9rences \u00e9tablies dans le domaine de la m\u00e9decine anthroposophique<\/td>\n<td>Difficile \u00e0 souder et \u00e0 usiner<\/td>\n<\/tr>\n<tr>\n<td>Les propri\u00e9t\u00e9s correspondent \u00e0 celles du mat\u00e9riau corroy\u00e9<\/td>\n<td>Sensible \u00e0 la corrosion par piq\u00fbres et crevasses<\/td>\n<\/tr>\n<\/tbody>\n<\/table>\n<p class=\"whitespace-pre-wrap\">Le 17-4PH permet d'obtenir des pi\u00e8ces imprim\u00e9es de haute performance dans toutes les applications, bien qu'il ne soit pas adapt\u00e9 aux environnements extr\u00eames.<\/p>\n<h2><strong>Questions fr\u00e9quemment pos\u00e9es sur la poudre 17-4PH<\/strong><\/h2>\n<p class=\"whitespace-pre-wrap\"><strong>Q : Quelle est la gamme de tailles de particules qui convient le mieux \u00e0 l'impression de l'alliage 17-4PH ?<\/strong><\/p>\n<p class=\"whitespace-pre-wrap\">R : La plage typique est de 15 \u00e0 45 microns. Elle offre une fluidit\u00e9 optimale de la poudre combin\u00e9e \u00e0 une haute r\u00e9solution et \u00e0 des pi\u00e8ces denses.<\/p>\n<p class=\"whitespace-pre-wrap\"><strong>Q : Quelles sont les m\u00e9thodes de post-traitement utilis\u00e9es sur les pi\u00e8ces AM en 17-4PH ?<\/strong><\/p>\n<p class=\"whitespace-pre-wrap\">R : Le pressage isostatique \u00e0 chaud, le recuit de mise en solution, le vieillissement et l'usinage sont g\u00e9n\u00e9ralement utilis\u00e9s pour obtenir une densification compl\u00e8te, r\u00e9duire les contraintes et am\u00e9liorer la finition de la surface.<\/p>\n<p class=\"whitespace-pre-wrap\"><strong>Q : Quel est le proc\u00e9d\u00e9 d'impression 3D m\u00e9tal id\u00e9al pour l'alliage 17-4PH ?<\/strong><\/p>\n<p class=\"whitespace-pre-wrap\">R : La fusion s\u00e9lective par laser (SLM), le frittage direct par laser (DMLS) et la fusion par faisceau d'\u00e9lectrons (EBM) peuvent tous traiter efficacement la poudre de 17-4PH.<\/p>\n<p class=\"whitespace-pre-wrap\"><strong>Q : Quelles sont les industries qui utilisent des composants 17-4PH fabriqu\u00e9s de mani\u00e8re additive ?<\/strong><\/p>\n<p class=\"whitespace-pre-wrap\">R : L'a\u00e9rospatiale, la m\u00e9decine, l'automobile, les produits de consommation, l'outillage industriel et les industries p\u00e9troli\u00e8res et gazi\u00e8res b\u00e9n\u00e9ficient de l'impression 3D de pi\u00e8ces en 17-4PH.<\/p>\n<p class=\"whitespace-pre-wrap\"><strong>Q : Le 17-4PH n\u00e9cessite-t-il des structures de soutien pendant l'impression ?<\/strong><\/p>\n<p class=\"whitespace-pre-wrap\">R : Oui, des supports minimaux sont n\u00e9cessaires sur les surplombs et les sections pont\u00e9es pour \u00e9viter les d\u00e9formations et permettre un retrait facile apr\u00e8s l'impression.<\/p>\n<p class=\"whitespace-pre-wrap\"><strong>Q : Quels d\u00e9fauts peuvent appara\u00eetre lors de l'impression de la poudre 17-4PH ?<\/strong><\/p>\n<p class=\"whitespace-pre-wrap\">R : Les d\u00e9fauts potentiels sont la fissuration, la porosit\u00e9, la distorsion, la fusion incompl\u00e8te et la rugosit\u00e9 de la surface. La plupart peuvent \u00eatre \u00e9vit\u00e9s gr\u00e2ce \u00e0 des param\u00e8tres optimis\u00e9s.<\/p>\n<p class=\"whitespace-pre-wrap\"><strong>Q : Quelle est la duret\u00e9 des pi\u00e8ces AM 17-4PH ?<\/strong><\/p>\n<p class=\"whitespace-pre-wrap\">R : Le 17-4PH recuit par mise en solution a une duret\u00e9 de 25-30 HRC, tandis que le vieillissement l'augmente \u00e0 35-40 HRC pour une meilleure r\u00e9sistance \u00e0 l'usure.<\/p>\n<p class=\"whitespace-pre-wrap\"><strong>Q : Quelle est la pr\u00e9cision et la finition de surface possibles pour les pi\u00e8ces imprim\u00e9es en 17-4PH ?<\/strong><\/p>\n<p class=\"whitespace-pre-wrap\">R : Les pi\u00e8ces en 17-4PH post-trait\u00e9es peuvent atteindre des tol\u00e9rances dimensionnelles et une finition de surface comparables \u00e0 celles des pi\u00e8ces usin\u00e9es par CNC.<\/p>\n<p class=\"whitespace-pre-wrap\"><strong>Q : Quelle est la principale diff\u00e9rence entre les grades 17-4 et 17-4PH ?<\/strong><\/p>\n<p class=\"whitespace-pre-wrap\">R : Le 17-4PH a un contr\u00f4le chimique plus strict, moins d'impuret\u00e9s et moins de soufre, ce qui am\u00e9liore la ductilit\u00e9 et les propri\u00e9t\u00e9s d'impact par rapport au grade 17-4 de base.<\/p>\n<p class=\"whitespace-pre-wrap\"><strong>Q : La proc\u00e9dure HIP est-elle requise pour toutes les applications 17-4PH AM ?<\/strong><\/p>\n<p class=\"whitespace-pre-wrap\">R : Bien que recommand\u00e9, le traitement thermique n'est pas obligatoire pour les applications non critiques. Le traitement thermique seul peut suffire dans certains cas.<\/p>\n<p><\/span><\/span><\/p>","protected":false},"excerpt":{"rendered":"<p>Aper\u00e7u de la poudre d'acier inoxydable 17-4PH La poudre d'acier inoxydable 17-4PH est une poudre d'acier inoxydable \u00e0 durcissement par pr\u00e9cipitation largement utilis\u00e9e dans la fabrication additive dans les secteurs de l'a\u00e9rospatiale, de la m\u00e9decine, de l'automobile et de l'ing\u00e9nierie g\u00e9n\u00e9rale. Il offre une excellente combinaison de haute r\u00e9sistance m\u00e9canique, de bonne r\u00e9sistance \u00e0 la corrosion et de soudabilit\u00e9. Cet article fournit un guide d\u00e9taill\u00e9 sur la poudre 17-4PH couvrant la composition, les propri\u00e9t\u00e9s, les param\u00e8tres du processus AM,...<\/p>","protected":false},"featured_media":1722,"parent":0,"template":"","meta":{"_acf_changed":false,"_kad_blocks_custom_css":"","_kad_blocks_head_custom_js":"","_kad_blocks_body_custom_js":"","_kad_blocks_footer_custom_js":"","_kad_post_transparent":"","_kad_post_title":"","_kad_post_layout":"","_kad_post_sidebar_id":"","_kad_post_content_style":"","_kad_post_vertical_padding":"","_kad_post_feature":"","_kad_post_feature_position":"","_kad_post_header":false,"_kad_post_footer":false,"_kad_post_classname":""},"product-category":[119,122],"class_list":["post-3857","product","type-product","status-publish","has-post-thumbnail","hentry","product-category-3d-printing-metal-powder","product-category-iron-based-alloy-powder"],"acf":[],"taxonomy_info":{"product-category":[{"value":119,"label":"3D Printing Metal Powder"},{"value":122,"label":"Iron Based Alloy Powder"}]},"featured_image_src_large":["https:\/\/3dpmetal.com\/wp-content\/uploads\/2024\/02\/17-4PH-Stainless-Steel-Powder.jpg",600,600,false],"author_info":[],"comment_info":"","_links":{"self":[{"href":"https:\/\/3dpmetal.com\/fr\/wp-json\/wp\/v2\/product\/3857","targetHints":{"allow":["GET"]}}],"collection":[{"href":"https:\/\/3dpmetal.com\/fr\/wp-json\/wp\/v2\/product"}],"about":[{"href":"https:\/\/3dpmetal.com\/fr\/wp-json\/wp\/v2\/types\/product"}],"wp:featuredmedia":[{"embeddable":true,"href":"https:\/\/3dpmetal.com\/fr\/wp-json\/wp\/v2\/media\/1722"}],"wp:attachment":[{"href":"https:\/\/3dpmetal.com\/fr\/wp-json\/wp\/v2\/media?parent=3857"}],"wp:term":[{"taxonomy":"product-category","embeddable":true,"href":"https:\/\/3dpmetal.com\/fr\/wp-json\/wp\/v2\/product-category?post=3857"}],"curies":[{"name":"wp","href":"https:\/\/api.w.org\/{rel}","templated":true}]}}