{"id":3860,"date":"2024-03-18T06:10:08","date_gmt":"2024-03-18T06:10:08","guid":{"rendered":"https:\/\/3dp.45612300.xyz\/product\/alsimg-powder\/"},"modified":"2024-03-18T06:10:08","modified_gmt":"2024-03-18T06:10:08","slug":"alsimg-powder","status":"publish","type":"product","link":"https:\/\/3dpmetal.com\/fr\/product\/alsimg-powder\/","title":{"rendered":"Poudre d'AlSiMg"},"content":{"rendered":"<p><span style=\"vertical-align: inherit;\"><span style=\"vertical-align: inherit;\">La poudre AlSiMg atomis\u00e9e au gaz de notre soci\u00e9t\u00e9 pr\u00e9sente une bonne sph\u00e9ricit\u00e9, une faible teneur en oxyg\u00e8ne et une bonne fluidit\u00e9. \u00c0 l'heure actuelle, les alliages d'aluminium utilis\u00e9s dans l'impression 3D de m\u00e9taux comprennent principalement l'AlSi12 et l'AlSi10Mg, qui sont des poudres m\u00e9talliques additives l\u00e9g\u00e8res dot\u00e9es de bonnes propri\u00e9t\u00e9s thermiques. Il peut \u00eatre appliqu\u00e9 aux pi\u00e8ces \u00e0 parois minces telles que les \u00e9changeurs de chaleur et autres pi\u00e8ces automobiles, et peut \u00e9galement \u00eatre appliqu\u00e9 aux prototypes et pi\u00e8ces de production de qualit\u00e9 industrielle a\u00e9rospatiale et a\u00e9rospatiale ; La combinaison silicium\/magn\u00e9sium donne \u00e0 l'alliage d'aluminium r\u00e9sistance et duret\u00e9, ce qui le rend adapt\u00e9 aux parois minces et aux g\u00e9om\u00e9tries complexes, en particulier dans les applications avec de bonnes propri\u00e9t\u00e9s thermiques et un faible poids.<\/p>\n<p>En raison de ses performances sup\u00e9rieures en termes de l\u00e9g\u00e8ret\u00e9 et de r\u00e9sistance, l'alliage de magn\u00e9sium et d'aluminium a \u00e9t\u00e9 largement utilis\u00e9 pour r\u00e9pondre \u00e0 la demande de l\u00e9g\u00e8ret\u00e9 de l'industrie manufacturi\u00e8re. Dans la technologie de l'impression 3D, il est \u00e9galement devenu le mat\u00e9riau pr\u00e9f\u00e9r\u00e9 de divers fabricants sans exception.<\/p>\n<p><img loading=\"lazy\" decoding=\"async\" class=\"size-medium wp-image-1385 aligncenter\" src=\"https:\/\/met3dp.com\/wp-content\/uploads\/2023\/09\/FeCoNiCrTi-Powder-300x270.png\" alt=\"Poudre d&#039;AlSiMg\" width=\"300\" height=\"270\" title=\"\"><\/p>\n<p><strong>Produit ?<\/strong><strong>Sp\u00e9cification<\/strong><\/p>\n<div>\n<table>\n<tbody>\n<tr>\n<td data-sheets-value=\"{&quot;1&quot;:2,&quot;2&quot;:&quot;Component&quot;}\"><strong>Composant<\/strong><\/td>\n<td data-sheets-value=\"{&quot;1&quot;:2,&quot;2&quot;:&quot;Al&quot;}\"><strong>Al<\/strong><\/td>\n<td data-sheets-value=\"{&quot;1&quot;:2,&quot;2&quot;:&quot;Si&quot;}\"><strong>Oui<\/strong><\/td>\n<td data-sheets-value=\"{&quot;1&quot;:2,&quot;2&quot;:&quot;Mg&quot;}\"><strong>Mg<\/strong><\/td>\n<td data-sheets-value=\"{&quot;1&quot;:2,&quot;2&quot;:&quot;Fe&quot;}\"><strong>Fer<\/strong><\/td>\n<td data-sheets-value=\"{&quot;1&quot;:2,&quot;2&quot;:&quot;Pb&quot;}\"><strong>Pb<\/strong><\/td>\n<td data-sheets-value=\"{&quot;1&quot;:2,&quot;2&quot;:&quot;Ni&quot;}\"><strong>Ni<\/strong><\/td>\n<\/tr>\n<tr>\n<td data-sheets-value=\"{&quot;1&quot;:2,&quot;2&quot;:&quot;Standard %&quot;}\">Standard %<\/td>\n<td data-sheets-value=\"{&quot;1&quot;:2,&quot;2&quot;:&quot;Bal,&quot;}\">Bal,<\/td>\n<td data-sheets-value=\"{&quot;1&quot;:2,&quot;2&quot;:&quot;9.0-12.0&quot;}\">9.0-12.0<\/td>\n<td data-sheets-value=\"{&quot;1&quot;:2,&quot;2&quot;:&quot;0.25-0.45&quot;}\">0.25-0.45<\/td>\n<td data-sheets-value=\"{&quot;1&quot;:2,&quot;2&quot;:&quot;\u00a8P0.55&quot;}\">\u00a8P0.55<\/td>\n<td data-sheets-value=\"{&quot;1&quot;:2,&quot;2&quot;:&quot;\u00a8P0.05&quot;}\">\u00a8P0.05<\/td>\n<td data-sheets-value=\"{&quot;1&quot;:2,&quot;2&quot;:&quot;\u00a8P0.05&quot;}\">\u00a8P0.05<\/td>\n<\/tr>\n<tr>\n<td data-sheets-value=\"{&quot;1&quot;:2,&quot;2&quot;:&quot;Test%&quot;}\">Test%<\/td>\n<td data-sheets-value=\"{&quot;1&quot;:2,&quot;2&quot;:&quot;Bal.&quot;}\">Bal.<\/td>\n<td data-sheets-value=\"{&quot;1&quot;:3,&quot;3&quot;:10.26}\">10.26<\/td>\n<td data-sheets-value=\"{&quot;1&quot;:3,&quot;3&quot;:0.37}\">0.37<\/td>\n<td data-sheets-value=\"{&quot;1&quot;:3,&quot;3&quot;:0.13}\">0.13<\/td>\n<td data-sheets-value=\"{&quot;1&quot;:3,&quot;3&quot;:0.02}\">0.02<\/td>\n<td data-sheets-value=\"{&quot;1&quot;:3,&quot;3&quot;:0.01}\">0.01<\/td>\n<\/tr>\n<tr>\n<td data-sheets-value=\"{&quot;1&quot;:2,&quot;2&quot;:&quot;Component&quot;}\"><strong>Composant<\/strong><\/td>\n<td data-sheets-value=\"{&quot;1&quot;:2,&quot;2&quot;:&quot;Ti&quot;}\"><strong>Tu<\/strong><\/td>\n<td data-sheets-value=\"{&quot;1&quot;:2,&quot;2&quot;:&quot;Mn&quot;}\"><strong>Mn<\/strong><\/td>\n<td data-sheets-value=\"{&quot;1&quot;:2,&quot;2&quot;:&quot;Cu&quot;}\"><strong>Cu<\/strong><\/td>\n<td data-sheets-value=\"{&quot;1&quot;:2,&quot;2&quot;:&quot;Zn&quot;}\"><strong>Zn<\/strong><\/td>\n<td data-sheets-value=\"{&quot;1&quot;:2,&quot;2&quot;:&quot;O&quot;}\"><strong>Oh<\/strong><\/td>\n<td><\/td>\n<\/tr>\n<tr>\n<td data-sheets-value=\"{&quot;1&quot;:2,&quot;2&quot;:&quot;Standard %&quot;}\">Standard %<\/td>\n<td data-sheets-value=\"{&quot;1&quot;:2,&quot;2&quot;:&quot;\u00a8P0.01&quot;}\">\u00a8P0,01<\/td>\n<td data-sheets-value=\"{&quot;1&quot;:2,&quot;2&quot;:&quot;\u00a1\u00a50.01&quot;}\">\u00a1\u00a50.01<\/td>\n<td data-sheets-value=\"{&quot;1&quot;:2,&quot;2&quot;:&quot;?&quot;}\">?<\/td>\n<td data-sheets-value=\"{&quot;1&quot;:2,&quot;2&quot;:&quot;?&quot;}\">?<\/td>\n<td data-sheets-value=\"{&quot;1&quot;:2,&quot;2&quot;:&quot;?&quot;}\">?<\/td>\n<td><\/td>\n<\/tr>\n<tr>\n<td data-sheets-value=\"{&quot;1&quot;:2,&quot;2&quot;:&quot;Test%&quot;}\">Test%<\/td>\n<td data-sheets-value=\"{&quot;1&quot;:3,&quot;3&quot;:0.005}\">0.005<\/td>\n<td data-sheets-value=\"{&quot;1&quot;:3,&quot;3&quot;:0.005}\">0.005<\/td>\n<td data-sheets-value=\"{&quot;1&quot;:3,&quot;3&quot;:0.01}\">0.01<\/td>\n<td data-sheets-value=\"{&quot;1&quot;:3,&quot;3&quot;:0.01}\">0.01<\/td>\n<td data-sheets-value=\"{&quot;1&quot;:3,&quot;3&quot;:0.059}\">0.059<\/td>\n<td><\/td>\n<\/tr>\n<\/tbody>\n<\/table>\n<\/div>\n<p>* Remarques : Possibilit\u00e9 de personnalisation en fonction des besoins du client.<\/p>\n<p><strong>Sp\u00e9cification du produit<\/strong><\/p>\n<div>\n<table>\n<tbody>\n<tr>\n<td colspan=\"1\" rowspan=\"2\" data-sheets-value=\"{&quot;1&quot;:2,&quot;2&quot;:&quot;Size (um)&quot;}\">\n<div><strong>Taille (um)<\/strong><\/div>\n<\/td>\n<td colspan=\"1\" rowspan=\"2\" data-sheets-value=\"{&quot;1&quot;:2,&quot;2&quot;:&quot;Flowability (s\/50g)&quot;}\">\n<div><strong>Fluidit\u00e9 (s\/50g)<\/strong><\/div>\n<\/td>\n<td colspan=\"3\" rowspan=\"1\" data-sheets-value=\"{&quot;1&quot;:2,&quot;2&quot;:&quot;PSD(um)&quot;}\"><strong>PSD (um)<\/strong><\/td>\n<\/tr>\n<tr>\n<td data-sheets-value=\"{&quot;1&quot;:2,&quot;2&quot;:&quot;D10&quot;}\">D10<\/td>\n<td data-sheets-value=\"{&quot;1&quot;:2,&quot;2&quot;:&quot;D50&quot;}\">D50<\/td>\n<td data-sheets-value=\"{&quot;1&quot;:2,&quot;2&quot;:&quot;D90&quot;}\">D90<\/td>\n<\/tr>\n<tr>\n<td data-sheets-value=\"{&quot;1&quot;:2,&quot;2&quot;:&quot;15-45um&quot;}\">15-45um<\/td>\n<td data-sheets-value=\"{&quot;1&quot;:2,&quot;2&quot;:&quot;\u00a1\u00a590&quot;}\">\u00a1\u00a590<\/td>\n<td data-sheets-value=\"{&quot;1&quot;:2,&quot;2&quot;:&quot;15-25&quot;}\">15-25<\/td>\n<td data-sheets-value=\"{&quot;1&quot;:2,&quot;2&quot;:&quot;30-35&quot;}\">30-35<\/td>\n<td data-sheets-value=\"{&quot;1&quot;:2,&quot;2&quot;:&quot;40-50&quot;}\">40-50<\/td>\n<\/tr>\n<tr>\n<td data-sheets-value=\"{&quot;1&quot;:2,&quot;2&quot;:&quot;15-53um&quot;}\">15-53um<\/td>\n<td data-sheets-value=\"{&quot;1&quot;:2,&quot;2&quot;:&quot;\u00a1\u00a590&quot;}\">\u00a1\u00a590<\/td>\n<td data-sheets-value=\"{&quot;1&quot;:2,&quot;2&quot;:&quot;15-21&quot;}\">15-21<\/td>\n<td data-sheets-value=\"{&quot;1&quot;:2,&quot;2&quot;:&quot;25-30&quot;}\">25-30<\/td>\n<td data-sheets-value=\"{&quot;1&quot;:2,&quot;2&quot;:&quot;45-55&quot;}\">45-55<\/td>\n<\/tr>\n<tr>\n<td data-sheets-value=\"{&quot;1&quot;:2,&quot;2&quot;:&quot;45-120um&quot;}\">45-120um<\/td>\n<td data-sheets-value=\"{&quot;1&quot;:2,&quot;2&quot;:&quot;\u00a1\u00a550&quot;}\">\u00a1\u00a550<\/td>\n<td data-sheets-value=\"{&quot;1&quot;:2,&quot;2&quot;:&quot;53-57&quot;}\">53-57<\/td>\n<td data-sheets-value=\"{&quot;1&quot;:2,&quot;2&quot;:&quot;89-93&quot;}\">89-93<\/td>\n<td data-sheets-value=\"{&quot;1&quot;:2,&quot;2&quot;:&quot;144-152&quot;}\">144-152<\/td>\n<\/tr>\n<\/tbody>\n<\/table>\n<\/div>\n<p>&nbsp;<\/p>\n<p><strong>En tant que traducteur et correcteur, Voici la traduction en fran\u00e7ais du texte fourni:\n\nP<\/strong><strong>Caract\u00e9ristiques du produit<\/strong><\/p>\n<ul>\n<li>Bonne conductivit\u00e9 thermique et bonne r\u00e9sistance \u00e0 l'usure ;<\/li>\n<li>Faible coefficient de dilatation thermique ;<\/li>\n<li>L\u00e9ger ;<\/li>\n<li>Haute r\u00e9sistance.<\/li>\n<\/ul>\n<p><strong>Application<\/strong><\/p>\n<p>La poudre sph\u00e9rique atomis\u00e9e au gaz peut \u00eatre utilis\u00e9e pour l'impression 3D, la pulv\u00e9risation, le brasage, l'\u00e9lectronique, la m\u00e9tallurgie des poudres, l'industrie solaire, les batteries au lithium et d'autres technologies de traitement.<\/p>\n<p><strong>Processus de pulv\u00e9risation :<\/strong><\/p>\n<p>Mise en lots des ingr\u00e9dients de l'alliage, fusion dans un four \u00e0 induction \u00e0 fr\u00e9quence interm\u00e9diaire, d\u00e9versement de la solution m\u00e9tallique dans le sac, atomisation, collecte de la poudre d'acier, d\u00e9tection, criblage, m\u00e9lange, pesage, emballage \u00e0 l'ext\u00e9rieur de l'entrep\u00f4t.<\/p>\n<p>&nbsp;<\/span><\/span><\/p>","protected":false},"excerpt":{"rendered":"<p>La poudre AlSiMg atomis\u00e9e au gaz de notre soci\u00e9t\u00e9 pr\u00e9sente une bonne sph\u00e9ricit\u00e9, une faible teneur en oxyg\u00e8ne et une bonne fluidit\u00e9.Actuellement, les alliages d'aluminium utilis\u00e9s dans l'impression 3D de m\u00e9taux comprennent principalement l'AlSi12 et l'AlSi10Mg, qui sont des poudres m\u00e9talliques additives l\u00e9g\u00e8res dot\u00e9es de bonnes propri\u00e9t\u00e9s thermiques. Ils peuvent \u00eatre appliqu\u00e9s \u00e0 des pi\u00e8ces \u00e0 parois minces telles que les \u00e9changeurs de chaleur et d'autres pi\u00e8ces automobiles, et peuvent \u00e9galement \u00eatre appliqu\u00e9s...<\/p>","protected":false},"featured_media":1728,"parent":0,"template":"","meta":{"_acf_changed":false,"_kad_blocks_custom_css":"","_kad_blocks_head_custom_js":"","_kad_blocks_body_custom_js":"","_kad_blocks_footer_custom_js":"","_kad_post_transparent":"","_kad_post_title":"","_kad_post_layout":"","_kad_post_sidebar_id":"","_kad_post_content_style":"","_kad_post_vertical_padding":"","_kad_post_feature":"","_kad_post_feature_position":"","_kad_post_header":false,"_kad_post_footer":false,"_kad_post_classname":""},"product-category":[119,124],"class_list":["post-3860","product","type-product","status-publish","has-post-thumbnail","hentry","product-category-3d-printing-metal-powder","product-category-aluminum-based-alloy-powder"],"acf":[],"taxonomy_info":{"product-category":[{"value":119,"label":"3D Printing Metal Powder"},{"value":124,"label":"Aluminum Based Alloy Powder"}]},"featured_image_src_large":["https:\/\/3dpmetal.com\/wp-content\/uploads\/2024\/02\/AlSiMg-Powder.jpg",600,600,false],"author_info":[],"comment_info":"","_links":{"self":[{"href":"https:\/\/3dpmetal.com\/fr\/wp-json\/wp\/v2\/product\/3860","targetHints":{"allow":["GET"]}}],"collection":[{"href":"https:\/\/3dpmetal.com\/fr\/wp-json\/wp\/v2\/product"}],"about":[{"href":"https:\/\/3dpmetal.com\/fr\/wp-json\/wp\/v2\/types\/product"}],"wp:featuredmedia":[{"embeddable":true,"href":"https:\/\/3dpmetal.com\/fr\/wp-json\/wp\/v2\/media\/1728"}],"wp:attachment":[{"href":"https:\/\/3dpmetal.com\/fr\/wp-json\/wp\/v2\/media?parent=3860"}],"wp:term":[{"taxonomy":"product-category","embeddable":true,"href":"https:\/\/3dpmetal.com\/fr\/wp-json\/wp\/v2\/product-category?post=3860"}],"curies":[{"name":"wp","href":"https:\/\/api.w.org\/{rel}","templated":true}]}}