{"id":3864,"date":"2024-03-18T06:10:08","date_gmt":"2024-03-18T06:10:08","guid":{"rendered":"https:\/\/3dp.45612300.xyz\/product\/inconel-625-powder%c2%88%c3%b7nickel-based-superalloy-in625-powder\/"},"modified":"2024-03-18T06:10:08","modified_gmt":"2024-03-18T06:10:08","slug":"inconel-625-powder%c2%88%c3%b7nickel-based-superalloy-in625-powder","status":"publish","type":"product","link":"https:\/\/3dpmetal.com\/fr\/product\/inconel-625-powder%c2%88%c3%b7nickel-based-superalloy-in625-powder\/","title":{"rendered":"Poudre d'Inconel 625\u00f7Poudre de superalliage \u00e0 base de nickel in625"},"content":{"rendered":"<p><span style=\"vertical-align: inherit;\"><span style=\"vertical-align: inherit;\">La poudre d'Inconel 625 est un superalliage \u00e0 base de nickel qui poss\u00e8de des propri\u00e9t\u00e9s de haute r\u00e9sistance et une r\u00e9sistance aux temp\u00e9ratures \u00e9lev\u00e9es. L'Inconel 625 (Alliage 625, UNS N06625) est largement utilis\u00e9 pour sa haute r\u00e9sistance, son excellente aptitude \u00e0 la fabrication (y compris l'assemblage) et sa remarquable r\u00e9sistance \u00e0 la corrosion. Ses temp\u00e9ratures de service vont de la cryog\u00e9nie \u00e0 1800\u00a1\"F (982\u00a1\"C). Une r\u00e9sistance \u00e9lev\u00e9e \u00e0 la traction, au fluage et \u00e0 la rupture, une r\u00e9sistance exceptionnelle \u00e0 la fatigue et \u00e0 la thermofatigue, une r\u00e9sistance \u00e0 l'oxydation et une excellente soudabilit\u00e9 et brasabilit\u00e9 sont les propri\u00e9t\u00e9s de l'alliage INCONEL 625 qui le rendent int\u00e9ressant pour le secteur a\u00e9rospatial.<\/p>\n<p>Il est utilis\u00e9 dans des applications telles que les syst\u00e8mes de conduits d'avion, les syst\u00e8mes d'\u00e9chappement de moteur, les syst\u00e8mes d'inverseurs de pouss\u00e9e, les structures en nid d'abeille soud\u00e9es par r\u00e9sistance pour le logement des commandes de moteur, les tuyaux de carburant et les tuyaux hydrauliques, les barres de pulv\u00e9risation, les soufflets, les anneaux de car\u00e9nage de turbine et les tuyaux d'\u00e9changeurs de chaleur dans les syst\u00e8mes de contr\u00f4le environnemental. Il convient \u00e9galement aux rev\u00eatements de transition des syst\u00e8mes de combustion, aux joints des turbines, aux aubes des compresseurs et aux tubes des chambres de pouss\u00e9e des fus\u00e9es.<\/p>\n<p><img loading=\"lazy\" decoding=\"async\" class=\"aligncenter size-full wp-image-744\" src=\"https:\/\/am-powder.com\/wp-content\/uploads\/2022\/07\/Inconel-625-Powder.png\" alt=\"Poudre d&#039;Inconel 625\" width=\"540\" height=\"540\" title=\"\"><\/p>\n<h3><strong>Sp\u00e9cification de la poudre d'Inconel 625<\/strong><\/h3>\n<div class=\"table-responsive\">\n<div>\n<table>\n<tbody>\n<tr>\n<td colspan=\"7\" rowspan=\"1\" data-sheets-value=\"{&quot;1&quot;:2,&quot;2&quot;:&quot;Norminal Composition\u00a8\u00d7wt%\u00a8\u00d8&quot;}\"><strong>Composition normale\u00a8\u00d7wt%\u00a8\u00d8<\/strong><\/td>\n<\/tr>\n<tr>\n<td colspan=\"1\" rowspan=\"4\" data-sheets-value=\"{&quot;1&quot;:2,&quot;2&quot;:&quot;In625&quot;}\">\n<div>En625<\/div>\n<\/td>\n<td data-sheets-value=\"{&quot;1&quot;:2,&quot;2&quot;:&quot;Cr&quot;}\"><strong>Cr<\/strong><\/td>\n<td data-sheets-value=\"{&quot;1&quot;:2,&quot;2&quot;:&quot;Mo&quot;}\"><strong>Mo<\/strong><\/td>\n<td data-sheets-value=\"{&quot;1&quot;:2,&quot;2&quot;:&quot;Nb&quot;}\"><strong>Nb<\/strong><\/td>\n<td data-sheets-value=\"{&quot;1&quot;:2,&quot;2&quot;:&quot;Co&quot;}\"><strong>Co<\/strong><\/td>\n<td data-sheets-value=\"{&quot;1&quot;:2,&quot;2&quot;:&quot;Fe&quot;}\"><strong>Fer<\/strong><\/td>\n<td data-sheets-value=\"{&quot;1&quot;:2,&quot;2&quot;:&quot;Al&quot;}\"><strong>Al<\/strong><\/td>\n<\/tr>\n<tr>\n<td data-sheets-value=\"{&quot;1&quot;:2,&quot;2&quot;:&quot;20-23&quot;}\">20-23<\/td>\n<td data-sheets-value=\"{&quot;1&quot;:3,&quot;3&quot;:44783}\" data-sheets-numberformat=\"{&quot;1&quot;:5,&quot;2&quot;:&quot;m-d&quot;,&quot;3&quot;:1}\">8-10<\/td>\n<td data-sheets-value=\"{&quot;1&quot;:2,&quot;2&quot;:&quot;3.15-4.15&quot;}\">3.15-4.15<\/td>\n<td data-sheets-value=\"{&quot;1&quot;:2,&quot;2&quot;:&quot;\u00a8P1&quot;}\">\u00a8P1<\/td>\n<td data-sheets-value=\"{&quot;1&quot;:2,&quot;2&quot;:&quot;\u00a8P1&quot;}\">\u00a8P1<\/td>\n<td data-sheets-value=\"{&quot;1&quot;:2,&quot;2&quot;:&quot;\u00a8P0.4&quot;}\">\u00a8P0.4<\/td>\n<\/tr>\n<tr>\n<td data-sheets-value=\"{&quot;1&quot;:2,&quot;2&quot;:&quot;Ti&quot;}\"><strong>Tu<\/strong><\/td>\n<td data-sheets-value=\"{&quot;1&quot;:2,&quot;2&quot;:&quot;C&quot;}\"><strong>Agissant en tant que traducteur et am\u00e9liorateur, traduis la phrase suivante en fran\u00e7ais :\nC<\/strong><\/td>\n<td data-sheets-value=\"{&quot;1&quot;:2,&quot;2&quot;:&quot;Ni&quot;}\"><strong>Ni<\/strong><\/td>\n<td data-sheets-value=\"{&quot;1&quot;:2,&quot;2&quot;:&quot;O&quot;}\"><strong>Oh<\/strong><\/td>\n<td data-sheets-value=\"{&quot;1&quot;:2,&quot;2&quot;:&quot;N&quot;}\"><strong>\/A<\/strong><\/td>\n<td><\/td>\n<\/tr>\n<tr>\n<td data-sheets-value=\"{&quot;1&quot;:2,&quot;2&quot;:&quot;\u00a8P0.4&quot;}\">\u00a8P0.4<\/td>\n<td data-sheets-value=\"{&quot;1&quot;:2,&quot;2&quot;:&quot;\u00a8P0.1&quot;}\">\u00a8P0.1<\/td>\n<td data-sheets-value=\"{&quot;1&quot;:2,&quot;2&quot;:&quot;Bal.&quot;}\">Bal.<\/td>\n<td data-sheets-value=\"{&quot;1&quot;:2,&quot;2&quot;:&quot;\u00a8P500ppm&quot;}\">\u00a8P500ppm<\/td>\n<td data-sheets-value=\"{&quot;1&quot;:2,&quot;2&quot;:&quot;\u00a8P100ppm&quot;}\">\u00a8P100ppm<\/td>\n<td><\/td>\n<\/tr>\n<\/tbody>\n<\/table>\n<\/div>\n<p>Common Size:15-45um,15-53um,45-106um,45-150u,-200\/-300\/-400\/-500\/-600mesh etc,.<\/p>\n<p>&nbsp;<\/p>\n<div>\n<table>\n<tbody>\n<tr>\n<td data-sheets-value=\"{&quot;1&quot;:2,&quot;2&quot;:&quot;No&quot;}\"><strong>Non<\/strong><\/td>\n<td data-sheets-value=\"{&quot;1&quot;:2,&quot;2&quot;:&quot;Name&quot;}\"><strong>Nom<\/strong><\/td>\n<td data-sheets-value=\"{&quot;1&quot;:2,&quot;2&quot;:&quot;Chemical Composition(wt%)&quot;}\"><strong>Composition de la poudre associ\u00e9e (wt%)<\/strong><\/td>\n<\/tr>\n<tr>\n<td data-sheets-value=\"{&quot;1&quot;:3,&quot;3&quot;:1}\">1<\/td>\n<td data-sheets-value=\"{&quot;1&quot;:2,&quot;2&quot;:&quot;18Ni300&quot;}\">18Ni300<\/td>\n<td data-sheets-value=\"{&quot;1&quot;:2,&quot;2&quot;:&quot;Ni17-19\u00a8\u00dbMo4.5-5.2\u00a8\u00dbCo8.5-9.5\u00a8\u00dbTi0.6-0.8\u00a8\u00dbAl0.05-0.15\u00a8\u00dbFe(Bal.)&quot;}\">Ni17-19\u00a8\u00dbMo4,5-5,2\u00a8\u00dbCo8,5-9,5\u00a8\u00dbTi0,6-0,8\u00a8\u00dbAl0,05-0,15\u00a8\u00dbFe(Bal.)<\/td>\n<\/tr>\n<tr>\n<td data-sheets-value=\"{&quot;1&quot;:3,&quot;3&quot;:2}\">2<\/td>\n<td data-sheets-value=\"{&quot;1&quot;:2,&quot;2&quot;:&quot;Hastelloy Alloy&quot;}\">Alliage Hastelloy<\/td>\n<td data-sheets-value=\"{&quot;1&quot;:2,&quot;2&quot;:&quot;Fe17-20\u00a8\u00dbCr20.5-23\u00a8\u00dbMo8-10\u00a8\u00dbW0.2-1\u00a8\u00dbCo0.5-2.5\u00a8\u00dbC0.05-0.15\u00a8\u00dbNi(Bal.)&quot;}\">Fe17-20\u00a8\u00dbCr20,5-23\u00a8\u00dbMo8-10\u00a8\u00dbW0,2-1\u00a8\u00dbCo0,5-2,5\u00a8\u00dbC0,05-0,15\u00a8\u00dbNi(Bal.)<\/td>\n<\/tr>\n<tr>\n<td data-sheets-value=\"{&quot;1&quot;:3,&quot;3&quot;:3}\">3<\/td>\n<td data-sheets-value=\"{&quot;1&quot;:2,&quot;2&quot;:&quot;AlSi10Mg&quot;}\">AlSi10Mg<\/td>\n<td data-sheets-value=\"{&quot;1&quot;:2,&quot;2&quot;:&quot;Si9-11\u00a8\u00dbMg0.2-0.45\u00a8\u00dbAl(Bal.)&quot;}\">Si9-11\u00a8\u00dbMg0.2-0.45\u00a8\u00dbAl(Bal.)<\/td>\n<\/tr>\n<tr>\n<td data-sheets-value=\"{&quot;1&quot;:3,&quot;3&quot;:4}\">4<\/td>\n<td data-sheets-value=\"{&quot;1&quot;:2,&quot;2&quot;:&quot;CoCrW&quot;}\">CoCrW<\/td>\n<td data-sheets-value=\"{&quot;1&quot;:2,&quot;2&quot;:&quot;Cr26.5-29\u00a8\u00dbW7-9\u00a8\u00dbSi1.2-1.9\u00a8\u00dbCo(Bal.)&quot;}\">Cr26,5-29\u00a8\u00dbW7-9\u00a8\u00dbSi1,2-1,9\u00a8\u00dbCo(Bal.)<\/td>\n<\/tr>\n<tr>\n<td data-sheets-value=\"{&quot;1&quot;:3,&quot;3&quot;:5}\">5<\/td>\n<td data-sheets-value=\"{&quot;1&quot;:2,&quot;2&quot;:&quot;Co28Cr6Mo&quot;}\">Co28Cr6Mo<\/td>\n<td data-sheets-value=\"{&quot;1&quot;:2,&quot;2&quot;:&quot;Cr27-29\u00a8\u00dbMo5-7\u00a8\u00dbCo(Bal.)&quot;}\">Cr27-29\u00a8\u00dbMo5-7\u00a8\u00dbCo(Bal.)<\/td>\n<\/tr>\n<tr>\n<td data-sheets-value=\"{&quot;1&quot;:3,&quot;3&quot;:6}\">6<\/td>\n<td data-sheets-value=\"{&quot;1&quot;:2,&quot;2&quot;:&quot;Spherical Ti Powder&quot;}\">Poudre de Ti sph\u00e9rique<\/td>\n<td data-sheets-value=\"{&quot;1&quot;:2,&quot;2&quot;:&quot;Ti\u00a1\u00d499.9&quot;}\">Ti\u00a1\u00d499.9<\/td>\n<\/tr>\n<tr>\n<td data-sheets-value=\"{&quot;1&quot;:3,&quot;3&quot;:7}\">7<\/td>\n<td data-sheets-value=\"{&quot;1&quot;:2,&quot;2&quot;:&quot;TC4&quot;}\">CT4<\/td>\n<td data-sheets-value=\"{&quot;1&quot;:2,&quot;2&quot;:&quot;Al5.5-6.8\u00a8\u00dbV3.5-4.5\u00a8\u00dbTi(Bal.)&quot;}\">Al5.5-6.8\u00a8\u00dbV3.5-4.5\u00a8\u00dbTi(Bal.)<\/td>\n<\/tr>\n<tr>\n<td data-sheets-value=\"{&quot;1&quot;:3,&quot;3&quot;:8}\">8<\/td>\n<td data-sheets-value=\"{&quot;1&quot;:2,&quot;2&quot;:&quot;TA15&quot;}\">TA15<\/td>\n<td data-sheets-value=\"{&quot;1&quot;:2,&quot;2&quot;:&quot;Al5.5-7.1\u00a8\u00dbV0.8-2.5\u00a8\u00dbMo0.8-2\u00a8\u00dbZr1.5-2.5\u00a8\u00dbAl(Bal.)&quot;}\">Al5.5-7.1\u00a8\u00dbV0.8-2.5\u00a8\u00dbMo0.8-2\u00a8\u00dbZr1.5-2.5\u00a8\u00dbAl(Bal.)<\/td>\n<\/tr>\n<tr>\n<td data-sheets-value=\"{&quot;1&quot;:3,&quot;3&quot;:9}\">9<\/td>\n<td data-sheets-value=\"{&quot;1&quot;:2,&quot;2&quot;:&quot;316L&quot;}\">316L<\/td>\n<td data-sheets-value=\"{&quot;1&quot;:2,&quot;2&quot;:&quot;Cr16.00-18.00\u00a8\u00db Ni10.00-14.00\u00a8\u00dbMo2.00-3.00\u00a8\u00dbFe(Bal.)&quot;}\">Cr16.00-18.00\u00a8\u00db Ni10.00-14.00\u00a8\u00dbMo2.00-3.00\u00a8\u00dbFe(Bal.)<\/td>\n<\/tr>\n<tr>\n<td data-sheets-value=\"{&quot;1&quot;:3,&quot;3&quot;:10}\">10<\/td>\n<td data-sheets-value=\"{&quot;1&quot;:2,&quot;2&quot;:&quot;S136&quot;}\">S136<\/td>\n<td data-sheets-value=\"{&quot;1&quot;:2,&quot;2&quot;:&quot;Cr12.0-14.0\u00a8\u00dbSi0.8-1.0\u00a8\u00dbV0.15-0.4\u00a8\u00dbC0.2-0.45\u00a8\u00dbFe(Bal.)&quot;}\">Cr12.0-14.0\u00a8\u00dbSi0.8-1.0\u00a8\u00dbV0.15-0.4\u00a8\u00dbC0.2-0.45\u00a8\u00dbFe(Bal.)<\/td>\n<\/tr>\n<tr>\n<td data-sheets-value=\"{&quot;1&quot;:3,&quot;3&quot;:11}\">11<\/td>\n<td data-sheets-value=\"{&quot;1&quot;:2,&quot;2&quot;:&quot;In625&quot;}\">En625<\/td>\n<td data-sheets-value=\"{&quot;1&quot;:2,&quot;2&quot;:&quot;Cr20-23 , Mo8-10 , Nb 3.15-4.15 , Co\u00a8P1, Fe\u00a8P1 , Ni (bal.)&quot;}\">Cr20-23 , Mo8-10 , Nb 3,15-4,15 , Co\u00a8P1, Fe\u00a8P1 , Ni (bal.)<\/td>\n<\/tr>\n<tr>\n<td data-sheets-value=\"{&quot;1&quot;:3,&quot;3&quot;:12}\">12<\/td>\n<td data-sheets-value=\"{&quot;1&quot;:2,&quot;2&quot;:&quot;In718&quot;}\">En718<\/td>\n<td data-sheets-value=\"{&quot;1&quot;:2,&quot;2&quot;:&quot;Cr17-21 , Mo2.8-3.3 , Nb 4.75-5.5 , Co\u00a8P1, Ni50-51 , Fe(Bal.)&quot;}\">Cr17-21 , Mo2.8-3.3 , Nb 4.75-5.5 , Co\u00a8P1, Ni50-51 , Fe(Bal.)<\/td>\n<\/tr>\n<tr>\n<td data-sheets-value=\"{&quot;1&quot;:3,&quot;3&quot;:13}\">13<\/td>\n<td data-sheets-value=\"{&quot;1&quot;:2,&quot;2&quot;:&quot;Spherica WC&quot;}\">WC Sph\u00e9rique<\/td>\n<td data-sheets-value=\"{&quot;1&quot;:2,&quot;2&quot;:&quot;C3.7-4.2\u00a8\u00dbW(Bal.)&quot;}\">C3.7-4.2\u00a8\u00dbW(Bal.)<\/td>\n<\/tr>\n<tr>\n<td data-sheets-value=\"{&quot;1&quot;:3,&quot;3&quot;:14}\">14<\/td>\n<td data-sheets-value=\"{&quot;1&quot;:2,&quot;2&quot;:&quot;Spherical Cr Powder&quot;}\">Poudre de Cr sph\u00e9rique<\/td>\n<td data-sheets-value=\"{&quot;1&quot;:2,&quot;2&quot;:&quot;Cr\u00a1\u00d499.9&quot;}\">Cr\u00a1\u00d499.9<\/td>\n<\/tr>\n<tr>\n<td data-sheets-value=\"{&quot;1&quot;:3,&quot;3&quot;:15}\">15<\/td>\n<td data-sheets-value=\"{&quot;1&quot;:2,&quot;2&quot;:&quot;Spherica Mo Powder&quot;}\">Poudre Spherica Mo<\/td>\n<td data-sheets-value=\"{&quot;1&quot;:2,&quot;2&quot;:&quot;Mo\u00a1\u00d499.9&quot;}\">Mo\u00a1\u00d499.9<\/td>\n<\/tr>\n<tr>\n<td data-sheets-value=\"{&quot;1&quot;:3,&quot;3&quot;:16}\">16<\/td>\n<td data-sheets-value=\"{&quot;1&quot;:2,&quot;2&quot;:&quot;Spherica Ta Powder&quot;}\">Poudre Spherica Ta<\/td>\n<td data-sheets-value=\"{&quot;1&quot;:2,&quot;2&quot;:&quot;Ta\u00a1\u00d499.9&quot;}\">Ta\u00a1\u00d499.9<\/td>\n<\/tr>\n<tr>\n<td data-sheets-value=\"{&quot;1&quot;:3,&quot;3&quot;:17}\">17<\/td>\n<td data-sheets-value=\"{&quot;1&quot;:2,&quot;2&quot;:&quot;Spherica W Powder&quot;}\">Poudre Spherica W<\/td>\n<td data-sheets-value=\"{&quot;1&quot;:2,&quot;2&quot;:&quot;W\u00a1\u00d499.9&quot;}\">W\u00a1\u00d499.9<\/td>\n<\/tr>\n<\/tbody>\n<\/table>\n<\/div>\n<p>&nbsp;<\/p>\n<h3><strong>Propri\u00e9t\u00e9s de la poudre d'Inconel 625 :<\/strong><\/h3>\n<ol>\n<li>R\u00e9sistance \u00e0 la traction\/MPa : 910\u00a9I20<\/li>\n<li>Limite d'\u00e9lasticit\u00e9\/MPa : 460\u00a9I20<\/li>\n<li>Allongement apr\u00e8s rupture\/% : 60\u00a9I5<\/li>\n<li>R\u00e9sistance \u00e0 la traction (815\u00a1\u00cd)\/MPa : 910\u00a9I20<\/li>\n<li>Limite d'\u00e9lasticit\u00e9 (815\u00a1\u00cd)\/MPa : 460\u00a9I20<\/li>\n<li>Allongement apr\u00e8s rupture (815\u00a1\u00cd)\/% : 60\u00a9I5<\/li>\n<li>Aspect : Poudre sph\u00e9rique grise<\/li>\n<li>Densit\u00e9 du taraudage\u00a8\u00e94.95g\/m3<\/li>\n<li>Densit\u00e9 apparente : 4,32g\/m3<\/li>\n<li>Fluidit\u00e9\u00a8\u00e915.5s\/50g<\/li>\n<li>Taille: 15-53um<\/li>\n<li>PSD : D10:17.1um, D50:30.2um, D90 : 50.9um<\/li>\n<\/ol>\n<p><img loading=\"lazy\" decoding=\"async\" class=\"size-full wp-image-20 alignleft\" src=\"https:\/\/am-powder.com\/wp-content\/uploads\/2022\/07\/677462b6-20ff-4af1-91a9-df47eebf7ee5.png\" alt=\"\" width=\"669\" height=\"231\" title=\"\"><\/p>\n<\/div>\n<p>&nbsp;<\/p>\n<p>&nbsp;<\/p>\n<p>&nbsp;<\/p>\n<p>&nbsp;<\/p>\n<p>&nbsp;<\/p>\n<h3><\/h3>\n<h3><\/h3>\n<h3><strong>Application de la poudre d'Inconel 625\u00a8\u00e9<\/strong><\/h3>\n<div class=\"table-responsive\">\n<p><strong>Application marine\u00a8\u00e9<\/strong><br \/>\nEn raison de sa r\u00e9sistance \u00e9lev\u00e9e \u00e0 la corrosion, notamment aux piq\u00fbres et aux fissures, l'Inconel 625 est id\u00e9al pour les applications sous-marines \u00e0 haute teneur en sel. Ce mat\u00e9riau est utilis\u00e9 pour les pales d'h\u00e9lice des navires, les lignes d'amarrage pour les navires de fixation et les navires similaires, les accessoires et les fixations pour les sous-marins, et les composants pour l'\u00e9quipement marin.<br \/>\n<strong>\u00c9quipement a\u00e9rospatial\u00a8\u00e9<\/strong><br \/>\nCe superalliage a \u00e9galement trouv\u00e9 sa place dans l'industrie a\u00e9ronautique, en particulier pour les \u00e9quipements d'\u00e9chappement, les tuyaux de carburant, les bo\u00eetiers d'\u00e9changeurs de chaleur et les pi\u00e8ces de fus\u00e9es, car l'Inconel 625 fonctionne bien m\u00eame \u00e0 des temp\u00e9ratures et des pressions extr\u00eames.<br \/>\n<strong>Technologie nucl\u00e9aire\u00a8\u00e9<\/strong><br \/>\nLa solidit\u00e9 et la r\u00e9sistance \u00e0 la corrosion et aux contraintes de l'Inconel 625 en font un composant appropri\u00e9 pour les r\u00e9acteurs nucl\u00e9aires, en particulier les barres de contr\u00f4le et les c\u0153urs. Les syst\u00e8mes nucl\u00e9aires sont g\u00e9n\u00e9ralement soumis \u00e0 des temp\u00e9ratures sup\u00e9rieures \u00e0 650\u00a1\"C, auxquelles l'Inconel 625 peut r\u00e9sister.<br \/>\n<strong>Proc\u00e9d\u00e9s industriels\u00a8\u00e9<\/strong><br \/>\nEn raison de sa facilit\u00e9 de fabrication et de sa r\u00e9sistance aux temp\u00e9ratures \u00e9lev\u00e9es et \u00e0 la corrosion, cet alliage est un composant utile dans la production d'\u00e9quipements de fabrication tels que les cuves, les \u00e9changeurs de chaleur, les vannes et les syst\u00e8mes de distribution des fluides. Son excellente soudabilit\u00e9 en fait \u00e9galement un composant appropri\u00e9 pour les tuyaux utilis\u00e9s dans les usines de fabrication.<\/p>\n<p><strong>Industrie p\u00e9troli\u00e8re et gazi\u00e8re: ?<\/strong><\/p>\n<p>La poudre In625 est largement utilis\u00e9e dans le secteur du p\u00e9trole et du gaz, o\u00f9 les \u00e9quipements fonctionnent dans des conditions difficiles. Elle est utilis\u00e9e pour produire des composants tels que des vannes, des raccords et des connecteurs qui doivent supporter des pressions \u00e9lev\u00e9es, des fluides corrosifs et des temp\u00e9ratures \u00e9lev\u00e9es. La r\u00e9sistance de la poudre In625 \u00e0 la corrosion par piq\u00fbres et par crevasses, ainsi que sa r\u00e9sistance m\u00e9canique exceptionnelle, garantissent la durabilit\u00e9 et la long\u00e9vit\u00e9 de ces composants vitaux.<\/p>\n<p><strong>Secteur m\u00e9dical: ?<\/strong><\/p>\n<p>Le domaine m\u00e9dical b\u00e9n\u00e9ficie grandement des attributs uniques de la poudre In625. Elle est largement utilis\u00e9e dans la fabrication d'instruments chirurgicaux, d'implants orthop\u00e9diques et de proth\u00e8ses dentaires. La biocompatibilit\u00e9 et la r\u00e9sistance \u00e0 la corrosion de la poudre In625 en font un excellent choix pour ces applications, garantissant la s\u00e9curit\u00e9 et la fiabilit\u00e9 des dispositifs m\u00e9dicaux tout en favorisant de meilleurs r\u00e9sultats pour les patients.<\/p>\n<p><strong>Avantages de la poudre In625<\/strong><\/p>\n<p>Haute r\u00e9sistance et durabilit\u00e9<\/p>\n<p>La poudre In625 poss\u00e8de des propri\u00e9t\u00e9s m\u00e9caniques exceptionnelles, notamment une r\u00e9sistance \u00e9lev\u00e9e \u00e0 la traction et \u00e0 la d\u00e9formation, ce qui lui permet de supporter de lourdes charges et de r\u00e9sister \u00e0 la d\u00e9formation. Sa durabilit\u00e9 exceptionnelle assure la long\u00e9vit\u00e9 et la fiabilit\u00e9 des composants fabriqu\u00e9s avec cette poudre.<\/p>\n<p>R\u00e9sistance sup\u00e9rieure \u00e0 la corrosion<\/p>\n<p>La r\u00e9sistance \u00e0 la corrosion de la poudre In625 la rend particuli\u00e8rement adapt\u00e9e aux applications dans des environnements agressifs, tels que la marine ou les industries de traitement chimique. Elle r\u00e9siste \u00e0 la fois aux environnements oxydants et r\u00e9ducteurs, emp\u00eachant la d\u00e9gradation et am\u00e9liorant la dur\u00e9e de vie globale des composants.<\/p>\n<p>Excellente r\u00e9sistance \u00e0 la chaleur<\/p>\n<p>Avec un point de fusion d'environ 1290\u00a1\"C (2350\u00a1\"F), la poudre In625 pr\u00e9sente une superbe r\u00e9sistance \u00e0 la chaleur. Elle peut supporter des temp\u00e9ratures extr\u00eames sans perte significative de r\u00e9sistance ou de d\u00e9formation, ce qui la rend adapt\u00e9e aux applications expos\u00e9es \u00e0 des contraintes thermiques \u00e9lev\u00e9es.<\/p>\n<p>Polyvalence de l'usinage<\/p>\n<p>La poudre In625 pr\u00e9sente une bonne usinabilit\u00e9, ce qui permet des conceptions pr\u00e9cises et complexes. Elle peut \u00eatre facilement fa\u00e7onn\u00e9e en g\u00e9om\u00e9tries complexes, ce qui lui conf\u00e8re une grande flexibilit\u00e9 et facilite la production de composants complexes.<\/p>\n<p>Soudabilit\u00e9<\/p>\n<p>La soudabilit\u00e9 de la poudre In625 est un autre avantage notable. Elle peut \u00eatre soud\u00e9e \u00e0 l'aide de diff\u00e9rentes techniques, telles que le soudage \u00e0 l'arc au tungst\u00e8ne (GTAW) et le soudage par faisceau d'\u00e9lectrons (EBW), ce qui permet de fabriquer facilement des structures complexes et de grande taille.<\/p>\n<p><strong>FAQ (Foire aux questions)<\/strong><\/p>\n<p>Q1. La poudre In625 convient-elle aux applications \u00e0 haute temp\u00e9rature ?<\/p>\n<p>Oui, la poudre In625 pr\u00e9sente une excellente r\u00e9sistance \u00e0 la chaleur et peut supporter des temp\u00e9ratures extr\u00eames, ce qui la rend adapt\u00e9e aux applications \u00e0 haute temp\u00e9rature.<\/p>\n<p>Q2. Quelles sont les industries qui b\u00e9n\u00e9ficient le plus de l'utilisation de la poudre In625 ?<\/p>\n<p>La poudre In625 trouve des applications dans diverses industries, notamment l'a\u00e9rospatiale, le p\u00e9trole et le gaz, le secteur m\u00e9dical et les industries de traitement chimique.<\/p>\n<p>Q3. La poudre In625 peut-elle \u00eatre soud\u00e9e ?<\/p>\n<p>Oui, la poudre In625 peut \u00eatre soud\u00e9e \u00e0 l'aide de diff\u00e9rentes techniques, ce qui permet de fabriquer des structures complexes.<\/p>\n<p>Q4. La poudre In625 pr\u00e9sente-t-elle une bonne r\u00e9sistance \u00e0 la corrosion ?<\/p>\n<p>Absolument ! La poudre In625 pr\u00e9sente une r\u00e9sistance sup\u00e9rieure \u00e0 la corrosion, ce qui la rend particuli\u00e8rement adapt\u00e9e aux environnements agressifs.<\/p>\n<p>Q5. La poudre In625 est-elle compatible avec les applications biom\u00e9dicales ?<\/p>\n<p>Oui, la poudre In625 est biocompatible et largement utilis\u00e9e dans la production d'instruments chirurgicaux, d'implants orthop\u00e9diques et de proth\u00e8ses dentaires.<\/p>\n<\/div>\n<p><\/span><\/span><\/p>","protected":false},"excerpt":{"rendered":"<p>La poudre d'Inconel 625 est un superalliage \u00e0 base de nickel qui poss\u00e8de des propri\u00e9t\u00e9s de haute r\u00e9sistance et une r\u00e9sistance aux temp\u00e9ratures \u00e9lev\u00e9es. L'Inconel 625 (Alliage 625, UNS N06625) est largement utilis\u00e9 pour sa haute r\u00e9sistance, son excellente aptitude \u00e0 la fabrication (y compris l'assemblage) et sa remarquable r\u00e9sistance \u00e0 la corrosion. Ses temp\u00e9ratures de service vont de la cryog\u00e9nie \u00e0 1800\u00a1\"F (982\u00a1\"C). R\u00e9sistance \u00e9lev\u00e9e \u00e0 la traction, au fluage et \u00e0 la rupture, r\u00e9sistance exceptionnelle \u00e0 la fatigue...<\/p>","protected":false},"featured_media":1736,"parent":0,"template":"","meta":{"_acf_changed":false,"_kad_blocks_custom_css":"","_kad_blocks_head_custom_js":"","_kad_blocks_body_custom_js":"","_kad_blocks_footer_custom_js":"","_kad_post_transparent":"","_kad_post_title":"","_kad_post_layout":"","_kad_post_sidebar_id":"","_kad_post_content_style":"","_kad_post_vertical_padding":"","_kad_post_feature":"","_kad_post_feature_position":"","_kad_post_header":false,"_kad_post_footer":false,"_kad_post_classname":""},"product-category":[119,120],"class_list":["post-3864","product","type-product","status-publish","has-post-thumbnail","hentry","product-category-3d-printing-metal-powder","product-category-high-temperature-alloy-powder"],"acf":[],"taxonomy_info":{"product-category":[{"value":119,"label":"3D Printing Metal Powder"},{"value":120,"label":"High Temperature Alloy Powder"}]},"featured_image_src_large":["https:\/\/3dpmetal.com\/wp-content\/uploads\/2024\/02\/Inconel-625-Powder.jpg",600,600,false],"author_info":[],"comment_info":"","_links":{"self":[{"href":"https:\/\/3dpmetal.com\/fr\/wp-json\/wp\/v2\/product\/3864","targetHints":{"allow":["GET"]}}],"collection":[{"href":"https:\/\/3dpmetal.com\/fr\/wp-json\/wp\/v2\/product"}],"about":[{"href":"https:\/\/3dpmetal.com\/fr\/wp-json\/wp\/v2\/types\/product"}],"wp:featuredmedia":[{"embeddable":true,"href":"https:\/\/3dpmetal.com\/fr\/wp-json\/wp\/v2\/media\/1736"}],"wp:attachment":[{"href":"https:\/\/3dpmetal.com\/fr\/wp-json\/wp\/v2\/media?parent=3864"}],"wp:term":[{"taxonomy":"product-category","embeddable":true,"href":"https:\/\/3dpmetal.com\/fr\/wp-json\/wp\/v2\/product-category?post=3864"}],"curies":[{"name":"wp","href":"https:\/\/api.w.org\/{rel}","templated":true}]}}