{"id":3865,"date":"2024-03-18T06:10:08","date_gmt":"2024-03-18T06:10:08","guid":{"rendered":"https:\/\/3dp.45612300.xyz\/product\/cocrw-powder\/"},"modified":"2024-03-18T06:10:08","modified_gmt":"2024-03-18T06:10:08","slug":"cocrw-powder","status":"publish","type":"product","link":"https:\/\/3dpmetal.com\/fr\/product\/cocrw-powder\/","title":{"rendered":"Poudre de CoCrW"},"content":{"rendered":"<p><span style=\"vertical-align: inherit;\"><span style=\"vertical-align: inherit;\"><\/p>\n<div>\n<table>\n<tbody>\n<tr>\n<td data-sheets-value=\"{&quot;1&quot;:2,&quot;2&quot;:&quot;No&quot;}\"><strong>Non<\/strong><\/td>\n<td data-sheets-value=\"{&quot;1&quot;:2,&quot;2&quot;:&quot;Name&quot;}\"><strong>Nom<\/strong><\/td>\n<td data-sheets-value=\"{&quot;1&quot;:2,&quot;2&quot;:&quot;Chemical Composition(wt%)&quot;}\"><strong>Composition chimique (wt%)<\/strong><\/td>\n<\/tr>\n<tr>\n<td data-sheets-value=\"{&quot;1&quot;:3,&quot;3&quot;:1}\">1<\/td>\n<td data-sheets-value=\"{&quot;1&quot;:2,&quot;2&quot;:&quot;18Ni300&quot;}\">18Ni300<\/td>\n<td data-sheets-value=\"{&quot;1&quot;:2,&quot;2&quot;:&quot;Ni17-19\u00a8\u00dbMo4.5-5.2\u00a8\u00dbCo8.5-9.5\u00a8\u00dbTi0.6-0.8\u00a8\u00dbAl0.05-0.15\u00a8\u00dbFe(Bal.)&quot;}\">Ni17-19\u00a8\u00dbMo4,5-5,2\u00a8\u00dbCo8,5-9,5\u00a8\u00dbTi0,6-0,8\u00a8\u00dbAl0,05-0,15\u00a8\u00dbFe(Bal.)<\/td>\n<\/tr>\n<tr>\n<td data-sheets-value=\"{&quot;1&quot;:3,&quot;3&quot;:2}\">2<\/td>\n<td data-sheets-value=\"{&quot;1&quot;:2,&quot;2&quot;:&quot;Hastelloy Alloy&quot;}\">Alliage Hastelloy<\/td>\n<td data-sheets-value=\"{&quot;1&quot;:2,&quot;2&quot;:&quot;Fe17-20\u00a8\u00dbCr20.5-23\u00a8\u00dbMo8-10\u00a8\u00dbW0.2-1\u00a8\u00dbCo0.5-2.5\u00a8\u00dbC0.05-0.15\u00a8\u00dbNi(Bal.)&quot;}\">Fe17-20\u00a8\u00dbCr20,5-23\u00a8\u00dbMo8-10\u00a8\u00dbW0,2-1\u00a8\u00dbCo0,5-2,5\u00a8\u00dbC0,05-0,15\u00a8\u00dbNi(Bal.)<\/td>\n<\/tr>\n<tr>\n<td data-sheets-value=\"{&quot;1&quot;:3,&quot;3&quot;:3}\">3<\/td>\n<td data-sheets-value=\"{&quot;1&quot;:2,&quot;2&quot;:&quot;AlSi10Mg&quot;}\">AlSi10Mg<\/td>\n<td data-sheets-value=\"{&quot;1&quot;:2,&quot;2&quot;:&quot;Si9-11\u00a8\u00dbMg0.2-0.45\u00a8\u00dbAl(Bal.)&quot;}\">Si9-11\u00a8\u00dbMg0.2-0.45\u00a8\u00dbAl(Bal.)<\/td>\n<\/tr>\n<tr>\n<td data-sheets-value=\"{&quot;1&quot;:3,&quot;3&quot;:4}\">4<\/td>\n<td data-sheets-value=\"{&quot;1&quot;:2,&quot;2&quot;:&quot;CoCrW&quot;}\">CoCrW<\/td>\n<td data-sheets-value=\"{&quot;1&quot;:2,&quot;2&quot;:&quot;Cr26.5-29\u00a8\u00dbW7-9\u00a8\u00dbSi1.2-1.9\u00a8\u00dbCo(Bal.)&quot;}\">Cr26,5-29\u00a8\u00dbW7-9\u00a8\u00dbSi1,2-1,9\u00a8\u00dbCo(Bal.)<\/td>\n<\/tr>\n<tr>\n<td data-sheets-value=\"{&quot;1&quot;:3,&quot;3&quot;:5}\">5<\/td>\n<td data-sheets-value=\"{&quot;1&quot;:2,&quot;2&quot;:&quot;Co28Cr6Mo(CoCrF75)&quot;}\">Co28Cr6Mo(CoCrF75)<\/td>\n<td data-sheets-value=\"{&quot;1&quot;:2,&quot;2&quot;:&quot;Cr27-29\u00a8\u00dbMo5-7\u00a8\u00dbCo(Bal.)&quot;}\">Cr27-29\u00a8\u00dbMo5-7\u00a8\u00dbCo(Bal.)<\/td>\n<\/tr>\n<tr>\n<td data-sheets-value=\"{&quot;1&quot;:3,&quot;3&quot;:6}\">6<\/td>\n<td data-sheets-value=\"{&quot;1&quot;:2,&quot;2&quot;:&quot;Spherical Ti Powder&quot;}\">Poudre de Ti sph\u00e9rique<\/td>\n<td data-sheets-value=\"{&quot;1&quot;:2,&quot;2&quot;:&quot;Ti\u00a1\u00d499.9&quot;}\">Ti\u00a1\u00d499.9<\/td>\n<\/tr>\n<tr>\n<td data-sheets-value=\"{&quot;1&quot;:3,&quot;3&quot;:7}\">7<\/td>\n<td data-sheets-value=\"{&quot;1&quot;:2,&quot;2&quot;:&quot;TC4&quot;}\">CT4<\/td>\n<td data-sheets-value=\"{&quot;1&quot;:2,&quot;2&quot;:&quot;Al5.5-6.8\u00a8\u00dbV3.5-4.5\u00a8\u00dbTi(Bal.)&quot;}\">Al5.5-6.8\u00a8\u00dbV3.5-4.5\u00a8\u00dbTi(Bal.)<\/td>\n<\/tr>\n<tr>\n<td data-sheets-value=\"{&quot;1&quot;:3,&quot;3&quot;:8}\">8<\/td>\n<td data-sheets-value=\"{&quot;1&quot;:2,&quot;2&quot;:&quot;TA15&quot;}\">TA15<\/td>\n<td data-sheets-value=\"{&quot;1&quot;:2,&quot;2&quot;:&quot;Al5.5-7.1\u00a8\u00dbV0.8-2.5\u00a8\u00dbMo0.8-2\u00a8\u00dbZr1.5-2.5\u00a8\u00dbAl(Bal.)&quot;}\">Al5.5-7.1\u00a8\u00dbV0.8-2.5\u00a8\u00dbMo0.8-2\u00a8\u00dbZr1.5-2.5\u00a8\u00dbAl(Bal.)<\/td>\n<\/tr>\n<tr>\n<td data-sheets-value=\"{&quot;1&quot;:3,&quot;3&quot;:9}\">9<\/td>\n<td data-sheets-value=\"{&quot;1&quot;:2,&quot;2&quot;:&quot;316L&quot;}\">316L<\/td>\n<td data-sheets-value=\"{&quot;1&quot;:2,&quot;2&quot;:&quot;Cr16.00-18.00\u00a8\u00db Ni10.00-14.00\u00a8\u00dbMo2.00-3.00\u00a8\u00dbFe(Bal.)&quot;}\">Cr16.00-18.00\u00a8\u00db Ni10.00-14.00\u00a8\u00dbMo2.00-3.00\u00a8\u00dbFe(Bal.)<\/td>\n<\/tr>\n<tr>\n<td data-sheets-value=\"{&quot;1&quot;:3,&quot;3&quot;:10}\">10<\/td>\n<td data-sheets-value=\"{&quot;1&quot;:2,&quot;2&quot;:&quot;S136&quot;}\">S136<\/td>\n<td data-sheets-value=\"{&quot;1&quot;:2,&quot;2&quot;:&quot;Cr12.0-14.0\u00a8\u00dbSi0.8-1.0\u00a8\u00dbV0.15-0.4\u00a8\u00dbC0.2-0.45\u00a8\u00dbFe(Bal.)&quot;}\">Cr12.0-14.0\u00a8\u00dbSi0.8-1.0\u00a8\u00dbV0.15-0.4\u00a8\u00dbC0.2-0.45\u00a8\u00dbFe(Bal.)<\/td>\n<\/tr>\n<tr>\n<td data-sheets-value=\"{&quot;1&quot;:3,&quot;3&quot;:11}\">11<\/td>\n<td data-sheets-value=\"{&quot;1&quot;:2,&quot;2&quot;:&quot;In625&quot;}\">En625<\/td>\n<td data-sheets-value=\"{&quot;1&quot;:2,&quot;2&quot;:&quot;Cr20-23 , Mo8-10 , Nb 3.15-4.15 , Co\u00a8P1, Fe\u00a8P1 , Ni (bal.)&quot;}\">Cr20-23 , Mo8-10 , Nb 3,15-4,15 , Co\u00a8P1, Fe\u00a8P1 , Ni (bal.)<\/td>\n<\/tr>\n<tr>\n<td data-sheets-value=\"{&quot;1&quot;:3,&quot;3&quot;:12}\">12<\/td>\n<td data-sheets-value=\"{&quot;1&quot;:2,&quot;2&quot;:&quot;In718&quot;}\">En718<\/td>\n<td data-sheets-value=\"{&quot;1&quot;:2,&quot;2&quot;:&quot;Cr17-21 , Mo2.8-3.3 , Nb 4.75-5.5 , Co\u00a8P1, Ni50-51 , Fe(Bal.)&quot;}\">Cr17-21 , Mo2.8-3.3 , Nb 4.75-5.5 , Co\u00a8P1, Ni50-51 , Fe(Bal.)<\/td>\n<\/tr>\n<tr>\n<td data-sheets-value=\"{&quot;1&quot;:3,&quot;3&quot;:13}\">13<\/td>\n<td data-sheets-value=\"{&quot;1&quot;:2,&quot;2&quot;:&quot;Spherica WC&quot;}\">WC Sph\u00e9rique<\/td>\n<td data-sheets-value=\"{&quot;1&quot;:2,&quot;2&quot;:&quot;C3.7-4.2\u00a8\u00dbW(Bal.)&quot;}\">C3.7-4.2\u00a8\u00dbW(Bal.)<\/td>\n<\/tr>\n<tr>\n<td data-sheets-value=\"{&quot;1&quot;:3,&quot;3&quot;:14}\">14<\/td>\n<td data-sheets-value=\"{&quot;1&quot;:2,&quot;2&quot;:&quot;Spherical Cr Powder&quot;}\">Poudre de Cr sph\u00e9rique<\/td>\n<td data-sheets-value=\"{&quot;1&quot;:2,&quot;2&quot;:&quot;Cr\u00a1\u00d499.9&quot;}\">Cr\u00a1\u00d499.9<\/td>\n<\/tr>\n<tr>\n<td data-sheets-value=\"{&quot;1&quot;:3,&quot;3&quot;:15}\">15<\/td>\n<td data-sheets-value=\"{&quot;1&quot;:2,&quot;2&quot;:&quot;Spherica Mo Powder&quot;}\">Poudre Spherica Mo<\/td>\n<td data-sheets-value=\"{&quot;1&quot;:2,&quot;2&quot;:&quot;Mo\u00a1\u00d499.9&quot;}\">Mo\u00a1\u00d499.9<\/td>\n<\/tr>\n<tr>\n<td data-sheets-value=\"{&quot;1&quot;:3,&quot;3&quot;:16}\">16<\/td>\n<td data-sheets-value=\"{&quot;1&quot;:2,&quot;2&quot;:&quot;Spherica Ta Powder&quot;}\">Poudre Spherica Ta<\/td>\n<td data-sheets-value=\"{&quot;1&quot;:2,&quot;2&quot;:&quot;Ta\u00a1\u00d499.9&quot;}\">Ta\u00a1\u00d499.9<\/td>\n<\/tr>\n<tr>\n<td data-sheets-value=\"{&quot;1&quot;:3,&quot;3&quot;:17}\">17<\/td>\n<td data-sheets-value=\"{&quot;1&quot;:2,&quot;2&quot;:&quot;Spherica W Powder&quot;}\">Poudre Spherica W<\/td>\n<td data-sheets-value=\"{&quot;1&quot;:2,&quot;2&quot;:&quot;W\u00a1\u00d499.9&quot;}\">W\u00a1\u00d499.9<\/td>\n<\/tr>\n<\/tbody>\n<\/table>\n<\/div>\n<p><img loading=\"lazy\" decoding=\"async\" class=\"size-medium wp-image-1409 aligncenter\" src=\"https:\/\/met3dp.com\/wp-content\/uploads\/2023\/09\/ed7a94ec-3c10-4b1b-87ed--300x300.jpg\" alt=\"Poudre de CoCrW\" width=\"300\" height=\"300\" title=\"\"><\/p>\n<p>Le CoCrW est l'un des alliages stellites qui peut r\u00e9sister \u00e0 diff\u00e9rents types d'usure, de corrosion et d'oxydation \u00e0 haute temp\u00e9rature. Selon leur composition, les alliages peuvent \u00eatre transform\u00e9s en fils de soudure, en poudres utilis\u00e9es pour le surfa\u00e7age de surfaces dures, la pulv\u00e9risation thermique, le soudage par pulv\u00e9risation. Ils peuvent \u00e9galement \u00eatre transform\u00e9s en pi\u00e8ces moul\u00e9es, en pi\u00e8ces forg\u00e9es et en pi\u00e8ces obtenues par m\u00e9tallurgie des poudres.<\/p>\n<p><strong>Propri\u00e9t\u00e9s du produit<\/strong><\/p>\n<ol>\n<li>Aspect : Poudre grise<\/li>\n<li>Taille: 15-53um<\/li>\n<li>Composante chimique : Cr27-29\u00a8\u00dbMo5-7\u00a8\u00dbCo(Bal.)<\/li>\n<li>PSD: D10=17.9\u00c3\u00d7m\u00a8\u00dbD50=31\u00c3\u00d7m\u00a8\u00dbD90=51.8\u00c3\u00d7m<\/li>\n<li>Remarque\u00a0: D&#039;autres poudres d&#039;impression 3D sont disponibles selon toutes les exigences personnalis\u00e9es<\/li>\n<\/ol>\n<p><strong>Application<\/strong><\/p>\n<ol>\n<li>L'impression 3D<\/li>\n<li>Moulage par injection (MIM)<\/li>\n<li>M\u00e9tallurgie des poudres (PM)<\/li>\n<li>Rev\u00eatement par pulv\u00e9risation (SP), etc.<\/li>\n<\/ol>\n<p><\/span><\/span><\/p>","protected":false},"excerpt":{"rendered":"<p>No Nom Composition chimique (wt%) 1 18Ni300 Ni17-19\u00a8\u00dbMo4.5-5.2\u00a8\u00dbCo8.5-9.5\u00a8\u00dbTi0.6-0.8\u00a8\u00dbAl0.05-0.15\u00a8\u00dbFe(Bal.) 2 Hastelloy Alloy Fe17-20\u00a8\u00dbCr20.5-23\u00a8\u00dbMo8-10\u00a8\u00dbW0.2-1\u00a8\u00dbCo0.5-2.5\u00a8\u00dbC0.05-0.15\u00a8\u00dbNi(Bal.) 3 AlSi10Mg Si9-11\u00a8\u00dbMg0.2-0.45\u00a8\u00dbAl(Bal.) 4 CoCrW Cr26.5-29\u00a8\u00dbW7-9\u00a8\u00dbSi1.2-1.9\u00a8\u00dbCo(Bal.) 5 Co28Cr6Mo(CoCrF75) Cr27-29\u00a8\u00dbMo5-7\u00a8\u00dbCo(Bal.) 6 Poudre de Ti sph\u00e9rique Ti\u00a1\u00d499.9 7 TC4 Al5.5-6.8\u00a8\u00dbV3.5-4.5\u00a8\u00dbTi(Bal.) 8 TA15 Al5.5-7.1\u00a8\u00dbV0.8-2.5\u00a8\u00dbMo0.8-2\u00a8\u00dbZr1.5-2.5\u00a8\u00dbAl(Bal.) 9 316L Cr16.00-18.00\u00a8\u00db Ni10.00-14.00\u00a8\u00dbMo2.00-3.00\u00a8\u00dbFe(Bal.) 10 S136 Cr12.0-14.0\u00a8\u00dbSi0.8-1.0\u00a8\u00dbV0.15-0.4\u00a8\u00dbC0.2-0.45\u00a8\u00dbFe(Bal.) 11 In625 Cr20-23 , Mo8-10 , Nb 3.15-4.15 , Co\u00a8P1, Fe\u00a8P1 , Ni (bal.) 12 In718 Cr17-21...<\/p>","protected":false},"featured_media":1738,"parent":0,"template":"","meta":{"_acf_changed":false,"_kad_blocks_custom_css":"","_kad_blocks_head_custom_js":"","_kad_blocks_body_custom_js":"","_kad_blocks_footer_custom_js":"","_kad_post_transparent":"","_kad_post_title":"","_kad_post_layout":"","_kad_post_sidebar_id":"","_kad_post_content_style":"","_kad_post_vertical_padding":"","_kad_post_feature":"","_kad_post_feature_position":"","_kad_post_header":false,"_kad_post_footer":false,"_kad_post_classname":""},"product-category":[119,121],"class_list":["post-3865","product","type-product","status-publish","has-post-thumbnail","hentry","product-category-3d-printing-metal-powder","product-category-cobalt-alloy-powder"],"acf":[],"taxonomy_info":{"product-category":[{"value":119,"label":"3D Printing Metal Powder"},{"value":121,"label":"Cobalt Alloy Powder"}]},"featured_image_src_large":["https:\/\/3dpmetal.com\/wp-content\/uploads\/2024\/02\/CoCrW-Powder.jpg",600,600,false],"author_info":[],"comment_info":"","_links":{"self":[{"href":"https:\/\/3dpmetal.com\/fr\/wp-json\/wp\/v2\/product\/3865","targetHints":{"allow":["GET"]}}],"collection":[{"href":"https:\/\/3dpmetal.com\/fr\/wp-json\/wp\/v2\/product"}],"about":[{"href":"https:\/\/3dpmetal.com\/fr\/wp-json\/wp\/v2\/types\/product"}],"wp:featuredmedia":[{"embeddable":true,"href":"https:\/\/3dpmetal.com\/fr\/wp-json\/wp\/v2\/media\/1738"}],"wp:attachment":[{"href":"https:\/\/3dpmetal.com\/fr\/wp-json\/wp\/v2\/media?parent=3865"}],"wp:term":[{"taxonomy":"product-category","embeddable":true,"href":"https:\/\/3dpmetal.com\/fr\/wp-json\/wp\/v2\/product-category?post=3865"}],"curies":[{"name":"wp","href":"https:\/\/api.w.org\/{rel}","templated":true}]}}