{"id":3867,"date":"2024-03-18T06:10:08","date_gmt":"2024-03-18T06:10:08","guid":{"rendered":"https:\/\/3dp.45612300.xyz\/product\/niobium-powder\/"},"modified":"2024-03-18T06:10:08","modified_gmt":"2024-03-18T06:10:08","slug":"niobium-powder","status":"publish","type":"product","link":"https:\/\/3dpmetal.com\/fr\/product\/niobium-powder\/","title":{"rendered":"Poudre de niobium"},"content":{"rendered":"<p><span style=\"vertical-align: inherit;\"><span style=\"vertical-align: inherit;\"><\/p>\n<h2>Aper\u00e7u de la poudre de niobium<\/h2>\n<p class=\"whitespace-pre-wrap\">Le niobium est un m\u00e9tal de transition r\u00e9fractaire, blanc et brillant, qui pr\u00e9sente une r\u00e9sistance \u00e0 la chaleur exceptionnelle et un point de fusion tr\u00e8s \u00e9lev\u00e9. Sous forme de poudre, il pr\u00e9sente une excellente stabilit\u00e9 thermique, \u00e9lectrique et chimique.<\/p>\n<p class=\"whitespace-pre-wrap\">Les principales propri\u00e9t\u00e9s de la poudre de niobium sont les suivantes<\/p>\n<ul class=\"list-disc pl-8 space-y-2\">\n<li class=\"whitespace-normal\">R\u00e9sistance \u00e9lev\u00e9e \u00e0 la chaleur et caract\u00e8re r\u00e9fractaire<\/li>\n<li class=\"whitespace-normal\">Excellente r\u00e9sistance \u00e0 la corrosion<\/li>\n<li class=\"whitespace-normal\">Supraconducteur en dessous de 9,2 K (-264\u00a1\"C)<\/li>\n<li class=\"whitespace-normal\">Stabilit\u00e9 thermique et \u00e9lectrique<\/li>\n<li class=\"whitespace-normal\">Faible absorption de neutrons<\/li>\n<li class=\"whitespace-normal\">Poudre de haute densit\u00e9 et de bonne puret\u00e9 chimique<\/li>\n<li class=\"whitespace-normal\">Disponible dans diff\u00e9rentes gammes de tailles de particules<\/li>\n<\/ul>\n<p class=\"whitespace-pre-wrap\">La poudre de niobium est utilis\u00e9e l\u00e0 o\u00f9 ses propri\u00e9t\u00e9s r\u00e9fractaires, conductrices et supraconductrices peuvent \u00eatre mises \u00e0 profit. Les principales applications sont l'\u00e9lectronique, les supraconducteurs, les alliages, les composants r\u00e9sistants aux produits chimiques et \u00e0 la chaleur, les rev\u00eatements optiques et la pyrotechnie.<\/p>\n<h2>Composition de la poudre de niobium<\/h2>\n<p class=\"whitespace-pre-wrap\">La composition typique de la poudre de niobium est la suivante :<\/p>\n<table>\n<thead>\n<tr>\n<th>\u00e9l\u00e9ment<\/th>\n<th>Puret\u00e9<\/th>\n<\/tr>\n<\/thead>\n<tbody>\n<tr>\n<td>Niobium (Nb)<\/td>\n<td>99 % minimum<\/td>\n<\/tr>\n<tr>\n<td>Tantale (Ta)<\/td>\n<td>0,5 % maxi<\/td>\n<\/tr>\n<tr>\n<td>Hafnium (Hf)<\/td>\n<td>0,01\u00a0% max.<\/td>\n<\/tr>\n<tr>\n<td>Azote (N)<\/td>\n<td>0,03 % max<\/td>\n<\/tr>\n<tr>\n<td>Carbone (C)<\/td>\n<td>0,05 % max<\/td>\n<\/tr>\n<tr>\n<td>Oxyg\u00e8ne (O)<\/td>\n<td>0.1-0.2%<\/td>\n<\/tr>\n<tr>\n<td>Hydrog\u00e8ne (H)<\/td>\n<td>0,0015% max<\/td>\n<\/tr>\n<\/tbody>\n<\/table>\n<p class=\"whitespace-pre-wrap\">La poudre de niobium de haute puret\u00e9 contient plus de 99% de niobium m\u00e9tal avec de faibles niveaux d'impuret\u00e9s. Les qualit\u00e9s commerciales ont des niveaux d'impuret\u00e9 plus \u00e9lev\u00e9s.<\/p>\n<h2>Propri\u00e9t\u00e9s de la poudre de niobium<\/h2>\n<p class=\"whitespace-pre-wrap\">La poudre de niobium pr\u00e9sente les propri\u00e9t\u00e9s suivantes :<\/p>\n<table>\n<thead>\n<tr>\n<th>Propri\u00e9t\u00e9 immobili\u00e8re<\/th>\n<th>Valeur<\/th>\n<\/tr>\n<\/thead>\n<tbody>\n<tr>\n<td>Densit\u00e9<\/td>\n<td>8,57 g\/cm3<\/td>\n<\/tr>\n<tr>\n<td>Point de fusion<\/td>\n<td>2477\u00a1\"C<\/td>\n<\/tr>\n<tr>\n<td>Conductivit\u00e9 thermique<\/td>\n<td>53 W\/m?K<\/td>\n<\/tr>\n<tr>\n<td>R\u00e9sistivit\u00e9 \u00e9lectrique<\/td>\n<td>15 \u00c3\u00d7'\u00ce?cm<\/td>\n<\/tr>\n<tr>\n<td>Module de Young<\/td>\n<td>105 GPa<\/td>\n<\/tr>\n<tr>\n<td>Coefficient de Poisson<\/td>\n<td>0.40<\/td>\n<\/tr>\n<tr>\n<td>R\u00e9sistance \u00e0 la traction<\/td>\n<td>550\u00a0MPa<\/td>\n<\/tr>\n<tr>\n<td>R\u00e9sistance en Compression<\/td>\n<td>200 MPa<\/td>\n<\/tr>\n<tr>\n<td>Duret\u00e9 Vickers<\/td>\n<td>600 HV<\/td>\n<\/tr>\n<\/tbody>\n<\/table>\n<p class=\"whitespace-pre-wrap\">Le niobium a un point de fusion extr\u00eamement \u00e9lev\u00e9 et une tr\u00e8s bonne conductivit\u00e9. Il offre une grande r\u00e9sistance \u00e0 basse et \u00e0 haute temp\u00e9rature. La temp\u00e9rature de transition supraconductrice est de 9,2 K.<\/p>\n<p><img loading=\"lazy\" decoding=\"async\" class=\"size-medium wp-image-1409 aligncenter\" src=\"https:\/\/met3dp.com\/wp-content\/uploads\/2023\/09\/ed7a94ec-3c10-4b1b-87ed--300x300.jpg\" alt=\"Poudre de niobium\" width=\"300\" height=\"300\" title=\"\"><\/p>\n<h2>M\u00e9thodes de production de la poudre de niobium<\/h2>\n<p class=\"whitespace-pre-wrap\">La poudre de niobium peut \u00eatre produite par des m\u00e9thodes telles que :<\/p>\n<ul class=\"list-disc pl-8 space-y-2\">\n<li class=\"whitespace-normal\"><strong>Hydratation-D\u00e9shydratation<\/strong>?- Les lingots de niobium sont broy\u00e9s en poudre grossi\u00e8re et hydrat\u00e9s. L'hydrure de niobium est d\u00e9shydrat\u00e9 sous vide et broy\u00e9 en poudre fine.<\/li>\n<li class=\"whitespace-normal\"><strong>R\u00e9duction calciothermique<\/strong>?- R\u00e9duction de l'oxyde de niobium avec du calcium, suivie d'une consolidation et d'un broyage en poudre.<\/li>\n<li class=\"whitespace-normal\"><strong>Electrolyse<\/strong>?- \u00c9lectrolyse en sel fondu de l'oxyde de niobium pour produire une \u00e9ponge de niobium qui est broy\u00e9e en poudre.<\/li>\n<li class=\"whitespace-normal\"><strong>R\u00e9duction des \u00e9missions de carbone<\/strong>?- L'oxyde de niobium est r\u00e9duit avec du carbone et transform\u00e9 en poudre.<\/li>\n<\/ul>\n<p class=\"whitespace-pre-wrap\">Le processus d'hydruration est le plus courant, mais la r\u00e9duction au carbone et la r\u00e9duction \u00e9lectrothermique permettent d'obtenir des poudres d'une plus grande puret\u00e9.<\/p>\n<h2>Applications de la poudre de niobium<\/h2>\n<p class=\"whitespace-pre-wrap\">La poudre de niobium est utilis\u00e9e dans les principales applications suivantes :<\/p>\n<ul class=\"list-disc pl-8 space-y-2\">\n<li class=\"whitespace-normal\"><strong>\u00c9lectronique<\/strong>Condensateurs, cavit\u00e9s supraconductrices \u00e0 radiofr\u00e9quence, jonctions Josephson, circuits int\u00e9gr\u00e9s.<\/li>\n<li class=\"whitespace-normal\"><strong>Alliages m\u00e9talliques<\/strong>?- Ajout\u00e9 aux aciers et aux alliages \u00e0 base de nickel pour la solidit\u00e9 et la r\u00e9sistance \u00e0 la chaleur.<\/li>\n<li class=\"whitespace-normal\"><strong>Rev\u00eatements et peintures<\/strong>?- Utilis\u00e9 dans les rev\u00eatements conducteurs, les peintures anti-\u00e9tincelles, les rev\u00eatements optiques.<\/li>\n<li class=\"whitespace-normal\"><strong>Soudage<\/strong>?- Comme mat\u00e9riau d'apport pour l'acier inoxydable, les alliages de nickel et les m\u00e9taux r\u00e9fractaires.<\/li>\n<li class=\"whitespace-normal\"><strong>Industrie chimique<\/strong>Composants tels que les \u00e9changeurs de chaleur, les cuves de r\u00e9acteurs utilisant la stabilit\u00e9 du niobium.<\/li>\n<li class=\"whitespace-normal\"><strong>Feu d'artifice<\/strong>?comme combustible et oxydant dans les pr\u00e9parations pyrotechniques.<\/li>\n<\/ul>\n<h2>Sp\u00e9cifications de la poudre de niobium<\/h2>\n<p class=\"whitespace-pre-wrap\">La poudre de niobium est disponible sous diff\u00e9rentes sp\u00e9cifications :<\/p>\n<ul class=\"list-disc pl-8 space-y-2\">\n<li class=\"whitespace-normal\"><strong>Degr\u00e9 de puret\u00e9<\/strong>?- De la puret\u00e9 commerciale \u00e0 l'ultra haute puret\u00e9 (99,99%) en fonction des impuret\u00e9s.<\/li>\n<li class=\"whitespace-normal\"><strong>Taille des particules<\/strong>?- De 1 micron \u00e0 150 microns pour diverses applications.<\/li>\n<li class=\"whitespace-normal\"><strong>Morphologie<\/strong>?- Formes de poudre irr\u00e9guli\u00e8res, sph\u00e9riques, nodulaires et en flocons.<\/li>\n<li class=\"whitespace-normal\"><strong>Surface<\/strong>?- Des poudres \u00e0 faible surface jusqu'aux poudres \u00e0 surface \u00e9lev\u00e9e.<\/li>\n<li class=\"whitespace-normal\"><strong>Teneur en oxyg\u00e8ne<\/strong>?- Des qualit\u00e9s de poudre fine \u00e0 faible teneur en oxyg\u00e8ne sont \u00e9galement disponibles.<\/li>\n<li class=\"whitespace-normal\"><strong>Grades personnalis\u00e9s<\/strong>Caract\u00e9ristiques et puret\u00e9 des particules sp\u00e9cifiques au client.<\/li>\n<\/ul>\n<h2>Fournisseurs mondiaux de poudre de niobium<\/h2>\n<p class=\"whitespace-pre-wrap\">Parmi les principaux fournisseurs mondiaux de poudre de niobium, on peut citer<\/p>\n<ul class=\"list-disc pl-8 space-y-2\">\n<li class=\"whitespace-normal\">H.C. Starck (Allemagne)<\/li>\n<li class=\"whitespace-normal\">CBMM (Br\u00e9sil)<\/li>\n<li class=\"whitespace-normal\">Niobec (Canada)<\/li>\n<li class=\"whitespace-normal\">ESPI Metals (\u00c9tats-Unis)<\/li>\n<li class=\"whitespace-normal\">Continental Steel &amp; Tube (\u00c9tats-Unis)<\/li>\n<li class=\"whitespace-normal\">ZhuZhou Oriental Powder Metallurgy (Chine)<\/li>\n<\/ul>\n<p class=\"whitespace-pre-wrap\">Ces entreprises produisent diverses qualit\u00e9s de poudre de niobium en utilisant diff\u00e9rentes m\u00e9thodes de production, \u00e0 des niveaux de puret\u00e9 allant du commercial \u00e0 l'\u00e9lev\u00e9.<\/p>\n<h2>Prix de la poudre de niobium<\/h2>\n<p class=\"whitespace-pre-wrap\">Les prix de la poudre de niobium d\u00e9pendent de facteurs tels que<\/p>\n<ul class=\"list-disc pl-8 space-y-2\">\n<li class=\"whitespace-normal\"><strong>Grade de puret\u00e9<\/strong>?- De $50\/kg pour la puret\u00e9 commerciale \u00e0 plus de $500\/kg pour les qualit\u00e9s de tr\u00e8s haute puret\u00e9.<\/li>\n<li class=\"whitespace-normal\"><strong>Granulom\u00e9trie<\/strong>Les poudres nanom\u00e9triques et submicroniques sont plus ch\u00e8res.<\/li>\n<li class=\"whitespace-normal\"><strong>Morphologie<\/strong>?- Les poudres sph\u00e9riques et lisses sont vendues \u00e0 des prix plus \u00e9lev\u00e9s.<\/li>\n<li class=\"whitespace-normal\"><strong>Quantit\u00e9<\/strong>?- Les prix diminuent pour les quantit\u00e9s en vrac en raison des \u00e9conomies d'\u00e9chelle.<\/li>\n<li class=\"whitespace-normal\"><strong>Fabricant<\/strong>?- Les grands fournisseurs mondiaux offrent des prix plus comp\u00e9titifs.<\/li>\n<li class=\"whitespace-normal\"><strong>G\u00e9ographie<\/strong>Les prix varient selon les r\u00e9gions du monde.<\/li>\n<\/ul>\n<h2>Stockage et manipulation de la poudre de niobium<\/h2>\n<p class=\"whitespace-pre-wrap\">La poudre de niobium n\u00e9cessite un stockage et une manipulation contr\u00f4l\u00e9s :<\/p>\n<ul class=\"list-disc pl-8 space-y-2\">\n<li class=\"whitespace-normal\">\u00c9viter l'exposition \u00e0 l'air et \u00e0 l'humidit\u00e9 pour minimiser l'oxydation<\/li>\n<li class=\"whitespace-normal\">\u00c9viter les risques d'inflammation et d'explosion dus aux poudres fines<\/li>\n<li class=\"whitespace-normal\">Utiliser une ventilation et une protection respiratoire appropri\u00e9es lors de la manipulation<\/li>\n<li class=\"whitespace-normal\">Suivre les pr\u00e9cautions de la fiche de donn\u00e9es de s\u00e9curit\u00e9 du fournisseur<\/li>\n<li class=\"whitespace-normal\">Stocker les contenants scell\u00e9s dans un endroit frais et sec, \u00e0 l'\u00e9cart des produits incompatibles.<\/li>\n<\/ul>\n<p class=\"whitespace-pre-wrap\">Des bo\u00eetes \u00e0 gants pour gaz inertes, une mise \u00e0 la terre appropri\u00e9e et des EPI doivent \u00eatre utilis\u00e9s lors de la manipulation de la poudre de niobium.<\/p>\n<h2>Inspection et essais de la poudre de niobium<\/h2>\n<p class=\"whitespace-pre-wrap\">Les inspections et les tests suivants sont g\u00e9n\u00e9ralement effectu\u00e9s sur la poudre de niobium :<\/p>\n<ul class=\"list-disc pl-8 space-y-2\">\n<li class=\"whitespace-normal\"><strong>Analyse chimique<\/strong>Les techniques de plasma \u00e0 couplage inductif ou de fluorescence X sont utilis\u00e9es pour v\u00e9rifier la composition et la puret\u00e9.<\/li>\n<li class=\"whitespace-normal\"><strong>Analyse de la taille des particules<\/strong>?- R\u00e9alis\u00e9 selon la norme ASTM B822 en utilisant la technique de diffraction laser.<\/li>\n<li class=\"whitespace-normal\"><strong>Morphologie<\/strong>Microscopie \u00e9lectronique \u00e0 balayage utilis\u00e9e pour d\u00e9terminer la forme et la surface.<\/li>\n<li class=\"whitespace-normal\"><strong>Surface sp\u00e9cifique<\/strong>M\u00e9thode d'absorption des gaz BET utilis\u00e9e pour mesurer la surface par unit\u00e9 de masse.<\/li>\n<li class=\"whitespace-normal\"><strong>Test d'impuret\u00e9s<\/strong>ICP-MS utilis\u00e9 pour quantifier les niveaux de tantale, d'oxyg\u00e8ne, d'azote et d'autres impuret\u00e9s.<\/li>\n<li class=\"whitespace-normal\"><strong>Flux de poudre<\/strong>?- Test\u00e9 \u00e0 l'aide d'un d\u00e9bitm\u00e8tre de Hall conform\u00e9ment \u00e0 la norme ASTM B213.<\/li>\n<\/ul>\n<h2>Comparaison des poudres de niobium et de tantale<\/h2>\n<p class=\"whitespace-pre-wrap\">Les poudres de niobium et de tantale sont deux poudres de m\u00e9taux r\u00e9fractaires similaires :<\/p>\n<table>\n<thead>\n<tr>\n<th>Param\u00e8tre<\/th>\n<th>Poudre de niobium<\/th>\n<th>Poudre de tantale<\/th>\n<\/tr>\n<\/thead>\n<tbody>\n<tr>\n<td>Densit\u00e9<\/td>\n<td>8,57 g\/cm3<\/td>\n<td>16,6 g\/cm3<\/td>\n<\/tr>\n<tr>\n<td>Point de fusion<\/td>\n<td>2477\u00a1\"C<\/td>\n<td>2996\u00a1\"C<\/td>\n<\/tr>\n<tr>\n<td>R\u00e9sistivit\u00e9 \u00e9lectrique<\/td>\n<td>15 \u00c3\u00d7'\u00ce.cm<\/td>\n<td>13 \u00c3\u00d7'\u00ce.cm<\/td>\n<\/tr>\n<tr>\n<td>R\u00e9sistance \u00e0 la traction<\/td>\n<td>550\u00a0MPa<\/td>\n<td>400 MPa<\/td>\n<\/tr>\n<tr>\n<td>R\u00e9sistance \u00e0 l'oxydation<\/td>\n<td>Mod\u00e9r\u00e9<\/td>\n<td>Meilleur<\/td>\n<\/tr>\n<tr>\n<td>Co\u00fbt<\/td>\n<td>Inf\u00e9rieur<\/td>\n<td>Plus haut<\/td>\n<\/tr>\n<tr>\n<td>APPLICATIONS<\/td>\n<td>Alliages, condensateurs<\/td>\n<td>M\u00e9dical, \u00e9lectronique<\/td>\n<\/tr>\n<\/tbody>\n<\/table>\n<p class=\"whitespace-pre-wrap\">Le tantale a une densit\u00e9 et un point de fusion plus \u00e9lev\u00e9s et une meilleure r\u00e9sistance \u00e0 l'oxydation, mais il est plus cher que le niobium.<\/p>\n<h2>FAQ sur la poudre de niobium<\/h2>\n<p class=\"whitespace-pre-wrap\"><strong>Q : Comment la poudre de niobium est-elle produite ?<\/strong><\/p>\n<p class=\"whitespace-pre-wrap\">R : Les principales m\u00e9thodes de production de la poudre de niobium sont l'hydruration-d\u00e9shydruration, la r\u00e9duction calciothermique, l'\u00e9lectrolyse et la r\u00e9duction au carbone des sources d'oxyde de niobium.<\/p>\n<p class=\"whitespace-pre-wrap\"><strong>Q : \u00c0 quoi sert la poudre de niobium ?<\/strong><\/p>\n<p class=\"whitespace-pre-wrap\">R : Les principales applications de la poudre de niobium sont l'\u00e9lectronique, les alliages m\u00e9talliques, les rev\u00eatements, l'industrie chimique, le soudage, la pyrotechnie et les supraconducteurs.<\/p>\n<p class=\"whitespace-pre-wrap\"><strong>Q : Quelle est la taille typique de la poudre de niobium pour les rev\u00eatements par projection thermique ?<\/strong><\/p>\n<p class=\"whitespace-pre-wrap\">R : Pour les processus de pulv\u00e9risation thermique, la poudre de niobium est g\u00e9n\u00e9ralement utilis\u00e9e dans une gamme de tailles de particules allant de 45 \u00e0 150 microns. Une poudre plus fine peut entra\u00eener des probl\u00e8mes d'oxydation.<\/p>\n<p class=\"whitespace-pre-wrap\"><strong>Q : La poudre de niobium est-elle inflammable ou explosive ?<\/strong><\/p>\n<p class=\"whitespace-pre-wrap\">R : Oui, comme d'autres m\u00e9taux finement divis\u00e9s, la poudre de niobium peut \u00eatre potentiellement inflammable ou explosive. Des pr\u00e9cautions appropri\u00e9es sont n\u00e9cessaires pour une manipulation et un stockage s\u00fbrs.<\/p>\n<p class=\"whitespace-pre-wrap\"><strong>Q : O\u00f9 puis-je acheter de la poudre de niobium de haute puret\u00e9 pour les applications supraconductrices ?<\/strong><\/p>\n<p class=\"whitespace-pre-wrap\">R : La poudre de niobium de tr\u00e8s haute puret\u00e9 (99,99%) adapt\u00e9e aux applications supraconductrices peut \u00eatre achet\u00e9e aupr\u00e8s des principaux fournisseurs, notamment HC Starck, CBMM et ESPI Metals.<\/p>\n<p><\/span><\/span><\/p>","protected":false},"excerpt":{"rendered":"<p>Aper\u00e7u de la poudre de niobium Le niobium est un m\u00e9tal de transition r\u00e9fractaire, blanc et brillant, qui pr\u00e9sente une r\u00e9sistance \u00e0 la chaleur exceptionnelle et un point de fusion tr\u00e8s \u00e9lev\u00e9. Sous forme de poudre, il pr\u00e9sente une excellente stabilit\u00e9 thermique, \u00e9lectrique et chimique. Les principales propri\u00e9t\u00e9s de la poudre de niobium sont les suivantes Haute r\u00e9sistance \u00e0 la chaleur et nature r\u00e9fractaire Excellente r\u00e9sistance \u00e0 la corrosion Supraconducteur en dessous de 9,2 K (-264\u00a1\"C) Stabilit\u00e9 thermique et \u00e9lectrique...<\/p>","protected":false},"featured_media":1742,"parent":0,"template":"","meta":{"_acf_changed":false,"_kad_blocks_custom_css":"","_kad_blocks_head_custom_js":"","_kad_blocks_body_custom_js":"","_kad_blocks_footer_custom_js":"","_kad_post_transparent":"","_kad_post_title":"","_kad_post_layout":"","_kad_post_sidebar_id":"","_kad_post_content_style":"","_kad_post_vertical_padding":"","_kad_post_feature":"","_kad_post_feature_position":"","_kad_post_header":false,"_kad_post_footer":false,"_kad_post_classname":""},"product-category":[119,125],"class_list":["post-3867","product","type-product","status-publish","has-post-thumbnail","hentry","product-category-3d-printing-metal-powder","product-category-refractory-metal-powder"],"acf":[],"taxonomy_info":{"product-category":[{"value":119,"label":"3D Printing Metal Powder"},{"value":125,"label":"Refractory Metal Powder"}]},"featured_image_src_large":["https:\/\/3dpmetal.com\/wp-content\/uploads\/2024\/02\/Niobium-Powder.jpg",600,600,false],"author_info":[],"comment_info":"","_links":{"self":[{"href":"https:\/\/3dpmetal.com\/fr\/wp-json\/wp\/v2\/product\/3867","targetHints":{"allow":["GET"]}}],"collection":[{"href":"https:\/\/3dpmetal.com\/fr\/wp-json\/wp\/v2\/product"}],"about":[{"href":"https:\/\/3dpmetal.com\/fr\/wp-json\/wp\/v2\/types\/product"}],"wp:featuredmedia":[{"embeddable":true,"href":"https:\/\/3dpmetal.com\/fr\/wp-json\/wp\/v2\/media\/1742"}],"wp:attachment":[{"href":"https:\/\/3dpmetal.com\/fr\/wp-json\/wp\/v2\/media?parent=3867"}],"wp:term":[{"taxonomy":"product-category","embeddable":true,"href":"https:\/\/3dpmetal.com\/fr\/wp-json\/wp\/v2\/product-category?post=3867"}],"curies":[{"name":"wp","href":"https:\/\/api.w.org\/{rel}","templated":true}]}}