{"id":3868,"date":"2024-03-18T06:10:08","date_gmt":"2024-03-18T06:10:08","guid":{"rendered":"https:\/\/3dp.45612300.xyz\/product\/molybdenum-powder\/"},"modified":"2024-03-18T06:10:08","modified_gmt":"2024-03-18T06:10:08","slug":"molybdenum-powder","status":"publish","type":"product","link":"https:\/\/3dpmetal.com\/fr\/product\/molybdenum-powder\/","title":{"rendered":"Poudre de molybd\u00e8ne"},"content":{"rendered":"<p><span style=\"vertical-align: inherit;\"><span style=\"vertical-align: inherit;\"><\/p>\n<h2>Aper\u00e7u de la poudre de molybd\u00e8ne<\/h2>\n<p class=\"whitespace-pre-wrap\">Le molybd\u00e8ne est un m\u00e9tal de transition r\u00e9fractaire blanc argent\u00e9 qui pr\u00e9sente un point de fusion tr\u00e8s \u00e9lev\u00e9, une excellente r\u00e9sistance \u00e0 la corrosion et une bonne conductivit\u00e9 thermique\/\u00e9lectrique. Sous forme de poudre, il pr\u00e9sente une r\u00e9sistance \u00e9lev\u00e9e \u00e0 des temp\u00e9ratures \u00e9lev\u00e9es ainsi qu'une stabilit\u00e9 dans des environnements difficiles.<\/p>\n<p class=\"whitespace-pre-wrap\">Les principales propri\u00e9t\u00e9s de la poudre de molybd\u00e8ne sont les suivantes :<\/p>\n<ul class=\"list-disc pl-8 space-y-2\">\n<li class=\"whitespace-normal\">R\u00e9sistance \u00e0 haute temp\u00e9rature et r\u00e9sistance au fluage<\/li>\n<li class=\"whitespace-normal\">Excellente r\u00e9sistance \u00e0 la corrosion<\/li>\n<li class=\"whitespace-normal\">Bonne conductivit\u00e9 thermique et \u00e9lectrique<\/li>\n<li class=\"whitespace-normal\">Faible coefficient de dilatation thermique<\/li>\n<li class=\"whitespace-normal\">Duret\u00e9 \u00e9lev\u00e9e et r\u00e9sistance \u00e0 l'usure<\/li>\n<li class=\"whitespace-normal\">Bon pouvoir lubrifiant dans les atmosph\u00e8res sulfureuses<\/li>\n<li class=\"whitespace-normal\">Disponible en diff\u00e9rentes distributions de taille de particules<\/li>\n<\/ul>\n<p class=\"whitespace-pre-wrap\">La poudre de molybd\u00e8ne est utilis\u00e9e lorsque sa r\u00e9sistance \u00e0 la chaleur et \u00e0 la corrosion, sa conductivit\u00e9 et son pouvoir lubrifiant peuvent \u00eatre mis \u00e0 profit. Les principales applications sont les alliages, l'\u00e9lectronique, les rev\u00eatements, le soudage et la fabrication de m\u00e9taux sp\u00e9ciaux.<\/p>\n<h2>Composition de la poudre de molybd\u00e8ne<\/h2>\n<p class=\"whitespace-pre-wrap\">La poudre de molybd\u00e8ne a la composition typique suivante :<\/p>\n<table>\n<thead>\n<tr>\n<th>\u00e9l\u00e9ment<\/th>\n<th>Puret\u00e9<\/th>\n<\/tr>\n<\/thead>\n<tbody>\n<tr>\n<td>Molybd\u00e8ne (Mo)<\/td>\n<td>99 % minimum<\/td>\n<\/tr>\n<tr>\n<td>Oxyg\u00e8ne (O)<\/td>\n<td>0.01-0.5%<\/td>\n<\/tr>\n<tr>\n<td>Carbone (C)<\/td>\n<td>0.01-0.1%<\/td>\n<\/tr>\n<tr>\n<td>Le fer (Fe)<\/td>\n<td>0.2-2%<\/td>\n<\/tr>\n<tr>\n<td>Cuivre (Cu)<\/td>\n<td>0.1-0.5%<\/td>\n<\/tr>\n<tr>\n<td>Silicium (Si)<\/td>\n<td>0.05-1%<\/td>\n<\/tr>\n<tr>\n<td>Tungst\u00e8ne (W)<\/td>\n<td>0.1-1%<\/td>\n<\/tr>\n<tr>\n<td>Soufre (S)<\/td>\n<td>0.01-0.1%<\/td>\n<\/tr>\n<\/tbody>\n<\/table>\n<p class=\"whitespace-pre-wrap\">Les qualit\u00e9s de haute puret\u00e9 contiennent plus de 99% de molybd\u00e8ne avec de faibles niveaux d'impuret\u00e9s. Les poudres commerciales ont des taux d'impuret\u00e9s plus \u00e9lev\u00e9s.<\/p>\n<p><img loading=\"lazy\" decoding=\"async\" class=\"alignnone size-full wp-image-1396\" src=\"https:\/\/met3dp.com\/wp-content\/uploads\/2023\/09\/TA7.jpg\" alt=\"Poudre de molybd\u00e8ne\" width=\"216\" height=\"216\" title=\"\"><\/p>\n<h2>Propri\u00e9t\u00e9s de la poudre de molybd\u00e8ne<\/h2>\n<p class=\"whitespace-pre-wrap\">La poudre de molybd\u00e8ne pr\u00e9sente les propri\u00e9t\u00e9s suivantes :<\/p>\n<table>\n<thead>\n<tr>\n<th>Propri\u00e9t\u00e9 immobili\u00e8re<\/th>\n<th>Valeur<\/th>\n<\/tr>\n<\/thead>\n<tbody>\n<tr>\n<td>Densit\u00e9<\/td>\n<td>10,22 g\/cm3<\/td>\n<\/tr>\n<tr>\n<td>Point de fusion<\/td>\n<td>2623\u00a1\"C<\/td>\n<\/tr>\n<tr>\n<td>Conductivit\u00e9 thermique<\/td>\n<td>138 W\/m?K<\/td>\n<\/tr>\n<tr>\n<td>R\u00e9sistivit\u00e9 \u00e9lectrique<\/td>\n<td>5,5 \u00c3\u00d7'\u00ce?cm<\/td>\n<\/tr>\n<tr>\n<td>Module de Young<\/td>\n<td>324 GPa<\/td>\n<\/tr>\n<tr>\n<td>Coefficient de Poisson<\/td>\n<td>0.31<\/td>\n<\/tr>\n<tr>\n<td>R\u00e9sistance \u00e0 la traction<\/td>\n<td>350 MPa<\/td>\n<\/tr>\n<tr>\n<td>Limite d'\u00e9lasticit\u00e9<\/td>\n<td>220 MPa<\/td>\n<\/tr>\n<tr>\n<td>Allongement<\/td>\n<td>20%<\/td>\n<\/tr>\n<tr>\n<td>Duret\u00e9 Vickers<\/td>\n<td>200 HV<\/td>\n<\/tr>\n<\/tbody>\n<\/table>\n<p class=\"whitespace-pre-wrap\">Le molybd\u00e8ne pr\u00e9sente un point de fusion tr\u00e8s \u00e9lev\u00e9, une r\u00e9sistance \u00e0 des temp\u00e9ratures \u00e9lev\u00e9es, une bonne conductivit\u00e9 thermique\/\u00e9lectrique et une faible dilatation thermique.<\/p>\n<h2>M\u00e9thodes de production de la poudre de molybd\u00e8ne<\/h2>\n<p class=\"whitespace-pre-wrap\">La poudre de molybd\u00e8ne peut \u00eatre produite par des m\u00e9thodes telles que :<\/p>\n<ul class=\"list-disc pl-8 space-y-2\">\n<li class=\"whitespace-normal\"><strong>R\u00e9duction de l'hydrog\u00e8ne<\/strong>?- Trioxyde de molybd\u00e8ne r\u00e9duit avec de l'hydrog\u00e8ne pour produire de la poudre de molybd\u00e8ne.<\/li>\n<li class=\"whitespace-normal\"><strong>D\u00e9composition thermique<\/strong>Chauffage de compos\u00e9s de molybd\u00e8ne tels que le molybdate d'ammonium pour former de l'oxyde de molybd\u00e8ne, suivi d'une r\u00e9duction par l'hydrog\u00e8ne.<\/li>\n<li class=\"whitespace-normal\"><strong>Production \u00e9lectrolytique<\/strong>?- L'extraction \u00e9lectrolytique aqueuse \u00e0 partir de solutions acides de molybdate produit un d\u00e9p\u00f4t de poudre de molybd\u00e8ne.<\/li>\n<li class=\"whitespace-normal\"><strong>R\u00e9duction calciothermique<\/strong>?- R\u00e9duction du trioxyde de molybd\u00e8ne \u00e0 l'aide de calcium.<\/li>\n<\/ul>\n<p class=\"whitespace-pre-wrap\">La r\u00e9duction de l'hydrog\u00e8ne est une m\u00e9thode industrielle courante. La morphologie, la taille et la puret\u00e9 de la poudre peuvent \u00eatre contr\u00f4l\u00e9es.<\/p>\n<h2>Applications de la poudre de molybd\u00e8ne<\/h2>\n<p class=\"whitespace-pre-wrap\">Les principales applications de la poudre de molybd\u00e8ne sont les suivantes :<\/p>\n<ul class=\"list-disc pl-8 space-y-2\">\n<li class=\"whitespace-normal\"><strong>Addition d'alliage<\/strong>?- Ajout\u00e9 aux aciers inoxydables, aux alliages de nickel et aux aciers \u00e0 outils pour en am\u00e9liorer les propri\u00e9t\u00e9s.<\/li>\n<li class=\"whitespace-normal\"><strong>Rev\u00eatements m\u00e9talliques et pulv\u00e9risation<\/strong>?- Les rev\u00eatements par projection thermique et les proc\u00e9d\u00e9s de placage utilisent le molybd\u00e8ne pour la r\u00e9sistance \u00e0 l'usure et \u00e0 la corrosion.<\/li>\n<li class=\"whitespace-normal\"><strong>\u00c9lectronique et contacts<\/strong>?- Utilis\u00e9 dans les circuits, les tubes \u00e0 vide, les tubes cathodiques et les contacts \u00e9lectriques.<\/li>\n<li class=\"whitespace-normal\"><strong>Soudage<\/strong>?- Comme mat\u00e9riau d'apport pour le soudage des m\u00e9taux inoxydables, des m\u00e9taux \u00e0 haute teneur en nickel et des m\u00e9taux r\u00e9fractaires.<\/li>\n<li class=\"whitespace-normal\"><strong>Lubrifiants<\/strong>?- Ajout\u00e9 aux graisses et aux huiles pour assurer la lubrification dans les environnements sulfur\u00e9s \u00e0 haute temp\u00e9rature.<\/li>\n<li class=\"whitespace-normal\"><strong>Feu d'artifice<\/strong>?- Combin\u00e9 \u00e0 d'autres poudres pour des compositions pyrotechniques \u00e0 retardement n\u00e9cessitant des taux de combustion contr\u00f4l\u00e9s.<\/li>\n<\/ul>\n<h2>Sp\u00e9cifications de la poudre de molybd\u00e8ne<\/h2>\n<p class=\"whitespace-pre-wrap\">La poudre de molybd\u00e8ne est disponible sous diff\u00e9rentes sp\u00e9cifications :<\/p>\n<ul class=\"list-disc pl-8 space-y-2\">\n<li class=\"whitespace-normal\"><strong>Degr\u00e9 de puret\u00e9<\/strong>?- De la puret\u00e9 commerciale \u00e0 la puret\u00e9 ultra \u00e9lev\u00e9e de 99,999%.<\/li>\n<li class=\"whitespace-normal\"><strong>Taille des particules<\/strong>?- allant de 1 micron \u00e0 150 microns pour diff\u00e9rentes applications.<\/li>\n<li class=\"whitespace-normal\"><strong>Morphologie<\/strong>?- Des formes de poudre irr\u00e9guli\u00e8res, sph\u00e9riques et nodulaires sont disponibles.<\/li>\n<li class=\"whitespace-normal\"><strong>Surface<\/strong>?- Poudres de surface faible \u00e0 \u00e9lev\u00e9e.<\/li>\n<li class=\"whitespace-normal\"><strong>Teneur en oxyg\u00e8ne<\/strong>?- Poudres de haute puret\u00e9 et \u00e0 faible teneur en oxyg\u00e8ne pour des applications sp\u00e9ciales.<\/li>\n<\/ul>\n<h2>Fournisseurs mondiaux de poudre de molybd\u00e8ne<\/h2>\n<p class=\"whitespace-pre-wrap\">Parmi les principaux fournisseurs mondiaux de poudre de molybd\u00e8ne, on peut citer<\/p>\n<ul class=\"list-disc pl-8 space-y-2\">\n<li class=\"whitespace-normal\">H.C. Starck (Allemagne)<\/li>\n<li class=\"whitespace-normal\">Molymet (USA)<\/li>\n<li class=\"whitespace-normal\">JDC Molybdenum (Chine)<\/li>\n<li class=\"whitespace-normal\">Exploiter Molybdenum (Chine)<\/li>\n<li class=\"whitespace-normal\">Plansee (Autriche)<\/li>\n<li class=\"whitespace-normal\">Midwest Tungsten (\u00c9tats-Unis)<\/li>\n<\/ul>\n<p class=\"whitespace-pre-wrap\">Ces entreprises produisent des poudres de molybd\u00e8ne selon diverses m\u00e9thodes, \u00e0 des niveaux de puret\u00e9 allant du commercial \u00e0 l'ultra-haut.<\/p>\n<h2>Prix de la poudre de molybd\u00e8ne<\/h2>\n<p class=\"whitespace-pre-wrap\">Les prix de la poudre de molybd\u00e8ne d\u00e9pendent de facteurs tels que<\/p>\n<ul class=\"list-disc pl-8 space-y-2\">\n<li class=\"whitespace-normal\"><strong>Grade de puret\u00e9<\/strong>?- De $5\/kg pour la puret\u00e9 commerciale \u00e0 plus de $500\/kg pour les qualit\u00e9s de tr\u00e8s haute puret\u00e9.<\/li>\n<li class=\"whitespace-normal\"><strong>Granulom\u00e9trie<\/strong>Les poudres nanom\u00e9triques et submicroniques sont plus ch\u00e8res.<\/li>\n<li class=\"whitespace-normal\"><strong>Morphologie<\/strong>Les poudres sph\u00e9riques sont plus pris\u00e9es que les poudres irr\u00e9guli\u00e8res.<\/li>\n<li class=\"whitespace-normal\"><strong>Quantit\u00e9<\/strong>?- Les prix diminuent pour les quantit\u00e9s en vrac en raison des \u00e9conomies d'\u00e9chelle.<\/li>\n<li class=\"whitespace-normal\"><strong>Fabricant<\/strong>?- Les principaux fournisseurs mondiaux proposent des prix comp\u00e9titifs.<\/li>\n<li class=\"whitespace-normal\"><strong>G\u00e9ographie<\/strong>Les prix varient selon les r\u00e9gions du monde.<\/li>\n<\/ul>\n<h2>Stockage et manipulation de la poudre de molybd\u00e8ne<\/h2>\n<p class=\"whitespace-pre-wrap\">La poudre de molybd\u00e8ne n\u00e9cessite un stockage et une manipulation contr\u00f4l\u00e9s :<\/p>\n<ul class=\"list-disc pl-8 space-y-2\">\n<li class=\"whitespace-normal\">\u00c9viter l'exposition \u00e0 l'air et \u00e0 l'humidit\u00e9 pour minimiser l'oxydation.<\/li>\n<li class=\"whitespace-normal\">\u00c9viter l'accumulation de poussi\u00e8res et les risques d'inflammation li\u00e9s aux poudres fines.<\/li>\n<li class=\"whitespace-normal\">Utiliser une ventilation et une protection respiratoire appropri\u00e9es lors de la manipulation.<\/li>\n<li class=\"whitespace-normal\">Suivre les pr\u00e9cautions de la fiche de donn\u00e9es de s\u00e9curit\u00e9 du fournisseur.<\/li>\n<li class=\"whitespace-normal\">Stocker les r\u00e9cipients scell\u00e9s dans un endroit frais et sec, \u00e0 l'\u00e9cart des produits incompatibles.<\/li>\n<\/ul>\n<p class=\"whitespace-pre-wrap\">Lors de la manipulation de la poudre de molybd\u00e8ne, il convient d'utiliser une mise \u00e0 la terre appropri\u00e9e, une couverture de gaz inerte et des EPI.<\/p>\n<h2>Inspection et essais de la poudre de molybd\u00e8ne<\/h2>\n<p class=\"whitespace-pre-wrap\">Inspections et tests typiques effectu\u00e9s sur la poudre de molybd\u00e8ne :<\/p>\n<ul class=\"list-disc pl-8 space-y-2\">\n<li class=\"whitespace-normal\"><strong>Analyse chimique<\/strong>Techniques ICP et XRF utilis\u00e9es pour v\u00e9rifier que la composition est conforme aux sp\u00e9cifications.<\/li>\n<li class=\"whitespace-normal\"><strong>Granulom\u00e9trie<\/strong>Analyse par diffraction laser selon la norme ASTM B822.<\/li>\n<li class=\"whitespace-normal\"><strong>Morphologie<\/strong>L'imagerie MEB permet de d\u00e9terminer la forme et la surface des particules.<\/li>\n<li class=\"whitespace-normal\"><strong>Surface sp\u00e9cifique<\/strong>M\u00e9thode d'absorption des gaz BET utilis\u00e9e.<\/li>\n<li class=\"whitespace-normal\"><strong>Test d'impuret\u00e9<\/strong>?- ICP-MS utilis\u00e9 pour quantifier les niveaux d'oxyg\u00e8ne, de fer, de cuivre, de tungst\u00e8ne et d'autres impuret\u00e9s.<\/li>\n<li class=\"whitespace-normal\"><strong>Flux de poudre<\/strong>?- Test\u00e9 selon la norme ASTM B213 \u00e0 l'aide d'un d\u00e9bitm\u00e8tre \u00e0 effet Hall.<\/li>\n<\/ul>\n<h2>Comparaison des poudres de molybd\u00e8ne et de tungst\u00e8ne<\/h2>\n<p class=\"whitespace-pre-wrap\">Les poudres de molybd\u00e8ne et de tungst\u00e8ne sont deux poudres de m\u00e9taux r\u00e9fractaires compar\u00e9es :<\/p>\n<table>\n<thead>\n<tr>\n<th>Param\u00e8tre<\/th>\n<th>Molybd\u00e8ne, molybd\u00e8ne<\/th>\n<th>Tungst\u00e8ne<\/th>\n<\/tr>\n<\/thead>\n<tbody>\n<tr>\n<td>Densit\u00e9<\/td>\n<td>10,22 g\/cm3<\/td>\n<td>19,3 g\/cm3<\/td>\n<\/tr>\n<tr>\n<td>Point de fusion<\/td>\n<td>2623\u00a1\"C<\/td>\n<td>3422\u00a1\"C<\/td>\n<\/tr>\n<tr>\n<td>R\u00e9sistance \u00e0 la traction<\/td>\n<td>350 MPa<\/td>\n<td>350 MPa<\/td>\n<\/tr>\n<tr>\n<td>Conductivit\u00e9 thermique<\/td>\n<td>138 W\/mK<\/td>\n<td>163 W\/mK<\/td>\n<\/tr>\n<tr>\n<td>R\u00e9sistivit\u00e9 \u00e9lectrique<\/td>\n<td>5,5 \u00c3\u00d7'\u00ce.cm<\/td>\n<td>5,5 \u00c3\u00d7'\u00ce.cm<\/td>\n<\/tr>\n<tr>\n<td>Co\u00fbt<\/td>\n<td>Inf\u00e9rieur<\/td>\n<td>Plus haut<\/td>\n<\/tr>\n<tr>\n<td>Toxicit\u00e9<\/td>\n<td>Inf\u00e9rieur<\/td>\n<td>Plus haut<\/td>\n<\/tr>\n<\/tbody>\n<\/table>\n<p class=\"whitespace-pre-wrap\">Le molybd\u00e8ne a une densit\u00e9, un point de fusion et un co\u00fbt inf\u00e9rieurs, mais il offre une r\u00e9sistance et une conductivit\u00e9 aussi \u00e9lev\u00e9es que le tungst\u00e8ne.<\/p>\n<h2>FAQ sur la poudre de molybd\u00e8ne<\/h2>\n<p class=\"whitespace-pre-wrap\"><strong>Q : Comment la poudre de molybd\u00e8ne est-elle produite ?<\/strong><\/p>\n<p class=\"whitespace-pre-wrap\">R : Les m\u00e9thodes industrielles courantes de production de la poudre de molybd\u00e8ne comprennent la r\u00e9duction par l'hydrog\u00e8ne du trioxyde de molybd\u00e8ne et la d\u00e9composition thermique des molybdates suivie d'une r\u00e9duction.<\/p>\n<p class=\"whitespace-pre-wrap\"><strong>Q : \u00c0 quoi sert la poudre de molybd\u00e8ne ?<\/strong><\/p>\n<p class=\"whitespace-pre-wrap\">R : Les principales applications de la poudre de molybd\u00e8ne sont les alliages, les rev\u00eatements par projection thermique, l'\u00e9lectronique, le soudage, les lubrifiants, la pyrotechnie et le m\u00e9tal pur.<\/p>\n<p class=\"whitespace-pre-wrap\"><strong>Q : Quelle est la taille de la poudre utilis\u00e9e pour les rev\u00eatements par projection thermique ?<\/strong><\/p>\n<p class=\"whitespace-pre-wrap\">R : Pour la plupart des proc\u00e9d\u00e9s de pulv\u00e9risation thermique, la poudre de molybd\u00e8ne est g\u00e9n\u00e9ralement utilis\u00e9e dans une gamme de tailles allant de 45 \u00e0 150 microns. Une poudre plus fine peut \u00eatre difficile \u00e0 faire fondre compl\u00e8tement.<\/p>\n<p class=\"whitespace-pre-wrap\"><strong>Q : La poudre de molybd\u00e8ne est-elle inflammable ou explosive ?<\/strong><\/p>\n<p class=\"whitespace-pre-wrap\">R : Oui, comme d'autres m\u00e9taux finement divis\u00e9s, la poudre de molybd\u00e8ne peut \u00eatre potentiellement inflammable ou explosive. Des pr\u00e9cautions appropri\u00e9es sont n\u00e9cessaires pour une manipulation et un stockage s\u00fbrs.<\/p>\n<p class=\"whitespace-pre-wrap\"><strong>Q : O\u00f9 puis-je acheter de la poudre de molybd\u00e8ne de haute puret\u00e9 ?<\/strong><\/p>\n<p class=\"whitespace-pre-wrap\">R : La poudre de molybd\u00e8ne de tr\u00e8s haute puret\u00e9 (99,999%) peut \u00eatre achet\u00e9e aupr\u00e8s des principaux fournisseurs, notamment H.C. Starck, Molymet, Plansee et JDC Molybdenum.<\/p>\n<p><\/span><\/span><\/p>","protected":false},"excerpt":{"rendered":"<p>Aper\u00e7u de la poudre de molybd\u00e8ne Le molybd\u00e8ne est un m\u00e9tal de transition r\u00e9fractaire blanc argent\u00e9 qui pr\u00e9sente un point de fusion tr\u00e8s \u00e9lev\u00e9, une excellente r\u00e9sistance \u00e0 la corrosion et une bonne conductivit\u00e9 thermique\/\u00e9lectrique. Sous forme de poudre, il pr\u00e9sente une r\u00e9sistance \u00e9lev\u00e9e \u00e0 des temp\u00e9ratures \u00e9lev\u00e9es ainsi qu'une stabilit\u00e9 dans des environnements difficiles. Les principales propri\u00e9t\u00e9s de la poudre de molybd\u00e8ne sont les suivantes R\u00e9sistance \u00e0 haute temp\u00e9rature et r\u00e9sistance au fluage Excellente r\u00e9sistance \u00e0 la corrosion Bonne...<\/p>","protected":false},"featured_media":1744,"parent":0,"template":"","meta":{"_acf_changed":false,"_kad_blocks_custom_css":"","_kad_blocks_head_custom_js":"","_kad_blocks_body_custom_js":"","_kad_blocks_footer_custom_js":"","_kad_post_transparent":"","_kad_post_title":"","_kad_post_layout":"","_kad_post_sidebar_id":"","_kad_post_content_style":"","_kad_post_vertical_padding":"","_kad_post_feature":"","_kad_post_feature_position":"","_kad_post_header":false,"_kad_post_footer":false,"_kad_post_classname":""},"product-category":[119,125],"class_list":["post-3868","product","type-product","status-publish","has-post-thumbnail","hentry","product-category-3d-printing-metal-powder","product-category-refractory-metal-powder"],"acf":[],"taxonomy_info":{"product-category":[{"value":119,"label":"3D Printing Metal Powder"},{"value":125,"label":"Refractory Metal Powder"}]},"featured_image_src_large":["https:\/\/3dpmetal.com\/wp-content\/uploads\/2024\/02\/Molybdenum-Powder.jpg",600,600,false],"author_info":[],"comment_info":"","_links":{"self":[{"href":"https:\/\/3dpmetal.com\/fr\/wp-json\/wp\/v2\/product\/3868","targetHints":{"allow":["GET"]}}],"collection":[{"href":"https:\/\/3dpmetal.com\/fr\/wp-json\/wp\/v2\/product"}],"about":[{"href":"https:\/\/3dpmetal.com\/fr\/wp-json\/wp\/v2\/types\/product"}],"wp:featuredmedia":[{"embeddable":true,"href":"https:\/\/3dpmetal.com\/fr\/wp-json\/wp\/v2\/media\/1744"}],"wp:attachment":[{"href":"https:\/\/3dpmetal.com\/fr\/wp-json\/wp\/v2\/media?parent=3868"}],"wp:term":[{"taxonomy":"product-category","embeddable":true,"href":"https:\/\/3dpmetal.com\/fr\/wp-json\/wp\/v2\/product-category?post=3868"}],"curies":[{"name":"wp","href":"https:\/\/api.w.org\/{rel}","templated":true}]}}