{"id":3869,"date":"2024-03-18T06:10:08","date_gmt":"2024-03-18T06:10:08","guid":{"rendered":"https:\/\/3dp.45612300.xyz\/product\/tungsten-powder\/"},"modified":"2024-03-18T06:10:08","modified_gmt":"2024-03-18T06:10:08","slug":"tungsten-powder","status":"publish","type":"product","link":"https:\/\/3dpmetal.com\/fr\/product\/tungsten-powder\/","title":{"rendered":"Poudre de tungst\u00e8ne"},"content":{"rendered":"<p><span style=\"vertical-align: inherit;\"><span style=\"vertical-align: inherit;\">Les poudres de tungst\u00e8ne sont utilis\u00e9es comme consommables dans des secteurs tels que l'impression 3D de tungst\u00e8ne et d'alliages de tungst\u00e8ne, les mat\u00e9riaux poreux et le rev\u00eatement en poudre tr\u00e8s dense. Avec le d\u00e9veloppement rapide de la technologie d'impression 3D, des mat\u00e9riaux poreux, des rev\u00eatements en poudre tr\u00e8s denses et du moulage par injection, la demande de poudres de tungst\u00e8ne sph\u00e9riques de haute qualit\u00e9 augmente. La poudre de tungst\u00e8ne sph\u00e9rique de haute qualit\u00e9 n'est pas seulement caract\u00e9ris\u00e9e par une bonne fluidit\u00e9, une bonne sph\u00e9ricit\u00e9, une densit\u00e9 apparente et une densit\u00e9 vibratoire \u00e9lev\u00e9es, ainsi qu'une faible teneur en oxyg\u00e8ne.<\/p>\n<p><strong>Propri\u00e9t\u00e9s du produit<\/strong><\/p>\n<ol>\n<li>Aspect : Poudre grise<\/li>\n<li>Taille : 15-40um<\/li>\n<li>Remarque : d'autres poudres d'impression 3D sont disponibles sur demande.<\/li>\n<\/ol>\n<div>\n<table>\n<tbody>\n<tr>\n<td data-sheets-value=\"{&quot;1&quot;:2,&quot;2&quot;:&quot;No&quot;}\">Non<\/td>\n<td data-sheets-value=\"{&quot;1&quot;:2,&quot;2&quot;:&quot;Name&quot;}\">Nom<\/td>\n<td data-sheets-value=\"{&quot;1&quot;:2,&quot;2&quot;:&quot;Chemical Composition(wt%)&quot;}\">Composition chimique (wt%)<\/td>\n<\/tr>\n<tr>\n<td data-sheets-value=\"{&quot;1&quot;:3,&quot;3&quot;:1}\">1<\/td>\n<td data-sheets-value=\"{&quot;1&quot;:2,&quot;2&quot;:&quot;18Ni300&quot;}\">18Ni300<\/td>\n<td data-sheets-value=\"{&quot;1&quot;:2,&quot;2&quot;:&quot;Ni17-19\u00a8\u00dbMo4.5-5.2\u00a8\u00dbCo8.5-9.5\u00a8\u00dbTi0.6-0.8\u00a8\u00dbAl0.05-0.15\u00a8\u00dbFe(Bal.)&quot;}\">Ni17-19, Mo4.5-5.2, Co8.5-9.5, Ti0.6-0.8, Al0.05-0.15\u00a8\u00dbFe(Bal.)<\/td>\n<\/tr>\n<tr>\n<td data-sheets-value=\"{&quot;1&quot;:3,&quot;3&quot;:2}\">2<\/td>\n<td data-sheets-value=\"{&quot;1&quot;:2,&quot;2&quot;:&quot;Hastelloy Alloy&quot;}\">Alliage Hastelloy<\/td>\n<td data-sheets-value=\"{&quot;1&quot;:2,&quot;2&quot;:&quot;Fe17-20\u00a8\u00dbCr20.5-23\u00a8\u00dbMo8-10\u00a8\u00dbW0.2-1\u00a8\u00dbCo0.5-2.5\u00a8\u00dbC0.05-0.15\u00a8\u00dbNi(Bal.)&quot;}\">Fe17-20, Cr20.5-23, Mo8-10, W0.2-1, Co0.5-2.5, C0.05-0.15, Ni (Bal.)<\/td>\n<\/tr>\n<tr>\n<td data-sheets-value=\"{&quot;1&quot;:3,&quot;3&quot;:3}\">3<\/td>\n<td data-sheets-value=\"{&quot;1&quot;:2,&quot;2&quot;:&quot;AlSi10Mg&quot;}\">AlSi10Mg<\/td>\n<td data-sheets-value=\"{&quot;1&quot;:2,&quot;2&quot;:&quot;Si9-11\u00a8\u00dbMg0.2-0.45\u00a8\u00dbAl(Bal.)&quot;}\">Si9-11\u00a8\u00dbMg0.2-0.45\u00a8\u00dbAl(Bal.)<\/td>\n<\/tr>\n<tr>\n<td data-sheets-value=\"{&quot;1&quot;:3,&quot;3&quot;:4}\">4<\/td>\n<td data-sheets-value=\"{&quot;1&quot;:2,&quot;2&quot;:&quot;CoCrW&quot;}\">CoCrW<\/td>\n<td data-sheets-value=\"{&quot;1&quot;:2,&quot;2&quot;:&quot;Cr26.5-29\u00a8\u00dbW7-9\u00a8\u00dbSi1.2-1.9\u00a8\u00dbCo(Bal.)&quot;}\">Cr26.5-29, W7-9, Si1.2-1.9, Co (Bal.)<\/td>\n<\/tr>\n<tr>\n<td data-sheets-value=\"{&quot;1&quot;:3,&quot;3&quot;:5}\">5<\/td>\n<td data-sheets-value=\"{&quot;1&quot;:2,&quot;2&quot;:&quot;Co28Cr6Mo&quot;}\">Co28Cr6Mo<\/td>\n<td data-sheets-value=\"{&quot;1&quot;:2,&quot;2&quot;:&quot;Cr27-29\u00a8\u00dbMo5-7\u00a8\u00dbCo(Bal.)&quot;}\">Cr27-29, Mo5-7, Co (Bal.)<\/td>\n<\/tr>\n<tr>\n<td data-sheets-value=\"{&quot;1&quot;:3,&quot;3&quot;:6}\">6<\/td>\n<td data-sheets-value=\"{&quot;1&quot;:2,&quot;2&quot;:&quot;Spherical Ti Powder&quot;}\">Poudre de Ti sph\u00e9rique<\/td>\n<td data-sheets-value=\"{&quot;1&quot;:2,&quot;2&quot;:&quot;Ti\u00a1\u00d499.9&quot;}\">Ti\u00a1\u00d499.9<\/td>\n<\/tr>\n<tr>\n<td data-sheets-value=\"{&quot;1&quot;:3,&quot;3&quot;:7}\">7<\/td>\n<td data-sheets-value=\"{&quot;1&quot;:2,&quot;2&quot;:&quot;TC4&quot;}\">CT4<\/td>\n<td data-sheets-value=\"{&quot;1&quot;:2,&quot;2&quot;:&quot;Al5.5-6.8\u00a8\u00dbV3.5-4.5\u00a8\u00dbTi(Bal.)&quot;}\">Al5.5-6.8, V3.5-4.5, Ti ? (Bal.)<\/td>\n<\/tr>\n<tr>\n<td data-sheets-value=\"{&quot;1&quot;:3,&quot;3&quot;:8}\">8<\/td>\n<td data-sheets-value=\"{&quot;1&quot;:2,&quot;2&quot;:&quot;TA15&quot;}\">TA15<\/td>\n<td data-sheets-value=\"{&quot;1&quot;:2,&quot;2&quot;:&quot;Al5.5-7.1\u00a8\u00dbV0.8-2.5\u00a8\u00dbMo0.8-2\u00a8\u00dbZr1.5-2.5\u00a8\u00dbAl(Bal.)&quot;}\">Al5.5-7.1, V0.8-2.5, Mo0.8-2\u00a8\u00dbZr1.5-2.5, Al (Bal.)<\/td>\n<\/tr>\n<tr>\n<td data-sheets-value=\"{&quot;1&quot;:3,&quot;3&quot;:9}\">9<\/td>\n<td data-sheets-value=\"{&quot;1&quot;:2,&quot;2&quot;:&quot;316L&quot;}\">316L<\/td>\n<td data-sheets-value=\"{&quot;1&quot;:2,&quot;2&quot;:&quot;Cr16.00-18.00\u00a8\u00db Ni10.00-14.00\u00a8\u00dbMo2.00-3.00\u00a8\u00dbFe(Bal.)&quot;}\">Cr16.00-18.00, Ni10.00-14.00, Mo2.00-3.00, Fe (Bal.)<\/td>\n<\/tr>\n<tr>\n<td data-sheets-value=\"{&quot;1&quot;:3,&quot;3&quot;:10}\">10<\/td>\n<td data-sheets-value=\"{&quot;1&quot;:2,&quot;2&quot;:&quot;S136&quot;}\">S136<\/td>\n<td data-sheets-value=\"{&quot;1&quot;:2,&quot;2&quot;:&quot;Cr12.0-14.0\u00a8\u00dbSi0.8-1.0\u00a8\u00dbV0.15-0.4\u00a8\u00dbC0.2-0.45\u00a8\u00dbFe(Bal.)&quot;}\">Cr12.0-14.0, Si0.8-1.0, V0.15-0.4, C0.2-0.45, Fe (Bal.)<\/td>\n<\/tr>\n<tr>\n<td data-sheets-value=\"{&quot;1&quot;:3,&quot;3&quot;:11}\">11<\/td>\n<td data-sheets-value=\"{&quot;1&quot;:2,&quot;2&quot;:&quot;In625&quot;}\">En625<\/td>\n<td data-sheets-value=\"{&quot;1&quot;:2,&quot;2&quot;:&quot;Cr20-23 , Mo8-10 , Nb 3.15-4.15 , Co\u00a8P1, Fe\u00a8P1 , Ni (bal.)&quot;}\">Cr20-23Mo8-10, Nb 3.15-4.15, Co\u00a8P1, Fe\u00a8P1, Ni (bal.)<\/td>\n<\/tr>\n<tr>\n<td data-sheets-value=\"{&quot;1&quot;:3,&quot;3&quot;:12}\">12<\/td>\n<td data-sheets-value=\"{&quot;1&quot;:2,&quot;2&quot;:&quot;In718&quot;}\">En718<\/td>\n<td data-sheets-value=\"{&quot;1&quot;:2,&quot;2&quot;:&quot;Cr17-21 , Mo2.8-3.3 , Nb 4.75-5.5 , Co\u00a8P1, Ni50-51 , Fe(Bal.)&quot;}\">Cr17-21, Mo2.8-3.3, Nb 4.75-5.5, Co\u00a8P1, Ni50-51, Fe (Bal.)<\/td>\n<\/tr>\n<tr>\n<td data-sheets-value=\"{&quot;1&quot;:3,&quot;3&quot;:13}\">13<\/td>\n<td data-sheets-value=\"{&quot;1&quot;:2,&quot;2&quot;:&quot;Spherica WC&quot;}\">WC Sph\u00e9rique<\/td>\n<td data-sheets-value=\"{&quot;1&quot;:2,&quot;2&quot;:&quot;C3.7-4.2\u00a8\u00dbW(Bal.)&quot;}\">C3.7-4.2, W (Bal.)<\/td>\n<\/tr>\n<tr>\n<td data-sheets-value=\"{&quot;1&quot;:3,&quot;3&quot;:14}\">14<\/td>\n<td data-sheets-value=\"{&quot;1&quot;:2,&quot;2&quot;:&quot;Spherical Cr Powder&quot;}\">Poudre de Cr sph\u00e9rique<\/td>\n<td data-sheets-value=\"{&quot;1&quot;:2,&quot;2&quot;:&quot;Cr\u00a1\u00d499.9&quot;}\">Cr\u00a1\u00d499.9<\/td>\n<\/tr>\n<tr>\n<td data-sheets-value=\"{&quot;1&quot;:3,&quot;3&quot;:15}\">15<\/td>\n<td data-sheets-value=\"{&quot;1&quot;:2,&quot;2&quot;:&quot;Spherica Mo Powder&quot;}\">Poudre Spherica Mo<\/td>\n<td data-sheets-value=\"{&quot;1&quot;:2,&quot;2&quot;:&quot;Mo\u00a1\u00d499.9&quot;}\">Mo\u00a1\u00d499.9<\/td>\n<\/tr>\n<tr>\n<td data-sheets-value=\"{&quot;1&quot;:3,&quot;3&quot;:16}\">16<\/td>\n<td data-sheets-value=\"{&quot;1&quot;:2,&quot;2&quot;:&quot;Spherica Ta Powder&quot;}\">Poudre Spherica Ta<\/td>\n<td data-sheets-value=\"{&quot;1&quot;:2,&quot;2&quot;:&quot;Ta\u00a1\u00d499.9&quot;}\">Ta\u00a1\u00d499.9<\/td>\n<\/tr>\n<tr>\n<td data-sheets-value=\"{&quot;1&quot;:3,&quot;3&quot;:17}\">17<\/td>\n<td data-sheets-value=\"{&quot;1&quot;:2,&quot;2&quot;:&quot;Spherica W Powder&quot;}\">Poudre Spherica W<\/td>\n<td data-sheets-value=\"{&quot;1&quot;:2,&quot;2&quot;:&quot;W\u00a1\u00d499.9&quot;}\">W\u00a1\u00d499.9<\/td>\n<\/tr>\n<\/tbody>\n<\/table>\n<\/div>\n<p>&nbsp;<\/p>\n<p><strong>Application<\/strong><\/p>\n<ol>\n<li>Impression 3D ;<\/li>\n<li>Moulage par injection (MIM) ;<\/li>\n<li>M\u00e9tallurgie des poudres (PM) ;<\/li>\n<li>Rev\u00eatement par pulv\u00e9risation (SP), etc.<\/li>\n<\/ol>\n<p><\/span><\/span><\/p>","protected":false},"excerpt":{"rendered":"<p>Les poudres de tungst\u00e8ne sont utilis\u00e9es comme consommables dans des secteurs tels que l'impression 3D de tungst\u00e8ne et d'alliages de tungst\u00e8ne, les mat\u00e9riaux poreux et le rev\u00eatement en poudre tr\u00e8s dense. Avec le d\u00e9veloppement rapide de la technologie d'impression 3D, des mat\u00e9riaux poreux, du rev\u00eatement en poudre tr\u00e8s dense et du moulage par injection, la demande de poudres de tungst\u00e8ne sph\u00e9riques de haute qualit\u00e9 augmente. La poudre de tungst\u00e8ne sph\u00e9rique de haute qualit\u00e9 est...<\/p>","protected":false},"featured_media":1746,"parent":0,"template":"","meta":{"_acf_changed":false,"_kad_blocks_custom_css":"","_kad_blocks_head_custom_js":"","_kad_blocks_body_custom_js":"","_kad_blocks_footer_custom_js":"","_kad_post_transparent":"","_kad_post_title":"","_kad_post_layout":"","_kad_post_sidebar_id":"","_kad_post_content_style":"","_kad_post_vertical_padding":"","_kad_post_feature":"","_kad_post_feature_position":"","_kad_post_header":false,"_kad_post_footer":false,"_kad_post_classname":""},"product-category":[119,125],"class_list":["post-3869","product","type-product","status-publish","has-post-thumbnail","hentry","product-category-3d-printing-metal-powder","product-category-refractory-metal-powder"],"acf":[],"taxonomy_info":{"product-category":[{"value":119,"label":"3D Printing Metal Powder"},{"value":125,"label":"Refractory Metal Powder"}]},"featured_image_src_large":["https:\/\/3dpmetal.com\/wp-content\/uploads\/2024\/02\/Tungsten-Powder.jpg",600,600,false],"author_info":[],"comment_info":"","_links":{"self":[{"href":"https:\/\/3dpmetal.com\/fr\/wp-json\/wp\/v2\/product\/3869","targetHints":{"allow":["GET"]}}],"collection":[{"href":"https:\/\/3dpmetal.com\/fr\/wp-json\/wp\/v2\/product"}],"about":[{"href":"https:\/\/3dpmetal.com\/fr\/wp-json\/wp\/v2\/types\/product"}],"wp:featuredmedia":[{"embeddable":true,"href":"https:\/\/3dpmetal.com\/fr\/wp-json\/wp\/v2\/media\/1746"}],"wp:attachment":[{"href":"https:\/\/3dpmetal.com\/fr\/wp-json\/wp\/v2\/media?parent=3869"}],"wp:term":[{"taxonomy":"product-category","embeddable":true,"href":"https:\/\/3dpmetal.com\/fr\/wp-json\/wp\/v2\/product-category?post=3869"}],"curies":[{"name":"wp","href":"https:\/\/api.w.org\/{rel}","templated":true}]}}