{"id":3872,"date":"2024-03-18T06:10:08","date_gmt":"2024-03-18T06:10:08","guid":{"rendered":"https:\/\/3dp.45612300.xyz\/product\/304l-stainless-steel-powder-for-mim\/"},"modified":"2024-03-18T06:10:08","modified_gmt":"2024-03-18T06:10:08","slug":"304l-stainless-steel-powder-for-mim","status":"publish","type":"product","link":"https:\/\/3dpmetal.com\/fr\/product\/304l-stainless-steel-powder-for-mim\/","title":{"rendered":"Poudre d'acier inoxydable 304L pour MIM"},"content":{"rendered":"<p><span style=\"vertical-align: inherit;\"><span style=\"vertical-align: inherit;\"><\/p>\n<h2>Aper\u00e7u de la poudre 304L pour le MIM<\/h2>\n<p class=\"whitespace-pre-wrap\">304L est un acier inoxydable aust\u00e9nitique contenant du chrome, du nickel et une faible teneur en carbone. Le \"L\" indique une faible teneur en carbone afin d'\u00e9viter la pr\u00e9cipitation de carbure pendant le soudage. Le 304L offre une excellente r\u00e9sistance \u00e0 la corrosion, comparable \u00e0 celle du 316L, mais \u00e0 un co\u00fbt inf\u00e9rieur.<\/p>\n<p class=\"whitespace-pre-wrap\">Les caract\u00e9ristiques cl\u00e9s qui font que le 304L convient au MIM sont les suivantes :<\/p>\n<ul class=\"list-disc pl-8 space-y-2\">\n<li class=\"whitespace-normal\">Excellente r\u00e9sistance \u00e0 la corrosion dans divers environnements<\/li>\n<li class=\"whitespace-normal\">Bonne ductilit\u00e9, t\u00e9nacit\u00e9 et propri\u00e9t\u00e9s m\u00e9caniques<\/li>\n<li class=\"whitespace-normal\">Haute densit\u00e9 de frittage possible<\/li>\n<li class=\"whitespace-normal\">Excellente moulabilit\u00e9 gr\u00e2ce \u00e0 la mise en forme sph\u00e9rique de la poudre<\/li>\n<li class=\"whitespace-normal\">\u00c9conomique par rapport \u00e0 la poudre 316L<\/li>\n<li class=\"whitespace-normal\">Disponibles dans une vari\u00e9t\u00e9 de sp\u00e9cifications de poudres<\/li>\n<\/ul>\n<p class=\"whitespace-pre-wrap\">Cet article fournit un aper\u00e7u d\u00e9taill\u00e9 des propri\u00e9t\u00e9s, du traitement, du frittage, des applications et d'autres sp\u00e9cificit\u00e9s de la poudre 304L lorsqu'elle est utilis\u00e9e dans le moulage par injection de m\u00e9tal.<\/p>\n<h2>Composition typique de la poudre 304L pour le MIM<\/h2>\n<p class=\"whitespace-pre-wrap\">La composition de la poudre 304L pour le MIM est la suivante :<\/p>\n<table>\n<thead>\n<tr>\n<th>\u00e9l\u00e9ment<\/th>\n<th>% en poids<\/th>\n<\/tr>\n<\/thead>\n<tbody>\n<tr>\n<td>Le fer (Fe)<\/td>\n<td>\u00c9quilibre<\/td>\n<\/tr>\n<tr>\n<td>Chrome (Cr)<\/td>\n<td>18-20%<\/td>\n<\/tr>\n<tr>\n<td>Nickel (Ni)<\/td>\n<td>8-10%<\/td>\n<\/tr>\n<tr>\n<td>Mangan\u00e8se (Mn)<\/td>\n<td>\u00a8P 2%<\/td>\n<\/tr>\n<tr>\n<td>Silicium (Si)<\/td>\n<td>\u00a8P 1%<\/td>\n<\/tr>\n<tr>\n<td>Carbone (C)<\/td>\n<td>\u00a8P 0.03%<\/td>\n<\/tr>\n<tr>\n<td>Azote (N)<\/td>\n<td>\u00a8P 0.1%<\/td>\n<\/tr>\n<tr>\n<td>Soufre (S)<\/td>\n<td>\u00a8P 0.03%<\/td>\n<\/tr>\n<\/tbody>\n<\/table>\n<p class=\"whitespace-pre-wrap\">Le nickel renforce la r\u00e9sistance \u00e0 la corrosion et le chrome la r\u00e9sistance \u00e0 l'oxydation. La faible teneur en carbone minimise la pr\u00e9cipitation des carbures pendant le frittage.<\/p>\n<h2>Propri\u00e9t\u00e9s de la poudre 304L pour le MIM<\/h2>\n<p class=\"whitespace-pre-wrap\">La poudre 304L pr\u00e9sente les propri\u00e9t\u00e9s suivantes :<\/p>\n<table>\n<thead>\n<tr>\n<th>Propri\u00e9t\u00e9 immobili\u00e8re<\/th>\n<th>Valeur<\/th>\n<\/tr>\n<\/thead>\n<tbody>\n<tr>\n<td>Densit\u00e9<\/td>\n<td>7,9 g\/cm3<\/td>\n<\/tr>\n<tr>\n<td>Point de fusion<\/td>\n<td>1400-1450\u00a1\u00abC<\/td>\n<\/tr>\n<tr>\n<td>Conductivit\u00e9 thermique<\/td>\n<td>16 W\/mK<\/td>\n<\/tr>\n<tr>\n<td>R\u00e9sistivit\u00e9 \u00e9lectrique<\/td>\n<td>0,72 \u00c3\u00d7'\u00ce.cm<\/td>\n<\/tr>\n<tr>\n<td>Module de Young<\/td>\n<td>193 GPa<\/td>\n<\/tr>\n<tr>\n<td>Coefficient de Poisson<\/td>\n<td>0.29<\/td>\n<\/tr>\n<tr>\n<td>Limite d'\u00e9lasticit\u00e9<\/td>\n<td>205-515 MPa<\/td>\n<\/tr>\n<tr>\n<td>R\u00e9sistance \u00e0 la traction<\/td>\n<td>515-620 MPa<\/td>\n<\/tr>\n<tr>\n<td>Allongement<\/td>\n<td>40-50%<\/td>\n<\/tr>\n<\/tbody>\n<\/table>\n<p class=\"whitespace-pre-wrap\">Ces propri\u00e9t\u00e9s font que le 304L convient \u00e0 la production de pi\u00e8ces MIM de haute performance n\u00e9cessitant une r\u00e9sistance \u00e0 la corrosion.<\/p>\n<h2>Sp\u00e9cifications de la poudre 304L pour le MIM<\/h2>\n<p class=\"whitespace-pre-wrap\">La poudre 304L pour le MIM a les sp\u00e9cifications suivantes :<\/p>\n<ul class=\"list-disc pl-8 space-y-2\">\n<li class=\"whitespace-normal\"><strong>Granulom\u00e9trie<\/strong>?- Typiquement 10-20 microns avec une distribution \u00e9troite. Critique pour une densit\u00e9 \u00e9lev\u00e9e de frittage.<\/li>\n<li class=\"whitespace-normal\"><strong>D\u00e9bit<\/strong>D\u00e9bit minimum de 25 s\/50 g. Assure un moulage par injection sans blocage.<\/li>\n<li class=\"whitespace-normal\"><strong>Morphologie<\/strong>?- Poudre principalement sph\u00e9rique pour une excellente moulabilit\u00e9 et densit\u00e9.<\/li>\n<li class=\"whitespace-normal\"><strong>Teneur en oxyg\u00e8ne<\/strong>Faibles niveaux d'oxyg\u00e8ne (&lt;2000 ppm) pour minimiser l&#039;oxydation.<\/li>\n<li class=\"whitespace-normal\"><strong>Densit\u00e9 apparente<\/strong>?- Une densit\u00e9 apparente plus \u00e9lev\u00e9e am\u00e9liore le chargement de la poudre pendant le moulage.<\/li>\n<li class=\"whitespace-normal\"><strong>Densit\u00e9 de tassement<\/strong>?- Une densit\u00e9 sup\u00e9rieure \u00e0 4 g\/cm3 est souhait\u00e9e pour un bon compactage.<\/li>\n<\/ul>\n<h2>Traitement de la poudre 304L dans le MIM<\/h2>\n<p class=\"whitespace-pre-wrap\">La poudre 304L subit les \u00e9tapes de traitement suivantes pendant le MIM :<\/p>\n<p class=\"whitespace-pre-wrap\"><strong>1. M\u00e9lange<\/strong> - La poudre est m\u00e9lang\u00e9e \u00e0 un liant appropri\u00e9, \u00e0 des lubrifiants et \u00e0 des plastifiants pour former la mati\u00e8re premi\u00e8re.<\/p>\n<p class=\"whitespace-pre-wrap\"><strong>2. Granulation<\/strong> - La mati\u00e8re premi\u00e8re est granul\u00e9e en boulettes sph\u00e9riques afin d'am\u00e9liorer le flux dans le cylindre d'injection.<\/p>\n<p class=\"whitespace-pre-wrap\"><strong>3. Moulage par injection<\/strong> - Les granul\u00e9s de mati\u00e8re premi\u00e8re sont moul\u00e9s en pi\u00e8ces complexes de forme nette par moulage par injection.<\/p>\n<p class=\"whitespace-pre-wrap\"><strong>4. D\u00e9bouclage<\/strong> - Le liant est \u00e9limin\u00e9 des pi\u00e8ces moul\u00e9es par des proc\u00e9d\u00e9s de d\u00e9liantage au solvant et\/ou thermique.<\/p>\n<p class=\"whitespace-pre-wrap\"><strong>5. Frittage<\/strong> - Les pi\u00e8ces d\u00e9billard\u00e9es (pi\u00e8ces brunes) sont fritt\u00e9es \u00e0 1300-1400\u00a1\"C dans de l'hydrog\u00e8ne pour produire des composants denses.<\/p>\n<h2>R\u00e9ponse au frittage de la poudre 304L<\/h2>\n<ul class=\"list-disc pl-8 space-y-2\">\n<li class=\"whitespace-normal\">La poudre 304L peut atteindre une densit\u00e9 th\u00e9orique &gt;95% lors du frittage avec une distorsion minimale.<\/li>\n<li class=\"whitespace-normal\">Excellente aptitude au frittage gr\u00e2ce \u00e0 une poudre sph\u00e9rique fine, \u00e0 une bonne propret\u00e9 de surface et \u00e0 une grande puret\u00e9.<\/li>\n<li class=\"whitespace-normal\">La faible teneur en carbone minimise la pr\u00e9cipitation des carbures de chrome pendant le frittage.<\/li>\n<li class=\"whitespace-normal\">Une temp\u00e9rature et une atmosph\u00e8re contr\u00f4l\u00e9es sont n\u00e9cessaires pour obtenir une densification et des propri\u00e9t\u00e9s \u00e9lev\u00e9es.<\/li>\n<li class=\"whitespace-normal\">Le traitement thermique apr\u00e8s frittage peut encore am\u00e9liorer les propri\u00e9t\u00e9s.<\/li>\n<\/ul>\n<h2>Applications des pi\u00e8ces fritt\u00e9es en 304L \u00e0 partir de MIM<\/h2>\n<p class=\"whitespace-pre-wrap\">Le MIM utilisant de la poudre 304L est id\u00e9al pour.. :<\/p>\n<ul class=\"list-disc pl-8 space-y-2\">\n<li class=\"whitespace-normal\">Instruments chirurgicaux tels que lames de bistouri, pinces, \u00e9carteurs, forceps.<\/li>\n<li class=\"whitespace-normal\">Composants dentaires et orthodontiques tels que les implants et les appareils dentaires.<\/li>\n<li class=\"whitespace-normal\">Composants horlogers tels que les doigts, les engrenages, les ressorts.<\/li>\n<li class=\"whitespace-normal\">Contacts \u00e9lectriques et connecteurs.<\/li>\n<li class=\"whitespace-normal\">Cath\u00e9ters, canules et dispositifs micro fluidiques pour le secteur m\u00e9dical.<\/li>\n<li class=\"whitespace-normal\">Raccords, attaches et autres \u00e9l\u00e9ments de quincaillerie r\u00e9sistants \u00e0 la corrosion.<\/li>\n<li class=\"whitespace-normal\">Bijoux d\u00e9coratifs et fantaisie.<\/li>\n<\/ul>\n<h2>Avantages de l'utilisation de la poudre 304L pour le MIM<\/h2>\n<p class=\"whitespace-pre-wrap\"><strong>Les avantages comprennent<\/strong><\/p>\n<ul class=\"list-disc pl-8 space-y-2\">\n<li class=\"whitespace-normal\">Excellente r\u00e9sistance \u00e0 la corrosion comparable \u00e0 celle de l'acier inoxydable 304L moul\u00e9 ou forg\u00e9.<\/li>\n<li class=\"whitespace-normal\">Grande pr\u00e9cision dimensionnelle et excellente finition de surface des pi\u00e8ces MIM.<\/li>\n<li class=\"whitespace-normal\">Les g\u00e9om\u00e9tries complexes ne sont possibles que gr\u00e2ce au MIM.<\/li>\n<li class=\"whitespace-normal\">Densit\u00e9 presque compl\u00e8te et bonnes propri\u00e9t\u00e9s m\u00e9caniques.<\/li>\n<li class=\"whitespace-normal\">Processus \u00e9volutif capable d'assurer une production \u00e9conomique \u00e0 moyen et grand volume.<\/li>\n<li class=\"whitespace-normal\">R\u00e9duction du poids des composants et de l'utilisation des mat\u00e9riaux par rapport \u00e0 l'usinage.<\/li>\n<\/ul>\n<h2>Fournisseurs mondiaux de poudre 304L pour MIM<\/h2>\n<p class=\"whitespace-pre-wrap\">Parmi les principaux fournisseurs mondiaux de poudre d'acier inoxydable 304L atomis\u00e9e au gaz et con\u00e7ue pour le MIM, on peut citer<\/p>\n<ul class=\"list-disc pl-8 space-y-2\">\n<li class=\"whitespace-normal\">Sandvik Osprey (Royaume-Uni)<\/li>\n<li class=\"whitespace-normal\">Carpenter Powder Products (\u00c9tats-Unis)<\/li>\n<li class=\"whitespace-normal\">AMETEK (US)<\/li>\n<li class=\"whitespace-normal\">Rio Tinto Metal Powders (Canada)<\/li>\n<li class=\"whitespace-normal\">H?gan?s (Su\u00e8de)<\/li>\n<li class=\"whitespace-normal\">Guangdong Huijin Powder Material (Chine)<\/li>\n<\/ul>\n<p class=\"whitespace-pre-wrap\">Ces entreprises proposent diff\u00e9rentes qualit\u00e9s de poudre 304L r\u00e9pondant aux exigences rigoureuses du MIM.<\/p>\n<h2>Prix des poudres 304L pour l'industrie du MIM<\/h2>\n<table>\n<thead>\n<tr>\n<th>Qualit\u00e9<\/th>\n<th>Gamme de prix<\/th>\n<\/tr>\n<\/thead>\n<tbody>\n<tr>\n<td>Puret\u00e9 commerciale<\/td>\n<td>15-25 $ par kg<\/td>\n<\/tr>\n<tr>\n<td>Haute puret\u00e9<\/td>\n<td>25-50$ par kg<\/td>\n<\/tr>\n<tr>\n<td>Qualit\u00e9 ultrafine<\/td>\n<td>50 \u00e0 120 \u20ac le kg<\/td>\n<\/tr>\n<\/tbody>\n<\/table>\n<p class=\"whitespace-pre-wrap\">Les poudres sph\u00e9riques ultrafines atomis\u00e9es au gaz utilis\u00e9es dans le MIM sont plus co\u00fbteuses que les poudres standard. Les achats de petites quantit\u00e9s peuvent \u00eatre plus co\u00fbteux.<\/p>\n<h2>Stockage et manipulation de la poudre 304L<\/h2>\n<p class=\"whitespace-pre-wrap\">La poudre 304L doit \u00eatre stock\u00e9e dans des conteneurs scell\u00e9s sous contr\u00f4le de l'humidit\u00e9 et sous purge de gaz inerte afin d'\u00e9viter tout risque de contamination :<\/p>\n<ul class=\"list-disc pl-8 space-y-2\">\n<li class=\"whitespace-normal\">Oxydation\/r\u00e9action avec l'environnement<\/li>\n<li class=\"whitespace-normal\">Absorption d'humidit\u00e9 entra\u00eenant un mauvais frittage<\/li>\n<li class=\"whitespace-normal\">Il convient de respecter les mesures de s\u00e9curit\u00e9 figurant dans la FDS du fournisseur.<\/li>\n<\/ul>\n<p class=\"whitespace-pre-wrap\">Les techniques de manipulation des poudres doivent \u00eatre utilis\u00e9es avec pr\u00e9caution pendant le traitement MIM.<\/p>\n<h2>Test de contr\u00f4le de la qualit\u00e9 pour la poudre 304L<\/h2>\n<p class=\"whitespace-pre-wrap\">Les tests les plus importants sont les suivants :<\/p>\n<ul class=\"list-disc pl-8 space-y-2\">\n<li class=\"whitespace-normal\">Distribution de la taille des particules (diffraction laser)<\/li>\n<li class=\"whitespace-normal\">Morphologie (SEM)<\/li>\n<li class=\"whitespace-normal\">D\u00e9bit (d\u00e9bitm\u00e8tre \u00e0 effet Hall)<\/li>\n<li class=\"whitespace-normal\">Densit\u00e9 apparente<\/li>\n<li class=\"whitespace-normal\">Densit\u00e9 de tassement<\/li>\n<li class=\"whitespace-normal\">Composition chimique<\/li>\n<\/ul>\n<p class=\"whitespace-pre-wrap\">Des tests appropri\u00e9s permettent de s'assurer que la poudre r\u00e9pond aux exigences critiques d'une mati\u00e8re premi\u00e8re MIM de haute qualit\u00e9.<\/p>\n<h2>Comparaison de 304L et 316L pour le MIM<\/h2>\n<p class=\"whitespace-pre-wrap\"><strong>Les poudres 304L et 316L sont compar\u00e9es pour une utilisation MIM :<\/strong><\/p>\n<ul class=\"list-disc pl-8 space-y-2\">\n<li class=\"whitespace-normal\">Le 304L offre une meilleure valeur \u00e0 un co\u00fbt inf\u00e9rieur.<\/li>\n<li class=\"whitespace-normal\">Le 316L offre une plus grande r\u00e9sistance \u00e0 la corrosion dans les environnements difficiles.<\/li>\n<li class=\"whitespace-normal\">Tous deux offrent une excellente aptitude au frittage.<\/li>\n<li class=\"whitespace-normal\">Le 304L pr\u00e9sente une r\u00e9sistance \u00e0 la traction l\u00e9g\u00e8rement sup\u00e9rieure, tandis que le 316L offre une limite d'\u00e9lasticit\u00e9 plus \u00e9lev\u00e9e.<\/li>\n<li class=\"whitespace-normal\">Le 304L suffit pour la plupart des applications, tandis que le 316L est pr\u00e9f\u00e9r\u00e9 pour les conditions plus exigeantes.<\/li>\n<\/ul>\n<h2>FAQ<\/h2>\n<p class=\"whitespace-pre-wrap\"><strong>Q : Quelle est la taille typique de la poudre 304L utilis\u00e9e pour les mati\u00e8res premi\u00e8res MIM ?<\/strong><\/p>\n<p class=\"whitespace-pre-wrap\">R : 10-20 microns avec une distribution \u00e9troite de la taille des particules est g\u00e9n\u00e9ralement utilis\u00e9 pour une charge de poudre optimale, la moulabilit\u00e9 et la densit\u00e9 fritt\u00e9e.<\/p>\n<p class=\"whitespace-pre-wrap\"><strong>Q : Quel est le co\u00fbt de la poudre 304L de haute puret\u00e9 pour le MIM ?<\/strong><\/p>\n<p class=\"whitespace-pre-wrap\">R : La poudre de 304L de haute puret\u00e9 atomis\u00e9e au gaz sph\u00e9rique co\u00fbte $25-50 par kg en fonction du volume de la commande. Les petites quantit\u00e9s sont nettement plus co\u00fbteuses.<\/p>\n<p class=\"whitespace-pre-wrap\"><strong>Q : Quelle densit\u00e9 de frittage peut-on obtenir avec des pi\u00e8ces en MIM 304L ?<\/strong><\/p>\n<p class=\"whitespace-pre-wrap\">R : Avec un traitement optimis\u00e9, il est possible d'obtenir une densit\u00e9 fritt\u00e9e sup\u00e9rieure \u00e0 la densit\u00e9 th\u00e9orique de 95% (environ 7,6-7,8 g\/cm3) pour les pi\u00e8ces en MIM 304L.<\/p>\n<p class=\"whitespace-pre-wrap\"><strong>Q : Un traitement thermique post-frittage est-il utilis\u00e9 pour les pi\u00e8ces en 304L fabriqu\u00e9es \u00e0 partir de MIM ?<\/strong><\/p>\n<p class=\"whitespace-pre-wrap\">R : Oui, un recuit de mise en solution suivi d'un refroidissement \u00e0 l'air peut \u00eatre effectu\u00e9 sur les pi\u00e8ces fritt\u00e9es en MIM 304L pour am\u00e9liorer les propri\u00e9t\u00e9s m\u00e9caniques.<\/p>\n<p class=\"whitespace-pre-wrap\"><strong>Q : O\u00f9 puis-je acheter de la poudre 304L adapt\u00e9e aux applications m\u00e9dicales MIM ?<\/strong><\/p>\n<p class=\"whitespace-pre-wrap\">R : La poudre 304L r\u00e9pondant aux sp\u00e9cifications rigoureuses du secteur m\u00e9dical peut \u00eatre achet\u00e9e aupr\u00e8s des principaux fournisseurs, notamment Sandvik Osprey, Carpenter Powder Products, AMETEK, Rio Tinto Metal Powders.<\/p>\n<p><\/span><\/span><\/p>","protected":false},"excerpt":{"rendered":"<p>Aper\u00e7u de la poudre 304L pour MIM 304L est un acier inoxydable aust\u00e9nitique contenant du chrome, du nickel et une faible teneur en carbone. Le \"L\" indique une faible teneur en carbone afin d'\u00e9viter la pr\u00e9cipitation de carbure pendant le soudage. Le 304L offre une excellente r\u00e9sistance \u00e0 la corrosion, comparable \u00e0 celle du 316L, mais \u00e0 un co\u00fbt inf\u00e9rieur. Les principales caract\u00e9ristiques qui font que le 304L convient au MIM sont les suivantes : Excellente r\u00e9sistance \u00e0 la corrosion...<\/p>","protected":false},"featured_media":1732,"parent":0,"template":"","meta":{"_acf_changed":false,"_kad_blocks_custom_css":"","_kad_blocks_head_custom_js":"","_kad_blocks_body_custom_js":"","_kad_blocks_footer_custom_js":"","_kad_post_transparent":"","_kad_post_title":"","_kad_post_layout":"","_kad_post_sidebar_id":"","_kad_post_content_style":"","_kad_post_vertical_padding":"","_kad_post_feature":"","_kad_post_feature_position":"","_kad_post_header":false,"_kad_post_footer":false,"_kad_post_classname":""},"product-category":[126],"class_list":["post-3872","product","type-product","status-publish","has-post-thumbnail","hentry","product-category-mim-powder"],"acf":[],"taxonomy_info":{"product-category":[{"value":126,"label":"MIM Powder"}]},"featured_image_src_large":["https:\/\/3dpmetal.com\/wp-content\/uploads\/2024\/02\/304l-Stainless-Steel-Powder.jpg",600,600,false],"author_info":[],"comment_info":"","_links":{"self":[{"href":"https:\/\/3dpmetal.com\/fr\/wp-json\/wp\/v2\/product\/3872","targetHints":{"allow":["GET"]}}],"collection":[{"href":"https:\/\/3dpmetal.com\/fr\/wp-json\/wp\/v2\/product"}],"about":[{"href":"https:\/\/3dpmetal.com\/fr\/wp-json\/wp\/v2\/types\/product"}],"wp:featuredmedia":[{"embeddable":true,"href":"https:\/\/3dpmetal.com\/fr\/wp-json\/wp\/v2\/media\/1732"}],"wp:attachment":[{"href":"https:\/\/3dpmetal.com\/fr\/wp-json\/wp\/v2\/media?parent=3872"}],"wp:term":[{"taxonomy":"product-category","embeddable":true,"href":"https:\/\/3dpmetal.com\/fr\/wp-json\/wp\/v2\/product-category?post=3872"}],"curies":[{"name":"wp","href":"https:\/\/api.w.org\/{rel}","templated":true}]}}