{"id":3877,"date":"2024-03-18T06:10:10","date_gmt":"2024-03-18T06:10:10","guid":{"rendered":"https:\/\/3dp.45612300.xyz\/product\/best-17-4ph-stainless-steel-powder-for-3d-printing\/"},"modified":"2024-03-18T06:10:10","modified_gmt":"2024-03-18T06:10:10","slug":"best-17-4ph-stainless-steel-powder-for-3d-printing","status":"publish","type":"product","link":"https:\/\/3dpmetal.com\/fr\/product\/best-17-4ph-stainless-steel-powder-for-3d-printing\/","title":{"rendered":"Meilleure poudre d'acier inoxydable 17-4PH pour l'impression 3D"},"content":{"rendered":"<p><span style=\"vertical-align: inherit;\"><span style=\"vertical-align: inherit;\"><\/p>\n<h2><strong>Aper\u00e7u de la poudre d'acier inoxydable 17-4PH pour l'impression 3D<\/strong><\/h2>\n<p class=\"whitespace-pre-wrap\">Le 17-4PH est une poudre d'acier inoxydable \u00e0 durcissement par pr\u00e9cipitation largement utilis\u00e9e pour la fabrication additive de composants \u00e0 haute r\u00e9sistance et r\u00e9sistants \u00e0 la corrosion dans les applications a\u00e9rospatiales, m\u00e9dicales, automobiles et d'ing\u00e9nierie g\u00e9n\u00e9rale.<\/p>\n<p class=\"whitespace-pre-wrap\">Cet article fournit un guide d\u00e9taill\u00e9 sur la poudre 17-4PH pour l'impression 3D. Il couvre la composition, les propri\u00e9t\u00e9s, les param\u00e8tres d'impression, les applications, les sp\u00e9cifications, les fournisseurs, la manipulation, l'inspection, les comparaisons, les avantages et les inconv\u00e9nients, et les FAQ. Les informations cl\u00e9s sont pr\u00e9sent\u00e9es dans des tableaux faciles \u00e0 consulter.<\/p>\n<h3><strong>Composition de la poudre 17-4PH<\/strong><\/h3>\n<p class=\"whitespace-pre-wrap\">Le 17-4PH est un acier inoxydable \u00e0 durcissement par pr\u00e9cipitation \u00e0 base de chrome et de cuivre, dont la composition est la suivante :<\/p>\n<table>\n<thead>\n<tr>\n<th>\u00e9l\u00e9ment<\/th>\n<th>% en poids<\/th>\n<th>Objectif<\/th>\n<\/tr>\n<\/thead>\n<tbody>\n<tr>\n<td>Fer<\/td>\n<td>\u00c9quilibre<\/td>\n<td>\u00c9l\u00e9ment principal de la matrice<\/td>\n<\/tr>\n<tr>\n<td>Chromium<\/td>\n<td>15 &#8211; 17.5<\/td>\n<td>R\u00e9sistance \u00e0 l'oxydation<\/td>\n<\/tr>\n<tr>\n<td>Cuivre<\/td>\n<td>3 &#8211; 5<\/td>\n<td>Durcissement structural<\/td>\n<\/tr>\n<tr>\n<td>Nickel<\/td>\n<td>3 &#8211; 5<\/td>\n<td>Stabilisateur d'aust\u00e9nite<\/td>\n<\/tr>\n<tr>\n<td>Niobium<\/td>\n<td>0.15 &#8211; 0.45<\/td>\n<td>Forme en carbure<\/td>\n<\/tr>\n<tr>\n<td>Mangan\u00e8se<\/td>\n<td>1 max<\/td>\n<td>D\u00e9soxydant<\/td>\n<\/tr>\n<tr>\n<td>Silicium<\/td>\n<td>1 max<\/td>\n<td>D\u00e9soxydant<\/td>\n<\/tr>\n<tr>\n<td>Carbone<\/td>\n<td>0,07 max<\/td>\n<td>Renfor\u00e7ateur et formeur de carbure<\/td>\n<\/tr>\n<\/tbody>\n<\/table>\n<p class=\"whitespace-pre-wrap\">Le cuivre assure le durcissement par pr\u00e9cipitation tandis que le chrome conf\u00e8re une r\u00e9sistance \u00e0 la corrosion.<\/p>\n<h3><strong>Propri\u00e9t\u00e9s de la poudre 17-4PH<\/strong><\/h3>\n<p class=\"whitespace-pre-wrap\">Le 17-4PH poss\u00e8de une combinaison polyvalente de propri\u00e9t\u00e9s :<\/p>\n<table>\n<thead>\n<tr>\n<th>Propri\u00e9t\u00e9 immobili\u00e8re<\/th>\n<th>Description<\/th>\n<\/tr>\n<\/thead>\n<tbody>\n<tr>\n<td>haute r\u00e9sistance<\/td>\n<td>R\u00e9sistance \u00e0 la traction jusqu'\u00e0 1310 MPa \u00e0 l'\u00e9tat vieilli<\/td>\n<\/tr>\n<tr>\n<td>Duret\u00e9<\/td>\n<td>Jusqu'\u00e0 40 HRC apr\u00e8s vieillissement<\/td>\n<\/tr>\n<tr>\n<td>R\u00e9sistance \u00e0 la corrosion<\/td>\n<td>Comparable \u00e0 l'inox 316L dans de nombreux environnements<\/td>\n<\/tr>\n<tr>\n<td>T\u00e9nacit\u00e9<\/td>\n<td>Sup\u00e9rieur aux aciers inoxydables martensitiques<\/td>\n<\/tr>\n<tr>\n<td>R\u00e9sistance \u00e0 l'usure<\/td>\n<td>Meilleur que les aciers inoxydables de la s\u00e9rie 300<\/td>\n<\/tr>\n<tr>\n<td>Stabilit\u00e9 \u00e0 haute temp\u00e9rature<\/td>\n<td>R\u00e9sistance maintenue jusqu'\u00e0 300\u00a1\"C<\/td>\n<\/tr>\n<\/tbody>\n<\/table>\n<p class=\"whitespace-pre-wrap\">Ses propri\u00e9t\u00e9s lui permettent d'\u00eatre utilis\u00e9 dans diverses applications, de l'outillage pour les moules en plastique aux composants a\u00e9rospatiaux.<\/p>\n<p><img loading=\"lazy\" decoding=\"async\" class=\"size-full wp-image-1396 aligncenter\" src=\"https:\/\/met3dp.com\/wp-content\/uploads\/2023\/09\/TA7.jpg\" alt=\"Poudre d&#039;acier inoxydable 17-4PH\" width=\"216\" height=\"216\" title=\"\"><\/p>\n<h3><strong>Param\u00e8tres d'impression 3D pour la poudre 17-4PH<\/strong><\/h3>\n<p class=\"whitespace-pre-wrap\">Les param\u00e8tres typiques pour l'impression du 17-4PH sont les suivants :<\/p>\n<table>\n<thead>\n<tr>\n<th>Param\u00e8tre<\/th>\n<th>Valeur typique<\/th>\n<th>Objectif<\/th>\n<\/tr>\n<\/thead>\n<tbody>\n<tr>\n<td>Hauteur de la couche<\/td>\n<td>20-100 \u00c3\u00d7m<\/td>\n<td>\u00c9quilibrer la vitesse et la r\u00e9solution<\/td>\n<\/tr>\n<tr>\n<td>Puissance du laser<\/td>\n<td>150-400 W<\/td>\n<td>Fusion suffisante sans \u00e9vaporation<\/td>\n<\/tr>\n<tr>\n<td>Vitesse de balayage<\/td>\n<td>400-1000 mm\/s<\/td>\n<td>Productivit\u00e9 et densit\u00e9<\/td>\n<\/tr>\n<tr>\n<td>Espacement des trappes<\/td>\n<td>100-200 \u00c3\u00d7m<\/td>\n<td>Densit\u00e9 et propri\u00e9t\u00e9s<\/td>\n<\/tr>\n<tr>\n<td>Structure de soutien<\/td>\n<td>Minime<\/td>\n<td>Retrait facile<\/td>\n<\/tr>\n<tr>\n<td>Pressage isostatique \u00e0 chaud<\/td>\n<td>1120\u00a1\"C, 100 MPa, 3h<\/td>\n<td>\u00c9liminer la porosit\u00e9<\/td>\n<\/tr>\n<\/tbody>\n<\/table>\n<p class=\"whitespace-pre-wrap\">Les param\u00e8tres sont optimis\u00e9s en fonction des propri\u00e9t\u00e9s, du temps et des exigences de post-traitement.<\/p>\n<h3><strong>Applications des pi\u00e8ces 17-4PH imprim\u00e9es en 3D<\/strong><\/h3>\n<p class=\"whitespace-pre-wrap\">Les composants 17-4PH fabriqu\u00e9s de mani\u00e8re additive sont utilis\u00e9s dans.. :<\/p>\n<table>\n<thead>\n<tr>\n<th>Industrie<\/th>\n<th>APPLICATIONS<\/th>\n<\/tr>\n<\/thead>\n<tbody>\n<tr>\n<td>A\u00e9rospatial<\/td>\n<td>Supports structurels, fixations, actionneurs<\/td>\n<\/tr>\n<tr>\n<td>M\u00e9dical<\/td>\n<td>Implants dentaires, instruments chirurgicaux<\/td>\n<\/tr>\n<tr>\n<td>Automobile<\/td>\n<td>Attaches et engrenages \u00e0 haute r\u00e9sistance<\/td>\n<\/tr>\n<tr>\n<td>Consommateur<\/td>\n<td>Bo\u00eetiers de montres, \u00e9quipements sportifs<\/td>\n<\/tr>\n<tr>\n<td>Industriel<\/td>\n<td>Outillage, gabarits et montages m\u00e9talliques \u00e0 usage final<\/td>\n<\/tr>\n<\/tbody>\n<\/table>\n<p class=\"whitespace-pre-wrap\">Les avantages de l'AM comprennent les g\u00e9om\u00e9tries complexes, la personnalisation, la r\u00e9duction des d\u00e9lais d'ex\u00e9cution et d'usinage.<\/p>\n<h3><strong>Sp\u00e9cifications de la poudre 17-4PH pour l'impression 3D<\/strong><\/h3>\n<p class=\"whitespace-pre-wrap\">La poudre 17-4PH doit r\u00e9pondre \u00e0 des sp\u00e9cifications strictes :<\/p>\n<table>\n<thead>\n<tr>\n<th>Param\u00e8tre<\/th>\n<th>Sp\u00e9cification<\/th>\n<\/tr>\n<\/thead>\n<tbody>\n<tr>\n<td>Plage de granulom\u00e9trie<\/td>\n<td>15-45 \u00c3\u00d7m typique<\/td>\n<\/tr>\n<tr>\n<td>Forme des particules<\/td>\n<td>Morphologie sph\u00e9rique<\/td>\n<\/tr>\n<tr>\n<td>Densit\u00e9 apparente<\/td>\n<td>&gt; 4 g\/cc<\/td>\n<\/tr>\n<tr>\n<td>Densit\u00e9 de tassement<\/td>\n<td>&gt; 6 g\/cc<\/td>\n<\/tr>\n<tr>\n<td>D\u00e9bit de hall<\/td>\n<td>&gt; 23 secondes pour 50 g<\/td>\n<\/tr>\n<tr>\n<td>Puret\u00e9<\/td>\n<td>&gt;99,9%<\/td>\n<\/tr>\n<tr>\n<td>Teneur en oxyg\u00e8ne<\/td>\n<td>&lt;100 ppm<\/td>\n<\/tr>\n<\/tbody>\n<\/table>\n<p class=\"whitespace-pre-wrap\">Des distributions de tailles personnalis\u00e9es et des niveaux d'humidit\u00e9 contr\u00f4l\u00e9s sont disponibles.<\/p>\n<h3><strong>Fournisseurs de poudre 17-4PH<\/strong><\/h3>\n<p class=\"whitespace-pre-wrap\">Les fournisseurs r\u00e9put\u00e9s sont les suivants<\/p>\n<table>\n<thead>\n<tr>\n<th>Fournisseur<\/th>\n<th>Lieu<\/th>\n<\/tr>\n<\/thead>\n<tbody>\n<tr>\n<td>Technologie LPW<\/td>\n<td>Royaume-Uni<\/td>\n<\/tr>\n<tr>\n<td>Sandvik Osprey<\/td>\n<td>Royaume-Uni<\/td>\n<\/tr>\n<tr>\n<td>Carpenter Additive<\/td>\n<td>\u00c9tats-Unis<\/td>\n<\/tr>\n<tr>\n<td>Praxair<\/td>\n<td>\u00c9tats-Unis<\/td>\n<\/tr>\n<tr>\n<td>Erasteel<\/td>\n<td>La Su\u00e8de<\/td>\n<\/tr>\n<tr>\n<td>AMETEK<\/td>\n<td>\u00c9tats-Unis<\/td>\n<\/tr>\n<\/tbody>\n<\/table>\n<p class=\"whitespace-pre-wrap\">Les prix varient de $50\/kg \u00e0 $120\/kg en fonction de la puret\u00e9, de la taille et de la quantit\u00e9 command\u00e9e.<\/p>\n<h3><strong>Manipulation et stockage de la poudre 17-4PH<\/strong><\/h3>\n<p class=\"whitespace-pre-wrap\">En tant que mat\u00e9riau r\u00e9actif, la poudre de 17-4PH n\u00e9cessite une manipulation contr\u00f4l\u00e9e :<\/p>\n<ul class=\"list-disc pl-8 space-y-2\">\n<li class=\"whitespace-normal\">Stocker dans un environnement frais, sec et inerte, \u00e0 l'abri de l'humidit\u00e9.<\/li>\n<li class=\"whitespace-normal\">Pr\u00e9venir l'oxydation et la contamination pendant la manipulation<\/li>\n<li class=\"whitespace-normal\">Utiliser des r\u00e9cipients conducteurs mis \u00e0 la terre pour \u00e9viter l'accumulation d'\u00e9lectricit\u00e9 statique.<\/li>\n<li class=\"whitespace-normal\">\u00c9viter l'accumulation de poussi\u00e8re pour minimiser le risque d'explosion<\/li>\n<li class=\"whitespace-normal\">Une ventilation locale par aspiration est recommand\u00e9e<\/li>\n<li class=\"whitespace-normal\">Porter un EPI et \u00e9viter l'inhalation<\/li>\n<\/ul>\n<p class=\"whitespace-pre-wrap\">Un stockage et une manipulation soigneux garantissent un \u00e9tat optimal de la poudre.<\/p>\n<h3><strong>Inspection et test de la poudre 17-4PH<\/strong><\/h3>\n<p class=\"whitespace-pre-wrap\">Les m\u00e9thodes de contr\u00f4le de la qualit\u00e9 comprennent<\/p>\n<table>\n<thead>\n<tr>\n<th>M\u00e9thode<\/th>\n<th>Param\u00e8tres v\u00e9rifi\u00e9s<\/th>\n<\/tr>\n<\/thead>\n<tbody>\n<tr>\n<td>Analyse granulom\u00e9trique<\/td>\n<td>Distribution de la taille des particules<\/td>\n<\/tr>\n<tr>\n<td>Imagerie MEB<\/td>\n<td>Morphologie des particules<\/td>\n<\/tr>\n<tr>\n<td>EDX<\/td>\n<td>Chimie et composition<\/td>\n<\/tr>\n<tr>\n<td>XRD<\/td>\n<td>Phases pr\u00e9sentes<\/td>\n<\/tr>\n<tr>\n<td>Pycnom\u00e9trie<\/td>\n<td>Densit\u00e9<\/td>\n<\/tr>\n<tr>\n<td>D\u00e9bit de hall<\/td>\n<td>Coulance des poudres<\/td>\n<\/tr>\n<\/tbody>\n<\/table>\n<p class=\"whitespace-pre-wrap\">Des tests conformes aux normes ASTM permettent de v\u00e9rifier la qualit\u00e9 de la poudre et l'homog\u00e9n\u00e9it\u00e9 des lots.<\/p>\n<h3><strong>Comparaison de la 17-4PH avec d'autres poudres<\/strong><\/h3>\n<p class=\"whitespace-pre-wrap\">Le 17-4PH se compare \u00e0 d'autres alliages comme :<\/p>\n<table>\n<thead>\n<tr>\n<th>Alliage<\/th>\n<th>Force<\/th>\n<th>R\u00e9sistance \u00e0 la corrosion<\/th>\n<th>Co\u00fbt<\/th>\n<th>Soudabilit\u00e9<\/th>\n<\/tr>\n<\/thead>\n<tbody>\n<tr>\n<td>17-4PH<\/td>\n<td>Excellent<\/td>\n<td>Bien<\/td>\n<td>Moyen<\/td>\n<td>Foire<\/td>\n<\/tr>\n<tr>\n<td>316L<\/td>\n<td>Moyen<\/td>\n<td>Excellent<\/td>\n<td>Moyen<\/td>\n<td>Excellent<\/td>\n<\/tr>\n<tr>\n<td>IN718<\/td>\n<td>Bien<\/td>\n<td>Bien<\/td>\n<td>\u00c9lev\u00e9<\/td>\n<td>Foire<\/td>\n<\/tr>\n<tr>\n<td>CoCr<\/td>\n<td>Moyen<\/td>\n<td>Foire<\/td>\n<td>Moyen<\/td>\n<td>Excellent<\/td>\n<\/tr>\n<\/tbody>\n<\/table>\n<p class=\"whitespace-pre-wrap\">Gr\u00e2ce \u00e0 ses propri\u00e9t\u00e9s \u00e9quilibr\u00e9es, le 17-4PH offre la meilleure combinaison de solidit\u00e9, de r\u00e9sistance \u00e0 la corrosion et de co\u00fbt pour de nombreuses applications.<\/p>\n<h3><strong>Avantages et inconv\u00e9nients de la poudre 17-4PH pour l'impression 3D<\/strong><\/h3>\n<table>\n<thead>\n<tr>\n<th>* N\u00e9cessaire pour les personnes qui ont des probl\u00e8mes de mobilit\u00e9\n* Peut \u00eatre utilis\u00e9 pour le transport de marchandises\n* Peut \u00eatre utilis\u00e9 pour les loisirs, comme le camping\n* Peut \u00eatre utilis\u00e9 pour explorer des zones recul\u00e9es\n* Peut \u00eatre utilis\u00e9 pour les livraisons de nourriture\n* Peut \u00eatre utilis\u00e9 pour les services de messagerie\n* Peut \u00eatre utilis\u00e9 pour les services de s\u00e9curit\u00e9\n* Peut \u00eatre utilis\u00e9 pour les services d'urgence\n* Peut \u00eatre utilis\u00e9 pour les op\u00e9rations militaires\n\nCons\n\n* Peut \u00eatre cher \u00e0 l'achat\n* Peut \u00eatre cher \u00e0 entretenir\n* Peut \u00eatre difficile \u00e0 conduire dans des espaces confin\u00e9s\n* Peut \u00eatre difficile \u00e0 garer\n* Peut \u00eatre bruyant\n* Peut \u00eatre polluant<\/th>\n<th>Inconv\u00e9nients<\/th>\n<\/tr>\n<\/thead>\n<tbody>\n<tr>\n<td>Rapport poids-puissance \u00e9lev\u00e9<\/td>\n<td>R\u00e9sistance \u00e0 l'oxydation inf\u00e9rieure \u00e0 celle des aciers inoxydables aust\u00e9nitiques<\/td>\n<\/tr>\n<tr>\n<td>Bonne combinaison de solidit\u00e9 et de r\u00e9sistance \u00e0 la corrosion<\/td>\n<td>Post-traitement n\u00e9cessaire comme le HIP et le traitement thermique<\/td>\n<\/tr>\n<tr>\n<td>Co\u00fbt inf\u00e9rieur \u00e0 celui des alliages exotiques<\/td>\n<td>N\u00e9cessit\u00e9 d'un stockage en atmosph\u00e8re contr\u00f4l\u00e9e<\/td>\n<\/tr>\n<tr>\n<td>Des r\u00e9f\u00e9rences \u00e9tablies dans le domaine de la m\u00e9decine anthroposophique<\/td>\n<td>Difficile \u00e0 souder et \u00e0 usiner<\/td>\n<\/tr>\n<tr>\n<td>Propri\u00e9t\u00e9s comparables \u00e0 celles d'un mat\u00e9riau corroy\u00e9<\/td>\n<td>Sensible \u00e0 la corrosion par piq\u00fbres et crevasses<\/td>\n<\/tr>\n<\/tbody>\n<\/table>\n<p class=\"whitespace-pre-wrap\">Le 17-4PH permet d'obtenir des pi\u00e8ces imprim\u00e9es de haute performance dans tous les secteurs, mais il n'est pas adapt\u00e9 aux environnements extr\u00eames.<\/p>\n<h2><strong>Questions fr\u00e9quemment pos\u00e9es sur la poudre 17-4PH pour l'impression 3D<\/strong><\/h2>\n<p class=\"whitespace-pre-wrap\"><strong>Q : Quelle est la gamme de tailles de particules qui convient le mieux \u00e0 l'impression de l'alliage 17-4PH ?<\/strong><\/p>\n<p class=\"whitespace-pre-wrap\">R : Une plage de 15 \u00e0 45 microns permet un \u00e9coulement optimal de la poudre tout en assurant une r\u00e9solution et une densit\u00e9 \u00e9lev\u00e9es des pi\u00e8ces imprim\u00e9es.<\/p>\n<p class=\"whitespace-pre-wrap\"><strong>Q : Quel est le post-traitement n\u00e9cessaire apr\u00e8s l'impression avec le 17-4PH ?<\/strong><\/p>\n<p class=\"whitespace-pre-wrap\">R : Le pressage isostatique \u00e0 chaud et le traitement thermique sont g\u00e9n\u00e9ralement n\u00e9cessaires pour \u00e9liminer les vides internes, r\u00e9duire les contraintes et obtenir des propri\u00e9t\u00e9s optimales.<\/p>\n<p class=\"whitespace-pre-wrap\"><strong>Q : Quel est le mat\u00e9riau le plus comparable au 17-4PH pour les applications AM ?<\/strong><\/p>\n<p class=\"whitespace-pre-wrap\">R : Il est le plus proche du 316L en termes de r\u00e9sistance \u00e0 la corrosion, mais il est beaucoup plus r\u00e9sistant. Le 17-4PH offre la meilleure combinaison globale pour de nombreuses applications \u00e0 haute r\u00e9sistance au-dessus de la s\u00e9rie 300.<\/p>\n<p class=\"whitespace-pre-wrap\"><strong>Q : Le 17-4PH n\u00e9cessite-t-il des supports pour l'impression 3D ?<\/strong><\/p>\n<p class=\"whitespace-pre-wrap\">R : Des supports minimaux sont recommand\u00e9s pour les surplombs et les canaux int\u00e9rieurs complexes afin d'\u00e9viter toute d\u00e9formation pendant l'impression et de permettre un retrait facile.<\/p>\n<p class=\"whitespace-pre-wrap\"><strong>Q : Quelles sont les industries qui utilisent des composants 17-4PH fabriqu\u00e9s de mani\u00e8re additive ?<\/strong><\/p>\n<p class=\"whitespace-pre-wrap\">R : L'a\u00e9rospatiale, le secteur m\u00e9dical, l'automobile, l'outillage industriel et les produits de consommation sont les principaux domaines d'application b\u00e9n\u00e9ficiant de l'impression 3D de pi\u00e8ces en 17-4PH.<\/p>\n<p class=\"whitespace-pre-wrap\"><strong>Q : Quelle pr\u00e9cision et quelle finition peut-on obtenir avec les pi\u00e8ces AM 17-4PH ?<\/strong><\/p>\n<p class=\"whitespace-pre-wrap\">R : Apr\u00e8s post-traitement, les composants imprim\u00e9s en 17-4PH peuvent atteindre des tol\u00e9rances dimensionnelles et une finition de surface comparables \u00e0 celles des pi\u00e8ces usin\u00e9es CNC.<\/p>\n<p class=\"whitespace-pre-wrap\"><strong>Q : Quelle densit\u00e9 peut-on attendre des impressions optimis\u00e9es 17-4PH ?<\/strong><\/p>\n<p class=\"whitespace-pre-wrap\">R : Des densit\u00e9s sup\u00e9rieures \u00e0 99% sont couramment obtenues avec le 17-4PH en utilisant des param\u00e8tres id\u00e9aux adapt\u00e9s \u00e0 l'alliage, correspondant aux propri\u00e9t\u00e9s du corroyage.<\/p>\n<p class=\"whitespace-pre-wrap\"><strong>Q : Le 17-4PH est-il compatible avec les proc\u00e9d\u00e9s de fusion sur lit de poudre ?<\/strong><\/p>\n<p class=\"whitespace-pre-wrap\">R : Oui, il peut \u00eatre trait\u00e9 par fusion laser s\u00e9lective (SLM), frittage laser direct des m\u00e9taux (DMLS) et fusion par faisceau d'\u00e9lectrons (EBM).<\/p>\n<p class=\"whitespace-pre-wrap\"><strong>Q : Quels d\u00e9fauts peuvent appara\u00eetre lors de l'impression de composants 17-4PH ?<\/strong><\/p>\n<p class=\"whitespace-pre-wrap\">R : Les d\u00e9fauts potentiels sont la fissuration, la distorsion, la porosit\u00e9, la fusion incompl\u00e8te et la rugosit\u00e9 de la surface. Il est possible de les minimiser en optimisant les param\u00e8tres d'impression.<\/p>\n<p class=\"whitespace-pre-wrap\"><strong>Q : Les structures de support peuvent-elles \u00eatre facilement retir\u00e9es des pi\u00e8ces imprim\u00e9es en 17-4PH ?<\/strong><\/p>\n<p class=\"whitespace-pre-wrap\">R : Les supports minimaux correctement con\u00e7us sont faciles \u00e0 d\u00e9tacher \u00e9tant donn\u00e9 les excellentes propri\u00e9t\u00e9s m\u00e9caniques de l'alliage \u00e0 l'\u00e9tat vieilli.<\/p>\n<p><\/span><\/span><\/p>","protected":false},"excerpt":{"rendered":"<p>Pr\u00e9sentation de la poudre d'acier inoxydable 17-4PH pour l'impression 3D La poudre d'acier inoxydable 17-4PH est une poudre d'acier inoxydable \u00e0 durcissement par pr\u00e9cipitation largement utilis\u00e9e pour la fabrication additive de composants \u00e0 haute r\u00e9sistance et r\u00e9sistants \u00e0 la corrosion dans les applications a\u00e9rospatiales, m\u00e9dicales, automobiles et d'ing\u00e9nierie g\u00e9n\u00e9rale. Cet article fournit un guide d\u00e9taill\u00e9 sur la poudre 17-4PH pour l'impression 3D. Il couvre la composition, les propri\u00e9t\u00e9s, les param\u00e8tres d'impression, les applications, les sp\u00e9cifications, les fournisseurs,...<\/p>","protected":false},"featured_media":1759,"parent":0,"template":"","meta":{"_acf_changed":false,"_kad_blocks_custom_css":"","_kad_blocks_head_custom_js":"","_kad_blocks_body_custom_js":"","_kad_blocks_footer_custom_js":"","_kad_post_transparent":"","_kad_post_title":"","_kad_post_layout":"","_kad_post_sidebar_id":"","_kad_post_content_style":"","_kad_post_vertical_padding":"","_kad_post_feature":"","_kad_post_feature_position":"","_kad_post_header":false,"_kad_post_footer":false,"_kad_post_classname":""},"product-category":[119,122],"class_list":["post-3877","product","type-product","status-publish","has-post-thumbnail","hentry","product-category-3d-printing-metal-powder","product-category-iron-based-alloy-powder"],"acf":[],"taxonomy_info":{"product-category":[{"value":119,"label":"3D Printing Metal Powder"},{"value":122,"label":"Iron Based Alloy Powder"}]},"featured_image_src_large":["https:\/\/3dpmetal.com\/wp-content\/uploads\/2024\/02\/17-4PH.png",724,540,false],"author_info":[],"comment_info":"","_links":{"self":[{"href":"https:\/\/3dpmetal.com\/fr\/wp-json\/wp\/v2\/product\/3877","targetHints":{"allow":["GET"]}}],"collection":[{"href":"https:\/\/3dpmetal.com\/fr\/wp-json\/wp\/v2\/product"}],"about":[{"href":"https:\/\/3dpmetal.com\/fr\/wp-json\/wp\/v2\/types\/product"}],"wp:featuredmedia":[{"embeddable":true,"href":"https:\/\/3dpmetal.com\/fr\/wp-json\/wp\/v2\/media\/1759"}],"wp:attachment":[{"href":"https:\/\/3dpmetal.com\/fr\/wp-json\/wp\/v2\/media?parent=3877"}],"wp:term":[{"taxonomy":"product-category","embeddable":true,"href":"https:\/\/3dpmetal.com\/fr\/wp-json\/wp\/v2\/product-category?post=3877"}],"curies":[{"name":"wp","href":"https:\/\/api.w.org\/{rel}","templated":true}]}}