{"id":3879,"date":"2024-03-18T06:10:10","date_gmt":"2024-03-18T06:10:10","guid":{"rendered":"https:\/\/3dp.45612300.xyz\/product\/best-stainless-steel-316l-powder-for-3d-printing\/"},"modified":"2024-03-18T06:10:10","modified_gmt":"2024-03-18T06:10:10","slug":"best-stainless-steel-316l-powder-for-3d-printing","status":"publish","type":"product","link":"https:\/\/3dpmetal.com\/fr\/product\/best-stainless-steel-316l-powder-for-3d-printing\/","title":{"rendered":"Meilleure poudre d'acier inoxydable 316L pour l'impression 3D"},"content":{"rendered":"<p><span style=\"vertical-align: inherit;\"><span style=\"vertical-align: inherit;\"><\/p>\n<h2>Aper\u00e7u de la poudre d'acier inoxydable 316L<\/h2>\n<p class=\"whitespace-pre-wrap\">L'acier inoxydable 316L appartient \u00e0 la classe des aciers inoxydables aust\u00e9nitiques. L'ajout de molybd\u00e8ne 2-3%, de nickel et de chrome conf\u00e8re une excellente r\u00e9sistance \u00e0 la corrosion par piq\u00fbres et crevasses dans les environnements difficiles. Le \"L\" indique une teneur en carbone plus faible afin d'\u00e9viter la pr\u00e9cipitation de carbure pendant le soudage.<\/p>\n<p class=\"whitespace-pre-wrap\">Les principales caract\u00e9ristiques de la poudre 316L sont les suivantes<\/p>\n<ul class=\"list-disc pl-8 space-y-2\">\n<li class=\"whitespace-normal\">Excellente r\u00e9sistance \u00e0 la corrosion dans les environnements difficiles<\/li>\n<li class=\"whitespace-normal\">R\u00e9sistance \u00e9lev\u00e9e \u00e0 l'oxydation et \u00e0 la sulfuration \u00e0 des temp\u00e9ratures \u00e9lev\u00e9es<\/li>\n<li class=\"whitespace-normal\">Tr\u00e8s bonne soudabilit\u00e9 et formabilit\u00e9<\/li>\n<li class=\"whitespace-normal\">Structure aust\u00e9nitique non magn\u00e9tique<\/li>\n<li class=\"whitespace-normal\">Disponible dans une gamme de distributions de tailles de particules<\/li>\n<\/ul>\n<p class=\"whitespace-pre-wrap\">La poudre 316L convient aux applications n\u00e9cessitant une excellente r\u00e9sistance \u00e0 la corrosion, comme le traitement chimique, les produits pharmaceutiques, les aliments et les boissons, les \u00e9quipements marins et les implants biom\u00e9dicaux. Cet article fournit un aper\u00e7u d\u00e9taill\u00e9 de la poudre 316L.<\/p>\n<h2>Composition chimique de la poudre 316L<\/h2>\n<p class=\"whitespace-pre-wrap\">La composition typique de la poudre 316L est la suivante<\/p>\n<table>\n<thead>\n<tr>\n<th>\u00e9l\u00e9ment<\/th>\n<th>% en poids<\/th>\n<\/tr>\n<\/thead>\n<tbody>\n<tr>\n<td>Le fer (Fe)<\/td>\n<td>\u00c9quilibre<\/td>\n<\/tr>\n<tr>\n<td>Chrome (Cr)<\/td>\n<td>16-18%<\/td>\n<\/tr>\n<tr>\n<td>Nickel (Ni)<\/td>\n<td>10-14%<\/td>\n<\/tr>\n<tr>\n<td>Molybd\u00e8ne (Mo)<\/td>\n<td>2-3%<\/td>\n<\/tr>\n<tr>\n<td>Mangan\u00e8se (Mn)<\/td>\n<td>\u00a8P 2%<\/td>\n<\/tr>\n<tr>\n<td>Silicium (Si)<\/td>\n<td>\u00a8P 1%<\/td>\n<\/tr>\n<tr>\n<td>Carbone (C)<\/td>\n<td>\u00a8P 0.03%<\/td>\n<\/tr>\n<tr>\n<td>Phosphore (P)<\/td>\n<td>\u00a8P 0.045%<\/td>\n<\/tr>\n<tr>\n<td>Soufre (S)<\/td>\n<td>\u00a8P 0.03%<\/td>\n<\/tr>\n<\/tbody>\n<\/table>\n<p class=\"whitespace-pre-wrap\">Le nickel renforce la r\u00e9sistance \u00e0 la corrosion, tandis que le molybd\u00e8ne am\u00e9liore la r\u00e9sistance \u00e0 la corrosion par piq\u00fbres et par crevasses dans les environnements contenant des chlorures. La faible teneur en carbone \u00e9vite la pr\u00e9cipitation de carbure pendant le soudage.<\/p>\n<p><img loading=\"lazy\" decoding=\"async\" class=\"aligncenter wp-image-1401 size-full\" src=\"https:\/\/met3dp.com\/wp-content\/uploads\/2023\/09\/316L.png\" alt=\"Acier inoxydable 316L Poudre\" width=\"250\" height=\"281\" title=\"\"><\/p>\n<h2>Propri\u00e9t\u00e9s de la poudre 316L<\/h2>\n<p class=\"whitespace-pre-wrap\">La poudre 316L poss\u00e8de les propri\u00e9t\u00e9s suivantes :<\/p>\n<table>\n<thead>\n<tr>\n<th>Propri\u00e9t\u00e9 immobili\u00e8re<\/th>\n<th>Valeur<\/th>\n<\/tr>\n<\/thead>\n<tbody>\n<tr>\n<td>Densit\u00e9<\/td>\n<td>7,9-8,1 g\/cm3<\/td>\n<\/tr>\n<tr>\n<td>Point de fusion<\/td>\n<td>1370-1400\u00a1\u00abC<\/td>\n<\/tr>\n<tr>\n<td>Conductivit\u00e9 thermique<\/td>\n<td>16 W\/mK<\/td>\n<\/tr>\n<tr>\n<td>R\u00e9sistivit\u00e9 \u00e9lectrique<\/td>\n<td>0,75 \u00c3\u00d7'\u00ce.cm<\/td>\n<\/tr>\n<tr>\n<td>Module de Young<\/td>\n<td>190-210 GPa<\/td>\n<\/tr>\n<tr>\n<td>Coefficient de Poisson<\/td>\n<td>0.27-0.30<\/td>\n<\/tr>\n<tr>\n<td>R\u00e9sistance \u00e0 la traction<\/td>\n<td>485-620 MPa<\/td>\n<\/tr>\n<tr>\n<td>Limite d'\u00e9lasticit\u00e9<\/td>\n<td>170-310 MPa<\/td>\n<\/tr>\n<tr>\n<td>Allongement<\/td>\n<td>40-50%<\/td>\n<\/tr>\n<tr>\n<td>Duret\u00e9<\/td>\n<td>79-95 HRB<\/td>\n<\/tr>\n<\/tbody>\n<\/table>\n<p class=\"whitespace-pre-wrap\">Le 316L offre une excellente r\u00e9sistance \u00e0 la corrosion combin\u00e9e \u00e0 une bonne aptitude au formage et \u00e0 la soudure. La structure aust\u00e9nitique offre une bonne t\u00e9nacit\u00e9 et une bonne ductilit\u00e9.<\/p>\n<h2>M\u00e9thode de production de la poudre 316L<\/h2>\n<p class=\"whitespace-pre-wrap\">Les m\u00e9thodes courantes de production de la poudre 316L sont les suivantes :<\/p>\n<ul class=\"list-disc pl-8 space-y-2\">\n<li class=\"whitespace-normal\"><strong>Atomisation par gaz<\/strong>Des jets de gaz inertes d\u00e9sint\u00e8grent le flux d'alliage 316L fondu en fines poudres sph\u00e9riques avec une distribution de taille contr\u00f4l\u00e9e.<\/li>\n<li class=\"whitespace-normal\"><strong>Pulv\u00e9risation d'eau<\/strong>?- Le jet d'eau \u00e0 haute pression percute et d\u00e9sint\u00e8gre le m\u00e9tal en fusion pour produire de fines particules de poudre irr\u00e9guli\u00e8re.<\/li>\n<li class=\"whitespace-normal\"><strong>Alliages M\u00e9caniques<\/strong>- Broyage \u00e0 boulets de poudres \u00e9l\u00e9mentaires m\u00e9lang\u00e9es, suivi d\u2019un frittage et d\u2019une atomisation secondaire<\/li>\n<\/ul>\n<p class=\"whitespace-pre-wrap\">L'atomisation au gaz permet un excellent contr\u00f4le des caract\u00e9ristiques des particules telles que la taille, la forme, le ramassage de l'oxyg\u00e8ne et la microstructure.<\/p>\n<h2>Applications de la poudre 316L<\/h2>\n<p class=\"whitespace-pre-wrap\">Les applications typiques de la poudre 316L comprennent<\/p>\n<ul class=\"list-disc pl-8 space-y-2\">\n<li class=\"whitespace-normal\"><strong>fabrication additive<\/strong>?- Les proc\u00e9d\u00e9s de fusion sur lit de poudre et de projection de liant utilisent la poudre 316L pour les pi\u00e8ces chimiques, marines et biom\u00e9dicales.<\/li>\n<li class=\"whitespace-normal\"><strong>Moulage par injection de m\u00e9tal<\/strong>?pour la fabrication de petites pi\u00e8ces complexes n\u00e9cessitant une r\u00e9sistance \u00e0 la corrosion.<\/li>\n<li class=\"whitespace-normal\"><strong>Rev\u00eatements de projection thermique, pas de marque<\/strong>D\u00e9p\u00f4t par pulv\u00e9risation d'arc \u00e9lectrique pour produire des rev\u00eatements protecteurs dans des environnements difficiles.<\/li>\n<li class=\"whitespace-normal\"><strong>Consommables de soudage<\/strong>?- Utilis\u00e9 comme mat\u00e9riau d'apport pour assembler des composants en 316L, il offre une excellente r\u00e9sistance \u00e0 la soudure.<\/li>\n<li class=\"whitespace-normal\"><strong>Traitement chimique<\/strong>?- R\u00e9cipients, plateaux et paniers en m\u00e9tallurgie des poudres utilis\u00e9s dans les industries chimiques et pharmaceutiques.<\/li>\n<\/ul>\n<h2>Sp\u00e9cifications de la poudre 316L<\/h2>\n<p class=\"whitespace-pre-wrap\">La poudre 316L est disponible dans diff\u00e9rentes gammes de tailles, formes et niveaux de puret\u00e9 :<\/p>\n<ul class=\"list-disc pl-8 space-y-2\">\n<li class=\"whitespace-normal\"><strong>Taille des particules\u00a0:<\/strong>De 10 \u00e0 45 \u00b5m pour les m\u00e9thodes AM, jusqu'\u00e0 150 \u00b5m pour les proc\u00e9d\u00e9s de pulv\u00e9risation thermique.<\/li>\n<li class=\"whitespace-normal\"><strong>Morphologie\u00a0:<\/strong>Formes de particules sph\u00e9riques, irr\u00e9guli\u00e8res et m\u00e9lang\u00e9es. La poudre sph\u00e9rique lisse permet un \u00e9coulement optimal.<\/li>\n<li class=\"whitespace-normal\"><strong>Puret\u00e9\u00a0:<\/strong>De la puret\u00e9 commerciale \u00e0 la puret\u00e9 \u00e9lev\u00e9e (99,9%), adapt\u00e9es aux exigences de l'application.<\/li>\n<li class=\"whitespace-normal\"><strong>Teneur en oxyg\u00e8ne :<\/strong>?niveaux maintenus \u00e0 100-1000 ppm pour la plupart des applications.<\/li>\n<li class=\"whitespace-normal\"><strong>D\u00e9bit :<\/strong>Poudre personnalis\u00e9e pour les d\u00e9bits sup\u00e9rieurs \u00e0 25 s\/50 g.<\/li>\n<\/ul>\n<h2>Fournisseurs mondiaux de poudre 316L<\/h2>\n<p class=\"whitespace-pre-wrap\">Parmi les principaux fournisseurs mondiaux de poudre de 316L, on peut citer<\/p>\n<ul class=\"list-disc pl-8 space-y-2\">\n<li class=\"whitespace-normal\">Sandvik Osprey (Royaume-Uni)<\/li>\n<li class=\"whitespace-normal\">H\u00f6gan\u00e4s (Su\u00e8de)<\/li>\n<li class=\"whitespace-normal\">Carpenter Powder Products (\u00c9tats-Unis)<\/li>\n<li class=\"whitespace-normal\">Praxair (\u00c9tats-Unis)<\/li>\n<li class=\"whitespace-normal\">Oerlikon Metco (Suisse)<\/li>\n<li class=\"whitespace-normal\">LPW Technology (Royaume-Uni)<\/li>\n<\/ul>\n<p class=\"whitespace-pre-wrap\">Ces entreprises produisent diff\u00e9rentes qualit\u00e9s de poudre 316L adapt\u00e9es \u00e0 la fabrication additive, \u00e0 la pulv\u00e9risation thermique, au moulage par injection de m\u00e9tal et \u00e0 d'autres applications.<\/p>\n<h2>Prix de la poudre 316L<\/h2>\n<p class=\"whitespace-pre-wrap\">Les prix de la poudre 316L d\u00e9pendent de facteurs tels que<\/p>\n<ul class=\"list-disc pl-8 space-y-2\">\n<li class=\"whitespace-normal\">Niveaux de puret\u00e9<\/li>\n<li class=\"whitespace-normal\">Caract\u00e9ristiques des particules<\/li>\n<li class=\"whitespace-normal\">Quantit\u00e9 de commande<\/li>\n<li class=\"whitespace-normal\">Traitement additionnel<\/li>\n<li class=\"whitespace-normal\">Fabricant et situation g\u00e9ographique<\/li>\n<\/ul>\n<table>\n<thead>\n<tr>\n<th>Qualit\u00e9<\/th>\n<th>Gamme de prix<\/th>\n<\/tr>\n<\/thead>\n<tbody>\n<tr>\n<td>Publicit\u00e9<\/td>\n<td>15-25 $ par kg<\/td>\n<\/tr>\n<tr>\n<td>Haute puret\u00e9<\/td>\n<td>25-50$ par kg<\/td>\n<\/tr>\n<tr>\n<td>Ultrafin<\/td>\n<td>50 \u00e0 120 \u20ac le kg<\/td>\n<\/tr>\n<tr>\n<td>Sp\u00e9cial<\/td>\n<td>120-250 \u20ac par kg<\/td>\n<\/tr>\n<\/tbody>\n<\/table>\n<p class=\"whitespace-pre-wrap\">Les poudres de haute puret\u00e9 atomis\u00e9es au gaz, de taille de particule contr\u00f4l\u00e9e, ont un prix beaucoup plus \u00e9lev\u00e9 que les poudres 316L ordinaires de qualit\u00e9 commerciale.<\/p>\n<h2>Stockage et manipulation de la poudre 316L<\/h2>\n<p class=\"whitespace-pre-wrap\">La poudre 316L doit \u00eatre manipul\u00e9e avec pr\u00e9caution :<\/p>\n<ul class=\"list-disc pl-8 space-y-2\">\n<li class=\"whitespace-normal\">Emp\u00eache le contact avec l'humidit\u00e9, les acides, etc. entra\u00eenant la corrosion<\/li>\n<li class=\"whitespace-normal\">\u00c9viter l'accumulation de poudres fines pour minimiser le risque d'explosion de poussi\u00e8res.<\/li>\n<li class=\"whitespace-normal\">Utiliser une ventilation ad\u00e9quate et des EPI lors de la manipulation de poudres fines.<\/li>\n<li class=\"whitespace-normal\">Suivre les pratiques recommand\u00e9es dans les FDS des fournisseurs<\/li>\n<li class=\"whitespace-normal\">Stocker les r\u00e9cipients scell\u00e9s dans une atmosph\u00e8re s\u00e8che et inerte.<\/li>\n<\/ul>\n<p class=\"whitespace-pre-wrap\">Des mesures de protection appropri\u00e9es doivent \u00eatre prises lors de la manipulation de poudres d'alliages r\u00e9actifs comme le 316L.<\/p>\n<h2>Inspection et test de la poudre 316L<\/h2>\n<p class=\"whitespace-pre-wrap\">Principaux tests de contr\u00f4le de la qualit\u00e9 effectu\u00e9s sur la poudre 316L :<\/p>\n<ul class=\"list-disc pl-8 space-y-2\">\n<li class=\"whitespace-normal\">Analyse chimique via OES ou XRF pour s\u2019assurer que la composition est dans les limites sp\u00e9cifi\u00e9es<\/li>\n<li class=\"whitespace-normal\">Distribution de granulom\u00e9trie selon la norme ASTM B822<\/li>\n<li class=\"whitespace-normal\">Analyse morphologique par imagerie MEB<\/li>\n<li class=\"whitespace-normal\">D\u00e9bit de poudre mesur\u00e9 selon la norme ASTM B213<\/li>\n<li class=\"whitespace-normal\">D\u00e9termination de la densit\u00e9 par pycnom\u00e9trie \u00e0 l'h\u00e9lium<\/li>\n<li class=\"whitespace-normal\">Analyse des impuret\u00e9s par ICP-SM<\/li>\n<li class=\"whitespace-normal\">Caract\u00e9risation de la microstructure par diffraction des rayons X<\/li>\n<\/ul>\n<p class=\"whitespace-pre-wrap\">Des tests approfondis garantissent que la poudre pr\u00e9sente les caract\u00e9ristiques chimiques, physiques et microstructurelles requises pour l'application envisag\u00e9e.<\/p>\n<h2>Comparaison entre les poudres d'acier inoxydable 316L et 304L<\/h2>\n<p class=\"whitespace-pre-wrap\">Comparaison des poudres d'acier inoxydable 316L et 304L :<\/p>\n<table>\n<thead>\n<tr>\n<th>Param\u00e8tre<\/th>\n<th>316L<\/th>\n<th>304L<\/th>\n<\/tr>\n<\/thead>\n<tbody>\n<tr>\n<td>Composition<\/td>\n<td>Fe-Cr-Ni-Mo<\/td>\n<td>Fe-Cr-Ni<\/td>\n<\/tr>\n<tr>\n<td>R\u00e9sistance \u00e0 la corrosion<\/td>\n<td>Bien mieux<\/td>\n<td>Bien<\/td>\n<\/tr>\n<tr>\n<td>Co\u00fbt<\/td>\n<td>Plus haut<\/td>\n<td>Inf\u00e9rieur<\/td>\n<\/tr>\n<tr>\n<td>R\u00e9sistance \u00e0 la temp\u00e9rature<\/td>\n<td>Meilleur<\/td>\n<td>Bien<\/td>\n<\/tr>\n<tr>\n<td>Soudabilit\u00e9<\/td>\n<td>Excellent<\/td>\n<td>Excellent<\/td>\n<\/tr>\n<tr>\n<td>Disponibilit\u00e9<\/td>\n<td>Mod\u00e9r\u00e9<\/td>\n<td>Excellent<\/td>\n<\/tr>\n<tr>\n<td>APPLICATIONS<\/td>\n<td>Marine, industrie chimique<\/td>\n<td>Produits de consommation, appareils m\u00e9nagers<\/td>\n<\/tr>\n<\/tbody>\n<\/table>\n<p class=\"whitespace-pre-wrap\">Le 316L offre une bien meilleure r\u00e9sistance \u00e0 la corrosion, tandis que le 304L est plus \u00e9conomique pour les applications moins exigeantes.<\/p>\n<h2>FAQ sur la poudre 316L<\/h2>\n<p class=\"whitespace-pre-wrap\"><strong>Q : Comment la poudre d'acier inoxydable 316L est-elle produite ?<\/strong><\/p>\n<p class=\"whitespace-pre-wrap\">R : La poudre de 316L est produite commercialement par atomisation au gaz, atomisation \u00e0 l'eau et alliage m\u00e9canique suivi d'un frittage. L'atomisation au gaz offre le meilleur contr\u00f4le des caract\u00e9ristiques de la poudre.<\/p>\n<p class=\"whitespace-pre-wrap\"><strong>Q : Quelles sont les principales applications de la poudre 316L ?<\/strong><\/p>\n<p class=\"whitespace-pre-wrap\">R : Les principales applications de la poudre 316L comprennent la fabrication additive, le moulage par injection de m\u00e9tal, les rev\u00eatements par pulv\u00e9risation thermique et les pi\u00e8ces de m\u00e9tallurgie des poudres pour les industries chimiques, marines, pharmaceutiques et alimentaires qui ont besoin d'une excellente r\u00e9sistance \u00e0 la corrosion.<\/p>\n<p class=\"whitespace-pre-wrap\"><strong>Q : Quelle est la taille de poudre 316L recommand\u00e9e pour le binder jetting AM ?<\/strong><\/p>\n<p class=\"whitespace-pre-wrap\">R : Pour le processus de projection de liant, la taille typique de la poudre 316L est de 20 \u00e0 45 microns avec une morphologie sph\u00e9rique pour une densit\u00e9 optimale du lit de poudre et l'infiltration du liant.<\/p>\n<p class=\"whitespace-pre-wrap\"><strong>Q : La poudre 316L n\u00e9cessite-t-elle des pr\u00e9cautions particuli\u00e8res de manipulation ?<\/strong><\/p>\n<p class=\"whitespace-pre-wrap\">R : Oui, le 316L est une poudre d'alliage r\u00e9active et doit \u00eatre manipul\u00e9 avec pr\u00e9caution dans une atmosph\u00e8re inerte et une humidit\u00e9 contr\u00f4l\u00e9e, en utilisant une mise \u00e0 la terre, une ventilation et un EPI appropri\u00e9s.<\/p>\n<p class=\"whitespace-pre-wrap\"><strong>Q : O\u00f9 puis-je acheter de la poudre 316L adapt\u00e9e aux implants biom\u00e9dicaux ?<\/strong><\/p>\n<p class=\"whitespace-pre-wrap\">R : De la poudre 316L de haute puret\u00e9, atomis\u00e9e au gaz et r\u00e9pondant aux sp\u00e9cifications biom\u00e9dicales, peut \u00eatre achet\u00e9e aupr\u00e8s de fabricants de premier plan tels que Sandvik Osprey, Hoganas, Carpenter Powder Products et LPW Technology.<\/p>\n<p><\/span><\/span><\/p>","protected":false},"excerpt":{"rendered":"<p>Aper\u00e7u de l'acier inoxydable 316L Poudre L'acier inoxydable 316L appartient \u00e0 la classe des aciers inoxydables aust\u00e9nitiques. L'ajout de molybd\u00e8ne 2-3%, de nickel et de chrome conf\u00e8re une excellente r\u00e9sistance \u00e0 la corrosion par piq\u00fbres et crevasses dans les environnements difficiles. Le \"L\" indique une teneur en carbone plus faible afin d'\u00e9viter la pr\u00e9cipitation de carbure pendant le soudage. Les principales caract\u00e9ristiques de la poudre 316L sont les suivantes :...<\/p>","protected":false},"featured_media":1720,"parent":0,"template":"","meta":{"_acf_changed":false,"_kad_blocks_custom_css":"","_kad_blocks_head_custom_js":"","_kad_blocks_body_custom_js":"","_kad_blocks_footer_custom_js":"","_kad_post_transparent":"","_kad_post_title":"","_kad_post_layout":"","_kad_post_sidebar_id":"","_kad_post_content_style":"","_kad_post_vertical_padding":"","_kad_post_feature":"","_kad_post_feature_position":"","_kad_post_header":false,"_kad_post_footer":false,"_kad_post_classname":""},"product-category":[119,122],"class_list":["post-3879","product","type-product","status-publish","has-post-thumbnail","hentry","product-category-3d-printing-metal-powder","product-category-iron-based-alloy-powder"],"acf":[],"taxonomy_info":{"product-category":[{"value":119,"label":"3D Printing Metal Powder"},{"value":122,"label":"Iron Based Alloy Powder"}]},"featured_image_src_large":["https:\/\/3dpmetal.com\/wp-content\/uploads\/2024\/02\/316L-Stainless-Steel-Powder.png",600,600,false],"author_info":[],"comment_info":"","_links":{"self":[{"href":"https:\/\/3dpmetal.com\/fr\/wp-json\/wp\/v2\/product\/3879","targetHints":{"allow":["GET"]}}],"collection":[{"href":"https:\/\/3dpmetal.com\/fr\/wp-json\/wp\/v2\/product"}],"about":[{"href":"https:\/\/3dpmetal.com\/fr\/wp-json\/wp\/v2\/types\/product"}],"wp:featuredmedia":[{"embeddable":true,"href":"https:\/\/3dpmetal.com\/fr\/wp-json\/wp\/v2\/media\/1720"}],"wp:attachment":[{"href":"https:\/\/3dpmetal.com\/fr\/wp-json\/wp\/v2\/media?parent=3879"}],"wp:term":[{"taxonomy":"product-category","embeddable":true,"href":"https:\/\/3dpmetal.com\/fr\/wp-json\/wp\/v2\/product-category?post=3879"}],"curies":[{"name":"wp","href":"https:\/\/api.w.org\/{rel}","templated":true}]}}