{"id":3882,"date":"2024-03-18T06:10:10","date_gmt":"2024-03-18T06:10:10","guid":{"rendered":"https:\/\/3dp.45612300.xyz\/product\/a-comprehensive-guide-to-h13-powder\/"},"modified":"2024-03-18T06:10:10","modified_gmt":"2024-03-18T06:10:10","slug":"a-comprehensive-guide-to-h13-powder","status":"publish","type":"product","link":"https:\/\/3dpmetal.com\/fr\/product\/a-comprehensive-guide-to-h13-powder\/","title":{"rendered":"Guide complet de la poudre H13"},"content":{"rendered":"<p><span style=\"vertical-align: inherit;\"><span style=\"vertical-align: inherit;\"><\/p>\n<h2>Aper\u00e7u de la poudre H13<\/h2>\n<p class=\"whitespace-pre-wrap\">Le H13 est un acier \u00e0 outils de travail \u00e0 chaud polyvalent au chrome-molybd\u00e8ne-vanadium qui pr\u00e9sente une tr\u00e8s bonne r\u00e9sistance \u00e0 la fissuration par fatigue thermique et \u00e0 l'usure. Il conserve une duret\u00e9 \u00e9lev\u00e9e \u00e0 des temp\u00e9ratures \u00e9lev\u00e9es, ce qui le rend adapt\u00e9 aux outils et matrices utilis\u00e9s pour les applications de formage \u00e0 chaud, de forgeage et de moulage.<\/p>\n<p class=\"whitespace-pre-wrap\">Les principales caract\u00e9ristiques de la poudre H13 sont les suivantes<\/p>\n<ul class=\"list-disc pl-8 space-y-2\">\n<li class=\"whitespace-normal\">Excellente duret\u00e9 \u00e0 chaud et r\u00e9sistance \u00e0 la fatigue thermique<\/li>\n<li class=\"whitespace-normal\">Bonne r\u00e9sistance \u00e0 l'usure et t\u00e9nacit\u00e9<\/li>\n<li class=\"whitespace-normal\">Haute trempabilit\u00e9 pour augmenter la duret\u00e9 par traitement thermique<\/li>\n<li class=\"whitespace-normal\">Excellente usinabilit\u00e9 \u00e0 l'\u00e9tat recuit<\/li>\n<li class=\"whitespace-normal\">Peut \u00eatre poli pour obtenir une finition de surface fine<\/li>\n<li class=\"whitespace-normal\">Disponible dans diff\u00e9rentes gammes de tailles et de morphologies<\/li>\n<\/ul>\n<p class=\"whitespace-pre-wrap\">La poudre H13 est utilis\u00e9e pour produire des outils de travail \u00e0 chaud n\u00e9cessaires dans plusieurs industries, notamment l'automobile, l'a\u00e9rospatiale, l'exploitation mini\u00e8re, le moulage sous pression, etc. Cet article fournit un aper\u00e7u d\u00e9taill\u00e9 de la poudre H13.<\/p>\n<h2>Composition chimique de la poudre H13<\/h2>\n<p class=\"whitespace-pre-wrap\">La composition chimique typique de la poudre H13 est la suivante :<\/p>\n<table>\n<thead>\n<tr>\n<th>\u00e9l\u00e9ment<\/th>\n<th>% en poids<\/th>\n<\/tr>\n<\/thead>\n<tbody>\n<tr>\n<td>Le fer (Fe)<\/td>\n<td>\u00c9quilibre<\/td>\n<\/tr>\n<tr>\n<td>Chrome (Cr)<\/td>\n<td>4.75-5.5%<\/td>\n<\/tr>\n<tr>\n<td>Molybd\u00e8ne (Mo)<\/td>\n<td>1.1-1.75%<\/td>\n<\/tr>\n<tr>\n<td>Vanadium (V)<\/td>\n<td>0.8-1.2%<\/td>\n<\/tr>\n<tr>\n<td>Mangan\u00e8se (Mn)<\/td>\n<td>0.2-0.6%<\/td>\n<\/tr>\n<tr>\n<td>Silicium (Si)<\/td>\n<td>0.8-1.2%<\/td>\n<\/tr>\n<tr>\n<td>Carbone (C)<\/td>\n<td>0.32-0.45%<\/td>\n<\/tr>\n<\/tbody>\n<\/table>\n<p><img loading=\"lazy\" decoding=\"async\" class=\"size-medium wp-image-1409 aligncenter\" src=\"https:\/\/met3dp.com\/wp-content\/uploads\/2023\/09\/ed7a94ec-3c10-4b1b-87ed--300x300.jpg\" alt=\"Poudre H13\" width=\"300\" height=\"300\" title=\"\"><\/p>\n<p class=\"whitespace-pre-wrap\">Les principaux \u00e9l\u00e9ments d'alliage tels que le chrome, le molybd\u00e8ne et le vanadium offrent une excellente r\u00e9sistance \u00e0 la chaleur gr\u00e2ce \u00e0 la formation de carbures stables.<\/p>\n<h2>Propri\u00e9t\u00e9s de la poudre H13<\/h2>\n<p class=\"whitespace-pre-wrap\">La poudre H13 poss\u00e8de les propri\u00e9t\u00e9s suivantes :<\/p>\n<table>\n<thead>\n<tr>\n<th>Propri\u00e9t\u00e9 immobili\u00e8re<\/th>\n<th>Valeur<\/th>\n<\/tr>\n<\/thead>\n<tbody>\n<tr>\n<td>Densit\u00e9<\/td>\n<td>7,3 g\/cm3<\/td>\n<\/tr>\n<tr>\n<td>Point de fusion<\/td>\n<td>1420-1460\u00a1\"C<\/td>\n<\/tr>\n<tr>\n<td>Conductivit\u00e9 thermique<\/td>\n<td>24 W\/mK<\/td>\n<\/tr>\n<tr>\n<td>R\u00e9sistivit\u00e9 \u00e9lectrique<\/td>\n<td>0,55 \u00c3\u00d7'\u00ce.cm<\/td>\n<\/tr>\n<tr>\n<td>Module de Young<\/td>\n<td>200 GPa<\/td>\n<\/tr>\n<tr>\n<td>Coefficient de Poisson<\/td>\n<td>0.29-0.30<\/td>\n<\/tr>\n<tr>\n<td>R\u00e9sistance \u00e0 la traction<\/td>\n<td>1900 MPa<\/td>\n<\/tr>\n<tr>\n<td>Limite d'\u00e9lasticit\u00e9<\/td>\n<td>1650 MPa<\/td>\n<\/tr>\n<tr>\n<td>Allongement<\/td>\n<td>8-9%<\/td>\n<\/tr>\n<tr>\n<td>Duret\u00e9<\/td>\n<td>46-52 HRC<\/td>\n<\/tr>\n<\/tbody>\n<\/table>\n<p>&nbsp;<\/p>\n<p class=\"whitespace-pre-wrap\">Le H13 conserve sa duret\u00e9, sa solidit\u00e9 et sa r\u00e9sistance \u00e0 la fatigue thermique jusqu'\u00e0 600\u00a1\"C, ce qui en fait un choix id\u00e9al pour les applications de travail \u00e0 chaud des outils et des matrices.<\/p>\n<h2>M\u00e9thode de production de la poudre H13<\/h2>\n<p class=\"whitespace-pre-wrap\">Les m\u00e9thodes de production courantes de la poudre H13 sont les suivantes :<\/p>\n<ul class=\"list-disc pl-8 space-y-2\">\n<li class=\"whitespace-normal\"><strong>Atomisation par gaz<\/strong>?- Gaz inerte \u00e0 haute pression utilis\u00e9 pour atomiser l'alliage H13 fondu, ce qui permet d'obtenir de fines poudres sph\u00e9riques avec une distribution de taille contr\u00f4l\u00e9e.<\/li>\n<li class=\"whitespace-normal\"><strong>Pulv\u00e9risation d'eau<\/strong>?- Un jet d'eau \u00e0 grande vitesse percute et d\u00e9sint\u00e8gre le flux de m\u00e9tal fondu en poudres fines et irr\u00e9guli\u00e8res. Moins co\u00fbteux, mais avec un taux d'oxyg\u00e8ne plus \u00e9lev\u00e9.<\/li>\n<li class=\"whitespace-normal\"><strong>Alliages M\u00e9caniques<\/strong>Broyage de poudres de fer et d'\u00e9l\u00e9ments d'alliage suivi d'un frittage et d'une atomisation secondaire.<\/li>\n<\/ul>\n<p class=\"whitespace-pre-wrap\">L'atomisation au gaz permet de mieux contr\u00f4ler les caract\u00e9ristiques des particules telles que la taille, la forme et la micro-propret\u00e9.<\/p>\n<h2>Applications de la poudre H13<\/h2>\n<p class=\"whitespace-pre-wrap\">Les applications typiques de la poudre H13 sont les suivantes<\/p>\n<ul class=\"list-disc pl-8 space-y-2\">\n<li class=\"whitespace-normal\"><strong>fabrication additive<\/strong>?- Utilis\u00e9 dans la fusion laser sur lit de poudre et le jet de liant pour produire des inserts d'outillage de travail \u00e0 chaud, des matrices, des moules de soufflage, etc.<\/li>\n<li class=\"whitespace-normal\"><strong>Rev\u00eatements de projection thermique, pas de marque<\/strong>?- Appliqu\u00e9 \u00e0 l'aide de m\u00e9thodes de pulv\u00e9risation \u00e0 l'arc par fil\/poudre pour obtenir des rev\u00eatements r\u00e9sistants \u00e0 l'usure et \u00e0 la chaleur.<\/li>\n<li class=\"whitespace-normal\"><strong>Moulage par injection de m\u00e9tal<\/strong>?pour fabriquer de petites pi\u00e8ces complexes de travail \u00e0 chaud avec des tol\u00e9rances serr\u00e9es, comme les matrices de forgeage.<\/li>\n<li class=\"whitespace-normal\"><strong>M\u00e9tallurgie des poudres<\/strong>Processus de pressage et de frittage pour produire de mani\u00e8re rentable des outils et des matrices de formage \u00e0 chaud.<\/li>\n<li class=\"whitespace-normal\"><strong>M\u00e9tal d\u2019apport<\/strong>?- Utilis\u00e9 comme fil fourr\u00e9, il offre une excellente r\u00e9sistance \u00e0 la chaleur et \u00e0 l'usure du composant soud\u00e9.<\/li>\n<\/ul>\n<h2>Sp\u00e9cifications de la poudre H13<\/h2>\n<p class=\"whitespace-pre-wrap\">La poudre H13 est disponible dans diff\u00e9rentes gammes de tailles, de formes et de qualit\u00e9s :<\/p>\n<ul class=\"list-disc pl-8 space-y-2\">\n<li class=\"whitespace-normal\"><strong>Taille des particules\u00a0:<\/strong>De 10 \u00e0 45 microns pour les m\u00e9thodes AM, jusqu'\u00e0 150 microns pour les proc\u00e9d\u00e9s de pulv\u00e9risation thermique.<\/li>\n<li class=\"whitespace-normal\"><strong>Morphologie\u00a0:<\/strong>Formes de particules sph\u00e9riques, irr\u00e9guli\u00e8res et m\u00e9lang\u00e9es. La poudre sph\u00e9rique lisse permet un \u00e9coulement optimal.<\/li>\n<li class=\"whitespace-normal\"><strong>Grades :<\/strong>Conformit\u00e9 aux normes AISI, DIN, ASTM et autres normes \u00e9quivalentes. Alliages personnalis\u00e9s \u00e9galement disponibles.<\/li>\n<li class=\"whitespace-normal\"><strong>Puret\u00e9\u00a0:<\/strong>Teneur en oxyg\u00e8ne de 100 \u00e0 2000 ppm selon la m\u00e9thode de production. Des teneurs en oxyg\u00e8ne plus faibles offrent de meilleures performances.<\/li>\n<\/ul>\n<h2>Fournisseurs mondiaux de poudre H13<\/h2>\n<p class=\"whitespace-pre-wrap\">Les principaux fournisseurs de poudre H13 sont les suivants :<\/p>\n<ul class=\"list-disc pl-8 space-y-2\">\n<li class=\"whitespace-normal\">Sandvik Osprey (Royaume-Uni)<\/li>\n<li class=\"whitespace-normal\">Erasteel (France)<\/li>\n<li class=\"whitespace-normal\">HC Stark (Allemagne)<\/li>\n<li class=\"whitespace-normal\">Dura-Bar Metal Services (USA)<\/li>\n<li class=\"whitespace-normal\">Tekna Advanced Materials (Canada)<\/li>\n<li class=\"whitespace-normal\">CNPC Powder Group (Chine)<\/li>\n<\/ul>\n<p class=\"whitespace-pre-wrap\">Ces entreprises produisent de la poudre H13 en utilisant diverses techniques d'atomisation et des alliages personnalis\u00e9s adapt\u00e9s aux applications sp\u00e9cifiques des outils et matrices de travail \u00e0 chaud dans tous les secteurs.<\/p>\n<h2>Prix de la poudre H13<\/h2>\n<p class=\"whitespace-pre-wrap\">Le prix de la poudre H13 d\u00e9pend de plusieurs facteurs :<\/p>\n<ul class=\"list-disc pl-8 space-y-2\">\n<li class=\"whitespace-normal\">Niveaux de puret\u00e9<\/li>\n<li class=\"whitespace-normal\">Taille et morphologie des particules<\/li>\n<li class=\"whitespace-normal\">Proc\u00e9d\u00e9 de fabrication de poudre<\/li>\n<li class=\"whitespace-normal\">Volume de commandes<\/li>\n<li class=\"whitespace-normal\">Traitement additionnel<\/li>\n<li class=\"whitespace-normal\">Fournisseur, localisation g\u00e9ographique<\/li>\n<\/ul>\n<table>\n<thead>\n<tr>\n<th>Qualit\u00e9<\/th>\n<th>Gamme de prix<\/th>\n<\/tr>\n<\/thead>\n<tbody>\n<tr>\n<td>Publicit\u00e9<\/td>\n<td>15-25 $ par kg<\/td>\n<\/tr>\n<tr>\n<td>Haute puret\u00e9<\/td>\n<td>25-50$ par kg<\/td>\n<\/tr>\n<tr>\n<td>Ultrafin<\/td>\n<td>50 \u00e0 120 \u20ac le kg<\/td>\n<\/tr>\n<tr>\n<td>Sp\u00e9cial<\/td>\n<td>120-250 \u20ac par kg<\/td>\n<\/tr>\n<\/tbody>\n<\/table>\n<p>&nbsp;<\/p>\n<p class=\"whitespace-pre-wrap\">Les qualit\u00e9s atomis\u00e9es au gaz et de haute puret\u00e9 sont beaucoup plus ch\u00e8res que la poudre H13 commerciale. Les petites quantit\u00e9s sont \u00e9galement plus co\u00fbteuses.<\/p>\n<h2>Stockage et manipulation de la poudre H13<\/h2>\n<p class=\"whitespace-pre-wrap\">La poudre H13 doit faire l'objet d'un stockage et d'une manipulation contr\u00f4l\u00e9s :<\/p>\n<ul class=\"list-disc pl-8 space-y-2\">\n<li class=\"whitespace-normal\">Conserver dans des r\u00e9cipients herm\u00e9tiques sous contr\u00f4le de l'humidit\u00e9 pour \u00e9viter l'oxydation.<\/li>\n<li class=\"whitespace-normal\">\u00c9viter l'accumulation de poudre fine pour minimiser les risques d'explosion de poussi\u00e8res<\/li>\n<li class=\"whitespace-normal\">Utiliser une mise \u00e0 la terre appropri\u00e9e et un EPI lors de la manipulation des poudres<\/li>\n<li class=\"whitespace-normal\">\u00c9viter tout contact avec des \u00e9tincelles, des flammes ou des sources d'inflammation.<\/li>\n<li class=\"whitespace-normal\">Suivre les pratiques de s\u00e9curit\u00e9 recommand\u00e9es dans les FDS des fournisseurs<\/li>\n<\/ul>\n<p class=\"whitespace-pre-wrap\">Les techniques de bo\u00eete \u00e0 gants \u00e0 gaz inerte sont pr\u00e9f\u00e9r\u00e9es pour manipuler les poudres d'alliage r\u00e9actives comme le H13.<\/p>\n<h2>Inspection et essais de la poudre H13<\/h2>\n<p class=\"whitespace-pre-wrap\">Principaux tests de contr\u00f4le de la qualit\u00e9 pour la poudre H13 :<\/p>\n<ul class=\"list-disc pl-8 space-y-2\">\n<li class=\"whitespace-normal\">Analyse chimique \u00e0 l'aide de l'OES ou de l'XRF pour s'assurer que la composition est correcte<\/li>\n<li class=\"whitespace-normal\">Distribution de granulom\u00e9trie selon la norme ASTM B822<\/li>\n<li class=\"whitespace-normal\">Analyse morphologique par imagerie MEB<\/li>\n<li class=\"whitespace-normal\">D\u00e9bit de poudre mesur\u00e9 selon la norme ASTM B213<\/li>\n<li class=\"whitespace-normal\">D\u00e9termination de la densit\u00e9 par pycnom\u00e9trie \u00e0 l'h\u00e9lium<\/li>\n<li class=\"whitespace-normal\">Analyse des impuret\u00e9s par ICP-SM<\/li>\n<li class=\"whitespace-normal\">Caract\u00e9risation de la microstructure par diffraction des rayons X<\/li>\n<\/ul>\n<p class=\"whitespace-pre-wrap\">Des essais approfondis garantissent l'uniformit\u00e9 de la chimie, des caract\u00e9ristiques physiques et de la microstructure en fonction des exigences de l'application.<\/p>\n<h2>Comparaison entre les poudres d'acier \u00e0 outils H13 et D2<\/h2>\n<p class=\"whitespace-pre-wrap\">H13 et D2 sont deux poudres d'acier \u00e0 outils compar\u00e9es :<\/p>\n<table>\n<thead>\n<tr>\n<th>Param\u00e8tre<\/th>\n<th>H13<\/th>\n<th>D2<\/th>\n<\/tr>\n<\/thead>\n<tbody>\n<tr>\n<td>Type<\/td>\n<td>Acier pour travail \u00e0 chaud<\/td>\n<td>Acier pour travail \u00e0 froid<\/td>\n<\/tr>\n<tr>\n<td>Teneur en Cr<\/td>\n<td>4.75-5.5%<\/td>\n<td>11-13%<\/td>\n<\/tr>\n<tr>\n<td>V contenu<\/td>\n<td>0.8-1.2%<\/td>\n<td>0.7-1.2%<\/td>\n<\/tr>\n<tr>\n<td>R\u00e9sistance thermique<\/td>\n<td>Excellent<\/td>\n<td>Bien<\/td>\n<\/tr>\n<tr>\n<td>R\u00e9sistance \u00e0 l'usure<\/td>\n<td>Tr\u00e8s bien<\/td>\n<td>Excellent<\/td>\n<\/tr>\n<tr>\n<td>T\u00e9nacit\u00e9<\/td>\n<td>Plus haut<\/td>\n<td>Inf\u00e9rieur<\/td>\n<\/tr>\n<tr>\n<td>Co\u00fbt<\/td>\n<td>Inf\u00e9rieur<\/td>\n<td>Plus haut<\/td>\n<\/tr>\n<\/tbody>\n<\/table>\n<p>&nbsp;<\/p>\n<p class=\"whitespace-pre-wrap\">Le H13 r\u00e9siste \u00e0 la chaleur et \u00e0 la fissuration par fatigue thermique, tandis que le D2 offre une tr\u00e8s grande r\u00e9sistance \u00e0 l'usure. Le H13 offre une meilleure t\u00e9nacit\u00e9 et un co\u00fbt inf\u00e9rieur.<\/p>\n<h2>FAQ sur la poudre H13<\/h2>\n<p class=\"whitespace-pre-wrap\"><strong>Q : Comment la poudre d'acier \u00e0 outils H13 est-elle produite ?<\/strong><\/p>\n<p class=\"whitespace-pre-wrap\">R : La poudre H13 est produite commercialement par atomisation au gaz, atomisation \u00e0 l'eau et alliage m\u00e9canique suivi d'un frittage. L'atomisation au gaz offre le meilleur contr\u00f4le des caract\u00e9ristiques de la poudre.<\/p>\n<p class=\"whitespace-pre-wrap\"><strong>Q : Quelles sont les principales applications de la poudre H13 ?<\/strong><\/p>\n<p class=\"whitespace-pre-wrap\">R : Les principales applications de la poudre H13 comprennent la fabrication additive, les rev\u00eatements par pulv\u00e9risation thermique, le moulage par injection de m\u00e9tal et l'outillage de travail \u00e0 chaud par m\u00e9tallurgie des poudres n\u00e9cessitant une excellente r\u00e9sistance \u00e0 la chaleur et \u00e0 l'usure.<\/p>\n<p class=\"whitespace-pre-wrap\"><strong>Q : Quelle est la taille de poudre H13 recommand\u00e9e pour le binder jetting AM ?<\/strong><\/p>\n<p class=\"whitespace-pre-wrap\">R : Pour le processus de projection de liant, la taille typique de la poudre H13 est de 20 \u00e0 45 microns avec une morphologie sph\u00e9rique pour permettre un bon tassement de la poudre et une bonne infiltration du liant.<\/p>\n<p class=\"whitespace-pre-wrap\"><strong>Q : La poudre H13 n\u00e9cessite-t-elle des pr\u00e9cautions particuli\u00e8res de manipulation ?<\/strong><\/p>\n<p class=\"whitespace-pre-wrap\">R : Oui, il est recommand\u00e9 de manipuler la poudre H13 avec pr\u00e9caution, sous contr\u00f4le de l'humidit\u00e9 et dans une atmosph\u00e8re inerte, en utilisant une mise \u00e0 la terre, une ventilation et des EPI appropri\u00e9s.<\/p>\n<p class=\"whitespace-pre-wrap\"><strong>Q : O\u00f9 puis-je acheter de la poudre H13 adapt\u00e9e aux matrices de forgeage \u00e0 chaud ?<\/strong><\/p>\n<p class=\"whitespace-pre-wrap\">R : Pour les applications de matri\u00e7age \u00e0 chaud, la poudre H13 de haute puret\u00e9 peut \u00eatre achet\u00e9e aupr\u00e8s des principaux fabricants, notamment Sandvik Osprey, Erasteel, HC Stark et Dura-Bar Metal Services.<\/p>\n<p><\/span><\/span><\/p>","protected":false},"excerpt":{"rendered":"<p>Aper\u00e7u de la poudre H13 Le H13 est un acier \u00e0 outils de travail \u00e0 chaud polyvalent au chrome, au molybd\u00e8ne et au vanadium qui pr\u00e9sente une tr\u00e8s bonne r\u00e9sistance \u00e0 la fissuration par fatigue thermique et une bonne r\u00e9sistance \u00e0 l'usure. Il conserve une duret\u00e9 \u00e9lev\u00e9e \u00e0 des temp\u00e9ratures \u00e9lev\u00e9es, ce qui le rend adapt\u00e9 aux outils et matrices utilis\u00e9s pour les applications de formage \u00e0 chaud, de forgeage et de moulage. Les principales caract\u00e9ristiques de la poudre H13 sont les suivantes Excellente r\u00e9sistance \u00e0 la...<\/p>","protected":false},"featured_media":1768,"parent":0,"template":"","meta":{"_acf_changed":false,"_kad_blocks_custom_css":"","_kad_blocks_head_custom_js":"","_kad_blocks_body_custom_js":"","_kad_blocks_footer_custom_js":"","_kad_post_transparent":"","_kad_post_title":"","_kad_post_layout":"","_kad_post_sidebar_id":"","_kad_post_content_style":"","_kad_post_vertical_padding":"","_kad_post_feature":"","_kad_post_feature_position":"","_kad_post_header":false,"_kad_post_footer":false,"_kad_post_classname":""},"product-category":[119,122],"class_list":["post-3882","product","type-product","status-publish","has-post-thumbnail","hentry","product-category-3d-printing-metal-powder","product-category-iron-based-alloy-powder"],"acf":[],"taxonomy_info":{"product-category":[{"value":119,"label":"3D Printing Metal Powder"},{"value":122,"label":"Iron Based Alloy Powder"}]},"featured_image_src_large":["https:\/\/3dpmetal.com\/wp-content\/uploads\/2024\/02\/H13-Powder.jpg",600,600,false],"author_info":[],"comment_info":"","_links":{"self":[{"href":"https:\/\/3dpmetal.com\/fr\/wp-json\/wp\/v2\/product\/3882","targetHints":{"allow":["GET"]}}],"collection":[{"href":"https:\/\/3dpmetal.com\/fr\/wp-json\/wp\/v2\/product"}],"about":[{"href":"https:\/\/3dpmetal.com\/fr\/wp-json\/wp\/v2\/types\/product"}],"wp:featuredmedia":[{"embeddable":true,"href":"https:\/\/3dpmetal.com\/fr\/wp-json\/wp\/v2\/media\/1768"}],"wp:attachment":[{"href":"https:\/\/3dpmetal.com\/fr\/wp-json\/wp\/v2\/media?parent=3882"}],"wp:term":[{"taxonomy":"product-category","embeddable":true,"href":"https:\/\/3dpmetal.com\/fr\/wp-json\/wp\/v2\/product-category?post=3882"}],"curies":[{"name":"wp","href":"https:\/\/api.w.org\/{rel}","templated":true}]}}