{"id":3885,"date":"2024-03-18T06:10:10","date_gmt":"2024-03-18T06:10:10","guid":{"rendered":"https:\/\/3dp.45612300.xyz\/product\/best-ti-6al-4v-powder-%c2%a8xtc4-powder%c2%a8ofor-additive-manufacturing\/"},"modified":"2024-04-07T05:40:16","modified_gmt":"2024-04-07T05:40:16","slug":"best-ti-6al-4v-powder","status":"publish","type":"product","link":"https:\/\/3dpmetal.com\/fr\/product\/best-ti-6al-4v-powder\/","title":{"rendered":"Meilleure poudre Ti-6Al-4V"},"content":{"rendered":"<p><span style=\"vertical-align: inherit;\"><span style=\"vertical-align: inherit;\"><\/p>\n<h2>Aper\u00e7u de la poudre TC4<\/h2>\n<p class=\"whitespace-pre-wrap\">TC4 appartient au syst\u00e8me d'alliage de titane \u00e0 deux phases \u00cf \"+\u00c9\u00c7. L'aluminium stabilise la phase alpha tandis que le vanadium est un stabilisateur b\u00eata. Il en r\u00e9sulte un bon \u00e9quilibre entre la solidit\u00e9, la ductilit\u00e9 et les propri\u00e9t\u00e9s \u00e0 haute temp\u00e9rature.<\/p>\n<p class=\"whitespace-pre-wrap\">Les principales caract\u00e9ristiques de la poudre TC4 sont les suivantes<\/p>\n<ul class=\"list-disc pl-8 space-y-2\">\n<li class=\"whitespace-normal\">Rapport poids-puissance \u00e9lev\u00e9<\/li>\n<li class=\"whitespace-normal\">Excellente r\u00e9sistance \u00e0 la fatigue et \u00e0 la rupture<\/li>\n<li class=\"whitespace-normal\">Bonne r\u00e9sistance au fluage \u00e0 des temp\u00e9ratures \u00e9lev\u00e9es<\/li>\n<li class=\"whitespace-normal\">Excellente r\u00e9sistance \u00e0 la corrosion<\/li>\n<li class=\"whitespace-normal\">Disponible dans une gamme de distributions de tailles de particules<\/li>\n<\/ul>\n<p class=\"whitespace-pre-wrap\">La poudre TC4 s'est impos\u00e9e comme un excellent choix pour r\u00e9duire le poids et am\u00e9liorer les performances dans l'a\u00e9rospatiale, l'automobile, le secteur m\u00e9dical et d'autres applications exigeantes.<\/p>\n<h2>Composition de la poudre TC4<\/h2>\n<p class=\"whitespace-pre-wrap\">La poudre TC4 a la composition nominale suivante :<\/p>\n<table>\n<thead>\n<tr>\n<th>\u00e9l\u00e9ment<\/th>\n<th>% en poids<\/th>\n<\/tr>\n<\/thead>\n<tbody>\n<tr>\n<td>Titane (Ti)<\/td>\n<td>\u00c9quilibre<\/td>\n<\/tr>\n<tr>\n<td>Aluminium (Al)<\/td>\n<td>5.5-6.75%<\/td>\n<\/tr>\n<tr>\n<td>Vanadium (V)<\/td>\n<td>3.5-4.5%<\/td>\n<\/tr>\n<tr>\n<td>Le fer (Fe)<\/td>\n<td>0-0.40%<\/td>\n<\/tr>\n<tr>\n<td>Oxyg\u00e8ne (O)<\/td>\n<td>0-0.20%<\/td>\n<\/tr>\n<tr>\n<td>Carbone (C)<\/td>\n<td>0-0.08%<\/td>\n<\/tr>\n<tr>\n<td>Azote (N)<\/td>\n<td>0-0.05%<\/td>\n<\/tr>\n<\/tbody>\n<\/table>\n<p>&nbsp;<\/p>\n<p class=\"whitespace-pre-wrap\">La quantit\u00e9 d'aluminium et de vanadium peut \u00eatre optimis\u00e9e pour obtenir les propri\u00e9t\u00e9s m\u00e9caniques souhait\u00e9es. Les niveaux d'impuret\u00e9s d'oxyg\u00e8ne, d'azote et de carbone sont minimis\u00e9s.<\/p>\n<h2>Propri\u00e9t\u00e9s de la poudre TC4<\/h2>\n<p class=\"whitespace-pre-wrap\">Les principales propri\u00e9t\u00e9s de la poudre TC4 sont les suivantes<\/p>\n<table>\n<thead>\n<tr>\n<th>Propri\u00e9t\u00e9 immobili\u00e8re<\/th>\n<th>Valeur<\/th>\n<\/tr>\n<\/thead>\n<tbody>\n<tr>\n<td>Densit\u00e9<\/td>\n<td>4,41-4,43 g\/cm3<\/td>\n<\/tr>\n<tr>\n<td>Point de fusion<\/td>\n<td>1600-1660\u00a1\"C<\/td>\n<\/tr>\n<tr>\n<td>Conductivit\u00e9 thermique<\/td>\n<td>6,7 W\/mK<\/td>\n<\/tr>\n<tr>\n<td>R\u00e9sistivit\u00e9 \u00e9lectrique<\/td>\n<td>1,7 \u00c3\u00d7'\u00ce.cm<\/td>\n<\/tr>\n<tr>\n<td>Module de Young<\/td>\n<td>110 GPa<\/td>\n<\/tr>\n<tr>\n<td>Coefficient de Poisson<\/td>\n<td>0.32-0.34<\/td>\n<\/tr>\n<tr>\n<td>R\u00e9sistance \u00e0 la traction<\/td>\n<td>900-1200 MPa<\/td>\n<\/tr>\n<tr>\n<td>Limite d'\u00e9lasticit\u00e9<\/td>\n<td>860-900 MPa<\/td>\n<\/tr>\n<tr>\n<td>Allongement<\/td>\n<td>8-15%<\/td>\n<\/tr>\n<tr>\n<td>R\u00e9sistance \u00e0 la fatigue<\/td>\n<td>400-500 MPa<\/td>\n<\/tr>\n<\/tbody>\n<\/table>\n<p>&nbsp;<\/p>\n<p class=\"whitespace-pre-wrap\">Les propri\u00e9t\u00e9s telles que le rapport r\u00e9sistance\/poids \u00e9lev\u00e9, la r\u00e9sistance \u00e0 la fatigue, au fluage et \u00e0 la corrosion font du TC4 un produit adapt\u00e9 aux applications critiques dans toutes les industries.<\/p>\n<h2>M\u00e9thode de production de la poudre TC4<\/h2>\n<p class=\"whitespace-pre-wrap\">La poudre TC4 peut \u00eatre produite par des m\u00e9thodes telles que :<\/p>\n<ul class=\"list-disc pl-8 space-y-2\">\n<li class=\"whitespace-normal\"><strong>Atomisation par gaz<\/strong>?- Jet de gaz inerte \u00e0 haute pression utilis\u00e9 pour atomiser l'alliage TC4 fondu et produire des particules de poudre sph\u00e9riques.<\/li>\n<li class=\"whitespace-normal\"><strong>Proc\u00e9d\u00e9 d'\u00e9lectrodes rotatives \u00e0 plasma<\/strong>?- La d\u00e9sint\u00e9gration centrifuge d'un flux de m\u00e9tal en fusion en rotation rapide produit une poudre sph\u00e9rique.<\/li>\n<li class=\"whitespace-normal\"><strong>Proc\u00e9d\u00e9 Hydrure-Dehydride<\/strong>?- L'hydrure de titane est d\u00e9compos\u00e9 pour donner une fine poudre de titane qui est ensuite m\u00e9lang\u00e9e \u00e0 d'autres poudres \u00e9l\u00e9mentaires.<\/li>\n<\/ul>\n<p class=\"whitespace-pre-wrap\">L'atomisation au gaz permet un excellent contr\u00f4le des caract\u00e9ristiques de la poudre, telles que la distribution de la taille des particules, la morphologie et la fluidit\u00e9.<\/p>\n<h2>Applications de la poudre TC4<\/h2>\n<p class=\"whitespace-pre-wrap\">La poudre TC4 est couramment utilis\u00e9e dans :<\/p>\n<ul class=\"list-disc pl-8 space-y-2\">\n<li class=\"whitespace-normal\"><strong>fabrication additive<\/strong>Fusion s\u00e9lective par laser pour produire des pi\u00e8ces structurelles l\u00e9g\u00e8res pour l'a\u00e9rospatiale et l'automobile.<\/li>\n<li class=\"whitespace-normal\"><strong>Moulage par injection de m\u00e9tal<\/strong>?pour la fabrication de petits composants complexes en forme de filet, tels que des attaches, des maillons et des instruments chirurgicaux.<\/li>\n<li class=\"whitespace-normal\"><strong>Rev\u00eatements de projection thermique, pas de marque<\/strong>?- Appliqu\u00e9 par pulv\u00e9risation plasma ou HVOF pour assurer la r\u00e9sistance \u00e0 l'usure et \u00e0 la corrosion dans les applications marines, p\u00e9troli\u00e8res et gazi\u00e8res, biom\u00e9dicales.<\/li>\n<li class=\"whitespace-normal\"><strong>M\u00e9tallurgie des poudres<\/strong>?- Pressage et frittage pour cr\u00e9er des pi\u00e8ces \u00e0 haute r\u00e9sistance telles que les aubes de compresseurs et de turbines.<\/li>\n<\/ul>\n<h2>Sp\u00e9cifications de la poudre TC4<\/h2>\n<p class=\"whitespace-pre-wrap\">La poudre TC4 est disponible dans diff\u00e9rentes gammes de tailles, de formes et de niveaux de puret\u00e9 :<\/p>\n<ul class=\"list-disc pl-8 space-y-2\">\n<li class=\"whitespace-normal\"><strong>Taille des particules\u00a0:<\/strong>De 15 \u00e0 45 \u00b5m pour les m\u00e9thodes AM, jusqu'\u00e0 100 \u00b5m pour les proc\u00e9d\u00e9s de pulv\u00e9risation thermique.<\/li>\n<li class=\"whitespace-normal\"><strong>Morphologie\u00a0:<\/strong>La forme quasi-sph\u00e9rique de la poudre permet d'optimiser le flux et la densit\u00e9 de l'emballage.<\/li>\n<li class=\"whitespace-normal\"><strong>Puret\u00e9\u00a0:<\/strong>De la puret\u00e9 commerciale \u00e0 des niveaux de puret\u00e9 \u00e9lev\u00e9s en fonction des limites d'impuret\u00e9 et des exigences du processus.<\/li>\n<li class=\"whitespace-normal\"><strong>Teneur en oxyg\u00e8ne :<\/strong>?niveaux maintenus en dessous de 2000 ppm pour la plupart des applications.<\/li>\n<li class=\"whitespace-normal\"><strong>D\u00e9bit :<\/strong>Poudre personnalis\u00e9e pour d'excellents d\u00e9bits sup\u00e9rieurs \u00e0 25 s\/50 g.<\/li>\n<\/ul>\n<h2>Fournisseurs mondiaux de poudre TC4<\/h2>\n<p class=\"whitespace-pre-wrap\">Parmi les principaux fournisseurs mondiaux de poudre TC4, on peut citer<\/p>\n<ul class=\"list-disc pl-8 space-y-2\">\n<li class=\"whitespace-normal\">AP&amp;C (Canada)<\/li>\n<li class=\"whitespace-normal\">TLS Technik (Allemagne)<\/li>\n<li class=\"whitespace-normal\">Tekna (Canada)<\/li>\n<li class=\"whitespace-normal\">Sandvik Osprey (Royaume-Uni)<\/li>\n<li class=\"whitespace-normal\">Advanced Powders (\u00c9tats-Unis)<\/li>\n<li class=\"whitespace-normal\">CNPC Powder Group (Chine)<\/li>\n<\/ul>\n<p class=\"whitespace-pre-wrap\">Ces entreprises produisent diff\u00e9rentes qualit\u00e9s de poudre TC4 adapt\u00e9es \u00e0 la fabrication additive, \u00e0 la pulv\u00e9risation thermique, \u00e0 la m\u00e9tallurgie des poudres et \u00e0 d'autres applications.<\/p>\n<h2>Prix de la poudre TC4<\/h2>\n<p class=\"whitespace-pre-wrap\">Le prix de la poudre TC4 est plus \u00e9lev\u00e9 que celui des aciers et des alliages de nickel :<\/p>\n<ul class=\"list-disc pl-8 space-y-2\">\n<li class=\"whitespace-normal\"><strong>Quantit\u00e9<\/strong>?- $100-150 par kg pour les commandes en vrac sup\u00e9rieures \u00e0 500 kg. Le prix des petites quantit\u00e9s est nettement plus \u00e9lev\u00e9.<\/li>\n<li class=\"whitespace-normal\"><strong>Qualit\u00e9<\/strong>?- La poudre sph\u00e9rique de haute puret\u00e9 fabriqu\u00e9e dans des conditions \u00e9troitement contr\u00f4l\u00e9es \u00e0 l'aide de proc\u00e9d\u00e9s avanc\u00e9s exige un prix \u00e9lev\u00e9.<\/li>\n<li class=\"whitespace-normal\"><strong>Fournisseur<\/strong>?- Les grands fournisseurs mondiaux offrent des avantages en termes de co\u00fbts par rapport aux petits fabricants gr\u00e2ce \u00e0 des volumes de production plus importants.<\/li>\n<li class=\"whitespace-normal\"><strong>G\u00e9ographie<\/strong>Les prix varient d'une r\u00e9gion \u00e0 l'autre, l'Europe et l'Am\u00e9rique du Nord \u00e9tant des march\u00e9s plus chers que l'Asie.<\/li>\n<\/ul>\n<p class=\"whitespace-pre-wrap\">Pour les applications critiques, les acheteurs doivent privil\u00e9gier la qualit\u00e9 plut\u00f4t que le co\u00fbt le plus bas lorsqu'ils s'approvisionnent en poudre TC4.<\/p>\n<h2>Stockage et manipulation de la poudre TC4<\/h2>\n<p class=\"whitespace-pre-wrap\">La poudre TC4 doit \u00eatre stock\u00e9e et manipul\u00e9e avec pr\u00e9caution :<\/p>\n<ul class=\"list-disc pl-8 space-y-2\">\n<li class=\"whitespace-normal\">Ils doivent \u00eatre conserv\u00e9s dans des r\u00e9cipients herm\u00e9tiques sous gaz inerte comme l'argon pour \u00e9viter l'oxydation.<\/li>\n<li class=\"whitespace-normal\">\u00c9viter l'accumulation de poudre fine pour minimiser le risque d'explosion de poussi\u00e8res.<\/li>\n<li class=\"whitespace-normal\">Utiliser les EPI, la ventilation, la mise \u00e0 la terre et les pratiques de s\u00e9curit\u00e9 appropri\u00e9s lors de la manipulation des poudres.<\/li>\n<li class=\"whitespace-normal\">Emp\u00eacher tout contact entre la poudre et les sources d'inflammation en raison du risque d'inflammabilit\u00e9.<\/li>\n<li class=\"whitespace-normal\">Respecter les consignes de s\u00e9curit\u00e9 applicables figurant sur les fiches de donn\u00e9es de s\u00e9curit\u00e9 des fournisseurs.<\/li>\n<\/ul>\n<p class=\"whitespace-pre-wrap\">Il convient d'\u00eatre prudent lors de la manipulation de cette poudre fine et r\u00e9active d'alliage de titane.<\/p>\n<h2>Inspection et test de la poudre TC4<\/h2>\n<p class=\"whitespace-pre-wrap\">Principaux tests de contr\u00f4le de la qualit\u00e9 effectu\u00e9s sur la poudre TC4 :<\/p>\n<ul class=\"list-disc pl-8 space-y-2\">\n<li class=\"whitespace-normal\">Analyse chimique par ICP-OES ou XRF pour s'assurer que la composition est conforme aux sp\u00e9cifications.<\/li>\n<li class=\"whitespace-normal\">Distribution de la taille des particules par diffraction laser conform\u00e9ment \u00e0 la norme ASTM B822.<\/li>\n<li class=\"whitespace-normal\">Analyse morphologique par imagerie MEB.<\/li>\n<li class=\"whitespace-normal\">Mesure du d\u00e9bit de poudre \u00e0 l'aide d'un d\u00e9bitm\u00e8tre \u00e0 effet Hall conform\u00e9ment \u00e0 la norme ASTM B213.<\/li>\n<li class=\"whitespace-normal\">Mesure de la densit\u00e9 par pycnom\u00e9trie \u00e0 l'h\u00e9lium.<\/li>\n<li class=\"whitespace-normal\">Analyse des impuret\u00e9s par fusion de gaz inertes ou ICP-MS.<\/li>\n<li class=\"whitespace-normal\">Caract\u00e9risation de la microstructure par diffraction des rayons X.<\/li>\n<\/ul>\n<p class=\"whitespace-pre-wrap\">Des tests approfondis garantissent l'homog\u00e9n\u00e9it\u00e9 des lots et la qualit\u00e9 de la poudre pour l'application pr\u00e9vue.<\/p>\n<h2>Comparaison entre les poudres TC4 et Ti6Al4V<\/h2>\n<p class=\"whitespace-pre-wrap\">TC4 et Ti6Al4V sont deux poudres d'alliage de titane compar\u00e9es :<\/p>\n<table>\n<thead>\n<tr>\n<th>Param\u00e8tre<\/th>\n<th>CT4<\/th>\n<th>Ti6Al4V<\/th>\n<\/tr>\n<\/thead>\n<tbody>\n<tr>\n<td>Teneur en aluminium<\/td>\n<td>5.5-6.75%<\/td>\n<td>5.5-6.75%<\/td>\n<\/tr>\n<tr>\n<td>Teneur en vanadium<\/td>\n<td>3.5-4.5%<\/td>\n<td>3.5-4.5%<\/td>\n<\/tr>\n<tr>\n<td>Densit\u00e9<\/td>\n<td>Plus haut<\/td>\n<td>Inf\u00e9rieur<\/td>\n<\/tr>\n<tr>\n<td>R\u00e9sistance \u00e0 la traction<\/td>\n<td>Plus haut<\/td>\n<td>Inf\u00e9rieur<\/td>\n<\/tr>\n<tr>\n<td>Ducilit\u00e9<\/td>\n<td>Inf\u00e9rieur<\/td>\n<td>Plus haut<\/td>\n<\/tr>\n<tr>\n<td>R\u00e9sistance \u00e0 l'oxydation<\/td>\n<td>Similaire<\/td>\n<td>Similaire<\/td>\n<\/tr>\n<tr>\n<td>Co\u00fbt<\/td>\n<td>Plus haut<\/td>\n<td>Inf\u00e9rieur<\/td>\n<\/tr>\n<\/tbody>\n<\/table>\n<p>&nbsp;<\/p>\n<p class=\"whitespace-pre-wrap\">TC4 offre une plus grande r\u00e9sistance tandis que Ti6Al4V offre une meilleure ductilit\u00e9. Malgr\u00e9 son co\u00fbt plus \u00e9lev\u00e9, le TC4 convient \u00e0 des applications plus exigeantes.<\/p>\n<h2>FAQ sur la poudre TC4<\/h2>\n<p class=\"whitespace-pre-wrap\"><strong>Q : Comment la poudre TC4 est-elle produite ?<\/strong><\/p>\n<p class=\"whitespace-pre-wrap\">R : La poudre TC4 est produite commercialement par atomisation de gaz, par le proc\u00e9d\u00e9 d'\u00e9lectrode rotative \u00e0 plasma et par le proc\u00e9d\u00e9 d'hydrure-d\u00e9shydrure. L'atomisation au gaz offre le meilleur contr\u00f4le des caract\u00e9ristiques des particules.<\/p>\n<p class=\"whitespace-pre-wrap\"><strong>Q : Quelles sont les principales applications de la poudre TC4 ?<\/strong><\/p>\n<p class=\"whitespace-pre-wrap\">R : Les principales applications de la poudre TC4 comprennent la fabrication additive, les rev\u00eatements par pulv\u00e9risation thermique, le moulage par injection de m\u00e9tal et la m\u00e9tallurgie des poudres pour fabriquer des pi\u00e8ces structurelles l\u00e9g\u00e8res \u00e0 haute r\u00e9sistance.<\/p>\n<p class=\"whitespace-pre-wrap\"><strong>Q : Quelle est la taille typique de la poudre TC4 utilis\u00e9e pour la fusion s\u00e9lective par laser ?<\/strong><\/p>\n<p class=\"whitespace-pre-wrap\">R : Pour le processus SLM, la taille id\u00e9ale de la poudre TC4 est de 15 \u00e0 45 microns, avec une morphologie sph\u00e9rique, un bon \u00e9coulement de la poudre et une bonne densit\u00e9 d'empaquetage.<\/p>\n<p class=\"whitespace-pre-wrap\"><strong>Q : La poudre TC4 n\u00e9cessite-t-elle des pr\u00e9cautions particuli\u00e8res de manipulation ?<\/strong><\/p>\n<p class=\"whitespace-pre-wrap\">R : Oui, il est tr\u00e8s r\u00e9actif et doit \u00eatre manipul\u00e9 avec pr\u00e9caution sous atmosph\u00e8re inerte en utilisant une ventilation, une mise \u00e0 la terre et des EPI appropri\u00e9s pour \u00e9viter les risques d'incendie ou d'explosion.<\/p>\n<p class=\"whitespace-pre-wrap\"><strong>Q : O\u00f9 puis-je acheter de la poudre TC4 adapt\u00e9e aux applications a\u00e9rospatiales ?<\/strong><\/p>\n<p class=\"whitespace-pre-wrap\">R : Pour les pi\u00e8ces a\u00e9rospatiales n\u00e9cessitant une r\u00e9sistance \u00e9lev\u00e9e, la poudre TC4 peut \u00eatre achet\u00e9e aupr\u00e8s des principaux fabricants, notamment AP&amp;C, TLS Technik, Tekna, Sandvik Osprey et Advanced Powders.<\/p>\n<p><\/span><\/span><\/p>","protected":false},"excerpt":{"rendered":"<p>Aper\u00e7u de la poudre TC4 La poudre TC4 appartient au syst\u00e8me d'alliage de titane \u00e0 deux phases \u00cf \"+\u00c9\u00c7. L'aluminium stabilise la phase alpha tandis que le vanadium est un stabilisateur b\u00eata. Il en r\u00e9sulte un bon \u00e9quilibre entre la solidit\u00e9, la ductilit\u00e9 et les propri\u00e9t\u00e9s \u00e0 haute temp\u00e9rature. Les principales caract\u00e9ristiques de la poudre TC4 sont les suivantes Rapport r\u00e9sistance\/poids \u00e9lev\u00e9 Excellente r\u00e9sistance \u00e0 la fatigue et \u00e0 la rupture Bon fluage...<\/p>","protected":false},"featured_media":1774,"parent":0,"template":"","meta":{"_acf_changed":false,"_kad_blocks_custom_css":"","_kad_blocks_head_custom_js":"","_kad_blocks_body_custom_js":"","_kad_blocks_footer_custom_js":"","_kad_post_transparent":"","_kad_post_title":"","_kad_post_layout":"","_kad_post_sidebar_id":"","_kad_post_content_style":"","_kad_post_vertical_padding":"","_kad_post_feature":"","_kad_post_feature_position":"","_kad_post_header":false,"_kad_post_footer":false,"_kad_post_classname":""},"product-category":[119,123],"class_list":["post-3885","product","type-product","status-publish","has-post-thumbnail","hentry","product-category-3d-printing-metal-powder","product-category-titanium-based-alloy-powder"],"acf":[],"taxonomy_info":{"product-category":[{"value":119,"label":"3D Printing Metal Powder"},{"value":123,"label":"Titanium Based Alloy Powder"}]},"featured_image_src_large":["https:\/\/3dpmetal.com\/wp-content\/uploads\/2024\/02\/TC4-ELI-Powder.jpg",600,600,false],"author_info":[],"comment_info":"","_links":{"self":[{"href":"https:\/\/3dpmetal.com\/fr\/wp-json\/wp\/v2\/product\/3885","targetHints":{"allow":["GET"]}}],"collection":[{"href":"https:\/\/3dpmetal.com\/fr\/wp-json\/wp\/v2\/product"}],"about":[{"href":"https:\/\/3dpmetal.com\/fr\/wp-json\/wp\/v2\/types\/product"}],"wp:featuredmedia":[{"embeddable":true,"href":"https:\/\/3dpmetal.com\/fr\/wp-json\/wp\/v2\/media\/1774"}],"wp:attachment":[{"href":"https:\/\/3dpmetal.com\/fr\/wp-json\/wp\/v2\/media?parent=3885"}],"wp:term":[{"taxonomy":"product-category","embeddable":true,"href":"https:\/\/3dpmetal.com\/fr\/wp-json\/wp\/v2\/product-category?post=3885"}],"curies":[{"name":"wp","href":"https:\/\/api.w.org\/{rel}","templated":true}]}}