{"id":3895,"date":"2024-03-18T06:10:12","date_gmt":"2024-03-18T06:10:12","guid":{"rendered":"https:\/\/3dp.45612300.xyz\/product\/feconicr-powder\/"},"modified":"2024-03-18T06:10:12","modified_gmt":"2024-03-18T06:10:12","slug":"feconicr-powder","status":"publish","type":"product","link":"https:\/\/3dpmetal.com\/fr\/product\/feconicr-powder\/","title":{"rendered":"Poudre FeCoNiCr"},"content":{"rendered":"<p><span style=\"vertical-align: inherit;\"><span style=\"vertical-align: inherit;\"><\/p>\n<h2>Aper\u00e7u de la poudre FeCoNiCr<\/h2>\n<p class=\"whitespace-pre-wrap\">FeCoNiCr appartient \u00e0 une classe d'alliages \u00e0 haute performance qui pr\u00e9sentent de bonnes propri\u00e9t\u00e9s m\u00e9caniques, une stabilit\u00e9 microstructurale et une r\u00e9sistance \u00e0 l'environnement \u00e0 des temp\u00e9ratures \u00e9lev\u00e9es d\u00e9passant 750 \u00b0C. Le fer et le cobalt apportent de la r\u00e9sistance. Le nickel am\u00e9liore la ductilit\u00e9 et la t\u00e9nacit\u00e9. Le chrome assure la r\u00e9sistance \u00e0 l'oxydation et \u00e0 la corrosion.<\/p>\n<p class=\"whitespace-pre-wrap\">Caract\u00e9ristiques principales des poudres de FeCoNiCr :<\/p>\n<ul class=\"list-disc pl-8 space-y-2\">\n<li class=\"whitespace-normal\">Excellente tenue \u00e0 la temp\u00e9rature \u00e9lev\u00e9e et \u00e0 la fluage<\/li>\n<li class=\"whitespace-normal\">Bonne tenue de fatigue et ductilit\u00e9<\/li>\n<li class=\"whitespace-normal\">Haute duret\u00e9, r\u00e9sistance \u00e0 l'usure et r\u00e9sistance \u00e0 l'abrasion<\/li>\n<li class=\"whitespace-normal\">Excellente r\u00e9sistance \u00e0 la corrosion et \u00e0 l\u2019oxydation<\/li>\n<li class=\"whitespace-normal\">Disponible dans diverses r\u00e9partitions granulom\u00e9triques et morphologies<\/li>\n<\/ul>\n<p class=\"whitespace-pre-wrap\">La poudre FeCoNiCr est con\u00e7ue pour les rev\u00eatements protecteurs, la pulv\u00e9risation thermique, le soudage, la fabrication additive et autres applications \u00e0 haute temp\u00e9rature n\u00e9cessitant r\u00e9sistance, duret\u00e9 et r\u00e9sistance \u00e0 l'environnement.<\/p>\n<h2>Composition de la poudre FeCoNiCr<\/h2>\n<p class=\"whitespace-pre-wrap\">La poudre de FeCoNiCr a la composition nominale suivante\u00a0:<\/p>\n<table>\n<thead>\n<tr>\n<th>\u00e9l\u00e9ment<\/th>\n<th>Composition<\/th>\n<\/tr>\n<\/thead>\n<tbody>\n<tr>\n<td>Le fer (Fe)<\/td>\n<td>\u00c9quilibre<\/td>\n<\/tr>\n<tr>\n<td>Cobalt (Co)<\/td>\n<td>35-50%<\/td>\n<\/tr>\n<tr>\n<td>Nickel (Ni)<\/td>\n<td>10-30%<\/td>\n<\/tr>\n<tr>\n<td>Chrome (Cr)<\/td>\n<td>8-12%<\/td>\n<\/tr>\n<tr>\n<td>Carbone (C)<\/td>\n<td>&lt; 0,5 %<\/td>\n<\/tr>\n<tr>\n<td>Silicium (Si)<\/td>\n<td>&lt;1,5 %<\/td>\n<\/tr>\n<tr>\n<td>Mangan\u00e8se (Mn)<\/td>\n<td>&lt;1%<\/td>\n<\/tr>\n<\/tbody>\n<\/table>\n<p><img loading=\"lazy\" decoding=\"async\" class=\"size-medium wp-image-1409 aligncenter\" src=\"https:\/\/met3dp.com\/wp-content\/uploads\/2023\/09\/ed7a94ec-3c10-4b1b-87ed--300x300.jpg\" alt=\"Poudre FeCoNiCr\" width=\"300\" height=\"300\" title=\"\"><\/p>\n<p class=\"whitespace-pre-wrap\">Les taux de cobalt, de nickel et de chrome peuvent \u00eatre ajust\u00e9s en fonction des exigences afin d'optimiser les propri\u00e9t\u00e9s m\u00e9caniques et la r\u00e9sistance environnementale. Les impuret\u00e9s sont r\u00e9duites au minimum.<\/p>\n<h2>Propri\u00e9t\u00e9s de la poudre FeCoNiCr<\/h2>\n<p class=\"whitespace-pre-wrap\">Les propri\u00e9t\u00e9s principales de la poudre FeCoNiCr comprennent\u00a0:<\/p>\n<table>\n<thead>\n<tr>\n<th>Propri\u00e9t\u00e9 immobili\u00e8re<\/th>\n<th>Valeur<\/th>\n<\/tr>\n<\/thead>\n<tbody>\n<tr>\n<td>Densit\u00e9<\/td>\n<td>7,5 \u00e0 8,2 g\/cm3<\/td>\n<\/tr>\n<tr>\n<td>Point de fusion<\/td>\n<td>1300-1400\u00a1\u00abC<\/td>\n<\/tr>\n<tr>\n<td>Conductivit\u00e9 thermique<\/td>\n<td>10-30 W\/mK<\/td>\n<\/tr>\n<tr>\n<td>R\u00e9sistivit\u00e9 \u00e9lectrique<\/td>\n<td>65-85 \u00b5g\/100 mL<\/td>\n<\/tr>\n<tr>\n<td>Module de Young<\/td>\n<td>190-220 GPa<\/td>\n<\/tr>\n<tr>\n<td>Coefficient de Poisson<\/td>\n<td>0.28-0.32<\/td>\n<\/tr>\n<tr>\n<td>R\u00e9sistance \u00e0 la traction<\/td>\n<td>600-1100 MPa<\/td>\n<\/tr>\n<tr>\n<td>Limite d'\u00e9lasticit\u00e9<\/td>\n<td>450\u00a0\u00e0 800\u00a0MPa<\/td>\n<\/tr>\n<tr>\n<td>Allongement<\/td>\n<td>15-30%<\/td>\n<\/tr>\n<tr>\n<td>Duret\u00e9<\/td>\n<td>30-50 HRC<\/td>\n<\/tr>\n<\/tbody>\n<\/table>\n<p>&nbsp;<\/p>\n<p class=\"whitespace-pre-wrap\">Ses propri\u00e9t\u00e9s telles que sa r\u00e9sistance aux temp\u00e9ratures \u00e9lev\u00e9es, sa duret\u00e9, sa r\u00e9sistance \u00e0 l'usure et \u00e0 la corrosion le rendent adapt\u00e9 aux applications les plus exigeantes.<\/p>\n<h2>M\u00e9thode de production de la poudre FeCoNiCr<\/h2>\n<p class=\"whitespace-pre-wrap\">La poudre FeCoNiCr peut \u00eatre produite via :<\/p>\n<ul class=\"list-disc pl-8 space-y-2\">\n<li class=\"whitespace-normal\"><strong>Atomisation par gaz<\/strong>?- Gaz inerte haute pression utilis\u00e9 pour atomiser des alliages fondus entrainant une fine poudre sph\u00e9rique id\u00e9ale pour la fabrication additive.<\/li>\n<li class=\"whitespace-normal\"><strong>Pulv\u00e9risation d'eau<\/strong>? - Un jet d'eau \u00e0 grande vitesse fragmente le m\u00e9tal fondu en fines particules de poudre irr\u00e9guli\u00e8res. \u00c9conomique, mais oxydation plus importante.<\/li>\n<li class=\"whitespace-normal\"><strong>Alliages M\u00e9caniques<\/strong>- Broyage \u00e0 boulets de poudres \u00e9l\u00e9mentaires m\u00e9lang\u00e9es, suivi d\u2019un frittage et d\u2019une atomisation secondaire<\/li>\n<\/ul>\n<p class=\"whitespace-pre-wrap\">L'atomisation gazeuse assure le meilleur contr\u00f4le sur la taille des particules, leur forme, leur puret\u00e9 et leur microstructure.<\/p>\n<h2>Applications de la poudre FeCoNiCr<\/h2>\n<p class=\"whitespace-pre-wrap\">Parmi les applications courantes des poudres FeCoNiCr, on trouve\u00a0:<\/p>\n<ul class=\"list-disc pl-8 space-y-2\">\n<li class=\"whitespace-normal\"><strong>Rev\u00eatements de projection thermique, pas de marque<\/strong>?- Projection \u00e0 la flamme \u00e0 grande vitesse (HVOF) et pulv\u00e9risation au plasma pour d\u00e9poser des rev\u00eatements \u00e9pais r\u00e9sistants \u00e0 l'usure et \u00e0 la corrosion sur des outils, des moules, des vannes, des roulements, etc.<\/li>\n<li class=\"whitespace-normal\"><strong>fabrication additive<\/strong>?- Fusion s\u00e9lective par laser pour produire des composants complexes pour des environnements \u00e0 haute temp\u00e9rature.<\/li>\n<li class=\"whitespace-normal\"><strong>M\u00e9tal d\u2019apport<\/strong>?- assure une excellente r\u00e9sistance \u00e0 la temp\u00e9rature de pointe, duret\u00e9 et r\u00e9sistance \u00e0 la corrosion dans la zone de soudage.<\/li>\n<li class=\"whitespace-normal\"><strong>Apport de brasure<\/strong>?- Utilis\u00e9 pour assembler des composants fonctionnant \u00e0 des temp\u00e9ratures tr\u00e8s \u00e9lev\u00e9es n\u00e9cessitant une r\u00e9sistance \u00e0 l'oxydation.<\/li>\n<li class=\"whitespace-normal\"><strong>Usinage du verre<\/strong>- Rouleaux de transport de m\u00e9tallurgie des poudres \u00e0 haute r\u00e9sistance \u00e0 la temp\u00e9rature utilis\u00e9s dans les fours de fusion du verre.<\/li>\n<\/ul>\n<h2>Caract\u00e9ristiques de la poudre FeCoNiCr<\/h2>\n<p class=\"whitespace-pre-wrap\">La poudre FeCoNiCr est disponible dans diff\u00e9rentes gammes de tailles, formes, qualit\u00e9s et niveaux de puret\u00e9 :<\/p>\n<ul class=\"list-disc pl-8 space-y-2\">\n<li class=\"whitespace-normal\"><strong>Taille des particules\u00a0:<\/strong>? De 15 \u00e0 45 \u00c3\u00b5m pour les m\u00e9thodes AM, jusqu'\u00e0 150 \u00c3\u00b5m pour les proc\u00e9d\u00e9s de projection thermique.<\/li>\n<li class=\"whitespace-normal\"><strong>Morphologie\u00a0:<\/strong>? Formes sph\u00e9riques, irr\u00e9guli\u00e8res et composites. La poudre sph\u00e9rique offre un \u00e9coulement et une accumulation optimis\u00e9s.<\/li>\n<li class=\"whitespace-normal\"><strong>Puret\u00e9\u00a0:<\/strong>?Des degr\u00e9s de puret\u00e9 commerciale \u00e0 la puret\u00e9 ultra \u00e9lev\u00e9e selon des exigences rigoureuses en mati\u00e8re d'analyse chimique et d'application.<\/li>\n<li class=\"whitespace-normal\"><strong>Surface\u00a0:<\/strong>Une faible surface est recommand\u00e9e afin de r\u00e9duire les oxydations lors de la manutention et du stockage.<\/li>\n<li class=\"whitespace-normal\"><strong>Grades :<\/strong>Composition et m\u00e9tallurgie des poudres personnalis\u00e9es en fonction de l\u2019application et de la m\u00e9thode de traitement souhait\u00e9es.<\/li>\n<\/ul>\n<h2>Fournisseurs mondiaux de poudre FeCoNiCr<\/h2>\n<p class=\"whitespace-pre-wrap\">Certains des principaux fournisseurs mondiaux de poudre FeCoNiCr comprennent\u00a0:<\/p>\n<ul class=\"list-disc pl-8 space-y-2\">\n<li class=\"whitespace-normal\">Sandvik Osprey (Royaume-Uni)<\/li>\n<li class=\"whitespace-normal\">Erasteel (France)<\/li>\n<li class=\"whitespace-normal\">Tekna (Canada)<\/li>\n<li class=\"whitespace-normal\">Edgetech Industries (\u00c9tats-Unis)<\/li>\n<li class=\"whitespace-normal\">H\u00f6gan\u00e4s (Su\u00e8de)<\/li>\n<li class=\"whitespace-normal\">CNPC Powder (Chine)<\/li>\n<\/ul>\n<p class=\"whitespace-pre-wrap\">Ces soci\u00e9t\u00e9s produisent diff\u00e9rentes qualit\u00e9s de poudre FeCoNiCr en utilisant des proc\u00e9d\u00e9s d'atomisation de gaz, d'atomisation d'eau et d'alliage m\u00e9canique adapt\u00e9s \u00e0 des applications sp\u00e9cifiques.<\/p>\n<h2>Tarification de la poudre FeCoNiCr<\/h2>\n<p class=\"whitespace-pre-wrap\">Les prix de la poudre FeCoNiCr d\u00e9pendent de facteurs tels que :<\/p>\n<ul class=\"list-disc pl-8 space-y-2\">\n<li class=\"whitespace-normal\">Composition, niveaux de puret\u00e9<\/li>\n<li class=\"whitespace-normal\">Taille et morphologie des poudres<\/li>\n<li class=\"whitespace-normal\">M\u00e9thode de production<\/li>\n<li class=\"whitespace-normal\">Volume de commandes<\/li>\n<li class=\"whitespace-normal\">Fabricant et localisation<\/li>\n<\/ul>\n<table>\n<thead>\n<tr>\n<th>Qualit\u00e9<\/th>\n<th>Gamme de prix<\/th>\n<\/tr>\n<\/thead>\n<tbody>\n<tr>\n<td>Publicit\u00e9<\/td>\n<td>60-120 \u20ac par kg<\/td>\n<\/tr>\n<tr>\n<td>Haute puret\u00e9<\/td>\n<td>120-250 \u20ac par kg<\/td>\n<\/tr>\n<tr>\n<td>Ultrafin<\/td>\n<td>250-450 $ par kilogramme<\/td>\n<\/tr>\n<tr>\n<td>Sp\u00e9cial<\/td>\n<td>450-850 euros par kg<\/td>\n<\/tr>\n<\/tbody>\n<\/table>\n<p>&nbsp;<\/p>\n<p class=\"whitespace-pre-wrap\">Les poudres \u00e0 atomisation de gaz, \u00e0 granulom\u00e9trie contr\u00f4l\u00e9e et \u00e0 haute puret\u00e9 pr\u00e9sentent des prix beaucoup plus \u00e9lev\u00e9s par rapport aux qualit\u00e9s commerciales.<\/p>\n<h2>Stockage et manipulation de la poudre de FeCoNiCr<\/h2>\n<p class=\"whitespace-pre-wrap\">Les proc\u00e9dures de stockage et de manipulation appropri\u00e9es pour la poudre FeCoNiCr comprennent\u00a0:<\/p>\n<ul class=\"list-disc pl-8 space-y-2\">\n<li class=\"whitespace-normal\">Conserver dans des contenants scell\u00e9s sous atmosph\u00e8re inerte pour \u00e9viter l'oxydation<\/li>\n<li class=\"whitespace-normal\">\u00c9viter l'accumulation de poudre fine pour contr\u00f4ler les risques d'explosion<\/li>\n<li class=\"whitespace-normal\">Utiliser des EPI appropri\u00e9s, une ventilation et des pratiques de s\u00e9curit\u00e9 lors de la manipulation<\/li>\n<li class=\"whitespace-normal\">\u00c9viter le contact entre la poudre et les mat\u00e9riaux incompatibles<\/li>\n<li class=\"whitespace-normal\">Suivez les consignes de s\u00e9curit\u00e9 en vigueur dans les fiches de donn\u00e9es de s\u00e9curit\u00e9 des fournisseurs<\/li>\n<\/ul>\n<p class=\"whitespace-pre-wrap\">La pr\u00e9caution et les mesures de protection sont essentielles lors de la manipulation de cette poudre d'alliage r\u00e9active.<\/p>\n<h2>Contr\u00f4le et essai de la poudre FeCoNiCr<\/h2>\n<p class=\"whitespace-pre-wrap\">Essais cl\u00e9s de contr\u00f4le qualit\u00e9 r\u00e9alis\u00e9s sur la poudre FeCoNiCr\u00a0:<\/p>\n<ul class=\"list-disc pl-8 space-y-2\">\n<li class=\"whitespace-normal\">Analyse chimique via OES ou XRF pour s\u2019assurer que la composition est dans les limites sp\u00e9cifi\u00e9es<\/li>\n<li class=\"whitespace-normal\">Distribution granulom\u00e9trique par diffraction laser conform\u00e9ment \u00e0 la norme ASTM B822<\/li>\n<li class=\"whitespace-normal\">Analyse morphologique par imagerie MEB<\/li>\n<li class=\"whitespace-normal\">Mesure du d\u00e9bit de poudre selon la norme ASTM B213<\/li>\n<li class=\"whitespace-normal\">D\u00e9termination de la densit\u00e9 par pycnom\u00e9trie \u00e0 l'h\u00e9lium<\/li>\n<li class=\"whitespace-normal\">Contr\u00f4le d'impuret\u00e9 \u00e0 l'aide de la spectrom\u00e9trie de masse \u00e0 plasma \u00e0 couplage inductif (ICP-MS)<\/li>\n<li class=\"whitespace-normal\">Caract\u00e9risation microstructurale par analyse de phase en DRX<\/li>\n<\/ul>\n<p class=\"whitespace-pre-wrap\">Des tests en profondeur v\u00e9rifient la qualit\u00e9 et la consistance de la poudre pour l'application \u00e0 haute temp\u00e9rature pr\u00e9vue.<\/p>\n<h2>Comparaison entre les poudres d\u2019acier inoxydable FeCoNiCr et 316L<\/h2>\n<p class=\"whitespace-pre-wrap\">Comparaison des poudres d'acier inoxydable FeCoNiCr et 316L :<\/p>\n<table>\n<thead>\n<tr>\n<th>Param\u00e8tre<\/th>\n<th>FeCoNiCr<\/th>\n<th>Acier inoxydable 316L<\/th>\n<\/tr>\n<\/thead>\n<tbody>\n<tr>\n<td>Composition<\/td>\n<td>Quaternaire alliage haute temp\u00e9rature<\/td>\n<td>Alliage d'acier inoxydable Fe-Cr-Ni<\/td>\n<\/tr>\n<tr>\n<td>Co\u00fbt<\/td>\n<td>Plus haut<\/td>\n<td>Inf\u00e9rieur<\/td>\n<\/tr>\n<tr>\n<td>Haute r\u00e9sistance \u00e0 la temp\u00e9rature<\/td>\n<td>Bien mieux<\/td>\n<td>Mod\u00e9r\u00e9<\/td>\n<\/tr>\n<tr>\n<td>R\u00e9sistance \u00e0 la corrosion<\/td>\n<td>Comparable<\/td>\n<td>Meilleur<\/td>\n<\/tr>\n<tr>\n<td>Conductivit\u00e9 thermique<\/td>\n<td>Plus haut<\/td>\n<td>Inf\u00e9rieur<\/td>\n<\/tr>\n<tr>\n<td>Ouvrabilit\u00e9<\/td>\n<td>Mod\u00e9r\u00e9<\/td>\n<td>Excellent<\/td>\n<\/tr>\n<tr>\n<td>APPLICATIONS<\/td>\n<td>Projection thermique, FA<\/td>\n<td>Automobile, construction<\/td>\n<\/tr>\n<\/tbody>\n<\/table>\n<p>&nbsp;<\/p>\n<p class=\"whitespace-pre-wrap\">FeCoNiCr offre une bien meilleure r\u00e9sistance aux hautes temp\u00e9ratures alors que le 316L offre de meilleures caract\u00e9ristiques de fabrication et r\u00e9sistance \u00e0 la corrosion \u00e0 moindre co\u00fbt.<\/p>\n<h2>FAQ sur la poudre de FeCoNiCr<\/h2>\n<p class=\"whitespace-pre-wrap\"><strong>Q : Comment la poudre de FeCoNiCr est-elle produite\u00a0?<\/strong><\/p>\n<p class=\"whitespace-pre-wrap\">R : La poudre de FeCoNiCr est produite commercialement en utilisant l'atomisation au gaz, l'atomisation \u00e0 l'eau et le broyage m\u00e9canique suivi du frittage. L'atomisation au gaz offre les meilleures caract\u00e9ristiques de poudre.<\/p>\n<p class=\"whitespace-pre-wrap\"><strong>Q\u00a0: Quelles sont les principales applications de la poudre FeCoNiCr\u00a0?<\/strong><\/p>\n<p class=\"whitespace-pre-wrap\">A : Les principales applications incluent les rev\u00eatements thermiques par projection, la fabrication additive, le m\u00e9tal d'apport brasage, l'outillage de travail \u00e0 chaud par m\u00e9tallurgie des poudres, les \u00e9quipements de traitement du verre dans lesquels la r\u00e9sistance et la durabilit\u00e9 \u00e0 haute temp\u00e9rature sont requises.<\/p>\n<p class=\"whitespace-pre-wrap\"><strong>**Q : Quelle est la taille de particule recommand\u00e9e pour la projection thermique ?**<\/strong><\/p>\n<p class=\"whitespace-pre-wrap\">A : Pour la plupart des proc\u00e9d\u00e9s de projection thermique, une granulom\u00e9trie de 45 \u00e0 150 microns est pr\u00e9f\u00e9r\u00e9e en poudre FeCoNiCr afin de maximiser l'efficacit\u00e9 de d\u00e9p\u00f4t et les propri\u00e9t\u00e9s du rev\u00eatement.<\/p>\n<p class=\"whitespace-pre-wrap\"><strong>Q : La poudre FeCoNiCr n\u00e9cessite-t-elle des pr\u00e9cautions de manipulation particuli\u00e8res\u00a0?<\/strong><\/p>\n<p class=\"whitespace-pre-wrap\">A : Oui, il est essentiel de prendre des mesures de protection appropri\u00e9es lors de la manipulation de cette poudre d'alliage fin r\u00e9actif, notamment une atmosph\u00e8re inerte, une mise \u00e0 la terre, une ventilation et des EPI.<\/p>\n<p class=\"whitespace-pre-wrap\"><strong>Q\u00a0: O\u00f9 puis-je acheter de la poudre FeCoNiCr\u00a0adapt\u00e9e \u00e0 la fabrication additive\u00a0?<\/strong><\/p>\n<p class=\"whitespace-pre-wrap\">R : Pour les applications AM n\u00e9cessitant une r\u00e9sistance \u00e0 des temp\u00e9ratures \u00e9lev\u00e9es, on peut acheter de la poudre fine de FeCoNiCr aupr\u00e8s des principaux fabricants tels que Sandvik, Erasteel, Tekna et Edgetech Industries.<\/p>\n<p><\/span><\/span><\/p>","protected":false},"excerpt":{"rendered":"<p>Aper\u00e7u de la poudre FeCoNiCr Le FeCoNiCr appartient \u00e0 une classe d'alliages \u00e0 hautes performances qui pr\u00e9sentent de bonnes propri\u00e9t\u00e9s m\u00e9caniques, une stabilit\u00e9 microstructurale et une r\u00e9sistance \u00e0 l'environnement \u00e0 des temp\u00e9ratures \u00e9lev\u00e9es sup\u00e9rieures \u00e0 750\u00a1\"C. Le fer et le cobalt assurent la r\u00e9sistance. Le nickel am\u00e9liore la ductilit\u00e9 et la t\u00e9nacit\u00e9. Le chrome assure la r\u00e9sistance \u00e0 l'oxydation et \u00e0 la corrosion. Les principales caract\u00e9ristiques de la poudre FeCoNiCr sont les suivantes : Excellente r\u00e9sistance \u00e0 haute temp\u00e9rature et...<\/p>","protected":false},"featured_media":1792,"parent":0,"template":"","meta":{"_acf_changed":false,"_kad_blocks_custom_css":"","_kad_blocks_head_custom_js":"","_kad_blocks_body_custom_js":"","_kad_blocks_footer_custom_js":"","_kad_post_transparent":"","_kad_post_title":"","_kad_post_layout":"","_kad_post_sidebar_id":"","_kad_post_content_style":"","_kad_post_vertical_padding":"","_kad_post_feature":"","_kad_post_feature_position":"","_kad_post_header":false,"_kad_post_footer":false,"_kad_post_classname":""},"product-category":[119,127],"class_list":["post-3895","product","type-product","status-publish","has-post-thumbnail","hentry","product-category-3d-printing-metal-powder","product-category-high-entropy-alloy-powder"],"acf":[],"taxonomy_info":{"product-category":[{"value":119,"label":"3D Printing Metal Powder"},{"value":127,"label":"High Entropy Alloy Powder"}]},"featured_image_src_large":["https:\/\/3dpmetal.com\/wp-content\/uploads\/2024\/02\/FeCoNiCrMo.jpg",500,432,false],"author_info":[],"comment_info":"","_links":{"self":[{"href":"https:\/\/3dpmetal.com\/fr\/wp-json\/wp\/v2\/product\/3895","targetHints":{"allow":["GET"]}}],"collection":[{"href":"https:\/\/3dpmetal.com\/fr\/wp-json\/wp\/v2\/product"}],"about":[{"href":"https:\/\/3dpmetal.com\/fr\/wp-json\/wp\/v2\/types\/product"}],"wp:featuredmedia":[{"embeddable":true,"href":"https:\/\/3dpmetal.com\/fr\/wp-json\/wp\/v2\/media\/1792"}],"wp:attachment":[{"href":"https:\/\/3dpmetal.com\/fr\/wp-json\/wp\/v2\/media?parent=3895"}],"wp:term":[{"taxonomy":"product-category","embeddable":true,"href":"https:\/\/3dpmetal.com\/fr\/wp-json\/wp\/v2\/product-category?post=3895"}],"curies":[{"name":"wp","href":"https:\/\/api.w.org\/{rel}","templated":true}]}}