{"id":3899,"date":"2024-03-18T06:10:12","date_gmt":"2024-03-18T06:10:12","guid":{"rendered":"https:\/\/3dp.45612300.xyz\/product\/alsi12-powder\/"},"modified":"2024-03-18T06:10:12","modified_gmt":"2024-03-18T06:10:12","slug":"alsi12-powder","status":"publish","type":"product","link":"https:\/\/3dpmetal.com\/fr\/product\/alsi12-powder\/","title":{"rendered":"Poudre AlSi12"},"content":{"rendered":"<p><span style=\"vertical-align: inherit;\"><span style=\"vertical-align: inherit;\"><\/p>\n<h2>Aper\u00e7u de la poudre d'AlSi12<\/h2>\n<p class=\"whitespace-pre-wrap\">AlSi12 ou A413 est un alliage d'aluminium moul\u00e9 contenant une teneur en silicium relativement \u00e9lev\u00e9e. L'ajout de 12 % de silicium offre une bonne r\u00e9sistance \u00e0 l'usure, un faible coefficient de dilatation thermique et une conductivit\u00e9 thermique \u00e9lev\u00e9e.<\/p>\n<p class=\"whitespace-pre-wrap\">Voici les principales caract\u00e9ristiques de la poudre d\u2019AlSi12 :<\/p>\n<ul class=\"list-disc pl-8 space-y-2\">\n<li class=\"whitespace-normal\">Bonne r\u00e9sistance et duret\u00e9<\/li>\n<li class=\"whitespace-normal\">Excellente r\u00e9sistance \u00e0 l'usure<\/li>\n<li class=\"whitespace-normal\">Bon maintien dimensionnel<\/li>\n<li class=\"whitespace-normal\">Conductivit\u00e9 thermique \u00e9lev\u00e9e<\/li>\n<li class=\"whitespace-normal\">Bonne usinabilit\u00e9 et polissabilit\u00e9<\/li>\n<li class=\"whitespace-normal\">Faible densit\u00e9<\/li>\n<li class=\"whitespace-normal\">Disponible en diff\u00e9rentes distributions de taille de particules<\/li>\n<\/ul>\n<p class=\"whitespace-pre-wrap\">L'AlSi12 est utilis\u00e9 pour produire des chemises de cylindre, des segments de piston, des culbuteurs, des bielles, des pi\u00e8ces n\u00e9cessitant une r\u00e9sistance \u00e0 la chaleur et \u00e0 l'usure. L'approche de la m\u00e9tallurgie des poudres permet des g\u00e9om\u00e9tries complexes.<\/p>\n<h2>Composition de la poudre AlSi12<\/h2>\n<p class=\"whitespace-pre-wrap\">La composition typique de la poudre AlSi12 est la suivante\u00a0:<\/p>\n<table>\n<thead>\n<tr>\n<th>\u00e9l\u00e9ment<\/th>\n<th>% en poids<\/th>\n<\/tr>\n<\/thead>\n<tbody>\n<tr>\n<td>Aluminium (Al)<\/td>\n<td>\u00c9quilibre<\/td>\n<\/tr>\n<tr>\n<td>Silicium (Si)<\/td>\n<td>11-13%<\/td>\n<\/tr>\n<tr>\n<td>Cuivre (Cu)<\/td>\n<td>&lt;1%<\/td>\n<\/tr>\n<tr>\n<td>Magn\u00e9sium (Mg)<\/td>\n<td>&lt;1%<\/td>\n<\/tr>\n<tr>\n<td>Le fer (Fe)<\/td>\n<td>&lt;1%<\/td>\n<\/tr>\n<tr>\n<td>Mangan\u00e8se (Mn)<\/td>\n<td>&lt;1%<\/td>\n<\/tr>\n<tr>\n<td>Zinc (Zn)<\/td>\n<td>&lt;1%<\/td>\n<\/tr>\n<tr>\n<td>Nickel (Ni)<\/td>\n<td>&lt; 0,5 %<\/td>\n<\/tr>\n<\/tbody>\n<\/table>\n<p><img loading=\"lazy\" decoding=\"async\" class=\"size-medium wp-image-1409 aligncenter\" src=\"https:\/\/met3dp.com\/wp-content\/uploads\/2023\/09\/ed7a94ec-3c10-4b1b-87ed--300x300.jpg\" alt=\"Poudre AlSi12\" width=\"300\" height=\"300\" title=\"\"><\/p>\n<p class=\"whitespace-pre-wrap\">L'aluminium fournit la matrice, tandis que le silicium repr\u00e9sente le principal \u00e9l\u00e9ment d'alliage. Des traces d'autres \u00e9l\u00e9ments peuvent \u00eatre pr\u00e9sentes. La forte teneur en silicium conf\u00e8re ses propri\u00e9t\u00e9s particuli\u00e8res \u00e0 cet alliage.<\/p>\n<h2>Propri\u00e9t\u00e9s de la poudre AlSi12<\/h2>\n<p class=\"whitespace-pre-wrap\">La poudre d'AlSi12 poss\u00e8de les propri\u00e9t\u00e9s suivantes\u00a0:<\/p>\n<table>\n<thead>\n<tr>\n<th>Propri\u00e9t\u00e9 immobili\u00e8re<\/th>\n<th>Valeur<\/th>\n<\/tr>\n<\/thead>\n<tbody>\n<tr>\n<td>Densit\u00e9<\/td>\n<td>2,7 g\/cm\u00b3<\/td>\n<\/tr>\n<tr>\n<td>Point de fusion<\/td>\n<td>560 \u00ab\u2009C<\/td>\n<\/tr>\n<tr>\n<td>Conductivit\u00e9 thermique<\/td>\n<td>150\u2013180 W\/mK<\/td>\n<\/tr>\n<tr>\n<td>R\u00e9sistivit\u00e9 \u00e9lectrique<\/td>\n<td>4-6 \u00c3 middot;\u00b4\u00ce.cm<\/td>\n<\/tr>\n<tr>\n<td>Module de Young<\/td>\n<td>80 \u00e0 90 GPa<\/td>\n<\/tr>\n<tr>\n<td>Coefficient de Poisson<\/td>\n<td>0.33<\/td>\n<\/tr>\n<tr>\n<td>R\u00e9sistance \u00e0 la traction<\/td>\n<td>240 \u00e0 300 MPa<\/td>\n<\/tr>\n<tr>\n<td>R\u00e9sistance en Compression<\/td>\n<td>600-650 MPa<\/td>\n<\/tr>\n<tr>\n<td>Allongement<\/td>\n<td>3-5%<\/td>\n<\/tr>\n<tr>\n<td>Duret\u00e9<\/td>\n<td>80 \u00e0 90 Brinell<\/td>\n<\/tr>\n<\/tbody>\n<\/table>\n<p>&nbsp;<\/p>\n<p class=\"whitespace-pre-wrap\">Les ajouts de silicium entra\u00eenent une r\u00e9sistance, une duret\u00e9, une r\u00e9sistance \u00e0 l'usure et une conductivit\u00e9 thermique plus \u00e9lev\u00e9es par rapport \u00e0 l'aluminium non alli\u00e9. Le mat\u00e9riau conserve une bonne ductilit\u00e9 et usinabilit\u00e9.<\/p>\n<h2>M\u00e9thode de production de poudre d'AlSi12<\/h2>\n<p class=\"whitespace-pre-wrap\">La poudre AlSi12 est fabriqu\u00e9e par :<\/p>\n<ul class=\"list-disc pl-8 space-y-2\">\n<li class=\"whitespace-normal\"><strong>Atomisation par gaz<\/strong>?- Des jets de gaz inerte \u00e0 haute pression atomisent un alliage AlSi12 fondu pour former des poudres sph\u00e9riques. Cela g\u00e9n\u00e8re une poudre avec une morphologie lisse et une distribution de taille \u00e9troite appropri\u00e9e pour la FA.<\/li>\n<li class=\"whitespace-normal\"><strong>Pulv\u00e9risation d'eau<\/strong>?- Jets d'eau \u00e0 grande vitesse heurtent le flux de m\u00e9tal fondu pour produire de fines particules irr\u00e9guli\u00e8res d'AlSi12. Faible co\u00fbt mais absorption d'oxyg\u00e8ne plus \u00e9lev\u00e9e.<\/li>\n<li class=\"whitespace-normal\"><strong>Broyage m\u00e9canique<\/strong>- Broyage \u00e0 boulets des poudres d'aluminium et de silicium suivi de m\u00e9lange, compactage et frittage. Cela donne une distribution granulom\u00e9trique large.<\/li>\n<\/ul>\n<p class=\"whitespace-pre-wrap\">L'atomisation au gaz est pr\u00e9f\u00e9r\u00e9e quand une poudre sph\u00e9rique avec des caract\u00e9ristiques contr\u00f4l\u00e9es est requise comme pour la production additive ou le MIM. La m\u00e9thode de broyage m\u00e9canique est moins co\u00fbteuse.<\/p>\n<h2>Applications de la poudre AlSi12<\/h2>\n<p class=\"whitespace-pre-wrap\">Les applications cl\u00e9s de la poudre d'alliage AlSi12 comprennent\u00a0:<\/p>\n<ul class=\"list-disc pl-8 space-y-2\">\n<li class=\"whitespace-normal\"><strong>fabrication additive<\/strong>?- Utilis\u00e9 pour fabriquer des pi\u00e8ces m\u00e9talliques complexes par fusion s\u00e9lective au laser, frittage direct par laser m\u00e9tallique, projection de liant, etc.<\/li>\n<li class=\"whitespace-normal\"><strong>M\u00e9tallurgie des poudres<\/strong>- Compactage et frittage pour cr\u00e9er des pi\u00e8ces haute performance comme des segments de piston, des composants de pompe, des culbuteurs.<\/li>\n<li class=\"whitespace-normal\"><strong>Moulage par injection de m\u00e9tal<\/strong>?- Donne naissance \u00e0 des composants complexes avec d'excellentes propri\u00e9t\u00e9s et finitions de surface.<\/li>\n<li class=\"whitespace-normal\"><strong>Rev\u00eatements r\u00e9sistant \u00e0 l'usure<\/strong>- Appliqu\u00e9 par des proc\u00e9d\u00e9s de projection thermique sur les al\u00e9sages de cylindres, les jupes de pistons, les blocs-moteurs.<\/li>\n<li class=\"whitespace-normal\"><strong>Apport de brasure<\/strong>?- Pour l'assemblage de l'aluminium et des composants en acier dans le secteur automobile et a\u00e9rospatial<\/li>\n<li class=\"whitespace-normal\"><strong>Mat\u00e9riaux de friction<\/strong>- Haute teneur en silicone am\u00e9liorant les performances de friction. Utilis\u00e9 dans les plaquettes de frein, disques d'embrayage.<\/li>\n<li class=\"whitespace-normal\"><strong>Casting<\/strong>?- Ajout\u00e9 aux fontes d'aluminium pour am\u00e9liorer la coulabilit\u00e9 e la r\u00e9sistance \u00e0 l'usure.<\/li>\n<\/ul>\n<h2>Sp\u00e9cifications de la poudre AlSi12<\/h2>\n<p class=\"whitespace-pre-wrap\">La poudre d'AlSi12 est disponible dans diff\u00e9rentes gammes de tailles, qualit\u00e9s et niveaux de puret\u00e9\u00a0:<\/p>\n<ul class=\"list-disc pl-8 space-y-2\">\n<li class=\"whitespace-normal\"><strong>Taille des particules\u00a0:<\/strong>?De 10 \u00e0 150 microns pour AM, moins de 45 microns pour la mati\u00e8re premi\u00e8re pour MIM.<\/li>\n<li class=\"whitespace-normal\"><strong>Morphologie\u00a0:<\/strong>Formes sph\u00e9riques, irr\u00e9guli\u00e8res et mixtes. La forme sph\u00e9rique am\u00e9liore le flux et le conditionnement.<\/li>\n<li class=\"whitespace-normal\"><strong>Puret\u00e9\u00a0:<\/strong>?De qualit\u00e9s commerciales \u00e0 haute puret\u00e9 selo analyse \u00e9l\u00e9mentaire<\/li>\n<li class=\"whitespace-normal\"><strong>Teneur en oxyg\u00e8ne :<\/strong>? Les niveaux varient de 300 \u00e0 1000 ppm pour les gaz atomis\u00e9s, plus \u00e9lev\u00e9s pour les atomisations \u00e0 l'eau.<\/li>\n<li class=\"whitespace-normal\"><strong>Grades :<\/strong>Composition personnalisable et caract\u00e9ristiques de poudre bas\u00e9es sur l'application.<\/li>\n<li class=\"whitespace-normal\"><strong>Surface\u00a0:<\/strong>?Pour les poudres \u00e0 l\u2019\u00e9chelle nanom\u00e9trique, la surface atteint 10 m2\/g.<\/li>\n<\/ul>\n<h2>Fournisseurs mondiaux de poudre AlSi12<\/h2>\n<p class=\"whitespace-pre-wrap\">Voici quelques-uns des principaux fournisseurs mondiaux de poudre AlSi12\u00a0:<\/p>\n<ul class=\"list-disc pl-8 space-y-2\">\n<li class=\"whitespace-normal\">Alpoco (Royaume-Uni)<\/li>\n<li class=\"whitespace-normal\">AMC Powders (Allemagne)<\/li>\n<li class=\"whitespace-normal\">Makin Metal Powders (R.-U.)<\/li>\n<li class=\"whitespace-normal\">Belmont Metals (\u00c9tats-Unis)<\/li>\n<li class=\"whitespace-normal\">CNPC Powder (Chine)<\/li>\n<li class=\"whitespace-normal\">SCM Metal Products (\u00c9tats-Unis)<\/li>\n<li class=\"whitespace-normal\">H\u00f6gan\u00e4s (Su\u00e8de)<\/li>\n<\/ul>\n<p class=\"whitespace-pre-wrap\">Ces entreprises proposent diff\u00e9rentes distributions granulom\u00e9triques, morphologies de poudre, nuances de poudre AlSi12 sur mesure, adapt\u00e9es \u00e0 la fabrication additive, \u00e0 la projection thermique, au MIM et \u00e0 d'autres utilisations.<\/p>\n<h2>Prix de la poudre AlSi12<\/h2>\n<p class=\"whitespace-pre-wrap\">Les prix de poudre AlSi12 d\u00e9pendent de :<\/p>\n<ul class=\"list-disc pl-8 space-y-2\">\n<li class=\"whitespace-normal\">Niveaux de puret\u00e9<\/li>\n<li class=\"whitespace-normal\">Forme et plage de tailles des particules<\/li>\n<li class=\"whitespace-normal\">Quantit\u00e9 de commande<\/li>\n<li class=\"whitespace-normal\">Traitement suppl\u00e9mentaire de la poudre<\/li>\n<li class=\"whitespace-normal\">Fournisseur et son emplacement<\/li>\n<\/ul>\n<table>\n<thead>\n<tr>\n<th>Qualit\u00e9<\/th>\n<th>Gamme de prix<\/th>\n<\/tr>\n<\/thead>\n<tbody>\n<tr>\n<td>Publicit\u00e9<\/td>\n<td>5-15 $ le kilo<\/td>\n<\/tr>\n<tr>\n<td>Haute puret\u00e9<\/td>\n<td>15-25 $ par kg<\/td>\n<\/tr>\n<tr>\n<td>Ultrafin<\/td>\n<td>25-50$ par kg<\/td>\n<\/tr>\n<tr>\n<td>Sp\u00e9cial<\/td>\n<td>Entre 50 et 100 $ le kg<\/td>\n<\/tr>\n<\/tbody>\n<\/table>\n<p>&nbsp;<\/p>\n<p class=\"whitespace-pre-wrap\">En g\u00e9n\u00e9ral, la poudre de gaz atomis\u00e9e sph\u00e9rique avec une distribution de taille de particules contr\u00f4l\u00e9e et une puret\u00e9 \u00e9lev\u00e9e pour AM et MIM co\u00fbte beaucoup plus cher que les qualit\u00e9s commerciales.<\/p>\n<h2>Manutention et stockage de poudre AlSi12<\/h2>\n<p class=\"whitespace-pre-wrap\">Garder et manipuler prudemment la poudre d'AlSi12 pour \u00e9viter :<\/p>\n<ul class=\"list-disc pl-8 space-y-2\">\n<li class=\"whitespace-normal\">Contact avec l'humidit\u00e9 &#8211; conduit \u00e0 l'oxydation. Stocker dans des r\u00e9cipients herm\u00e9tiques avec des sacs d\u00e9shydratants.<\/li>\n<li class=\"whitespace-normal\">Agglom\u00e9ration - Emp\u00eache le flux. Stockez la poudre au frais et au sec, et envisagez d'ajouter des agents fluidifiants.<\/li>\n<li class=\"whitespace-normal\">Risques d'incendie &#8211; ne pas stocker pr\u00e8s de sources d'inflammation en raison de l'inflammabilit\u00e9 des m\u00e9taux finement divis\u00e9s.<\/li>\n<li class=\"whitespace-normal\">Inhalation\u00a0\u00a0-\u00a0utiliser des masques pour emp\u00eacher l\u2019inhalation de fines poudres pendant la manipulation.<\/li>\n<li class=\"whitespace-normal\">Les pr\u00e9cautions concernant la fiche de donn\u00e9es de s\u00e9curit\u00e9 fournies par le fournisseur doivent \u00eatre suivies.<\/li>\n<\/ul>\n<p class=\"whitespace-pre-wrap\">Techniques appropri\u00e9es de bo\u00eete \u00e0 gants \u00e0 gaz inerte recommand\u00e9es lors de la manipulation de poudres d'aluminium r\u00e9actives.<\/p>\n<h2>M\u00e9thodes d'essai et de caract\u00e9risation<\/h2>\n<p class=\"whitespace-pre-wrap\">Les principales m\u00e9thodes de test cl\u00e9s des poudres AlSi12 comprennent\u00a0:<\/p>\n<ul class=\"list-disc pl-8 space-y-2\">\n<li class=\"whitespace-normal\">Analyse chimique &#8211; les techniques ICP et XRF d\u00e9terminent la composition et les niveaux de puret\u00e9.<\/li>\n<li class=\"whitespace-normal\">Analyse granulom\u00e9trique  &#8211; R\u00e9alis\u00e9e conform\u00e9ment \u00e0 la norme ASTM B822 au moyen d'une diffraction laser.<\/li>\n<li class=\"whitespace-normal\">Morfologia &#8211; la microscopie \u00e9lectronique \u00e0 balayage r\u00e9v\u00e8le la forme et la structure de la surface.<\/li>\n<li class=\"whitespace-normal\">D\u00e9bit de poudre &#8211; Mesur\u00e9 par un d\u00e9bitm\u00e8tre Hall conform\u00e9ment \u00e0 la norme ASTM B213.<\/li>\n<li class=\"whitespace-normal\">Densit\u00e9&amp;#8211 ; Mesur\u00e9e par pycnom\u00e9trie gaz ou m\u00e9thode de densit\u00e9 apparente.<\/li>\n<li class=\"whitespace-normal\">Microstructure &#8211; Analyse par diffraction de rayons X des phases pr\u00e9sentes.<\/li>\n<\/ul>\n<p class=\"whitespace-pre-wrap\">Des tests et des inspections complets garantissent que la poudre AlSi12 r\u00e9pond aux exigences de l'application.<\/p>\n<h2>Comparaison des poudres AlSi12 et AlSi10Mg<\/h2>\n<p class=\"whitespace-pre-wrap\">AlSi12 et AlSi10Mg sont deux poudres d'alliage d'aluminium compar\u00e9es  :<\/p>\n<table>\n<thead>\n<tr>\n<th>Param\u00e8tre<\/th>\n<th>Poudre AlSi12<\/th>\n<th>Poudre AlSi10Mg<\/th>\n<\/tr>\n<\/thead>\n<tbody>\n<tr>\n<td>Type d\u2019alliage<\/td>\n<td>Fonte moul\u00e9e<\/td>\n<td>Alliage corroy\u00e9<\/td>\n<\/tr>\n<tr>\n<td>Si satisfaisant<\/td>\n<td>11-13%<\/td>\n<td>9-11%<\/td>\n<\/tr>\n<tr>\n<td>Teneur en Mg<\/td>\n<td>&lt;1%<\/td>\n<td>0.2-0.5%<\/td>\n<\/tr>\n<tr>\n<td>Force<\/td>\n<td>Plus haut<\/td>\n<td>Inf\u00e9rieur<\/td>\n<\/tr>\n<tr>\n<td>R\u00e9sistance \u00e0 l'usure<\/td>\n<td>Excellent<\/td>\n<td>Bien<\/td>\n<\/tr>\n<tr>\n<td>R\u00e9sistance \u00e0 la corrosion<\/td>\n<td>Mod\u00e9r\u00e9<\/td>\n<td>Excellent<\/td>\n<\/tr>\n<tr>\n<td>Usinabilit\u00e9<\/td>\n<td>Tr\u00e8s bien<\/td>\n<td>Mod\u00e9r\u00e9<\/td>\n<\/tr>\n<tr>\n<td>APPLICATIONS<\/td>\n<td>Pi\u00e8ces d'usure, gestion thermique<\/td>\n<td>Pi\u00e8ces a\u00e9ronautiques, marines<\/td>\n<\/tr>\n<tr>\n<td>Co\u00fbt<\/td>\n<td>Inf\u00e9rieur<\/td>\n<td>Plus haut<\/td>\n<\/tr>\n<\/tbody>\n<\/table>\n<p>&nbsp;<\/p>\n<p class=\"whitespace-pre-wrap\">AlSi12 fournit la meilleure combinaison de propri\u00e9t\u00e9s d'usure, d'usinabilit\u00e9 et de faible co\u00fbt tandis qu'AlSi10Mg offre une r\u00e9sistance et une r\u00e9sistance \u00e0 la corrosion plus \u00e9lev\u00e9es requises pour les pi\u00e8ces structurelles critiques.<\/p>\n<h2>FAQ sur la poudre AlSi12<\/h2>\n<p class=\"whitespace-pre-wrap\"><strong>**Q :** Comment la poudre AlSi12 est-elle produite\u00a0?<\/strong><\/p>\n<p class=\"whitespace-pre-wrap\">R : La poudre AlSi12 est produite commercialement par atomisation au gaz et atomisation \u00e0 l'eau de l'alliage fondu. Le broyage m\u00e9canique est \u00e9galement utilis\u00e9 pour fabriquer cette poudre.<\/p>\n<p class=\"whitespace-pre-wrap\"><strong>Q : \u00c0 quoi sert la poudre AlSi12 ?<\/strong><\/p>\n<p class=\"whitespace-pre-wrap\">R: L'AlSi12 est utilis\u00e9 dans la fabrication additive, la production de pi\u00e8ces de m\u00e9tallurgie des poudres, les rev\u00eatements de projection thermique, le moulage par injection de m\u00e9tal et autres applications n\u00e9cessitant un alliage l\u00e9ger avec de bonnes propri\u00e9t\u00e9s d'usure et d'usinabilit\u00e9.<\/p>\n<p class=\"whitespace-pre-wrap\"><strong>Q\u00a0: Quelle est la granulom\u00e9trie typique de la poudre AlSi12 en FA\u00a0?<\/strong><\/p>\n<p class=\"whitespace-pre-wrap\">A : Pour la plupart des proc\u00e9d\u00e9s de fabrication additive par fusion de lit de poudre et jet de liant, la plage id\u00e9ale de taille des particules pour la poudre d'AlSi12 est de 20 \u00e0 65 microns, avec de bonnes caract\u00e9ristiques d'\u00e9coulement de la poudre.<\/p>\n<p class=\"whitespace-pre-wrap\"><strong>Q : La poudre d'AlSi12 n\u00e9cessite-t-elle des pr\u00e9cautions de manipulation particuli\u00e8res ?<\/strong><\/p>\n<p class=\"whitespace-pre-wrap\">R : Oui, il est recommand\u00e9 de manipuler les poudres d'aluminium dans des conditions inertes et d'\u00e9viter l'accumulation de poudre fine pour minimiser les risques d'incendie et d'explosion. Une ventilation et des EPI appropri\u00e9s doivent \u00eatre utilis\u00e9s.<\/p>\n<p class=\"whitespace-pre-wrap\"><strong>R : O\u00f9 puis-je acheter de la poudre d'AlSi12 pour fabriquer des rev\u00eatements r\u00e9sistants \u00e0 l'usure ?<\/strong><\/p>\n<p class=\"whitespace-pre-wrap\">R : Les qualit\u00e9s sp\u00e9cialis\u00e9es AlSi12 adapt\u00e9es aux rev\u00eatements par projection thermique peuvent \u00eatre achet\u00e9es aupr\u00e8s des principaux fournisseurs comme Makin Metal Powders, Alpoco, Belmont Metals et Hoganas.<\/p>\n<p><\/span><\/span><\/p>","protected":false},"excerpt":{"rendered":"<p>Aper\u00e7u de la poudre AlSi12 L'AlSi12 ou A413 est un alliage de fonderie d'aluminium \u00e0 teneur relativement \u00e9lev\u00e9e en silicium. L'ajout de silicium 12% se traduit par une bonne r\u00e9sistance \u00e0 l'usure, un faible coefficient de dilatation thermique et une conductivit\u00e9 thermique \u00e9lev\u00e9e. Les principales propri\u00e9t\u00e9s de la poudre AlSi12 sont les suivantes Bonne r\u00e9sistance et duret\u00e9 Excellente r\u00e9sistance \u00e0 l'usure Bonne stabilit\u00e9 dimensionnelle Conductivit\u00e9 thermique \u00e9lev\u00e9e...<\/p>","protected":false},"featured_media":1800,"parent":0,"template":"","meta":{"_acf_changed":false,"_kad_blocks_custom_css":"","_kad_blocks_head_custom_js":"","_kad_blocks_body_custom_js":"","_kad_blocks_footer_custom_js":"","_kad_post_transparent":"","_kad_post_title":"","_kad_post_layout":"","_kad_post_sidebar_id":"","_kad_post_content_style":"","_kad_post_vertical_padding":"","_kad_post_feature":"","_kad_post_feature_position":"","_kad_post_header":false,"_kad_post_footer":false,"_kad_post_classname":""},"product-category":[119,124],"class_list":["post-3899","product","type-product","status-publish","has-post-thumbnail","hentry","product-category-3d-printing-metal-powder","product-category-aluminum-based-alloy-powder"],"acf":[],"taxonomy_info":{"product-category":[{"value":119,"label":"3D Printing Metal Powder"},{"value":124,"label":"Aluminum Based Alloy Powder"}]},"featured_image_src_large":["https:\/\/3dpmetal.com\/wp-content\/uploads\/2024\/02\/GA-AlSi12.png",960,704,false],"author_info":[],"comment_info":"","_links":{"self":[{"href":"https:\/\/3dpmetal.com\/fr\/wp-json\/wp\/v2\/product\/3899","targetHints":{"allow":["GET"]}}],"collection":[{"href":"https:\/\/3dpmetal.com\/fr\/wp-json\/wp\/v2\/product"}],"about":[{"href":"https:\/\/3dpmetal.com\/fr\/wp-json\/wp\/v2\/types\/product"}],"wp:featuredmedia":[{"embeddable":true,"href":"https:\/\/3dpmetal.com\/fr\/wp-json\/wp\/v2\/media\/1800"}],"wp:attachment":[{"href":"https:\/\/3dpmetal.com\/fr\/wp-json\/wp\/v2\/media?parent=3899"}],"wp:term":[{"taxonomy":"product-category","embeddable":true,"href":"https:\/\/3dpmetal.com\/fr\/wp-json\/wp\/v2\/product-category?post=3899"}],"curies":[{"name":"wp","href":"https:\/\/api.w.org\/{rel}","templated":true}]}}