{"id":3901,"date":"2024-03-18T06:10:12","date_gmt":"2024-03-18T06:10:12","guid":{"rendered":"https:\/\/3dp.45612300.xyz\/product\/al-6061-powder\/"},"modified":"2024-03-18T06:10:12","modified_gmt":"2024-03-18T06:10:12","slug":"al-6061-powder","status":"publish","type":"product","link":"https:\/\/3dpmetal.com\/fr\/product\/al-6061-powder\/","title":{"rendered":"Poudre Al 6061"},"content":{"rendered":"<p><span style=\"vertical-align: inherit;\"><span style=\"vertical-align: inherit;\"><\/p>\n<h2>Pr\u00e9sentation de la poudre d'aluminium 6061<\/h2>\n<p class=\"whitespace-pre-wrap\">L'Al 6061 est l'un des alliages d'aluminium traitables thermiquement les plus polyvalents. Des ajouts de magn\u00e9sium et de silicium lui permettent d'\u00eatre renforc\u00e9 par durcissement par pr\u00e9cipitation. L'alliage est devenu extr\u00eamement populaire en raison de son excellente r\u00e9sistance \u00e0 la corrosion, de son usinabilit\u00e9, de sa soudabilit\u00e9 et de sa r\u00e9sistance moyenne \u00e0 \u00e9lev\u00e9e.<\/p>\n<p class=\"whitespace-pre-wrap\">Les principales caract\u00e9ristiques de la poudre Al 6061 comprennent\u00a0:<\/p>\n<ul class=\"list-disc pl-8 space-y-2\">\n<li class=\"whitespace-normal\">Moyenne \u00e0 haute r\u00e9sistance, avec une excellente ductilit\u00e9 et t\u00e9nacit\u00e9<\/li>\n<li class=\"whitespace-normal\">Excellente r\u00e9sistance \u00e0 la corrosion et finition<\/li>\n<li class=\"whitespace-normal\">Tr\u00e8s bonne soudabilit\u00e9 et usinabilit\u00e9<\/li>\n<li class=\"whitespace-normal\">Conductivit\u00e9 thermique et \u00e9lectrique \u00e9lev\u00e9e<\/li>\n<li class=\"whitespace-normal\">Densit\u00e9 faible<\/li>\n<li class=\"whitespace-normal\">Disponible dans une large gamme de tailles et de formes de poudre<\/li>\n<\/ul>\n<p class=\"whitespace-pre-wrap\">La poudre Al 6061 est largement utilis\u00e9e pour les applications a\u00e9rospatiales, marines, automobiles, la construction et l'ing\u00e9nierie g\u00e9n\u00e9rale n\u00e9cessitant des propri\u00e9t\u00e9s m\u00e9caniques l\u00e9g\u00e8res et efficaces.<\/p>\n<h2>Composition chimique de la poudre d'Al 6061<\/h2>\n<p class=\"whitespace-pre-wrap\">La composition chimique habituelle de la poudre Al 6061 est la suivante :<\/p>\n<table>\n<thead>\n<tr>\n<th>\u00e9l\u00e9ment<\/th>\n<th>% en poids<\/th>\n<\/tr>\n<\/thead>\n<tbody>\n<tr>\n<td>Aluminium (Al)<\/td>\n<td>\u00c9quilibre<\/td>\n<\/tr>\n<tr>\n<td>Silicium (Si)<\/td>\n<td>0.4-0.8%<\/td>\n<\/tr>\n<tr>\n<td>Le fer (Fe)<\/td>\n<td>0-0.7%<\/td>\n<\/tr>\n<tr>\n<td>Cuivre (Cu)<\/td>\n<td>0.15-0.4%<\/td>\n<\/tr>\n<tr>\n<td>Mangan\u00e8se (Mn)<\/td>\n<td>0-0.15%<\/td>\n<\/tr>\n<tr>\n<td>Magn\u00e9sium (Mg)<\/td>\n<td>0.8-1.2%<\/td>\n<\/tr>\n<tr>\n<td>Chrome (Cr)<\/td>\n<td>0.04-0.35%<\/td>\n<\/tr>\n<tr>\n<td>Zinc (Zn)<\/td>\n<td>0-0.25%<\/td>\n<\/tr>\n<tr>\n<td>Titane (Ti)<\/td>\n<td>0-0.15%<\/td>\n<\/tr>\n<\/tbody>\n<\/table>\n<p><img loading=\"lazy\" decoding=\"async\" class=\"size-medium wp-image-1409 aligncenter\" src=\"https:\/\/met3dp.com\/wp-content\/uploads\/2023\/09\/ed7a94ec-3c10-4b1b-87ed--300x300.jpg\" alt=\"Poudre Al 6061\" width=\"300\" height=\"300\" title=\"\"><\/p>\n<p class=\"whitespace-pre-wrap\">Le magn\u00e9sium et le silicium sont les principaux \u00e9l\u00e9ments d'alliage. Des quantit\u00e9s infimes de fer, de cuivre, de mangan\u00e8se et de chrome ont \u00e9galement des effets mineurs sur les propri\u00e9t\u00e9s de l'alliage.<\/p>\n<h2>Propri\u00e9t\u00e9s de la poudre Al 6061<\/h2>\n<p class=\"whitespace-pre-wrap\">Les principales propri\u00e9t\u00e9s de la poudre d'Al 6061 comprennent\u00a0:<\/p>\n<table>\n<thead>\n<tr>\n<th>Propri\u00e9t\u00e9 immobili\u00e8re<\/th>\n<th>Valeur<\/th>\n<\/tr>\n<\/thead>\n<tbody>\n<tr>\n<td>Densit\u00e9<\/td>\n<td>2,7g\/cm3<\/td>\n<\/tr>\n<tr>\n<td>Point de fusion<\/td>\n<td>582-652 \u00a1\u00ab C<\/td>\n<\/tr>\n<tr>\n<td>Conductivit\u00e9 thermique<\/td>\n<td>167 W\/mK<\/td>\n<\/tr>\n<tr>\n<td>Conductivit\u00e9 \u00e9lectrique<\/td>\n<td>43-45 % CIAC<\/td>\n<\/tr>\n<tr>\n<td>Module de Young<\/td>\n<td>68 \u00e0 72 GPa<\/td>\n<\/tr>\n<tr>\n<td>Coefficient de Poisson<\/td>\n<td>0.33<\/td>\n<\/tr>\n<tr>\n<td>R\u00e9sistance \u00e0 la traction<\/td>\n<td>124\u2013290 MPa<\/td>\n<\/tr>\n<tr>\n<td>Limite d'\u00e9lasticit\u00e9<\/td>\n<td>55-250\u00a0MPa<\/td>\n<\/tr>\n<tr>\n<td>Allongement<\/td>\n<td>10-25%<\/td>\n<\/tr>\n<tr>\n<td>Duret\u00e9<\/td>\n<td>40 \u00e0 95 Brinell<\/td>\n<\/tr>\n<\/tbody>\n<\/table>\n<p>&nbsp;<\/p>\n<p class=\"whitespace-pre-wrap\">L'Al 6061 offre une r\u00e9sistance moyenne \u00e0 \u00e9lev\u00e9e qui peut \u00eatre encore augment\u00e9e par traitement thermique. Il poss\u00e8de une excellente r\u00e9sistance \u00e0 la corrosion et une finition de qualit\u00e9.<\/p>\n<h2>M\u00e9thode de production de poudre d'Al 6061<\/h2>\n<p class=\"whitespace-pre-wrap\">M\u00e9thodes de production commerciale pour la poudre d\u2019aluminium 6061 incluent\u00a0:<\/p>\n<ul class=\"list-disc pl-8 space-y-2\">\n<li class=\"whitespace-normal\"><strong>Atomisation par gaz<\/strong>?- La d\u00e9sint\u00e9gration haute pression d'un gaz inerte d\u00e9sint\u00e8gre le flux en alliage fondu en une fine poudre sph\u00e9rique avec une distribution granulom\u00e9trique contr\u00f4l\u00e9e.<\/li>\n<li class=\"whitespace-normal\"><strong>Pulv\u00e9risation d'eau<\/strong>?- Les impacts de jets d'eau \u00e0 grande vitesse et la d\u00e9sint\u00e9gration du m\u00e9tal en fusion pour produire des particules de poudre irr\u00e9guli\u00e8res fines.<\/li>\n<li class=\"whitespace-normal\"><strong>Alliages M\u00e9caniques<\/strong>?- Broyage \u00e0 boulets d'un m\u00e9lange de poudres d'aluminium et d'\u00e9l\u00e9ments d'alliage, suivi d'un compactage et d'un frittage.<\/li>\n<\/ul>\n<p class=\"whitespace-pre-wrap\">L'atomisation par gaz permet un meilleur contr\u00f4le sur les caract\u00e9ristiques de la poudre.<\/p>\n<h2>Applications de la poudre d'Al 6061<\/h2>\n<p class=\"whitespace-pre-wrap\">Utilisations classiques de la poudre Al 6061\u00a0:<\/p>\n<ul class=\"list-disc pl-8 space-y-2\">\n<li class=\"whitespace-normal\"><strong>fabrication additive<\/strong>?- Utilis\u00e9 dans la fusion laser s\u00e9lective, la fusion par faisceau d'\u00e9lectrons et le d\u00e9p\u00f4t de liant pour produire des composants complexes.<\/li>\n<li class=\"whitespace-normal\"><strong>Moulage par injection de m\u00e9tal<\/strong>- Fabriquer de petites pi\u00e8ces complexes avec des tol\u00e9rances strictes et d\u2019excellentes propri\u00e9t\u00e9s.<\/li>\n<li class=\"whitespace-normal\"><strong>M\u00e9tallurgie des poudres<\/strong>- Processus de pressage et de frittage permettant de cr\u00e9er des pi\u00e8ces m\u00e9caniques et automobiles haute performance.<\/li>\n<li class=\"whitespace-normal\"><strong>Projection thermique<\/strong>?- Proc\u00e9d\u00e9 de projection \u00e0 l'arc de fils m\u00e9talliques pour d\u00e9poser des rev\u00eatements de protection en Al6061 offrant une r\u00e9sistance \u00e0 l'usure et \u00e0 la corrosion.<\/li>\n<li class=\"whitespace-normal\"><strong>M\u00e9tal d\u2019apport<\/strong>- Utilis\u00e9 comme fil d'apport pour un apport de soudure similaire \u00e0 celui du m\u00e9tal de base.<\/li>\n<li class=\"whitespace-normal\"><strong>Pigments<\/strong>?- Ajout\u00e9 aux peintures et aux polym\u00e8res pour donner de la brillance et une protection contre la corrosion.<\/li>\n<\/ul>\n<h2>Sp\u00e9cifications de la poudre d'Al 6061<\/h2>\n<p class=\"whitespace-pre-wrap\">La poudre d'aluminium 6061 est disponible en diff\u00e9rentes gammes de tailles, formes, qualit\u00e9s et niveaux de puret\u00e9\u00a0:<\/p>\n<ul class=\"list-disc pl-8 space-y-2\">\n<li class=\"whitespace-normal\"><strong>Taille des particules\u00a0:<\/strong>De 10 \u00e0 150 microns pour les m\u00e9thodes de FA, jusqu'\u00e0 300 microns pour les proc\u00e9d\u00e9s de projection thermique.<\/li>\n<li class=\"whitespace-normal\"><strong>Morphologie\u00a0:<\/strong>?Particules sph\u00e9riques, granulaires, dendritiques et de forme irr\u00e9guli\u00e8re. La poudre fine s'\u00e9coule mieux.<\/li>\n<li class=\"whitespace-normal\"><strong>Puret\u00e9\u00a0:<\/strong>Une puret\u00e9 adapt\u00e9e aux exigences, allant du commercial au hautement purifi\u00e9 (99,9 %)\u00a0?<\/li>\n<li class=\"whitespace-normal\"><strong>Grades :<\/strong>?Conforme aux sp\u00e9cifications ASTM B221, EN 573 et ISO 209. Qualit\u00e9s personnalis\u00e9es offertes.<\/li>\n<li class=\"whitespace-normal\"><strong>Capacit\u00e9 \u00e0 s'\u00e9couler\u00a0:<\/strong>?La poudre peut \u00eatre personnalis\u00e9e pour des d\u00e9bits sp\u00e9cifiques selon les applications.<\/li>\n<\/ul>\n<h2>Fournisseurs mondiaux de poudre d\u2019Al 6061<\/h2>\n<p class=\"whitespace-pre-wrap\">Voici quelques-uns des principaux fournisseurs mondiaux\u00a0:<\/p>\n<ul class=\"list-disc pl-8 space-y-2\">\n<li class=\"whitespace-normal\">Valimet Inc. (\u00c9tats-Unis)<\/li>\n<li class=\"whitespace-normal\">Makin Metal Powders (R.-U.)<\/li>\n<li class=\"whitespace-normal\">Metal Powder Company (USA)<\/li>\n<li class=\"whitespace-normal\">CNPC Powder Group (Chine)<\/li>\n<li class=\"whitespace-normal\">Produits m\u00e9talliques SCM (\u00c9tats-Unis)<\/li>\n<li class=\"whitespace-normal\">Shanghai Chaowei Nanotechnology (Chine)<\/li>\n<li class=\"whitespace-normal\">Poudre de titane (Russie)<\/li>\n<\/ul>\n<p class=\"whitespace-pre-wrap\">Ces entreprises produisent de la poudre Al 6061 adapt\u00e9e \u00e0 la fabrication additive, \u00e0 la projection thermique, \u00e0 l'a\u00e9rospatiale, \u00e0 l'automobile et \u00e0 d'autres applications exigeantes en utilisant diverses m\u00e9thodes.<\/p>\n<h2>Prix de l'aluminium 6061 en poudre<\/h2>\n<p class=\"whitespace-pre-wrap\">La tarification de la poudre d'aluminium 6061 d\u00e9pend de plusieurs facteurs\u00a0:<\/p>\n<ul class=\"list-disc pl-8 space-y-2\">\n<li class=\"whitespace-normal\">Niveaux de puret\u00e9<\/li>\n<li class=\"whitespace-normal\">Caract\u00e9ristiques des particules<\/li>\n<li class=\"whitespace-normal\">Proc\u00e9d\u00e9 de fabrication de poudre<\/li>\n<li class=\"whitespace-normal\">Volume de commandes<\/li>\n<li class=\"whitespace-normal\">Fournisseur, localisation g\u00e9ographique<\/li>\n<\/ul>\n<table>\n<thead>\n<tr>\n<th>Qualit\u00e9<\/th>\n<th>Gamme de prix<\/th>\n<\/tr>\n<\/thead>\n<tbody>\n<tr>\n<td>Publicit\u00e9<\/td>\n<td>5-15 $ le kilo<\/td>\n<\/tr>\n<tr>\n<td>Haute puret\u00e9<\/td>\n<td>15 \u00e0 30 $ le kg<\/td>\n<\/tr>\n<tr>\n<td>Ultrafin<\/td>\n<td>30-60 \u20ac par kg<\/td>\n<\/tr>\n<tr>\n<td>Sp\u00e9cial<\/td>\n<td>60-120 \u20ac par kg<\/td>\n<\/tr>\n<\/tbody>\n<\/table>\n<p>&nbsp;<\/p>\n<p class=\"whitespace-pre-wrap\">Les poudres de taille de particules contr\u00f4l\u00e9e, sph\u00e9riques et de grande puret\u00e9 commandent des prix beaucoup plus \u00e9lev\u00e9s que les qualit\u00e9s commerciales classiques de poudre d'Al 6061.<\/p>\n<h2>Stockage et manipulation de la poudre Al 6061<\/h2>\n<p class=\"whitespace-pre-wrap\">La poudre d'Al 6061 doit \u00eatre manipul\u00e9e et stock\u00e9e correctement pour \u00e9viter :<\/p>\n<ul class=\"list-disc pl-8 space-y-2\">\n<li class=\"whitespace-normal\">Oxydation et r\u00e9action avec l'humidit\u00e9<\/li>\n<li class=\"whitespace-normal\">Risques d\u2019explosions de poussi\u00e8res \u00e0 partir de poudres fines<\/li>\n<li class=\"whitespace-normal\">Probl\u00e8mes de sant\u00e9 li\u00e9s \u00e0 l'inhalation<\/li>\n<li class=\"whitespace-normal\">Les consignes de s\u00e9curit\u00e9 des fiches signal\u00e9tiques des fournisseurs doivent \u00eatre respect\u00e9es.<\/li>\n<\/ul>\n<p class=\"whitespace-pre-wrap\">Lors de la manipulation de la poudre, il est recommand\u00e9 d'utiliser un stockage dans un gaz inerte, une ventilation ad\u00e9quate, une d\u00e9charge \u00e0 la terre et un EPI.<\/p>\n<h2>M\u00e9thodes d'essai et de caract\u00e9risation<\/h2>\n<p class=\"whitespace-pre-wrap\">Les principales m\u00e9thodes de test utilis\u00e9es pour la poudre d'aluminium 6061 incluent\u00a0:<\/p>\n<ul class=\"list-disc pl-8 space-y-2\">\n<li class=\"whitespace-normal\">Analyse chimique par OES ou XRF pour la composition<\/li>\n<li class=\"whitespace-normal\">Distribution de granulom\u00e9trie selon la norme ASTM B822<\/li>\n<li class=\"whitespace-normal\">Analyse morphologique au MEB<\/li>\n<li class=\"whitespace-normal\">D\u00e9bit de la poudre mesur\u00e9 \u00e0 l'aide de l'entonnoir d'\u00e9coulement Hall<\/li>\n<li class=\"whitespace-normal\">D\u00e9termination de la densit\u00e9 par pycnom\u00e9trie \u00e0 l'h\u00e9lium<\/li>\n<li class=\"whitespace-normal\">Analyse des impuret\u00e9s par ICP-SM<\/li>\n<li class=\"whitespace-normal\">Examen microstructural par diffraction des rayons X<\/li>\n<\/ul>\n<p class=\"whitespace-pre-wrap\">Des tests garantissent la coh\u00e9rence et la conformit\u00e9 du lot avec les exigences applicatives.<\/p>\n<h2>Comparaison entre les poudres Al 6061 et Al 7075<\/h2>\n<p class=\"whitespace-pre-wrap\">Les alliages de poudre d'aluminium Al 6061 et Al 7075 sont compar\u00e9s\u00a0:<\/p>\n<table>\n<thead>\n<tr>\n<th>Param\u00e8tre<\/th>\n<th>Al 6061<\/th>\n<th>Al 7075<\/th>\n<\/tr>\n<\/thead>\n<tbody>\n<tr>\n<td>Type d\u2019alliage<\/td>\n<td>Traitable thermiquement<\/td>\n<td>Traitable thermiquement<\/td>\n<\/tr>\n<tr>\n<td>Teneur en Mg<\/td>\n<td>0.8-1.2%<\/td>\n<td>2.1-2.9%<\/td>\n<\/tr>\n<tr>\n<td>Force<\/td>\n<td>Moyen<\/td>\n<td>Tr\u00e8s haut<\/td>\n<\/tr>\n<tr>\n<td>Usinabilit\u00e9<\/td>\n<td>Excellent<\/td>\n<td>Laiss\u00e9 \u00e0 l'abandon<\/td>\n<\/tr>\n<tr>\n<td>Soudabilit\u00e9<\/td>\n<td>Excellent<\/td>\n<td>Laiss\u00e9 \u00e0 l'abandon<\/td>\n<\/tr>\n<tr>\n<td>R\u00e9sistance \u00e0 la corrosion<\/td>\n<td>Excellent<\/td>\n<td>Bien<\/td>\n<\/tr>\n<tr>\n<td>Co\u00fbt<\/td>\n<td>Inf\u00e9rieur<\/td>\n<td>Plus haut<\/td>\n<\/tr>\n<\/tbody>\n<\/table>\n<p>&nbsp;<\/p>\n<p class=\"whitespace-pre-wrap\">L'Al 6061 offre une meilleure r\u00e9sistance \u00e0 la corrosion et une meilleure usinabilit\u00e9 tandis que l'Al 7075 offre une r\u00e9sistance bien meilleure apr\u00e8s un traitement thermique.<\/p>\n<h2>FAQ sur la poudre Al 6061<\/h2>\n<p class=\"whitespace-pre-wrap\"><strong>Q : Comment la poudre Al 6061 est-elle produite ?<\/strong><\/p>\n<p class=\"whitespace-pre-wrap\">R : La poudre d'Al 6061 est produite commercialement \u00e0 l'aide de techniques d'atomisation par gaz, d'atomisation par eau, d'alliage m\u00e9canique et d'\u00e9lectrolyse. L'atomisation par gaz offre un contr\u00f4le optimal des caract\u00e9ristiques de la poudre.<\/p>\n<p class=\"whitespace-pre-wrap\"><strong>Q : Quelles sont les principales applications de la poudre Al 6061 ?<\/strong><\/p>\n<p class=\"whitespace-pre-wrap\">R : Les applications cl\u00e9s de la poudre Al 6061 incluent la fabrication additive, les rev\u00eatements par projection thermique, les pi\u00e8ces de m\u00e9tallurgie des poudres, le moulage par injection de m\u00e9tal, les pigments et les fils d'apport de soudage n\u00e9cessitant une r\u00e9sistance moyenne et une excellente r\u00e9sistance \u00e0 la corrosion.<\/p>\n<p class=\"whitespace-pre-wrap\"><strong>Q\u00a0: Quelle est la taille de poudre d'Al 6061 recommand\u00e9e pour le jet de liant\u00a0?<\/strong><\/p>\n<p class=\"whitespace-pre-wrap\">R : Pour le proc\u00e9d\u00e9 de jet de liant, la plage de taille de poudre d'Al 6061 typique est de 20 \u00e0 45 microns avec une morphologie sph\u00e9rique pour permettre une bonne densit\u00e9 de lit de poudre et une bonne infiltration de liant.<\/p>\n<p class=\"whitespace-pre-wrap\"><strong>Q\u00a0: La poudre d\u2019Al 6061 n\u00e9cessite-t-elle des pr\u00e9cautions de manipulation sp\u00e9cifiques\u00a0?<\/strong><\/p>\n<p class=\"whitespace-pre-wrap\">R\u00a0: Oui, il est recommand\u00e9 de manipuler les poudres d'alliage d'aluminium avec pr\u00e9caution sous atmosph\u00e8re inerte, avec une mise \u00e0 la terre ad\u00e9quate, une ventilation et un \u00e9quipement de protection individuelle pour pr\u00e9venir les risques d'incendie ou d'explosion.<\/p>\n<p class=\"whitespace-pre-wrap\"><strong>Q : O\u00f9 puis-je me procurer de la poudre d'Al 6061 adapt\u00e9e aux applications a\u00e9rospatiales ?<\/strong><\/p>\n<p class=\"whitespace-pre-wrap\">A : De la poudre Al 6061 atomis\u00e9e \u00e0 gaz de grande puret\u00e9 conforme aux normes a\u00e9rospatiales peut \u00eatre achet\u00e9e aupr\u00e8s de fabricants leaders tels que Valimet, Makin Metal Powders et AMETEK.<\/p>\n<p><\/span><\/span><\/p>","protected":false},"excerpt":{"rendered":"<p>Aper\u00e7u de la poudre d'Al 6061 L'Al 6061 est l'un des alliages d'aluminium les plus polyvalents pouvant \u00eatre trait\u00e9s thermiquement. L'ajout de magn\u00e9sium et de silicium permet de le renforcer par durcissement par pr\u00e9cipitation. Cet alliage est devenu extr\u00eamement populaire en raison de son excellente r\u00e9sistance \u00e0 la corrosion, de son usinabilit\u00e9, de sa soudabilit\u00e9 et de sa r\u00e9sistance moyenne \u00e0 \u00e9lev\u00e9e. Les principales caract\u00e9ristiques de la poudre d'Al 6061 sont les suivantes :...<\/p>","protected":false},"featured_media":1804,"parent":0,"template":"","meta":{"_acf_changed":false,"_kad_blocks_custom_css":"","_kad_blocks_head_custom_js":"","_kad_blocks_body_custom_js":"","_kad_blocks_footer_custom_js":"","_kad_post_transparent":"","_kad_post_title":"","_kad_post_layout":"","_kad_post_sidebar_id":"","_kad_post_content_style":"","_kad_post_vertical_padding":"","_kad_post_feature":"","_kad_post_feature_position":"","_kad_post_header":false,"_kad_post_footer":false,"_kad_post_classname":""},"product-category":[119,124],"class_list":["post-3901","product","type-product","status-publish","has-post-thumbnail","hentry","product-category-3d-printing-metal-powder","product-category-aluminum-based-alloy-powder"],"acf":[],"taxonomy_info":{"product-category":[{"value":119,"label":"3D Printing Metal Powder"},{"value":124,"label":"Aluminum Based Alloy Powder"}]},"featured_image_src_large":["https:\/\/3dpmetal.com\/wp-content\/uploads\/2024\/02\/Al-6061-powder.png",422,316,false],"author_info":[],"comment_info":"","_links":{"self":[{"href":"https:\/\/3dpmetal.com\/fr\/wp-json\/wp\/v2\/product\/3901","targetHints":{"allow":["GET"]}}],"collection":[{"href":"https:\/\/3dpmetal.com\/fr\/wp-json\/wp\/v2\/product"}],"about":[{"href":"https:\/\/3dpmetal.com\/fr\/wp-json\/wp\/v2\/types\/product"}],"wp:featuredmedia":[{"embeddable":true,"href":"https:\/\/3dpmetal.com\/fr\/wp-json\/wp\/v2\/media\/1804"}],"wp:attachment":[{"href":"https:\/\/3dpmetal.com\/fr\/wp-json\/wp\/v2\/media?parent=3901"}],"wp:term":[{"taxonomy":"product-category","embeddable":true,"href":"https:\/\/3dpmetal.com\/fr\/wp-json\/wp\/v2\/product-category?post=3901"}],"curies":[{"name":"wp","href":"https:\/\/api.w.org\/{rel}","templated":true}]}}