{"id":3904,"date":"2024-03-18T06:10:12","date_gmt":"2024-03-18T06:10:12","guid":{"rendered":"https:\/\/3dp.45612300.xyz\/product\/al-3103-powder\/"},"modified":"2024-03-18T06:10:12","modified_gmt":"2024-03-18T06:10:12","slug":"al-3103-powder","status":"publish","type":"product","link":"https:\/\/3dpmetal.com\/fr\/product\/al-3103-powder\/","title":{"rendered":"Poudre Al 3103"},"content":{"rendered":"<p><span style=\"vertical-align: inherit;\"><span style=\"vertical-align: inherit;\"><\/p>\n<h2>Aper\u00e7u de la poudre Al 3103<\/h2>\n<p class=\"whitespace-pre-wrap\">L'Al 3103 est un alliage d'aluminium ouvrable non trait\u00e9 thermiquement, connu pour son excellente r\u00e9sistance \u00e0 la corrosion, sa bonne formabilit\u00e9 et sa soudabilit\u00e9. Les additions de mangan\u00e8se am\u00e9liorent la r\u00e9sistance par renforcement de la solution solide tout en maintenant une excellente ductilit\u00e9.<\/p>\n<p class=\"whitespace-pre-wrap\">Les principales caract\u00e9ristiques de la poudre d'Al 3103 sont les suivantes\u00a0:<\/p>\n<ul class=\"list-disc pl-8 space-y-2\">\n<li class=\"whitespace-normal\">R\u00e9sistance mod\u00e9r\u00e9e avec une ductilit\u00e9 et une t\u00e9nacit\u00e9 \u00e9lev\u00e9es<\/li>\n<li class=\"whitespace-normal\">Excellentes aptitudes soudabilit\u00e9 et formabilit\u00e9<\/li>\n<li class=\"whitespace-normal\">Tr\u00e8s bonne r\u00e9sistance \u00e0 la corrosion<\/li>\n<li class=\"whitespace-normal\">Conductivit\u00e9 thermique et \u00e9lectrique \u00e9lev\u00e9e<\/li>\n<li class=\"whitespace-normal\">Densit\u00e9 faible<\/li>\n<li class=\"whitespace-normal\">Disponible en diff\u00e9rentes distributions de taille de particules<\/li>\n<\/ul>\n<p class=\"whitespace-pre-wrap\">La poudre Al 3103 convient aux applications telles que les cuves \u00e0 produits chimiques, les \u00e9quipements de transformation alimentaire, les \u00e9changeurs de chaleur, les citernes routi\u00e8res, les ustensiles, etc., n\u00e9cessitant une r\u00e9sistance mod\u00e9r\u00e9e combin\u00e9e \u00e0 une excellente r\u00e9sistance \u00e0 la corrosion.<\/p>\n<h2>Composition chimique de la poudre d'Al 3103<\/h2>\n<p class=\"whitespace-pre-wrap\">La composition chimique type de la poudre Al 3103 est :<\/p>\n<table>\n<thead>\n<tr>\n<th>\u00e9l\u00e9ment<\/th>\n<th>% en poids<\/th>\n<\/tr>\n<\/thead>\n<tbody>\n<tr>\n<td>Aluminium (Al)<\/td>\n<td>\u00c9quilibre<\/td>\n<\/tr>\n<tr>\n<td>Mangan\u00e8se (Mn)<\/td>\n<td>1.0-1.5%<\/td>\n<\/tr>\n<tr>\n<td>Silicium (Si)<\/td>\n<td>0,6 % max<\/td>\n<\/tr>\n<tr>\n<td>Le fer (Fe)<\/td>\n<td>0,7 % maxi<\/td>\n<\/tr>\n<tr>\n<td>Cuivre (Cu)<\/td>\n<td>Max. 0,10 %<\/td>\n<\/tr>\n<tr>\n<td>Magn\u00e9sium (Mg)<\/td>\n<td>Max. 0,10 %<\/td>\n<\/tr>\n<tr>\n<td>Zinc (Zn)<\/td>\n<td>Max. 0,10 %<\/td>\n<\/tr>\n<tr>\n<td>Chrome (Cr)<\/td>\n<td>0.05-0.20%<\/td>\n<\/tr>\n<\/tbody>\n<\/table>\n<p>&nbsp;<\/p>\n<p class=\"whitespace-pre-wrap\">Le mangan\u00e8se est l'\u00e9l\u00e9ment d'alliage principal dans l'aluminium 3103. Le fer, le silicium, le cuivre et le zinc sont pr\u00e9sents comme \u00e9l\u00e9ments d'impuret\u00e9 avec des limites sp\u00e9cifiques.<\/p>\n<h2>Propri\u00e9t\u00e9s de la poudre Al 3103<\/h2>\n<p class=\"whitespace-pre-wrap\">Les propri\u00e9t\u00e9s cl\u00e9s de la poudre Al 3103 comprennent&nbsp;:<\/p>\n<table>\n<thead>\n<tr>\n<th>Propri\u00e9t\u00e9 immobili\u00e8re<\/th>\n<th>Valeur<\/th>\n<\/tr>\n<\/thead>\n<tbody>\n<tr>\n<td>Densit\u00e9<\/td>\n<td>2,73 g\/cm3<\/td>\n<\/tr>\n<tr>\n<td>Point de fusion<\/td>\n<td>630-654\u00ab C<\/td>\n<\/tr>\n<tr>\n<td>Conductivit\u00e9 thermique<\/td>\n<td>130 W\/mK<\/td>\n<\/tr>\n<tr>\n<td>Conductivit\u00e9 \u00e9lectrique<\/td>\n<td>41 \u00e0 43\u00a0% IACS<\/td>\n<\/tr>\n<tr>\n<td>Module de Young<\/td>\n<td>70 GPa<\/td>\n<\/tr>\n<tr>\n<td>Coefficient de Poisson<\/td>\n<td>0.33<\/td>\n<\/tr>\n<tr>\n<td>R\u00e9sistance \u00e0 la traction<\/td>\n<td>110-180 MPa<\/td>\n<\/tr>\n<tr>\n<td>Limite d'\u00e9lasticit\u00e9<\/td>\n<td>55-110 MPa<\/td>\n<\/tr>\n<tr>\n<td>Allongement<\/td>\n<td>18-30%<\/td>\n<\/tr>\n<tr>\n<td>Duret\u00e9<\/td>\n<td>25-55 Brinell<\/td>\n<\/tr>\n<\/tbody>\n<\/table>\n<p>&nbsp;<\/p>\n<p class=\"whitespace-pre-wrap\">Cet alliage offre une r\u00e9sistance mod\u00e9r\u00e9e avec une excellente ductilit\u00e9, t\u00e9nacit\u00e9 et formabilit\u00e9. Il poss\u00e8de une tr\u00e8s bonne r\u00e9sistance aux environnements atmosph\u00e9riques et marins.<\/p>\n<p><img loading=\"lazy\" decoding=\"async\" class=\"alignnone size-medium wp-image-1409\" src=\"https:\/\/met3dp.com\/wp-content\/uploads\/2023\/09\/ed7a94ec-3c10-4b1b-87ed--300x300.jpg\" alt=\"Poudre Al 3103\" width=\"300\" height=\"300\" title=\"\"><\/p>\n<h2>M\u00e9thode de production pour poudre d'Al 3103<\/h2>\n<p class=\"whitespace-pre-wrap\">Les m\u00e9thodes de production courantes pour la poudre Al 3103 incluent\u00a0:<\/p>\n<ul class=\"list-disc pl-8 space-y-2\">\n<li class=\"whitespace-normal\"><strong>Atomisation par gaz<\/strong>?- Le flux d'alliage en fusion d\u00e9sint\u00e9gr\u00e9 par des jets de gaz inerte en une poudre sph\u00e9rique fine avec une distribution granulom\u00e9trique contr\u00f4l\u00e9e.<\/li>\n<li class=\"whitespace-normal\"><strong>Pulv\u00e9risation d'eau<\/strong>?- Jet d'eau \u00e0 grande vitesse utilis\u00e9 pour la production de particules d'Al 3103 irr\u00e9guli\u00e8res et fines. Plus \u00e9conomique mais teneur en oxyg\u00e8ne plus importante.<\/li>\n<li class=\"whitespace-normal\"><strong>Alliages M\u00e9caniques<\/strong>? - Broyage par boulets de poudre d'aluminium et de mangan\u00e8se, suivi d'un compactage \u00e0 froid et d'un frittage.<\/li>\n<\/ul>\n<p class=\"whitespace-pre-wrap\">L'atomisation au gaz offre le meilleur contr\u00f4le des caract\u00e9ristiques de la poudre telles que la granulom\u00e9trie, la forme et la microstructure.<\/p>\n<h2>Applications de la poudre Al 3103<\/h2>\n<p class=\"whitespace-pre-wrap\">Application typique de la poudre d'Al 3103 :<\/p>\n<ul class=\"list-disc pl-8 space-y-2\">\n<li class=\"whitespace-normal\"><strong>fabrication additive<\/strong>- Convient pour les proc\u00e9d\u00e9s de projection de liant et de fusion laser s\u00e9lective, pour produire des pi\u00e8ces en aluminium complexes.<\/li>\n<li class=\"whitespace-normal\"><strong>M\u00e9tallurgie des poudres<\/strong>?- Proced\u00e9 de pressage et de frittage pour cr\u00e9er des pi\u00e8ces dot\u00e9es de bonnes propri\u00e9t\u00e9s m\u00e9caniques et une usinabilit\u00e9.<\/li>\n<li class=\"whitespace-normal\"><strong>Moulage par injection de m\u00e9tal<\/strong>- Fabriquer des petits \u00e9l\u00e9ments complexes n\u00e9cessitant une r\u00e9sistance mod\u00e9r\u00e9e et une r\u00e9sistance \u00e0 la corrosion.<\/li>\n<li class=\"whitespace-normal\"><strong>Projection thermique<\/strong>- Projection thermique au fil pour obtenir des rev\u00eatements protecteurs offrant une r\u00e9sistance mod\u00e9r\u00e9e \u00e0 l'usure et \u00e0 la corrosion.<\/li>\n<li class=\"whitespace-normal\"><strong>M\u00e9tal d\u2019apport<\/strong>? - Utilis\u00e9 comme fil d'apport, offrant une r\u00e9sistance m\u00e9canique similaire \u00e0 celle du m\u00e9tal de base.<\/li>\n<li class=\"whitespace-normal\"><strong>Pigments<\/strong>?- Ajout\u00e9 aux peintures et rev\u00eatements pour fournir de la brillance et une protection anticorrosion.<\/li>\n<\/ul>\n<h2>Sp\u00e9cifications de la poudre Al 3103<\/h2>\n<p class=\"whitespace-pre-wrap\">La poudre Al 3103 est disponible dans diverses gammes de tailles, formes, niveaux de puret\u00e9 et qualit\u00e9s\u00a0:<\/p>\n<ul class=\"list-disc pl-8 space-y-2\">\n<li class=\"whitespace-normal\"><strong>Taille des particules\u00a0:<\/strong>De 10 \u00e0 150 microns pour les m\u00e9thodes de FA, jusqu'\u00e0 300 microns pour les proc\u00e9d\u00e9s de projection thermique.<\/li>\n<li class=\"whitespace-normal\"><strong>Morphologie\u00a0:<\/strong>?Particules sph\u00e9riques, granulaires, dendritiques et de forme irr\u00e9guli\u00e8re. La poudre fine s'\u00e9coule mieux.<\/li>\n<li class=\"whitespace-normal\"><strong>Puret\u00e9\u00a0:<\/strong>?Des grades commerciaux \u00e0 haute puret\u00e9 (99,8 %), adapt\u00e9s \u00e0 l'application.<\/li>\n<li class=\"whitespace-normal\"><strong>Grades :<\/strong>? Conforme aux sp\u00e9cifications ASTM B209, EN 573, ISO. Des nuances personnalis\u00e9es sont propos\u00e9es.<\/li>\n<li class=\"whitespace-normal\"><strong>Capacit\u00e9 \u00e0 s'\u00e9couler\u00a0:<\/strong>?Les excellents d\u00e9bits d'\u00e9coulement de poudre au-dessus de 25 s\/50 g peuvent \u00eatre personnalis\u00e9s.<\/li>\n<\/ul>\n<h2>Fournisseurs mondiaux de poudre Al 3103<\/h2>\n<p class=\"whitespace-pre-wrap\">Voici quelques-uns des principaux fournisseurs mondiaux\u00a0:<\/p>\n<ul class=\"list-disc pl-8 space-y-2\">\n<li class=\"whitespace-normal\">Valimet Inc. (\u00c9tats-Unis)<\/li>\n<li class=\"whitespace-normal\">Makin Metal Powders (R.-U.)<\/li>\n<li class=\"whitespace-normal\">Micron Metals (USA)<\/li>\n<li class=\"whitespace-normal\">Shanghai Chaowei Nanotechnology (Chine)<\/li>\n<li class=\"whitespace-normal\">Shandong Yamei Nanotechnology (Chine)<\/li>\n<li class=\"whitespace-normal\">CNPC Powder Group (Chine)<\/li>\n<li class=\"whitespace-normal\">Poudre de titane (Russie)<\/li>\n<\/ul>\n<p class=\"whitespace-pre-wrap\">Ces entreprises produisent de la poudre Al 3103 adapt\u00e9e \u00e0 la fabrication additive, au MIM, \u00e0 la projection thermique, aux applications automobiles, marines et autres en utilisant diff\u00e9rentes m\u00e9thodes.<\/p>\n<h2>Tarification de la poudre Al 3103<\/h2>\n<p class=\"whitespace-pre-wrap\">La tarification de la poudre Al 3103 d\u00e9pend de plusieurs facteurs :<\/p>\n<ul class=\"list-disc pl-8 space-y-2\">\n<li class=\"whitespace-normal\">Niveaux de puret\u00e9<\/li>\n<li class=\"whitespace-normal\">Caract\u00e9ristiques des poudres<\/li>\n<li class=\"whitespace-normal\">M\u00e9thode de production<\/li>\n<li class=\"whitespace-normal\">Volume de commandes<\/li>\n<li class=\"whitespace-normal\">Fournisseur et son emplacement<\/li>\n<\/ul>\n<table>\n<thead>\n<tr>\n<th>Qualit\u00e9<\/th>\n<th>Gamme de prix<\/th>\n<\/tr>\n<\/thead>\n<tbody>\n<tr>\n<td>Publicit\u00e9<\/td>\n<td>5-15 $ le kilo<\/td>\n<\/tr>\n<tr>\n<td>Haute puret\u00e9<\/td>\n<td>15-25 $ par kg<\/td>\n<\/tr>\n<tr>\n<td>Ultrafin<\/td>\n<td>25-45 $ par kg<\/td>\n<\/tr>\n<tr>\n<td>Sp\u00e9cial<\/td>\n<td>45-90 euros le kg<\/td>\n<\/tr>\n<\/tbody>\n<\/table>\n<p>&nbsp;<\/p>\n<p class=\"whitespace-pre-wrap\">Les poudres \u00e0 haute puret\u00e9, sph\u00e9riques et \u00e0 granulom\u00e9trie contr\u00f4l\u00e9e sont vendues \u00e0 des prix plus \u00e9lev\u00e9s que les qualit\u00e9s commerciales standard de poudre d'Al 3103.<\/p>\n<h2>Stockage et manutention de la poudre d\u2019Al 3103<\/h2>\n<p class=\"whitespace-pre-wrap\">La poudre Al 3103 doit \u00eatre manipul\u00e9e et stock\u00e9e correctement pour \u00e9viter\u00a0:<\/p>\n<ul class=\"list-disc pl-8 space-y-2\">\n<li class=\"whitespace-normal\">Oxydation et r\u00e9action avec l'humidit\u00e9<\/li>\n<li class=\"whitespace-normal\">Risques d\u2019explosions de poussi\u00e8res \u00e0 partir de poudres fines<\/li>\n<li class=\"whitespace-normal\">Trouble de sant\u00e9 reli\u00e9s \u00e0 l\u2019inhalation<\/li>\n<li class=\"whitespace-normal\">Les consignes de s\u00e9curit\u00e9 des fiches signal\u00e9tiques des fournisseurs doivent \u00eatre respect\u00e9es.<\/li>\n<\/ul>\n<p class=\"whitespace-pre-wrap\">L'inertage \u00e0 l'aide d'un gaz, une mise \u00e0 la terre correcte, une ventilation et un EPI sont recommand\u00e9s lors de la manipulation de la poudre.<\/p>\n<h2>M\u00e9thodes d'essai et de caract\u00e9risation<\/h2>\n<p class=\"whitespace-pre-wrap\">Les principales m\u00e9thodes de test utilis\u00e9es pour la poudre Al 3103 sont les suivantes\u00a0:<\/p>\n<ul class=\"list-disc pl-8 space-y-2\">\n<li class=\"whitespace-normal\">Analyse chimique par OES ou XRF pour la composition<\/li>\n<li class=\"whitespace-normal\">Distribution de granulom\u00e9trie selon la norme ASTM B822<\/li>\n<li class=\"whitespace-normal\">Analyse morphologique au MEB<\/li>\n<li class=\"whitespace-normal\">D\u00e9bit de la poudre mesur\u00e9 \u00e0 l'aide de l'entonnoir d'\u00e9coulement Hall<\/li>\n<li class=\"whitespace-normal\">D\u00e9termination de la densit\u00e9 par pycnom\u00e9trie \u00e0 l'h\u00e9lium<\/li>\n<li class=\"whitespace-normal\">Analyse des impuret\u00e9s par ICP-SM<\/li>\n<li class=\"whitespace-normal\">Examen microstructural par diffraction des rayons X<\/li>\n<\/ul>\n<p class=\"whitespace-pre-wrap\">Ces tests garantissent la coh\u00e9rence des lots et la conformit\u00e9 avec les sp\u00e9cifications.<\/p>\n<h2>Comparaison entre les poudres Al 3103 et Al 3003<\/h2>\n<p class=\"whitespace-pre-wrap\">Les alliages de poudre d'aluminium Al 3103 et Al 3003 compar\u00e9s :<\/p>\n<table>\n<thead>\n<tr>\n<th>Param\u00e8tre<\/th>\n<th>Al 3103<\/th>\n<th>Au 3003<\/th>\n<\/tr>\n<\/thead>\n<tbody>\n<tr>\n<td>Type d\u2019alliage<\/td>\n<td>Non traitable thermiquement<\/td>\n<td>Non traitable thermiquement<\/td>\n<\/tr>\n<tr>\n<td>Teneur en Mn<\/td>\n<td>1.0-1.5%<\/td>\n<td>1.0-1.5%<\/td>\n<\/tr>\n<tr>\n<td>Force<\/td>\n<td>Un peu plus bas<\/td>\n<td>l\u00e9g\u00e8rement plus \u00e9lev\u00e9<\/td>\n<\/tr>\n<tr>\n<td>R\u00e9sistance \u00e0 la corrosion<\/td>\n<td>Excellent<\/td>\n<td>Excellent<\/td>\n<\/tr>\n<tr>\n<td>Soudabilit\u00e9<\/td>\n<td>Excellent<\/td>\n<td>Excellent<\/td>\n<\/tr>\n<tr>\n<td>Co\u00fbt<\/td>\n<td>Inf\u00e9rieur<\/td>\n<td>Plus haut<\/td>\n<\/tr>\n<\/tbody>\n<\/table>\n<p>&nbsp;<\/p>\n<p class=\"whitespace-pre-wrap\">L'Al 3103 offre une meilleure formabilit\u00e9 tandis que l'Al 3003 offre une r\u00e9sistance marginale sup\u00e9rieure. Ils offrent tous deux une excellente r\u00e9sistance \u00e0 la corrosion.<\/p>\n<h2>FAQ sur la poudre Al 3103<\/h2>\n<p class=\"whitespace-pre-wrap\"><strong>Q : Comment la poudre d' Al 3103 est-elle produite ?<\/strong><\/p>\n<p class=\"whitespace-pre-wrap\">R : La poudre 3103 est produite commercialement par atomisation au gaz, atomisation \u00e0 l\u2019eau et alliage m\u00e9canique suivi d\u2019un frittage. L\u2019atomisation au gaz offre le meilleur contr\u00f4le des caract\u00e9ristiques des particules.<\/p>\n<p class=\"whitespace-pre-wrap\"><strong>Q\u00a0:\u00a0Quelles sont les applications principales de la poudre d\u2019Al 3103\u00a0?<\/strong><\/p>\n<p class=\"whitespace-pre-wrap\">A : Les principales applications de la poudre Al 3103 comprennent la fabrication additive, le moulage par injection de m\u00e9tal, les rev\u00eatements par projection thermique, les pi\u00e8ces de m\u00e9tallurgie des poudres, les pigments et le fil d'apport pour soudage.<\/p>\n<p class=\"whitespace-pre-wrap\"><strong>Q : Quelle est la taille de poudre d'Al 3103 typique utilis\u00e9e pour la fusion laser s\u00e9lective ?<\/strong><\/p>\n<p class=\"whitespace-pre-wrap\">A : Pour le proc\u00e9d\u00e9 LSF, la taille id\u00e9ale de la poudre d'Al 3103 se situe entre 20 et 45 microns avec une morphologie sph\u00e9rique pour permettre une bonne densit\u00e9 de lit de poudre et la formation d'un bain de fusion.<\/p>\n<p class=\"whitespace-pre-wrap\"><strong>Q : La poudre Al 3103 n\u00e9cessite-t-elle des pr\u00e9cautions de manipulation particuli\u00e8res ?<\/strong><\/p>\n<p class=\"whitespace-pre-wrap\">R: Oui, il est conseill\u00e9 de manipuler les poudres d'aluminium avec pr\u00e9caution sous atmosph\u00e8re inerte en utilisant une mise \u00e0 la terre, une ventilation et un EPI ad\u00e9quats pour \u00e9viter les risques d'incendie ou d'explosion.<\/p>\n<p class=\"whitespace-pre-wrap\"><strong>Q : O\u00f9 puis-je acheter de la poudre d'Al 3103 adapt\u00e9e aux applications marines ?<\/strong><\/p>\n<p class=\"whitespace-pre-wrap\">A: De la poudre Al 3103 haute r\u00e9sistance \u00e0 la corrosion sp\u00e9cialement con\u00e7ue pour les environnements marins peut \u00eatre achet\u00e9e aupr\u00e8s de grands fabricants comme Valimet, Makin Metal Powders et Micron Metals.<\/p>\n<p><\/span><\/span><\/p>","protected":false},"excerpt":{"rendered":"<p>Aper\u00e7u de la poudre d'Al 3103 L'Al 3103 est un alliage d'aluminium corroy\u00e9 non traitable thermiquement, connu pour son excellente r\u00e9sistance \u00e0 la corrosion, sa bonne formabilit\u00e9 et sa soudabilit\u00e9. Les ajouts de mangan\u00e8se am\u00e9liorent la r\u00e9sistance par le renforcement en solution solide tout en maintenant une excellente ductilit\u00e9. Les principales caract\u00e9ristiques de la poudre d'Al 3103 sont les suivantes R\u00e9sistance mod\u00e9r\u00e9e avec ductilit\u00e9 et t\u00e9nacit\u00e9 \u00e9lev\u00e9es Excellente soudabilit\u00e9 et formabilit\u00e9 Tr\u00e8s...<\/p>","protected":false},"featured_media":1810,"parent":0,"template":"","meta":{"_acf_changed":false,"_kad_blocks_custom_css":"","_kad_blocks_head_custom_js":"","_kad_blocks_body_custom_js":"","_kad_blocks_footer_custom_js":"","_kad_post_transparent":"","_kad_post_title":"","_kad_post_layout":"","_kad_post_sidebar_id":"","_kad_post_content_style":"","_kad_post_vertical_padding":"","_kad_post_feature":"","_kad_post_feature_position":"","_kad_post_header":false,"_kad_post_footer":false,"_kad_post_classname":""},"product-category":[119,124],"class_list":["post-3904","product","type-product","status-publish","has-post-thumbnail","hentry","product-category-3d-printing-metal-powder","product-category-aluminum-based-alloy-powder"],"acf":[],"taxonomy_info":{"product-category":[{"value":119,"label":"3D Printing Metal Powder"},{"value":124,"label":"Aluminum Based Alloy Powder"}]},"featured_image_src_large":["https:\/\/3dpmetal.com\/wp-content\/uploads\/2024\/02\/Ti22Al25Nb.jpg",406,304,false],"author_info":[],"comment_info":"","_links":{"self":[{"href":"https:\/\/3dpmetal.com\/fr\/wp-json\/wp\/v2\/product\/3904","targetHints":{"allow":["GET"]}}],"collection":[{"href":"https:\/\/3dpmetal.com\/fr\/wp-json\/wp\/v2\/product"}],"about":[{"href":"https:\/\/3dpmetal.com\/fr\/wp-json\/wp\/v2\/types\/product"}],"wp:featuredmedia":[{"embeddable":true,"href":"https:\/\/3dpmetal.com\/fr\/wp-json\/wp\/v2\/media\/1810"}],"wp:attachment":[{"href":"https:\/\/3dpmetal.com\/fr\/wp-json\/wp\/v2\/media?parent=3904"}],"wp:term":[{"taxonomy":"product-category","embeddable":true,"href":"https:\/\/3dpmetal.com\/fr\/wp-json\/wp\/v2\/product-category?post=3904"}],"curies":[{"name":"wp","href":"https:\/\/api.w.org\/{rel}","templated":true}]}}