{"id":3905,"date":"2024-03-18T06:10:12","date_gmt":"2024-03-18T06:10:12","guid":{"rendered":"https:\/\/3dp.45612300.xyz\/product\/al-3203-powder\/"},"modified":"2024-03-18T06:10:12","modified_gmt":"2024-03-18T06:10:12","slug":"al-3203-powder","status":"publish","type":"product","link":"https:\/\/3dpmetal.com\/fr\/product\/al-3203-powder\/","title":{"rendered":"Poudre d'Al 3203"},"content":{"rendered":"<p><span style=\"vertical-align: inherit;\"><span style=\"vertical-align: inherit;\"><\/p>\n<h2>Aper\u00e7u de la poudre d'Al2O3<\/h2>\n<p class=\"whitespace-pre-wrap\">L'Al2O3 ou oxyde d'aluminium est un mat\u00e9riau c\u00e9ramique connu pour sa grande duret\u00e9, ses excellentes propri\u00e9t\u00e9s di\u00e9lectriques, sa r\u00e9fractarit\u00e9 et sa r\u00e9sistance \u00e0 l'abrasion et \u00e0 la corrosion. La poudre d'alumine est la forme pulv\u00e9rulente de l'oxyde d'aluminium utilis\u00e9e dans diverses applications.<\/p>\n<p class=\"whitespace-pre-wrap\">Les principales propri\u00e9t\u00e9s de la poudre d'Al2O3 sont les suivantes :<\/p>\n<ul class=\"list-disc pl-8 space-y-2\">\n<li class=\"whitespace-normal\">Duret\u00e9 \u00e9lev\u00e9e et r\u00e9sistance \u00e0 l'usure<\/li>\n<li class=\"whitespace-normal\">Point de fusion \u00e9lev\u00e9 de plus de 2000\u00a1\"C<\/li>\n<li class=\"whitespace-normal\">Faible conductivit\u00e9 \u00e9lectrique et thermique<\/li>\n<li class=\"whitespace-normal\">Excellente r\u00e9sistance aux chocs thermiques<\/li>\n<li class=\"whitespace-normal\">R\u00e9sistant aux acides forts et aux alcalis<\/li>\n<li class=\"whitespace-normal\">Faible densit\u00e9, environ 3,95 g\/cm3<\/li>\n<li class=\"whitespace-normal\">Mat\u00e9riau chimiquement inerte<\/li>\n<li class=\"whitespace-normal\">Poudre de couleur blanche disponible en diff\u00e9rentes tailles de particules<\/li>\n<\/ul>\n<h2>Composition chimique de la poudre d'Al2O3<\/h2>\n<p class=\"whitespace-pre-wrap\">La composition chimique de la poudre d'Al2O3 est la suivante :<\/p>\n<table>\n<thead>\n<tr>\n<th>Compos\u00e9<\/th>\n<th>Formule<\/th>\n<th>% en poids<\/th>\n<\/tr>\n<\/thead>\n<tbody>\n<tr>\n<td>Oxyde d'aluminium<\/td>\n<td>Al2O3<\/td>\n<td>99,5\u00a0% min.<\/td>\n<\/tr>\n<tr>\n<td>Dioxyde de silicium<\/td>\n<td>SiO2<\/td>\n<td>0,05 % max<\/td>\n<\/tr>\n<tr>\n<td>Oxyde de fer<\/td>\n<td>Fe2O3<\/td>\n<td>0,08 % max<\/td>\n<\/tr>\n<tr>\n<td>Dioxyde de titane<\/td>\n<td>TiO2<\/td>\n<td>0,03 % max<\/td>\n<\/tr>\n<tr>\n<td>Oxyde de sodium<\/td>\n<td>Na2O<\/td>\n<td>0,05 % max<\/td>\n<\/tr>\n<tr>\n<td>Oxyde de magn\u00e9sium<\/td>\n<td>MgO<\/td>\n<td>0,03 % max<\/td>\n<\/tr>\n<\/tbody>\n<\/table>\n<p>&nbsp;<\/p>\n<p class=\"whitespace-pre-wrap\">La poudre d'Al2O3 de haute puret\u00e9 contient plus de 99,5% d'oxyde d'aluminium comme composant principal. Des limites maximales d'impuret\u00e9s sont sp\u00e9cifi\u00e9es pour la silice, l'oxyde de fer, le titane et d'autres oxydes.<\/p>\n<h2>Propri\u00e9t\u00e9s de la poudre d'Al2O3<\/h2>\n<p class=\"whitespace-pre-wrap\">La poudre d'Al2O3 pr\u00e9sente les propri\u00e9t\u00e9s cl\u00e9s suivantes :<\/p>\n<table>\n<thead>\n<tr>\n<th>Propri\u00e9t\u00e9 immobili\u00e8re<\/th>\n<th>Valeur<\/th>\n<\/tr>\n<\/thead>\n<tbody>\n<tr>\n<td>Point de fusion<\/td>\n<td>2050\u00a1\"C<\/td>\n<\/tr>\n<tr>\n<td>Densit\u00e9<\/td>\n<td>3,95 g\/cm3<\/td>\n<\/tr>\n<tr>\n<td>Duret\u00e9<\/td>\n<td>9 Mohs<\/td>\n<\/tr>\n<tr>\n<td>R\u00e9sistance \u00e0 la flexion<\/td>\n<td>330 MPa<\/td>\n<\/tr>\n<tr>\n<td>R\u00e9sistance en Compression<\/td>\n<td>2600 MPa<\/td>\n<\/tr>\n<tr>\n<td>Porosit\u00e9<\/td>\n<td>&lt;1%<\/td>\n<\/tr>\n<tr>\n<td>Conductivit\u00e9 thermique<\/td>\n<td>30 W\/m.K<\/td>\n<\/tr>\n<tr>\n<td>R\u00e9sistivit\u00e9 \u00e9lectrique<\/td>\n<td>&gt;1014 ohm.cm<\/td>\n<\/tr>\n<tr>\n<td>Rigidit\u00e9 di\u00e9lectrique<\/td>\n<td>15-35 kV\/mm<\/td>\n<\/tr>\n<tr>\n<td>Absorption de l'eau<\/td>\n<td>0%<\/td>\n<\/tr>\n<\/tbody>\n<\/table>\n<p><img loading=\"lazy\" decoding=\"async\" class=\"size-medium wp-image-1409 aligncenter\" src=\"https:\/\/met3dp.com\/wp-content\/uploads\/2023\/09\/ed7a94ec-3c10-4b1b-87ed--300x300.jpg\" alt=\"Poudre d&#039;Al 3203\" width=\"300\" height=\"300\" title=\"\"><\/p>\n<p class=\"whitespace-pre-wrap\">Le point de fusion, la duret\u00e9, la r\u00e9sistance et la rigidit\u00e9 di\u00e9lectrique tr\u00e8s \u00e9lev\u00e9s de l'alumine lui permettent d'\u00eatre utilis\u00e9e dans des applications telles que les abrasifs, les r\u00e9fractaires, les c\u00e9ramiques et les isolateurs \u00e9lectriques. Sa porosit\u00e9 est tr\u00e8s faible et son absorption d'eau nulle.<\/p>\n<h2>M\u00e9thodes de production de la poudre d'Al2O3<\/h2>\n<p class=\"whitespace-pre-wrap\">Les m\u00e9thodes courantes de production de la poudre d'Al2O3 sont les suivantes :<\/p>\n<ul class=\"list-disc pl-8 space-y-2\">\n<li class=\"whitespace-normal\"><strong>Processus Bayer<\/strong>?- Le trihydrate d'alumine est extrait du minerai de bauxite et transform\u00e9 thermiquement en poudre d'alumine. Ce processus permet d'obtenir une poudre d'une grande puret\u00e9.<\/li>\n<li class=\"whitespace-normal\"><strong>Processus de Hall\u00e4h\u00b9\u00c8roult<\/strong>?- L'alumine est dissoute dans de la cryolithe fondue et \u00e9lectrolys\u00e9e pour produire de l'aluminium. La poudre d'alumine est r\u00e9cup\u00e9r\u00e9e comme sous-produit.<\/li>\n<li class=\"whitespace-normal\"><strong>Calcination<\/strong>?- D\u00e9shydratation et calcination de divers hydroxydes d'aluminium pour former de la poudre d'alumine.<\/li>\n<li class=\"whitespace-normal\"><strong>Sol-gel<\/strong>?- Le gel d'alumine est form\u00e9 \u00e0 partir d'alcoxydes ou de nitrates d'aluminium, puis s\u00e9ch\u00e9 et calcin\u00e9 pour obtenir une poudre d'alumine nanom\u00e9trique.<\/li>\n<li class=\"whitespace-normal\"><strong>Pyrolyse de la flamme<\/strong>?- La combustion en phase vapeur du chlorure d'aluminium produit une poudre d'alumine ultrafine.<\/li>\n<\/ul>\n<p class=\"whitespace-pre-wrap\">Le proc\u00e9d\u00e9 Bayer est la m\u00e9thode industrielle la plus courante, tandis que les autres permettent d'obtenir de l'alumine de qualit\u00e9 sp\u00e9ciale.<\/p>\n<h2>Applications de la poudre d'Al2O3<\/h2>\n<p class=\"whitespace-pre-wrap\">Les principales applications de la poudre d'Al2O3 sont les suivantes :<\/p>\n<ul class=\"list-disc pl-8 space-y-2\">\n<li class=\"whitespace-normal\"><strong>Abrasifs<\/strong>?- Pour le meulage, le pon\u00e7age, le polissage et le sablage en raison de sa duret\u00e9.<\/li>\n<li class=\"whitespace-normal\"><strong>R\u00e9fractaires<\/strong>?- Rev\u00eatements de fours \u00e0 haute temp\u00e9rature, c\u00e9ramiques, briques r\u00e9fractaires pour les industries de la m\u00e9tallurgie, du verre et du ciment.<\/li>\n<li class=\"whitespace-normal\"><strong>C\u00e9ramique<\/strong>Applications \u00e9lectriques, structurelles et biom\u00e9dicales des c\u00e9ramiques d'alumine.<\/li>\n<li class=\"whitespace-normal\"><strong>Catalyseurs<\/strong>L'alumine gamma est utilis\u00e9e comme support de catalyseur et directement comme catalyseur.<\/li>\n<li class=\"whitespace-normal\"><strong>Rev\u00eatements<\/strong>Rev\u00eatements par pulv\u00e9risation thermique pour la protection contre l'usure et la corrosion.<\/li>\n<li class=\"whitespace-normal\"><strong>Polissage<\/strong>?- Boues CMP pour le polissage des plaquettes de silicium, des composants optiques et des m\u00e9taux.<\/li>\n<li class=\"whitespace-normal\"><strong>Produits de remplissage<\/strong>?- Ajout\u00e9 aux plastiques, au caoutchouc, au papier pour am\u00e9liorer les propri\u00e9t\u00e9s m\u00e9caniques.<\/li>\n<li class=\"whitespace-normal\"><strong>Cosm\u00e9tiques<\/strong>?- Pour la fabrication de maquillage et de produits de soins personnels.<\/li>\n<\/ul>\n<h2>Sp\u00e9cifications de la poudre d'Al2O3<\/h2>\n<p class=\"whitespace-pre-wrap\">La poudre d'Al2O3 est disponible sous diff\u00e9rents niveaux de puret\u00e9, de distribution granulom\u00e9trique et de qualit\u00e9 :<\/p>\n<ul class=\"list-disc pl-8 space-y-2\">\n<li class=\"whitespace-normal\"><strong>Puret\u00e9<\/strong>?- Des qualit\u00e9s industrielles (90%) aux qualit\u00e9s de haute puret\u00e9 (99,99%) en fonction des niveaux d'impuret\u00e9.<\/li>\n<li class=\"whitespace-normal\"><strong>Granulom\u00e9trie<\/strong>?allant de l'\u00e9chelle nanom\u00e9trique (10-50 nm) \u00e0 l'\u00e9chelle grossi\u00e8re (plus de 100 microns).<\/li>\n<li class=\"whitespace-normal\"><strong>Phases<\/strong>Les phases alpha, gamma, th\u00eata et delta ont des propri\u00e9t\u00e9s diff\u00e9rentes.<\/li>\n<li class=\"whitespace-normal\"><strong>Notes<\/strong>Conformit\u00e9 aux normes pour les abrasifs, les c\u00e9ramiques techniques, les bioc\u00e9ramiques, etc.<\/li>\n<li class=\"whitespace-normal\"><strong>Surface<\/strong>?- Pour les poudres nanom\u00e9triques, la surface est de 1 \u00e0 100 m2\/g.<\/li>\n<li class=\"whitespace-normal\"><strong>Morphologie<\/strong>Particules de forme r\u00e9guli\u00e8re et sph\u00e9rique de pr\u00e9f\u00e9rence.<\/li>\n<li class=\"whitespace-normal\"><strong>APPLICATIONS<\/strong>?- Poudre personnalis\u00e9e pour les composites, l'impression 3D et d'autres utilisations.<\/li>\n<\/ul>\n<h2>Fournisseurs mondiaux de poudre d'Al2O3<\/h2>\n<p class=\"whitespace-pre-wrap\">Parmi les principaux fournisseurs mondiaux, on peut citer<\/p>\n<ul class=\"list-disc pl-8 space-y-2\">\n<li class=\"whitespace-normal\">Almatis (USA)<\/li>\n<li class=\"whitespace-normal\">Baikowski (France)<\/li>\n<li class=\"whitespace-normal\">Nippon Light Metal (Japon)<\/li>\n<li class=\"whitespace-normal\">Sumitomo Chemical (Japon)<\/li>\n<li class=\"whitespace-normal\">Sasol (Afrique du Sud)<\/li>\n<li class=\"whitespace-normal\">Evonik (Allemagne)<\/li>\n<li class=\"whitespace-normal\">Micron Metals (USA)<\/li>\n<li class=\"whitespace-normal\">Nanoshel (\u00c9tats-Unis)<\/li>\n<\/ul>\n<p class=\"whitespace-pre-wrap\">Ces entreprises produisent diff\u00e9rentes qualit\u00e9s de poudre d'Al2O3 adapt\u00e9es \u00e0 des applications allant des abrasifs aux nanotechnologies.<\/p>\n<h2>Prix de la poudre d'Al2O3<\/h2>\n<p class=\"whitespace-pre-wrap\">Le prix de la poudre d'Al2O3 d\u00e9pend de la nature du produit :<\/p>\n<ul class=\"list-disc pl-8 space-y-2\">\n<li class=\"whitespace-normal\">Puret\u00e9 et qualit\u00e9<\/li>\n<li class=\"whitespace-normal\">Taille et surface des particules<\/li>\n<li class=\"whitespace-normal\">Quantit\u00e9 achet\u00e9e<\/li>\n<li class=\"whitespace-normal\">Caract\u00e9ristiques des poudres<\/li>\n<li class=\"whitespace-normal\">Fournisseur et son emplacement<\/li>\n<\/ul>\n<table>\n<thead>\n<tr>\n<th>Qualit\u00e9<\/th>\n<th>Gamme de prix<\/th>\n<\/tr>\n<\/thead>\n<tbody>\n<tr>\n<td>Industriel<\/td>\n<td>$5-10 par kg<\/td>\n<\/tr>\n<tr>\n<td>Technique<\/td>\n<td>$10-50 par kg<\/td>\n<\/tr>\n<tr>\n<td>Haute puret\u00e9<\/td>\n<td>$50-500 par kg<\/td>\n<\/tr>\n<tr>\n<td>Nanopoudre<\/td>\n<td>$100-1000 par kg<\/td>\n<\/tr>\n<\/tbody>\n<\/table>\n<p>&nbsp;<\/p>\n<p class=\"whitespace-pre-wrap\">En g\u00e9n\u00e9ral, les poudres sp\u00e9cialis\u00e9es de haute puret\u00e9 et de taille nanom\u00e9trique sont plus ch\u00e8res que les poudres industrielles de base.<\/p>\n<h2>Sant\u00e9 et s\u00e9curit\u00e9 lors de la manipulation de la poudre d'Al2O3<\/h2>\n<p class=\"whitespace-pre-wrap\">La poudre d'Al2O3 ne pr\u00e9sente pas de risques graves pour la sant\u00e9 et la s\u00e9curit\u00e9, mais il convient de prendre les pr\u00e9cautions d'usage :<\/p>\n<ul class=\"list-disc pl-8 space-y-2\">\n<li class=\"whitespace-normal\">Utiliser des masques anti-poussi\u00e8re ou des respirateurs pour \u00e9viter d'inhaler les particules fines lors de la manipulation.<\/li>\n<li class=\"whitespace-normal\">Porter des lunettes et des gants de protection lors de la manipulation de la poudre.<\/li>\n<li class=\"whitespace-normal\">\u00c9viter le contact avec la peau pour \u00e9viter le dess\u00e8chement et l'irritation.<\/li>\n<li class=\"whitespace-normal\">\u00c9viter de g\u00e9n\u00e9rer et de respirer des poussi\u00e8res en suspension dans l'air. Assurer une ventilation ad\u00e9quate.<\/li>\n<li class=\"whitespace-normal\">Manipuler et stocker la poudre avec pr\u00e9caution en \u00e9vitant la dispersion dans l'air.<\/li>\n<li class=\"whitespace-normal\">\u00c9liminer correctement les d\u00e9chets de poudre conform\u00e9ment aux r\u00e9glementations environnementales.<\/li>\n<li class=\"whitespace-normal\">Se reporter \u00e0 la fiche de donn\u00e9es de s\u00e9curit\u00e9 (FDS) fournie par le fournisseur pour obtenir des informations compl\u00e8tes sur les risques pour la sant\u00e9.<\/li>\n<\/ul>\n<h2>Inspection et test de la poudre d'Al2O3<\/h2>\n<p class=\"whitespace-pre-wrap\">Les principaux tests effectu\u00e9s pour le contr\u00f4le de la qualit\u00e9 de la poudre d'Al2O3 sont les suivants :<\/p>\n<ul class=\"list-disc pl-8 space-y-2\">\n<li class=\"whitespace-normal\">Analyse chimique \u00e0 l'aide des techniques de fluorescence X (XRF) ou de plasma inductif (ICP) pour s'assurer que la composition est conforme aux sp\u00e9cifications.<\/li>\n<li class=\"whitespace-normal\">Analyse de la taille des particules par diffraction laser ou diffusion dynamique de la lumi\u00e8re.<\/li>\n<li class=\"whitespace-normal\">Microscopie \u00e9lectronique \u00e0 balayage (MEB) pour examiner la morphologie des particules.<\/li>\n<li class=\"whitespace-normal\">Mesure de la surface sp\u00e9cifique \u00e0 l'aide de la technique d'absorption de gaz.<\/li>\n<li class=\"whitespace-normal\">Analyse par diffraction des rayons X (XRD) pour d\u00e9terminer les phases pr\u00e9sentes.<\/li>\n<li class=\"whitespace-normal\">Analyse des impuret\u00e9s pour les \u00e9l\u00e9ments m\u00e9talliques \u00e0 l'\u00e9tat de traces par spectrom\u00e9trie de masse ICP.<\/li>\n<li class=\"whitespace-normal\">Perte de masse lors de l'allumage \u00e0 une temp\u00e9rature de 1000\u00a1\"C.<\/li>\n<li class=\"whitespace-normal\">Mesure de la densit\u00e9 par la m\u00e9thode de la pycnom\u00e9trie.<\/li>\n<\/ul>\n<p class=\"whitespace-pre-wrap\">Des inspections et des tests approfondis permettent de s'assurer que la poudre r\u00e9pond aux exigences de qualit\u00e9 et de performance des applications sp\u00e9cifiques.<\/p>\n<h2>Comparaison entre \u00cf\"-Al2O3 et \u00ce\u00db-Al2O3 en poudre<\/h2>\n<p class=\"whitespace-pre-wrap\">\u00cf\"-Al2O3 et \u00ce\u00db-Al2O3 sont deux phases courantes de la poudre d'alumine compar\u00e9es ici :<\/p>\n<table>\n<thead>\n<tr>\n<th>Param\u00e8tre<\/th>\n<th>\u00cf\"-Al2O3<\/th>\n<th>\u00ce\u00db-Al2O3<\/th>\n<\/tr>\n<\/thead>\n<tbody>\n<tr>\n<td>Structure cristalline<\/td>\n<td>Hexagonal<\/td>\n<td>Cubique<\/td>\n<\/tr>\n<tr>\n<td>Densit\u00e9<\/td>\n<td>3,95 g\/cm3<\/td>\n<td>3,65 g\/cm3<\/td>\n<\/tr>\n<tr>\n<td>Duret\u00e9<\/td>\n<td>9 Mohs<\/td>\n<td>8 Mohs<\/td>\n<\/tr>\n<tr>\n<td>Point de fusion<\/td>\n<td>2050\u00a1\"C<\/td>\n<td>~1100\u00a1\"C<\/td>\n<\/tr>\n<tr>\n<td>Conductivit\u00e9 thermique<\/td>\n<td>30 W\/m.K<\/td>\n<td>5-10 W\/m.K<\/td>\n<\/tr>\n<tr>\n<td>Surface<\/td>\n<td>&lt;10 m2\/g<\/td>\n<td>100-300 m2\/g<\/td>\n<\/tr>\n<tr>\n<td>APPLICATIONS<\/td>\n<td>Abrasifs, c\u00e9ramiques<\/td>\n<td>Catalyseurs, adsorbants<\/td>\n<\/tr>\n<tr>\n<td>Prix<\/td>\n<td>Inf\u00e9rieur<\/td>\n<td>Plus haut<\/td>\n<\/tr>\n<\/tbody>\n<\/table>\n<p>&nbsp;<\/p>\n<p class=\"whitespace-pre-wrap\">Le \u00cf\"-Al2O3 a une duret\u00e9, une densit\u00e9, une conductivit\u00e9 thermique et une r\u00e9fractarit\u00e9 plus \u00e9lev\u00e9es, tandis que le \u00ce\u00db-Al2O3 a une surface plus importante et est largement utilis\u00e9 dans les catalyseurs. La forme \u00cf\"- a des applications plus larges et un prix plus bas.<\/p>\n<h2>FAQ<\/h2>\n<p class=\"whitespace-pre-wrap\"><strong>Q : \u00c0 quoi sert la poudre d'Al2O3 ?<\/strong><\/p>\n<p class=\"whitespace-pre-wrap\">R : La poudre d'Al2O3 est utilis\u00e9e pour fabriquer des abrasifs, des r\u00e9fractaires, des c\u00e9ramiques structurelles, des rev\u00eatements c\u00e9ramiques, des compos\u00e9s de polissage, des charges pour plastique et caoutchouc, et d'autres applications en raison de sa grande duret\u00e9, de sa solidit\u00e9 et de sa r\u00e9sistance \u00e0 la corrosion.<\/p>\n<p class=\"whitespace-pre-wrap\"><strong>Q : Quelle est la diff\u00e9rence entre la poudre d'alumine blanche, rose et brune ?<\/strong><\/p>\n<p class=\"whitespace-pre-wrap\">R : L'alumine blanche est de l'Al2O3 de grande puret\u00e9. Les alumines rose et brune contiennent respectivement de petites quantit\u00e9s d'oxydes de chrome et de fer qui leur conf\u00e8rent leur couleur. L'alumine blanche est utilis\u00e9e lorsque la contamination par la couleur doit \u00eatre \u00e9vit\u00e9e.<\/p>\n<p class=\"whitespace-pre-wrap\"><strong>Q : La poudre d'Al2O3 est-elle dangereuse ?<\/strong><\/p>\n<p class=\"whitespace-pre-wrap\">R : La poudre d'Al2O3 n'est g\u00e9n\u00e9ralement pas class\u00e9e comme une mati\u00e8re dangereuse mais, comme toutes les poudres fines, elle peut provoquer des irritations et des probl\u00e8mes respiratoires lors de sa manipulation. L'utilisation d'un \u00e9quipement de protection individuelle appropri\u00e9 est recommand\u00e9e.<\/p>\n<p class=\"whitespace-pre-wrap\"><strong>Q : Quelle est la diff\u00e9rence entre la poudre d'alumine fondue et la poudre d'alumine fritt\u00e9e ?<\/strong><\/p>\n<p class=\"whitespace-pre-wrap\">R : L'alumine fondue est produite par la fusion d'alumine pure, tandis que l'alumine fritt\u00e9e est obtenue par compactage et cuisson de la poudre d'alumine. L'alumine fondue a une puret\u00e9 et une densit\u00e9 plus \u00e9lev\u00e9es que l'alumine fritt\u00e9e.<\/p>\n<p class=\"whitespace-pre-wrap\"><strong>Q : O\u00f9 puis-je acheter de la poudre d'Al2O3 pour fabriquer des composants en c\u00e9ramique ?<\/strong><\/p>\n<p class=\"whitespace-pre-wrap\">R : La poudre d'alumine fine de haute puret\u00e9 pour les applications c\u00e9ramiques peut \u00eatre achet\u00e9e aupr\u00e8s des principaux fournisseurs, notamment Almatis, Baikowski et Micron Metals. Assurez-vous que la poudre est conforme aux sp\u00e9cifications de votre application.<\/p>\n<div id=\"gtx-trans\" style=\"position: absolute; left: 151px; top: 62.0069px;\">\n<div class=\"gtx-trans-icon\"><\/div>\n<\/div>\n<p><\/span><\/span><\/p>","protected":false},"excerpt":{"rendered":"<p>Aper\u00e7u de la poudre d'Al2O3 L'Al2O3 ou oxyde d'aluminium est un mat\u00e9riau c\u00e9ramique connu pour sa grande duret\u00e9, ses excellentes propri\u00e9t\u00e9s di\u00e9lectriques, sa r\u00e9fractarit\u00e9 et sa r\u00e9sistance \u00e0 l'abrasion et \u00e0 la corrosion. La poudre d'alumine est la forme de poudre d'oxyde d'aluminium utilis\u00e9e dans une vari\u00e9t\u00e9 d'applications. Les principales propri\u00e9t\u00e9s de la poudre d'Al2O3 sont les suivantes Duret\u00e9 \u00e9lev\u00e9e et r\u00e9sistance \u00e0 l'usure Point de fusion \u00e9lev\u00e9...<\/p>","protected":false},"featured_media":1812,"parent":0,"template":"","meta":{"_acf_changed":false,"_kad_blocks_custom_css":"","_kad_blocks_head_custom_js":"","_kad_blocks_body_custom_js":"","_kad_blocks_footer_custom_js":"","_kad_post_transparent":"","_kad_post_title":"","_kad_post_layout":"","_kad_post_sidebar_id":"","_kad_post_content_style":"","_kad_post_vertical_padding":"","_kad_post_feature":"","_kad_post_feature_position":"","_kad_post_header":false,"_kad_post_footer":false,"_kad_post_classname":""},"product-category":[119,124],"class_list":["post-3905","product","type-product","status-publish","has-post-thumbnail","hentry","product-category-3d-printing-metal-powder","product-category-aluminum-based-alloy-powder"],"acf":[],"taxonomy_info":{"product-category":[{"value":119,"label":"3D Printing Metal Powder"},{"value":124,"label":"Aluminum Based Alloy Powder"}]},"featured_image_src_large":["https:\/\/3dpmetal.com\/wp-content\/uploads\/2024\/02\/Al-3203-powder.jpg",600,600,false],"author_info":[],"comment_info":"","_links":{"self":[{"href":"https:\/\/3dpmetal.com\/fr\/wp-json\/wp\/v2\/product\/3905","targetHints":{"allow":["GET"]}}],"collection":[{"href":"https:\/\/3dpmetal.com\/fr\/wp-json\/wp\/v2\/product"}],"about":[{"href":"https:\/\/3dpmetal.com\/fr\/wp-json\/wp\/v2\/types\/product"}],"wp:featuredmedia":[{"embeddable":true,"href":"https:\/\/3dpmetal.com\/fr\/wp-json\/wp\/v2\/media\/1812"}],"wp:attachment":[{"href":"https:\/\/3dpmetal.com\/fr\/wp-json\/wp\/v2\/media?parent=3905"}],"wp:term":[{"taxonomy":"product-category","embeddable":true,"href":"https:\/\/3dpmetal.com\/fr\/wp-json\/wp\/v2\/product-category?post=3905"}],"curies":[{"name":"wp","href":"https:\/\/api.w.org\/{rel}","templated":true}]}}