{"id":3906,"date":"2024-03-18T06:10:12","date_gmt":"2024-03-18T06:10:12","guid":{"rendered":"https:\/\/3dp.45612300.xyz\/product\/al-3004-powder\/"},"modified":"2024-03-18T06:10:12","modified_gmt":"2024-03-18T06:10:12","slug":"al-3004-powder","status":"publish","type":"product","link":"https:\/\/3dpmetal.com\/fr\/product\/al-3004-powder\/","title":{"rendered":"Poudre d'Al 3004"},"content":{"rendered":"<p><span style=\"vertical-align: inherit;\"><span style=\"vertical-align: inherit;\"><\/p>\n<h2>Aper\u00e7u de la poudre d'Al 3004<\/h2>\n<p class=\"whitespace-pre-wrap\">L'Al 3004 est un alliage d'aluminium corroy\u00e9 connu pour sa r\u00e9sistance mod\u00e9r\u00e9e, son excellente r\u00e9sistance \u00e0 la corrosion, sa bonne formabilit\u00e9 et sa soudabilit\u00e9. Le mangan\u00e8se renforce la r\u00e9sistance par la mise en solution solide, tandis que le magn\u00e9sium am\u00e9liore la r\u00e9sistance par le durcissement par pr\u00e9cipitation.<\/p>\n<p class=\"whitespace-pre-wrap\">Les principales caract\u00e9ristiques de la poudre d'Al 3004 sont les suivantes<\/p>\n<ul class=\"list-disc pl-8 space-y-2\">\n<li class=\"whitespace-normal\">R\u00e9sistance mod\u00e9r\u00e9e \u00e0 la traction et excellente ductilit\u00e9<\/li>\n<li class=\"whitespace-normal\">Tr\u00e8s bonne formabilit\u00e9 et soudabilit\u00e9<\/li>\n<li class=\"whitespace-normal\">Excellente r\u00e9sistance \u00e0 la corrosion<\/li>\n<li class=\"whitespace-normal\">Conductivit\u00e9 thermique et \u00e9lectrique \u00e9lev\u00e9e<\/li>\n<li class=\"whitespace-normal\">Densit\u00e9 faible<\/li>\n<li class=\"whitespace-normal\">Disponible en diff\u00e9rentes distributions de taille de particules<\/li>\n<\/ul>\n<p class=\"whitespace-pre-wrap\">La poudre d'Al 3004 convient aux applications n\u00e9cessitant une r\u00e9sistance mod\u00e9r\u00e9e associ\u00e9e \u00e0 une bonne soudabilit\u00e9, une bonne usinabilit\u00e9 et une bonne r\u00e9sistance \u00e0 la corrosion.<\/p>\n<h2>Composition chimique de la poudre d'Al 3004<\/h2>\n<p class=\"whitespace-pre-wrap\">La composition typique de la poudre d'Al 3004 est la suivante :<\/p>\n<table>\n<thead>\n<tr>\n<th>\u00e9l\u00e9ment<\/th>\n<th>% en poids<\/th>\n<\/tr>\n<\/thead>\n<tbody>\n<tr>\n<td>Aluminium (Al)<\/td>\n<td>\u00c9quilibre<\/td>\n<\/tr>\n<tr>\n<td>Mangan\u00e8se (Mn)<\/td>\n<td>1.0-1.5%<\/td>\n<\/tr>\n<tr>\n<td>Magn\u00e9sium (Mg)<\/td>\n<td>0.2-0.8%<\/td>\n<\/tr>\n<tr>\n<td>Silicium (Si)<\/td>\n<td>0-0.6%<\/td>\n<\/tr>\n<tr>\n<td>Le fer (Fe)<\/td>\n<td>0-0.7%<\/td>\n<\/tr>\n<tr>\n<td>Cuivre (Cu)<\/td>\n<td>0-0.25%<\/td>\n<\/tr>\n<tr>\n<td>Chrome (Cr)<\/td>\n<td>0-0.10%<\/td>\n<\/tr>\n<tr>\n<td>Zinc (Zn)<\/td>\n<td>0-0.10%<\/td>\n<\/tr>\n<\/tbody>\n<\/table>\n<p><img loading=\"lazy\" decoding=\"async\" class=\"size-medium wp-image-1409 aligncenter\" src=\"https:\/\/met3dp.com\/wp-content\/uploads\/2023\/09\/ed7a94ec-3c10-4b1b-87ed--300x300.jpg\" alt=\"Poudre d&#039;Al 3004\" width=\"300\" height=\"300\" title=\"\"><\/p>\n<p class=\"whitespace-pre-wrap\">Le mangan\u00e8se et le magn\u00e9sium sont des \u00e9l\u00e9ments d'alliage ajout\u00e9s intentionnellement, tandis que le silicium, le fer, le cuivre et le zinc sont pr\u00e9sents en tant qu'impuret\u00e9s.<\/p>\n<h2>Propri\u00e9t\u00e9s de la poudre d'Al 3004<\/h2>\n<p class=\"whitespace-pre-wrap\">Les principales propri\u00e9t\u00e9s de la poudre d'Al 3004 sont les suivantes<\/p>\n<table>\n<thead>\n<tr>\n<th>Propri\u00e9t\u00e9 immobili\u00e8re<\/th>\n<th>Valeur<\/th>\n<\/tr>\n<\/thead>\n<tbody>\n<tr>\n<td>Densit\u00e9<\/td>\n<td>2,73 g\/cm3<\/td>\n<\/tr>\n<tr>\n<td>Point de fusion<\/td>\n<td>630-655\u00a1\"C<\/td>\n<\/tr>\n<tr>\n<td>Conductivit\u00e9 thermique<\/td>\n<td>180 W\/mK<\/td>\n<\/tr>\n<tr>\n<td>Conductivit\u00e9 \u00e9lectrique<\/td>\n<td>41-43 %IACS<\/td>\n<\/tr>\n<tr>\n<td>Module de Young<\/td>\n<td>68 \u00e0 72 GPa<\/td>\n<\/tr>\n<tr>\n<td>Coefficient de Poisson<\/td>\n<td>0.33<\/td>\n<\/tr>\n<tr>\n<td>R\u00e9sistance \u00e0 la traction<\/td>\n<td>190-240 MPa<\/td>\n<\/tr>\n<tr>\n<td>Limite d'\u00e9lasticit\u00e9<\/td>\n<td>110-170 MPa<\/td>\n<\/tr>\n<tr>\n<td>Allongement<\/td>\n<td>10-20%<\/td>\n<\/tr>\n<tr>\n<td>Duret\u00e9<\/td>\n<td>50-65 Brinell<\/td>\n<\/tr>\n<\/tbody>\n<\/table>\n<p>&nbsp;<\/p>\n<p class=\"whitespace-pre-wrap\">L'alliage offre une r\u00e9sistance mod\u00e9r\u00e9e avec une ductilit\u00e9 et une formabilit\u00e9 excellentes. Il pr\u00e9sente une bonne r\u00e9sistance \u00e0 la corrosion atmosph\u00e9rique. La conductivit\u00e9 thermique et \u00e9lectrique est \u00e9lev\u00e9e.<\/p>\n<h2>M\u00e9thode de production de la poudre d'Al 3004<\/h2>\n<p class=\"whitespace-pre-wrap\">Les m\u00e9thodes courantes de production de la poudre d'Al 3004 sont les suivantes :<\/p>\n<ul class=\"list-disc pl-8 space-y-2\">\n<li class=\"whitespace-normal\"><strong>Atomisation par gaz<\/strong>Le flux d'alliage fondu est d\u00e9sint\u00e9gr\u00e9 par des jets de gaz inertes en une fine poudre sph\u00e9rique avec une distribution contr\u00f4l\u00e9e des particules.<\/li>\n<li class=\"whitespace-normal\"><strong>Pulv\u00e9risation d'eau<\/strong>Jet d'eau \u00e0 grande vitesse utilis\u00e9 pour produire de fines particules irr\u00e9guli\u00e8res d'Al 3004. Co\u00fbt plus faible mais teneur en oxyg\u00e8ne plus \u00e9lev\u00e9e.<\/li>\n<li class=\"whitespace-normal\"><strong>Alliages M\u00e9caniques<\/strong>Broyage d'un m\u00e9lange d'aluminium et de poudres d'alliage, suivi d'un compactage \u00e0 froid et d'un frittage.<\/li>\n<\/ul>\n<p class=\"whitespace-pre-wrap\">L'atomisation au gaz permet un contr\u00f4le sup\u00e9rieur des caract\u00e9ristiques de la poudre, essentielles pour les applications avanc\u00e9es.<\/p>\n<h2>Applications de la poudre d'Al 3004<\/h2>\n<p class=\"whitespace-pre-wrap\">Les applications typiques de la poudre d'Al 3004 sont les suivantes :<\/p>\n<ul class=\"list-disc pl-8 space-y-2\">\n<li class=\"whitespace-normal\"><strong>fabrication additive<\/strong>?- Utilis\u00e9 dans les processus de projection de liant, de fusion au laser et de fusion par faisceau d'\u00e9lectrons pour produire des pi\u00e8ces complexes en aluminium.<\/li>\n<li class=\"whitespace-normal\"><strong>Moulage par injection de m\u00e9tal<\/strong>?- Pour fabriquer de petits composants complexes qui n\u00e9cessitent une bonne r\u00e9sistance m\u00e9canique et une bonne r\u00e9sistance \u00e0 la corrosion.<\/li>\n<li class=\"whitespace-normal\"><strong>M\u00e9tallurgie des poudres<\/strong>?- Processus de pressage et de frittage pour la production de pi\u00e8ces automobiles et de machines \u00e0 performances mod\u00e9r\u00e9es.<\/li>\n<li class=\"whitespace-normal\"><strong>Projection thermique<\/strong>?- D\u00e9p\u00f4t par pulv\u00e9risation \u00e0 l'arc de fils pour produire des rev\u00eatements protecteurs offrant une r\u00e9sistance mod\u00e9r\u00e9e \u00e0 l'usure et \u00e0 la corrosion.<\/li>\n<li class=\"whitespace-normal\"><strong>M\u00e9tal d\u2019apport<\/strong>- Utilis\u00e9 comme fil d'apport pour un apport de soudure similaire \u00e0 celui du m\u00e9tal de base.<\/li>\n<li class=\"whitespace-normal\"><strong>Pigments<\/strong>?- Ajout\u00e9 aux peintures et rev\u00eatements pour fournir de la brillance et une protection anticorrosion.<\/li>\n<\/ul>\n<h2>Sp\u00e9cifications de la poudre d'Al 3004<\/h2>\n<p class=\"whitespace-pre-wrap\">La poudre d'Al 3004 est disponible dans diff\u00e9rentes gammes de tailles, de formes, de niveaux de puret\u00e9 et de grades :<\/p>\n<ul class=\"list-disc pl-8 space-y-2\">\n<li class=\"whitespace-normal\"><strong>Taille des particules\u00a0:<\/strong>De 10 \u00e0 150 microns pour les m\u00e9thodes de FA, jusqu'\u00e0 300 microns pour les proc\u00e9d\u00e9s de projection thermique.<\/li>\n<li class=\"whitespace-normal\"><strong>Morphologie\u00a0:<\/strong>Des poudres sph\u00e9riques, granuleuses, irr\u00e9guli\u00e8res et en flocons sont disponibles.<\/li>\n<li class=\"whitespace-normal\"><strong>Puret\u00e9\u00a0:<\/strong>Des qualit\u00e9s commerciales jusqu'\u00e0 des niveaux de puret\u00e9 \u00e9lev\u00e9s bas\u00e9s sur des limites d'impuret\u00e9.<\/li>\n<li class=\"whitespace-normal\"><strong>Grades :<\/strong>Conforme aux sp\u00e9cifications ASTM B209, EN 573 et ISO 209. Des grades personnalis\u00e9s sont propos\u00e9s.<\/li>\n<li class=\"whitespace-normal\"><strong>Capacit\u00e9 \u00e0 s'\u00e9couler\u00a0:<\/strong>?La poudre peut \u00eatre personnalis\u00e9e pour des d\u00e9bits sp\u00e9cifiques en fonction des exigences de l'application.<\/li>\n<\/ul>\n<h2>Fournisseurs mondiaux de poudre d'Al 3004<\/h2>\n<p class=\"whitespace-pre-wrap\">Voici quelques-uns des principaux fournisseurs mondiaux\u00a0:<\/p>\n<ul class=\"list-disc pl-8 space-y-2\">\n<li class=\"whitespace-normal\">Valimet Inc. (\u00c9tats-Unis)<\/li>\n<li class=\"whitespace-normal\">Makin Metal Powders (R.-U.)<\/li>\n<li class=\"whitespace-normal\">Atomization Systems Limited (Canada)<\/li>\n<li class=\"whitespace-normal\">Produits m\u00e9talliques SCM (\u00c9tats-Unis)<\/li>\n<li class=\"whitespace-normal\">Shanghai Chaowei Nanotechnology (Chine)<\/li>\n<li class=\"whitespace-normal\">Agni Metal (USA)<\/li>\n<li class=\"whitespace-normal\">Poudre de titane (Russie)<\/li>\n<\/ul>\n<p class=\"whitespace-pre-wrap\">Ces entreprises produisent de la poudre d'Al 3004 adapt\u00e9e \u00e0 l'AM, \u00e0 la pulv\u00e9risation thermique, \u00e0 l'automobile, \u00e0 l'a\u00e9rospatiale et aux applications d'ing\u00e9nierie g\u00e9n\u00e9rale.<\/p>\n<h2>Prix de la poudre d'Al 3004<\/h2>\n<p class=\"whitespace-pre-wrap\">Le prix de la poudre d'Al 3004 d\u00e9pend de plusieurs facteurs :<\/p>\n<ul class=\"list-disc pl-8 space-y-2\">\n<li class=\"whitespace-normal\">Niveaux de puret\u00e9<\/li>\n<li class=\"whitespace-normal\">Distribution de la taille des particules<\/li>\n<li class=\"whitespace-normal\">Morphologie et forme des poudres<\/li>\n<li class=\"whitespace-normal\">Quantit\u00e9 de commande<\/li>\n<li class=\"whitespace-normal\">Fournisseur, localisation g\u00e9ographique<\/li>\n<\/ul>\n<table>\n<thead>\n<tr>\n<th>Qualit\u00e9<\/th>\n<th>Gamme de prix<\/th>\n<\/tr>\n<\/thead>\n<tbody>\n<tr>\n<td>Publicit\u00e9<\/td>\n<td>5-15 $ le kilo<\/td>\n<\/tr>\n<tr>\n<td>Haute puret\u00e9<\/td>\n<td>15-25 $ par kg<\/td>\n<\/tr>\n<tr>\n<td>Ultrafin<\/td>\n<td>25-45 $ par kg<\/td>\n<\/tr>\n<tr>\n<td>Sp\u00e9cial<\/td>\n<td>45-90 euros le kg<\/td>\n<\/tr>\n<\/tbody>\n<\/table>\n<p>&nbsp;<\/p>\n<p class=\"whitespace-pre-wrap\">Les qualit\u00e9s sph\u00e9riques, de taille de particule contr\u00f4l\u00e9e et de haute puret\u00e9 sont plus co\u00fbteuses que la simple poudre commerciale d'Al 3004.<\/p>\n<h2>Stockage et manipulation de la poudre d'Al 3004<\/h2>\n<p class=\"whitespace-pre-wrap\">La poudre d'Al 3004 doit \u00eatre manipul\u00e9e et stock\u00e9e de mani\u00e8re appropri\u00e9e afin d'\u00e9viter tout risque :<\/p>\n<ul class=\"list-disc pl-8 space-y-2\">\n<li class=\"whitespace-normal\">Oxydation et r\u00e9action avec l'humidit\u00e9<\/li>\n<li class=\"whitespace-normal\">Risques d\u2019explosions de poussi\u00e8res \u00e0 partir de poudres fines<\/li>\n<li class=\"whitespace-normal\">Probl\u00e8mes de sant\u00e9 li\u00e9s \u00e0 l'inhalation<\/li>\n<li class=\"whitespace-normal\">Les consignes de s\u00e9curit\u00e9 des fiches signal\u00e9tiques des fournisseurs doivent \u00eatre respect\u00e9es.<\/li>\n<\/ul>\n<p class=\"whitespace-pre-wrap\">L'inertage \u00e0 l'aide d'un gaz, une mise \u00e0 la terre correcte, une ventilation et un EPI sont recommand\u00e9s lors de la manipulation de la poudre.<\/p>\n<h2>M\u00e9thodes d'essai et de caract\u00e9risation<\/h2>\n<p class=\"whitespace-pre-wrap\">Les principales m\u00e9thodes d'essai utilis\u00e9es pour la poudre d'Al 3004 sont les suivantes :<\/p>\n<ul class=\"list-disc pl-8 space-y-2\">\n<li class=\"whitespace-normal\">Analyse de la composition chimique par OES ou XRF<\/li>\n<li class=\"whitespace-normal\">Distribution de granulom\u00e9trie selon la norme ASTM B822<\/li>\n<li class=\"whitespace-normal\">Analyse morphologique au MEB<\/li>\n<li class=\"whitespace-normal\">D\u00e9bit de poudre mesur\u00e9 par un d\u00e9bitm\u00e8tre \u00e0 effet Hall<\/li>\n<li class=\"whitespace-normal\">Densit\u00e9 d\u00e9termin\u00e9e par pycnom\u00e9trie \u00e0 l'h\u00e9lium<\/li>\n<li class=\"whitespace-normal\">Contr\u00f4le du niveau d'impuret\u00e9 par ICP-MS<\/li>\n<li class=\"whitespace-normal\">Examen microstructural par diffraction des rayons X<\/li>\n<\/ul>\n<p class=\"whitespace-pre-wrap\">Ces tests garantissent l'homog\u00e9n\u00e9it\u00e9 d'un lot \u00e0 l'autre et la conformit\u00e9 de la poudre aux exigences de l'application.<\/p>\n<h2>Comparaison entre les poudres d'Al 3004 et d'Al 6061<\/h2>\n<p class=\"whitespace-pre-wrap\">Al 3004 et Al 6061 sont deux poudres d'alliage d'aluminium compar\u00e9es :<\/p>\n<table>\n<thead>\n<tr>\n<th>Param\u00e8tre<\/th>\n<th>Al 3004<\/th>\n<th>Al 6061<\/th>\n<\/tr>\n<\/thead>\n<tbody>\n<tr>\n<td>Type d\u2019alliage<\/td>\n<td>Non traitable thermiquement<\/td>\n<td>Traitable thermiquement<\/td>\n<\/tr>\n<tr>\n<td>Teneur en Mg<\/td>\n<td>0.2-0.8%<\/td>\n<td>0.8-1.2%<\/td>\n<\/tr>\n<tr>\n<td>Force<\/td>\n<td>Mod\u00e9r\u00e9<\/td>\n<td>Plus haut<\/td>\n<\/tr>\n<tr>\n<td>R\u00e9sistance \u00e0 la corrosion<\/td>\n<td>Excellent<\/td>\n<td>Excellent<\/td>\n<\/tr>\n<tr>\n<td>Soudabilit\u00e9<\/td>\n<td>Excellent<\/td>\n<td>Bien<\/td>\n<\/tr>\n<tr>\n<td>Usinabilit\u00e9<\/td>\n<td>Bien<\/td>\n<td>Excellent<\/td>\n<\/tr>\n<tr>\n<td>Co\u00fbt<\/td>\n<td>Inf\u00e9rieur<\/td>\n<td>Plus haut<\/td>\n<\/tr>\n<\/tbody>\n<\/table>\n<p>&nbsp;<\/p>\n<p class=\"whitespace-pre-wrap\">L'Al 3004 offre une meilleure soudabilit\u00e9 tandis que l'Al 6061 a une plus grande r\u00e9sistance. Les deux offrent une excellente r\u00e9sistance \u00e0 la corrosion.<\/p>\n<h2>Al 3004 Powder FAQs<\/h2>\n<p class=\"whitespace-pre-wrap\"><strong>Q : Comment la poudre d'Al 3004 est-elle produite ?<\/strong><\/p>\n<p class=\"whitespace-pre-wrap\">R : La poudre d'Al 3004 est produite commercialement par atomisation au gaz, atomisation \u00e0 l'eau et alliage m\u00e9canique suivi d'un frittage. L'atomisation au gaz permet de mieux contr\u00f4ler les caract\u00e9ristiques des particules.<\/p>\n<p class=\"whitespace-pre-wrap\"><strong>Q : Quelles sont les principales applications de la poudre d'Al 3004 ?<\/strong><\/p>\n<p class=\"whitespace-pre-wrap\">R : Les principales applications de la poudre d'Al 3004 sont la fabrication additive, les rev\u00eatements par pulv\u00e9risation thermique, la fabrication de pi\u00e8ces par m\u00e9tallurgie des poudres, le moulage par injection de m\u00e9taux, les pigments et les fils d'apport pour le soudage.<\/p>\n<p class=\"whitespace-pre-wrap\"><strong>Q : Quelle est la taille de particule recommand\u00e9e pour la poudre d'Al 3004 pour l'impression 3D par jet de liant ?<\/strong><\/p>\n<p class=\"whitespace-pre-wrap\">R : Pour le processus de projection de liant, la taille typique de la poudre d'Al 3004 est de 20 \u00e0 45 microns avec une morphologie quasi-sph\u00e9rique pour assurer une bonne densit\u00e9 du lit de poudre et une bonne infiltration du liant.<\/p>\n<p class=\"whitespace-pre-wrap\"><strong>Q : La poudre d'Al 3004 n\u00e9cessite-t-elle des pr\u00e9cautions particuli\u00e8res de manipulation ?<\/strong><\/p>\n<p class=\"whitespace-pre-wrap\">R: Oui, il est conseill\u00e9 de manipuler les poudres d'aluminium avec pr\u00e9caution sous atmosph\u00e8re inerte en utilisant une mise \u00e0 la terre, une ventilation et un EPI ad\u00e9quats pour \u00e9viter les risques d'incendie ou d'explosion.<\/p>\n<p class=\"whitespace-pre-wrap\"><strong>Q : O\u00f9 puis-je acheter de la poudre d'Al 3004 adapt\u00e9e au fil de soudure a\u00e9rospatial ?<\/strong><\/p>\n<p class=\"whitespace-pre-wrap\">R : La poudre d'Al 3004 atomis\u00e9e au gaz de haute puret\u00e9 r\u00e9pondant aux normes a\u00e9rospatiales peut \u00eatre achet\u00e9e aupr\u00e8s de fabricants de premier plan tels que Valimet, Makin Metal Powders et ASL.<\/p>\n<p><\/span><\/span><\/p>","protected":false},"excerpt":{"rendered":"<p>Aper\u00e7u de la poudre d'Al 3004 L'Al 3004 est un alliage d'aluminium corroy\u00e9 connu pour sa r\u00e9sistance mod\u00e9r\u00e9e, son excellente r\u00e9sistance \u00e0 la corrosion, sa bonne formabilit\u00e9 et sa soudabilit\u00e9. Le mangan\u00e8se renforce la r\u00e9sistance par la mise en solution solide, tandis que le magn\u00e9sium am\u00e9liore la r\u00e9sistance par le durcissement par pr\u00e9cipitation. Les principales caract\u00e9ristiques de la poudre d'Al 3004 sont les suivantes R\u00e9sistance mod\u00e9r\u00e9e \u00e0 la traction avec une excellente ductilit\u00e9 Tr\u00e8s bonne formabilit\u00e9 et...<\/p>","protected":false},"featured_media":1814,"parent":0,"template":"","meta":{"_acf_changed":false,"_kad_blocks_custom_css":"","_kad_blocks_head_custom_js":"","_kad_blocks_body_custom_js":"","_kad_blocks_footer_custom_js":"","_kad_post_transparent":"","_kad_post_title":"","_kad_post_layout":"","_kad_post_sidebar_id":"","_kad_post_content_style":"","_kad_post_vertical_padding":"","_kad_post_feature":"","_kad_post_feature_position":"","_kad_post_header":false,"_kad_post_footer":false,"_kad_post_classname":""},"product-category":[119,124],"class_list":["post-3906","product","type-product","status-publish","has-post-thumbnail","hentry","product-category-3d-printing-metal-powder","product-category-aluminum-based-alloy-powder"],"acf":[],"taxonomy_info":{"product-category":[{"value":119,"label":"3D Printing Metal Powder"},{"value":124,"label":"Aluminum Based Alloy Powder"}]},"featured_image_src_large":["https:\/\/3dpmetal.com\/wp-content\/uploads\/2024\/02\/Al-3004-powder.png",412,318,false],"author_info":[],"comment_info":"","_links":{"self":[{"href":"https:\/\/3dpmetal.com\/fr\/wp-json\/wp\/v2\/product\/3906","targetHints":{"allow":["GET"]}}],"collection":[{"href":"https:\/\/3dpmetal.com\/fr\/wp-json\/wp\/v2\/product"}],"about":[{"href":"https:\/\/3dpmetal.com\/fr\/wp-json\/wp\/v2\/types\/product"}],"wp:featuredmedia":[{"embeddable":true,"href":"https:\/\/3dpmetal.com\/fr\/wp-json\/wp\/v2\/media\/1814"}],"wp:attachment":[{"href":"https:\/\/3dpmetal.com\/fr\/wp-json\/wp\/v2\/media?parent=3906"}],"wp:term":[{"taxonomy":"product-category","embeddable":true,"href":"https:\/\/3dpmetal.com\/fr\/wp-json\/wp\/v2\/product-category?post=3906"}],"curies":[{"name":"wp","href":"https:\/\/api.w.org\/{rel}","templated":true}]}}