{"id":3907,"date":"2024-03-18T06:10:12","date_gmt":"2024-03-18T06:10:12","guid":{"rendered":"https:\/\/3dp.45612300.xyz\/product\/al-3104-powder\/"},"modified":"2024-03-18T06:10:12","modified_gmt":"2024-03-18T06:10:12","slug":"al-3104-powder","status":"publish","type":"product","link":"https:\/\/3dpmetal.com\/fr\/product\/al-3104-powder\/","title":{"rendered":"Poudre d'Al 3104"},"content":{"rendered":"<p><span style=\"vertical-align: inherit;\"><span style=\"vertical-align: inherit;\"><\/p>\n<h2>Aper\u00e7u de la poudre d'Al 3104<\/h2>\n<p class=\"whitespace-pre-wrap\">L'Al 3104 est un alliage d'aluminium corroy\u00e9 de la s\u00e9rie 3000 connu pour sa bonne r\u00e9sistance \u00e0 la corrosion, son excellente formabilit\u00e9 et soudabilit\u00e9. Les ajouts de mangan\u00e8se renforcent la r\u00e9sistance par la mise en solution solide tout en maintenant la ductilit\u00e9 et la t\u00e9nacit\u00e9.<\/p>\n<p class=\"whitespace-pre-wrap\">Les principales caract\u00e9ristiques de la poudre d'Al 3104 sont les suivantes<\/p>\n<ul class=\"list-disc pl-8 space-y-2\">\n<li class=\"whitespace-normal\">R\u00e9sistance mod\u00e9r\u00e9e avec une excellente ductilit\u00e9<\/li>\n<li class=\"whitespace-normal\">Tr\u00e8s bonne soudabilit\u00e9 et formabilit\u00e9<\/li>\n<li class=\"whitespace-normal\">Excellente r\u00e9sistance \u00e0 la corrosion<\/li>\n<li class=\"whitespace-normal\">Conductivit\u00e9 thermique et \u00e9lectrique \u00e9lev\u00e9e<\/li>\n<li class=\"whitespace-normal\">Densit\u00e9 faible<\/li>\n<li class=\"whitespace-normal\">Disponible en diff\u00e9rentes distributions de taille de particules<\/li>\n<\/ul>\n<p class=\"whitespace-pre-wrap\">La poudre d'Al 3104 convient aux r\u00e9servoirs de produits chimiques, aux ustensiles, aux \u00e9changeurs de chaleur et aux applications n\u00e9cessitant une r\u00e9sistance mod\u00e9r\u00e9e combin\u00e9e \u00e0 une bonne r\u00e9sistance \u00e0 la corrosion.<\/p>\n<h2>Composition chimique de la poudre d'Al 3104<\/h2>\n<p class=\"whitespace-pre-wrap\">La composition chimique typique de la poudre d'Al 3104 est la suivante :<\/p>\n<table>\n<thead>\n<tr>\n<th>\u00e9l\u00e9ment<\/th>\n<th>% en poids<\/th>\n<\/tr>\n<\/thead>\n<tbody>\n<tr>\n<td>Aluminium (Al)<\/td>\n<td>\u00c9quilibre<\/td>\n<\/tr>\n<tr>\n<td>Mangan\u00e8se (Mn)<\/td>\n<td>1.0-1.5%<\/td>\n<\/tr>\n<tr>\n<td>Silicium (Si)<\/td>\n<td>0,3 % max<\/td>\n<\/tr>\n<tr>\n<td>Le fer (Fe)<\/td>\n<td>0,7 % maxi<\/td>\n<\/tr>\n<tr>\n<td>Cuivre (Cu)<\/td>\n<td>0,25 % max<\/td>\n<\/tr>\n<tr>\n<td>Magn\u00e9sium (Mg)<\/td>\n<td>0,25 % max<\/td>\n<\/tr>\n<tr>\n<td>Zinc (Zn)<\/td>\n<td>0,20% max<\/td>\n<\/tr>\n<tr>\n<td>Chrome (Cr)<\/td>\n<td>0.05-0.20%<\/td>\n<\/tr>\n<\/tbody>\n<\/table>\n<p><img loading=\"lazy\" decoding=\"async\" class=\"size-medium wp-image-1409 aligncenter\" src=\"https:\/\/met3dp.com\/wp-content\/uploads\/2023\/09\/ed7a94ec-3c10-4b1b-87ed--300x300.jpg\" alt=\"Poudre d&#039;Al 3104\" width=\"300\" height=\"300\" title=\"\"><\/p>\n<p class=\"whitespace-pre-wrap\">Le mangan\u00e8se est le principal \u00e9l\u00e9ment d'alliage de l'aluminium 3104. Les niveaux d'impuret\u00e9 du silicium, du fer, du cuivre et du zinc sont strictement contr\u00f4l\u00e9s.<\/p>\n<h2>Propri\u00e9t\u00e9s de la poudre d'Al 3104<\/h2>\n<p class=\"whitespace-pre-wrap\">Les principales propri\u00e9t\u00e9s de la poudre d'Al 3104 sont les suivantes<\/p>\n<table>\n<thead>\n<tr>\n<th>Propri\u00e9t\u00e9 immobili\u00e8re<\/th>\n<th>Valeur<\/th>\n<\/tr>\n<\/thead>\n<tbody>\n<tr>\n<td>Densit\u00e9<\/td>\n<td>2,73 g\/cm3<\/td>\n<\/tr>\n<tr>\n<td>Point de fusion<\/td>\n<td>634-643\u00a1\"C<\/td>\n<\/tr>\n<tr>\n<td>Conductivit\u00e9 thermique<\/td>\n<td>134 W\/mK<\/td>\n<\/tr>\n<tr>\n<td>Conductivit\u00e9 \u00e9lectrique<\/td>\n<td>38-42% IACS<\/td>\n<\/tr>\n<tr>\n<td>Module de Young<\/td>\n<td>70 GPa<\/td>\n<\/tr>\n<tr>\n<td>Coefficient de Poisson<\/td>\n<td>0.33<\/td>\n<\/tr>\n<tr>\n<td>R\u00e9sistance \u00e0 la traction<\/td>\n<td>150-195 MPa<\/td>\n<\/tr>\n<tr>\n<td>Limite d'\u00e9lasticit\u00e9<\/td>\n<td>95-120 MPa<\/td>\n<\/tr>\n<tr>\n<td>Allongement<\/td>\n<td>20-30%<\/td>\n<\/tr>\n<tr>\n<td>Duret\u00e9<\/td>\n<td>45-65 Brinell<\/td>\n<\/tr>\n<\/tbody>\n<\/table>\n<p>&nbsp;<\/p>\n<p class=\"whitespace-pre-wrap\">L'alliage offre une r\u00e9sistance mod\u00e9r\u00e9e, une ductilit\u00e9 \u00e9lev\u00e9e et une excellente aptitude au formage. Il pr\u00e9sente une tr\u00e8s bonne r\u00e9sistance \u00e0 la corrosion atmosph\u00e9rique et aux environnements marins.<\/p>\n<h2>M\u00e9thode de production de la poudre d'Al 3104<\/h2>\n<p class=\"whitespace-pre-wrap\">Les m\u00e9thodes courantes de production de la poudre d'Al 3104 sont les suivantes :<\/p>\n<ul class=\"list-disc pl-8 space-y-2\">\n<li class=\"whitespace-normal\"><strong>Atomisation par gaz<\/strong>Le flux d'alliage en fusion est d\u00e9sint\u00e9gr\u00e9 par des jets de gaz inertes \u00e0 haute pression en une fine poudre sph\u00e9rique. Distribution contr\u00f4l\u00e9e de la taille des particules.<\/li>\n<li class=\"whitespace-normal\"><strong>Pulv\u00e9risation d'eau<\/strong>?- Jet d'eau \u00e0 grande vitesse utilis\u00e9 pour produire de fines particules irr\u00e9guli\u00e8res d'Al 3104. Plus \u00e9conomique, mais avec une consommation d'oxyg\u00e8ne plus \u00e9lev\u00e9e.<\/li>\n<li class=\"whitespace-normal\"><strong>Alliages M\u00e9caniques<\/strong>Broyage de m\u00e9langes de poudres d'aluminium et de mangan\u00e8se suivi d'un compactage \u00e0 froid et d'un frittage.<\/li>\n<\/ul>\n<p class=\"whitespace-pre-wrap\">L'atomisation au gaz offre le meilleur contr\u00f4le des caract\u00e9ristiques de la poudre telles que la granulom\u00e9trie, la forme et la microstructure.<\/p>\n<h2>Applications de la poudre d'Al 3104<\/h2>\n<p class=\"whitespace-pre-wrap\">Les applications typiques de la poudre d'Al 3104 sont les suivantes :<\/p>\n<ul class=\"list-disc pl-8 space-y-2\">\n<li class=\"whitespace-normal\"><strong>Moulage par injection de m\u00e9tal<\/strong>?- Pour fabriquer de petites pi\u00e8ces complexes n\u00e9cessitant une r\u00e9sistance mod\u00e9r\u00e9e et une bonne r\u00e9sistance \u00e0 la corrosion.<\/li>\n<li class=\"whitespace-normal\"><strong>fabrication additive<\/strong>- Convient pour les proc\u00e9d\u00e9s de projection de liant et de fusion laser s\u00e9lective, pour produire des pi\u00e8ces en aluminium complexes.<\/li>\n<li class=\"whitespace-normal\"><strong>M\u00e9tallurgie des poudres<\/strong>?- Proced\u00e9 de pressage et de frittage pour cr\u00e9er des pi\u00e8ces dot\u00e9es de bonnes propri\u00e9t\u00e9s m\u00e9caniques et une usinabilit\u00e9.<\/li>\n<li class=\"whitespace-normal\"><strong>Projection thermique<\/strong>?- D\u00e9p\u00f4t par pulv\u00e9risation \u00e0 l'arc de fils pour produire des rev\u00eatements protecteurs offrant une r\u00e9sistance mod\u00e9r\u00e9e \u00e0 l'usure et \u00e0 la corrosion.<\/li>\n<li class=\"whitespace-normal\"><strong>M\u00e9tal d\u2019apport<\/strong>- Utilis\u00e9 comme fil d'apport pour un apport de soudure similaire \u00e0 celui du m\u00e9tal de base.<\/li>\n<li class=\"whitespace-normal\"><strong>Pigments<\/strong>?- Ajout\u00e9 aux peintures et aux plastiques pour les faire briller et les prot\u00e9ger contre la corrosion.<\/li>\n<\/ul>\n<h2>Sp\u00e9cifications de la poudre d'Al 3104<\/h2>\n<p class=\"whitespace-pre-wrap\">La poudre d'Al 3104 est disponible dans diff\u00e9rentes gammes de tailles, formes, niveaux de puret\u00e9 et grades :<\/p>\n<ul class=\"list-disc pl-8 space-y-2\">\n<li class=\"whitespace-normal\"><strong>Taille des particules\u00a0:<\/strong>De 10 \u00e0 150 microns pour les m\u00e9thodes de FA, jusqu'\u00e0 300 microns pour les proc\u00e9d\u00e9s de projection thermique.<\/li>\n<li class=\"whitespace-normal\"><strong>Morphologie\u00a0:<\/strong>Formes de poudres sph\u00e9riques, granulaires, dendritiques et irr\u00e9guli\u00e8res. Les poudres lisses s'\u00e9coulent mieux.<\/li>\n<li class=\"whitespace-normal\"><strong>Puret\u00e9\u00a0:<\/strong>?Des grades commerciaux \u00e0 haute puret\u00e9 (99,8 %), adapt\u00e9s \u00e0 l'application.<\/li>\n<li class=\"whitespace-normal\"><strong>Grades :<\/strong>Conforme aux sp\u00e9cifications ASTM B209, EN 573, ISO 209. Des grades personnalis\u00e9s sont propos\u00e9s.<\/li>\n<li class=\"whitespace-normal\"><strong>Capacit\u00e9 \u00e0 s'\u00e9couler\u00a0:<\/strong>La poudre peut \u00eatre personnalis\u00e9e pour obtenir d'excellents d\u00e9bits sup\u00e9rieurs \u00e0 25 s\/50g.<\/li>\n<\/ul>\n<h2>Fournisseurs mondiaux de poudre d'Al 3104<\/h2>\n<p class=\"whitespace-pre-wrap\">Voici quelques-uns des principaux fournisseurs mondiaux\u00a0:<\/p>\n<ul class=\"list-disc pl-8 space-y-2\">\n<li class=\"whitespace-normal\">Valimet Inc. (\u00c9tats-Unis)<\/li>\n<li class=\"whitespace-normal\">Makin Metal Powders (R.-U.)<\/li>\n<li class=\"whitespace-normal\">Shanghai Chaowei Nanotechnology (Chine)<\/li>\n<li class=\"whitespace-normal\">Micron Metals (USA)<\/li>\n<li class=\"whitespace-normal\">Shandong Yamei Nanotechnology (Chine)<\/li>\n<li class=\"whitespace-normal\">CNPC Powder Group (Chine)<\/li>\n<li class=\"whitespace-normal\">Agni Metal (USA)<\/li>\n<\/ul>\n<p class=\"whitespace-pre-wrap\">Ces entreprises produisent de la poudre d'Al 3104 adapt\u00e9e \u00e0 l'AM, au MIM, \u00e0 la pulv\u00e9risation thermique, au soudage, \u00e0 l'automobile et \u00e0 d'autres applications en utilisant diverses m\u00e9thodes.<\/p>\n<h2>Prix de la poudre d'Al 3104<\/h2>\n<p class=\"whitespace-pre-wrap\">Le prix de la poudre d'Al 3104 d\u00e9pend de plusieurs facteurs :<\/p>\n<ul class=\"list-disc pl-8 space-y-2\">\n<li class=\"whitespace-normal\">Niveaux de puret\u00e9<\/li>\n<li class=\"whitespace-normal\">Caract\u00e9ristiques des poudres<\/li>\n<li class=\"whitespace-normal\">M\u00e9thode de production<\/li>\n<li class=\"whitespace-normal\">Volume de commandes<\/li>\n<li class=\"whitespace-normal\">Fournisseur et son emplacement<\/li>\n<\/ul>\n<table>\n<thead>\n<tr>\n<th>Qualit\u00e9<\/th>\n<th>Gamme de prix<\/th>\n<\/tr>\n<\/thead>\n<tbody>\n<tr>\n<td>Publicit\u00e9<\/td>\n<td>5-15 $ le kilo<\/td>\n<\/tr>\n<tr>\n<td>Haute puret\u00e9<\/td>\n<td>15-25 $ par kg<\/td>\n<\/tr>\n<tr>\n<td>Ultrafin<\/td>\n<td>25-45 $ par kg<\/td>\n<\/tr>\n<tr>\n<td>Sp\u00e9cial<\/td>\n<td>45-90 euros le kg<\/td>\n<\/tr>\n<\/tbody>\n<\/table>\n<p>&nbsp;<\/p>\n<p class=\"whitespace-pre-wrap\">Les poudres de haute puret\u00e9, sph\u00e9riques et de taille de particules contr\u00f4l\u00e9e sont beaucoup plus ch\u00e8res que les poudres commerciales ordinaires d'Al 3104.<\/p>\n<h2>Stockage et manipulation de la poudre d'Al 3104<\/h2>\n<p class=\"whitespace-pre-wrap\">La poudre d'Al 3104 doit \u00eatre manipul\u00e9e et stock\u00e9e de mani\u00e8re appropri\u00e9e afin d'\u00e9viter tout risque :<\/p>\n<ul class=\"list-disc pl-8 space-y-2\">\n<li class=\"whitespace-normal\">Oxydation et r\u00e9action avec l'humidit\u00e9<\/li>\n<li class=\"whitespace-normal\">Risques d\u2019explosions de poussi\u00e8res \u00e0 partir de poudres fines<\/li>\n<li class=\"whitespace-normal\">Probl\u00e8mes de sant\u00e9 li\u00e9s \u00e0 l'inhalation<\/li>\n<li class=\"whitespace-normal\">Les consignes de s\u00e9curit\u00e9 des fiches signal\u00e9tiques des fournisseurs doivent \u00eatre respect\u00e9es.<\/li>\n<\/ul>\n<p class=\"whitespace-pre-wrap\">L'inertage \u00e0 l'aide d'un gaz, une mise \u00e0 la terre correcte, une ventilation et un EPI sont recommand\u00e9s lors de la manipulation de la poudre.<\/p>\n<h2>M\u00e9thodes d'essai et de caract\u00e9risation<\/h2>\n<p class=\"whitespace-pre-wrap\">Les principales m\u00e9thodes d'essai utilis\u00e9es pour la poudre d'Al 3104 sont les suivantes :<\/p>\n<ul class=\"list-disc pl-8 space-y-2\">\n<li class=\"whitespace-normal\">Analyse chimique par OES ou XRF pour la composition<\/li>\n<li class=\"whitespace-normal\">Distribution de granulom\u00e9trie selon la norme ASTM B822<\/li>\n<li class=\"whitespace-normal\">Analyse morphologique au MEB<\/li>\n<li class=\"whitespace-normal\">D\u00e9bit de la poudre mesur\u00e9 \u00e0 l'aide de l'entonnoir d'\u00e9coulement Hall<\/li>\n<li class=\"whitespace-normal\">D\u00e9termination de la densit\u00e9 par pycnom\u00e9trie \u00e0 l'h\u00e9lium<\/li>\n<li class=\"whitespace-normal\">Analyse des impuret\u00e9s par ICP-SM<\/li>\n<li class=\"whitespace-normal\">Examen microstructural par diffraction des rayons X<\/li>\n<\/ul>\n<p class=\"whitespace-pre-wrap\">Des tests garantissent la coh\u00e9rence et la conformit\u00e9 du lot avec les exigences applicatives.<\/p>\n<h2>Comparaison entre les poudres d'Al 3104 et d'Al 3003<\/h2>\n<p class=\"whitespace-pre-wrap\">Al 3104 et Al 3003 sont deux poudres d'alliage d'aluminium compar\u00e9es :<\/p>\n<table>\n<thead>\n<tr>\n<th>Param\u00e8tre<\/th>\n<th>Al 3104<\/th>\n<th>Au 3003<\/th>\n<\/tr>\n<\/thead>\n<tbody>\n<tr>\n<td>Type d\u2019alliage<\/td>\n<td>Non traitable thermiquement<\/td>\n<td>Non traitable thermiquement<\/td>\n<\/tr>\n<tr>\n<td>Teneur en Mn<\/td>\n<td>1.0-1.5%<\/td>\n<td>1.0-1.5%<\/td>\n<\/tr>\n<tr>\n<td>Force<\/td>\n<td>Un peu plus bas<\/td>\n<td>l\u00e9g\u00e8rement plus \u00e9lev\u00e9<\/td>\n<\/tr>\n<tr>\n<td>R\u00e9sistance \u00e0 la corrosion<\/td>\n<td>Excellent<\/td>\n<td>Excellent<\/td>\n<\/tr>\n<tr>\n<td>Soudabilit\u00e9<\/td>\n<td>Excellent<\/td>\n<td>Excellent<\/td>\n<\/tr>\n<tr>\n<td>Co\u00fbt<\/td>\n<td>Inf\u00e9rieur<\/td>\n<td>Plus haut<\/td>\n<\/tr>\n<\/tbody>\n<\/table>\n<p>&nbsp;<\/p>\n<p class=\"whitespace-pre-wrap\">L'Al 3104 offre une formabilit\u00e9 l\u00e9g\u00e8rement sup\u00e9rieure, tandis que l'Al 3003 offre une r\u00e9sistance marginalement plus \u00e9lev\u00e9e. Les deux offrent une excellente r\u00e9sistance \u00e0 la corrosion.<\/p>\n<h2>FAQ sur la poudre d'Al 3104<\/h2>\n<p class=\"whitespace-pre-wrap\"><strong>Q : Comment la poudre d'Al 3104 est-elle produite ?<\/strong><\/p>\n<p class=\"whitespace-pre-wrap\">R : La poudre d'Al 3104 est produite commercialement par atomisation au gaz, atomisation \u00e0 l'eau et alliage m\u00e9canique suivi d'un frittage. L'atomisation au gaz permet de mieux contr\u00f4ler les caract\u00e9ristiques des particules.<\/p>\n<p class=\"whitespace-pre-wrap\"><strong>Q : Quelles sont les principales applications de la poudre d'Al 3104 ?<\/strong><\/p>\n<p class=\"whitespace-pre-wrap\">R : Les principales applications de la poudre d'Al 3104 comprennent le moulage par injection de m\u00e9tal, la fabrication additive, les rev\u00eatements par pulv\u00e9risation thermique, les pi\u00e8ces issues de la m\u00e9tallurgie des poudres, les pigments et les fils d'apport pour le soudage.<\/p>\n<p class=\"whitespace-pre-wrap\"><strong>Q : Quelle est la taille de poudre d'Al 3104 recommand\u00e9e pour l'impression 3D par jet de liant ?<\/strong><\/p>\n<p class=\"whitespace-pre-wrap\">R : Pour le processus de projection de liant, la taille typique de la poudre d'Al 3104 est de 20 \u00e0 45 microns avec une morphologie quasi-sph\u00e9rique pour permettre une bonne densit\u00e9 du lit de poudre.<\/p>\n<p class=\"whitespace-pre-wrap\"><strong>Q : La poudre d'Al 3104 n\u00e9cessite-t-elle des pr\u00e9cautions particuli\u00e8res de manipulation ?<\/strong><\/p>\n<p class=\"whitespace-pre-wrap\">R : Oui, il est recommand\u00e9 de manipuler les poudres d'aluminium avec pr\u00e9caution dans une atmosph\u00e8re inerte en utilisant une mise \u00e0 la terre, une ventilation et des EPI appropri\u00e9s pour \u00e9viter les risques d'incendie ou d'explosion.<\/p>\n<p class=\"whitespace-pre-wrap\"><strong>Q : O\u00f9 puis-je acheter de la poudre d'Al 3104 adapt\u00e9e aux applications marines ?<\/strong><\/p>\n<p class=\"whitespace-pre-wrap\">R : La poudre d'Al 3104 pr\u00e9sentant une r\u00e9sistance \u00e9lev\u00e9e \u00e0 la corrosion, adapt\u00e9e aux environnements marins, peut \u00eatre achet\u00e9e aupr\u00e8s de fabricants de premier plan tels que Valimet, Makin Metal Powders et Micron Metals.<\/p>\n<p><\/span><\/span><\/p>","protected":false},"excerpt":{"rendered":"<p>Aper\u00e7u de la poudre d'Al 3104 L'Al 3104 est un alliage d'aluminium corroy\u00e9 de la s\u00e9rie 3000 connu pour sa bonne r\u00e9sistance \u00e0 la corrosion, son excellente formabilit\u00e9 et soudabilit\u00e9. Les ajouts de mangan\u00e8se renforcent la r\u00e9sistance par la mise en solution solide tout en maintenant la ductilit\u00e9 et la t\u00e9nacit\u00e9. Les principales caract\u00e9ristiques de la poudre d'Al 3104 sont les suivantes R\u00e9sistance mod\u00e9r\u00e9e avec une excellente ductilit\u00e9 Tr\u00e8s bonne soudabilit\u00e9 et formabilit\u00e9 Excellente...<\/p>","protected":false},"featured_media":1816,"parent":0,"template":"","meta":{"_acf_changed":false,"_kad_blocks_custom_css":"","_kad_blocks_head_custom_js":"","_kad_blocks_body_custom_js":"","_kad_blocks_footer_custom_js":"","_kad_post_transparent":"","_kad_post_title":"","_kad_post_layout":"","_kad_post_sidebar_id":"","_kad_post_content_style":"","_kad_post_vertical_padding":"","_kad_post_feature":"","_kad_post_feature_position":"","_kad_post_header":false,"_kad_post_footer":false,"_kad_post_classname":""},"product-category":[119,124],"class_list":["post-3907","product","type-product","status-publish","has-post-thumbnail","hentry","product-category-3d-printing-metal-powder","product-category-aluminum-based-alloy-powder"],"acf":[],"taxonomy_info":{"product-category":[{"value":119,"label":"3D Printing Metal Powder"},{"value":124,"label":"Aluminum Based Alloy Powder"}]},"featured_image_src_large":["https:\/\/3dpmetal.com\/wp-content\/uploads\/2024\/02\/Al-3104-powder.png",451,429,false],"author_info":[],"comment_info":"","_links":{"self":[{"href":"https:\/\/3dpmetal.com\/fr\/wp-json\/wp\/v2\/product\/3907","targetHints":{"allow":["GET"]}}],"collection":[{"href":"https:\/\/3dpmetal.com\/fr\/wp-json\/wp\/v2\/product"}],"about":[{"href":"https:\/\/3dpmetal.com\/fr\/wp-json\/wp\/v2\/types\/product"}],"wp:featuredmedia":[{"embeddable":true,"href":"https:\/\/3dpmetal.com\/fr\/wp-json\/wp\/v2\/media\/1816"}],"wp:attachment":[{"href":"https:\/\/3dpmetal.com\/fr\/wp-json\/wp\/v2\/media?parent=3907"}],"wp:term":[{"taxonomy":"product-category","embeddable":true,"href":"https:\/\/3dpmetal.com\/fr\/wp-json\/wp\/v2\/product-category?post=3907"}],"curies":[{"name":"wp","href":"https:\/\/api.w.org\/{rel}","templated":true}]}}