{"id":3908,"date":"2024-03-18T06:10:12","date_gmt":"2024-03-18T06:10:12","guid":{"rendered":"https:\/\/3dp.45612300.xyz\/product\/haynes-alloy-188-powder\/"},"modified":"2024-03-18T06:10:12","modified_gmt":"2024-03-18T06:10:12","slug":"haynes-alloy-188-powder","status":"publish","type":"product","link":"https:\/\/3dpmetal.com\/fr\/product\/haynes-alloy-188-powder\/","title":{"rendered":"Poudre d'alliage Haynes 188"},"content":{"rendered":"<p><span style=\"vertical-align: inherit;\"><span style=\"vertical-align: inherit;\"><\/p>\n<h2>Pr\u00e9sentation de Haynes 188 Powder<\/h2>\n<p class=\"whitespace-pre-wrap\">L\u2019alliage Haynes 188 est un superalliage haute performance pr\u00e9sentant une excellente r\u00e9sistance \u00e0 l\u2019oxydation, \u00e0 la fatigue thermique et au fluage \u00e0 des temp\u00e9ratures d\u00e9passant 1\u00a0000 \u00b0C. Les niveaux \u00e9lev\u00e9s de cobalt, nickel, chrome et tungst\u00e8ne conf\u00e8rent une r\u00e9sistance exceptionnelle aux temp\u00e9ratures \u00e9lev\u00e9es et \u00e0 la corrosion.<\/p>\n<p class=\"whitespace-pre-wrap\">Voici les principales caract\u00e9ristiques du poudre Haynes 188\u00a0:<\/p>\n<ul class=\"list-disc pl-8 space-y-2\">\n<li class=\"whitespace-normal\">R\u00e9sistance exceptionnelle aux hautes temp\u00e9ratures et au fluage<\/li>\n<li class=\"whitespace-normal\">Excellente r\u00e9sistance \u00e0 l'oxydation et \u00e0 la corrosion<\/li>\n<li class=\"whitespace-normal\">Conserve sa r\u00e9sistance lors de cycles thermiques prolong\u00e9s<\/li>\n<li class=\"whitespace-normal\">Resiste l\u2019attaque du soufre et du vanadium<\/li>\n<li class=\"whitespace-normal\">Bonnes caract\u00e9ristiques de fabrication<\/li>\n<li class=\"whitespace-normal\">Disponible dans une gamme de tailles et de formes de poudre<\/li>\n<\/ul>\n<p class=\"whitespace-pre-wrap\">La poudre Haynes 188 est con\u00e7ue pour les applications extr\u00eamement exigeantes dans les industries de l'aviation, du traitement chimique, de la production d'\u00e9lectricit\u00e9 et du traitement thermique n\u00e9cessitant des performances extraordinaires \u00e0 des temp\u00e9ratures \u00e9lev\u00e9es.<\/p>\n<h2>Composition chimique de la poudre de l'alliage Haynes 188<\/h2>\n<p class=\"whitespace-pre-wrap\">Composition typique de la poudre Haynes 188\u00a0:<\/p>\n<table>\n<thead>\n<tr>\n<th>\u00e9l\u00e9ment<\/th>\n<th>% en poids<\/th>\n<\/tr>\n<\/thead>\n<tbody>\n<tr>\n<td>Nickel (Ni)<\/td>\n<td>\u00c9quilibre<\/td>\n<\/tr>\n<tr>\n<td>Cobalt (Co)<\/td>\n<td>20-25%<\/td>\n<\/tr>\n<tr>\n<td>Chrome (Cr)<\/td>\n<td>20-25%<\/td>\n<\/tr>\n<tr>\n<td>Tungst\u00e8ne (W)<\/td>\n<td>12-15%<\/td>\n<\/tr>\n<tr>\n<td>Le fer (Fe)<\/td>\n<td>&lt;3 %<\/td>\n<\/tr>\n<tr>\n<td>Mangan\u00e8se (Mn)<\/td>\n<td>&lt;1,5 %<\/td>\n<\/tr>\n<tr>\n<td>Silicium (Si)<\/td>\n<td>&lt;1%<\/td>\n<\/tr>\n<tr>\n<td>Carbone (C)<\/td>\n<td>&lt;0,1%<\/td>\n<\/tr>\n<\/tbody>\n<\/table>\n<p>&nbsp;<\/p>\n<p class=\"whitespace-pre-wrap\">Le nickel constitue la matrice, tandis que le cobalt conf\u00e8re de la r\u00e9sistance. Le chrome et le tungst\u00e8ne assurent une excellente r\u00e9sistance \u00e0 la corrosion et \u00e0 l'oxydation. Le fer, le mangan\u00e8se et le silicium sont pr\u00e9sents en tant qu'impuret\u00e9s.<\/p>\n<h2>Propri\u00e9t\u00e9s de Haynes Powder 188<\/h2>\n<p class=\"whitespace-pre-wrap\">Les principales propri\u00e9t\u00e9s de la poudre Haynes 188 sont les suivantes\u00a0:<\/p>\n<table>\n<thead>\n<tr>\n<th>Propri\u00e9t\u00e9 immobili\u00e8re<\/th>\n<th>Valeur<\/th>\n<\/tr>\n<\/thead>\n<tbody>\n<tr>\n<td>Densit\u00e9<\/td>\n<td>8,5 g\/cm3<\/td>\n<\/tr>\n<tr>\n<td>Point de fusion<\/td>\n<td>1230-1260\u00a1\u00abC<\/td>\n<\/tr>\n<tr>\n<td>Conductivit\u00e9 thermique<\/td>\n<td>9,8 W\/m\u00a9{K<\/td>\n<\/tr>\n<tr>\n<td>R\u00e9sistivit\u00e9 \u00e9lectrique<\/td>\n<td>126 \u00d7\u00b4\u00ce\u00a9{cm<\/td>\n<\/tr>\n<tr>\n<td>Module de Young<\/td>\n<td>205 GPa<\/td>\n<\/tr>\n<tr>\n<td>Coefficient de Poisson<\/td>\n<td>0.31<\/td>\n<\/tr>\n<tr>\n<td>R\u00e9sistance \u00e0 la traction<\/td>\n<td>550-900 MPa<\/td>\n<\/tr>\n<tr>\n<td>Limite d'\u00e9lasticit\u00e9<\/td>\n<td>240-650 MPa<\/td>\n<\/tr>\n<tr>\n<td>Allongement<\/td>\n<td>25-45%<\/td>\n<\/tr>\n<tr>\n<td>R\u00e9sistance \u00e0 la fatigue<\/td>\n<td>310\u00a0MPa<\/td>\n<\/tr>\n<\/tbody>\n<\/table>\n<p>&nbsp;<\/p>\n<p class=\"whitespace-pre-wrap\">Les propri\u00e9t\u00e9s telles que la r\u00e9sistance, la ductilit\u00e9 et la r\u00e9sistance \u00e0 la fatigue sont maintenues \u00e0 des temp\u00e9ratures extr\u00eames d\u00e9passant 1 000 \u00a1\u00abC, ce qui le rend adapt\u00e9 aux applications \u00e0 haute temp\u00e9rature les plus exigeantes.<\/p>\n<h2>Proc\u00e9d\u00e9 de production pour la poudre de l'alliage Haynes 188<\/h2>\n<p class=\"whitespace-pre-wrap\">La poudre Haynes 188 est produite en utilisant\u00a0:<\/p>\n<ul class=\"list-disc pl-8 space-y-2\">\n<li class=\"whitespace-normal\"><strong>Atomisation par gaz<\/strong>?- Jet de gaz inerte \u00e0 haute pression utilis\u00e9 pour d\u00e9sint\u00e9grer le jet d'alliage fondu en fines poudres sph\u00e9riques. Offre un bon d\u00e9bit et un bon conditionnement.<\/li>\n<li class=\"whitespace-normal\"><strong>Pulv\u00e9risation d'eau<\/strong>- Des jets d'eau \u00e0 grande vitesse viennent percuter le flux fondu pour produire de fines poudres irr\u00e9guli\u00e8res. Plus \u00e9conomique mais absorption d'oxyg\u00e8ne plus \u00e9lev\u00e9e.<\/li>\n<li class=\"whitespace-normal\"><strong>Condensation de gaz inerte<\/strong>?- Vaporisation et condensation contr\u00f4l\u00e9e d'\u00e9l\u00e9ments d'alliage dans un environnement de gaz inerte de haute puret\u00e9. Donne de la poudre sph\u00e9rique ultra fine.<\/li>\n<\/ul>\n<p class=\"whitespace-pre-wrap\">L'atomisation au gaz permet de contr\u00f4ler au mieux la r\u00e9partition de la taille des particules, leur forme et leur puret\u00e9.<\/p>\n<h2>Applications de Haynes Alloy 188 Powder<\/h2>\n<p class=\"whitespace-pre-wrap\">Applications courantes de la poudre Haynes 188\u00a0:<\/p>\n<ul class=\"list-disc pl-8 space-y-2\">\n<li class=\"whitespace-normal\"><strong>fabrication additive<\/strong>? - Utilis\u00e9 en fusion laser s\u00e9lective, fusion par faisceau d'\u00e9lectrons pour produire des pi\u00e8ces complexes pour des environnements extr\u00eames.<\/li>\n<li class=\"whitespace-normal\"><strong>Rev\u00eatements de projection thermique, pas de marque<\/strong>- D\u00e9pos\u00e9s par projection plasma ou HVOF pour offrir r\u00e9sistance \u00e0 l'usure et \u00e0 la corrosion \u00e0 hautes temp\u00e9ratures.<\/li>\n<li class=\"whitespace-normal\"><strong>Apport de brasure<\/strong>- Pour l'assemblage de composants devant supporter des temp\u00e9ratures \u00e9lev\u00e9es en service.<\/li>\n<li class=\"whitespace-normal\"><strong>Allumeurs pour combustibles solides<\/strong>- Bougies d'allumage \u00e0 m\u00e9tallurgie des poudres utilis\u00e9es dans les moteurs \u00e0 r\u00e9action, turbines terrestres.<\/li>\n<li class=\"whitespace-normal\"><strong>Traitement des m\u00e9taux en fusion<\/strong>?- Habillage des lingoti\u00e8res, transport des \u00e9l\u00e9ments, creusets utilis\u00e9s pour les industries du verre, de l\u2019aluminium et du m\u00e9tal.<\/li>\n<li class=\"whitespace-normal\"><strong>Composants du four<\/strong>?- Plateaux, dispositivos, transporteurs utilis\u00e9s dans le traitement thermique \u00e0 haute temp\u00e9rature et les fours \u00e0 verre.<\/li>\n<\/ul>\n<h2>Caract\u00e9ristiques de la poudre d'alliage Haynes 188<\/h2>\n<p class=\"whitespace-pre-wrap\">La poudre Haynes 188 est disponible dans diff\u00e9rentes gammes de tailles, de formes et de qualit\u00e9s, parmi lesquelles\u00a0:<\/p>\n<ul class=\"list-disc pl-8 space-y-2\">\n<li class=\"whitespace-normal\"><strong>Taille des particules\u00a0:<\/strong>de 10-45 microns pour les proc\u00e9d\u00e9s fabrication additive jusqu\u2019\u00e0 120 microns pour les proc\u00e9d\u00e9s de projection thermique.<\/li>\n<li class=\"whitespace-normal\"><strong>Morphologie\u00a0:<\/strong>?Formes de poudre sph\u00e9riques, irr\u00e9guli\u00e8res et fondues. La poudre sph\u00e9rique lisse permet une meilleure coul\u00e9e.<\/li>\n<li class=\"whitespace-normal\"><strong>Puret\u00e9\u00a0:<\/strong>?Couvrant des qualit\u00e9s commerciales aux qualit\u00e9s ultra-pures en fonction d'analyses chimiques strictes.<\/li>\n<li class=\"whitespace-normal\"><strong>Grades :<\/strong>?Conformit\u00e9 aux normes AMS 5758, AMS 5759, AMS 5864 adapt\u00e9es aux applications a\u00e9rospatiales.<\/li>\n<li class=\"whitespace-normal\"><strong>Surface\u00a0:<\/strong>?Poudres avec une faible surface sp\u00e9cifique pr\u00e9f\u00e9r\u00e9es pour minimiser l'oxydation.<\/li>\n<\/ul>\n<h2>Fournisseurs mondiaux de Haynes Alloy 188 Powder<\/h2>\n<p class=\"whitespace-pre-wrap\">Voici quelques-uns des principaux fournisseurs mondiaux\u00a0:<\/p>\n<ul class=\"list-disc pl-8 space-y-2\">\n<li class=\"whitespace-normal\">Carpenter Additive (\u00c9tats-Unis)<\/li>\n<li class=\"whitespace-normal\">Sandvik Osprey (Royaume-Uni)<\/li>\n<li class=\"whitespace-normal\">Erasteel (France)<\/li>\n<li class=\"whitespace-normal\">Edgetech Industries (\u00c9tats-Unis)<\/li>\n<li class=\"whitespace-normal\">Special Metals Corp. (\u00c9tats-Unis)<\/li>\n<li class=\"whitespace-normal\">Tekna (Canada)<\/li>\n<\/ul>\n<p class=\"whitespace-pre-wrap\">Ces entreprises produisent diverses qualit\u00e9s de poudres Haynes 188 con\u00e7ues pour la fabrication additive, les rev\u00eatements par projection thermique et d'autres applications \u00e0 haute temp\u00e9rature.<\/p>\n<h2>Tarification de la poudre d'alliage Haynes 188<\/h2>\n<p class=\"whitespace-pre-wrap\">La tarification de la poudre Haynes 188 d\u00e9pend de facteurs tels que\u00a0:<\/p>\n<ul class=\"list-disc pl-8 space-y-2\">\n<li class=\"whitespace-normal\">Niveaux de puret\u00e9<\/li>\n<li class=\"whitespace-normal\">Distribution granulom\u00e9trique et forme des particules<\/li>\n<li class=\"whitespace-normal\">Quantit\u00e9 de commande<\/li>\n<li class=\"whitespace-normal\">Fabricant et situation g\u00e9ographique<\/li>\n<\/ul>\n<table>\n<thead>\n<tr>\n<th>Qualit\u00e9<\/th>\n<th>Gamme de prix<\/th>\n<\/tr>\n<\/thead>\n<tbody>\n<tr>\n<td>Publicit\u00e9<\/td>\n<td>80-120 \u20ac le kg<\/td>\n<\/tr>\n<tr>\n<td>Haute puret\u00e9<\/td>\n<td>120-250 \u20ac par kg<\/td>\n<\/tr>\n<tr>\n<td>Ultrafin<\/td>\n<td>250-450 $ par kilogramme<\/td>\n<\/tr>\n<tr>\n<td>Sp\u00e9cial<\/td>\n<td>450-850 euros par kg<\/td>\n<\/tr>\n<\/tbody>\n<\/table>\n<p>&nbsp;<\/p>\n<p class=\"whitespace-pre-wrap\">Les poudres ultrafines et de haute puret\u00e9 atomis\u00e9es au gaz exigent des prix \u00e9lev\u00e9s par rapport aux qualit\u00e9s commerciales. Les quantit\u00e9s plus petites sont plus co\u00fbteuses.<\/p>\n<h2>Stockage et manipulation de la poudre d'alliage Haynes 188<\/h2>\n<p class=\"whitespace-pre-wrap\">La poudre de la soci\u00e9t\u00e9 Haynes 188 doit \u00eatre entrepos\u00e9e et manipul\u00e9e avec pr\u00e9caution\u00a0:<\/p>\n<ul class=\"list-disc pl-8 space-y-2\">\n<li class=\"whitespace-normal\">Doit \u00eatre stock\u00e9 dans des r\u00e9cipients scell\u00e9s sous gaz inertes pour emp\u00eacher toute oxydation<\/li>\n<li class=\"whitespace-normal\">\u00c9viter l'accumulation de poudres fines pour minimiser le risque d'explosion de poussi\u00e8re<\/li>\n<li class=\"whitespace-normal\">Se couvrir de l'\u00e9quipement de protection personnel pour manipuler de la poudre fine<\/li>\n<li class=\"whitespace-normal\">Suivre les pratiques de s\u00e9curit\u00e9 recommand\u00e9es par le fabricant<\/li>\n<\/ul>\n<p class=\"whitespace-pre-wrap\">Un terre-plein appropri\u00e9, une ventilation et un \u00e9quipement de protection individuelle doivent \u00eatre utilis\u00e9s lors de la manipulation de cette poudre d'alliage r\u00e9active.<\/p>\n<h2>Inspection et essais de la poudre d'alliage Haynes 188<\/h2>\n<p class=\"whitespace-pre-wrap\">Les tests cl\u00e9s r\u00e9alis\u00e9s pour le contr\u00f4le qualit\u00e9 incluent&nbsp;:<\/p>\n<ul class=\"list-disc pl-8 space-y-2\">\n<li class=\"whitespace-normal\">Analyse chimique \u00e0 l'aide de l'OES ou de la XRF pour garantir que la composition est dans les limites sp\u00e9cifi\u00e9es.<\/li>\n<li class=\"whitespace-normal\">Distribution de la taille des particules par la technique de diffraction laser selon la norme ASTM B822.<\/li>\n<li class=\"whitespace-normal\">Analyse morphologique par microscopie \u00e9lectronique \u00e0 balayage.<\/li>\n<li class=\"whitespace-normal\">Mesurage du d\u00e9bit volumique de poudre selon la norme ASTM B213 \u00e0 l'aide d'un d\u00e9bitm\u00e8tre \u00e0 effet Hall.<\/li>\n<li class=\"whitespace-normal\">Mesure de densit\u00e9 par pycnom\u00e9trie \u00e0 l'h\u00e9lium.<\/li>\n<li class=\"whitespace-normal\">Niveaux d'impuret\u00e9s test\u00e9s par spectrom\u00e9trie de masse \u00e0 plasma \u00e0 couplage inductif (ICP-MS).<\/li>\n<li class=\"whitespace-normal\">Caract\u00e9risation de la microstructure par diffraction des rayons X.<\/li>\n<\/ul>\n<p class=\"whitespace-pre-wrap\">Une inspection et des tests approfondis v\u00e9rifient que la poudre r\u00e9pond aux exigences chimiques, physiques et microstructurales de l'application pr\u00e9vue.<\/p>\n<h2>Comparaison entre les poudres Haynes 188 et Hastelloy X<\/h2>\n<p class=\"whitespace-pre-wrap\">Haynes 188 et Hastelloy X sont deux poudres d'alliage \u00e0 base de nickel compar\u00e9es :<\/p>\n<table>\n<thead>\n<tr>\n<th>Param\u00e8tre<\/th>\n<th>Haynes 188<\/th>\n<th>Hastelloy X<\/th>\n<\/tr>\n<\/thead>\n<tbody>\n<tr>\n<td>Composant de base<\/td>\n<td>Nickel<\/td>\n<td>Nickel<\/td>\n<\/tr>\n<tr>\n<td>Teneur en Cr<\/td>\n<td>22-25%<\/td>\n<td>22-25%<\/td>\n<\/tr>\n<tr>\n<td>Teneur en Mo<\/td>\n<td>Sans molybd\u00e8ne<\/td>\n<td>8-10%<\/td>\n<\/tr>\n<tr>\n<td>R\u00e9sistance \u00e0 l'oxydation<\/td>\n<td>Excellent jusqu'en 1204<\/td>\n<td>Excellent jusqu'\u00e0 1150 \u00b0C<\/td>\n<\/tr>\n<tr>\n<td>Co\u00fbt<\/td>\n<td>Plus haut<\/td>\n<td>Inf\u00e9rieur<\/td>\n<\/tr>\n<tr>\n<td>Force<\/td>\n<td>Inf\u00e9rieur<\/td>\n<td>Plus haut<\/td>\n<\/tr>\n<tr>\n<td>Ouvrabilit\u00e9<\/td>\n<td>Excellent<\/td>\n<td>Mod\u00e9r\u00e9<\/td>\n<\/tr>\n<tr>\n<td>APPLICATIONS<\/td>\n<td>Rev\u00eatements, alliage de brasage<\/td>\n<td>Composants d'a\u00e9rospatiales, ressorts<\/td>\n<\/tr>\n<\/tbody>\n<\/table>\n<p>&nbsp;<\/p>\n<p class=\"whitespace-pre-wrap\">Haynes 188 offre une meilleure maniabilit\u00e9 alors que Hastelloy X poss\u00e8de une plus grande robustesse. Haynes 188 r\u00e9siste \u00e0 l'oxydation \u00e0 des temp\u00e9ratures extr\u00eamement \u00e9lev\u00e9es.<\/p>\n<h2>FAQ sur la poudre de l'alliage Haynes 188<\/h2>\n<p class=\"whitespace-pre-wrap\"><strong>Q : Comment est produite la poudre alli\u00e9e Haynes 188 ?<\/strong><\/p>\n<p class=\"whitespace-pre-wrap\">R: La poudre Haynes 188 est produite commercialement \u00e0 l'aide de techniques d'atomisation au gaz, d'atomisation \u00e0 l'eau et de condensation de gaz inerte. L'atomisation au gaz offre le meilleur contr\u00f4le sur les caract\u00e9ristiques des particules.<\/p>\n<p class=\"whitespace-pre-wrap\"><strong>Q : Quelles sont les principales applications de la poudre Haynes 188\u00a0?<\/strong><\/p>\n<p class=\"whitespace-pre-wrap\">R : Les applications cl\u00e9s sont l'impression additive, les rev\u00eatements par aspersion thermique, la brasure, les bougies d'allumage en m\u00e9tallurgie des poudres et les composants de fours haute temp\u00e9rature n\u00e9cessitant une r\u00e9sistance extraordinaire \u00e0 l'oxydation et \u00e0 la corrosion.<\/p>\n<p class=\"whitespace-pre-wrap\"><strong>Q : Quelle est la taille de poudre recommand\u00e9e pour la fabrication additive ou la projection thermique ?<\/strong><\/p>\n<p class=\"whitespace-pre-wrap\">A : Pour la fabrication additive, la plage de tailles id\u00e9ale se situe entre 15 et 45 microns. Pour les rev\u00eatements thermiques par projection, une poudre plus grossi\u00e8re allant jusqu'\u00e0 120 microns est pr\u00e9f\u00e9rable.<\/p>\n<p class=\"whitespace-pre-wrap\"><strong>Q : Le Haynes 188 n\u00e9cessite-t-il des pr\u00e9cautions de manutention sp\u00e9ciales ?<\/strong><\/p>\n<p class=\"whitespace-pre-wrap\">R : Oui, il est recommand\u00e9 de manipuler cette poudre d'alliage r\u00e9actif avec pr\u00e9caution sous atmosph\u00e8re inerte, en utilisant une mise \u00e0 la terre, une ventilation et des EPI appropri\u00e9s.<\/p>\n<p class=\"whitespace-pre-wrap\"><strong>Q : O\u00f9 puis-je acheter de la poudre Haynes 188 adapt\u00e9e aux applications a\u00e9rospatiales ?<\/strong><\/p>\n<p class=\"whitespace-pre-wrap\">R : Une poudre Haynes 188 de haute puret\u00e9 conforme aux normes a\u00e9rospatiales peut \u00eatre obtenue aupr\u00e8s de grands fabricants tels que Carpenter Additive, Sandvik Osprey, Erasteel et Special Metals Corporation.<\/p>\n<p><\/span><\/span><\/p>","protected":false},"excerpt":{"rendered":"<p>Vue d'ensemble de la poudre Haynes Alloy 188 L'alliage Haynes 188 est un superalliage \u00e0 haute performance qui pr\u00e9sente une excellente r\u00e9sistance \u00e0 l'oxydation, \u00e0 la fatigue thermique et au fluage \u00e0 des temp\u00e9ratures sup\u00e9rieures \u00e0 1000\u00a1\"C. Les niveaux \u00e9lev\u00e9s de cobalt, de nickel, de chrome et de tungst\u00e8ne conf\u00e8rent une r\u00e9sistance exceptionnelle \u00e0 haute temp\u00e9rature et \u00e0 la corrosion. Les principales caract\u00e9ristiques de la poudre Haynes 188 sont les suivantes R\u00e9sistance exceptionnelle \u00e0 haute temp\u00e9rature et...<\/p>","protected":false},"featured_media":1818,"parent":0,"template":"","meta":{"_acf_changed":false,"_kad_blocks_custom_css":"","_kad_blocks_head_custom_js":"","_kad_blocks_body_custom_js":"","_kad_blocks_footer_custom_js":"","_kad_post_transparent":"","_kad_post_title":"","_kad_post_layout":"","_kad_post_sidebar_id":"","_kad_post_content_style":"","_kad_post_vertical_padding":"","_kad_post_feature":"","_kad_post_feature_position":"","_kad_post_header":false,"_kad_post_footer":false,"_kad_post_classname":""},"product-category":[119,121],"class_list":["post-3908","product","type-product","status-publish","has-post-thumbnail","hentry","product-category-3d-printing-metal-powder","product-category-cobalt-alloy-powder"],"acf":[],"taxonomy_info":{"product-category":[{"value":119,"label":"3D Printing Metal Powder"},{"value":121,"label":"Cobalt Alloy Powder"}]},"featured_image_src_large":["https:\/\/3dpmetal.com\/wp-content\/uploads\/2024\/02\/Haynes-alloy-188-powder.jpg",600,600,false],"author_info":[],"comment_info":"","_links":{"self":[{"href":"https:\/\/3dpmetal.com\/fr\/wp-json\/wp\/v2\/product\/3908","targetHints":{"allow":["GET"]}}],"collection":[{"href":"https:\/\/3dpmetal.com\/fr\/wp-json\/wp\/v2\/product"}],"about":[{"href":"https:\/\/3dpmetal.com\/fr\/wp-json\/wp\/v2\/types\/product"}],"wp:featuredmedia":[{"embeddable":true,"href":"https:\/\/3dpmetal.com\/fr\/wp-json\/wp\/v2\/media\/1818"}],"wp:attachment":[{"href":"https:\/\/3dpmetal.com\/fr\/wp-json\/wp\/v2\/media?parent=3908"}],"wp:term":[{"taxonomy":"product-category","embeddable":true,"href":"https:\/\/3dpmetal.com\/fr\/wp-json\/wp\/v2\/product-category?post=3908"}],"curies":[{"name":"wp","href":"https:\/\/api.w.org\/{rel}","templated":true}]}}