{"id":3915,"date":"2024-03-18T06:10:14","date_gmt":"2024-03-18T06:10:14","guid":{"rendered":"https:\/\/3dp.45612300.xyz\/product\/cusn10-powder\/"},"modified":"2024-03-18T06:10:14","modified_gmt":"2024-03-18T06:10:14","slug":"cusn10-powder","status":"publish","type":"product","link":"https:\/\/3dpmetal.com\/fr\/product\/cusn10-powder\/","title":{"rendered":"Poudre CuSn10"},"content":{"rendered":"<p><span style=\"vertical-align: inherit;\"><span style=\"vertical-align: inherit;\"><\/p>\n<h2>Aper\u00e7u du CuSn10 en poudre<\/h2>\n<p class=\"whitespace-pre-wrap\">La poudre CuSn10 est un alliage cuivre-\u00e9tain contenant environ 10 % d'\u00e9tain et le reste de cuivre. Il offre une excellente combinaison de r\u00e9sistance, de ductilit\u00e9, de r\u00e9sistance \u00e0 la corrosion, de r\u00e9sistance \u00e0 l'usure et de propri\u00e9t\u00e9s antifriction.<\/p>\n<p class=\"whitespace-pre-wrap\">Les propri\u00e9t\u00e9s et applications cl\u00e9s de la poudre CuSn10 incluent\u00a0:<\/p>\n<p class=\"whitespace-pre-wrap\"><strong>Propri\u00e9t\u00e9s et caract\u00e9ristiques de la poudre CuSn10<\/strong><\/p>\n<table>\n<thead>\n<tr>\n<th>Propri\u00e9t\u00e9s<\/th>\n<th>D\u00e9tails<\/th>\n<\/tr>\n<\/thead>\n<tbody>\n<tr>\n<td>Composition<\/td>\n<td>90 % de cuivre, 10 % d'\u00e9tain<\/td>\n<\/tr>\n<tr>\n<td>Densit\u00e9<\/td>\n<td>8,8 g\/cm\u00b3<\/td>\n<\/tr>\n<tr>\n<td>Forme des particules<\/td>\n<td>Irgulier, anguleux<\/td>\n<\/tr>\n<tr>\n<td>\u00c9ventail des tailles<\/td>\n<td>5 \u00e0 150 microns<\/td>\n<\/tr>\n<tr>\n<td>Densit\u00e9 apparente<\/td>\n<td>Jusqu\u2019\u00e0 50 % de densit\u00e9 r\u00e9elle<\/td>\n<\/tr>\n<tr>\n<td>Capacit\u00e9 d'\u00e9coulement<\/td>\n<td>Mod\u00e9r\u00e9<\/td>\n<\/tr>\n<tr>\n<td>Force<\/td>\n<td>Excellent pour la poudre d'alliage Cu<\/td>\n<\/tr>\n<tr>\n<td>Ducilit\u00e9<\/td>\n<td>Bien<\/td>\n<\/tr>\n<tr>\n<td>R\u00e9sistance \u00e0 la corrosion<\/td>\n<td>Tr\u00e8s bien<\/td>\n<\/tr>\n<\/tbody>\n<\/table>\n<p class=\"whitespace-pre-wrap\">Le CuSn10 est largement utilis\u00e9 en cages de roulements, bagues, tiges de soudure, et pi\u00e8ces d'usure dans les secteurs automobile, \u00e9lectrique, et industriel.<\/p>\n<h2>Composition en poudre CuSn10<\/h2>\n<p class=\"whitespace-pre-wrap\">Composition typique de la poudre CuSn10\u00a0:<\/p>\n<p class=\"whitespace-pre-wrap\"><strong>Composition en poudre CuSn10<\/strong><\/p>\n<table>\n<thead>\n<tr>\n<th>\u00e9l\u00e9ment<\/th>\n<th>% en poids<\/th>\n<\/tr>\n<\/thead>\n<tbody>\n<tr>\n<td>Cuivre (Cu)<\/td>\n<td>Reste<\/td>\n<\/tr>\n<tr>\n<td>\u00c9tain (Sn)<\/td>\n<td>9-11%<\/td>\n<\/tr>\n<tr>\n<td>Plomb (Pb)<\/td>\n<td>0,2 % max<\/td>\n<\/tr>\n<tr>\n<td>Zinc (Zn)<\/td>\n<td>0,5 % maxi<\/td>\n<\/tr>\n<tr>\n<td>Autres impuret\u00e9s<\/td>\n<td>0,1 % max<\/td>\n<\/tr>\n<\/tbody>\n<\/table>\n<ul class=\"list-disc pl-8 space-y-2\">\n<li class=\"whitespace-normal\">Le cuivre offre une excellente conductivit\u00e9, une r\u00e9sistance \u00e0 la corrosion, une ductilit\u00e9<\/li>\n<li class=\"whitespace-normal\">L'\u00e9tain am\u00e9liore la r\u00e9sistance, la duret\u00e9 et l'usure<\/li>\n<li class=\"whitespace-normal\">Teneur en plomb, zinc et autres impuret\u00e9s soigneusement contr\u00f4l\u00e9es<\/li>\n<\/ul>\n<p class=\"whitespace-pre-wrap\">Le rapport Cu-Sn optimis\u00e9 assure une excellente combinaison de r\u00e9sistance, de ductilit\u00e9 et de fabricabilit\u00e9.<\/p>\n<p><img loading=\"lazy\" decoding=\"async\" class=\"size-medium wp-image-1409 aligncenter\" src=\"https:\/\/met3dp.com\/wp-content\/uploads\/2023\/09\/ed7a94ec-3c10-4b1b-87ed--300x300.jpg\" alt=\"CuSn10\" width=\"300\" height=\"300\" title=\"\"><\/p>\n<h2>Propri\u00e9t\u00e9s physiques de la poudre CuSn10<\/h2>\n<p class=\"whitespace-pre-wrap\"><strong>Propri\u00e9t\u00e9s physiques de la poudre CuSn10<\/strong><\/p>\n<table>\n<thead>\n<tr>\n<th>Propri\u00e9t\u00e9 immobili\u00e8re<\/th>\n<th>Valeur<\/th>\n<\/tr>\n<\/thead>\n<tbody>\n<tr>\n<td>Densit\u00e9<\/td>\n<td>8,8 g\/cm\u00b3<\/td>\n<\/tr>\n<tr>\n<td>Point de fusion<\/td>\n<td>1020-1040 \u00a1\u00abC<\/td>\n<\/tr>\n<tr>\n<td>Conductivit\u00e9 thermique<\/td>\n<td>55 W\/mK<\/td>\n<\/tr>\n<tr>\n<td>R\u00e9sistivit\u00e9 \u00e9lectrique<\/td>\n<td>7-9 cm \u00c3\u2014 \u00c3\u00b4\u00c3\u2014\u00c3\u00a7\u00c3\u2039\u00c3\u00a7<\/td>\n<\/tr>\n<tr>\n<td>Temp\u00e9rature de recristallisation<\/td>\n<td>150-250\u00a1\u00abC<\/td>\n<\/tr>\n<tr>\n<td>Temp\u00e9rature de fonctionnement maximale<\/td>\n<td>250 \u00b0C<\/td>\n<\/tr>\n<\/tbody>\n<\/table>\n<ul class=\"list-disc pl-8 space-y-2\">\n<li class=\"whitespace-normal\">La densit\u00e9 est plus \u00e9lev\u00e9e que le cuivre<\/li>\n<li class=\"whitespace-normal\">Point de fusion r\u00e9duit par rapport au cuivre pur<\/li>\n<li class=\"whitespace-normal\">Maintient une bonne conductivit\u00e9<\/li>\n<li class=\"whitespace-normal\">La recristallisation permet le compactage des poudres<\/li>\n<li class=\"whitespace-normal\">Peut supporter des temp\u00e9ratures de fonctionnement mod\u00e9r\u00e9ment \u00e9lev\u00e9es<\/li>\n<\/ul>\n<p class=\"whitespace-pre-wrap\">Les propri\u00e9t\u00e9s physiques permettent d'utiliser CuSn10 dans les composants \u00e9lectriques n\u00e9cessitant une bonne conductivit\u00e9 et r\u00e9sistance.<\/p>\n<h2>Propri\u00e9t\u00e9s m\u00e9caniques de la poudre CuSn10<\/h2>\n<p class=\"whitespace-pre-wrap\"><strong>Propri\u00e9t\u00e9s m\u00e9caniques de la poudre CuSn10<\/strong><\/p>\n<table>\n<thead>\n<tr>\n<th>Propri\u00e9t\u00e9 immobili\u00e8re<\/th>\n<th>Valeurs<\/th>\n<\/tr>\n<\/thead>\n<tbody>\n<tr>\n<td>Duret\u00e9<\/td>\n<td>80-110 HB<\/td>\n<\/tr>\n<tr>\n<td>R\u00e9sistance \u00e0 la traction<\/td>\n<td>350-550 MPa<\/td>\n<\/tr>\n<tr>\n<td>Limite d'\u00e9lasticit\u00e9<\/td>\n<td>220-320 MPa<\/td>\n<\/tr>\n<tr>\n<td>Allongement<\/td>\n<td>10-20%<\/td>\n<\/tr>\n<tr>\n<td>Module d'\u00e9lasticit\u00e9<\/td>\n<td>110 \u00e0 140 GPa<\/td>\n<\/tr>\n<\/tbody>\n<\/table>\n<ul class=\"list-disc pl-8 space-y-2\">\n<li class=\"whitespace-normal\">Excellente solidit\u00e9 pour une poudre d'alliage de cuivre<\/li>\n<li class=\"whitespace-normal\">Significativement plus \u00e9lev\u00e9 que de la poudre de cuivre pur<\/li>\n<li class=\"whitespace-normal\">Bonne ductilit\u00e9 pour une composition d'\u00e9tain \u00e0 10%<\/li>\n<li class=\"whitespace-normal\">Valeurs de duret\u00e9 adapt\u00e9es aux applications d'usure<\/li>\n<li class=\"whitespace-normal\">Les propri\u00e9t\u00e9s d\u00e9pendent du proc\u00e9d\u00e9 de production et de la porosit\u00e9<\/li>\n<\/ul>\n<p class=\"whitespace-pre-wrap\">Les propri\u00e9t\u00e9s m\u00e9caniques permettent d'utiliser la poudre CuSn10 dans des composants \u00e9lectriques et de friction \u00e0 haute r\u00e9sistance.<\/p>\n<h2>Applications de la poudre CuSn10<\/h2>\n<p class=\"whitespace-pre-wrap\">Les applications courantes de la poudre CuSn10 incluent\u00a0:<\/p>\n<p class=\"whitespace-pre-wrap\"><strong>Applications de la poudre CuSn10<\/strong><\/p>\n<table>\n<thead>\n<tr>\n<th>Industrie<\/th>\n<th>Exemples d\u2019application<\/th>\n<\/tr>\n<\/thead>\n<tbody>\n<tr>\n<td>Automobile<\/td>\n<td>Roulements, bagues, garnitures de frein<\/td>\n<\/tr>\n<tr>\n<td>\u00c9lectricit\u00e9<\/td>\n<td>\u00c9lectrodes de soudage, connecteurs, contacts<\/td>\n<\/tr>\n<tr>\n<td>Industriel<\/td>\n<td>Cages de roulement, joints d'\u00e9tanch\u00e9it\u00e9, turbines<\/td>\n<\/tr>\n<tr>\n<td>Fabrication<\/td>\n<td>Composants d'outillage fritt\u00e9s<\/td>\n<\/tr>\n<tr>\n<td>P\u00e9trole et gaz<\/td>\n<td>Douilles, robinets \u00e0 boisseau sph\u00e9rique<\/td>\n<\/tr>\n<\/tbody>\n<\/table>\n<p class=\"whitespace-pre-wrap\">Quelques utilisations sp\u00e9cifiques des produits :<\/p>\n<ul class=\"list-disc pl-8 space-y-2\">\n<li class=\"whitespace-normal\">Cages \u00e0 aiguilles n\u00e9cessitant des propri\u00e9t\u00e9s antifriction<\/li>\n<li class=\"whitespace-normal\">Manchons et rondelles de but\u00e9e pour des applications \u00e0 lourdes charges<\/li>\n<li class=\"whitespace-normal\">Plaquettes de frein et garnitures d'embrayage automobiles<\/li>\n<li class=\"whitespace-normal\">Connecteurs et broches \u00e9lectriques<\/li>\n<li class=\"whitespace-normal\">Baguettes \u00e0 souder et p\u00e2te \u00e0 braser en m\u00e9tal d'apport<\/li>\n<li class=\"whitespace-normal\">Composants de tuyauterie tel que les soupapes et les brides<\/li>\n<\/ul>\n<p class=\"whitespace-pre-wrap\">Son excellente combinaison de solidit\u00e9, ductilit\u00e9 et co\u00fbt fait de CuSn10 un choix populaire pour ces applications.<\/p>\n<h2>Sp\u00e9cifications sur la poudre de CuSn10<\/h2>\n<p class=\"whitespace-pre-wrap\">Les sp\u00e9cifications principales pour la poudre CuSn10 comprennent\u00a0:<\/p>\n<p class=\"whitespace-pre-wrap\"><strong>Sp\u00e9cifications sur la poudre de CuSn10<\/strong><\/p>\n<table>\n<thead>\n<tr>\n<th>Standard<\/th>\n<th>Description<\/th>\n<\/tr>\n<\/thead>\n<tbody>\n<tr>\n<td>ISO 44001<\/td>\n<td>Poudres de cuivre et alliages de cuivre - Sp\u00e9cifications<\/td>\n<\/tr>\n<tr>\n<td>ASTM B602<\/td>\n<td>Sp\u00e9cification standard pour les poudres d'alliages de cuivre<\/td>\n<\/tr>\n<tr>\n<td>FR 1982<\/td>\n<td>Sp\u00e9cification relative aux lingots et aux moulages en cuivre et en alliages de cuivre<\/td>\n<\/tr>\n<tr>\n<td>JIS H2111<\/td>\n<td>Poudres de bronze<\/td>\n<\/tr>\n<\/tbody>\n<\/table>\n<p class=\"whitespace-pre-wrap\">Ces d\u00e9finitions :<\/p>\n<ul class=\"list-disc pl-8 space-y-2\">\n<li class=\"whitespace-normal\">Limites de composition chimique<\/li>\n<li class=\"whitespace-normal\">M\u00e9thode de production &#8211; atomisation<\/li>\n<li class=\"whitespace-normal\">Propri\u00e9t\u00e9s physiques et m\u00e9caniques requises<\/li>\n<li class=\"whitespace-normal\">Niveaux d'impuret\u00e9 acceptables<\/li>\n<li class=\"whitespace-normal\">Distribution de la taille des particules<\/li>\n<li class=\"whitespace-normal\">Protocoles d'essai<\/li>\n<\/ul>\n<p class=\"whitespace-pre-wrap\">La conformit\u00e9 garantit l'ad\u00e9quation aux applications pr\u00e9vues sur les march\u00e9s mondiaux.<\/p>\n<h2>Tailles des particules de poudre CuSn10<\/h2>\n<p class=\"whitespace-pre-wrap\"><strong>Distribution granulom\u00e9trique des particules de poudre CuSn10<\/strong><\/p>\n<table>\n<thead>\n<tr>\n<th>Granulom\u00e9trie<\/th>\n<th>Caract\u00e9ristiques<\/th>\n<\/tr>\n<\/thead>\n<tbody>\n<tr>\n<td>5-25 microns<\/td>\n<td>Qualit\u00e9 ultrafine pour une haute densit\u00e9 et une finition de surface<\/td>\n<\/tr>\n<tr>\n<td>15-45 microns<\/td>\n<td>Taille courante pour le pressage et le frittage<\/td>\n<\/tr>\n<tr>\n<td>45-150 microns<\/td>\n<td>Des tailles plus grandes pour une meilleure fluidit\u00e9 de la poudre<\/td>\n<\/tr>\n<\/tbody>\n<\/table>\n<ul class=\"list-disc pl-8 space-y-2\">\n<li class=\"whitespace-normal\">Les particules plus fines permettent une densification accrue<\/li>\n<li class=\"whitespace-normal\">Les particules plus grandes am\u00e9liorent les propri\u00e9t\u00e9s d'\u00e9coulement de la poudre<\/li>\n<li class=\"whitespace-normal\">La taille est s\u00e9lectionn\u00e9e en fonction des propri\u00e9t\u00e9s finales des pi\u00e8ces requises<\/li>\n<li class=\"whitespace-normal\">Les formes \u00e0 la fois sph\u00e9riques et irr\u00e9guli\u00e8res sont disponibles<\/li>\n<\/ul>\n<p class=\"whitespace-pre-wrap\">Le contr\u00f4le de la distribution de taille des particules optimise les caract\u00e9ristiques de pressage et la densit\u00e9 finale fritt\u00e9e.<\/p>\n<h2>Densit\u00e9 apparente de la poudre de CuSn10<\/h2>\n<p class=\"whitespace-pre-wrap\"><strong>Densit\u00e9 apparente de la poudre de CuSn10<\/strong><\/p>\n<table>\n<thead>\n<tr>\n<th>Densit\u00e9 apparente<\/th>\n<th>D\u00e9tails<\/th>\n<\/tr>\n<\/thead>\n<tbody>\n<tr>\n<td>Jusqu\u2019\u00e0 50 % de densit\u00e9 r\u00e9elle<\/td>\n<td>Pour les poudres \u00e0 morphologie irr\u00e9guli\u00e8re<\/td>\n<\/tr>\n<tr>\n<td>4,5-6,5 g\/cc<\/td>\n<td>Am\u00e9liore avec la plus grande densit\u00e9 de conditionnement<\/td>\n<\/tr>\n<\/tbody>\n<\/table>\n<ul class=\"list-disc pl-8 space-y-2\">\n<li class=\"whitespace-normal\">Une masse volumique apparente plus \u00e9lev\u00e9e am\u00e9liore le compactage et le flux de poudre<\/li>\n<li class=\"whitespace-normal\">Une densit\u00e9 pouvant atteindre 60 % est possible avec une poudre sph\u00e9rique optimis\u00e9e<\/li>\n<li class=\"whitespace-normal\">Une densit\u00e9 apparente \u00e9lev\u00e9e permet un compactage plus facile dans les pi\u00e8ces vertes<\/li>\n<\/ul>\n<p class=\"whitespace-pre-wrap\">Une densit\u00e9 apparente plus \u00e9lev\u00e9e conduit \u00e0 une meilleure productivit\u00e9 de fabrication et \u00e0 une meilleure qualit\u00e9 des pi\u00e8ces.<\/p>\n<h2>M\u00e9thode de production de poudre CuSn10<\/h2>\n<p class=\"whitespace-pre-wrap\"><strong>Production de poudre CuSn10<\/strong><\/p>\n<table>\n<thead>\n<tr>\n<th>M\u00e9thode<\/th>\n<th>D\u00e9tails<\/th>\n<\/tr>\n<\/thead>\n<tbody>\n<tr>\n<td>Atomisation<\/td>\n<td>Flux d'alliage fondu bris\u00e9 en gouttelettes fines solidifi\u00e9es en poudre<\/td>\n<\/tr>\n<tr>\n<td>Fusion par induction<\/td>\n<td>Cuivre pur et \u00e9tain fondus ensemble en atmosph\u00e8re contr\u00f4l\u00e9e<\/td>\n<\/tr>\n<tr>\n<td>Atomisation avec un gaz inerte<\/td>\n<td>Emp\u00eacher l'oxydation des particules pendant la production<\/td>\n<\/tr>\n<tr>\n<td>Tamisage<\/td>\n<td>Classe la poudre en diff\u00e9rentes granulom\u00e9tries<\/td>\n<\/tr>\n<\/tbody>\n<\/table>\n<ul class=\"list-disc pl-8 space-y-2\">\n<li class=\"whitespace-normal\">L\u2019automatisation de la pulv\u00e9risation permet une production \u00e0 grande \u00e9chelle<\/li>\n<li class=\"whitespace-normal\">Contr\u00f4le de la fusion et pulv\u00e9risation r\u00e9duisent les impuret\u00e9s au minimum<\/li>\n<li class=\"whitespace-normal\">Le gaz inerte emp\u00eache l'oxydation de la poudre<\/li>\n<li class=\"whitespace-normal\">Le post-traitement permet de personnaliser la granulom\u00e9trie<\/li>\n<\/ul>\n<p class=\"whitespace-pre-wrap\">Des contr\u00f4les de processus stricts permettent d'obtenir une qualit\u00e9 de poudre fiable et des caract\u00e9ristiques r\u00e9p\u00e9tables.<\/p>\n<h2>Prix de la poudre CuSn10<\/h2>\n<p class=\"whitespace-pre-wrap\"><strong>Prix de la poudre CuSn10<\/strong><\/p>\n<table>\n<thead>\n<tr>\n<th>Facteur<\/th>\n<th>Impact sur le prix<\/th>\n<\/tr>\n<\/thead>\n<tbody>\n<tr>\n<td>Niveau de puret\u00e9<\/td>\n<td>La puret\u00e9 plus \u00e9lev\u00e9e augmente le prix<\/td>\n<\/tr>\n<tr>\n<td>Granulom\u00e9trie<\/td>\n<td>Une poudre plus fine co\u00fbte plus cher<\/td>\n<\/tr>\n<tr>\n<td>Quantit\u00e9 de commande<\/td>\n<td>Des remises de prix group\u00e9 s\u2019appliquent<\/td>\n<\/tr>\n<tr>\n<td>M\u00e9thode de production<\/td>\n<td>Les processus complexes augmentent les co\u00fbts<\/td>\n<\/tr>\n<tr>\n<td>Services suppl\u00e9mentaires<\/td>\n<td>La personnalisation entra\u00eene des co\u00fbts suppl\u00e9mentaires<\/td>\n<\/tr>\n<\/tbody>\n<\/table>\n<p class=\"whitespace-pre-wrap\"><strong>Tarifs indicatifs<\/strong><\/p>\n<ul class=\"list-disc pl-8 space-y-2\">\n<li class=\"whitespace-normal\">Poudre CuSn10 : 8-12 $ le kg<\/li>\n<li class=\"whitespace-normal\">Prix r\u00e9duits applicables aux commandes en gros&nbsp;&gt;&nbsp;1&nbsp;000&nbsp;kg<\/li>\n<\/ul>\n<p class=\"whitespace-pre-wrap\">La tarification varie en fonction de param\u00e8tres de commande tels que la quantit\u00e9, la dimension des particules, le niveau de puret\u00e9, la composition de l'alliage, etc.<\/p>\n<h2>Fournisseurs de poudre CuSn10<\/h2>\n<p class=\"whitespace-pre-wrap\"><strong>Fournisseurs de poudre CuSn10<\/strong><\/p>\n<table>\n<thead>\n<tr>\n<th>Entreprise<\/th>\n<th>Lieu<\/th>\n<\/tr>\n<\/thead>\n<tbody>\n<tr>\n<td>Kymera International<\/td>\n<td>\u00c9tats-Unis<\/td>\n<\/tr>\n<tr>\n<td>Hoganas<\/td>\n<td>La Su\u00e8de<\/td>\n<\/tr>\n<tr>\n<td>CNPC Powder Group<\/td>\n<td>La Chine<\/td>\n<\/tr>\n<tr>\n<td>Mat\u00e9riaux en poudre Shanghai CNPC<\/td>\n<td>La Chine<\/td>\n<\/tr>\n<tr>\n<td>Industries de r\u00e9g\u00e9n\u00e9ration du Gujarat<\/td>\n<td>Inde<\/td>\n<\/tr>\n<tr>\n<td>American Chemet Corporation<\/td>\n<td>\u00c9tats-Unis<\/td>\n<\/tr>\n<\/tbody>\n<\/table>\n<p class=\"whitespace-pre-wrap\">Les facteurs de s\u00e9lection pour les fournisseurs :<\/p>\n<ul class=\"list-disc pl-8 space-y-2\">\n<li class=\"whitespace-normal\">Taille des poudres et d\u00e9lai de livraison<\/li>\n<li class=\"whitespace-normal\">Capacit\u00e9 de personnalisation<\/li>\n<li class=\"whitespace-normal\">capacit\u00e9 de production<\/li>\n<li class=\"whitespace-normal\">options d'emballage<\/li>\n<li class=\"whitespace-normal\">Niveaux de tarification<\/li>\n<li class=\"whitespace-normal\">Certifications et conformit\u00e9 de qualit\u00e9<\/li>\n<\/ul>\n<h2>Manipulation et stockage de la poudre CuSn10<\/h2>\n<p class=\"whitespace-pre-wrap\"><strong>Manipulation de la poudre CuSn10<\/strong><\/p>\n<table>\n<thead>\n<tr>\n<th>Recommandation<\/th>\n<th>La raison<\/th>\n<\/tr>\n<\/thead>\n<tbody>\n<tr>\n<td>\u00c9vitez d'inhaler.<\/td>\n<td>Potentielle irritation des voies respiratoires<\/td>\n<\/tr>\n<tr>\n<td>Utilisez un masque et des lunettes de protection<\/td>\n<td>Pr\u00e9venir l\u2019ingestion accidentelle<\/td>\n<\/tr>\n<tr>\n<td>Assurez-vous d'une ventilation ad\u00e9quate<\/td>\n<td>R\u00e9duire les particules en suspension dans l'air<\/td>\n<\/tr>\n<tr>\n<td>\u00c9viter les sources d'allumage<\/td>\n<td>Risque de poussi\u00e8re inflammable<\/td>\n<\/tr>\n<tr>\n<td>Suivre les proc\u00e9dures antistatiques<\/td>\n<td>Pr\u00e9venir le feu caus\u00e9 par une d\u00e9charge \u00e9lectrostatique<\/td>\n<\/tr>\n<tr>\n<td>Utilisez des outils anti-\u00e9tincelles<\/td>\n<td>\u00c9vitez les \u00e9tincelles pendant la manipulation<\/td>\n<\/tr>\n<tr>\n<td>Conservez les r\u00e9cipients scell\u00e9s dans un endroit frais et sec<\/td>\n<td>Emp\u00eacher l'oxydation et l'absorption de l'humidit\u00e9<\/td>\n<\/tr>\n<\/tbody>\n<\/table>\n<p class=\"whitespace-pre-wrap\"><strong>Conseils de stockage<\/strong><\/p>\n<ul class=\"list-disc pl-8 space-y-2\">\n<li class=\"whitespace-normal\">Stocker dans des conteneurs stables et inertes<\/li>\n<li class=\"whitespace-normal\">Garder hors de contact des acides, de l'ammoniac, de l'ac\u00e9tyl\u00e8ne<\/li>\n<li class=\"whitespace-normal\">Maintenir des temp\u00e9ratures inf\u00e9rieures \u00e0 27\u00b0C<\/li>\n<\/ul>\n<p class=\"whitespace-pre-wrap\">Une manipulation et un entreposage adapt\u00e9s pr\u00e9servent la puret\u00e9 de la poudre et pr\u00e9viennent les risques de r\u00e9action.<\/p>\n<h2>Inspection et essai des poudres CuSn10<\/h2>\n<p class=\"whitespace-pre-wrap\"><strong>Essais des poudres de CuSn10<\/strong><\/p>\n<table>\n<thead>\n<tr>\n<th>Test<\/th>\n<th>D\u00e9tails<\/th>\n<\/tr>\n<\/thead>\n<tbody>\n<tr>\n<td>Analyse chimique<\/td>\n<td>ICP et XRF pour v\u00e9rifier la composition<\/td>\n<\/tr>\n<tr>\n<td>Distribution de la taille des particules<\/td>\n<td>Analyse granulom\u00e9trique ou diffraction laser<\/td>\n<\/tr>\n<tr>\n<td>Densit\u00e9 apparente<\/td>\n<td>Essai de d\u00e9bitm\u00e8tre \u00e0 chambre selon ASTM B212<\/td>\n<\/tr>\n<tr>\n<td>Morphologie de la poudre<\/td>\n<td>Imagerie SEM de la forme des particules<\/td>\n<\/tr>\n<tr>\n<td>Densit\u00e9 de tassement<\/td>\n<td>Densit\u00e9 mesur\u00e9e apr\u00e8s taraudage m\u00e9canique<\/td>\n<\/tr>\n<tr>\n<td>Analyse du d\u00e9bit<\/td>\n<td>D\u00e9bit gravitaire \u00e0 travers une buse sp\u00e9cifi\u00e9e<\/td>\n<\/tr>\n<\/tbody>\n<\/table>\n<p class=\"whitespace-pre-wrap\">Des tests rigoureux garantissent que la poudre r\u00e9pond \u00e0 la composition chimique, aux propri\u00e9t\u00e9s physiques et \u00e0 la microstructure requises pour l\u2019application.<\/p>\n<h2>Avantages et inconv\u00e9nients de la poudre CuSn10<\/h2>\n<p class=\"whitespace-pre-wrap\"><strong>Les avantages de la poudre de CuSn10<\/strong><\/p>\n<ul class=\"list-disc pl-8 space-y-2\">\n<li class=\"whitespace-normal\">Excellente solidit\u00e9 pour une poudre d'alliage de cuivre<\/li>\n<li class=\"whitespace-normal\">Bonne ductilit\u00e9 et formabilit\u00e9<\/li>\n<li class=\"whitespace-normal\">Tr\u00e8s bonne r\u00e9sistance \u00e0 la corrosion<\/li>\n<li class=\"whitespace-normal\">\u00c9conomique par rapport aux qualit\u00e9s de bronze<\/li>\n<li class=\"whitespace-normal\">Bonne conductivit\u00e9 \u00e9lectrique et thermique<\/li>\n<li class=\"whitespace-normal\">Recyclable et respectueux de l\u2019environnement<\/li>\n<\/ul>\n<p class=\"whitespace-pre-wrap\"><strong>Inconv\u00e9nient de la poudre CuSn10<\/strong><\/p>\n<ul class=\"list-disc pl-8 space-y-2\">\n<li class=\"whitespace-normal\">Conductivit\u00e9 inf\u00e9rieure \u00e0 celle de la poudre de cuivre pur<\/li>\n<li class=\"whitespace-normal\">R\u00e9sistance mod\u00e9r\u00e9e \u00e0 temp\u00e9rature \u00e9lev\u00e9e<\/li>\n<li class=\"whitespace-normal\">Lourds par rapport aux alliages d'aluminium ou de magn\u00e9sium<\/li>\n<li class=\"whitespace-normal\">Ne convient pas aux composants structurels fortement sollicit\u00e9s<\/li>\n<li class=\"whitespace-normal\">D\u00e9coloration de surface au fil du temps si non rev\u00eatu<\/li>\n<li class=\"whitespace-normal\">Limitations pour des applications de contact avec les aliments<\/li>\n<\/ul>\n<h2>Comparaison Avec de la Poudre CuNi10<\/h2>\n<p class=\"whitespace-pre-wrap\"><strong>Poudre CuSn10 contre CuNi10<\/strong><\/p>\n<table>\n<thead>\n<tr>\n<th>Param\u00e8tre<\/th>\n<th>CuSn10<\/th>\n<th>CuNi10<\/th>\n<\/tr>\n<\/thead>\n<tbody>\n<tr>\n<td>Densit\u00e9<\/td>\n<td>8,8 g\/cm\u00b3<\/td>\n<td>8,9 g\/cc<\/td>\n<\/tr>\n<tr>\n<td>Force<\/td>\n<td>350-550 MPa<\/td>\n<td>500-650 MPa<\/td>\n<\/tr>\n<tr>\n<td>Conductivit\u00e9<\/td>\n<td>55 W\/mK<\/td>\n<td>20 W\/(mK)<\/td>\n<\/tr>\n<tr>\n<td>R\u00e9sistance \u00e0 la corrosion<\/td>\n<td>Excellent<\/td>\n<td>Tr\u00e8s bien<\/td>\n<\/tr>\n<tr>\n<td>Co\u00fbt<\/td>\n<td>Bas<\/td>\n<td>\u00c9lev\u00e9<\/td>\n<\/tr>\n<tr>\n<td>Utilisations<\/td>\n<td>\u00c9lectricit\u00e9, charge mod\u00e9r\u00e9e<\/td>\n<td>Structures de haute r\u00e9sistance<\/td>\n<\/tr>\n<\/tbody>\n<\/table>\n<ul class=\"list-disc pl-8 space-y-2\">\n<li class=\"whitespace-normal\">CuSn10 offre une conductivit\u00e9 sup\u00e9rieure et des co\u00fbts bas<\/li>\n<li class=\"whitespace-normal\">CuNi10 a une r\u00e9sistance \u00e0 la traction plus \u00e9lev\u00e9e<\/li>\n<li class=\"whitespace-normal\">CuSn10 privil\u00e9gi\u00e9 pour les composants \u00e9lectriques<\/li>\n<li class=\"whitespace-normal\">CuNi10 convient aux pi\u00e8ces structurelles de haute r\u00e9sistance<\/li>\n<\/ul>\n<h2>Foire aux questions sur la poudre CuSn10<\/h2>\n<p class=\"whitespace-pre-wrap\"><strong>Q : Quels sont les principales applications de la poudre de CuSn10 ?<\/strong><\/p>\n<p class=\"whitespace-pre-wrap\">R : Parmi les applications principales figurent les cages de roulements, les coussinets, les baguettes de soudage, les garnitures de freins, les composants anti-friction ainsi que les contacts \u00e9lectriques, les connecteurs et les balais. Il est commun\u00e9ment utilis\u00e9 dans les produits automobiles et \u00e9lectriques.<\/p>\n<p class=\"whitespace-pre-wrap\"><strong>Q : La poudre de CuSn10 n\u00e9cessite-t-elle des pr\u00e9cautions de manipulation particuli\u00e8res\u00a0?<\/strong><\/p>\n<p class=\"whitespace-pre-wrap\">A : Des pr\u00e9cautions g\u00e9n\u00e9rales sont recommand\u00e9es, notamment \u00e9viter l'inhalation, assurer une ventilation appropri\u00e9e, contr\u00f4ler les poussi\u00e8res, emp\u00eacher les sources d'inflammation, \u00e9viter l'accumulation de charges statiques, utiliser des outils anti-\u00e9tincelles et stocker dans une atmosph\u00e8re s\u00e8che et inerte.<\/p>\n<p class=\"whitespace-pre-wrap\"><strong>Q : Quels sont les facteurs qui influent sur les propri\u00e9t\u00e9s des pi\u00e8ces en poudre CuSn10 ?<\/strong><\/p>\n<p class=\"whitespace-pre-wrap\">A : Les facteurs cl\u00e9s sont la densit\u00e9 apparente, la r\u00e9partition granulom\u00e9trique, la pression de compactage, la temp\u00e9rature et la dur\u00e9e du frittage, la composition de l'alliage, les impuret\u00e9s et la porosit\u00e9.<\/p>\n<p class=\"whitespace-pre-wrap\"><strong>Q : Quelle est la principale diff\u00e9rence entre les poudres de bronze et de CuSn10 ?<\/strong><\/p>\n<p class=\"whitespace-pre-wrap\">R : Les poudres de bronze contiennent 90 - 95% de cuivre alors que CuSn10 contient 90% de cuivre et 10% d'\u00e9tain. CuSn10 fournit une combinaison optimale de r\u00e9sistance, de ductilit\u00e9 et de co\u00fbt.<\/p>\n<div id=\"gtx-trans\" style=\"position: absolute; left: -2px; top: 59.8125px;\">\n<div class=\"gtx-trans-icon\"><\/div>\n<\/div>\n<p><\/span><\/span><\/p>","protected":false},"excerpt":{"rendered":"<p>Aper\u00e7u de la poudre CuSn10 La poudre CuSn10 est un alliage cuivre-\u00e9tain contenant environ 10% d'\u00e9tain et le reste de cuivre. Elle offre une excellente combinaison de r\u00e9sistance, de ductilit\u00e9, de r\u00e9sistance \u00e0 la corrosion, de r\u00e9sistance \u00e0 l'usure et de propri\u00e9t\u00e9s antifriction. Les principales propri\u00e9t\u00e9s et applications de la poudre CuSn10 sont les suivantes : Propri\u00e9t\u00e9s et caract\u00e9ristiques de la poudre CuSn10 Propri\u00e9t\u00e9s D\u00e9tails Composition 90% de cuivre, 10% d'\u00e9tain Densit\u00e9 8,8...<\/p>","protected":false},"featured_media":1831,"parent":0,"template":"","meta":{"_acf_changed":false,"_kad_blocks_custom_css":"","_kad_blocks_head_custom_js":"","_kad_blocks_body_custom_js":"","_kad_blocks_footer_custom_js":"","_kad_post_transparent":"","_kad_post_title":"","_kad_post_layout":"","_kad_post_sidebar_id":"","_kad_post_content_style":"","_kad_post_vertical_padding":"","_kad_post_feature":"","_kad_post_feature_position":"","_kad_post_header":false,"_kad_post_footer":false,"_kad_post_classname":""},"product-category":[119,129],"class_list":["post-3915","product","type-product","status-publish","has-post-thumbnail","hentry","product-category-3d-printing-metal-powder","product-category-copper-alloy-powder"],"acf":[],"taxonomy_info":{"product-category":[{"value":119,"label":"3D Printing Metal Powder"},{"value":129,"label":"Copper Alloy Powder"}]},"featured_image_src_large":["https:\/\/3dpmetal.com\/wp-content\/uploads\/2024\/02\/CuSn10-Powder.jpg",600,600,false],"author_info":[],"comment_info":"","_links":{"self":[{"href":"https:\/\/3dpmetal.com\/fr\/wp-json\/wp\/v2\/product\/3915","targetHints":{"allow":["GET"]}}],"collection":[{"href":"https:\/\/3dpmetal.com\/fr\/wp-json\/wp\/v2\/product"}],"about":[{"href":"https:\/\/3dpmetal.com\/fr\/wp-json\/wp\/v2\/types\/product"}],"wp:featuredmedia":[{"embeddable":true,"href":"https:\/\/3dpmetal.com\/fr\/wp-json\/wp\/v2\/media\/1831"}],"wp:attachment":[{"href":"https:\/\/3dpmetal.com\/fr\/wp-json\/wp\/v2\/media?parent=3915"}],"wp:term":[{"taxonomy":"product-category","embeddable":true,"href":"https:\/\/3dpmetal.com\/fr\/wp-json\/wp\/v2\/product-category?post=3915"}],"curies":[{"name":"wp","href":"https:\/\/api.w.org\/{rel}","templated":true}]}}