{"id":3916,"date":"2024-03-18T06:10:14","date_gmt":"2024-03-18T06:10:14","guid":{"rendered":"https:\/\/3dp.45612300.xyz\/product\/copper-base-solder\/"},"modified":"2024-03-18T06:10:14","modified_gmt":"2024-03-18T06:10:14","slug":"copper-base-solder","status":"publish","type":"product","link":"https:\/\/3dpmetal.com\/fr\/product\/copper-base-solder\/","title":{"rendered":"Soudure \u00e0 base de cuivre"},"content":{"rendered":"<p><span style=\"vertical-align: inherit;\"><span style=\"vertical-align: inherit;\"><\/p>\n<h2>Description du produit<\/h2>\n<p>La p\u00e2te \u00e0 braser en cuivre est pr\u00e9par\u00e9e par un proc\u00e9d\u00e9 sp\u00e9cial \u00e0 partir d'une poudre de brasage \u00e0 base de cuivre, des composants actifs traces, solvants, supports polym\u00e8res et autres additifs.<\/p>\n<h2>Qualit\u00e9s et Sp\u00e9cifications<\/h2>\n<div>\n<table>\n<tbody>\n<tr>\n<td data-sheets-value=\"{&quot;1&quot;:2,&quot;2&quot;:&quot;Model&quot;}\">Mod\u00e8le<\/td>\n<td data-sheets-value=\"{&quot;1&quot;:2,&quot;2&quot;:&quot;Product Type&quot;}\">Type de produit<\/td>\n<td data-sheets-value=\"{&quot;1&quot;:2,&quot;2&quot;:&quot;Composition(wt%)&quot;}\">Composition (poids %)<\/td>\n<td data-sheets-value=\"{&quot;1&quot;:2,&quot;2&quot;:&quot;Powder Size&quot;}\">Taille de la poudre (M)<\/td>\n<td data-sheets-value=\"{&quot;1&quot;:2,&quot;2&quot;:&quot;Brazing temperature(C)&quot;}\">Temp\u00e9rature de brasage (\u00a1\u00cd)<\/td>\n<td data-sheets-value=\"{&quot;1&quot;:2,&quot;2&quot;:&quot;Brazing method&quot;}\">\n<div>\n<div>Proc\u00e9d\u00e9 de brasage<\/div>\n<\/div>\n<\/td>\n<\/tr>\n<tr>\n<td data-sheets-value=\"{&quot;1&quot;:2,&quot;2&quot;:&quot;YTCu-1&quot;}\">YTCu-1<\/td>\n<td data-sheets-value=\"{&quot;1&quot;:2,&quot;2&quot;:&quot;Paste&quot;}\">Coller<\/td>\n<td data-sheets-value=\"{&quot;1&quot;:2,&quot;2&quot;:&quot;Cu:93:P:7&quot;}\">Cu:93:P:7<\/td>\n<td data-sheets-value=\"{&quot;1&quot;:2,&quot;2&quot;:&quot;-200n-235&quot;}\">-200<br \/>\n-235<\/td>\n<td data-sheets-value=\"{&quot;1&quot;:2,&quot;2&quot;:&quot;743-840&quot;}\">743-840<\/td>\n<td colspan=\"1\" rowspan=\"5\" data-sheets-value=\"{&quot;1&quot;:2,&quot;2&quot;:&quot;FuranceflameresistancenHigh frequency brazing&quot;}\">\n<div>Four, flamme, r\u00e9sistance<br \/>\nBrasage haute fr\u00e9quence<\/div>\n<\/td>\n<\/tr>\n<tr>\n<td data-sheets-value=\"{&quot;1&quot;:2,&quot;2&quot;:&quot;YTCu-2&quot;}\">YTCu-2<\/td>\n<td data-sheets-value=\"{&quot;1&quot;:2,&quot;2&quot;:&quot;Paste&quot;}\">Coller<\/td>\n<td data-sheets-value=\"{&quot;1&quot;:2,&quot;2&quot;:&quot;Cu:92.5;P:7.5&quot;}\">Cu : 92,5 ; P : 7,5<\/td>\n<td data-sheets-value=\"{&quot;1&quot;:2,&quot;2&quot;:&quot;-200n-235&quot;}\">-200<br \/>\n-235<\/td>\n<td data-sheets-value=\"{&quot;1&quot;:2,&quot;2&quot;:&quot;730-830&quot;}\">730-830<\/td>\n<\/tr>\n<tr>\n<td data-sheets-value=\"{&quot;1&quot;:2,&quot;2&quot;:&quot;YTCu-3&quot;}\">YTCu-3<\/td>\n<td data-sheets-value=\"{&quot;1&quot;:2,&quot;2&quot;:&quot;Paste&quot;}\">Coller<\/td>\n<td data-sheets-value=\"{&quot;1&quot;:2,&quot;2&quot;:&quot;Cu:86;P:7;Sn:7&quot;}\">Cu\u00a0:\u00a086\u00a0;\u00a0P\u00a0:\u00a07\u00a0;\u00a0Sn\u00a0:\u00a07<\/td>\n<td data-sheets-value=\"{&quot;1&quot;:2,&quot;2&quot;:&quot;-200n-235&quot;}\">-200<br \/>\n-235<\/td>\n<td data-sheets-value=\"{&quot;1&quot;:2,&quot;2&quot;:&quot;700-750&quot;}\">700-750<\/td>\n<\/tr>\n<tr>\n<td data-sheets-value=\"{&quot;1&quot;:2,&quot;2&quot;:&quot;YTCu-4&quot;}\">YTCu-4<\/td>\n<td data-sheets-value=\"{&quot;1&quot;:2,&quot;2&quot;:&quot;Paste&quot;}\">Coller<\/td>\n<td data-sheets-value=\"{&quot;1&quot;:2,&quot;2&quot;:&quot;Cu:75;Sn;P;Ni, etc.&quot;}\">Cu:75 ; Sn ; P ; Ni, etc<\/td>\n<td data-sheets-value=\"{&quot;1&quot;:2,&quot;2&quot;:&quot;-200n-235&quot;}\">-200<br \/>\n-235<\/td>\n<td data-sheets-value=\"{&quot;1&quot;:2,&quot;2&quot;:&quot;600-650&quot;}\">600-650<\/td>\n<\/tr>\n<tr>\n<td data-sheets-value=\"{&quot;1&quot;:3,&quot;3&quot;:9414}\">9414<\/td>\n<td data-sheets-value=\"{&quot;1&quot;:2,&quot;2&quot;:&quot;Powder&quot;}\">Poudre<\/td>\n<td data-sheets-value=\"{&quot;1&quot;:2,&quot;2&quot;:&quot;Cu:88;Ni:5;Sn:7&quot;}\">Cu : 88 ; Ni : 5 ; \u00c9tain : 7<\/td>\n<td data-sheets-value=\"{&quot;1&quot;:2,&quot;2&quot;:&quot;-200n-235&quot;}\">-200<br \/>\n-235<\/td>\n<td data-sheets-value=\"{&quot;1&quot;:2,&quot;2&quot;:&quot;890-900&quot;}\">890-900<\/td>\n<\/tr>\n<\/tbody>\n<\/table>\n<\/div>\n<p>1. Adapt\u00e9 au soudage au chalumeau, au soudage par r\u00e9sistance, au soudage haute fr\u00e9quence et au soudage au four entre diff\u00e9rents alliages de cuivre et de cuivre.<\/p>\n<p>2. La p\u00e2te \u00e0 braser peut \u00eatre appliqu\u00e9e manuellement sur la zone \u00e0 braser et peut \u00e9galement \u00eatre utilis\u00e9e pour l\u2019impression de gabarit semi-automatique et automatique et l\u2019injection d\u2019aiguille. Elle est efficace et simple et peut contr\u00f4ler quantitativement la quantit\u00e9 de p\u00e2te \u00e0 braser utilis\u00e9e, ce qui am\u00e9liore consid\u00e9rablement l\u2019efficacit\u00e9 du travail et le rendement du produit, et am\u00e9liore \u00e9galement l\u2019environnement de travail.<\/p>\n<p>3. La p\u00e2te \u00e0 braser \u00e0 base de cuivre-phosphore est largement utilis\u00e9e dans le brasage et la fabrication de produits en cuivre tels que des tubes en cuivre, des tubes chauffants \u00e9lectriques en alliage de cuivre, des pi\u00e8ces de mat\u00e9riel et divers radiateurs en cuivre. Dans le domaine du brasage par r\u00e9sistance, il est largement utilis\u00e9 dans le brasage par r\u00e9sistance de divers composants \u00e9lectroniques, tels que les disjoncteurs, les compteurs \u00e9lectriques et d'autres composants.<\/p>\n<div id=\"gtx-trans\" style=\"position: absolute; left: 582px; top: 188.625px;\">\n<div class=\"gtx-trans-icon\"><\/div>\n<\/div>\n<p><\/span><\/span><\/p>","protected":false},"excerpt":{"rendered":"<p>Description du produit La p\u00e2te \u00e0 braser au cuivre est pr\u00e9par\u00e9e par un processus sp\u00e9cial \u00e0 partir de poudre de brasage \u00e0 base de cuivre, de composants actifs \u00e0 l'\u00e9tat de traces, de solvants, de supports polym\u00e8res et d'autres additifs. Grades et sp\u00e9cifications Mod\u00e8le Type de produit Composition(wt%) Taille de la poudre(M) Temp\u00e9rature de brasage(\u00a1\u00cd) M\u00e9thode de brasage YTCu-1 Paste Cu:93:P:7 -200 -235 743-840 Furance, flamme, r\u00e9sistance, brasage \u00e0 haute fr\u00e9quence YTCu-2 Paste Cu:92.5;P:7.5 -200 -235 730-830....<\/p>","protected":false},"featured_media":1833,"parent":0,"template":"","meta":{"_acf_changed":false,"_kad_blocks_custom_css":"","_kad_blocks_head_custom_js":"","_kad_blocks_body_custom_js":"","_kad_blocks_footer_custom_js":"","_kad_post_transparent":"","_kad_post_title":"","_kad_post_layout":"","_kad_post_sidebar_id":"","_kad_post_content_style":"","_kad_post_vertical_padding":"","_kad_post_feature":"","_kad_post_feature_position":"","_kad_post_header":false,"_kad_post_footer":false,"_kad_post_classname":""},"product-category":[119,129],"class_list":["post-3916","product","type-product","status-publish","has-post-thumbnail","hentry","product-category-3d-printing-metal-powder","product-category-copper-alloy-powder"],"acf":[],"taxonomy_info":{"product-category":[{"value":119,"label":"3D Printing Metal Powder"},{"value":129,"label":"Copper Alloy Powder"}]},"featured_image_src_large":["https:\/\/3dpmetal.com\/wp-content\/uploads\/2024\/02\/Copper-base-Solder.png",600,600,false],"author_info":[],"comment_info":"","_links":{"self":[{"href":"https:\/\/3dpmetal.com\/fr\/wp-json\/wp\/v2\/product\/3916","targetHints":{"allow":["GET"]}}],"collection":[{"href":"https:\/\/3dpmetal.com\/fr\/wp-json\/wp\/v2\/product"}],"about":[{"href":"https:\/\/3dpmetal.com\/fr\/wp-json\/wp\/v2\/types\/product"}],"wp:featuredmedia":[{"embeddable":true,"href":"https:\/\/3dpmetal.com\/fr\/wp-json\/wp\/v2\/media\/1833"}],"wp:attachment":[{"href":"https:\/\/3dpmetal.com\/fr\/wp-json\/wp\/v2\/media?parent=3916"}],"wp:term":[{"taxonomy":"product-category","embeddable":true,"href":"https:\/\/3dpmetal.com\/fr\/wp-json\/wp\/v2\/product-category?post=3916"}],"curies":[{"name":"wp","href":"https:\/\/api.w.org\/{rel}","templated":true}]}}