{"id":3919,"date":"2024-03-18T06:10:14","date_gmt":"2024-03-18T06:10:14","guid":{"rendered":"https:\/\/3dp.45612300.xyz\/product\/310-powder\/"},"modified":"2024-03-18T06:10:14","modified_gmt":"2024-03-18T06:10:14","slug":"310-powder","status":"publish","type":"product","link":"https:\/\/3dpmetal.com\/fr\/product\/310-powder\/","title":{"rendered":"Poudre 310"},"content":{"rendered":"<p><span style=\"vertical-align: inherit;\"><span style=\"vertical-align: inherit;\"><\/p>\n<h2>Aper\u00e7u de la poudre 310<\/h2>\n<p class=\"whitespace-pre-wrap\">La poudre 310 est une poudre d'acier inoxydable aust\u00e9nitique contenant des niveaux \u00e9lev\u00e9s de chrome, de nickel et d'azote pour des propri\u00e9t\u00e9s m\u00e9caniques et une r\u00e9sistance \u00e0 la corrosion am\u00e9lior\u00e9es. Elle offre une excellente combinaison de r\u00e9sistance, de duret\u00e9, de t\u00e9nacit\u00e9 et de r\u00e9sistance \u00e0 l'usure.<\/p>\n<p class=\"whitespace-pre-wrap\">Voici quelques-unes des propri\u00e9t\u00e9s et avantages du 310 :<\/p>\n<p class=\"whitespace-pre-wrap\"><strong>310 Propri\u00e9t\u00e9s et caract\u00e9ristiques de la poudre<\/strong><\/p>\n<table>\n<thead>\n<tr>\n<th>Propri\u00e9t\u00e9s<\/th>\n<th>D\u00e9tails<\/th>\n<\/tr>\n<\/thead>\n<tbody>\n<tr>\n<td>Composition<\/td>\n<td>Alliage Fe-25Cr-20Ni-0,25N<\/td>\n<\/tr>\n<tr>\n<td>Densit\u00e9<\/td>\n<td>8,1 g\/cm\u00b3<\/td>\n<\/tr>\n<tr>\n<td>Forme des particules<\/td>\n<td>Irgulier, anguleux<\/td>\n<\/tr>\n<tr>\n<td>\u00c9ventail des tailles<\/td>\n<td>10-150 microns<\/td>\n<\/tr>\n<tr>\n<td>Densit\u00e9 apparente<\/td>\n<td>Jusqu\u2019\u00e0 50 % de densit\u00e9 r\u00e9elle<\/td>\n<\/tr>\n<tr>\n<td>Capacit\u00e9 d'\u00e9coulement<\/td>\n<td>Mod\u00e9r\u00e9<\/td>\n<\/tr>\n<tr>\n<td>Force<\/td>\n<td>Tr\u00e8s \u00e9lev\u00e9 pour un poudre de la s\u00e9rie 300<\/td>\n<\/tr>\n<tr>\n<td>R\u00e9sistance \u00e0 l'usure<\/td>\n<td>Excellent gr\u00e2ce \u00e0 l\u2019\u00e9crouissage<\/td>\n<\/tr>\n<\/tbody>\n<\/table>\n<p class=\"whitespace-pre-wrap\">La poudre 310 est largement utilis\u00e9e dans des applications n\u00e9cessitant duret\u00e9, r\u00e9sistance \u00e0 l'usure et r\u00e9sistance \u00e0 la corrosion, comme les pi\u00e8ces de vannes, les arbres, les cages de roulements, les attaches, les instruments chirurgicaux, etc.<\/p>\n<h2>310 Composition de poudre<\/h2>\n<p class=\"whitespace-pre-wrap\">Composition typique de la poudre 310 d'acier inoxydable :<\/p>\n<p class=\"whitespace-pre-wrap\"><strong>310 Composition de poudre<\/strong><\/p>\n<table>\n<thead>\n<tr>\n<th>\u00e9l\u00e9ment<\/th>\n<th>% en poids<\/th>\n<\/tr>\n<\/thead>\n<tbody>\n<tr>\n<td>Le fer (Fe)<\/td>\n<td>\u00c9quilibre<\/td>\n<\/tr>\n<tr>\n<td>Chrome (Cr)<\/td>\n<td>24-26%<\/td>\n<\/tr>\n<tr>\n<td>Nickel (Ni)<\/td>\n<td>19-22%<\/td>\n<\/tr>\n<tr>\n<td>Azote (N)<\/td>\n<td>0.2-0.4%<\/td>\n<\/tr>\n<tr>\n<td>Carbone (C)<\/td>\n<td>0,25 % max<\/td>\n<\/tr>\n<tr>\n<td>Silicium (Si)<\/td>\n<td>1,5 % max.<\/td>\n<\/tr>\n<tr>\n<td>Mangan\u00e8se (Mn)<\/td>\n<td>2 % max<\/td>\n<\/tr>\n<tr>\n<td>Soufre (S)<\/td>\n<td>0,03 % max<\/td>\n<\/tr>\n<tr>\n<td>Phosphore (P)<\/td>\n<td>0,045 % max<\/td>\n<\/tr>\n<\/tbody>\n<\/table>\n<ul class=\"list-disc pl-8 space-y-2\">\n<li class=\"whitespace-normal\">Le fer assure la matrice ferritique et la ductilit\u00e9<\/li>\n<li class=\"whitespace-normal\">Le chrome et le nickel am\u00e9liorent la r\u00e9sistance \u00e0 la corrosion<\/li>\n<li class=\"whitespace-normal\">L'azote fournit un renforcement de solution solide<\/li>\n<li class=\"whitespace-normal\">Le carbone, le silicium et le mangan\u00e8se sont contr\u00f4l\u00e9s en tant qu'\u00e9l\u00e9ments r\u00e9siduels<\/li>\n<\/ul>\n<p class=\"whitespace-pre-wrap\">La composition optimis\u00e9e offre une excellente combinaison de r\u00e9sistance, de duret\u00e9, de r\u00e9sistance \u00e0 la corrosion et de co\u00fbt.<\/p>\n<p><img loading=\"lazy\" decoding=\"async\" class=\"aligncenter wp-image-1409 size-medium\" src=\"https:\/\/met3dp.com\/wp-content\/uploads\/2023\/09\/ed7a94ec-3c10-4b1b-87ed--300x300.jpg\" alt=\"Poudre 310\" width=\"300\" height=\"300\" title=\"\"><\/p>\n<h2>310 Propri\u00e9t\u00e9s physiques des poudres<\/h2>\n<p class=\"whitespace-pre-wrap\"><strong>310 Propri\u00e9t\u00e9s physiques des poudres<\/strong><\/p>\n<table>\n<thead>\n<tr>\n<th>Propri\u00e9t\u00e9 immobili\u00e8re<\/th>\n<th>Valeurs<\/th>\n<\/tr>\n<\/thead>\n<tbody>\n<tr>\n<td>Densit\u00e9<\/td>\n<td>8,1 g\/cm\u00b3<\/td>\n<\/tr>\n<tr>\n<td>Point de fusion<\/td>\n<td>1370-1400\u00a1\u00abC<\/td>\n<\/tr>\n<tr>\n<td>R\u00e9sistivit\u00e9 \u00e9lectrique<\/td>\n<td>0,8 \u00c3\u2014 10^-6 m<\/td>\n<\/tr>\n<tr>\n<td>Conductivit\u00e9 thermique<\/td>\n<td>12 W\/mK<\/td>\n<\/tr>\n<tr>\n<td>Dilatation thermique<\/td>\n<td>11 x 10^-6 \/K<\/td>\n<\/tr>\n<tr>\n<td>Temp\u00e9rature de fonctionnement maximale<\/td>\n<td>1150\u00a0\u00a1\u00ab\u00a0C<\/td>\n<\/tr>\n<\/tbody>\n<\/table>\n<ul class=\"list-disc pl-8 space-y-2\">\n<li class=\"whitespace-normal\">Densit\u00e9 \u00e9lev\u00e9e compar\u00e9e aux aciers inoxydables ferritiques<\/li>\n<li class=\"whitespace-normal\">Maintient une excellente r\u00e9sistance \u00e0 des temp\u00e9ratures \u00e9lev\u00e9es<\/li>\n<li class=\"whitespace-normal\">La r\u00e9sistivit\u00e9 est plus \u00e9lev\u00e9e que celle du fer pur ou des aciers au carbone<\/li>\n<li class=\"whitespace-normal\">Conductivit\u00e9 thermique moins \u00e9lev\u00e9e que l'acier au carbone<\/li>\n<li class=\"whitespace-normal\">Peut r\u00e9sister \u00e0 un service continu jusqu'\u00e0 1150 \u00b0C<\/li>\n<\/ul>\n<p class=\"whitespace-pre-wrap\">Les propri\u00e9t\u00e9s physiques rendent le 310 adapt\u00e9 aux applications \u00e0 haute temp\u00e9rature n\u00e9cessitant duret\u00e9, r\u00e9sistance et r\u00e9sistance \u00e0 la corrosion.<\/p>\n<h2>310 Propri\u00e9t\u00e9s m\u00e9caniques de la poudre<\/h2>\n<p class=\"whitespace-pre-wrap\"><strong>310 Propri\u00e9t\u00e9s m\u00e9caniques de la poudre<\/strong><\/p>\n<table>\n<thead>\n<tr>\n<th>Propri\u00e9t\u00e9 immobili\u00e8re<\/th>\n<th>Valeurs<\/th>\n<\/tr>\n<\/thead>\n<tbody>\n<tr>\n<td>R\u00e9sistance \u00e0 la traction<\/td>\n<td>760-900 MPa<\/td>\n<\/tr>\n<tr>\n<td>Limite d'\u00e9lasticit\u00e9<\/td>\n<td>450-550 MPa<\/td>\n<\/tr>\n<tr>\n<td>Allongement<\/td>\n<td>35-40%<\/td>\n<\/tr>\n<tr>\n<td>Duret\u00e9<\/td>\n<td>32-38 HRC<\/td>\n<\/tr>\n<tr>\n<td>R\u00e9sistance au choc<\/td>\n<td>50-100 J<\/td>\n<\/tr>\n<tr>\n<td>Module d'\u00e9lasticit\u00e9<\/td>\n<td>190-210 GPa<\/td>\n<\/tr>\n<\/tbody>\n<\/table>\n<ul class=\"list-disc pl-8 space-y-2\">\n<li class=\"whitespace-normal\">Tr\u00e8s grande r\u00e9sistance pour l'acier inoxydable de s\u00e9rie 300<\/li>\n<li class=\"whitespace-normal\">Excellente duret\u00e9 et r\u00e9sistance \u00e0 l'usure<\/li>\n<li class=\"whitespace-normal\">R\u00e9sistance accrue et force d'impact<\/li>\n<li class=\"whitespace-normal\">La r\u00e9sistance peut \u00eatre augment\u00e9e en outre par \u00e9crouissage<\/li>\n<li class=\"whitespace-normal\">L'\u00e9crouissage am\u00e9liore \u00e9galement la duret\u00e9 de mani\u00e8re significative<\/li>\n<\/ul>\n<p class=\"whitespace-pre-wrap\">Ces propri\u00e9t\u00e9s fournissent une excellente combinaison de force, duret\u00e9 et t\u00e9nacit\u00e9 requise dans de nombreuses applications r\u00e9sistantes a l'usure.<\/p>\n<h2>310 Applications de poudre<\/h2>\n<p class=\"whitespace-pre-wrap\">Applications courantes de la poudre d'acier inoxydable 310\u00a0:<\/p>\n<p class=\"whitespace-pre-wrap\"><strong>310 Applications de poudre<\/strong><\/p>\n<table>\n<thead>\n<tr>\n<th>Industrie<\/th>\n<th>Exemples d'utilisation<\/th>\n<\/tr>\n<\/thead>\n<tbody>\n<tr>\n<td>P\u00e9trochimie<\/td>\n<td>Soupapes, pompes, arbres<\/td>\n<\/tr>\n<tr>\n<td>La transformation alimentaire<\/td>\n<td>Vis \u00e0 extruder, couteaux<\/td>\n<\/tr>\n<tr>\n<td>Automobile<\/td>\n<td>Engrenages, axes, fixations<\/td>\n<\/tr>\n<tr>\n<td>Fabrication<\/td>\n<td>Outils de sertissage, cages \u00e0 roulement<\/td>\n<\/tr>\n<tr>\n<td>M\u00e9dical<\/td>\n<td>Instruments chirurgicaux, implants<\/td>\n<\/tr>\n<\/tbody>\n<\/table>\n<p class=\"whitespace-pre-wrap\">Quelques utilisations sp\u00e9cifiques des produits :<\/p>\n<ul class=\"list-disc pl-8 space-y-2\">\n<li class=\"whitespace-normal\">Fixations \u00e0 haute r\u00e9sistance, boulons, \u00e9crous<\/li>\n<li class=\"whitespace-normal\">Composants de pompes et de vannes comme les joints, les arbres<\/li>\n<li class=\"whitespace-normal\">Vis et lames d'extrudeuses de transformation alimentaire<\/li>\n<li class=\"whitespace-normal\">Outillages de presse et moules de grande duret\u00e9<\/li>\n<li class=\"whitespace-normal\">Equipements de m\u00e9langeurs, agitateurs n\u00e9cessitant une r\u00e9sistance \u00e0 l\u2019usure<\/li>\n<\/ul>\n<p class=\"whitespace-pre-wrap\">Son excellente association de propri\u00e9t\u00e9s fait du 310 un mat\u00e9riau largement utilis\u00e9 pour des applications sp\u00e9cialis\u00e9es dans de nombreux secteurs.<\/p>\n<h2>Sp\u00e9cificit\u00e9s 310 de poudre<\/h2>\n<p class=\"whitespace-pre-wrap\">Sp\u00e9cification et normes pertinentes\u00a0:<\/p>\n<p class=\"whitespace-pre-wrap\"><strong>310 \u00e9talons de poudre<\/strong><\/p>\n<table>\n<thead>\n<tr>\n<th>Standard<\/th>\n<th>Description<\/th>\n<\/tr>\n<\/thead>\n<tbody>\n<tr>\n<td>ASTM A276<\/td>\n<td>Sp\u00e9cifications standard pour les barres et formes en acier inoxydable<\/td>\n<\/tr>\n<tr>\n<td>ASTM A314<\/td>\n<td>Norme relative aux tubes et aux tuyaux courb\u00e9s en acier inoxydable<\/td>\n<\/tr>\n<tr>\n<td>ASME SA-479<\/td>\n<td>Sp\u00e9cification technique pour les tubes en acier inoxydable<\/td>\n<\/tr>\n<tr>\n<td>AMS 5517<\/td>\n<td>Barre, fil, pi\u00e8ces forg\u00e9es en acier r\u00e9sistant \u00e0 la corrosion recuit<\/td>\n<\/tr>\n<tr>\n<td>AMS 5903<\/td>\n<td>Barres, fils et pi\u00e8ces forg\u00e9es en acier inoxydable \u00e0 durcissement structural par pr\u00e9cipitation<\/td>\n<\/tr>\n<\/tbody>\n<\/table>\n<p class=\"whitespace-pre-wrap\">Ces normes d\u00e9finissent\u00a0:<\/p>\n<ul class=\"list-disc pl-8 space-y-2\">\n<li class=\"whitespace-normal\">Limites de composition chimique de l'alliage 310<\/li>\n<li class=\"whitespace-normal\">Niveaux d'impuret\u00e9s admissibles tels que S, P<\/li>\n<li class=\"whitespace-normal\">Propri\u00e9t\u00e9s m\u00e9caniques requises<\/li>\n<li class=\"whitespace-normal\">M\u00e9thodes de production approuv\u00e9es<\/li>\n<li class=\"whitespace-normal\">Protocoles de test de conformit\u00e9<\/li>\n<li class=\"whitespace-normal\">Emballage, \u00e9tiquetage et documentation appropri\u00e9s<\/li>\n<\/ul>\n<p class=\"whitespace-pre-wrap\">Le respect des conditions de certification d'une r\u00e9union assure l'ad\u00e9quation de la poudre.<\/p>\n<h2>310 Tailles de particules de poudre<\/h2>\n<p class=\"whitespace-pre-wrap\"><strong>310 Distribution granulom\u00e9trique des particules de poudre<\/strong><\/p>\n<table>\n<thead>\n<tr>\n<th>Granulom\u00e9trie<\/th>\n<th>Caract\u00e9ristiques<\/th>\n<\/tr>\n<\/thead>\n<tbody>\n<tr>\n<td>De 10 \u00e0 45 microns<\/td>\n<td>Qualit\u00e9 ultrafine pour une haute densit\u00e9 et une finition de surface<\/td>\n<\/tr>\n<tr>\n<td>45-150 microns<\/td>\n<td>Granulom\u00e9trie grossi\u00e8re assurant une bonne fluidit\u00e9<\/td>\n<\/tr>\n<tr>\n<td>15 \u00e0 150 microns<\/td>\n<td>Qualit\u00e9 standard pour le compactage et le frittage<\/td>\n<\/tr>\n<\/tbody>\n<\/table>\n<ul class=\"list-disc pl-8 space-y-2\">\n<li class=\"whitespace-normal\">Des particules plus fines permettent une plus grande densification pendant le frittage<\/li>\n<li class=\"whitespace-normal\">Des poudres plus grossi\u00e8res s'\u00e9coulent mieux et remplissent uniform\u00e9ment les cavit\u00e9s des matrices<\/li>\n<li class=\"whitespace-normal\">La gamme de taille est adapt\u00e9e en fonction des propri\u00e9t\u00e9s finales de la pi\u00e8ce n\u00e9cessaires<\/li>\n<li class=\"whitespace-normal\">Les poudres atomis\u00e9es au gaz et \u00e0 l'eau sont disponibles<\/li>\n<\/ul>\n<p class=\"whitespace-pre-wrap\">Le contr\u00f4le de la distribution granulom\u00e9trique permet d'optimiser le comportement de traitement et la performance finale des pi\u00e8ces.<\/p>\n<h2>310 Densit\u00e9 apparente en vrac<\/h2>\n<p class=\"whitespace-pre-wrap\"><strong>310 Densit\u00e9 apparente en vrac<\/strong><\/p>\n<table>\n<thead>\n<tr>\n<th>Densit\u00e9 apparente<\/th>\n<th>D\u00e9tails<\/th>\n<\/tr>\n<\/thead>\n<tbody>\n<tr>\n<td>Jusqu\u2019\u00e0 50 % de densit\u00e9 r\u00e9elle<\/td>\n<td>Pour une morphologie de poudre irr\u00e9guli\u00e8re<\/td>\n<\/tr>\n<tr>\n<td>4,5 \u00e0 5,5 g\/cc typiques<\/td>\n<td>Am\u00e9liore avec la plus grande densit\u00e9 de conditionnement<\/td>\n<\/tr>\n<\/tbody>\n<\/table>\n<ul class=\"list-disc pl-8 space-y-2\">\n<li class=\"whitespace-normal\">Une densit\u00e9 apparente plus \u00e9lev\u00e9e am\u00e9liore l'\u00e9coulement et la compression de la poudre<\/li>\n<li class=\"whitespace-normal\">La morphologie irr\u00e9guli\u00e8re limite la densit\u00e9 de mati\u00e8re maximale<\/li>\n<li class=\"whitespace-normal\">Des valeurs allant jusqu'\u00e0 60 % sont possibles avec des poudres sph\u00e9riques<\/li>\n<li class=\"whitespace-normal\">La grande densit\u00e9 apparente am\u00e9liore le rendement du remplissage de la presse<\/li>\n<\/ul>\n<p class=\"whitespace-pre-wrap\">Une densit\u00e9 apparente plus \u00e9lev\u00e9e conduit \u00e0 une meilleure productivit\u00e9 de fabrication et \u00e0 une meilleure qualit\u00e9 des pi\u00e8ces.<\/p>\n<h2>310 M\u00e9thode de production de poudre<\/h2>\n<p class=\"whitespace-pre-wrap\"><strong>310 Production de poudre<\/strong><\/p>\n<table>\n<thead>\n<tr>\n<th>M\u00e9thode<\/th>\n<th>D\u00e9tails<\/th>\n<\/tr>\n<\/thead>\n<tbody>\n<tr>\n<td>Atomisation par gaz<\/td>\n<td>Le gaz inerte \u00e0 haute pression brise le m\u00e9tal en fusion en fines gouttelettes<\/td>\n<\/tr>\n<tr>\n<td>Pulv\u00e9risation d'eau<\/td>\n<td>Le jet d'eau haute pression brise le m\u00e9tal en fines particules<\/td>\n<\/tr>\n<tr>\n<td>Fusion par induction sous vide<\/td>\n<td>Mat\u00e9riaux d'entr\u00e9e de haute puret\u00e9 fondus sous vide<\/td>\n<\/tr>\n<tr>\n<td>Fusion multiple<\/td>\n<td>Am\u00e9liore l\u2019homog\u00e9n\u00e9isation chimique<\/td>\n<\/tr>\n<tr>\n<td>Tamisage<\/td>\n<td>Classe la poudre en diff\u00e9rentes granulom\u00e9tries<\/td>\n<\/tr>\n<\/tbody>\n<\/table>\n<ul class=\"list-disc pl-8 space-y-2\">\n<li class=\"whitespace-normal\">L'atomisation par gaz permet d'obtenir une morphologie de poudre sph\u00e9rique propre<\/li>\n<li class=\"whitespace-normal\">L'atomisation de l'eau est un proc\u00e9d\u00e9 \u00e0 faible co\u00fbt avec des particules irr\u00e9guli\u00e8res<\/li>\n<li class=\"whitespace-normal\">La fusion et la refusion sous vide minimisent les impuret\u00e9s gazeuses<\/li>\n<li class=\"whitespace-normal\">Le post-traitement permet de personnaliser la granulom\u00e9trie<\/li>\n<\/ul>\n<p class=\"whitespace-pre-wrap\">La production automatis\u00e9e et un contr\u00f4le de qualit\u00e9 rigoureux permettent d'obtenir une poudre constante, adapt\u00e9e aux applications critiques.<\/p>\n<h2>Tarif de 310 poudres<\/h2>\n<p class=\"whitespace-pre-wrap\"><strong>Tarif de 310 poudres<\/strong><\/p>\n<table>\n<thead>\n<tr>\n<th>Facteur<\/th>\n<th>Impact sur le prix<\/th>\n<\/tr>\n<\/thead>\n<tbody>\n<tr>\n<td>Niveau de puret\u00e9<\/td>\n<td>Une puret\u00e9 plus \u00e9lev\u00e9e augmente le co\u00fbt<\/td>\n<\/tr>\n<tr>\n<td>Morphologie de la poudre<\/td>\n<td>Les poudres sph\u00e9riques co\u00fbtent plus cher<\/td>\n<\/tr>\n<tr>\n<td>Granulom\u00e9trie<\/td>\n<td>La poudre ultrafine plus ch\u00e8re<\/td>\n<\/tr>\n<tr>\n<td>Volume de commandes<\/td>\n<td>Des quantit\u00e9s plus importantes ont un prix unitaire plus bas<\/td>\n<\/tr>\n<tr>\n<td>Services suppl\u00e9mentaires<\/td>\n<td>La personnalisation entra\u00eene des co\u00fbts suppl\u00e9mentaires<\/td>\n<\/tr>\n<\/tbody>\n<\/table>\n<p class=\"whitespace-pre-wrap\"><strong>Tarifs indicatifs<\/strong><\/p>\n<ul class=\"list-disc pl-8 space-y-2\">\n<li class=\"whitespace-normal\">Poudre irr\u00e9guli\u00e8re 310 : 8 \u00e0 12 $ le kg<\/li>\n<li class=\"whitespace-normal\">Poudre sph\u00e9rique 310 : 12-18 $ \/ kg<\/li>\n<li class=\"whitespace-normal\">Les prix pour les volumes importants peuvent \u00eatre inf\u00e9rieurs de 30 \u00e0 50 %<\/li>\n<\/ul>\n<p class=\"whitespace-pre-wrap\">Le prix d\u00e9pend de la puret\u00e9, des caract\u00e9ristiques des particules, du volume de la commande et des besoins de personnalisation.<\/p>\n<h2>310 Fournisseurs de poudre<\/h2>\n<p class=\"whitespace-pre-wrap\"><strong>310 Fournisseurs de poudre<\/strong><\/p>\n<table>\n<thead>\n<tr>\n<th>Entreprise<\/th>\n<th>Lieu<\/th>\n<\/tr>\n<\/thead>\n<tbody>\n<tr>\n<td>H\u00f4gan's<\/td>\n<td>La Su\u00e8de<\/td>\n<\/tr>\n<tr>\n<td>Sandvik<\/td>\n<td>Allemagne<\/td>\n<\/tr>\n<tr>\n<td>Daido Steel<\/td>\n<td>Japon<\/td>\n<\/tr>\n<tr>\n<td>CNPC Poudre<\/td>\n<td>La Chine<\/td>\n<\/tr>\n<tr>\n<td>Carpenter Powder Products<\/td>\n<td>\u00c9tats-Unis<\/td>\n<\/tr>\n<tr>\n<td>Erasteel<\/td>\n<td>France<\/td>\n<\/tr>\n<\/tbody>\n<\/table>\n<p class=\"whitespace-pre-wrap\">Facteurs cl\u00e9s de s\u00e9lection des fournisseurs\u00a0:<\/p>\n<ul class=\"list-disc pl-8 space-y-2\">\n<li class=\"whitespace-normal\">Cat\u00e9gories de poudre propos\u00e9es<\/li>\n<li class=\"whitespace-normal\">capacit\u00e9 de production<\/li>\n<li class=\"whitespace-normal\">Morphologie des particules et classes granulom\u00e9triques<\/li>\n<li class=\"whitespace-normal\">Rapports d'analyse de lots<\/li>\n<li class=\"whitespace-normal\">Tarifs et quantit\u00e9 minimum de commande<\/li>\n<li class=\"whitespace-normal\">Services de personnalisation<\/li>\n<li class=\"whitespace-normal\">D\u00e9lais de livraison et fiabilit\u00e9<\/li>\n<\/ul>\n<h2>310 Manipulation et stockage des poudres<\/h2>\n<p class=\"whitespace-pre-wrap\"><strong>310 Manipulation de Poudre<\/strong><\/p>\n<table>\n<thead>\n<tr>\n<th>Recommandation<\/th>\n<th>La raison<\/th>\n<\/tr>\n<\/thead>\n<tbody>\n<tr>\n<td>Utiliser un EPI et une ventilation<\/td>\n<td>\u00c9vitez l'exposition aux fines particules m\u00e9talliques<\/td>\n<\/tr>\n<tr>\n<td>Assurer une mise \u00e0 la terre correcte<\/td>\n<td>Pr\u00e9venir les d\u00e9charges statiques lors de la manipulation<\/td>\n<\/tr>\n<tr>\n<td>\u00c9viter les sources d'allumage<\/td>\n<td>La poudre peut br\u00fbler dans une atmosph\u00e8re oxyg\u00e9n\u00e9e<\/td>\n<\/tr>\n<tr>\n<td>Utilisez des outils anti-\u00e9tincelles<\/td>\n<td>\u00c9viter les risques d'allumage<\/td>\n<\/tr>\n<tr>\n<td>Suivez les protocoles de s\u00e9curit\u00e9<\/td>\n<td>R\u00e9duire le risque de br\u00fblure, d'inhalation, d'ingestion<\/td>\n<\/tr>\n<tr>\n<td>Conserver dans des r\u00e9cipients stables<\/td>\n<td>\u00c9viter toute contamination ou oxydation<\/td>\n<\/tr>\n<\/tbody>\n<\/table>\n<p class=\"whitespace-pre-wrap\">Comme la poudre 310 est inflammable, les risques d'incendie et d'explosion doivent \u00eatre contr\u00f4l\u00e9s pendant la manipulation et le stockage. Autrement, elle est relativement s\u00fbre avec des pr\u00e9cautions appropri\u00e9es.<\/p>\n<h2>Inspection et test de la poudre 310<\/h2>\n<p class=\"whitespace-pre-wrap\"><strong>310 Essais sur les poudres<\/strong><\/p>\n<table>\n<thead>\n<tr>\n<th>Test<\/th>\n<th>D\u00e9tails<\/th>\n<\/tr>\n<\/thead>\n<tbody>\n<tr>\n<td>Analyse chimique<\/td>\n<td>L'ICP et la XRF v\u00e9rifient la composition<\/td>\n<\/tr>\n<tr>\n<td>Distribution de la taille des particules<\/td>\n<td>La diffraction laser d\u00e9termine la distribution dimensionnelle<\/td>\n<\/tr>\n<tr>\n<td>Densit\u00e9 apparente<\/td>\n<td>Essai de d\u00e9bitm\u00e8tre \u00e0 cellule selon la norme ASTM B212<\/td>\n<\/tr>\n<tr>\n<td>Morphologie de la poudre<\/td>\n<td>L'imagerie SEM montre la forme des particules<\/td>\n<\/tr>\n<tr>\n<td>Analyse du d\u00e9bit<\/td>\n<td>D\u00e9bit gravitaire \u00e0 travers une buse sp\u00e9cifi\u00e9e<\/td>\n<\/tr>\n<tr>\n<td>Perte au feu<\/td>\n<td>D\u00e9termine la teneur en humidit\u00e9 r\u00e9siduelle<\/td>\n<\/tr>\n<\/tbody>\n<\/table>\n<p class=\"whitespace-pre-wrap\">Des essais rigoureux garantissent que la poudre respecte la puret\u00e9 chimique, les caract\u00e9ristiques de particules, la densit\u00e9, la morphologie et la fluidit\u00e9 requises selon les sp\u00e9cifications en vigueur.<\/p>\n<h2>310 Poudre Points positifs et points n\u00e9gatifs<\/h2>\n<p class=\"whitespace-pre-wrap\"><strong>Avantages de la poudre 310<\/strong><\/p>\n<ul class=\"list-disc pl-8 space-y-2\">\n<li class=\"whitespace-normal\">Excellente r\u00e9sistance et duret\u00e9 pour la poudre d\u2019acier inoxydable<\/li>\n<li class=\"whitespace-normal\">Haute r\u00e9sistance \u00e0 la temp\u00e9rature et r\u00e9sistance \u00e0 la corrosion<\/li>\n<li class=\"whitespace-normal\">Bonne ductilit\u00e9, t\u00e9nacit\u00e9 et soudabilit\u00e9<\/li>\n<li class=\"whitespace-normal\">Excellente r\u00e9sistance \u00e0 l\u2019abrasion et \u00e0 l\u2019usure<\/li>\n<li class=\"whitespace-normal\">Lire durcit consid\u00e9rablement<\/li>\n<li class=\"whitespace-normal\">Plus \u00e9conomique que les alliages \u00e0 forte teneur en nickel ou exotiques<\/li>\n<\/ul>\n<p class=\"whitespace-pre-wrap\"><strong>Inconv\u00e9nients de la poudre 310<\/strong><\/p>\n<ul class=\"list-disc pl-8 space-y-2\">\n<li class=\"whitespace-normal\">Ductilit\u00e9 plus faible que les nuances aust\u00e9nitiques \u00e0 l'\u00e9tat recuit<\/li>\n<li class=\"whitespace-normal\">R\u00e9sistance \u00e0 la corrosion localis\u00e9e par piq\u00fbres inf\u00e9rieure \u00e0 celle de la nuance 316<\/li>\n<li class=\"whitespace-normal\">N\u00e9cessite de la prudence lors du soudage afin d'\u00e9viter la sensibilisation<\/li>\n<li class=\"whitespace-normal\">Possibilit\u00e9s r\u00e9duites d'emboutissage \u00e0 froid et de formage<\/li>\n<li class=\"whitespace-normal\">Sujet \u00e0 la fragilisation par la phase sigma \u00e0 hautes temp\u00e9ratures<\/li>\n<li class=\"whitespace-normal\">D\u00e9coloration en surface au fil du temps dans certains environnements<\/li>\n<\/ul>\n<h2>Comparaison avec la poudre 316L<\/h2>\n<p class=\"whitespace-pre-wrap\"><strong>Poudre d'acier inoxydable 310 contre 316L<\/strong><\/p>\n<table>\n<thead>\n<tr>\n<th>Param\u00e8tre<\/th>\n<th>310<\/th>\n<th>316L<\/th>\n<\/tr>\n<\/thead>\n<tbody>\n<tr>\n<td>Densit\u00e9<\/td>\n<td>8,1 g\/cm\u00b3<\/td>\n<td>8.0 g\/cc<\/td>\n<\/tr>\n<tr>\n<td>Force<\/td>\n<td>760-900 MPa<\/td>\n<td>485-550 MPa<\/td>\n<\/tr>\n<tr>\n<td>Duret\u00e9<\/td>\n<td>32-38 HRC<\/td>\n<td>79-95 HRB<\/td>\n<\/tr>\n<tr>\n<td>R\u00e9sistance \u00e0 la corrosion<\/td>\n<td>Tr\u00e8s bien<\/td>\n<td>Excellent<\/td>\n<\/tr>\n<tr>\n<td>Co\u00fbt<\/td>\n<td>Bas<\/td>\n<td>\u00c9lev\u00e9<\/td>\n<\/tr>\n<tr>\n<td>Utilisations<\/td>\n<td>Pi\u00e8ces d'usure, outillages<\/td>\n<td>Produits chimiques, marin<\/td>\n<\/tr>\n<\/tbody>\n<\/table>\n<ul class=\"list-disc pl-8 space-y-2\">\n<li class=\"whitespace-normal\">310 a une r\u00e9sistance et une duret\u00e9 bien plus \u00e9lev\u00e9es<\/li>\n<li class=\"whitespace-normal\">Le 316L offre une meilleure r\u00e9sistance \u00e0 la corrosion<\/li>\n<li class=\"whitespace-normal\">310 est plus rentable que 316\u00a0L<\/li>\n<li class=\"whitespace-normal\">310 pour des applications n\u00e9cessitant de la duret\u00e9 et une r\u00e9sistance \u00e0 l'usure<\/li>\n<li class=\"whitespace-normal\">Le 316L est recommand\u00e9 l\u00e0 o\u00f9 la corrosion est un probl\u00e8me majeur<\/li>\n<\/ul>\n<h2>FAQ sur le 310 Powder<\/h2>\n<p class=\"whitespace-pre-wrap\"><strong>Q\u00a0: Quels sont les principaux domaines d\u2019application de la poudre en acier inoxydable de grade 310\u00a0?<\/strong><\/p>\n<p class=\"whitespace-pre-wrap\">A : Les principales applications comprennent les fixations de haute r\u00e9sistance, les composants de pompes et de vannes, les vis d'extrusion, les outillages de presse, les cages de roulement, les arbres et les instruments chirurgicaux n\u00e9cessitant une duret\u00e9, une r\u00e9sistance et une r\u00e9sistance \u00e0 l'usure.<\/p>\n<p class=\"whitespace-pre-wrap\"><strong>R\u00f4le de l'azote dans l'acier inoxydable 310 ?<\/strong><\/p>\n<p class=\"whitespace-pre-wrap\">R : L'azote fournit un renforcement substantiel en solution solide, ce qui augmente consid\u00e9rablement la r\u00e9sistance et la duret\u00e9 de l'acier inoxydable 310.<\/p>\n<p class=\"whitespace-pre-wrap\"><strong>Q : Quelles sont les pr\u00e9cautions \u00e0 prendre lors de la manipulation de la poudre 310 ?<\/strong><\/p>\n<p class=\"whitespace-pre-wrap\">A : Les pr\u00e9cautions recommand\u00e9es comprennent la ventilation, l\u2019atmosph\u00e8re inerte, la mise \u00e0 la terre, l\u2019\u00e9vitement des sources d\u2019allumage, les \u00e9quipements de protection, l\u2019utilisation d\u2019outils sans \u00e9tincelles et le stockage s\u00fbr dans des conteneurs stables.<\/p>\n<p class=\"whitespace-pre-wrap\"><strong>Q\u00a0: Quelles sont les diff\u00e9rences entre l\u00a0'acier inoxydable de grade 310 par rapport aux grades 304 et 316\u00a0?<\/strong><\/p>\n<p class=\"whitespace-pre-wrap\">A : Le 310 a une r\u00e9sistance et une duret\u00e9 bien plus \u00e9lev\u00e9es que les 304 ou 316 en raison de sa forte teneur en azote. Il offre une meilleure r\u00e9sistance \u00e0 l'usure, mais une r\u00e9sistance \u00e0 la corrosion plus basse que le 316.<\/p>\n<p><\/span><\/span><\/p>","protected":false},"excerpt":{"rendered":"<p>Aper\u00e7u de la poudre 310 La poudre 310 est une poudre d'acier inoxydable aust\u00e9nitique contenant des niveaux \u00e9lev\u00e9s de chrome, de nickel et d'azote pour am\u00e9liorer les propri\u00e9t\u00e9s m\u00e9caniques et la r\u00e9sistance \u00e0 la corrosion. Elle offre une excellente combinaison de r\u00e9sistance, de duret\u00e9, de t\u00e9nacit\u00e9 et de r\u00e9sistance \u00e0 l'usure. Les principales propri\u00e9t\u00e9s et avantages de la poudre 310 sont les suivants : Propri\u00e9t\u00e9s et caract\u00e9ristiques de la poudre 310 Propri\u00e9t\u00e9s D\u00e9tails Composition...<\/p>","protected":false},"featured_media":1839,"parent":0,"template":"","meta":{"_acf_changed":false,"_kad_blocks_custom_css":"","_kad_blocks_head_custom_js":"","_kad_blocks_body_custom_js":"","_kad_blocks_footer_custom_js":"","_kad_post_transparent":"","_kad_post_title":"","_kad_post_layout":"","_kad_post_sidebar_id":"","_kad_post_content_style":"","_kad_post_vertical_padding":"","_kad_post_feature":"","_kad_post_feature_position":"","_kad_post_header":false,"_kad_post_footer":false,"_kad_post_classname":""},"product-category":[119,122],"class_list":["post-3919","product","type-product","status-publish","has-post-thumbnail","hentry","product-category-3d-printing-metal-powder","product-category-iron-based-alloy-powder"],"acf":[],"taxonomy_info":{"product-category":[{"value":119,"label":"3D Printing Metal Powder"},{"value":122,"label":"Iron Based Alloy Powder"}]},"featured_image_src_large":["https:\/\/3dpmetal.com\/wp-content\/uploads\/2024\/02\/310-Powder.jpg",600,600,false],"author_info":[],"comment_info":"","_links":{"self":[{"href":"https:\/\/3dpmetal.com\/fr\/wp-json\/wp\/v2\/product\/3919","targetHints":{"allow":["GET"]}}],"collection":[{"href":"https:\/\/3dpmetal.com\/fr\/wp-json\/wp\/v2\/product"}],"about":[{"href":"https:\/\/3dpmetal.com\/fr\/wp-json\/wp\/v2\/types\/product"}],"wp:featuredmedia":[{"embeddable":true,"href":"https:\/\/3dpmetal.com\/fr\/wp-json\/wp\/v2\/media\/1839"}],"wp:attachment":[{"href":"https:\/\/3dpmetal.com\/fr\/wp-json\/wp\/v2\/media?parent=3919"}],"wp:term":[{"taxonomy":"product-category","embeddable":true,"href":"https:\/\/3dpmetal.com\/fr\/wp-json\/wp\/v2\/product-category?post=3919"}],"curies":[{"name":"wp","href":"https:\/\/api.w.org\/{rel}","templated":true}]}}