{"id":3922,"date":"2024-03-18T06:10:14","date_gmt":"2024-03-18T06:10:14","guid":{"rendered":"https:\/\/3dp.45612300.xyz\/product\/t15-powder\/"},"modified":"2024-03-18T06:10:14","modified_gmt":"2024-03-18T06:10:14","slug":"t15-powder","status":"publish","type":"product","link":"https:\/\/3dpmetal.com\/fr\/product\/t15-powder\/","title":{"rendered":"Poudre T15"},"content":{"rendered":"<p><span style=\"vertical-align: inherit;\"><span style=\"vertical-align: inherit;\"><\/p>\n<h2>Aper\u00e7u de la poudre T15<\/h2>\n<p class=\"whitespace-pre-wrap\">La poudre T15 est une poudre de carbure de tungst\u00e8ne-cobalt c\u00e9ment\u00e9 qui offre une combinaison exceptionnelle de duret\u00e9, de r\u00e9sistance et de t\u00e9nacit\u00e9. Elle contient un pourcentage \u00e9lev\u00e9 de carbure de tungst\u00e8ne avec 15 % de cobalt comme phase liante.<\/p>\n<p class=\"whitespace-pre-wrap\">Principes essentiels et avantages de la poudre T15\u00a0:<\/p>\n<p class=\"whitespace-pre-wrap\"><strong>T15 - Propri\u00e9t\u00e9s et caract\u00e9ristiques des poudres<\/strong><\/p>\n<table>\n<thead>\n<tr>\n<th>Propri\u00e9t\u00e9s<\/th>\n<th>D\u00e9tails<\/th>\n<\/tr>\n<\/thead>\n<tbody>\n<tr>\n<td>Composition<\/td>\n<td>85 % WC avec liant 15 % Co<\/td>\n<\/tr>\n<tr>\n<td>Densit\u00e9<\/td>\n<td>13,0-14,5 g\/cc<\/td>\n<\/tr>\n<tr>\n<td>Forme des particules<\/td>\n<td>Arrondi, multi-facettes<\/td>\n<\/tr>\n<tr>\n<td>\u00c9ventail des tailles<\/td>\n<td>0,5 - 15 microns<\/td>\n<\/tr>\n<tr>\n<td>Duret\u00e9<\/td>\n<td>88-93 HRA une fois fritt\u00e9<\/td>\n<\/tr>\n<tr>\n<td>R\u00e9sistance \u00e0 la rupture transversale<\/td>\n<td>550\u2013650\u00a0MPa<\/td>\n<\/tr>\n<\/tbody>\n<\/table>\n<p class=\"whitespace-pre-wrap\">Les particules en carbure de tungst\u00e8ne ultra dures maintenues ensemble dans une matrice en cobalt rendent le T15 id\u00e9al pour les conditions d\u2019usure et d\u2019abrasion les plus extr\u00eames dans les secteurs industriel, minier et du b\u00e2timent.<\/p>\n<h2>Composition en poudre T15<\/h2>\n<p class=\"whitespace-pre-wrap\">Composition typique de la poudre de carbure c\u00e9ment\u00e9 T15 :<\/p>\n<p class=\"whitespace-pre-wrap\"><strong>Composition en poudre T15<\/strong><\/p>\n<table>\n<thead>\n<tr>\n<th>Composant<\/th>\n<th>% en poids<\/th>\n<\/tr>\n<\/thead>\n<tbody>\n<tr>\n<td>Carbure de tungst\u00e8ne (WC)<\/td>\n<td>84-86%<\/td>\n<\/tr>\n<tr>\n<td>Cobalt (Co)<\/td>\n<td>14-16%<\/td>\n<\/tr>\n<tr>\n<td>Carbone (C)<\/td>\n<td>0,8 % max<\/td>\n<\/tr>\n<tr>\n<td>Oxyg\u00e8ne (O)<\/td>\n<td>0,5 % maxi<\/td>\n<\/tr>\n<tr>\n<td>Le fer (Fe)<\/td>\n<td>0,3 % max<\/td>\n<\/tr>\n<tr>\n<td>Nickel (Ni)<\/td>\n<td>0,3 % max<\/td>\n<\/tr>\n<\/tbody>\n<\/table>\n<ul class=\"list-disc pl-8 space-y-2\">\n<li class=\"whitespace-normal\">Le carbure de tungst\u00e8ne offre une duret\u00e9 extr\u00eame et une r\u00e9sistance \u00e0 l'usure<\/li>\n<li class=\"whitespace-normal\">Le cobalt agit comme un liant dur et ductile maintenant les particules de WC ensemble<\/li>\n<li class=\"whitespace-normal\">Le carbone et l'oxyg\u00e8ne sont pr\u00e9sents comme impuret\u00e9s<\/li>\n<li class=\"whitespace-normal\">D\u00e9celer le nickel du fer provenant des mati\u00e8res premi\u00e8res<\/li>\n<\/ul>\n<p class=\"whitespace-pre-wrap\">Le ratio optimis\u00e9 WC-Co assure la meilleure combinaison de duret\u00e9, de t\u00e9nacit\u00e9 \u00e0 la rupture et de r\u00e9sistance aux chocs n\u00e9cessaires dans les applications d'usure.<\/p>\n<h2>Propri\u00e9t\u00e9s physiques de la poudre T15<\/h2>\n<p class=\"whitespace-pre-wrap\"><strong>Propri\u00e9t\u00e9s physiques de la poudre T15<\/strong><\/p>\n<table>\n<thead>\n<tr>\n<th>Propri\u00e9t\u00e9 immobili\u00e8re<\/th>\n<th>Valeurs<\/th>\n<\/tr>\n<\/thead>\n<tbody>\n<tr>\n<td>Densit\u00e9<\/td>\n<td>13,0-14,5 g\/cc<\/td>\n<\/tr>\n<tr>\n<td>Point de fusion<\/td>\n<td>2\u00a0870 \u00a1\u00ab C (WC) et 1\u00a0495 \u00a1\u00ab C (Co)<\/td>\n<\/tr>\n<tr>\n<td>Conductivit\u00e9 thermique<\/td>\n<td>60-100 W\/mK<\/td>\n<\/tr>\n<tr>\n<td>R\u00e9sistivit\u00e9 \u00e9lectrique<\/td>\n<td>25-35 \u00c3\u2014 10\u00b4\u00ce-cm<\/td>\n<\/tr>\n<tr>\n<td>Coefficient de dilatation thermique<\/td>\n<td>4,5-6,0 x 10^-6 \/K<\/td>\n<\/tr>\n<tr>\n<td>Temp\u00e9rature de fonctionnement maximale<\/td>\n<td>500 \u00b0C dans l'air<\/td>\n<\/tr>\n<\/tbody>\n<\/table>\n<ul class=\"list-disc pl-8 space-y-2\">\n<li class=\"whitespace-normal\">La tr\u00e8s haute densit\u00e9 permet l'utilisation dans des composants compacts et miniaturis\u00e9s<\/li>\n<li class=\"whitespace-normal\">Un tr\u00e8s faible coefficient d\u2019expansion thermique r\u00e9duit les contraintes et les d\u00e9formations thermiques<\/li>\n<li class=\"whitespace-normal\">Peut r\u00e9sister \u00e0 un service continu jusqu'\u00e0 500 \u00b0C<\/li>\n<li class=\"whitespace-normal\">Une bonne conductivit\u00e9 thermique r\u00e9duit les gradients de temp\u00e9rature<\/li>\n<\/ul>\n<p class=\"whitespace-pre-wrap\">Ces propri\u00e9t\u00e9s rendent T15 adapt\u00e9 aux situations d'abrasion importante et de forces d'impact r\u00e9p\u00e9t\u00e9es rencontr\u00e9es dans les milieux miniers, de forage et de construction.<\/p>\n<h2>Caract\u00e9ristiques M\u00e9caniques du T15 en Poudre<\/h2>\n<p class=\"whitespace-pre-wrap\"><strong>Caract\u00e9ristiques M\u00e9caniques du T15 en Poudre<\/strong><\/p>\n<table>\n<thead>\n<tr>\n<th>Propri\u00e9t\u00e9 immobili\u00e8re<\/th>\n<th>Valeurs<\/th>\n<\/tr>\n<\/thead>\n<tbody>\n<tr>\n<td>Duret\u00e9<\/td>\n<td>88-93 HRU<\/td>\n<\/tr>\n<tr>\n<td>R\u00e9sistance \u00e0 la rupture transversale<\/td>\n<td>550\u2013650\u00a0MPa<\/td>\n<\/tr>\n<tr>\n<td>R\u00e9sistance en Compression<\/td>\n<td>5500-6200\u00a0MPa<\/td>\n<\/tr>\n<tr>\n<td>R\u00e9silience \u00e0 la rupture<\/td>\n<td>10\u201312\u00a0MPa.m^1\/2<\/td>\n<\/tr>\n<tr>\n<td>Module de Young<\/td>\n<td>550-650 GPa<\/td>\n<\/tr>\n<tr>\n<td>R\u00e9sistance au choc<\/td>\n<td>350-900 kJ\/m2<\/td>\n<\/tr>\n<\/tbody>\n<\/table>\n<ul class=\"list-disc pl-8 space-y-2\">\n<li class=\"whitespace-normal\">La duret\u00e9 extr\u00eame offre une r\u00e9sistance \u00e0 l'usure et \u00e0 l'abrasion<\/li>\n<li class=\"whitespace-normal\">Une tr\u00e8s haute r\u00e9sistance \u00e0 la compression r\u00e9siste aux forces d'\u00e9crasement<\/li>\n<li class=\"whitespace-normal\">R\u00e9sistance \u00e0 la fracture et r\u00e9sistance aux chocsraisonnables<\/li>\n<li class=\"whitespace-normal\">Duret\u00e9 et r\u00e9sistance d\u00e9termin\u00e9es par la taille et la r\u00e9partition des particules WC<\/li>\n<\/ul>\n<p class=\"whitespace-pre-wrap\">Cette combinaison exceptionnelle de duret\u00e9, de r\u00e9sistance et de t\u00e9nacit\u00e9 rend le T15 adapt\u00e9 aux conditions d'usure les plus s\u00e9v\u00e8res dues aux chocs, \u00e0 l'abrasion et \u00e0 l'\u00e9rosion.<\/p>\n<h2>Applications Poudres T15<\/h2>\n<p class=\"whitespace-pre-wrap\">Voici quelques applications courantes de la poudre de carbure de tungst\u00e8ne-cobalt T15\u00a0:<\/p>\n<p class=\"whitespace-pre-wrap\"><strong>Applications Poudres T15<\/strong><\/p>\n<table>\n<thead>\n<tr>\n<th>Industrie<\/th>\n<th>Exemples d'utilisation<\/th>\n<\/tr>\n<\/thead>\n<tbody>\n<tr>\n<td>Extraction mini\u00e8re<\/td>\n<td>Forets pour perforatrices, buses pour grenaillage<\/td>\n<\/tr>\n<tr>\n<td>Construction<\/td>\n<td>Outils de d\u00e9molition, concasseurs de roche<\/td>\n<\/tr>\n<tr>\n<td>Fabrication<\/td>\n<td>Moule forg\u00e9, pi\u00e8ces dessin\u00e9es en m\u00e9tal<\/td>\n<\/tr>\n<tr>\n<td>P\u00e9trole et gaz<\/td>\n<td>Stabilisateurs, moteurs de fond<\/td>\n<\/tr>\n<tr>\n<td>G\u00e9n\u00e9ral<\/td>\n<td>Outils de coupe et d'usinage<\/td>\n<\/tr>\n<\/tbody>\n<\/table>\n<p class=\"whitespace-pre-wrap\">Quelques utilisations sp\u00e9cifiques des produits :<\/p>\n<ul class=\"list-disc pl-8 space-y-2\">\n<li class=\"whitespace-normal\">Forets de forage \u00e0 percussion, outils d'al\u00e9sage de mine<\/li>\n<li class=\"whitespace-normal\">Pi\u00e8ces de pompes abrasives telles que les arbres, les h\u00e9lices<\/li>\n<li class=\"whitespace-normal\">Fili\u00e8re d'extrusion pour fabrication de briques et c\u00e9ramiques<\/li>\n<li class=\"whitespace-normal\">Composants r\u00e9sistants \u00e0 l'usure pour \u00e9quipement de sablage<\/li>\n<li class=\"whitespace-normal\">Lames de coupe, couteaux, dents de scie n\u00e9cessitant une duret\u00e9 extr\u00eame.<\/li>\n<\/ul>\n<p class=\"whitespace-pre-wrap\">La duret\u00e9 et les performances d'usure in\u00e9gal\u00e9es du T15 en font le premier choix pour les \u00e9quipements utilis\u00e9s dans les conditions d'impaction et d'abrasion les plus s\u00e9v\u00e8res dans tous les secteurs industriels.<\/p>\n<h2>Sp\u00e9cification des poudres T15<\/h2>\n<p class=\"whitespace-pre-wrap\">Sp\u00e9cifications principales pour la poudre de carbure c\u00e9ment\u00e9 T15 :<\/p>\n<p class=\"whitespace-pre-wrap\"><strong>Normes relatives aux poudres T15<\/strong><\/p>\n<table>\n<thead>\n<tr>\n<th>Standard<\/th>\n<th>Description<\/th>\n<\/tr>\n<\/thead>\n<tbody>\n<tr>\n<td>ISO 513<\/td>\n<td>Classification et application des carbures c\u00e9ment\u00e9s<\/td>\n<\/tr>\n<tr>\n<td>ASTM B276<\/td>\n<td>Poudres de carbure de tungst\u00e8ne-cobalt et m\u00e9taux durs<\/td>\n<\/tr>\n<tr>\n<td>JIS G 4053<\/td>\n<td>M\u00e9taux durs fritt\u00e9s<\/td>\n<\/tr>\n<tr>\n<td>GB\/T 4661-2006<\/td>\n<td>Norme chinoise pour les carbures c\u00e9ment\u00e9s<\/td>\n<\/tr>\n<\/tbody>\n<\/table>\n<p class=\"whitespace-pre-wrap\">Ces d\u00e9finitions :<\/p>\n<ul class=\"list-disc pl-8 space-y-2\">\n<li class=\"whitespace-normal\">Composition chimique &#8211; Teneur en Co et en WC<\/li>\n<li class=\"whitespace-normal\">Taille des grains de carbure et distribution granulom\u00e9trique des particules de poudre<\/li>\n<li class=\"whitespace-normal\">Propri\u00e9t\u00e9s m\u00e9caniques requises<\/li>\n<li class=\"whitespace-normal\">Impuret\u00e9s acceptables<\/li>\n<li class=\"whitespace-normal\">M\u00e9thodes de production approuv\u00e9es telles que la c\u00e9mentation et la r\u00e9duction-diffusion<\/li>\n<\/ul>\n<p class=\"whitespace-pre-wrap\">La satisfaction de ces sp\u00e9cifications garantit une combinaison optimale de duret\u00e9, de r\u00e9sistance et de t\u00e9nacit\u00e9 pour une performance d\u2019usure maximale.<\/p>\n<h2>Taille des particules de poudre T15<\/h2>\n<p class=\"whitespace-pre-wrap\"><strong>R\u00e9partition granulom\u00e9trique des poudres T15<\/strong><\/p>\n<table>\n<thead>\n<tr>\n<th>Granulom\u00e9trie<\/th>\n<th>Caract\u00e9ristiques<\/th>\n<\/tr>\n<\/thead>\n<tbody>\n<tr>\n<td>0,5-2 microns<\/td>\n<td>La finesse de grain permet la super finition<\/td>\n<\/tr>\n<tr>\n<td>0,5 \u00e0 5 microns<\/td>\n<td>La gamme submicronique am\u00e9liore la robustesse<\/td>\n<\/tr>\n<tr>\n<td>3 \u00e0 15 microns<\/td>\n<td>Taille la plus commun\u00e9ment utilis\u00e9e pour des propri\u00e9t\u00e9s optimales<\/td>\n<\/tr>\n<\/tbody>\n<\/table>\n<ul class=\"list-disc pl-8 space-y-2\">\n<li class=\"whitespace-normal\">Les poudres plus fines augmentent la duret\u00e9 et la finition<\/li>\n<li class=\"whitespace-normal\">Les poudres plus grossi\u00e8res am\u00e9liorent la r\u00e9sistance \u00e0 la fracture et la r\u00e9sistance \u00e0 l'impact<\/li>\n<li class=\"whitespace-normal\">La distribution granulom\u00e9trique est optimis\u00e9e en fonction des conditions de service<\/li>\n<li class=\"whitespace-normal\">Tous les poudres de carbure fritt\u00e9s et broy\u00e9s utilis\u00e9s<\/li>\n<\/ul>\n<p class=\"whitespace-pre-wrap\">Contr\u00f4ler la r\u00e9partition granulom\u00e9trique et la morphologie des particules permet d'optimiser les propri\u00e9t\u00e9s et les performances des composants finaux.<\/p>\n<h2>T15 Proc\u00e9d\u00e9 de production de poudre<\/h2>\n<p class=\"whitespace-pre-wrap\"><strong>T15 Production de poudre<\/strong><\/p>\n<table>\n<thead>\n<tr>\n<th>M\u00e9thode<\/th>\n<th>D\u00e9tails<\/th>\n<\/tr>\n<\/thead>\n<tbody>\n<tr>\n<td>Carburation et r\u00e9duction-diffusion<\/td>\n<td>Produit de fines poudres sph\u00e9riques<\/td>\n<\/tr>\n<tr>\n<td>Concassage de mat\u00e9riaux fritt\u00e9s<\/td>\n<td>Bas prix, particules angulaires irr\u00e9guli\u00e8res<\/td>\n<\/tr>\n<tr>\n<td>Fraisage<\/td>\n<td>Broyage \u00e0 billes utilis\u00e9 pour la r\u00e9duction de la taille des particules<\/td>\n<\/tr>\n<tr>\n<td>S\u00e9chage par atomisation<\/td>\n<td>Processus de granulation et de sph\u00e9ro\u00efdisation<\/td>\n<\/tr>\n<tr>\n<td>D\u00e9gazage<\/td>\n<td>\u00c9limine les impuret\u00e9s gazeuses<\/td>\n<\/tr>\n<\/tbody>\n<\/table>\n<ul class=\"list-disc pl-8 space-y-2\">\n<li class=\"whitespace-normal\">La morphologie sph\u00e9rique des poudres permet d'obtenir une haute densit\u00e9 d'emballage<\/li>\n<li class=\"whitespace-normal\">Les poudres broy\u00e9es ont un co\u00fbt de production plus faible<\/li>\n<li class=\"whitespace-normal\">Broyage et s\u00e9chage par atomisation pour le contr\u00f4le de la granulom\u00e9trie<\/li>\n<li class=\"whitespace-normal\">Le d\u00e9gazage optimise la puret\u00e9 de la poudre et la microstructure fritt\u00e9e<\/li>\n<\/ul>\n<p class=\"whitespace-pre-wrap\">Les processus de production automatis\u00e9s et \u00e0 haut volume permettent d'obtenir des mati\u00e8res premi\u00e8res coh\u00e9rentes optimis\u00e9es pour la performance des pi\u00e8ces.<\/p>\n<h2>Prix de la poudre T15<\/h2>\n<p class=\"whitespace-pre-wrap\"><strong>Prix de la poudre T15<\/strong><\/p>\n<table>\n<thead>\n<tr>\n<th>Facteur<\/th>\n<th>Impact sur le prix<\/th>\n<\/tr>\n<\/thead>\n<tbody>\n<tr>\n<td>Cat\u00e9gories de poudre<\/td>\n<td>Les grades de puret\u00e9 plus \u00e9lev\u00e9s co\u00fbtent plus cher<\/td>\n<\/tr>\n<tr>\n<td>Granulom\u00e9trie<\/td>\n<td>La poudre ultrafine est plus ch\u00e8re<\/td>\n<\/tr>\n<tr>\n<td>Quantit\u00e9 de commande<\/td>\n<td>Le prix diminue avec des volumes plus importants<\/td>\n<\/tr>\n<tr>\n<td>M\u00e9thode de production<\/td>\n<td>Des m\u00e9thodes complexes augmentent les co\u00fbts<\/td>\n<\/tr>\n<tr>\n<td>Emballage<\/td>\n<td>Les sacs sp\u00e9ciaux ou les bo\u00eetes augmentent les co\u00fbts<\/td>\n<\/tr>\n<\/tbody>\n<\/table>\n<p class=\"whitespace-pre-wrap\"><strong>Tarifs indicatifs<\/strong><\/p>\n<ul class=\"list-disc pl-8 space-y-2\">\n<li class=\"whitespace-normal\">Poudre sph\u00e9rique T15 : 45 - 60 \u20ac \/ kg<\/li>\n<li class=\"whitespace-normal\">Poudre \u00e9cras\u00e9e T15: 35-45 $ le kg<\/li>\n<li class=\"whitespace-normal\">Les tarifs de volumes importants peuvent \u00eatre inf\u00e9rieurs de 20 \u00e0 30 %<\/li>\n<\/ul>\n<p class=\"whitespace-pre-wrap\">Le prix d\u00e9pend des caract\u00e9ristiques de la poudre, de la m\u00e9thode de production, de la taille de la commande, de l'emballage et du d\u00e9lai de livraison.<\/p>\n<h2>Fournisseurs de poudre T15<\/h2>\n<p class=\"whitespace-pre-wrap\"><strong>Fournisseurs de poudre T15<\/strong><\/p>\n<table>\n<thead>\n<tr>\n<th>Entreprise<\/th>\n<th>Lieu<\/th>\n<\/tr>\n<\/thead>\n<tbody>\n<tr>\n<td>Sandvik<\/td>\n<td>La Su\u00e8de<\/td>\n<\/tr>\n<tr>\n<td>Kennametal<\/td>\n<td>\u00c9tats-Unis<\/td>\n<\/tr>\n<tr>\n<td>H.C. Starck<\/td>\n<td>Allemagne<\/td>\n<\/tr>\n<tr>\n<td>Jingdong New Material<\/td>\n<td>La Chine<\/td>\n<\/tr>\n<tr>\n<td>Zhuzhou Carbure de tungst\u00e8ne Groupe<\/td>\n<td>La Chine<\/td>\n<\/tr>\n<tr>\n<td>Toshiba Materials<\/td>\n<td>Japon<\/td>\n<\/tr>\n<\/tbody>\n<\/table>\n<p class=\"whitespace-pre-wrap\">Facteurs de s\u00e9lection\u00a0:<\/p>\n<ul class=\"list-disc pl-8 space-y-2\">\n<li class=\"whitespace-normal\">Poudres et morphologies des particules<\/li>\n<li class=\"whitespace-normal\">Capacit\u00e9s de production et d\u00e9lais<\/li>\n<li class=\"whitespace-normal\">Expertise technique et qualit\u00e9 du service<\/li>\n<li class=\"whitespace-normal\">\u00c9chantillonnage, tests et proc\u00e9dures de contr\u00f4le qualit\u00e9<\/li>\n<li class=\"whitespace-normal\">Niveaux de tarifs et conditions de paiement<\/li>\n<li class=\"whitespace-normal\">Conformit\u00e9 aux normes internationales en mati\u00e8re de mat\u00e9riaux<\/li>\n<\/ul>\n<h2>T15 Manipulation et stockage des poudres<\/h2>\n<p class=\"whitespace-pre-wrap\"><strong>T15 Gestion des poudres<\/strong><\/p>\n<table>\n<thead>\n<tr>\n<th>Recommandation<\/th>\n<th>La raison<\/th>\n<\/tr>\n<\/thead>\n<tbody>\n<tr>\n<td>Utiliser un EPI et une ventilation<\/td>\n<td>Pr\u00e9venir l'exposition aux particules fines<\/td>\n<\/tr>\n<tr>\n<td>\u00c9viter les sources d'allumage<\/td>\n<td>La poudre peut s'enflammer si elle est surchauff\u00e9e \u00e0 l'air<\/td>\n<\/tr>\n<tr>\n<td>Suivre des protocoles s\u00e9curis\u00e9s<\/td>\n<td>R\u00e9duire les risques pour la sant\u00e9 et les incendies<\/td>\n<\/tr>\n<tr>\n<td>Utiliser une atmosph\u00e8re inerte<\/td>\n<td>Emp\u00eacher l\u2019oxydation pendant le traitement de la poudre<\/td>\n<\/tr>\n<tr>\n<td>Rang\u00e9s les conteneurs scell\u00e9s<\/td>\n<td>Eviter la contamination ou l'absorption<\/td>\n<\/tr>\n<\/tbody>\n<\/table>\n<p class=\"whitespace-pre-wrap\"><strong>Conseils de stockage<\/strong><\/p>\n<ul class=\"list-disc pl-8 space-y-2\">\n<li class=\"whitespace-normal\">Conserver dans des r\u00e9cipients stables et \u00e0 temp\u00e9rature ambiante.<\/li>\n<li class=\"whitespace-normal\">Limiter l\u2019exposition \u00e0 l\u2019humidit\u00e9, aux acides, au chlore<\/li>\n<li class=\"whitespace-normal\">\u00c9vitez la contamination crois\u00e9e avec d'autres poudres<\/li>\n<\/ul>\n<p class=\"whitespace-pre-wrap\">Des pr\u00e9cautions appropri\u00e9es pr\u00e9servent la puret\u00e9 de la poudre et pr\u00e9viennent les probl\u00e8mes de s\u00e9curit\u00e9 lors de la manipulation et du stockage.<\/p>\n<h2>T15 Inspection et test des poudres<\/h2>\n<p class=\"whitespace-pre-wrap\"><strong>Test de la poudre T15<\/strong><\/p>\n<table>\n<thead>\n<tr>\n<th>Test<\/th>\n<th>D\u00e9tails<\/th>\n<\/tr>\n<\/thead>\n<tbody>\n<tr>\n<td>Analyse chimique<\/td>\n<td>V\u00e9rifie la composition \u00e0 l'aide d'ICP, d'EDX ou de XRF<\/td>\n<\/tr>\n<tr>\n<td>Distribution de la taille des particules<\/td>\n<td>Analyse par diffraction laser ou s\u00e9dimentation<\/td>\n<\/tr>\n<tr>\n<td>Morphologie de la poudre<\/td>\n<td>Imagerie SEM de la forme des particules<\/td>\n<\/tr>\n<tr>\n<td>Densit\u00e9 apparente<\/td>\n<td>Mesur\u00e9 selon la norme ASTM B212<\/td>\n<\/tr>\n<tr>\n<td>Densit\u00e9 de tassement<\/td>\n<td>Densit\u00e9 mesur\u00e9e apr\u00e8s taraudage m\u00e9canique<\/td>\n<\/tr>\n<tr>\n<td>D\u00e9bit de hall<\/td>\n<td>D\u00e9termine la fluidit\u00e9 de la poudre<\/td>\n<\/tr>\n<\/tbody>\n<\/table>\n<p class=\"whitespace-pre-wrap\">Tester garantit que la poudre respecte la composition chimique requise, les caract\u00e9ristiques de particule, la morphologie, les sp\u00e9cifications de densit\u00e9 et la fluidit\u00e9 selon les normes applicables.<\/p>\n<h2>Avantages et inconv\u00e9nients de la poudre T15<\/h2>\n<p class=\"whitespace-pre-wrap\"><strong>Avantages de la poudre de T15<\/strong><\/p>\n<ul class=\"list-disc pl-8 space-y-2\">\n<li class=\"whitespace-normal\">Duret\u00e9, r\u00e9sistance \u00e0 l'usure et solidit\u00e9 exceptionnelles<\/li>\n<li class=\"whitespace-normal\">R\u00e9siste \u00e0 une forte compression sans se fracturer<\/li>\n<li class=\"whitespace-normal\">Bonne r\u00e9sistance \u00e0 la rupture et r\u00e9sistance aux chocs<\/li>\n<li class=\"whitespace-normal\">Stabilit\u00e9 dimensionnelle sous des charges lourdes<\/li>\n<li class=\"whitespace-normal\">R\u00e9siste \u00e0 la d\u00e9formation \u00e0 des temp\u00e9ratures \u00e9lev\u00e9es<\/li>\n<li class=\"whitespace-normal\">Permet de r\u00e9duire la taille et le poids des composants<\/li>\n<\/ul>\n<p class=\"whitespace-pre-wrap\"><strong>Limitations du T15 en poudre<\/strong><\/p>\n<ul class=\"list-disc pl-8 space-y-2\">\n<li class=\"whitespace-normal\">Difficile \u00e0 usiner apr\u00e8s frittage<\/li>\n<li class=\"whitespace-normal\">Non adapt\u00e9 aux applications \u00e0 paliers dynamiques<\/li>\n<li class=\"whitespace-normal\">Comportement relativement fragile<\/li>\n<li class=\"whitespace-normal\">Oxidation \u00e0 haute temp\u00e9rature sans rev\u00eatements r\u00e9sistants<\/li>\n<li class=\"whitespace-normal\">Des co\u00fbts de mati\u00e8res premi\u00e8res plus \u00e9lev\u00e9s que pour les poudres d'acier<\/li>\n<li class=\"whitespace-normal\">N\u00e9cessite une exp\u00e9rience sp\u00e9cialis\u00e9e pour une utilisation optimale<\/li>\n<\/ul>\n<h2>Comparaison avec Carbure de tungst\u00e8ne-Carbide de titane-Carbide de tantale<\/h2>\n<p class=\"whitespace-pre-wrap\"><strong>T15 vs WC-TiC-TaC<\/strong><\/p>\n<table>\n<thead>\n<tr>\n<th>Param\u00e8tre<\/th>\n<th>T15<\/th>\n<th>WC-TiC-TaC<\/th>\n<\/tr>\n<\/thead>\n<tbody>\n<tr>\n<td>Duret\u00e9<\/td>\n<td>88-93 HRU<\/td>\n<td>92-96 HRA<\/td>\n<\/tr>\n<tr>\n<td>R\u00e9silience \u00e0 la rupture<\/td>\n<td>10\u201312\u00a0MPa.m^1\/2<\/td>\n<td>8-9 MPa.m^1\/2<\/td>\n<\/tr>\n<tr>\n<td>Force<\/td>\n<td>Tr\u00e8s haut<\/td>\n<td>Extr\u00eamement \u00e9lev\u00e9<\/td>\n<\/tr>\n<tr>\n<td>Co\u00fbt<\/td>\n<td>Mod\u00e9r\u00e9<\/td>\n<td>Tr\u00e8s haut<\/td>\n<\/tr>\n<tr>\n<td>R\u00e9sistance \u00e0 la corrosion<\/td>\n<td>Foire<\/td>\n<td>Excellent<\/td>\n<\/tr>\n<tr>\n<td>APPLICATIONS<\/td>\n<td>Pi\u00e8ces d'usure g\u00e9n\u00e9rale<\/td>\n<td>Abrasion et corrosion extr\u00eames<\/td>\n<\/tr>\n<\/tbody>\n<\/table>\n<ul class=\"list-disc pl-8 space-y-2\">\n<li class=\"whitespace-normal\">WC-TiC-TaC a une duret\u00e9 et une r\u00e9sistance l\u00e9g\u00e8rement sup\u00e9rieures.<\/li>\n<li class=\"whitespace-normal\">T15 offre une t\u00e9nacit\u00e9 \u00e0 la rupture nettement meilleure<\/li>\n<li class=\"whitespace-normal\">WC-TiC-TaC offre une excellente r\u00e9sistance \u00e0 la corrosion<\/li>\n<li class=\"whitespace-normal\">Le T15 est plus rentable<\/li>\n<li class=\"whitespace-normal\">WC-TiC-TaC pour des applications n\u00e9cessitant une utilisation plus critique et co\u00fbteuse<\/li>\n<\/ul>\n<h2>FAQ sur la poudre T15<\/h2>\n<p class=\"whitespace-pre-wrap\"><strong>Q: Quelles sont les principales applications de la poudre de cobalt de carbure de tungst\u00e8ne T15?<\/strong><\/p>\n<p class=\"whitespace-pre-wrap\">R: Les applications principales comprennent les outils de minage comme les forets, les concasseurs de roches et les \u00e9quipements de dragage; les outils de construction comme les \u00e9quipements de d\u00e9molition et de pulv\u00e9risation ; les matrices, les pi\u00e8ces d\u2019\u00e9tirage, les outils d\u2019extrusion ; les composants r\u00e9sistants \u00e0 l\u2019abrasion ; et les outils de d\u00e9coupe et d\u2019usinage g\u00e9n\u00e9raux.<\/p>\n<p class=\"whitespace-pre-wrap\"><strong>Q : Pourquoi le cobalt est-il utilis\u00e9 comme liant dans les nuances de carbure de tungst\u00e8ne ?<\/strong><\/p>\n<p class=\"whitespace-pre-wrap\">R : Le cobalt assure une bonne r\u00e9sistance \u00e0 la corrosion, une r\u00e9sistance et une t\u00e9nacit\u00e9 \u00e9lev\u00e9es, et favorise le frittage en phase liquide des particules de carbure de tungst\u00e8ne pendant la densification pour obtenir une densit\u00e9 et des propri\u00e9t\u00e9s maximales.<\/p>\n<p class=\"whitespace-pre-wrap\"><strong>Q : Quel traitement thermique est utilis\u00e9 pour les pi\u00e8ces en carbure de tungst\u00e8ne cobalt T15 ?<\/strong><\/p>\n<p class=\"whitespace-pre-wrap\">**:** Le T15 ne n\u00e9cessite pas de traitement thermique de post-frittage. Le processus de frittage en phase liquide permet d'obtenir une densit\u00e9 totale et les propri\u00e9t\u00e9s souhait\u00e9es lors de la consolidation de la poudre elle-m\u00eame.<\/p>\n<p class=\"whitespace-pre-wrap\"><strong>Q : Comment est produite la poudre de cobalt de carbure de tungst\u00e8ne T15 ?<\/strong><\/p>\n<p class=\"whitespace-pre-wrap\">R : Les principales m\u00e9thodes de fabrication comprennent la c\u00e9mentation et la r\u00e9duction-diffusion pour produire des poudres sph\u00e9riques ou le broyage et la mouture de mat\u00e9riau de carbure de tungst\u00e8ne fritt\u00e9 en particules irr\u00e9guli\u00e8res. Ces poudres sont ensuite m\u00e9lang\u00e9es avec du cobalt en poudre dans un rapport d\u00e9sir\u00e9.<\/p>\n<div id=\"gtx-trans\" style=\"position: absolute; left: -76px; top: 49.8125px;\">\n<div class=\"gtx-trans-icon\"><\/div>\n<\/div>\n<p><\/span><\/span><\/p>","protected":false},"excerpt":{"rendered":"<p>Aper\u00e7u de la poudre T15 La poudre T15 est une poudre de carbure de tungst\u00e8ne et de cobalt ciment\u00e9e qui offre une combinaison exceptionnelle de duret\u00e9, de r\u00e9sistance et de t\u00e9nacit\u00e9. Elle contient un pourcentage \u00e9lev\u00e9 de carbure de tungst\u00e8ne ainsi que du cobalt 15% comme phase liante. Principales propri\u00e9t\u00e9s et avantages de la poudre T15 : Propri\u00e9t\u00e9s et caract\u00e9ristiques de la poudre T15 Propri\u00e9t\u00e9s D\u00e9tails Composition 85%...<\/p>","protected":false},"featured_media":1845,"parent":0,"template":"","meta":{"_acf_changed":false,"_kad_blocks_custom_css":"","_kad_blocks_head_custom_js":"","_kad_blocks_body_custom_js":"","_kad_blocks_footer_custom_js":"","_kad_post_transparent":"","_kad_post_title":"","_kad_post_layout":"","_kad_post_sidebar_id":"","_kad_post_content_style":"","_kad_post_vertical_padding":"","_kad_post_feature":"","_kad_post_feature_position":"","_kad_post_header":false,"_kad_post_footer":false,"_kad_post_classname":""},"product-category":[119,122],"class_list":["post-3922","product","type-product","status-publish","has-post-thumbnail","hentry","product-category-3d-printing-metal-powder","product-category-iron-based-alloy-powder"],"acf":[],"taxonomy_info":{"product-category":[{"value":119,"label":"3D Printing Metal Powder"},{"value":122,"label":"Iron Based Alloy Powder"}]},"featured_image_src_large":["https:\/\/3dpmetal.com\/wp-content\/uploads\/2024\/02\/T15-Powder.jpg",600,600,false],"author_info":[],"comment_info":"","_links":{"self":[{"href":"https:\/\/3dpmetal.com\/fr\/wp-json\/wp\/v2\/product\/3922","targetHints":{"allow":["GET"]}}],"collection":[{"href":"https:\/\/3dpmetal.com\/fr\/wp-json\/wp\/v2\/product"}],"about":[{"href":"https:\/\/3dpmetal.com\/fr\/wp-json\/wp\/v2\/types\/product"}],"wp:featuredmedia":[{"embeddable":true,"href":"https:\/\/3dpmetal.com\/fr\/wp-json\/wp\/v2\/media\/1845"}],"wp:attachment":[{"href":"https:\/\/3dpmetal.com\/fr\/wp-json\/wp\/v2\/media?parent=3922"}],"wp:term":[{"taxonomy":"product-category","embeddable":true,"href":"https:\/\/3dpmetal.com\/fr\/wp-json\/wp\/v2\/product-category?post=3922"}],"curies":[{"name":"wp","href":"https:\/\/api.w.org\/{rel}","templated":true}]}}