{"id":3926,"date":"2024-03-18T06:10:14","date_gmt":"2024-03-18T06:10:14","guid":{"rendered":"https:\/\/3dp.45612300.xyz\/product\/aluminum-alloy-series\/"},"modified":"2024-03-18T06:10:14","modified_gmt":"2024-03-18T06:10:14","slug":"aluminum-alloy-series","status":"publish","type":"product","link":"https:\/\/3dpmetal.com\/fr\/product\/aluminum-alloy-series\/","title":{"rendered":"S\u00e9rie d'aluminium alli\u00e9"},"content":{"rendered":"<p><span style=\"vertical-align: inherit;\"><span style=\"vertical-align: inherit;\"><\/p>\n<div style=\"overflow-x: auto;\">\n<table>\n<tbody>\n<tr>\n<td data-sheets-value=\"{&quot;1&quot;:2,&quot;2&quot;:&quot;Product&quot;}\">Produit<\/td>\n<td data-sheets-value=\"{&quot;1&quot;:2,&quot;2&quot;:&quot;Specification&quot;}\">Sp\u00e9cification<\/td>\n<td data-sheets-value=\"{&quot;1&quot;:2,&quot;2&quot;:&quot;Apparent Density&quot;}\">Densit\u00e9 apparente<\/td>\n<td data-sheets-value=\"{&quot;1&quot;:2,&quot;2&quot;:&quot;Flow Ability&quot;}\">Capacit\u00e9 d'\u00e9coulement<\/td>\n<td data-sheets-value=\"{&quot;1&quot;:2,&quot;2&quot;:&quot;Oxygen Content&quot;}\">Teneur en oxyg\u00e8ne<\/td>\n<td data-sheets-value=\"{&quot;1&quot;:2,&quot;2&quot;:&quot;Tensile Strength&quot;}\">R\u00e9sistance \u00e0 la traction<\/td>\n<td data-sheets-value=\"{&quot;1&quot;:2,&quot;2&quot;:&quot;Yield Strength&quot;}\">Limite d'\u00e9lasticit\u00e9<\/td>\n<td data-sheets-value=\"{&quot;1&quot;:2,&quot;2&quot;:&quot;Elongation&quot;}\">Allongement<\/td>\n<\/tr>\n<tr>\n<td data-sheets-value=\"{&quot;1&quot;:2,&quot;2&quot;:&quot;AISi10Mg&quot;}\">AISi10Mg<\/td>\n<td colspan=\"1\" rowspan=\"4\" data-sheets-value=\"{&quot;1&quot;:2,&quot;2&quot;:&quot;15-53\u00c3\u00d7mn45-105\u00c3\u00d7mn75-150\u00c3\u00d7m&quot;}\">\n<div>15-53\u00c3\u00d7m<br \/>\n45-105 \u00c3\u2014 m<br \/>\n75-150\u00e3\u00d7m<\/div>\n<\/td>\n<td data-sheets-value=\"{&quot;1&quot;:2,&quot;2&quot;:&quot;\u00a1\u00d41.35g\/cm3&quot;}\">\u00a1\u00d41,35 g\/cm3<\/td>\n<td data-sheets-value=\"{&quot;1&quot;:2,&quot;2&quot;:&quot;\u00a8P80s\/50g&quot;}\">\u00a8P80s\/50g<\/td>\n<td data-sheets-value=\"{&quot;1&quot;:2,&quot;2&quot;:&quot;\u00a8P300ppm&quot;}\">P300ppm<\/td>\n<td data-sheets-value=\"{&quot;1&quot;:2,&quot;2&quot;:&quot;300\u00a9I20Mpa &quot;}\">300\u00a9I20Mpa<\/td>\n<td data-sheets-value=\"{&quot;1&quot;:2,&quot;2&quot;:&quot;200\u00a9I20Mpa &quot;}\">200 \u00a9 I 20 Mpa<\/td>\n<td data-sheets-value=\"{&quot;1&quot;:2,&quot;2&quot;:&quot;20\u00a9I2%&quot;}\">20\u00a9I2%<\/td>\n<\/tr>\n<tr>\n<td data-sheets-value=\"{&quot;1&quot;:2,&quot;2&quot;:&quot;AMgScZr&quot;}\">AMgScZr<\/td>\n<td data-sheets-value=\"{&quot;1&quot;:2,&quot;2&quot;:&quot;\u00a1\u00d41.30g\/cm3&quot;}\">1,30 g\/cm3<\/td>\n<td data-sheets-value=\"{&quot;1&quot;:2,&quot;2&quot;:&quot;\u00a8P80s\/50g&quot;}\">\u00a8P80s\/50g<\/td>\n<td data-sheets-value=\"{&quot;1&quot;:2,&quot;2&quot;:&quot;\u00a8P300ppm&quot;}\">P300ppm<\/td>\n<td data-sheets-value=\"{&quot;1&quot;:2,&quot;2&quot;:&quot;545\u00a9I20Mpa &quot;}\">545 \u00a9 | 20Mpa<\/td>\n<td data-sheets-value=\"{&quot;1&quot;:2,&quot;2&quot;:&quot;500\u00a9I20Mpa &quot;}\">500 \u00a9 I 20 Mpa<\/td>\n<td data-sheets-value=\"{&quot;1&quot;:2,&quot;2&quot;:&quot;10\u00a9I2%&quot;}\">10\u00a9I2%<\/td>\n<\/tr>\n<tr>\n<td data-sheets-value=\"{&quot;1&quot;:2,&quot;2&quot;:&quot;AK400 (can be anodized)&quot;}\">AK400 (peut \u00eatre anodis\u00e9)<\/td>\n<td data-sheets-value=\"{&quot;1&quot;:2,&quot;2&quot;:&quot;\u00a1\u00d41.30g\/cm3&quot;}\">1,30 g\/cm3<\/td>\n<td data-sheets-value=\"{&quot;1&quot;:2,&quot;2&quot;:&quot;\u00a8P80s\/50g&quot;}\">\u00a8P80s\/50g<\/td>\n<td data-sheets-value=\"{&quot;1&quot;:2,&quot;2&quot;:&quot;\u00a8P300ppm&quot;}\">P300ppm<\/td>\n<td data-sheets-value=\"{&quot;1&quot;:2,&quot;2&quot;:&quot;430\u00a9I20Mpa &quot;}\">430\u00a0\u2103I20\u00a0Mpa<\/td>\n<td data-sheets-value=\"{&quot;1&quot;:2,&quot;2&quot;:&quot;300\u00a9I20Mpa &quot;}\">300\u00a9I20Mpa<\/td>\n<td data-sheets-value=\"{&quot;1&quot;:2,&quot;2&quot;:&quot;10\u00a9I2%&quot;}\">10\u00a9I2%<\/td>\n<\/tr>\n<tr>\n<td data-sheets-value=\"{&quot;1&quot;:2,&quot;2&quot;:&quot;Pure aluminum powder (purity 99.8%)&quot;}\">Poudre d'aluminium pure (puret\u00e9 99,8\u00a0%)<\/td>\n<td data-sheets-value=\"{&quot;1&quot;:2,&quot;2&quot;:&quot;\u00a1\u00d41.20g\/cm3&quot;}\">\u00a1\u00d41.20 g\/cm3<\/td>\n<td data-sheets-value=\"{&quot;1&quot;:2,&quot;2&quot;:&quot;\u00a8P100s\/50g&quot;}\">\u00a8P100s\/50g<\/td>\n<td data-sheets-value=\"{&quot;1&quot;:2,&quot;2&quot;:&quot;\u00a8P1000ppm&quot;}\">\u00a8P1000ppm<\/td>\n<td data-sheets-value=\"{&quot;1&quot;:2,&quot;2&quot;:&quot;\\&quot;}\"><\/td>\n<td data-sheets-value=\"{&quot;1&quot;:2,&quot;2&quot;:&quot;\\&quot;}\"><\/td>\n<td data-sheets-value=\"{&quot;1&quot;:2,&quot;2&quot;:&quot;\\&quot;}\"><\/td>\n<\/tr>\n<\/tbody>\n<\/table>\n<\/div>\n<p><img loading=\"lazy\" decoding=\"async\" class=\"size-medium wp-image-1409 aligncenter\" src=\"https:\/\/met3dp.com\/wp-content\/uploads\/2023\/09\/ed7a94ec-3c10-4b1b-87ed--300x300.jpg\" alt=\"S\u00e9rie d&#039;aluminium alli\u00e9\" width=\"300\" height=\"300\" title=\"\"><\/p>\n<p><strong>Processus<\/strong>: M\u00e9thode d'atomisation par aspiration \u00e0 l'air<\/p>\n<p><strong>Avantages<\/strong>: faible rapport poudre satellite\/poudre creuse, bonne fluidit\u00e9, sph\u00e9ricit\u00e9 \u00e9lev\u00e9e et densit\u00e9 apparente \u00e9lev\u00e9e. Les pi\u00e8ces finies imprim\u00e9es ont une r\u00e9sistance \u00e0 la corrosion \u00e9lev\u00e9e, une faible densit\u00e9 et une r\u00e9sistance m\u00e9canique \u00e9lev\u00e9e<br \/>\nTraitement thermique \u00e0 haute temp\u00e9rature n\u00e9cessitant moins de traitement thermique que les pi\u00e8ces moul\u00e9es<\/p>\n<p><strong>Application<\/strong>Impression 3D l\u00e9g\u00e8re, supports et autres \u00e9l\u00e9ments de structure, \u00e9l\u00e9ments de dissipation thermique, etc. dans l'a\u00e9rospatiale, la fabrication automobile et autres industries<\/p>\n<p><strong>Emballage<\/strong>: du papier aluminium en sac \/ des bouteilles en plastique \/ des tonneaux en fer et autres emballages ordinaires ou sous vide, etc.<\/p>\n<div id=\"gtx-trans\" style=\"position: absolute; left: -59px; top: 433px;\">\n<div class=\"gtx-trans-icon\"><\/div>\n<\/div>\n<p><\/span><\/span><\/p>","protected":false},"excerpt":{"rendered":"<p>Sp\u00e9cification du produit Densit\u00e9 apparente Capacit\u00e9 d'\u00e9coulement Teneur en oxyg\u00e8ne R\u00e9sistance \u00e0 la traction R\u00e9sistance au rendement Allongement AISi10Mg 15-53\u00c3\u00d7m 45-105\u00c3\u00d7m 75-150\u00c3\u00d7m \u00a1\u00d41.35g\/cm3 \u00a8P80s\/50g \u00a8P300ppm 300\u00a9I20Mpa 200\u00a9I20Mpa 20\u00a9I2% AMgScZr \u00a1\u00d41.30g\/cm3 \u00a8P80s\/50g \u00a8P300ppm 545\u00a9I20Mpa 500\u00a9I20Mpa 10\u00a9I2% AK400 (peut \u00eatre anodis\u00e9) \u00a1\u00d41.30g\/cm3 \u00a8P80s\/50g \u00a8P300ppm 430\u00a9I20Mpa 300\u00a9I20Mpa 10\u00a9I2% Poudre d'aluminium pur (puret\u00e9 99.8%) \u00a1\u00d41.20g\/cm3 \u00a8P100s\/50g \u00a8P1000ppm Proc\u00e9d\u00e9 : M\u00e9thode d'atomisation par air sous vide Avantages : faible...<\/p>","protected":false},"featured_media":1850,"parent":0,"template":"","meta":{"_acf_changed":false,"_kad_blocks_custom_css":"","_kad_blocks_head_custom_js":"","_kad_blocks_body_custom_js":"","_kad_blocks_footer_custom_js":"","_kad_post_transparent":"","_kad_post_title":"","_kad_post_layout":"","_kad_post_sidebar_id":"","_kad_post_content_style":"","_kad_post_vertical_padding":"","_kad_post_feature":"","_kad_post_feature_position":"","_kad_post_header":false,"_kad_post_footer":false,"_kad_post_classname":""},"product-category":[119,124],"class_list":["post-3926","product","type-product","status-publish","has-post-thumbnail","hentry","product-category-3d-printing-metal-powder","product-category-aluminum-based-alloy-powder"],"acf":[],"taxonomy_info":{"product-category":[{"value":119,"label":"3D Printing Metal Powder"},{"value":124,"label":"Aluminum Based Alloy Powder"}]},"featured_image_src_large":["https:\/\/3dpmetal.com\/wp-content\/uploads\/2024\/02\/Aluminum-alloy-series.jpg",600,600,false],"author_info":[],"comment_info":"","_links":{"self":[{"href":"https:\/\/3dpmetal.com\/fr\/wp-json\/wp\/v2\/product\/3926","targetHints":{"allow":["GET"]}}],"collection":[{"href":"https:\/\/3dpmetal.com\/fr\/wp-json\/wp\/v2\/product"}],"about":[{"href":"https:\/\/3dpmetal.com\/fr\/wp-json\/wp\/v2\/types\/product"}],"wp:featuredmedia":[{"embeddable":true,"href":"https:\/\/3dpmetal.com\/fr\/wp-json\/wp\/v2\/media\/1850"}],"wp:attachment":[{"href":"https:\/\/3dpmetal.com\/fr\/wp-json\/wp\/v2\/media?parent=3926"}],"wp:term":[{"taxonomy":"product-category","embeddable":true,"href":"https:\/\/3dpmetal.com\/fr\/wp-json\/wp\/v2\/product-category?post=3926"}],"curies":[{"name":"wp","href":"https:\/\/api.w.org\/{rel}","templated":true}]}}