{"id":3931,"date":"2024-03-18T06:10:14","date_gmt":"2024-03-18T06:10:14","guid":{"rendered":"https:\/\/3dp.45612300.xyz\/product\/copper-alloy-series\/"},"modified":"2024-03-18T06:10:14","modified_gmt":"2024-03-18T06:10:14","slug":"copper-alloy-series","status":"publish","type":"product","link":"https:\/\/3dpmetal.com\/fr\/product\/copper-alloy-series\/","title":{"rendered":"s\u00e9rie d'alliage de cuivre"},"content":{"rendered":"<p><span style=\"vertical-align: inherit;\"><span style=\"vertical-align: inherit;\"><\/p>\n<div>\n<table>\n<tbody>\n<tr>\n<td data-sheets-value=\"{&quot;1&quot;:2,&quot;2&quot;:&quot;Product&quot;}\">Produit<\/td>\n<td data-sheets-value=\"{&quot;1&quot;:2,&quot;2&quot;:&quot;Specification&quot;}\">Sp\u00e9cification<\/td>\n<td data-sheets-value=\"{&quot;1&quot;:2,&quot;2&quot;:&quot;Apparent Density&quot;}\">Densit\u00e9 apparente<\/td>\n<td data-sheets-value=\"{&quot;1&quot;:2,&quot;2&quot;:&quot;Flow Ability&quot;}\">Capacit\u00e9 d'\u00e9coulement<\/td>\n<td data-sheets-value=\"{&quot;1&quot;:2,&quot;2&quot;:&quot;Oxygen Content&quot;}\">Teneur en oxyg\u00e8ne<\/td>\n<td data-sheets-value=\"{&quot;1&quot;:2,&quot;2&quot;:&quot;Tensile Strength&quot;}\">R\u00e9sistance \u00e0 la traction<\/td>\n<td data-sheets-value=\"{&quot;1&quot;:2,&quot;2&quot;:&quot;Yield Strength&quot;}\">Limite d'\u00e9lasticit\u00e9<\/td>\n<td data-sheets-value=\"{&quot;1&quot;:2,&quot;2&quot;:&quot;Elongation&quot;}\">Allongement<\/td>\n<\/tr>\n<tr>\n<td data-sheets-value=\"{&quot;1&quot;:2,&quot;2&quot;:&quot;CuCrZr&quot;}\">CuCrZr<\/td>\n<td colspan=\"1\" rowspan=\"3\" data-sheets-value=\"{&quot;1&quot;:2,&quot;2&quot;:&quot;15-53\u00c3\u00d7mn45-105\u00c3\u00d7mn75-150\u00c3\u00d7m&quot;}\">\n<div>15-53\u00c3\u00d7m<br \/>\n45-105 \u00c3\u2014 m<br \/>\n75-150\u00e3\u00d7m<\/div>\n<\/td>\n<td data-sheets-value=\"{&quot;1&quot;:2,&quot;2&quot;:&quot;\u00a1\u00d44.10g\/cm3&quot;}\">4,10 g\/cm3<\/td>\n<td data-sheets-value=\"{&quot;1&quot;:2,&quot;2&quot;:&quot;\u00a8P30s\/50g&quot;}\">\u00a8P30s\/50g<\/td>\n<td data-sheets-value=\"{&quot;1&quot;:2,&quot;2&quot;:&quot;\u00a8P600ppm&quot;}\">\u00a8P600ppm<\/td>\n<td data-sheets-value=\"{&quot;1&quot;:2,&quot;2&quot;:&quot;350\u00a9I35Mpa &quot;}\">350\u00a9I35Mpa<\/td>\n<td data-sheets-value=\"{&quot;1&quot;:2,&quot;2&quot;:&quot;175\u00a9I10Mpa &quot;}\">175 \u00a9I10 Mpa<\/td>\n<td data-sheets-value=\"{&quot;1&quot;:2,&quot;2&quot;:&quot;8\u00a9I2%&quot;}\">8\u00a9I2%<\/td>\n<\/tr>\n<tr>\n<td data-sheets-value=\"{&quot;1&quot;:2,&quot;2&quot;:&quot;CuZn40&quot;}\">CuZn40<\/td>\n<td data-sheets-value=\"{&quot;1&quot;:2,&quot;2&quot;:&quot;\u00a1\u00d44.25g\/cm3&quot;}\">Densit\u00e9 : 4,25 g\/cm3<\/td>\n<td data-sheets-value=\"{&quot;1&quot;:2,&quot;2&quot;:&quot;\u00a8P30s\/50g&quot;}\">\u00a8P30s\/50g<\/td>\n<td data-sheets-value=\"{&quot;1&quot;:2,&quot;2&quot;:&quot;\u00a8P600ppm&quot;}\">\u00a8P600ppm<\/td>\n<td data-sheets-value=\"{&quot;1&quot;:2,&quot;2&quot;:&quot;\\&quot;}\"><\/td>\n<td data-sheets-value=\"{&quot;1&quot;:2,&quot;2&quot;:&quot;\\&quot;}\"><\/td>\n<td data-sheets-value=\"{&quot;1&quot;:2,&quot;2&quot;:&quot;\\&quot;}\"><\/td>\n<\/tr>\n<tr>\n<td data-sheets-value=\"{&quot;1&quot;:2,&quot;2&quot;:&quot;CuSn10&quot;}\">CuSn10<\/td>\n<td data-sheets-value=\"{&quot;1&quot;:2,&quot;2&quot;:&quot;\u00a1\u00d44.10g\/cm3&quot;}\">4,10 g\/cm3<\/td>\n<td data-sheets-value=\"{&quot;1&quot;:2,&quot;2&quot;:&quot;\u00a8P30s\/50g&quot;}\">\u00a8P30s\/50g<\/td>\n<td data-sheets-value=\"{&quot;1&quot;:2,&quot;2&quot;:&quot;\u00a8P600ppm&quot;}\">\u00a8P600ppm<\/td>\n<td data-sheets-value=\"{&quot;1&quot;:2,&quot;2&quot;:&quot;\\&quot;}\"><\/td>\n<td data-sheets-value=\"{&quot;1&quot;:2,&quot;2&quot;:&quot;\\&quot;}\"><\/td>\n<td data-sheets-value=\"{&quot;1&quot;:2,&quot;2&quot;:&quot;\\&quot;}\"><\/td>\n<\/tr>\n<\/tbody>\n<\/table>\n<\/div>\n<p><img loading=\"lazy\" decoding=\"async\" class=\"size-medium wp-image-1409 aligncenter\" src=\"https:\/\/met3dp.com\/wp-content\/uploads\/2023\/09\/ed7a94ec-3c10-4b1b-87ed--300x300.jpg\" alt=\"s\u00e9rie d&#039;alliage de cuivre\" width=\"300\" height=\"300\" title=\"\"><\/p>\n<p><strong>Processus<\/strong>: M\u00e9thode d'atomisation par aspiration \u00e0 l'air<\/p>\n<p><strong>Avantages<\/strong>: Les produits imprim\u00e9s pr\u00e9sentent une bonne conductivit\u00e9 thermique et \u00e9lectrique, et combin\u00e9s \u00e0 sa conception, il est possible de produire des pi\u00e8ces de produits avec des structures internes et des canaux de refroidissement d\u2019une complexit\u00e9 sans pr\u00e9c\u00e9dent<\/p>\n<p><strong>APPLICATIONS<\/strong>: Chambre de pouss\u00e9e de moteur a\u00e9rospatial et autres composants, produits de moulage par impression 3D avec un meilleur effet de refroidissement, etc.<\/p>\n<p><strong>Emballage<\/strong>: emballage ordinaire tel que sachets en papier aluminium\/bouteilles en plastique\/tambours en fer, emballage sous vide ou sous gaz inerte, etc.<\/span><\/span><\/p>","protected":false},"excerpt":{"rendered":"<p>Sp\u00e9cification du produit Densit\u00e9 apparente Capacit\u00e9 d'\u00e9coulement Teneur en oxyg\u00e8ne R\u00e9sistance \u00e0 la traction R\u00e9sistance au rendement Allongement CuCrZr 15-53\u00c3\u00d7m 45-105\u00c3\u00d7m 75-150\u00c3\u00d7m \u00a1\u00d44.10g\/cm3 \u00a8P30s\/50g \u00a8P600ppm 350\u00a9I35Mpa 175\u00a9I10Mpa 8\u00a9I2% CuZn40 \u00a1\u00d44.25g\/cm3 \u00a8P30s\/50g \u00a8P600ppm CuSn10 \u00a1\u00d44.10g\/cm3 \u00a8P30s\/50g \u00a8P600ppm Proc\u00e9d\u00e9 : M\u00e9thode de pulv\u00e9risation d'air sous vide Avantages : Les produits imprim\u00e9s ont une bonne conductivit\u00e9 thermique et \u00e9lectrique, et combin\u00e9s \u00e0 la conception, les pi\u00e8ces du produit avec des...<\/p>","protected":false},"featured_media":1860,"parent":0,"template":"","meta":{"_acf_changed":false,"_kad_blocks_custom_css":"","_kad_blocks_head_custom_js":"","_kad_blocks_body_custom_js":"","_kad_blocks_footer_custom_js":"","_kad_post_transparent":"","_kad_post_title":"","_kad_post_layout":"","_kad_post_sidebar_id":"","_kad_post_content_style":"","_kad_post_vertical_padding":"","_kad_post_feature":"","_kad_post_feature_position":"","_kad_post_header":false,"_kad_post_footer":false,"_kad_post_classname":""},"product-category":[119,129],"class_list":["post-3931","product","type-product","status-publish","has-post-thumbnail","hentry","product-category-3d-printing-metal-powder","product-category-copper-alloy-powder"],"acf":[],"taxonomy_info":{"product-category":[{"value":119,"label":"3D Printing Metal Powder"},{"value":129,"label":"Copper Alloy Powder"}]},"featured_image_src_large":["https:\/\/3dpmetal.com\/wp-content\/uploads\/2024\/02\/Copper-alloy-series.jpg",600,600,false],"author_info":[],"comment_info":"","_links":{"self":[{"href":"https:\/\/3dpmetal.com\/fr\/wp-json\/wp\/v2\/product\/3931","targetHints":{"allow":["GET"]}}],"collection":[{"href":"https:\/\/3dpmetal.com\/fr\/wp-json\/wp\/v2\/product"}],"about":[{"href":"https:\/\/3dpmetal.com\/fr\/wp-json\/wp\/v2\/types\/product"}],"wp:featuredmedia":[{"embeddable":true,"href":"https:\/\/3dpmetal.com\/fr\/wp-json\/wp\/v2\/media\/1860"}],"wp:attachment":[{"href":"https:\/\/3dpmetal.com\/fr\/wp-json\/wp\/v2\/media?parent=3931"}],"wp:term":[{"taxonomy":"product-category","embeddable":true,"href":"https:\/\/3dpmetal.com\/fr\/wp-json\/wp\/v2\/product-category?post=3931"}],"curies":[{"name":"wp","href":"https:\/\/api.w.org\/{rel}","templated":true}]}}