{"id":3938,"date":"2024-03-18T06:10:15","date_gmt":"2024-03-18T06:10:15","guid":{"rendered":"https:\/\/3dp.45612300.xyz\/product\/gh4169inconel-718\/"},"modified":"2024-03-18T06:10:15","modified_gmt":"2024-03-18T06:10:15","slug":"gh4169inconel-718","status":"publish","type":"product","link":"https:\/\/3dpmetal.com\/fr\/product\/gh4169inconel-718\/","title":{"rendered":"GH4169 (Inconel 718)"},"content":{"rendered":"<p><span style=\"vertical-align: inherit;\"><span style=\"vertical-align: inherit;\">GH4169 est un alliage \u00e0 haute temp\u00e9rature \u00e0 base de nickel renforc\u00e9 au Nb-Mo. Son environnement de fonctionnement normal est de 253 \u00e0 650 \u00b0C. Il poss\u00e8de de bonnes propri\u00e9t\u00e9s m\u00e9caniques en dessous de 650 \u00b0C. Dans des circonstances sp\u00e9ciales, GH4169 peut \u00eatre utilis\u00e9 \u00e0 800 \u00b0C pendant une courte p\u00e9riode. GH4169 convient \u00e0 de nombreuses applications \u00e0 haute temp\u00e9rature, telles que les composants de turbine \u00e0 gaz.<\/p>\n<h2>Propri\u00e9t\u00e9s physiques<\/h2>\n<div>\n<table>\n<tbody>\n<tr>\n<td colspan=\"1\" rowspan=\"2\" data-sheets-value=\"{&quot;1&quot;:2,&quot;2&quot;:&quot;Size range&quot;}\">\n<div>\u00c9ventail des tailles<\/div>\n<\/td>\n<td colspan=\"3\" rowspan=\"1\" data-sheets-value=\"{&quot;1&quot;:2,&quot;2&quot;:&quot;Size distribution&quot;}\">Distribution granulom\u00e9trique<\/td>\n<td colspan=\"1\" rowspan=\"2\" data-sheets-value=\"{&quot;1&quot;:2,&quot;2&quot;:&quot;Hall flow rate&quot;}\">\n<div>D\u00e9bit de hall<\/div>\n<\/td>\n<td colspan=\"1\" rowspan=\"2\" data-sheets-value=\"{&quot;1&quot;:2,&quot;2&quot;:&quot;Bulk density&quot;}\">\n<div>Densit\u00e9 apparente<\/div>\n<\/td>\n<td colspan=\"1\" rowspan=\"2\" data-sheets-value=\"{&quot;1&quot;:2,&quot;2&quot;:&quot;Tap density&quot;}\">\n<div>Densit\u00e9 de tassement<\/div>\n<\/td>\n<\/tr>\n<tr>\n<td data-sheets-value=\"{&quot;1&quot;:2,&quot;2&quot;:&quot;D10(\u00c3\u00d7m)&quot;}\">D10(\u00c3\u00d7m)<\/td>\n<td data-sheets-value=\"{&quot;1&quot;:2,&quot;2&quot;:&quot;D50(\u00c3\u00d7m)&quot;}\">D50(\u00c3\u00d7m)<\/td>\n<td data-sheets-value=\"{&quot;1&quot;:2,&quot;2&quot;:&quot;D90(\u00c3\u00d7m)&quot;}\">D90 (mm)<\/td>\n<\/tr>\n<tr>\n<td data-sheets-value=\"{&quot;1&quot;:2,&quot;2&quot;:&quot;15-53\u00c3\u00d7m&quot;}\">15-53\u00c3\u00d7m<\/td>\n<td data-sheets-value=\"{&quot;1&quot;:2,&quot;2&quot;:&quot;17-22&quot;}\">17-22<\/td>\n<td data-sheets-value=\"{&quot;1&quot;:2,&quot;2&quot;:&quot;32-38&quot;}\">32-38<\/td>\n<td data-sheets-value=\"{&quot;1&quot;:2,&quot;2&quot;:&quot;52-58&quot;}\">52-58<\/td>\n<td data-sheets-value=\"{&quot;1&quot;:2,&quot;2&quot;:&quot;\u00a8P18s\/50g&quot;}\">\u00a8P18\/50g<\/td>\n<td data-sheets-value=\"{&quot;1&quot;:2,&quot;2&quot;:&quot;\u00a1\u00d44.20g\/cm3&quot;}\">\u00a1\u00d44,20 g\/cm3<\/td>\n<td data-sheets-value=\"{&quot;1&quot;:2,&quot;2&quot;:&quot;\u00a1\u00d44.80g\/cm3&quot;}\">\u00a1\u00d44.80g\/cm3<\/td>\n<\/tr>\n<\/tbody>\n<\/table>\n<\/div>\n<h2>Recommandations de traitement \u00e0 la chaleur<\/h2>\n<p>980-1060\u00a1\u00abC\/1h\/AC+720\u00a1\u00abC\u00a9I10\u00a1\u00abC\/8h\/F\u00ab\u201d620C10C\/8h\/AC<\/p>\n<h2>Comportement m\u00e9canique<\/h2>\n<div>\n<table>\n<tbody>\n<tr>\n<td colspan=\"3\" rowspan=\"1\" data-sheets-value=\"{&quot;1&quot;:2,&quot;2&quot;:&quot;815\u00a1\u00abC high temperature durability performance&quot;}\">815\u00a0: performances de durabilit\u00e9 \u00e0 haute temp\u00e9rature<\/td>\n<\/tr>\n<tr>\n<td data-sheets-value=\"{&quot;1&quot;:2,&quot;2&quot;:&quot;Constant stress (\u00d1\u00b4\/Mpa)&quot;}\">Contraintes normales (\u00d1\u00b4\/Mpa)<\/td>\n<td data-sheets-value=\"{&quot;1&quot;:2,&quot;2&quot;:&quot;Duration(t\/h)&quot;}\">Dur\u00e9e(t\/h)<\/td>\n<td data-sheets-value=\"{&quot;1&quot;:2,&quot;2&quot;:&quot;Elongation after break(\u00d1\u00b45\/%)&quot;}\">\n<div>\n<div>Allongement apr\u00e8s rupture(\u00d1\u00b45\/%)<\/div>\n<\/div>\n<\/td>\n<\/tr>\n<tr>\n<td data-sheets-value=\"{&quot;1&quot;:3,&quot;3&quot;:690}\">690<\/td>\n<td data-sheets-value=\"{&quot;1&quot;:3,&quot;3&quot;:80}\">80<\/td>\n<td data-sheets-value=\"{&quot;1&quot;:3,&quot;3&quot;:5}\">5<\/td>\n<\/tr>\n<\/tbody>\n<\/table>\n<\/div>\n<p><img loading=\"lazy\" decoding=\"async\" class=\"size-medium wp-image-1409 aligncenter\" src=\"https:\/\/met3dp.com\/wp-content\/uploads\/2023\/09\/ed7a94ec-3c10-4b1b-87ed--300x300.jpg\" alt=\"GH4169\" width=\"300\" height=\"300\" title=\"\"><\/p>\n<div>\n<table>\n<tbody>\n<tr>\n<td data-sheets-value=\"{&quot;1&quot;:2,&quot;2&quot;:&quot;Test temperature&quot;}\">Temp\u00e9rature d'essai<\/td>\n<td data-sheets-value=\"{&quot;1&quot;:2,&quot;2&quot;:&quot;Tensile strength (\u00bf\u00bcb\/Mpa)&quot;}\">R\u00e9sistance \u00e0 la traction (\u00bf\u00bcb\/Mpa)<\/td>\n<td data-sheets-value=\"{&quot;1&quot;:2,&quot;2&quot;:&quot;Yield strength (\u00bf\u00bcp0.2\/Mpa)&quot;}\">Limite d'\u00e9lasticit\u00e9 (?p0,2\/Mpa)<\/td>\n<td data-sheets-value=\"{&quot;1&quot;:2,&quot;2&quot;:&quot;Elongation (\u00d1\u00b45\/%)&quot;}\">\n<div>\n<div>Allongement (\u00d1\u00b45\/%)<\/div>\n<\/div>\n<\/td>\n<\/tr>\n<tr>\n<td data-sheets-value=\"{&quot;1&quot;:2,&quot;2&quot;:&quot;25\u00a1\u00cd&quot;}\">25\u00ba<\/td>\n<td data-sheets-value=\"{&quot;1&quot;:3,&quot;3&quot;:1270}\">1270<\/td>\n<td data-sheets-value=\"{&quot;1&quot;:3,&quot;3&quot;:1030}\">1030<\/td>\n<td data-sheets-value=\"{&quot;1&quot;:3,&quot;3&quot;:12}\">12<\/td>\n<\/tr>\n<tr>\n<td data-sheets-value=\"{&quot;1&quot;:2,&quot;2&quot;:&quot;650\u00a1\u00cd&quot;}\">650 000<\/td>\n<td data-sheets-value=\"{&quot;1&quot;:3,&quot;3&quot;:1000}\">1000<\/td>\n<td data-sheets-value=\"{&quot;1&quot;:3,&quot;3&quot;:860}\">860<\/td>\n<td data-sheets-value=\"{&quot;1&quot;:3,&quot;3&quot;:12}\">12<\/td>\n<\/tr>\n<\/tbody>\n<\/table>\n<\/div>\n<h2>Gamme de compositions chimiques (poids,-%)<\/h2>\n<div>\n<table>\n<tbody>\n<tr>\n<td style=\"text-align: center\" data-sheets-value=\"{&quot;1&quot;:2,&quot;2&quot;:&quot;Element&quot;}\"><strong>\u00e9l\u00e9ment<\/strong><\/td>\n<td style=\"text-align: center\" data-sheets-value=\"{&quot;1&quot;:2,&quot;2&quot;:&quot;C&quot;}\"><strong>Agissant en tant que traducteur et am\u00e9liorateur, traduis la phrase suivante en fran\u00e7ais :\nC<\/strong><\/td>\n<td style=\"text-align: center\" data-sheets-value=\"{&quot;1&quot;:2,&quot;2&quot;:&quot;Cr&quot;}\"><strong>Cr<\/strong><\/td>\n<td style=\"text-align: center\" data-sheets-value=\"{&quot;1&quot;:2,&quot;2&quot;:&quot;Ni&quot;}\"><strong>Ni<\/strong><\/td>\n<td style=\"text-align: center\" data-sheets-value=\"{&quot;1&quot;:2,&quot;2&quot;:&quot;Co&quot;}\"><strong>Co<\/strong><\/td>\n<td style=\"text-align: center\" data-sheets-value=\"{&quot;1&quot;:2,&quot;2&quot;:&quot;Nb&quot;}\"><strong>Nb<\/strong><\/td>\n<td style=\"text-align: center\" data-sheets-value=\"{&quot;1&quot;:2,&quot;2&quot;:&quot;Mo&quot;}\"><strong>Mo<\/strong><\/td>\n<\/tr>\n<tr>\n<td style=\"text-align: center\" data-sheets-value=\"{&quot;1&quot;:2,&quot;2&quot;:&quot;wt\u00a8\u00d4&quot;}\">wt\u00a8\u00d4<\/td>\n<td style=\"text-align: center\" data-sheets-value=\"{&quot;1&quot;:2,&quot;2&quot;:&quot;0.02-0.06&quot;}\">0.02-0.06<\/td>\n<td style=\"text-align: center\" data-sheets-value=\"{&quot;1&quot;:2,&quot;2&quot;:&quot;17.00-21.00&quot;}\">17.00-21.00<\/td>\n<td style=\"text-align: center\" data-sheets-value=\"{&quot;1&quot;:2,&quot;2&quot;:&quot; 50.00-55.00&quot;}\">50.00-55.00<\/td>\n<td style=\"text-align: center\" data-sheets-value=\"{&quot;1&quot;:2,&quot;2&quot;:&quot;\u00a8P1.00&quot;}\">[P1.00]<\/td>\n<td style=\"text-align: center\" data-sheets-value=\"{&quot;1&quot;:2,&quot;2&quot;:&quot;4.75-5.50&quot;}\">4.75-5.50<\/td>\n<td style=\"text-align: center\" data-sheets-value=\"{&quot;1&quot;:2,&quot;2&quot;:&quot;2.80-3.30&quot;}\">2.80-3.30<\/td>\n<\/tr>\n<tr>\n<td style=\"text-align: center\" data-sheets-value=\"{&quot;1&quot;:2,&quot;2&quot;:&quot;Element&quot;}\"><strong>\u00e9l\u00e9ment<\/strong><\/td>\n<td style=\"text-align: center\" data-sheets-value=\"{&quot;1&quot;:2,&quot;2&quot;:&quot;Al&quot;}\"><strong>Al<\/strong><\/td>\n<td style=\"text-align: center\" data-sheets-value=\"{&quot;1&quot;:2,&quot;2&quot;:&quot;Ti&quot;}\"><strong>Tu<\/strong><\/td>\n<td style=\"text-align: center\" data-sheets-value=\"{&quot;1&quot;:2,&quot;2&quot;:&quot;Fe&quot;}\"><strong>Fer<\/strong><\/td>\n<td style=\"text-align: center\" data-sheets-value=\"{&quot;1&quot;:2,&quot;2&quot;:&quot;B&quot;}\"><strong>B. Agir comme traducteur et am\u00e9liorer, Traduisez le texte suivant en FR:\n\nB.<\/strong><\/td>\n<td style=\"text-align: center\" data-sheets-value=\"{&quot;1&quot;:2,&quot;2&quot;:&quot;Mg&quot;}\"><strong>Mg<\/strong><\/td>\n<td style=\"text-align: center\" data-sheets-value=\"{&quot;1&quot;:2,&quot;2&quot;:&quot;Mn&quot;}\"><strong>Mn<\/strong><\/td>\n<\/tr>\n<tr>\n<td style=\"text-align: center\" data-sheets-value=\"{&quot;1&quot;:2,&quot;2&quot;:&quot;wt\u00a8\u00d4&quot;}\">wt\u00a8\u00d4<\/td>\n<td style=\"text-align: center\" data-sheets-value=\"{&quot;1&quot;:2,&quot;2&quot;:&quot;0.20-0.80&quot;}\">0.20-0.80<\/td>\n<td style=\"text-align: center\" data-sheets-value=\"{&quot;1&quot;:2,&quot;2&quot;:&quot;0.65-1.15&quot;}\">0.65-1.15<\/td>\n<td style=\"text-align: center\" data-sheets-value=\"{&quot;1&quot;:2,&quot;2&quot;:&quot;Bal&quot;}\">Bal<\/td>\n<td style=\"text-align: center\" data-sheets-value=\"{&quot;1&quot;:2,&quot;2&quot;:&quot;\u00a8P0.006&quot;}\">\u00a8P0.006<\/td>\n<td style=\"text-align: center\" data-sheets-value=\"{&quot;1&quot;:2,&quot;2&quot;:&quot;\u00a8P0.010&quot;}\">\u00a8P0.010<\/td>\n<td style=\"text-align: center\" data-sheets-value=\"{&quot;1&quot;:2,&quot;2&quot;:&quot;\u00a8P0.35&quot;}\">\u00a8P0,35<\/td>\n<\/tr>\n<tr>\n<td style=\"text-align: center\" data-sheets-value=\"{&quot;1&quot;:2,&quot;2&quot;:&quot;Element&quot;}\"><strong>\u00e9l\u00e9ment<\/strong><\/td>\n<td style=\"text-align: center\" data-sheets-value=\"{&quot;1&quot;:2,&quot;2&quot;:&quot;Si&quot;}\"><strong>Oui<\/strong><\/td>\n<td style=\"text-align: center\" data-sheets-value=\"{&quot;1&quot;:2,&quot;2&quot;:&quot;P&quot;}\"><strong>En tant que traducteur et correcteur, Voici la traduction en fran\u00e7ais du texte fourni:\n\nP<\/strong><\/td>\n<td style=\"text-align: center\" data-sheets-value=\"{&quot;1&quot;:2,&quot;2&quot;:&quot;S&quot;}\"><strong>Agissant en tant que traducteur et am\u00e9liorateur, traduisez le texte suivant en fran\u00e7ais :\n\nS<\/strong><\/td>\n<td style=\"text-align: center\" data-sheets-value=\"{&quot;1&quot;:2,&quot;2&quot;:&quot;Cu&quot;}\"><strong>Cu<\/strong><\/td>\n<td style=\"text-align: center\" data-sheets-value=\"{&quot;1&quot;:2,&quot;2&quot;:&quot;O&quot;}\"><strong>Oh<\/strong><\/td>\n<td style=\"text-align: center\" data-sheets-value=\"{&quot;1&quot;:2,&quot;2&quot;:&quot;N&quot;}\"><strong>\/A<\/strong><\/td>\n<\/tr>\n<tr>\n<td style=\"text-align: center\" data-sheets-value=\"{&quot;1&quot;:2,&quot;2&quot;:&quot;wt\u00a8\u00d4&quot;}\">wt\u00a8\u00d4<\/td>\n<td style=\"text-align: center\" data-sheets-value=\"{&quot;1&quot;:2,&quot;2&quot;:&quot;\u00a8P0.35&quot;}\">\u00a8P0,35<\/td>\n<td style=\"text-align: center\" data-sheets-value=\"{&quot;1&quot;:2,&quot;2&quot;:&quot;\u00a8P0.015&quot;}\">\u00a8P0,015<\/td>\n<td style=\"text-align: center\" data-sheets-value=\"{&quot;1&quot;:2,&quot;2&quot;:&quot;\u00a8P0.015&quot;}\">\u00a8P0,015<\/td>\n<td style=\"text-align: center\" data-sheets-value=\"{&quot;1&quot;:2,&quot;2&quot;:&quot;\u00a8P0.30&quot;}\">\u00a8P0,30<\/td>\n<td style=\"text-align: center\" data-sheets-value=\"{&quot;1&quot;:2,&quot;2&quot;:&quot;\u00a8P0.020&quot;}\">P0.020<\/td>\n<td style=\"text-align: center\" data-sheets-value=\"{&quot;1&quot;:2,&quot;2&quot;:&quot;\u00a8P0.015&quot;}\">\u00a8P0,015<\/td>\n<\/tr>\n<\/tbody>\n<\/table>\n<\/div>\n<p><\/span><\/span><\/p>","protected":false},"excerpt":{"rendered":"<p>Le GH4169 est un alliage haute temp\u00e9rature \u00e0 base de nickel renforc\u00e9 de Nb-Mo. Son environnement de travail normal est compris entre 253 et 650 \u00b0C. Il poss\u00e8de de bonnes propri\u00e9t\u00e9s m\u00e9caniques en dessous de 650\u00b0C. Dans des circonstances particuli\u00e8res, le GH4169 peut \u00eatre utilis\u00e9 \u00e0 800\u00a1\"C pendant une courte p\u00e9riode. Le GH4169 convient \u00e0 de nombreuses applications \u00e0 haute temp\u00e9rature, telles que les composants de turbines \u00e0 gaz. Propri\u00e9t\u00e9s physiques Gamme de taille Distribution de taille...<\/p>","protected":false},"featured_media":1873,"parent":0,"template":"","meta":{"_acf_changed":false,"_kad_blocks_custom_css":"","_kad_blocks_head_custom_js":"","_kad_blocks_body_custom_js":"","_kad_blocks_footer_custom_js":"","_kad_post_transparent":"","_kad_post_title":"","_kad_post_layout":"","_kad_post_sidebar_id":"","_kad_post_content_style":"","_kad_post_vertical_padding":"","_kad_post_feature":"","_kad_post_feature_position":"","_kad_post_header":false,"_kad_post_footer":false,"_kad_post_classname":""},"product-category":[119,120],"class_list":["post-3938","product","type-product","status-publish","has-post-thumbnail","hentry","product-category-3d-printing-metal-powder","product-category-high-temperature-alloy-powder"],"acf":[],"taxonomy_info":{"product-category":[{"value":119,"label":"3D Printing Metal Powder"},{"value":120,"label":"High Temperature Alloy Powder"}]},"featured_image_src_large":["https:\/\/3dpmetal.com\/wp-content\/uploads\/2024\/02\/GH4169.jpg",600,600,false],"author_info":[],"comment_info":"","_links":{"self":[{"href":"https:\/\/3dpmetal.com\/fr\/wp-json\/wp\/v2\/product\/3938","targetHints":{"allow":["GET"]}}],"collection":[{"href":"https:\/\/3dpmetal.com\/fr\/wp-json\/wp\/v2\/product"}],"about":[{"href":"https:\/\/3dpmetal.com\/fr\/wp-json\/wp\/v2\/types\/product"}],"wp:featuredmedia":[{"embeddable":true,"href":"https:\/\/3dpmetal.com\/fr\/wp-json\/wp\/v2\/media\/1873"}],"wp:attachment":[{"href":"https:\/\/3dpmetal.com\/fr\/wp-json\/wp\/v2\/media?parent=3938"}],"wp:term":[{"taxonomy":"product-category","embeddable":true,"href":"https:\/\/3dpmetal.com\/fr\/wp-json\/wp\/v2\/product-category?post=3938"}],"curies":[{"name":"wp","href":"https:\/\/api.w.org\/{rel}","templated":true}]}}