{"id":3939,"date":"2024-03-18T06:10:15","date_gmt":"2024-03-18T06:10:15","guid":{"rendered":"https:\/\/3dp.45612300.xyz\/product\/gh3625-powderinconel-625-powder\/"},"modified":"2024-03-18T06:10:15","modified_gmt":"2024-03-18T06:10:15","slug":"gh3625-powderinconel-625-powder","status":"publish","type":"product","link":"https:\/\/3dpmetal.com\/fr\/product\/gh3625-powderinconel-625-powder\/","title":{"rendered":"Poudre GH3625 (poudre Inconel 625)"},"content":{"rendered":"<p><span style=\"vertical-align: inherit;\"><span style=\"vertical-align: inherit;\"><\/p>\n<h2>Aper\u00e7u<\/h2>\n<p><img loading=\"lazy\" decoding=\"async\" class=\"wp-image-2160 size-full aligncenter\" src=\"https:\/\/met3dp.com\/wp-content\/uploads\/2023\/09\/in718-powder.jpg\" alt=\"Poudre d&#039;Inconel\" width=\"600\" height=\"600\" title=\"\"><\/p>\n<p class=\"whitespace-pre-wrap\">La poudre GH3625 est une poudre d\u2019alliage utilis\u00e9 pour le m\u00e9tal <a href=\"https:\/\/en.wikipedia.org\/wiki\/3D_printing\" target=\"_blank\" rel=\"noopener\">fabrication additive<\/a> des proc\u00e9d\u00e9s tels que le frittage laser s\u00e9lectif (SLS) et le frittage laser direct de m\u00e9tal (DMLS). C'est un superalliage \u00e0 base de nickel qui offre une grande r\u00e9sistance, une r\u00e9sistance \u00e0 la corrosion et d'excellentes propri\u00e9t\u00e9s \u00e0 haute temp\u00e9rature.<\/p>\n<p class=\"whitespace-pre-wrap\">GH3625 est sp\u00e9cialement con\u00e7u pour la fabrication additive afin de produire des pi\u00e8ces complexes et denses avec des propri\u00e9t\u00e9s m\u00e9caniques exceptionnelles comparables aux mat\u00e9riaux bruts. Il permet de produire des composants l\u00e9gers avec des g\u00e9om\u00e9tries complexes pour les applications a\u00e9rospatiales, automobiles, m\u00e9dicales et industrielles.<\/p>\n<p class=\"whitespace-pre-wrap\">Ce guide fournit une vue d'ensemble d\u00e9taill\u00e9e concernant la poudre GH3625 comprenant sa composition, ses propri\u00e9t\u00e9s, ses applications, ses caract\u00e9ristiques, ses tarifs, ses avantages et ses limites. Des comparaisons avec d'autres alliages courants comme l'inconel 718 et la stellite 21 ont \u00e9t\u00e9 r\u00e9alis\u00e9es afin de mettre en avant la performance et l'ad\u00e9quation du GH3625 \u00e0 diff\u00e9rentes utilisations. Une section FAQ r\u00e9pond \u00e0 des questions essentielles concernant ce mat\u00e9riau.<\/p>\n<h2>Composition de poudre GH3625<\/h2>\n<p class=\"whitespace-pre-wrap\">Le GH3625 a une composition chimique complexe, con\u00e7ue pour fournir une combinaison de haute r\u00e9sistance, de r\u00e9sistance \u00e0 fatigue thermique, \u00e0 l'oxydation et \u00e0 la corrosion. Voici un aper\u00e7u de sa composition\u00a0:<\/p>\n<table>\n<thead>\n<tr>\n<th><strong>\u00e9l\u00e9ment<\/strong><\/th>\n<th><strong>% en poids<\/strong><\/th>\n<\/tr>\n<\/thead>\n<tbody>\n<tr>\n<td>Nickel<\/td>\n<td>\u00c9quilibre<\/td>\n<\/tr>\n<tr>\n<td>Chromium<\/td>\n<td>15-17%<\/td>\n<\/tr>\n<tr>\n<td>Cobalt<\/td>\n<td>10%<\/td>\n<\/tr>\n<tr>\n<td>Molybd\u00e8ne, molybd\u00e8ne<\/td>\n<td>8-10%<\/td>\n<\/tr>\n<tr>\n<td>Tantale<\/td>\n<td>5-6%<\/td>\n<\/tr>\n<tr>\n<td>Aluminium<\/td>\n<td>1.2-1.7%<\/td>\n<\/tr>\n<tr>\n<td>Titane<\/td>\n<td>0.5-1.2%<\/td>\n<\/tr>\n<tr>\n<td>Bore<\/td>\n<td>0.01%<\/td>\n<\/tr>\n<\/tbody>\n<\/table>\n<p class=\"whitespace-pre-wrap\">Le nickel constitue la base de ce superalliage apportant ductilit\u00e9 et t\u00e9nacit\u00e9. Des \u00e9l\u00e9ments comme le chrome, le cobalt et le molybd\u00e8ne contribuent \u00e0 une r\u00e9sistance \u00e0 haute temp\u00e9rature gr\u00e2ce \u00e0 un renforcement en solution solide.<\/p>\n<p class=\"whitespace-pre-wrap\">Tantale fournit un renforcement de solution solide et forme des particules de carbure pour le durcissement par pr\u00e9cipitation. L'aluminium et le titane forment la phase gamma prime Ni3(Al,Ti) pour donner d'excellentes propri\u00e9t\u00e9s m\u00e9caniques \u00e0 haute temp\u00e9rature. Le bore am\u00e9liore la r\u00e9sistance des joints de grains.<\/p>\n<p class=\"whitespace-pre-wrap\">La composition \u00e9quilibr\u00e9e conf\u00e8re \u00e0 la poudre GH3625 une excellente soudabilit\u00e9 par rapport aux aciers inoxydables \u00e0 pr\u00e9cipitation. Elle peut \u00eatre facilement post-trait\u00e9e par compression isostatique \u00e0 chaud (CIC), traitement thermique et usinage.<\/p>\n<h2>Propri\u00e9t\u00e9s de la poudre GH3625<\/h2>\n<p class=\"whitespace-pre-wrap\">La GH3625 powder a les propri\u00e9t\u00e9s physiques et m\u00e9caniques suivantes qui la rendent adapt\u00e9e aux applications exigeantes\u00a0:<\/p>\n<p class=\"whitespace-pre-wrap\"><strong>Propri\u00e9t\u00e9s de la poudre GH3625<\/strong><\/p>\n<table>\n<thead>\n<tr>\n<th><strong>Propri\u00e9t\u00e9 immobili\u00e8re<\/strong><\/th>\n<th><strong>Valeur<\/strong><\/th>\n<\/tr>\n<\/thead>\n<tbody>\n<tr>\n<td>Densit\u00e9<\/td>\n<td>8.1-8.5 g\/cc<\/td>\n<\/tr>\n<tr>\n<td>Point de fusion<\/td>\n<td>1260-1335\u00a1\u00abC<\/td>\n<\/tr>\n<tr>\n<td>Conductivit\u00e9 thermique<\/td>\n<td>11\u201312,5 W\/mK<\/td>\n<\/tr>\n<tr>\n<td>Coefficient de dilatation thermique<\/td>\n<td>12,5-13,5 x 10&lt;sup&gt;-6&lt;\/sup&gt;\/K<\/td>\n<\/tr>\n<tr>\n<td>Module d'\u00e9lasticit\u00e9<\/td>\n<td>156-186 Gpa<\/td>\n<\/tr>\n<tr>\n<td>Coefficient de Poisson<\/td>\n<td>0.29-0.33<\/td>\n<\/tr>\n<tr>\n<td>R\u00e9sistance \u00e0 la traction<\/td>\n<td>1050-1280 MPa<\/td>\n<\/tr>\n<tr>\n<td>Limite d'\u00e9lasticit\u00e9 (d\u00e9formation de 0,2 %)<\/td>\n<td>860 \u00e0 1050 MPa<\/td>\n<\/tr>\n<tr>\n<td>Allongement<\/td>\n<td>8-15%<\/td>\n<\/tr>\n<tr>\n<td>Duret\u00e9<\/td>\n<td>32-38 HRC<\/td>\n<\/tr>\n<\/tbody>\n<\/table>\n<p class=\"whitespace-pre-wrap\">Son point de fusion \u00e9lev\u00e9, sa conductivit\u00e9 thermique et son faible coefficient de dilatation thermique permettent une bonne stabilit\u00e9 dimensionnelle \u00e0 haute temp\u00e9rature jusqu'\u00e0 1000\u00a1\u00abC pendant des p\u00e9riodes limit\u00e9es.<\/p>\n<p class=\"whitespace-pre-wrap\">L'alliage poss\u00e8de d'excellentes r\u00e9sistance \u00e0 la traction et \u00e0 la limite d'\u00e9lasticit\u00e9, comparables \u00e0 celles des mat\u00e9riaux \u00e9labor\u00e9s, ainsi qu'une bonne ductilit\u00e9 et une bonne t\u00e9nacit\u00e9 \u00e0 la fracture. Il pr\u00e9sente une duret\u00e9 \u00e9lev\u00e9e, une r\u00e9sistance \u00e0 l'usure, au grippage et \u00e0 l'abrasion.<\/p>\n<p class=\"whitespace-pre-wrap\">Ces propri\u00e9t\u00e9s permettent au GH3625 de surpasser les aciers inoxydables, les alliages de cobalt et m\u00eame de rivaliser avec les superalliages de nickel \u00e0 durcissement structural en mati\u00e8re de r\u00e9sistance aux temp\u00e9ratures \u00e9lev\u00e9es. Il offre \u00e9galement une meilleure soudabilit\u00e9 que l'Inconel 718.<\/p>\n<h2>GH3625 Poudre applications<\/h2>\n<p class=\"whitespace-pre-wrap\">La combinaison de la haute r\u00e9sistance, duret\u00e9, t\u00e9nacit\u00e9 et stabilit\u00e9 thermique rend GH3625 apte \u00e0\u00a0:<\/p>\n<p class=\"whitespace-pre-wrap\"><strong>Applications GH3625<\/strong><\/p>\n<table>\n<thead>\n<tr>\n<th><strong>Industrie<\/strong><\/th>\n<th><strong>Composantes<\/strong><\/th>\n<\/tr>\n<\/thead>\n<tbody>\n<tr>\n<td>A\u00e9rospatial<\/td>\n<td>Aubes de turbine, pi\u00e8ces de chambre de combustion, aubages directeurs<\/td>\n<\/tr>\n<tr>\n<td>Automobile<\/td>\n<td>Turbines, collecteurs d'\u00e9chappement, vannes<\/td>\n<\/tr>\n<tr>\n<td>P\u00e9trole et gaz<\/td>\n<td>Pi\u00e8ces de t\u00eates de puits, outils de fond, vannes<\/td>\n<\/tr>\n<tr>\n<td>Production d'\u00e9lectricit\u00e9<\/td>\n<td>\u00c9changeurs de chaleur, composants de br\u00fbleurs<\/td>\n<\/tr>\n<tr>\n<td>Traitement chimique<\/td>\n<td>Pompes, distributeurs, cuves de r\u00e9action<\/td>\n<\/tr>\n<tr>\n<td>M\u00e9dical<\/td>\n<td>Implants dentaires, proth\u00e8ses, instruments chirurgicaux<\/td>\n<\/tr>\n<\/tbody>\n<\/table>\n<p class=\"whitespace-pre-wrap\">La possibilit\u00e9 d\u2019effectuer une impression 3D de g\u00e9om\u00e9tries complexes permet de consolider plusieurs pi\u00e8ces en un composant unique et en structures de treillis l\u00e9gers. Cela permet d\u2019imprimer plus rapidement des composants d\u2019une seule pi\u00e8ce que d\u2019assembler de multiples sections.<\/p>\n<p class=\"whitespace-pre-wrap\">Le GH3625 est utilis\u00e9 pour imprimer des pales, des aubes de ventilateur, des plaques, des disques, des tubes avec des canaux de refroidissement conformes et d'autres composants critiques de mission fonctionnant sous des temp\u00e9ratures et des pressions \u00e9lev\u00e9es.<\/p>\n<h2>Sp\u00e9cifications de la poudre GH3625<\/h2>\n<p class=\"whitespace-pre-wrap\">La poudre GH3625 pour les proc\u00e9d\u00e9s de fabrication additive est disponible dans diff\u00e9rentes r\u00e9partitions granulom\u00e9triques, formes et formulations aupr\u00e8s de divers fabricants de poudres.<\/p>\n<p class=\"whitespace-pre-wrap\"><strong>Types de poudres GH3625<\/strong><\/p>\n<table>\n<thead>\n<tr>\n<th><strong>Sp\u00e9cification<\/strong><\/th>\n<th><strong>D\u00e9tails<\/strong><\/th>\n<\/tr>\n<\/thead>\n<tbody>\n<tr>\n<td>Distribution de la taille des particules<\/td>\n<td>15-45 \u00d7m, 15-53 \u00d7m, 53-150 \u00d7m<\/td>\n<\/tr>\n<tr>\n<td>Forme des particules<\/td>\n<td>Sph\u00e9rique, satellitaire, polyh\u00e9drique<\/td>\n<\/tr>\n<tr>\n<td>Modifications d'alliage<\/td>\n<td>Avec B, C, Zr, Nb, Ta<\/td>\n<\/tr>\n<tr>\n<td>M\u00e9thode de fabrication<\/td>\n<td>Atomisation par gaz, atomisation par plasma<\/td>\n<\/tr>\n<\/tbody>\n<\/table>\n<p class=\"whitespace-pre-wrap\">L'atomisation de gaz et l'atomisation de plasma produisent des poudres sph\u00e9riques optimales pour les proc\u00e9d\u00e9s SLS\/DMLS. Les poudres satellites ont une densit\u00e9 apparente plus \u00e9lev\u00e9e et am\u00e9liorent la fluidit\u00e9 de la poudre.<\/p>\n<p class=\"whitespace-pre-wrap\">Les poudres plus petites de 15 \u00e0 45 \u00c3 m offrent une haute r\u00e9solution et une finition de surface, tandis que les poudres plus grandes de 53 \u00e0 150 \u00c3 m permettent des vitesses de construction plus rapides. Diff\u00e9rents ajouts d'alliage tels que le bore, le carbone, le zirconium, le niobium et le tantale sont utilis\u00e9s pour adapter les propri\u00e9t\u00e9s des mat\u00e9riaux.<\/p>\n<p class=\"whitespace-pre-wrap\"><strong>Normes GH3625\u00a0pour les poudres<\/strong><\/p>\n<table>\n<thead>\n<tr>\n<th><strong>Standard<\/strong><\/th>\n<th><strong>Description<\/strong><\/th>\n<\/tr>\n<\/thead>\n<tbody>\n<tr>\n<td>ASTM F3056<\/td>\n<td>Sp\u00e9cification standard pour l\u2019alliage de nickel de fabrication additive<\/td>\n<\/tr>\n<tr>\n<td>AMS7016<\/td>\n<td>Poudre d'alliage de nickel pour service \u00e0 haute temp\u00e9rature<\/td>\n<\/tr>\n<tr>\n<td>ASME B46.1<\/td>\n<td>Conditions de rugosit\u00e9 de surface<\/td>\n<\/tr>\n<\/tbody>\n<\/table>\n<p class=\"whitespace-pre-wrap\">La poudre GH3625 est qualifi\u00e9e en fonction des limites de composition, de la granulom\u00e9trie, de la morphologie, de la fluidit\u00e9, de la densit\u00e9 apparente et de la microstructure conform\u00e9ment \u00e0 la norme ASTM F3056. Des tests suppl\u00e9mentaires conformes aux normes d'application sont requis.<\/p>\n<h2>Prix de la poudre GH3625<\/h2>\n<p class=\"whitespace-pre-wrap\">La poudre GH3625 est plus ch\u00e8re que les poudres en acier inoxydable en raison de sa composition complexe et de sa nature exclusive. Voici les fourchettes de prix habituelles\u00a0:<\/p>\n<p class=\"whitespace-pre-wrap\"><strong>Co\u00fbt de la poudre GH3625<\/strong><\/p>\n<table>\n<thead>\n<tr>\n<th><strong>Cat\u00e9gories de poudre<\/strong><\/th>\n<th><strong>Gamme de prix<\/strong><\/th>\n<\/tr>\n<\/thead>\n<tbody>\n<tr>\n<td>GH3625<\/td>\n<td>90-200 \u20ac par kg<\/td>\n<\/tr>\n<tr>\n<td>GH3625 + Bore<\/td>\n<td>$110-250 par kg<\/td>\n<\/tr>\n<tr>\n<td>GH3625 + Carbone<\/td>\n<td>100 \u00e0 220 \u20ac par kg<\/td>\n<\/tr>\n<\/tbody>\n<\/table>\n<p class=\"whitespace-pre-wrap\">Les prix varient en fonction de la quantit\u00e9 command\u00e9e, de la granulom\u00e9trie, de la forme, de la m\u00e9thode de fabrication, du fournisseur et des caract\u00e9risations ou qualifications suppl\u00e9mentaires requises pour la poudre.<\/p>\n<h2>Avantages et inconv\u00e9nients du GH3625 en poudre<\/h2>\n<p class=\"whitespace-pre-wrap\">Le GH3625 pr\u00e9sente les avantages suivants qui en font un choix populaire\u00a0:<\/p>\n<p class=\"whitespace-pre-wrap\"><strong>Avantages du GH3625<\/strong><\/p>\n<ul class=\"list-disc pl-8 space-y-2\">\n<li class=\"whitespace-normal\">Excellente r\u00e9sistance et duret\u00e9 jusqu'\u00e0 1000 \u00b0C<\/li>\n<li class=\"whitespace-normal\">Bonne r\u00e9sistance \u00e0 la corrosion et \u00e0 l'oxydation<\/li>\n<li class=\"whitespace-normal\">Soudable pour le post-traitement<\/li>\n<li class=\"whitespace-normal\">Ductilit\u00e9 plus \u00e9lev\u00e9e que l'Inconel 718<\/li>\n<li class=\"whitespace-normal\">Peut \u00eatre \u00e9croui par traitement thermique<\/li>\n<li class=\"whitespace-normal\">G\u00e9om\u00e9tries complexes permises par la fabrication additive<\/li>\n<li class=\"whitespace-normal\">Plus rapide et moins cher que les moulages<\/li>\n<li class=\"whitespace-normal\">R\u00e9duit le nombre de pi\u00e8ces par consolidation<\/li>\n<\/ul>\n<p class=\"whitespace-pre-wrap\"><strong>GH3625 Inconv\u00e9nients<\/strong><\/p>\n<ul class=\"list-disc pl-8 space-y-2\">\n<li class=\"whitespace-normal\">Plus cher que les aciers inoxydables<\/li>\n<li class=\"whitespace-normal\">Moins de r\u00e9sistance qu'Inconel 718 au-dessus de 550\u00a1\u00abC<\/li>\n<li class=\"whitespace-normal\">Sensible \u00e0 la fissuration par vieillissement de contrainte<\/li>\n<li class=\"whitespace-normal\">N\u00e9cessite un pressage isostatique \u00e0 chaud (HIP)<\/li>\n<li class=\"whitespace-normal\">Difficile \u00e0 usiner : n\u00e9cessite des outils sp\u00e9cifiques<\/li>\n<li class=\"whitespace-normal\">Donn\u00e9es limit\u00e9es du fournisseur sur les performances \u00e0 long terme<\/li>\n<\/ul>\n<p class=\"whitespace-pre-wrap\">Une s\u00e9lection appropri\u00e9e des param\u00e8tres du proc\u00e9d\u00e9 AM et le post-traitement att\u00e9nuent certaines des limites de la poudre GH3625.<\/p>\n<h2>Comparaison de GH3625 et <a href=\"https:\/\/met3dp.com\/inconel-718-alloy-powder\/\" target=\"_blank\" rel=\"noopener\">Inconel 718<\/a> et Stellite 21<\/h2>\n<p class=\"whitespace-pre-wrap\">Le GH3625 occupe une niche entre l'Inconel 718 et le Stellite 21 en termes de propri\u00e9t\u00e9s et de co\u00fbts\u00a0:<\/p>\n<p class=\"whitespace-pre-wrap\"><strong>Comparaison d'alliage<\/strong><\/p>\n<table>\n<thead>\n<tr>\n<th><strong>Propri\u00e9t\u00e9 immobili\u00e8re<\/strong><\/th>\n<th><strong>GH3625<\/strong><\/th>\n<th><strong>Inconel 718<\/strong><\/th>\n<th><strong>Stellite 21<\/strong><\/th>\n<\/tr>\n<\/thead>\n<tbody>\n<tr>\n<td>Co\u00fbt<\/td>\n<td>Moyen<\/td>\n<td>\u00c9lev\u00e9<\/td>\n<td>Bas<\/td>\n<\/tr>\n<tr>\n<td>Densit\u00e9<\/td>\n<td>\u00c9lev\u00e9<\/td>\n<td>Moyen<\/td>\n<td>\u00c9lev\u00e9<\/td>\n<\/tr>\n<tr>\n<td>Force<\/td>\n<td>Moyen<\/td>\n<td>Tr\u00e8s haut<\/td>\n<td>Moyen<\/td>\n<\/tr>\n<tr>\n<td>Duret\u00e9<\/td>\n<td>\u00c9lev\u00e9<\/td>\n<td>Moyen<\/td>\n<td>Tr\u00e8s haut<\/td>\n<\/tr>\n<tr>\n<td>R\u00e9sistance \u00e0 l'usure<\/td>\n<td>Moyen<\/td>\n<td>Bas<\/td>\n<td>Tr\u00e8s haut<\/td>\n<\/tr>\n<tr>\n<td>R\u00e9sistance \u00e0 la corrosion<\/td>\n<td>Moyen<\/td>\n<td>\u00c9lev\u00e9<\/td>\n<td>Moyen<\/td>\n<\/tr>\n<tr>\n<td>R\u00e9sistance \u00e0 l'oxydation<\/td>\n<td>Moyen<\/td>\n<td>\u00c9lev\u00e9<\/td>\n<td>Moyen<\/td>\n<\/tr>\n<tr>\n<td>Stabilit\u00e9 thermique<\/td>\n<td>Jusqu'\u00e0 1\u00a0000\u00a0\u00a1\u00ab C<\/td>\n<td>Jusqu'\u00e0 700\u00b0C<\/td>\n<td>Jusqu'\u00e0 900 \u00b0 C<\/td>\n<\/tr>\n<tr>\n<td>Soudabilit\u00e9<\/td>\n<td>Bien<\/td>\n<td>Laiss\u00e9 \u00e0 l'abandon<\/td>\n<td>Moyen<\/td>\n<\/tr>\n<tr>\n<td>Fabriquabilit\u00e9<\/td>\n<td>Moyen<\/td>\n<td>Difficile<\/td>\n<td>Facile<\/td>\n<\/tr>\n<\/tbody>\n<\/table>\n<p class=\"whitespace-pre-wrap\">GH3625 \u00e9gale voire d\u00e9passe les performances des alliages de cobalt Stellite 21 en termes de r\u00e9sistance \u00e0 l'usure et \u00e0 la corrosion, mais \u00e0 un co\u00fbt inf\u00e9rieur. Il se rapproche de la r\u00e9sistance de l'Inconel 718 jusqu'\u00e0 550 \u00a1\u00abC et offre une meilleure soudabilit\u00e9 et fabricabilit\u00e9.<\/p>\n<p class=\"whitespace-pre-wrap\">Cela en fait une alternative rentable pour de nombreuses applications n\u00e9cessitant des performances comprises entre ces alliages standard. La possibilit\u00e9 d'imprimer en 3D des g\u00e9om\u00e9tries complexes lui procure \u00e9galement un avantage.<\/p>\n<h2>GH3625 Poudre - FAQ<\/h2>\n<p class=\"whitespace-pre-wrap\"><strong>Q\u00a0: Qu'est-ce que\u00a0la poudre GH3625\u00a0?<\/strong><\/p>\n<p class=\"whitespace-pre-wrap\">R : GH3625 est une poudre de superalliage \u00e0 base de nickel sp\u00e9cialement con\u00e7ue pour les proc\u00e9d\u00e9s de fabrication additive tels que le frittage s\u00e9lectif par laser (SLS) et le frittage laser direct de m\u00e9tal (DMLS). Il offre une excellente combinaison de r\u00e9sistance \u00e0 haute temp\u00e9rature, duret\u00e9, r\u00e9sistance \u00e0 l'usure et \u00e0 la corrosion.<\/p>\n<p class=\"whitespace-pre-wrap\"><strong>Q\u00a0: \u00c0 quoi sert la poudre GH3625\u00a0?<\/strong><\/p>\n<p class=\"whitespace-pre-wrap\">R : La poudre GH3625 est utilis\u00e9e pour imprimer en 3D des composants critiques comme des pales de turbine, des collecteurs, des turbines d'impulseurs, des \u00e9changeurs de chaleur qui requi\u00e8rent de grandes propri\u00e9t\u00e9s m\u00e9caniques, une stabilit\u00e9 dimensionnelle et une r\u00e9sistance thermique allant jusqu'\u00e0 1000\u00a1\u00abC. Elle trouve des applications dans l'industrie a\u00e9rospatiale, automobile, \u00e9nerg\u00e9tique, de traitement chimique et m\u00e9dicale.<\/p>\n<p class=\"whitespace-pre-wrap\"><strong>Q\u00a0: Quels sont les proc\u00e9d\u00e9s d'impression 3D en m\u00e9tal qui utilisent la poudre GH3625\u00a0?<\/strong><\/p>\n<p class=\"whitespace-pre-wrap\">R : Le frittage s\u00e9lectif par laser (SLS) et le frittage laser direct sur m\u00e9tal (DMLS) sont des proc\u00e9d\u00e9s d\u2019impression 3D par fusion sur lit de poudre couramment utilis\u00e9s avec la poudre GH3625. L\u2019impression par projection d\u2019un liant convient \u00e9galement au GH3625.<\/p>\n<p class=\"whitespace-pre-wrap\"><strong>Q : Quelles sont les propri\u00e9t\u00e9s mat\u00e9rielles de GH3625 ?<\/strong><\/p>\n<p class=\"whitespace-pre-wrap\">A : GH3625 a une excellente r\u00e9sistance \u00e0 la traction 1050-1280 MPa, une limite \u00e9lastique de 860-1050 MPa et une duret\u00e9 de 32-38 HRC semblable aux mat\u00e9riaux travaill\u00e9s. Il poss\u00e8de une bonne ductilit\u00e9 de 8-15 % d'allongement et une r\u00e9sistance \u00e9lev\u00e9e \u00e0 l'usure, au grippage, \u00e0 l'abrasion et \u00e0 la corrosion. Les propri\u00e9t\u00e9s thermiques permettent une utilisation jusqu'\u00e0 1000 \u00b0C.<\/p>\n<p class=\"whitespace-pre-wrap\"><strong>Q : La poudre GH3625 doit-elle subir un traitement thermique ?<\/strong><\/p>\n<p class=\"whitespace-pre-wrap\">A : Oui, les pi\u00e8ces GH3625 imprim\u00e9es \u00e0 l'aide des techniques de frittage laser s\u00e9lectif\/fusion laser directe doivent subir une compression isostatique \u00e0 chaud (CIC) suivie d'un traitement thermique pour obtenir des propri\u00e9t\u00e9s m\u00e9caniques optimales, une consolidation mat\u00e9rielle et une microstructure. La CIC permet de fermer les pores et vides internes.<\/p>\n<p class=\"whitespace-pre-wrap\"><strong>Q : Le GH3625 est-il soudable ?<\/strong><\/p>\n<p class=\"whitespace-pre-wrap\">R : GH3625 est con\u00e7u pour avoir une excellente soudabilit\u00e9 par rapport aux aciers inoxydables \u00e0 durcissement par pr\u00e9cipitation et \u00e0 l'Inconel 718. Cela permet de r\u00e9parer et d'assembler des pi\u00e8ces AM GH3625 par soudage. Une \u00e9limination des contraintes peut \u00eatre n\u00e9cessaire apr\u00e8s soudage pour \u00e9viter les fissures.<\/p>\n<p class=\"whitespace-pre-wrap\"><strong>Q\u00a0: Le GH3625 peut-il \u00eatre usin\u00e9\u00a0?<\/strong><\/p>\n<p class=\"whitespace-pre-wrap\">R : Par rapport \u00e0 l'acier inoxydable, le GH3625 est difficile \u00e0 usiner et requiert un usinage grande vitesse avec des outils au carbure sp\u00e9cialis\u00e9s. L'usure de l'outil est plus forte, donc les avances, vitesses et trajectoires d'outil optimales sont n\u00e9cessaires.<\/p>\n<p class=\"whitespace-pre-wrap\"><strong>Q : Combien co\u00fbte la poudre GH3625 ?<\/strong><\/p>\n<p class=\"whitespace-pre-wrap\">A : Le prix au kilogramme du GH3625 varie g\u00e9n\u00e9ralement de 90 \u00e0 250 dollars, selon la taille de la commande, la r\u00e9partition granulom\u00e9trique, la m\u00e9thode de fabrication et les exigences suppl\u00e9mentaires en mati\u00e8re de tests et de qualification. Il est plus cher que les poudres en acier inoxydable, mais moins cher que l'Inconel 718.<\/p>\n<h2>Conclusion<\/h2>\n<p class=\"whitespace-pre-wrap\">GH3625 est un superalliage avanc\u00e9 \u00e0 base de nickel con\u00e7u sp\u00e9cifiquement pour la fabrication additive de composants haute performance. Il offre les avantages des alliages conventionnels et la flexibilit\u00e9 de conception AM.<\/p>\n<p class=\"whitespace-pre-wrap\">Des caract\u00e9ristiques de poudre soigneusement contr\u00f4l\u00e9es et l'optimisation de param\u00e8tres sp\u00e9cialis\u00e9s permettent d'exploiter tout le potentiel de GH3625. Avec ses propri\u00e9t\u00e9s et son rapport co\u00fbt-efficacit\u00e9, GH3625 appara\u00eet comme une alternative viable aux alliages traditionnels dans des applications essentielles dans l'a\u00e9rospatiale, l'automobile, l'\u00e9nergie et l'industrie.<\/p>\n<p><\/span><\/span><\/p>","protected":false},"excerpt":{"rendered":"<p>Pr\u00e9sentation La poudre GH3625 est une poudre d'alliage utilis\u00e9e pour les proc\u00e9d\u00e9s de fabrication additive m\u00e9tallique tels que le frittage s\u00e9lectif par laser (SLS) et le frittage direct par laser (DMLS). Il s'agit d'un superalliage \u00e0 base de nickel qui offre une grande solidit\u00e9, une r\u00e9sistance \u00e0 la corrosion et d'excellentes propri\u00e9t\u00e9s \u00e0 haute temp\u00e9rature. Le GH3625 est con\u00e7u sp\u00e9cifiquement pour la fabrication additive afin de produire des pi\u00e8ces complexes et denses aux propri\u00e9t\u00e9s m\u00e9caniques exceptionnelles...<\/p>","protected":false},"featured_media":1875,"parent":0,"template":"","meta":{"_acf_changed":false,"_kad_blocks_custom_css":"","_kad_blocks_head_custom_js":"","_kad_blocks_body_custom_js":"","_kad_blocks_footer_custom_js":"","_kad_post_transparent":"","_kad_post_title":"","_kad_post_layout":"","_kad_post_sidebar_id":"","_kad_post_content_style":"","_kad_post_vertical_padding":"","_kad_post_feature":"","_kad_post_feature_position":"","_kad_post_header":false,"_kad_post_footer":false,"_kad_post_classname":""},"product-category":[119,120],"class_list":["post-3939","product","type-product","status-publish","has-post-thumbnail","hentry","product-category-3d-printing-metal-powder","product-category-high-temperature-alloy-powder"],"acf":[],"taxonomy_info":{"product-category":[{"value":119,"label":"3D Printing Metal Powder"},{"value":120,"label":"High Temperature Alloy Powder"}]},"featured_image_src_large":["https:\/\/3dpmetal.com\/wp-content\/uploads\/2024\/02\/GH3625.jpg",600,600,false],"author_info":[],"comment_info":"","_links":{"self":[{"href":"https:\/\/3dpmetal.com\/fr\/wp-json\/wp\/v2\/product\/3939","targetHints":{"allow":["GET"]}}],"collection":[{"href":"https:\/\/3dpmetal.com\/fr\/wp-json\/wp\/v2\/product"}],"about":[{"href":"https:\/\/3dpmetal.com\/fr\/wp-json\/wp\/v2\/types\/product"}],"wp:featuredmedia":[{"embeddable":true,"href":"https:\/\/3dpmetal.com\/fr\/wp-json\/wp\/v2\/media\/1875"}],"wp:attachment":[{"href":"https:\/\/3dpmetal.com\/fr\/wp-json\/wp\/v2\/media?parent=3939"}],"wp:term":[{"taxonomy":"product-category","embeddable":true,"href":"https:\/\/3dpmetal.com\/fr\/wp-json\/wp\/v2\/product-category?post=3939"}],"curies":[{"name":"wp","href":"https:\/\/api.w.org\/{rel}","templated":true}]}}