{"id":3950,"date":"2024-03-18T06:10:15","date_gmt":"2024-03-18T06:10:15","guid":{"rendered":"https:\/\/3dp.45612300.xyz\/product\/cocrfeni-powder\/"},"modified":"2024-03-18T06:10:15","modified_gmt":"2024-03-18T06:10:15","slug":"cocrfeni-powder","status":"publish","type":"product","link":"https:\/\/3dpmetal.com\/fr\/product\/cocrfeni-powder\/","title":{"rendered":"Poudre CoCrFeNi"},"content":{"rendered":"<p><span style=\"vertical-align: inherit;\"><span style=\"vertical-align: inherit;\"><\/p>\n<h2>Avis g\u00e9n\u00e9ral sur la poudre CoCrFeNi<\/h2>\n<p class=\"whitespace-pre-wrap\">La poudre CoCrFeNi, \u00e9galement connue sous le nom de poudre CoCrFeNiMn ou poudre d'alliage \u00e0 haute entropie (HEA), fait r\u00e9f\u00e9rence \u00e0 un mat\u00e9riau compos\u00e9 de cobalt, de chrome, de fer et de nickel dans des rapports quasi \u00e9quimolaires. Cette nouvelle poudre d'alliage pr\u00e9sente des propri\u00e9t\u00e9s exceptionnelles par rapport aux alliages conventionnels et a suscit\u00e9 un int\u00e9r\u00eat consid\u00e9rable pour diverses applications.<\/p>\n<p class=\"whitespace-pre-wrap\">Parmi les principales caract\u00e9ristiques de la poudre de CoCrFeNi, on peut citer\u00a0:<\/p>\n<ul class=\"list-disc pl-8 space-y-2\">\n<li class=\"whitespace-normal\">Entropie de configuration \u00e9lev\u00e9e conduisant \u00e0 une solidit\u00e9, une duret\u00e9, une stabilit\u00e9 thermique et une r\u00e9sistance \u00e0 la corrosion exceptionnelles<\/li>\n<li class=\"whitespace-normal\">Microstructure de la phase FCC \u00e0 solution solide unique<\/li>\n<li class=\"whitespace-normal\">Excellente combinaison r\u00e9sistance-ductilit\u00e9<\/li>\n<li class=\"whitespace-normal\">R\u00e9sistance \u00e9lev\u00e9e \u00e0 la fracture<\/li>\n<li class=\"whitespace-normal\">Bonne aptitude \u00e0 l'usinage et \u00e0 la mise en forme<\/li>\n<li class=\"whitespace-normal\">R\u00e9sistance \u00e0 l'adoucissement \u00e0 des temp\u00e9ratures \u00e9lev\u00e9es<\/li>\n<li class=\"whitespace-normal\">Personnalisable avec des ajouts mineurs d'\u00e9l\u00e9ments comme le mangan\u00e8se<\/li>\n<\/ul>\n<p class=\"whitespace-pre-wrap\">La disposition atomique d\u00e9sordonn\u00e9e unique du CoCrFeNi engendre des performances m\u00e9caniques sup\u00e9rieures. Les concentrations quasi \u00e9gales des \u00e9l\u00e9ments principaux entravent le mouvement de dislocation, ce qui am\u00e9liore la duret\u00e9. La structure multiphase offre un renforcement par solution solide gr\u00e2ce aux effets de contrainte du r\u00e9seau.<\/p>\n<h3>Composition de la poudre CoCrFeNi<\/h3>\n<p class=\"whitespace-pre-wrap\">La composition de la poudre CoCrFeNi HEA peut \u00eatre ajust\u00e9e mais se compose g\u00e9n\u00e9ralement de :<\/p>\n<table>\n<thead>\n<tr>\n<th>\u00e9l\u00e9ment<\/th>\n<th>Gamme typique de composition<\/th>\n<\/tr>\n<\/thead>\n<tbody>\n<tr>\n<td>Cobalt (Co)<\/td>\n<td>20-35\u2009at.\u2009%<\/td>\n<\/tr>\n<tr>\n<td>Chrome (Cr)<\/td>\n<td>20-35\u2009at.\u2009%<\/td>\n<\/tr>\n<tr>\n<td>Le fer (Fe)<\/td>\n<td>20-35\u2009at.\u2009%<\/td>\n<\/tr>\n<tr>\n<td>Nickel (Ni)<\/td>\n<td>20-35\u2009at.\u2009%<\/td>\n<\/tr>\n<\/tbody>\n<\/table>\n<p class=\"whitespace-pre-wrap\">La composition \u00e9quimolaire procure une maximale entropie de configuration, mais de l\u00e9g\u00e8res d\u00e9viations n'affectent que tr\u00e8s l\u00e9g\u00e8rement les propri\u00e9t\u00e9s. Des ajouts de 1 \u00e0 2 atomes % de mangan\u00e8se sont courants pour am\u00e9liorer les propri\u00e9t\u00e9s via le raffinement des grains et le renforcement par pr\u00e9cipitation.<\/p>\n<h3>Propri\u00e9t\u00e9s de la poudre CoCrFeNi<\/h3>\n<p class=\"whitespace-pre-wrap\">La poudre d'alliage CoCrFeNi pr\u00e9sente une combinaison unique de propri\u00e9t\u00e9s remarquables\u00a0:<\/p>\n<table>\n<thead>\n<tr>\n<th>Propri\u00e9t\u00e9 immobili\u00e8re<\/th>\n<th>Valeurs<\/th>\n<\/tr>\n<\/thead>\n<tbody>\n<tr>\n<td>Densit\u00e9<\/td>\n<td>7.5-8.3 g\/cm3<\/td>\n<\/tr>\n<tr>\n<td>Point de fusion<\/td>\n<td>&gt;1200\u00a0av. J.-C.<\/td>\n<\/tr>\n<tr>\n<td>Microduret\u00e9<\/td>\n<td>2,5-4\u00a0GPa<\/td>\n<\/tr>\n<tr>\n<td>R\u00e9sistance \u00e0 la traction ultime<\/td>\n<td>500-1300 MPa<\/td>\n<\/tr>\n<tr>\n<td>Limite d'\u00e9lasticit\u00e9<\/td>\n<td>200-1100 MPa<\/td>\n<\/tr>\n<tr>\n<td>Allongement<\/td>\n<td>10-60%<\/td>\n<\/tr>\n<tr>\n<td>Module de Young<\/td>\n<td>150-250 GPa<\/td>\n<\/tr>\n<tr>\n<td>Module de cisaillement<\/td>\n<td>65-85 GPa<\/td>\n<\/tr>\n<tr>\n<td>Coefficient de Poisson<\/td>\n<td>0.21-0.33<\/td>\n<\/tr>\n<tr>\n<td>R\u00e9silience \u00e0 la rupture<\/td>\n<td>&gt;100 MPa\u00a9|m<\/td>\n<\/tr>\n<tr>\n<td>Conductivit\u00e9 thermique<\/td>\n<td>10-30 W\/mK<\/td>\n<\/tr>\n<tr>\n<td>R\u00e9sistivit\u00e9 \u00e9lectrique<\/td>\n<td>70-100 n\u00b4\u00cem<\/td>\n<\/tr>\n<tr>\n<td>R\u00e9sistance \u00e0 la corrosion<\/td>\n<td>Excellent dans divers environnements.<\/td>\n<\/tr>\n<\/tbody>\n<\/table>\n<p class=\"whitespace-pre-wrap\">La duret\u00e9 \u00e9lev\u00e9e provient du renforcement de la solution solide, tandis que la structure FCC conf\u00e8re une bonne ductilit\u00e9. Les propri\u00e9t\u00e9s peuvent \u00eatre adapt\u00e9es par des ajustements de composition et de traitement.<\/p>\n<h3>Caract\u00e9ristiques de la poudre CoCrFeNi<\/h3>\n<p class=\"whitespace-pre-wrap\">Certaines caract\u00e9ristiques saillantes de la poudre d'alliage CoCrFeNi incluent :<\/p>\n<ul class=\"list-disc pl-8 space-y-2\">\n<li class=\"whitespace-normal\">Structure CFC monophas\u00e9e d\u00e9pourvue de phases interm\u00e9talliques<\/li>\n<li class=\"whitespace-normal\">Pr\u00e9sence de macles de recuit et de d\u00e9fauts d'empilement<\/li>\n<li class=\"whitespace-normal\">Morphologie de poudre \u00e9quiaxe avec une bonne fluidit\u00e9<\/li>\n<li class=\"whitespace-normal\">La taille des particules va de 15 \u00e0 150 \u00b5m<\/li>\n<li class=\"whitespace-normal\">Haute puret\u00e9 \u00e0 faible teneur en oxyg\u00e8ne<\/li>\n<li class=\"whitespace-normal\">Forme de poudre sph\u00e9rique et surface lisse<\/li>\n<li class=\"whitespace-normal\">Taille, forme et composition des poudres personnalisables<\/li>\n<\/ul>\n<p class=\"whitespace-pre-wrap\">La poudre pr\u00e9sente une grande homog\u00e9n\u00e9it\u00e9 chimique avec une r\u00e9partition uniforme des \u00e9l\u00e9ments d'alliage. La morphologie sph\u00e9rique offre de bonnes caract\u00e9ristiques d'\u00e9coulement et de compactage.<\/p>\n<h2>Applications de la poudre CoCrFeNi<\/h2>\n<p class=\"whitespace-pre-wrap\">La combinaison exceptionnelle de force, de t\u00e9nacit\u00e9 et de facilit\u00e9 de traitement de la poudre CoCrFeNi la rend appropri\u00e9e pour\u00a0:<\/p>\n<p class=\"whitespace-pre-wrap\"><strong>Fabrication additive :<\/strong> Excellente imprimabilit\u00e9 gr\u00e2ce \u00e0 de bonnes caract\u00e9ristiques de fluidit\u00e9 et de fonte. Utilis\u00e9 pour l'a\u00e9rospatiale, l'outillage et les implants biom\u00e9dicaux.<\/p>\n<p class=\"whitespace-pre-wrap\"><strong>Rev\u00eatements par projection thermique:<\/strong> R\u00e9sistance \u00e0 l'usure, \u00e0 la corrosion et \u00e0 l'adoucissement thermique. Rev\u00eatements pour les applications m\u00e9caniques, marines et chimiques.<\/p>\n<p class=\"whitespace-pre-wrap\"><strong>D\u00e9veloppement d'alliages\u00a0:<\/strong> Base de mat\u00e9riaux pour nouveaux alliages haute entropie avec ajouts d'Al, Ti, etc.<\/p>\n<p class=\"whitespace-pre-wrap\"><strong>Moulage par injection de m\u00e9tal :<\/strong> Pi\u00e8ces \u00e0 haute rigidit\u00e9 \u00e0 bonne stabilit\u00e9 dimensionnelle pour l'a\u00e9ronautique et l'automobile.<\/p>\n<p class=\"whitespace-pre-wrap\"><strong>M\u00e9tallurgie des poudres :<\/strong> Pi\u00e8ces P\/M tr\u00e8s performantes offrant un \u00e9quilibre entre r\u00e9sistance et ductilit\u00e9.<\/p>\n<p class=\"whitespace-pre-wrap\"><strong>Applications cryog\u00e9niques\u00a0:<\/strong> Conservation de la ductilit\u00e9 et de la t\u00e9nacit\u00e9 \u00e0 des temp\u00e9ratures inf\u00e9rieures \u00e0 z\u00e9ro.<\/p>\n<h2>Sp\u00e9cifications de la poudre de CoCrFeNi<\/h2>\n<p class=\"whitespace-pre-wrap\">La poudre d'alliage CoCrFeNi est disponible dans diff\u00e9rentes gammes de tailles, compositions et formes :<\/p>\n<table>\n<thead>\n<tr>\n<th>Param\u00e8tre<\/th>\n<th>Variantes<\/th>\n<\/tr>\n<\/thead>\n<tbody>\n<tr>\n<td>\u00c9ventail des tailles<\/td>\n<td>15-25 \u03bcm, 25-45 \u03bcm, 45-75 \u03bcm, 75-105 \u03bcm, 105-150 \u03bcm<\/td>\n<\/tr>\n<tr>\n<td>Composition<\/td>\n<td>\u00c9quiatomique, autres rapports \u00e9l\u00e9mentaires personnalis\u00e9s<\/td>\n<\/tr>\n<tr>\n<td>Forme poudre<\/td>\n<td>Sph\u00e9rique, irr\u00e9guli\u00e8re<\/td>\n<\/tr>\n<tr>\n<td>M\u00e9thode de production<\/td>\n<td>Atomisation gaz\/eau, alliage m\u00e9canique<\/td>\n<\/tr>\n<tr>\n<td>Formulaire de fourniture<\/td>\n<td>Poudre libre, pr\u00e9formes fritt\u00e9s<\/td>\n<\/tr>\n<\/tbody>\n<\/table>\n<p class=\"whitespace-pre-wrap\">Les poudres plus grandes de 45-150 \u00c3\u00d7m sont recommand\u00e9es pour la pulv\u00e9risation thermique et le moulage par injection de m\u00e9tal. Des poudres plus fines de 15-45 \u00c3\u00d7m sont utilis\u00e9es pour la fabrication additive. Les poudres peuvent \u00eatre personnalis\u00e9es en fonction de leur forme, de leur taille, de leur teneur en oxyg\u00e8ne et de leur fluidit\u00e9.<\/p>\n<h2>Fournisseurs de poudre de CoCrFeNi<\/h2>\n<p class=\"whitespace-pre-wrap\">Voici quelques-uns des principaux fournisseurs mondiaux de poudre d\u2019alliage \u00e0 haute entropie CoCrFeNi\u00a0:<\/p>\n<table>\n<thead>\n<tr>\n<th>Entreprise<\/th>\n<th>capacit\u00e9 de production<\/th>\n<th>Lieu<\/th>\n<\/tr>\n<\/thead>\n<tbody>\n<tr>\n<td>Sandvik<\/td>\n<td>200 tonnes par an<\/td>\n<td>La Su\u00e8de<\/td>\n<\/tr>\n<tr>\n<td>Praxair<\/td>\n<td>150 tonnes par an<\/td>\n<td>\u00c9tats-Unis<\/td>\n<\/tr>\n<tr>\n<td>Hoganas<\/td>\n<td>100 tonnes par an<\/td>\n<td>La Su\u00e8de<\/td>\n<\/tr>\n<tr>\n<td>CNPC Poudre<\/td>\n<td>50 tonnes par an<\/td>\n<td>La Chine<\/td>\n<\/tr>\n<tr>\n<td>Carpenter Technologies<\/td>\n<td>40 tonnes par an<\/td>\n<td>\u00c9tats-Unis<\/td>\n<\/tr>\n<\/tbody>\n<\/table>\n<p class=\"whitespace-pre-wrap\">Les poudres sont g\u00e9n\u00e9ralement produites via des m\u00e9thodes d'atomisation par gaz ou par eau. Des tailles et compositions de poudre personnalis\u00e9es peuvent \u00eatre achet\u00e9es \u00e0 ces fournisseurs.<\/p>\n<h3>prix<\/h3>\n<table>\n<thead>\n<tr>\n<th>Taille de la poudre<\/th>\n<th>Gamme de prix<\/th>\n<\/tr>\n<\/thead>\n<tbody>\n<tr>\n<td>15 \u00e0 45 microns<\/td>\n<td>150\u00a0-\u00a0200\u00a0$ par kg<\/td>\n<\/tr>\n<tr>\n<td>45-105 microns<\/td>\n<td>100-150 $ par kg<\/td>\n<\/tr>\n<tr>\n<td>105-150+ microns<\/td>\n<td>80-120 \u20ac le kg<\/td>\n<\/tr>\n<\/tbody>\n<\/table>\n<p class=\"whitespace-pre-wrap\">Les poudres de plus grande taille sont moins ch\u00e8res en raison de taux de production plus \u00e9lev\u00e9s dans l'atomisation. Les alliages et compositions personnalis\u00e9s sont plus chers. Les prix des poudres ont diminu\u00e9 en raison de la concurrence croissante du march\u00e9 et des capacit\u00e9s.<\/p>\n<h2>Avantages et inconv\u00e9nients de la poudre CoCrFeNi<\/h2>\n<table>\n<thead>\n<tr>\n<th>Avantages<\/th>\n<th>Restrictions<\/th>\n<\/tr>\n<\/thead>\n<tbody>\n<tr>\n<td>R\u00e9sistance et duret\u00e9 exceptionnelles<\/td>\n<td>Co\u00fbts de mat\u00e9riaux \u00e9lev\u00e9s en raison de Co et Ni<\/td>\n<\/tr>\n<tr>\n<td>Excellent ductilit\u00e9 et t\u00e9nacit\u00e9<\/td>\n<td>Donn\u00e9es limit\u00e9es sur les performances \u00e0 long terme<\/td>\n<\/tr>\n<tr>\n<td>Bonne fabricabilit\u00e9 par FA, MIM, MP<\/td>\n<td>Traiter les d\u00e9fis li\u00e9s au contr\u00f4le microstructural<\/td>\n<\/tr>\n<tr>\n<td>La stabilit\u00e9 thermique et microstructurale<\/td>\n<td>La composition doit \u00eatre pr\u00e9cis\u00e9ment contr\u00f4l\u00e9e<\/td>\n<\/tr>\n<tr>\n<td>Haute r\u00e9sistance \u00e0 la corrosion et \u00e0 l'usure<\/td>\n<td>Processibilit\u00e9 inf\u00e9rieure aux alliages conventionnels<\/td>\n<\/tr>\n<tr>\n<td>Conserve sa r\u00e9sistance \u00e0 des temp\u00e9ratures \u00e9lev\u00e9es<\/td>\n<td>N\u00e9cessite souvent un post-traitement HIP<\/td>\n<\/tr>\n<\/tbody>\n<\/table>\n<p class=\"whitespace-pre-wrap\">La poudre de CoCrFeNi HEA permet de cr\u00e9er des composants dot\u00e9s de combinaisons de propri\u00e9t\u00e9s in\u00e9gal\u00e9es. Cependant, le mat\u00e9riau et les co\u00fbts de traitement sont \u00e9lev\u00e9s. La microstructure et les propri\u00e9t\u00e9s d\u00e9pendent fortement du contr\u00f4le pr\u00e9cis de la composition.<\/p>\n<h2>Comparaison avec des Alternatives<\/h2>\n<p class=\"whitespace-pre-wrap\"><strong>Contre. Poudres d'acier inoxydable<\/strong><\/p>\n<ul class=\"list-disc pl-8 space-y-2\">\n<li class=\"whitespace-normal\">Plus de solidit\u00e9 et de duret\u00e9<\/li>\n<li class=\"whitespace-normal\">Excellente r\u00e9sistance \u00e0 l'usure et \u00e0 la corrosion<\/li>\n<li class=\"whitespace-normal\">Co\u00fbt de la mati\u00e8re premi\u00e8re de base plus \u00e9lev\u00e9<\/li>\n<li class=\"whitespace-normal\">Processabilit\u00e9 et soudabilit\u00e9 diminu\u00e9es<\/li>\n<\/ul>\n<p class=\"whitespace-pre-wrap\"><strong>Poudres d'acier pour outillage<\/strong><\/p>\n<ul class=\"list-disc pl-8 space-y-2\">\n<li class=\"whitespace-normal\">Meilleure ductilit\u00e9 et t\u00e9nacit\u00e9 \u00e0 la rupture<\/li>\n<li class=\"whitespace-normal\">R\u00e9sistance plus faible \u00e0 haute temp\u00e9rature<\/li>\n<li class=\"whitespace-normal\">Des m\u00e9thodes de traitement moins \u00e9tablies<\/li>\n<li class=\"whitespace-normal\">Disponibilit\u00e9 limit\u00e9e de la taille et des alliages<\/li>\n<\/ul>\n<p class=\"whitespace-pre-wrap\"><strong>Contre les poudres de superalliage Inconel<\/strong><\/p>\n<ul class=\"list-disc pl-8 space-y-2\">\n<li class=\"whitespace-normal\">Comparable temp\u00e9rature \u00e9lev\u00e9e-force<\/li>\n<li class=\"whitespace-normal\">Mat\u00e9riaux moins co\u00fbteux<\/li>\n<li class=\"whitespace-normal\">Historique plus court des performances<\/li>\n<li class=\"whitespace-normal\">Stabilit\u00e9 microstructurale restreinte \u00e0 des temp\u00e9ratures tr\u00e8s \u00e9lev\u00e9es<\/li>\n<\/ul>\n<h2>FAQ<\/h2>\n<p class=\"whitespace-pre-wrap\"><strong>Q : Qu'est-ce que la poudre d'alliage \u00e0 haute entropie\u00a0(HEA)\u00a0?<\/strong><\/p>\n<p class=\"whitespace-pre-wrap\">R\u00a0: La poudre HEA contient plusieurs principaux \u00e9l\u00e9ments en proportions quasiment \u00e9quiatomiques pour produire des propri\u00e9t\u00e9s exceptionnelles de r\u00e9sistance, de plasticit\u00e9 et de stabilit\u00e9. La poudre CoCrFeNi est un HEA de premier plan.<\/p>\n<p class=\"whitespace-pre-wrap\"><strong>Q\u00a0: Quelles sont les tailles types de poudre CoCrFeNi\u00a0?<\/strong><\/p>\n<p class=\"whitespace-pre-wrap\">A : Les gammes courantes de tailles sont de 15 \u00e0 45 \u00c3\u00d7m pour la fabrication additive m\u00e9tallique, de 45 \u00e0 105 \u00c3\u00d7m pour la projection thermique et de 105 \u00e0 150 \u00c3\u00d7m pour le moulage par injection de m\u00e9tal (MIM) et d'autres applications. Des tailles plus fines et plus grossi\u00e8res peuvent \u00eatre personnalis\u00e9es.<\/p>\n<p class=\"whitespace-pre-wrap\"><strong>Q: Qu'est-ce qui affecte le prix de la poudre d'alliage CoCrFeNi ?<\/strong><\/p>\n<p class=\"whitespace-pre-wrap\">R : Le prix est d\u00e9termin\u00e9 par la taille de la poudre, la composition, la puret\u00e9, la m\u00e9thode de production et la quantit\u00e9 command\u00e9e. Les tailles plus importantes de plus de 100 \u00c3\u00d7m co\u00fbtent moins cher. Les ajouts mineurs ou les gammes de composition plus serr\u00e9es augmentent le co\u00fbt.<\/p>\n<p class=\"whitespace-pre-wrap\"><strong>Q : Comment la poudre HEA \u00e0 base de CoCrFeNi est-elle produite\u00a0?<\/strong><\/p>\n<p class=\"whitespace-pre-wrap\">R : L\u2019atomisation par gaz et l\u2019atomisation par eau sont les principales m\u00e9thodes de production. La poudre peut \u00e9galement \u00eatre r\u00e9alis\u00e9e par alliage m\u00e9canique ou cryobroyage de lingots pr\u00e9-alli\u00e9s.<\/p>\n<p class=\"whitespace-pre-wrap\"><strong>Q : Pouvez-vous donner des exemples d\u2019application de la poudre CoCrFeNi\u00a0?<\/strong><\/p>\n<p class=\"whitespace-pre-wrap\">A\u00a0: Les principales utilisations sont la fabrication additive d'\u00e9l\u00e9ments d'outillage et d'a\u00e9rospatial, les rev\u00eatements par projection thermique pour la r\u00e9sistance \u00e0 l'usure\/\u00e0 la corrosion, le d\u00e9veloppement d'alliage, le moulage par injection de m\u00e9tal de composants automobiles et la m\u00e9tallurgie des poudres de composants haute performance.<\/p>\n<p class=\"whitespace-pre-wrap\"><strong>Q : Quelles sont les principales propri\u00e9t\u00e9s de la poudre HEA CoCrFeNi ?<\/strong><\/p>\n<p class=\"whitespace-pre-wrap\">R : Il pr\u00e9sente une combinaison exceptionnelle de grande force, de duret\u00e9, de ductilit\u00e9, de t\u00e9nacit\u00e9 \u00e0 la rupture, de stabilit\u00e9 thermique et de r\u00e9sistance \u00e0 la corrosion par rapport aux alliages classiques.<\/p>\n<p class=\"whitespace-pre-wrap\"><strong>Q : Quelles sont les limites de la poudre de CoCrFeNi ?<\/strong><\/p>\n<p class=\"whitespace-pre-wrap\">A: Un co\u00fbt \u00e9lev\u00e9 des mat\u00e9riaux de base, des difficult\u00e9s de traitement dans le contr\u00f4le de la microstructure, des donn\u00e9es limit\u00e9es sur la performance \u00e0 long terme, une soudabilit\u00e9 r\u00e9duite par rapport aux aciers sont quelques-uns des inconv\u00e9nients.<\/p>\n<p class=\"whitespace-pre-wrap\"><strong>Q : En quoi la poudre CoCrFeNi est-elle comparable aux aciers \u00e0 outils et aux aciers inoxydable ?<\/strong><\/p>\n<p class=\"whitespace-pre-wrap\">R : Par rapport aux aciers inoxydables, il offre une robustesse et une duret\u00e9 tr\u00e8s nettement accrues, mais un usinage plus r\u00e9duit. Par opposition aux aciers pour outils, il procure une t\u00e9nacit\u00e9 et une ductilit\u00e9 exceptionnelles.<\/p>\n<p class=\"whitespace-pre-wrap\"><strong>Q : L\u2019alliage CoCrFeNi est-il appropri\u00e9 pour des applications cryog\u00e9niques ?<\/strong><\/p>\n<p class=\"whitespace-pre-wrap\">R : Oui, il conserve une bonne ductilit\u00e9 et une bonne t\u00e9nacit\u00e9 \u00e0 des temp\u00e9ratures inf\u00e9rieures \u00e0 z\u00e9ro tandis que les alliages conventionnels deviennent cassants. Cela le rend utile pour les \u00e9quipements cryog\u00e9niques.<\/p>\n<p class=\"whitespace-pre-wrap\"><strong>Q\u00a0: La composition de la poudre CoCrFeNi peut-elle-\u00eatre personnalis\u00e9e\u00a0?<\/strong><\/p>\n<p class=\"whitespace-pre-wrap\">R : Oui, les fournisseurs peuvent proposer des ratios \u00e9l\u00e9mentaires personnalis\u00e9s en dehors de la composition \u00e9quimolaire. Les ajustements courants sont des ajouts de 1-2 at.% de Mn ou de Co pour adapter les propri\u00e9t\u00e9s.<\/p>\n<p><\/span><\/span><\/p>","protected":false},"excerpt":{"rendered":"<p>Aper\u00e7u de la poudre de CoCrFeNi La poudre de CoCrFeNi, \u00e9galement appel\u00e9e poudre de CoCrFeNiMn ou poudre d'alliage \u00e0 haute entropie (HEA), d\u00e9signe un mat\u00e9riau compos\u00e9 d'\u00e9l\u00e9ments de cobalt, de chrome, de fer et de nickel dans des rapports quasi \u00e9quiatomiques. Cette nouvelle poudre d'alliage pr\u00e9sente des propri\u00e9t\u00e9s exceptionnelles par rapport aux alliages conventionnels et a suscit\u00e9 un int\u00e9r\u00eat significatif pour diverses applications. Certaines caract\u00e9ristiques cl\u00e9s de...<\/p>","protected":false},"featured_media":1789,"parent":0,"template":"","meta":{"_acf_changed":false,"_kad_blocks_custom_css":"","_kad_blocks_head_custom_js":"","_kad_blocks_body_custom_js":"","_kad_blocks_footer_custom_js":"","_kad_post_transparent":"","_kad_post_title":"","_kad_post_layout":"","_kad_post_sidebar_id":"","_kad_post_content_style":"","_kad_post_vertical_padding":"","_kad_post_feature":"","_kad_post_feature_position":"","_kad_post_header":false,"_kad_post_footer":false,"_kad_post_classname":""},"product-category":[119,127],"class_list":["post-3950","product","type-product","status-publish","has-post-thumbnail","hentry","product-category-3d-printing-metal-powder","product-category-high-entropy-alloy-powder"],"acf":[],"taxonomy_info":{"product-category":[{"value":119,"label":"3D Printing Metal Powder"},{"value":127,"label":"High Entropy Alloy Powder"}]},"featured_image_src_large":["https:\/\/3dpmetal.com\/wp-content\/uploads\/2024\/02\/FeCoNiCrAl-powder.jpg",600,600,false],"author_info":[],"comment_info":"","_links":{"self":[{"href":"https:\/\/3dpmetal.com\/fr\/wp-json\/wp\/v2\/product\/3950","targetHints":{"allow":["GET"]}}],"collection":[{"href":"https:\/\/3dpmetal.com\/fr\/wp-json\/wp\/v2\/product"}],"about":[{"href":"https:\/\/3dpmetal.com\/fr\/wp-json\/wp\/v2\/types\/product"}],"wp:featuredmedia":[{"embeddable":true,"href":"https:\/\/3dpmetal.com\/fr\/wp-json\/wp\/v2\/media\/1789"}],"wp:attachment":[{"href":"https:\/\/3dpmetal.com\/fr\/wp-json\/wp\/v2\/media?parent=3950"}],"wp:term":[{"taxonomy":"product-category","embeddable":true,"href":"https:\/\/3dpmetal.com\/fr\/wp-json\/wp\/v2\/product-category?post=3950"}],"curies":[{"name":"wp","href":"https:\/\/api.w.org\/{rel}","templated":true}]}}