{"id":4285,"date":"2024-04-07T08:17:04","date_gmt":"2024-04-07T08:17:04","guid":{"rendered":"https:\/\/3dpmetal.com\/product\/best-ti-6al-4v-powder-%ef%bd%a3%ef%bd%a8tc4-powder%ef%bd%a3%ef%bd%a9for-additive-manufacturing\/"},"modified":"2024-04-07T09:01:23","modified_gmt":"2024-04-07T09:01:23","slug":"best-ti-6al-4v-powder-%ef%bd%a3%ef%bd%a8tc4-powder%ef%bd%a3%ef%bd%a9for-additive-manufacturing","status":"publish","type":"product","link":"https:\/\/3dpmetal.com\/fr\/product\/best-ti-6al-4v-powder-%ef%bd%a3%ef%bd%a8tc4-powder%ef%bd%a3%ef%bd%a9for-additive-manufacturing\/","title":{"rendered":"Meilleure poudre de Ti-6Al-4V \uff63\uff68TC4 Powder\uff63\uff69pour la fabrication additive"},"content":{"rendered":"<h2>Poudre Ti-6Al-4V : Vue d'ensemble<\/h2>\n<p><a href=\"https:\/\/en.wikipedia.org\/wiki\/Metal_powder\" target=\"_blank\" rel=\"noopener\">Poudre Ti-6Al-4V<\/a>\u00e9galement connue sous le nom de poudre d'alliage de titane de grade 5, est un alliage de titane largement utilis\u00e9, r\u00e9put\u00e9 pour son excellent rapport r\u00e9sistance\/poids, sa r\u00e9sistance \u00e0 la corrosion et sa biocompatibilit\u00e9. Cette poudre trouve de nombreuses applications dans divers secteurs, notamment l'a\u00e9rospatiale, la m\u00e9decine, l'automobile et la marine, o\u00f9 il est essentiel de disposer de mat\u00e9riaux l\u00e9gers et tr\u00e8s r\u00e9sistants.<\/p>\n<h2>Composition<\/h2>\n<p>La composition de la poudre de Ti-6Al-4V est m\u00e9ticuleusement con\u00e7ue pour optimiser ses propri\u00e9t\u00e9s m\u00e9caniques et ses performances :<\/p>\n<table>\n<thead>\n<tr>\n<th>\u00e9l\u00e9ment<\/th>\n<th>% en poids<\/th>\n<\/tr>\n<\/thead>\n<tbody>\n<tr>\n<td>Titane (Ti)<\/td>\n<td>\u00c9quilibre<\/td>\n<\/tr>\n<tr>\n<td>Aluminium (Al)<\/td>\n<td>5.5-6.5<\/td>\n<\/tr>\n<tr>\n<td>Vanadium (V)<\/td>\n<td>3.5-4.5<\/td>\n<\/tr>\n<\/tbody>\n<\/table>\n<p>Ces \u00e9l\u00e9ments d'alliage contribuent aux propri\u00e9t\u00e9s exceptionnelles du Ti-6Al-4V, notamment sa grande r\u00e9sistance \u00e0 la traction, sa t\u00e9nacit\u00e9 et sa r\u00e9sistance \u00e0 la corrosion, ce qui le rend adapt\u00e9 aux applications exigeantes.<\/p>\n<h2>Propri\u00e9t\u00e9s<\/h2>\n<p>La poudre de Ti-6Al-4V poss\u00e8de des propri\u00e9t\u00e9s m\u00e9caniques impressionnantes, ce qui lui permet d'\u00eatre utilis\u00e9e dans diverses applications industrielles :<\/p>\n<table>\n<thead>\n<tr>\n<th>Propri\u00e9t\u00e9 immobili\u00e8re<\/th>\n<th>Valeur<\/th>\n<\/tr>\n<\/thead>\n<tbody>\n<tr>\n<td>Densit\u00e9<\/td>\n<td>4,43 g\/cm\u00b3<\/td>\n<\/tr>\n<tr>\n<td>R\u00e9sistance \u00e0 la traction ultime<\/td>\n<td>950-1100 MPa<\/td>\n<\/tr>\n<tr>\n<td>Limite d'\u00e9lasticit\u00e9<\/td>\n<td>880-1000 MPa<\/td>\n<\/tr>\n<tr>\n<td>Allongement<\/td>\n<td>10-15%<\/td>\n<\/tr>\n<tr>\n<td>Duret\u00e9<\/td>\n<td>36-44 HRC<\/td>\n<\/tr>\n<tr>\n<td>Module d'\u00e9lasticit\u00e9<\/td>\n<td>114 GPa<\/td>\n<\/tr>\n<tr>\n<td>Point de fusion<\/td>\n<td>1668\u00b0C<\/td>\n<\/tr>\n<tr>\n<td>Conductivit\u00e9 thermique<\/td>\n<td>6,7 W\/m-K<\/td>\n<\/tr>\n<tr>\n<td>R\u00e9sistivit\u00e9 \u00e9lectrique<\/td>\n<td>0,125 \u00b5\u03a9-cm<\/td>\n<\/tr>\n<\/tbody>\n<\/table>\n<p>Ces propri\u00e9t\u00e9s font de la poudre de Ti-6Al-4V un choix id\u00e9al pour les composants n\u00e9cessitant une grande solidit\u00e9, une conception l\u00e9g\u00e8re et une r\u00e9sistance aux environnements difficiles.<\/p>\n<h2>APPLICATIONS<\/h2>\n<p>La poudre de Ti-6Al-4V trouve de nombreuses applications dans diverses industries :<\/p>\n<ul>\n<li>Composants a\u00e9rospatiaux : pi\u00e8ces structurelles, ch\u00e2ssis d'avion, composants de moteur<\/li>\n<li>Implants m\u00e9dicaux : implants orthop\u00e9diques, implants dentaires, dispositifs proth\u00e9tiques<\/li>\n<li>Automobile : pi\u00e8ces de moteur, syst\u00e8mes d'\u00e9chappement, composants de suspension<\/li>\n<li>Marine : quincaillerie marine, arbres d'h\u00e9lice, \u00e9quipement sous-marin<\/li>\n<li>Articles de sport : cadres de bicyclettes, t\u00eates de clubs de golf, cadres de raquettes de tennis<\/li>\n<\/ul>\n<p>Sa biocompatibilit\u00e9 le rend \u00e9galement adapt\u00e9 aux implants m\u00e9dicaux, o\u00f9 il pr\u00e9sente une excellente ost\u00e9oint\u00e9gration et une r\u00e9sistance \u00e0 la corrosion.<\/p>\n<h2>Processus de fabrication additive<\/h2>\n<p>La poudre de Ti-6Al-4V est g\u00e9n\u00e9ralement produite par atomisation au gaz ou au plasma. L'atomisation au gaz consiste \u00e0 faire fondre l'alliage sous haute pression, puis \u00e0 l'atomiser avec un gaz inerte pour former des particules de poudre sph\u00e9riques. L'atomisation au plasma produit des poudres fines et sph\u00e9riques d'une grande puret\u00e9, garantissant une excellente fluidit\u00e9 et une bonne capacit\u00e9 d'empaquetage lors des processus de fabrication additive.<\/p>\n<h2>Sp\u00e9cifications des poudres<\/h2>\n<p>La poudre de Ti-6Al-4V est disponible dans diff\u00e9rentes sp\u00e9cifications pour r\u00e9pondre aux exigences d'applications sp\u00e9cifiques :<\/p>\n<table>\n<thead>\n<tr>\n<th>Attribut<\/th>\n<th>D\u00e9tails<\/th>\n<\/tr>\n<\/thead>\n<tbody>\n<tr>\n<td>Tailles de particules<\/td>\n<td>10-45 \u00b5m, 20-100 \u00b5m<\/td>\n<\/tr>\n<tr>\n<td>Morphologie<\/td>\n<td>Sph\u00e9rique, irr\u00e9guli\u00e8re<\/td>\n<\/tr>\n<tr>\n<td>Densit\u00e9 apparente<\/td>\n<td>4,43 g\/cm\u00b3<\/td>\n<\/tr>\n<tr>\n<td>Densit\u00e9 de tassement<\/td>\n<td>4,9-5,4 g\/cm\u00b3<\/td>\n<\/tr>\n<tr>\n<td>D\u00e9bit de hall<\/td>\n<td>&lt;30 s\/50g<\/td>\n<\/tr>\n<tr>\n<td>Puret\u00e9<\/td>\n<td>\u226599.5%<\/td>\n<\/tr>\n<tr>\n<td>Teneur en oxyg\u00e8ne<\/td>\n<td>\u22640.2%<\/td>\n<\/tr>\n<tr>\n<td>Teneur en eau<\/td>\n<td>\u22640.05%<\/td>\n<\/tr>\n<\/tbody>\n<\/table>\n<p>Ces sp\u00e9cifications garantissent la qualit\u00e9 et la coh\u00e9rence de la poudre de Ti-6Al-4V, ce qui permet de l'utiliser avec succ\u00e8s dans les processus de fabrication additive.<\/p>\n<h2>Normes et grades<\/h2>\n<p>La poudre de Ti-6Al-4V est conforme aux normes industrielles pertinentes, y compris ASTM B348 et ASTM F136 pour les implants m\u00e9dicaux. Les grades \u00e9quivalents comprennent AMS 4928 et AMS 4967.<\/p>\n<h2>Contr\u00f4le de la qualit\u00e9<\/h2>\n<p>Les mesures de contr\u00f4le de la qualit\u00e9 pour la poudre de Ti-6Al-4V sont les suivantes :<\/p>\n<ul>\n<li>Analyse chimique : Garantir la composition correcte des \u00e9l\u00e9ments d'alliage.<\/li>\n<li>Analyse de la taille des particules : V\u00e9rification de la distribution granulom\u00e9trique souhait\u00e9e.<\/li>\n<li>\u00c9valuation de la morphologie des poudres : V\u00e9rification de la forme sph\u00e9rique ou irr\u00e9guli\u00e8re des particules.<\/li>\n<li>Essais de densit\u00e9 : Mesure de la densit\u00e9 apparente et de la densit\u00e9 de prise pour d\u00e9terminer l'efficacit\u00e9 de l'emballage de la poudre.<\/li>\n<li>\u00c9valuation de la puret\u00e9 : V\u00e9rification du niveau de puret\u00e9 pour garantir les propri\u00e9t\u00e9s souhait\u00e9es.<\/li>\n<li>Analyse de la teneur en oxyg\u00e8ne et en humidit\u00e9 : Contr\u00f4le pour \u00e9viter la contamination.<\/li>\n<\/ul>\n<h2>Analyse des co\u00fbts<\/h2>\n<p>Les co\u00fbts de la poudre de Ti-6Al-4V varient en fonction de facteurs tels que le volume de la commande, la taille des particules, la morphologie de la poudre, les niveaux de puret\u00e9 et les marges du fabricant\/distributeur.<\/p>\n<h2>Stockage et manipulation des poudres<\/h2>\n<p>Des pratiques de stockage et de manipulation appropri\u00e9es sont essentielles pour pr\u00e9server l'int\u00e9grit\u00e9 de la poudre de Ti-6Al-4V :<\/p>\n<ul>\n<li>Conserver dans des r\u00e9cipients herm\u00e9tiques dans un environnement frais et sec.<\/li>\n<li>Utiliser une purge de gaz inerte ou un vide pour \u00e9viter l'accumulation d'humidit\u00e9.<\/li>\n<li>Mettre \u00e0 la terre tous les \u00e9quipements de manutention et de transfert des poudres.<\/li>\n<li>Utiliser un \u00e9quipement de protection individuelle (EPI) appropri\u00e9 lors de la manipulation de la poudre.<\/li>\n<\/ul>\n<h2>Sant\u00e9 et s\u00e9curit\u00e9<\/h2>\n<p>La poudre de Ti-6Al-4V pr\u00e9sente des risques minimes pour la sant\u00e9 si elle est manipul\u00e9e correctement :<\/p>\n<ul>\n<li>Porter un EPI appropri\u00e9 lors de la manipulation de la poudre.<\/li>\n<li>Utilisez un aspirateur \u00e0 filtre HEPA pour nettoyer les poussi\u00e8res et les poudres.<\/li>\n<li>\u00c9viter de respirer les fum\u00e9es de soudage ou de fusion.<\/li>\n<li>\u00c9liminer conform\u00e9ment aux r\u00e9glementations locales en mati\u00e8re d'environnement.<\/li>\n<\/ul>\n<h2>FAQ<\/h2>\n<ol>\n<li><strong>La poudre Ti-6Al-4V est-elle adapt\u00e9e aux applications a\u00e9rospatiales ?<\/strong> Oui, la poudre de Ti-6Al-4V est couramment utilis\u00e9e dans l'a\u00e9rospatiale pour les pi\u00e8ces structurelles, les ch\u00e2ssis d'avions et les composants de moteurs en raison de son rapport poids\/r\u00e9sistance \u00e9lev\u00e9 et de sa r\u00e9sistance \u00e0 la corrosion.<\/li>\n<li><strong>Quels sont les principaux avantages de la poudre de Ti-6Al-4V pour les implants m\u00e9dicaux ?<\/strong> La poudre de Ti-6Al-4V offre une excellente biocompatibilit\u00e9, r\u00e9sistance \u00e0 la corrosion et ost\u00e9oint\u00e9gration, ce qui la rend id\u00e9ale pour les implants orthop\u00e9diques et dentaires.<\/li>\n<li><strong>La poudre de Ti-6Al-4V peut-elle \u00eatre recycl\u00e9e ?<\/strong> Oui, la poudre de Ti-6Al-4V peut \u00eatre recycl\u00e9e et r\u00e9utilis\u00e9e dans les processus de fabrication additive, \u00e0 condition qu'elle r\u00e9ponde aux normes de qualit\u00e9 et qu'elle soit exempte de toute contamination.<\/li>\n<li><strong>Quels sont les co\u00fbts typiques associ\u00e9s \u00e0 la poudre de Ti-6Al-4V ?<\/strong> Les co\u00fbts de la poudre de Ti-6Al-4V varient en fonction de facteurs tels que le volume, la taille des particules, les niveaux de puret\u00e9 et les conditions du march\u00e9.<\/li>\n<li><strong>La poudre de Ti-6Al-4V est-elle compatible avec les proc\u00e9d\u00e9s de fabrication additive ?<\/strong> Oui, la poudre de Ti-6Al-4V est largement utilis\u00e9e dans les processus de fabrication additive tels que la fusion s\u00e9lective par laser (SLM) et la fusion par faisceau d'\u00e9lectrons (EBM) pour produire des composants complexes dot\u00e9s d'une grande solidit\u00e9 et d'une grande r\u00e9sistance \u00e0 la corrosion.<\/li>\n<\/ol>","protected":false},"excerpt":{"rendered":"<p>Poudre de Ti-6Al-4V : Vue d'ensemble La poudre de Ti-6Al-4V, \u00e9galement connue sous le nom de poudre d'alliage de titane de grade 5, est un alliage de titane largement utilis\u00e9, r\u00e9put\u00e9 pour son excellent rapport poids\/r\u00e9sistance, sa r\u00e9sistance \u00e0 la corrosion et sa biocompatibilit\u00e9. Cette poudre trouve de nombreuses applications dans diverses industries, notamment l'a\u00e9rospatiale, la m\u00e9decine, l'automobile et la marine, o\u00f9 il est essentiel de disposer de mat\u00e9riaux l\u00e9gers et tr\u00e8s r\u00e9sistants. Composition La composition de la poudre de Ti-6Al-4V...<\/p>","protected":false},"featured_media":1774,"parent":0,"template":"","meta":{"_acf_changed":false,"_kad_blocks_custom_css":"","_kad_blocks_head_custom_js":"","_kad_blocks_body_custom_js":"","_kad_blocks_footer_custom_js":"","_kad_post_transparent":"","_kad_post_title":"","_kad_post_layout":"","_kad_post_sidebar_id":"","_kad_post_content_style":"","_kad_post_vertical_padding":"","_kad_post_feature":"","_kad_post_feature_position":"","_kad_post_header":false,"_kad_post_footer":false,"_kad_post_classname":""},"product-category":[123],"class_list":["post-4285","product","type-product","status-publish","has-post-thumbnail","hentry","product-category-titanium-based-alloy-powder"],"acf":[],"taxonomy_info":{"product-category":[{"value":123,"label":"Titanium Based Alloy Powder"}]},"featured_image_src_large":["https:\/\/3dpmetal.com\/wp-content\/uploads\/2024\/02\/TC4-ELI-Powder.jpg",600,600,false],"author_info":[],"comment_info":"","_links":{"self":[{"href":"https:\/\/3dpmetal.com\/fr\/wp-json\/wp\/v2\/product\/4285","targetHints":{"allow":["GET"]}}],"collection":[{"href":"https:\/\/3dpmetal.com\/fr\/wp-json\/wp\/v2\/product"}],"about":[{"href":"https:\/\/3dpmetal.com\/fr\/wp-json\/wp\/v2\/types\/product"}],"wp:featuredmedia":[{"embeddable":true,"href":"https:\/\/3dpmetal.com\/fr\/wp-json\/wp\/v2\/media\/1774"}],"wp:attachment":[{"href":"https:\/\/3dpmetal.com\/fr\/wp-json\/wp\/v2\/media?parent=4285"}],"wp:term":[{"taxonomy":"product-category","embeddable":true,"href":"https:\/\/3dpmetal.com\/fr\/wp-json\/wp\/v2\/product-category?post=4285"}],"curies":[{"name":"wp","href":"https:\/\/api.w.org\/{rel}","templated":true}]}}