{"id":4287,"date":"2024-04-07T08:17:04","date_gmt":"2024-04-07T08:17:04","guid":{"rendered":"https:\/\/3dpmetal.com\/product\/maraging-steel-ms1-powder\/"},"modified":"2024-04-07T09:08:56","modified_gmt":"2024-04-07T09:08:56","slug":"maraging-steel-ms1-powder","status":"publish","type":"product","link":"https:\/\/3dpmetal.com\/fr\/product\/maraging-steel-ms1-powder\/","title":{"rendered":"Acier maraging MS1 Poudre"},"content":{"rendered":"<h2>Poudre d'acier maraging MS1 : Vue d'ensemble<\/h2>\n<p><a href=\"https:\/\/en.wikipedia.org\/wiki\/Metal_powder\" target=\"_blank\" rel=\"noopener\">Poudre d'acier maraging MS1<\/a> est une poudre d'acier sp\u00e9cialis\u00e9e r\u00e9put\u00e9e pour sa solidit\u00e9, sa t\u00e9nacit\u00e9 et sa r\u00e9sistance \u00e0 la corrosion exceptionnelles. Elle est largement utilis\u00e9e dans les secteurs de l'a\u00e9rospatiale, de la d\u00e9fense et de l'automobile, o\u00f9 des composants de haute performance sont indispensables.<\/p>\n<h2>Composition<\/h2>\n<p>La composition de la poudre d'acier Maraging Steel MS1 est m\u00e9ticuleusement \u00e9labor\u00e9e avec des \u00e9l\u00e9ments sp\u00e9cifiques pour garantir des propri\u00e9t\u00e9s m\u00e9caniques optimales :<\/p>\n<table>\n<thead>\n<tr>\n<th>\u00e9l\u00e9ment<\/th>\n<th>% en poids<\/th>\n<\/tr>\n<\/thead>\n<tbody>\n<tr>\n<td>Le fer (Fe)<\/td>\n<td>\u00c9quilibre<\/td>\n<\/tr>\n<tr>\n<td>Nickel (Ni)<\/td>\n<td>18.0-20.0<\/td>\n<\/tr>\n<tr>\n<td>Cobalt (Co)<\/td>\n<td>7.0-9.0<\/td>\n<\/tr>\n<tr>\n<td>Molybd\u00e8ne (Mo)<\/td>\n<td>3.0-4.5<\/td>\n<\/tr>\n<tr>\n<td>Titane (Ti)<\/td>\n<td>1.0-1.8<\/td>\n<\/tr>\n<tr>\n<td>Aluminium (Al)<\/td>\n<td>0.1-0.3<\/td>\n<\/tr>\n<tr>\n<td>Carbone (C)<\/td>\n<td>\u22640.03<\/td>\n<\/tr>\n<tr>\n<td>Silicium (Si)<\/td>\n<td>\u22640.10<\/td>\n<\/tr>\n<tr>\n<td>Phosphore (P)<\/td>\n<td>\u22640.01<\/td>\n<\/tr>\n<tr>\n<td>Soufre (S)<\/td>\n<td>\u22640.01<\/td>\n<\/tr>\n<\/tbody>\n<\/table>\n<p>Ces \u00e9l\u00e9ments d'alliage contribuent de mani\u00e8re synergique aux propri\u00e9t\u00e9s remarquables de la poudre d'acier Maraging Steel MS1, notamment sa haute r\u00e9sistance m\u00e9canique, sa t\u00e9nacit\u00e9 et sa r\u00e9sistance \u00e0 la corrosion.<\/p>\n<h2>Propri\u00e9t\u00e9s<\/h2>\n<p>La poudre d'acier maraging MS1 pr\u00e9sente des propri\u00e9t\u00e9s exceptionnelles essentielles pour les applications exigeantes :<\/p>\n<table>\n<thead>\n<tr>\n<th>Propri\u00e9t\u00e9 immobili\u00e8re<\/th>\n<th>Valeur<\/th>\n<\/tr>\n<\/thead>\n<tbody>\n<tr>\n<td>Densit\u00e9<\/td>\n<td>7,8-8,0 g\/cm\u00b3<\/td>\n<\/tr>\n<tr>\n<td>Duret\u00e9<\/td>\n<td>45-50 HRC<\/td>\n<\/tr>\n<tr>\n<td>R\u00e9sistance \u00e0 la traction<\/td>\n<td>1800-2000 MPa<\/td>\n<\/tr>\n<tr>\n<td>Limite d'\u00e9lasticit\u00e9<\/td>\n<td>1600-1800 MPa<\/td>\n<\/tr>\n<tr>\n<td>Allongement<\/td>\n<td>10-15%<\/td>\n<\/tr>\n<tr>\n<td>Conductivit\u00e9 thermique<\/td>\n<td>17,0 W\/m-K<\/td>\n<\/tr>\n<tr>\n<td>Coefficient de dilatation thermique<\/td>\n<td>11,5 \u00b5m\/m-K<\/td>\n<\/tr>\n<tr>\n<td>Point de fusion<\/td>\n<td>1413-1475\u00b0C<\/td>\n<\/tr>\n<\/tbody>\n<\/table>\n<p>Ces propri\u00e9t\u00e9s font que la poudre d'acier Maraging MS1 convient \u00e0 une myriade d'applications exigeant une grande solidit\u00e9, une grande durabilit\u00e9 et une grande r\u00e9sistance aux conditions extr\u00eames.<\/p>\n<h2>APPLICATIONS<\/h2>\n<p>La poudre d'acier maraging MS1 trouve diverses applications dans diff\u00e9rents secteurs :<\/p>\n<ul>\n<li>Composants a\u00e9rospatiaux : pi\u00e8ces structurelles, enveloppes de moteurs de fus\u00e9e<\/li>\n<li>D\u00e9fense : composants de missiles, blindage<\/li>\n<li>Automobile : composants de moteur, pi\u00e8ces de transmission<\/li>\n<li>Outillage : matrices, moules, outils d'extrusion<\/li>\n<li>Ing\u00e9nierie de haute performance : arbres, engrenages, roulements<\/li>\n<\/ul>\n<p>Sa combinaison sup\u00e9rieure de r\u00e9sistance et de t\u00e9nacit\u00e9 en fait un produit inestimable pour les applications critiques soumises \u00e0 des contraintes \u00e9lev\u00e9es et \u00e0 des environnements difficiles.<\/p>\n<h2>Processus de fabrication additive<\/h2>\n<p>La poudre d'acier Maraging MS1 est g\u00e9n\u00e9ralement produite par atomisation au gaz ou \u00e0 l'eau, ce qui permet d'obtenir des particules de forme sph\u00e9rique ou irr\u00e9guli\u00e8re adapt\u00e9es aux techniques de fabrication additive telles que la fusion s\u00e9lective par laser (SLM) et la fusion par faisceau d'\u00e9lectrons (EBM).<\/p>\n<h2>Sp\u00e9cifications des poudres<\/h2>\n<p>La poudre d'acier maraging MS1 est disponible dans diff\u00e9rentes sp\u00e9cifications pour r\u00e9pondre aux exigences sp\u00e9cifiques des applications, y compris la distribution de la taille des particules, la morphologie, la densit\u00e9 apparente, la puret\u00e9 et la teneur en oxyg\u00e8ne.<\/p>\n<h2>Normes et grades<\/h2>\n<p>La poudre d'acier maraging MS1 est conforme aux normes industrielles telles que AMS 6512 et MIL-S-46850, avec des nuances \u00e9quivalentes telles que DIN 1.2709 et UNS K92890.<\/p>\n<h2>Contr\u00f4le de la qualit\u00e9<\/h2>\n<p>Les mesures de contr\u00f4le de la qualit\u00e9 de la poudre d'acier Maraging MS1 comprennent l'analyse chimique, l'analyse de la taille des particules, l'\u00e9valuation de la morphologie de la poudre, le test de densit\u00e9, l'\u00e9valuation de la puret\u00e9 et l'analyse de la teneur en oxyg\u00e8ne.<\/p>\n<h2>Analyse des co\u00fbts<\/h2>\n<p>Le co\u00fbt de la poudre d'acier Maraging MS1 varie en fonction de facteurs tels que le volume de la commande, la taille des particules, la morphologie de la poudre, les niveaux de puret\u00e9 et les marges du fabricant\/distributeur.<\/p>\n<h2>Stockage et manipulation des poudres<\/h2>\n<p>Des pratiques de stockage et de manipulation appropri\u00e9es sont cruciales pour maintenir l'int\u00e9grit\u00e9 de la poudre d'acier Maraging MS1, y compris le stockage dans des conteneurs scell\u00e9s dans un environnement contr\u00f4l\u00e9 et l'utilisation d'un \u00e9quipement de manipulation appropri\u00e9.<\/p>\n<h2>Sant\u00e9 et s\u00e9curit\u00e9<\/h2>\n<p>La poudre d'acier maraging MS1 pr\u00e9sente des risques minimes pour la sant\u00e9 si elle est manipul\u00e9e correctement. Elle n\u00e9cessite l'utilisation d'\u00e9quipements de protection individuelle et le respect de protocoles de s\u00e9curit\u00e9 pendant la manipulation et le traitement.<\/p>\n<h2>FAQ<\/h2>\n<ol>\n<li><strong>La poudre d'acier maraging MS1 convient-elle aux applications a\u00e9rospatiales ?<\/strong> Oui, la poudre d'acier maraging MS1 est couramment utilis\u00e9e dans l'a\u00e9rospatiale pour sa grande solidit\u00e9 et sa r\u00e9sistance \u00e0 la corrosion.<\/li>\n<li><strong>Quels sont les principaux avantages de la poudre d'acier Maraging Steel MS1 pour les applications de d\u00e9fense ?<\/strong> La poudre d'acier maraging MS1 offre une r\u00e9sistance et une t\u00e9nacit\u00e9 excellentes, ce qui la rend id\u00e9ale pour les composants de missiles et le blindage dans les applications de d\u00e9fense.<\/li>\n<li><strong>La poudre d'acier Maraging MS1 peut-elle \u00eatre utilis\u00e9e dans les processus de fabrication additive ?<\/strong> Oui, la poudre d'acier Maraging MS1 convient aux processus de fabrication additive tels que la fusion s\u00e9lective par laser (SLM) et la fusion par faisceau d'\u00e9lectrons (EBM) pour produire des composants complexes \u00e0 haute r\u00e9sistance m\u00e9canique et \u00e0 la corrosion.<\/li>\n<li><strong>Quels sont les co\u00fbts typiques associ\u00e9s \u00e0 la poudre d'acier maraging MS1 ?<\/strong> Les co\u00fbts de la poudre d'acier maraging MS1 varient en fonction de facteurs tels que le volume, la taille des particules, les niveaux de puret\u00e9 et les conditions du march\u00e9.<\/li>\n<li><strong>La poudre d'acier maraging MS1 est-elle recyclable ?<\/strong> Oui, la poudre d'acier Maraging MS1 peut \u00eatre recycl\u00e9e et r\u00e9utilis\u00e9e dans les processus de fabrication additive, \u00e0 condition qu'elle r\u00e9ponde aux normes de qualit\u00e9 et qu'elle soit exempte de toute contamination.<\/li>\n<\/ol>","protected":false},"excerpt":{"rendered":"<p>Poudre d'acier Maraging Steel MS1 : Pr\u00e9sentation La poudre d'acier Maraging Steel MS1 est une poudre d'acier sp\u00e9cialis\u00e9e r\u00e9put\u00e9e pour sa solidit\u00e9, sa t\u00e9nacit\u00e9 et sa r\u00e9sistance \u00e0 la corrosion exceptionnelles. Elle est largement utilis\u00e9e dans les secteurs de l'a\u00e9rospatiale, de la d\u00e9fense et de l'automobile, o\u00f9 des composants de haute performance sont indispensables. Composition La composition de la poudre d'acier Maraging Steel MS1 est m\u00e9ticuleusement \u00e9labor\u00e9e avec des \u00e9l\u00e9ments sp\u00e9cifiques pour assurer une...<\/p>","protected":false},"featured_media":1858,"parent":0,"template":"","meta":{"_acf_changed":false,"_kad_blocks_custom_css":"","_kad_blocks_head_custom_js":"","_kad_blocks_body_custom_js":"","_kad_blocks_footer_custom_js":"","_kad_post_transparent":"","_kad_post_title":"","_kad_post_layout":"","_kad_post_sidebar_id":"","_kad_post_content_style":"","_kad_post_vertical_padding":"","_kad_post_feature":"","_kad_post_feature_position":"","_kad_post_header":false,"_kad_post_footer":false,"_kad_post_classname":""},"product-category":[119],"class_list":["post-4287","product","type-product","status-publish","has-post-thumbnail","hentry","product-category-3d-printing-metal-powder"],"acf":[],"taxonomy_info":{"product-category":[{"value":119,"label":"3D Printing Metal Powder"}]},"featured_image_src_large":["https:\/\/3dpmetal.com\/wp-content\/uploads\/2024\/02\/GH3230-Powder.jpg",600,600,false],"author_info":[],"comment_info":"","_links":{"self":[{"href":"https:\/\/3dpmetal.com\/fr\/wp-json\/wp\/v2\/product\/4287","targetHints":{"allow":["GET"]}}],"collection":[{"href":"https:\/\/3dpmetal.com\/fr\/wp-json\/wp\/v2\/product"}],"about":[{"href":"https:\/\/3dpmetal.com\/fr\/wp-json\/wp\/v2\/types\/product"}],"wp:featuredmedia":[{"embeddable":true,"href":"https:\/\/3dpmetal.com\/fr\/wp-json\/wp\/v2\/media\/1858"}],"wp:attachment":[{"href":"https:\/\/3dpmetal.com\/fr\/wp-json\/wp\/v2\/media?parent=4287"}],"wp:term":[{"taxonomy":"product-category","embeddable":true,"href":"https:\/\/3dpmetal.com\/fr\/wp-json\/wp\/v2\/product-category?post=4287"}],"curies":[{"name":"wp","href":"https:\/\/api.w.org\/{rel}","templated":true}]}}