{"id":4311,"date":"2024-04-07T08:17:24","date_gmt":"2024-04-07T08:17:24","guid":{"rendered":"https:\/\/3dpmetal.com\/product\/nickel-alloy-52-powder\/"},"modified":"2024-04-08T01:25:33","modified_gmt":"2024-04-08T01:25:33","slug":"nickel-alloy-52-powder","status":"publish","type":"product","link":"https:\/\/3dpmetal.com\/fr\/product\/nickel-alloy-52-powder\/","title":{"rendered":"Poudre d'alliage de nickel 52"},"content":{"rendered":"<h2>Poudre d'alliage de nickel 52 : Vue d'ensemble<\/h2>\n<p><a href=\"https:\/\/en.wikipedia.org\/wiki\/Metal_powder\" target=\"_blank\" rel=\"noopener\">Poudre d'alliage de nickel 52<\/a> est une poudre d'alliage nickel-fer tr\u00e8s appr\u00e9ci\u00e9e, connue pour ses propri\u00e9t\u00e9s exceptionnelles de dilatation thermique, sa faible conductivit\u00e9 thermique et sa r\u00e9sistivit\u00e9 \u00e9lectrique \u00e9lev\u00e9e. Largement utilis\u00e9e dans les applications \u00e9lectroniques et \u00e9lectriques, cette poudre joue un r\u00f4le crucial dans la fabrication de composants n\u00e9cessitant un contr\u00f4le pr\u00e9cis de la dilatation thermique et une grande fiabilit\u00e9.<\/p>\n<h2>Composition<\/h2>\n<p>La poudre d'alliage de nickel 52 est m\u00e9ticuleusement fabriqu\u00e9e avec des \u00e9l\u00e9ments d'alliage pr\u00e9cis pour obtenir ses propri\u00e9t\u00e9s exceptionnelles :<\/p>\n<table>\n<thead>\n<tr>\n<th>\u00e9l\u00e9ment<\/th>\n<th>% en poids<\/th>\n<\/tr>\n<\/thead>\n<tbody>\n<tr>\n<td>Nickel (Ni)<\/td>\n<td>49.0-51.0<\/td>\n<\/tr>\n<tr>\n<td>Le fer (Fe)<\/td>\n<td>\u00c9quilibre<\/td>\n<\/tr>\n<tr>\n<td>Mangan\u00e8se (Mn)<\/td>\n<td>\u22640.60<\/td>\n<\/tr>\n<tr>\n<td>Silicium (Si)<\/td>\n<td>\u22640.30<\/td>\n<\/tr>\n<tr>\n<td>Carbone (C)<\/td>\n<td>\u22640.05<\/td>\n<\/tr>\n<tr>\n<td>Soufre (S)<\/td>\n<td>\u22640.02<\/td>\n<\/tr>\n<tr>\n<td>Phosphore (P)<\/td>\n<td>\u22640.02<\/td>\n<\/tr>\n<\/tbody>\n<\/table>\n<p>Ces \u00e9l\u00e9ments d'alliage agissent en synergie pour am\u00e9liorer les propri\u00e9t\u00e9s d'expansion thermique et la r\u00e9sistivit\u00e9 \u00e9lectrique de l'alliage.<\/p>\n<h2>Propri\u00e9t\u00e9s<\/h2>\n<p>La poudre d'alliage de nickel 52 pr\u00e9sente des propri\u00e9t\u00e9s remarquables essentielles pour les applications exigeantes :<\/p>\n<table>\n<thead>\n<tr>\n<th>Propri\u00e9t\u00e9 immobili\u00e8re<\/th>\n<th>Valeur<\/th>\n<\/tr>\n<\/thead>\n<tbody>\n<tr>\n<td>Densit\u00e9<\/td>\n<td>8,25 g\/cm\u00b3<\/td>\n<\/tr>\n<tr>\n<td>Coefficient de dilatation<\/td>\n<td>10,9 \u00b5m\/m-K<\/td>\n<\/tr>\n<tr>\n<td>Conductivit\u00e9 thermique<\/td>\n<td>17,1 W\/m-K<\/td>\n<\/tr>\n<tr>\n<td>R\u00e9sistivit\u00e9 \u00e9lectrique<\/td>\n<td>0,44 \u00b5\u03a9-m<\/td>\n<\/tr>\n<tr>\n<td>R\u00e9sistance \u00e0 la traction<\/td>\n<td>450 MPa<\/td>\n<\/tr>\n<tr>\n<td>Limite d'\u00e9lasticit\u00e9<\/td>\n<td>175 MPa<\/td>\n<\/tr>\n<tr>\n<td>Allongement<\/td>\n<td>40%<\/td>\n<\/tr>\n<tr>\n<td>Point de fusion<\/td>\n<td>~1330-1370\u00b0C<\/td>\n<\/tr>\n<\/tbody>\n<\/table>\n<p>Ces propri\u00e9t\u00e9s exceptionnelles font que la poudre d'alliage de nickel 52 convient \u00e0 une large gamme d'applications n\u00e9cessitant un contr\u00f4le pr\u00e9cis de la dilatation thermique et une r\u00e9sistivit\u00e9 \u00e9lectrique \u00e9lev\u00e9e.<\/p>\n<h2>APPLICATIONS<\/h2>\n<p>La poudre d'alliage de nickel 52 trouve de nombreuses applications dans diverses industries :<\/p>\n<ul>\n<li>\u00c9lectronique : cadres en plomb, joints c\u00e9ramique-m\u00e9tal, joints verre-m\u00e9tal<\/li>\n<li>\u00c9lectricit\u00e9 : r\u00e9sistances bobin\u00e9es, instruments de pr\u00e9cision, thermocouples<\/li>\n<li>Automobile : composants de capteurs, composants de relais<\/li>\n<li>A\u00e9rospatiale : composants de satellites, \u00e9lectronique a\u00e9rospatiale<\/li>\n<\/ul>\n<p>Sa combinaison de propri\u00e9t\u00e9s sup\u00e9rieures le rend id\u00e9al pour les composants critiques n\u00e9cessitant une gestion thermique pr\u00e9cise et une grande fiabilit\u00e9.<\/p>\n<h2>Processus de fabrication additive<\/h2>\n<p>La poudre d'alliage de nickel 52 est g\u00e9n\u00e9ralement produite par atomisation au gaz ou au plasma, ce qui permet d'obtenir des particules sph\u00e9riques adapt\u00e9es aux techniques de fabrication additive telles que la fusion s\u00e9lective par laser (SLM) et la fusion par faisceau d'\u00e9lectrons (EBM).<\/p>\n<h2>Sp\u00e9cifications des poudres<\/h2>\n<p>La poudre d'alliage de nickel 52 est disponible dans diff\u00e9rentes gammes de tailles, morphologies et niveaux de qualit\u00e9, afin de r\u00e9pondre aux exigences sp\u00e9cifiques des applications.<\/p>\n<h2>Normes et grades<\/h2>\n<p>La poudre d'alliage de nickel 52 est conforme aux normes industrielles telles que ASTM F et AMS 4, ce qui garantit sa qualit\u00e9 et son ad\u00e9quation \u00e0 diverses applications.<\/p>\n<h2>Contr\u00f4le de la qualit\u00e9<\/h2>\n<p>Des mesures strictes de contr\u00f4le de la qualit\u00e9 sont mises en \u0153uvre pour la poudre d'alliage de nickel 52, notamment l'analyse chimique, l'analyse de la taille des particules, l'\u00e9valuation de la morphologie de la poudre, les tests de densit\u00e9, l'\u00e9valuation de la puret\u00e9 et l'analyse de la teneur en oxyg\u00e8ne, afin de garantir l'homog\u00e9n\u00e9it\u00e9 et la fiabilit\u00e9.<\/p>\n<h2>Analyse des co\u00fbts<\/h2>\n<p>Le co\u00fbt de la poudre d'alliage de nickel 52 varie en fonction de plusieurs facteurs, notamment le volume de la commande, la gamme de tailles des particules, la morphologie de la poudre, les niveaux de puret\u00e9 et les conditions du march\u00e9.<\/p>\n<h2>Stockage et manipulation des poudres<\/h2>\n<p>Il est imp\u00e9ratif d'adopter des pratiques de stockage et de manipulation appropri\u00e9es pour pr\u00e9server l'int\u00e9grit\u00e9 de la poudre d'alliage de nickel 52, y compris le stockage dans des conteneurs scell\u00e9s dans un environnement contr\u00f4l\u00e9 et l'adh\u00e9sion \u00e0 des protocoles de manipulation appropri\u00e9s.<\/p>\n<h2>Sant\u00e9 et s\u00e9curit\u00e9<\/h2>\n<p>La poudre d'alliage de nickel 52 pr\u00e9sente des risques minimes pour la sant\u00e9 si elle est manipul\u00e9e correctement, ce qui n\u00e9cessite l'utilisation d'\u00e9quipements de protection individuelle et le respect de protocoles de s\u00e9curit\u00e9 pendant la manipulation et le traitement.<\/p>","protected":false},"excerpt":{"rendered":"<p>Poudre d'alliage de nickel 52 : Pr\u00e9sentation La poudre d'alliage de nickel 52 est une poudre d'alliage de nickel et de fer tr\u00e8s appr\u00e9ci\u00e9e, connue pour ses propri\u00e9t\u00e9s exceptionnelles de dilatation thermique, sa faible conductivit\u00e9 thermique et sa r\u00e9sistivit\u00e9 \u00e9lectrique \u00e9lev\u00e9e. Largement utilis\u00e9e dans les applications \u00e9lectroniques et \u00e9lectriques, cette poudre joue un r\u00f4le crucial dans la fabrication de composants n\u00e9cessitant un contr\u00f4le pr\u00e9cis de la dilatation thermique et une grande fiabilit\u00e9. Composition...<\/p>","protected":false},"featured_media":1798,"parent":0,"template":"","meta":{"_acf_changed":false,"_kad_blocks_custom_css":"","_kad_blocks_head_custom_js":"","_kad_blocks_body_custom_js":"","_kad_blocks_footer_custom_js":"","_kad_post_transparent":"","_kad_post_title":"","_kad_post_layout":"","_kad_post_sidebar_id":"","_kad_post_content_style":"","_kad_post_vertical_padding":"","_kad_post_feature":"","_kad_post_feature_position":"","_kad_post_header":false,"_kad_post_footer":false,"_kad_post_classname":""},"product-category":[119],"class_list":["post-4311","product","type-product","status-publish","has-post-thumbnail","hentry","product-category-3d-printing-metal-powder"],"acf":[],"taxonomy_info":{"product-category":[{"value":119,"label":"3D Printing Metal Powder"}]},"featured_image_src_large":["https:\/\/3dpmetal.com\/wp-content\/uploads\/2024\/02\/GH-3625-Powder.jpg",600,600,false],"author_info":[],"comment_info":"","_links":{"self":[{"href":"https:\/\/3dpmetal.com\/fr\/wp-json\/wp\/v2\/product\/4311","targetHints":{"allow":["GET"]}}],"collection":[{"href":"https:\/\/3dpmetal.com\/fr\/wp-json\/wp\/v2\/product"}],"about":[{"href":"https:\/\/3dpmetal.com\/fr\/wp-json\/wp\/v2\/types\/product"}],"wp:featuredmedia":[{"embeddable":true,"href":"https:\/\/3dpmetal.com\/fr\/wp-json\/wp\/v2\/media\/1798"}],"wp:attachment":[{"href":"https:\/\/3dpmetal.com\/fr\/wp-json\/wp\/v2\/media?parent=4311"}],"wp:term":[{"taxonomy":"product-category","embeddable":true,"href":"https:\/\/3dpmetal.com\/fr\/wp-json\/wp\/v2\/product-category?post=4311"}],"curies":[{"name":"wp","href":"https:\/\/api.w.org\/{rel}","templated":true}]}}