{"id":4314,"date":"2024-04-07T08:17:24","date_gmt":"2024-04-07T08:17:24","guid":{"rendered":"https:\/\/3dpmetal.com\/product\/maraging-steel-300-powder\/"},"modified":"2024-04-08T01:34:37","modified_gmt":"2024-04-08T01:34:37","slug":"maraging-steel-300-powder","status":"publish","type":"product","link":"https:\/\/3dpmetal.com\/fr\/product\/maraging-steel-300-powder\/","title":{"rendered":"Poudre d'acier maraging 300"},"content":{"rendered":"<h2>Poudre d'acier maraging 300 : Vue d'ensemble<\/h2>\n<p><a href=\"https:\/\/en.wikipedia.org\/wiki\/Maraging_steel\" target=\"_blank\" rel=\"noopener\">Poudre d'acier maraging 300<\/a> est tr\u00e8s appr\u00e9ci\u00e9 pour sa r\u00e9sistance et sa t\u00e9nacit\u00e9 exceptionnelles, ce qui en fait un mat\u00e9riau essentiel dans diverses industries. Sa combinaison unique de propri\u00e9t\u00e9s, notamment une r\u00e9sistance \u00e9lev\u00e9e \u00e0 la traction et une bonne ductilit\u00e9, en fait un mat\u00e9riau id\u00e9al pour les applications n\u00e9cessitant des composants de haute performance.<\/p>\n<h2>Composition<\/h2>\n<p>La poudre d'acier maraging 300 est m\u00e9ticuleusement fabriqu\u00e9e avec des \u00e9l\u00e9ments d'alliage pr\u00e9cis :<\/p>\n<table>\n<thead>\n<tr>\n<th>\u00e9l\u00e9ment<\/th>\n<th>% en poids<\/th>\n<\/tr>\n<\/thead>\n<tbody>\n<tr>\n<td>Le fer (Fe)<\/td>\n<td>71.0 min<\/td>\n<\/tr>\n<tr>\n<td>Nickel (Ni)<\/td>\n<td>18.0-19.0<\/td>\n<\/tr>\n<tr>\n<td>Cobalt (Co)<\/td>\n<td>8.0-9.5<\/td>\n<\/tr>\n<tr>\n<td>Molybd\u00e8ne (Mo)<\/td>\n<td>4.6-5.2<\/td>\n<\/tr>\n<\/tbody>\n<\/table>\n<h2>Propri\u00e9t\u00e9s<\/h2>\n<p>La poudre d'acier maraging 300 pr\u00e9sente des propri\u00e9t\u00e9s exceptionnelles :<\/p>\n<table>\n<thead>\n<tr>\n<th>Propri\u00e9t\u00e9 immobili\u00e8re<\/th>\n<th>Valeur<\/th>\n<\/tr>\n<\/thead>\n<tbody>\n<tr>\n<td>Densit\u00e9<\/td>\n<td>8,1 g\/cm\u00b3<\/td>\n<\/tr>\n<tr>\n<td>R\u00e9sistance \u00e0 la traction<\/td>\n<td>2000-2400 MPa<\/td>\n<\/tr>\n<tr>\n<td>Limite d'\u00e9lasticit\u00e9<\/td>\n<td>1800-2200 MPa<\/td>\n<\/tr>\n<tr>\n<td>Allongement<\/td>\n<td>10-15%<\/td>\n<\/tr>\n<tr>\n<td>Duret\u00e9 (HRC)<\/td>\n<td>50-54 HRC<\/td>\n<\/tr>\n<tr>\n<td>Point de fusion<\/td>\n<td>~1420\u00b0C<\/td>\n<\/tr>\n<tr>\n<td>Conductivit\u00e9 thermique<\/td>\n<td>21,6 W\/m-K<\/td>\n<\/tr>\n<tr>\n<td>R\u00e9sistivit\u00e9 \u00e9lectrique<\/td>\n<td>0,75 \u00b5\u03a9-m<\/td>\n<\/tr>\n<\/tbody>\n<\/table>\n<h2>APPLICATIONS<\/h2>\n<p>La poudre d'acier maraging 300 trouve de nombreuses applications dans les secteurs de l'a\u00e9rospatiale, de l'automobile et de l'outillage pour des composants tels que les pi\u00e8ces structurelles d'avion, les composants de s\u00e9curit\u00e9 automobile et l'outillage \u00e0 haute performance.<\/p>\n<h2>Processus de fabrication additive<\/h2>\n<p>Produite par des proc\u00e9d\u00e9s d'atomisation au gaz ou au plasma, la poudre d'acier Maraging 300 convient aux techniques de fabrication additive telles que la fusion s\u00e9lective par laser (SLM) et la fusion par faisceau d'\u00e9lectrons (EBM).<\/p>\n<h2>Sp\u00e9cifications des poudres<\/h2>\n<p>Disponible dans diff\u00e9rentes gammes de tailles, morphologies et niveaux de qualit\u00e9, la poudre d'acier maraging 300 r\u00e9pond aux exigences d'applications sp\u00e9cifiques.<\/p>\n<h2>Normes et grades<\/h2>\n<p>La poudre d'acier maraging 300 est conforme aux normes industrielles telles que l'AMS 4, ce qui garantit la qualit\u00e9 et l'ad\u00e9quation \u00e0 diverses applications.<\/p>\n<h2>Contr\u00f4le de la qualit\u00e9<\/h2>\n<p>Des mesures rigoureuses de contr\u00f4le de la qualit\u00e9, y compris des analyses chimiques et granulom\u00e9triques, garantissent la coh\u00e9rence et la fiabilit\u00e9 de la poudre d'acier Maraging 300.<\/p>\n<h2>Analyse des co\u00fbts<\/h2>\n<p>Le co\u00fbt de la poudre d'acier maraging 300 varie en fonction de facteurs tels que le volume, la taille des particules et les conditions du march\u00e9.<\/p>\n<h2>Stockage et manipulation des poudres<\/h2>\n<p>Un stockage ad\u00e9quat dans des r\u00e9cipients scell\u00e9s et le respect des protocoles de manipulation sont essentiels pour pr\u00e9server l'int\u00e9grit\u00e9 de la poudre d'acier Maraging 300.<\/p>\n<h2>Sant\u00e9 et s\u00e9curit\u00e9<\/h2>\n<p>La poudre d'acier maraging 300 pr\u00e9sente des risques minimes pour la sant\u00e9, mais n\u00e9cessite l'utilisation d'\u00e9quipements de protection individuelle lors de sa manipulation et de son traitement.<\/p>\n<h2>FAQ<\/h2>\n<ol>\n<li><strong>Quels sont les principaux avantages de la poudre d'acier Maraging 300 ?<\/strong> La poudre d'acier maraging 300 offre une r\u00e9sistance et une t\u00e9nacit\u00e9 exceptionnelles, ce qui la rend adapt\u00e9e aux applications de haute performance dans les secteurs de l'a\u00e9rospatiale, de l'automobile et de l'outillage.<\/li>\n<li><strong>La poudre d'acier Maraging 300 peut-elle \u00eatre utilis\u00e9e dans la fabrication additive ?<\/strong> Oui, la poudre d'acier Maraging 300 est couramment utilis\u00e9e dans les techniques de fabrication additive telles que la fusion s\u00e9lective par laser (SLM) et la fusion par faisceau d'\u00e9lectrons (EBM) pour produire des composants d'une r\u00e9sistance et d'une performance sup\u00e9rieures.<\/li>\n<li><strong>La poudre d'acier maraging 300 convient-elle aux applications a\u00e9rospatiales ?<\/strong> Oui, la poudre d'acier maraging 300 est largement utilis\u00e9e dans les applications a\u00e9rospatiales, y compris les pi\u00e8ces structurelles des avions et les outils de haute performance, en raison de ses excellentes propri\u00e9t\u00e9s de r\u00e9sistance et de t\u00e9nacit\u00e9.<\/li>\n<li><strong>Quels sont les co\u00fbts typiques associ\u00e9s \u00e0 l'acier maraging 300 Powder ?<\/strong> Les co\u00fbts de la poudre d'acier maraging 300 varient en fonction de facteurs tels que le volume, la taille des particules, la morphologie de la poudre, les niveaux de puret\u00e9 et les conditions du march\u00e9.<\/li>\n<\/ol>","protected":false},"excerpt":{"rendered":"<p>Poudre d'acier maraging 300 : Vue d'ensemble La poudre d'acier maraging 300 est tr\u00e8s appr\u00e9ci\u00e9e pour sa r\u00e9sistance et sa t\u00e9nacit\u00e9 exceptionnelles, ce qui en fait un mat\u00e9riau essentiel dans diverses industries. Sa combinaison unique de propri\u00e9t\u00e9s, dont une r\u00e9sistance \u00e9lev\u00e9e \u00e0 la traction et une bonne ductilit\u00e9, en fait un mat\u00e9riau id\u00e9al pour les applications n\u00e9cessitant des composants de haute performance. Composition La poudre d'acier Maraging 300 est m\u00e9ticuleusement fabriqu\u00e9e...<\/p>","protected":false},"featured_media":1858,"parent":0,"template":"","meta":{"_acf_changed":false,"_kad_blocks_custom_css":"","_kad_blocks_head_custom_js":"","_kad_blocks_body_custom_js":"","_kad_blocks_footer_custom_js":"","_kad_post_transparent":"","_kad_post_title":"","_kad_post_layout":"","_kad_post_sidebar_id":"","_kad_post_content_style":"","_kad_post_vertical_padding":"","_kad_post_feature":"","_kad_post_feature_position":"","_kad_post_header":false,"_kad_post_footer":false,"_kad_post_classname":""},"product-category":[119],"class_list":["post-4314","product","type-product","status-publish","has-post-thumbnail","hentry","product-category-3d-printing-metal-powder"],"acf":[],"taxonomy_info":{"product-category":[{"value":119,"label":"3D Printing Metal Powder"}]},"featured_image_src_large":["https:\/\/3dpmetal.com\/wp-content\/uploads\/2024\/02\/GH3230-Powder.jpg",600,600,false],"author_info":[],"comment_info":"","_links":{"self":[{"href":"https:\/\/3dpmetal.com\/fr\/wp-json\/wp\/v2\/product\/4314","targetHints":{"allow":["GET"]}}],"collection":[{"href":"https:\/\/3dpmetal.com\/fr\/wp-json\/wp\/v2\/product"}],"about":[{"href":"https:\/\/3dpmetal.com\/fr\/wp-json\/wp\/v2\/types\/product"}],"wp:featuredmedia":[{"embeddable":true,"href":"https:\/\/3dpmetal.com\/fr\/wp-json\/wp\/v2\/media\/1858"}],"wp:attachment":[{"href":"https:\/\/3dpmetal.com\/fr\/wp-json\/wp\/v2\/media?parent=4314"}],"wp:term":[{"taxonomy":"product-category","embeddable":true,"href":"https:\/\/3dpmetal.com\/fr\/wp-json\/wp\/v2\/product-category?post=4314"}],"curies":[{"name":"wp","href":"https:\/\/api.w.org\/{rel}","templated":true}]}}