{"id":4318,"date":"2024-04-07T08:17:24","date_gmt":"2024-04-07T08:17:24","guid":{"rendered":"https:\/\/3dpmetal.com\/product\/inconel-907-powder\/"},"modified":"2024-04-08T01:39:59","modified_gmt":"2024-04-08T01:39:59","slug":"inconel-907-powder","status":"publish","type":"product","link":"https:\/\/3dpmetal.com\/fr\/product\/inconel-907-powder\/","title":{"rendered":"Poudre d'Inconel 907"},"content":{"rendered":"<h2>Poudre d'Inconel 907 : Vue d'ensemble<\/h2>\n<p><a href=\"https:\/\/en.wikipedia.org\/wiki\/Metal_powder\" target=\"_blank\" rel=\"noopener\">Poudre d'Inconel 907<\/a> est tr\u00e8s appr\u00e9ci\u00e9 pour sa solidit\u00e9 exceptionnelle, sa r\u00e9sistance \u00e0 la corrosion et sa stabilit\u00e9 \u00e0 haute temp\u00e9rature, ce qui en fait un mat\u00e9riau essentiel dans diverses industries. Sa combinaison unique de propri\u00e9t\u00e9s, dont une r\u00e9sistance \u00e9lev\u00e9e \u00e0 la traction et une excellente r\u00e9sistance \u00e0 la corrosion, en fait un mat\u00e9riau id\u00e9al pour les applications n\u00e9cessitant des composants de haute performance dans des environnements extr\u00eames.<\/p>\n<h2>Composition<\/h2>\n<p>La poudre d'Inconel 907 est m\u00e9ticuleusement fabriqu\u00e9e avec des \u00e9l\u00e9ments d'alliage pr\u00e9cis :<\/p>\n<table>\n<thead>\n<tr>\n<th>\u00e9l\u00e9ment<\/th>\n<th>% en poids<\/th>\n<\/tr>\n<\/thead>\n<tbody>\n<tr>\n<td>Nickel (Ni)<\/td>\n<td>47.5-52.5<\/td>\n<\/tr>\n<tr>\n<td>Le fer (Fe)<\/td>\n<td>2.0-4.0<\/td>\n<\/tr>\n<tr>\n<td>Chrome (Cr)<\/td>\n<td>18.0-21.0<\/td>\n<\/tr>\n<tr>\n<td>Cobalt (Co)<\/td>\n<td>15.0-17.0<\/td>\n<\/tr>\n<tr>\n<td>Molybd\u00e8ne (Mo)<\/td>\n<td>3.0-5.0<\/td>\n<\/tr>\n<tr>\n<td>Titane (Ti)<\/td>\n<td>2.0-2.7<\/td>\n<\/tr>\n<\/tbody>\n<\/table>\n<h2>Propri\u00e9t\u00e9s<\/h2>\n<p>La poudre d'Inconel 907 poss\u00e8de des propri\u00e9t\u00e9s exceptionnelles :<\/p>\n<table>\n<thead>\n<tr>\n<th>Propri\u00e9t\u00e9 immobili\u00e8re<\/th>\n<th>Valeur<\/th>\n<\/tr>\n<\/thead>\n<tbody>\n<tr>\n<td>Densit\u00e9<\/td>\n<td>8,16 g\/cm\u00b3<\/td>\n<\/tr>\n<tr>\n<td>R\u00e9sistance \u00e0 la traction<\/td>\n<td>900-1050 MPa<\/td>\n<\/tr>\n<tr>\n<td>Limite d'\u00e9lasticit\u00e9<\/td>\n<td>690 MPa (min)<\/td>\n<\/tr>\n<tr>\n<td>Allongement<\/td>\n<td>20% (min)<\/td>\n<\/tr>\n<tr>\n<td>Duret\u00e9 (HRB)<\/td>\n<td>30-35 HRB<\/td>\n<\/tr>\n<tr>\n<td>Point de fusion<\/td>\n<td>1320-1380\u00b0C<\/td>\n<\/tr>\n<tr>\n<td>Conductivit\u00e9 thermique<\/td>\n<td>9,8 W\/m-K<\/td>\n<\/tr>\n<tr>\n<td>R\u00e9sistivit\u00e9 \u00e9lectrique<\/td>\n<td>1,21 \u00b5\u03a9-m<\/td>\n<\/tr>\n<\/tbody>\n<\/table>\n<h2>APPLICATIONS<\/h2>\n<p>La poudre d'inconel 907 trouve de nombreuses applications dans les industries a\u00e9rospatiale, p\u00e9troli\u00e8re et gazi\u00e8re, et marine pour des composants tels que les turbines \u00e0 gaz, les arbres et les arbres d'h\u00e9lice marins.<\/p>\n<h2>Processus de fabrication additive<\/h2>\n<p>Produite par des proc\u00e9d\u00e9s d'atomisation au gaz ou au plasma, la poudre d'Inconel 907 convient aux techniques de fabrication additive telles que la fusion s\u00e9lective par laser (SLM) et la fusion par faisceau d'\u00e9lectrons (EBM).<\/p>\n<h2>Sp\u00e9cifications des poudres<\/h2>\n<p>Disponible dans diff\u00e9rentes gammes de tailles, morphologies et niveaux de qualit\u00e9, la poudre d'Inconel 907 r\u00e9pond aux exigences sp\u00e9cifiques des applications.<\/p>\n<h2>Normes et grades<\/h2>\n<p>La poudre d'Inconel 907 est conforme aux normes industrielles telles que l'AMS 4205, ce qui garantit sa qualit\u00e9 et son ad\u00e9quation \u00e0 diverses applications.<\/p>\n<h2>Contr\u00f4le de la qualit\u00e9<\/h2>\n<p>Des mesures rigoureuses de contr\u00f4le de la qualit\u00e9, y compris des analyses chimiques et granulom\u00e9triques, garantissent la coh\u00e9rence et la fiabilit\u00e9 de la poudre d'Inconel 907.<\/p>\n<h2>Analyse des co\u00fbts<\/h2>\n<p>Le co\u00fbt de la poudre d'Inconel 907 varie en fonction de facteurs tels que le volume, la taille des particules et les conditions du march\u00e9.<\/p>\n<h2>Stockage et manipulation des poudres<\/h2>\n<p>Un stockage ad\u00e9quat dans des r\u00e9cipients scell\u00e9s et le respect des protocoles de manipulation sont essentiels pour pr\u00e9server l'int\u00e9grit\u00e9 de la poudre d'Inconel 907.<\/p>\n<h2>Sant\u00e9 et s\u00e9curit\u00e9<\/h2>\n<p>La poudre d'Inconel 907 pr\u00e9sente des risques minimes pour la sant\u00e9, mais n\u00e9cessite l'utilisation d'\u00e9quipements de protection individuelle lors de sa manipulation et de son traitement.<\/p>\n<h2>FAQ<\/h2>\n<ol>\n<li><strong>Quels sont les principaux avantages de la poudre d'Inconel 907 ?<\/strong> La poudre d'inconel 907 offre une solidit\u00e9, une r\u00e9sistance \u00e0 la corrosion et une stabilit\u00e9 \u00e0 haute temp\u00e9rature exceptionnelles, ce qui la rend appropri\u00e9e pour les composants de haute performance dans les industries a\u00e9rospatiales, p\u00e9troli\u00e8res et gazi\u00e8res, et marines.<\/li>\n<li><strong>La poudre d'Inconel 907 peut-elle \u00eatre utilis\u00e9e dans la fabrication additive ?<\/strong> Oui, la poudre d'Inconel 907 est couramment utilis\u00e9e dans les techniques de fabrication additive telles que la fusion s\u00e9lective par laser (SLM) et la fusion par faisceau d'\u00e9lectrons (EBM) pour produire des composants d'une solidit\u00e9 et d'une r\u00e9sistance \u00e0 la corrosion sup\u00e9rieures.<\/li>\n<li><strong>La poudre d'Inconel 907 convient-elle aux applications de turbines \u00e0 gaz ?<\/strong> Oui, la poudre d'Inconel 907 est largement utilis\u00e9e dans les composants de turbines \u00e0 gaz, tels que les pales et les arbres de turbines, en raison de son excellente r\u00e9sistance et de sa stabilit\u00e9 \u00e0 haute temp\u00e9rature.<\/li>\n<li><strong>Quels sont les co\u00fbts typiques associ\u00e9s \u00e0 la poudre d'Inconel 907 ?<\/strong> Les co\u00fbts de la poudre d'Inconel 907 varient en fonction de facteurs tels que le volume, la taille des particules, la morphologie de la poudre, les niveaux de puret\u00e9 et les conditions du march\u00e9.<\/li>\n<\/ol>","protected":false},"excerpt":{"rendered":"<p>Poudre d'Inconel 907 : Pr\u00e9sentation La poudre d'inconel 907 est tr\u00e8s appr\u00e9ci\u00e9e pour sa solidit\u00e9 exceptionnelle, sa r\u00e9sistance \u00e0 la corrosion et sa stabilit\u00e9 \u00e0 haute temp\u00e9rature, ce qui en fait un mat\u00e9riau essentiel dans diverses industries. Sa combinaison unique de propri\u00e9t\u00e9s, dont une r\u00e9sistance \u00e9lev\u00e9e \u00e0 la traction et une excellente r\u00e9sistance \u00e0 la corrosion, en fait un mat\u00e9riau id\u00e9al pour les applications n\u00e9cessitant des composants de haute performance dans des environnements extr\u00eames. Composition de la poudre d'inconel 907...<\/p>","protected":false},"featured_media":1730,"parent":0,"template":"","meta":{"_acf_changed":false,"_kad_blocks_custom_css":"","_kad_blocks_head_custom_js":"","_kad_blocks_body_custom_js":"","_kad_blocks_footer_custom_js":"","_kad_post_transparent":"","_kad_post_title":"","_kad_post_layout":"","_kad_post_sidebar_id":"","_kad_post_content_style":"","_kad_post_vertical_padding":"","_kad_post_feature":"","_kad_post_feature_position":"","_kad_post_header":false,"_kad_post_footer":false,"_kad_post_classname":""},"product-category":[119],"class_list":["post-4318","product","type-product","status-publish","has-post-thumbnail","hentry","product-category-3d-printing-metal-powder"],"acf":[],"taxonomy_info":{"product-category":[{"value":119,"label":"3D Printing Metal Powder"}]},"featured_image_src_large":["https:\/\/3dpmetal.com\/wp-content\/uploads\/2024\/02\/H13-Alloy-Steel-Powder.jpg",600,600,false],"author_info":[],"comment_info":"","_links":{"self":[{"href":"https:\/\/3dpmetal.com\/fr\/wp-json\/wp\/v2\/product\/4318","targetHints":{"allow":["GET"]}}],"collection":[{"href":"https:\/\/3dpmetal.com\/fr\/wp-json\/wp\/v2\/product"}],"about":[{"href":"https:\/\/3dpmetal.com\/fr\/wp-json\/wp\/v2\/types\/product"}],"wp:featuredmedia":[{"embeddable":true,"href":"https:\/\/3dpmetal.com\/fr\/wp-json\/wp\/v2\/media\/1730"}],"wp:attachment":[{"href":"https:\/\/3dpmetal.com\/fr\/wp-json\/wp\/v2\/media?parent=4318"}],"wp:term":[{"taxonomy":"product-category","embeddable":true,"href":"https:\/\/3dpmetal.com\/fr\/wp-json\/wp\/v2\/product-category?post=4318"}],"curies":[{"name":"wp","href":"https:\/\/api.w.org\/{rel}","templated":true}]}}