{"id":4324,"date":"2024-04-07T08:17:41","date_gmt":"2024-04-07T08:17:41","guid":{"rendered":"https:\/\/3dpmetal.com\/product\/feni42-powder\/"},"modified":"2024-04-08T01:47:04","modified_gmt":"2024-04-08T01:47:04","slug":"feni42-powder","status":"publish","type":"product","link":"https:\/\/3dpmetal.com\/fr\/product\/feni42-powder\/","title":{"rendered":"FeNi42 Poudre"},"content":{"rendered":"<h2>Poudre FeNi42 : Vue d'ensemble<\/h2>\n<p><a href=\"https:\/\/en.wikipedia.org\/wiki\/Metal_powder\" target=\"_blank\" rel=\"noopener\">FeNi42 Poudre<\/a> est tr\u00e8s appr\u00e9ci\u00e9 pour ses excellentes propri\u00e9t\u00e9s magn\u00e9tiques, sa r\u00e9sistivit\u00e9 \u00e9lectrique \u00e9lev\u00e9e et sa r\u00e9sistance \u00e0 la corrosion, ce qui en fait un mat\u00e9riau essentiel dans diverses industries. Sa combinaison unique de propri\u00e9t\u00e9s en fait un mat\u00e9riau id\u00e9al pour les applications o\u00f9 les propri\u00e9t\u00e9s magn\u00e9tiques et \u00e9lectriques sont essentielles.<\/p>\n<h2>Composition<\/h2>\n<p>La poudre FeNi42 est m\u00e9ticuleusement formul\u00e9e avec des \u00e9l\u00e9ments d'alliage pr\u00e9cis :<\/p>\n<table>\n<thead>\n<tr>\n<th>\u00e9l\u00e9ment<\/th>\n<th>% en poids<\/th>\n<\/tr>\n<\/thead>\n<tbody>\n<tr>\n<td>Le fer (Fe)<\/td>\n<td>41-43<\/td>\n<\/tr>\n<tr>\n<td>Nickel (Ni)<\/td>\n<td>41-43<\/td>\n<\/tr>\n<tr>\n<td>Mangan\u00e8se (Mn)<\/td>\n<td>1,0 max<\/td>\n<\/tr>\n<tr>\n<td>Silicium (Si)<\/td>\n<td>0,3 max<\/td>\n<\/tr>\n<tr>\n<td>Carbone (C)<\/td>\n<td>0,03 max<\/td>\n<\/tr>\n<tr>\n<td>Soufre (S)<\/td>\n<td>0,02 max<\/td>\n<\/tr>\n<tr>\n<td>Phosphore (P)<\/td>\n<td>0,02 max<\/td>\n<\/tr>\n<\/tbody>\n<\/table>\n<h2>Propri\u00e9t\u00e9s<\/h2>\n<p>La poudre FeNi42 poss\u00e8de des propri\u00e9t\u00e9s exceptionnelles :<\/p>\n<table>\n<thead>\n<tr>\n<th>Propri\u00e9t\u00e9 immobili\u00e8re<\/th>\n<th>Valeur<\/th>\n<\/tr>\n<\/thead>\n<tbody>\n<tr>\n<td>Densit\u00e9<\/td>\n<td>8,15 g\/cm\u00b3<\/td>\n<\/tr>\n<tr>\n<td>R\u00e9sistance \u00e0 la traction<\/td>\n<td>550 MPa (min)<\/td>\n<\/tr>\n<tr>\n<td>Limite d'\u00e9lasticit\u00e9<\/td>\n<td>250 MPa (min)<\/td>\n<\/tr>\n<tr>\n<td>Allongement<\/td>\n<td>30% (min)<\/td>\n<\/tr>\n<tr>\n<td>Duret\u00e9 (HRB)<\/td>\n<td>90 HRB<\/td>\n<\/tr>\n<tr>\n<td>Point de fusion<\/td>\n<td>1420-1460\u00b0C<\/td>\n<\/tr>\n<tr>\n<td>Conductivit\u00e9 thermique<\/td>\n<td>11,5 W\/m-K<\/td>\n<\/tr>\n<tr>\n<td>R\u00e9sistivit\u00e9 \u00e9lectrique<\/td>\n<td>0,60 \u00b5\u03a9-m<\/td>\n<\/tr>\n<\/tbody>\n<\/table>\n<h2>APPLICATIONS<\/h2>\n<p>La poudre de FeNi42 trouve de nombreuses applications dans les industries \u00e9lectriques et \u00e9lectroniques pour des composants tels que le blindage magn\u00e9tique, les noyaux de transformateurs et les inductances.<\/p>\n<h2>Processus de fabrication additive<\/h2>\n<p>Produite par des proc\u00e9d\u00e9s d'atomisation au gaz ou au plasma, la poudre de FeNi42 convient aux techniques de fabrication additive telles que la fusion sur lit de poudre et le jet de liant.<\/p>\n<h2>Sp\u00e9cifications des poudres<\/h2>\n<p>Disponible dans diff\u00e9rentes gammes de tailles, morphologies et niveaux de qualit\u00e9, la poudre de FeNi42 r\u00e9pond aux exigences d'applications sp\u00e9cifiques.<\/p>\n<h2>Normes et grades<\/h2>\n<p>La poudre FeNi42 est conforme aux normes industrielles telles que l'ASTM A801, ce qui garantit sa qualit\u00e9 et son ad\u00e9quation \u00e0 diverses applications.<\/p>\n<h2>Contr\u00f4le de la qualit\u00e9<\/h2>\n<p>Des mesures rigoureuses de contr\u00f4le de la qualit\u00e9, y compris des analyses chimiques et granulom\u00e9triques, garantissent la coh\u00e9rence et la fiabilit\u00e9 de la poudre de FeNi42.<\/p>\n<h2>Analyse des co\u00fbts<\/h2>\n<p>Le co\u00fbt de la poudre de FeNi42 varie en fonction de facteurs tels que le volume, la taille des particules et les conditions du march\u00e9.<\/p>\n<h2>Stockage et manipulation des poudres<\/h2>\n<p>Un stockage ad\u00e9quat dans des r\u00e9cipients herm\u00e9tiques et le respect des protocoles de manipulation sont essentiels pour pr\u00e9server l'int\u00e9grit\u00e9 de la poudre de FeNi42.<\/p>\n<h2>Sant\u00e9 et s\u00e9curit\u00e9<\/h2>\n<p>La poudre FeNi42 pr\u00e9sente des risques minimes pour la sant\u00e9, mais n\u00e9cessite l'utilisation d'\u00e9quipements de protection individuelle lors de sa manipulation et de son traitement.<\/p>\n<h2>FAQ<\/h2>\n<ol>\n<li><strong>Quels sont les principaux avantages de la poudre FeNi42 ?<\/strong> La poudre FeNi42 pr\u00e9sente d'excellentes propri\u00e9t\u00e9s magn\u00e9tiques, une r\u00e9sistivit\u00e9 \u00e9lectrique \u00e9lev\u00e9e et une r\u00e9sistance \u00e0 la corrosion, ce qui la rend id\u00e9ale pour les applications dans les industries \u00e9lectriques et \u00e9lectroniques.<\/li>\n<li><strong>La poudre FeNi42 peut-elle \u00eatre utilis\u00e9e dans la fabrication additive ?<\/strong> Oui, la poudre FeNi42 est couramment utilis\u00e9e dans les techniques de fabrication additive telles que la fusion sur lit de poudre et le jet de liant pour produire des composants aux propri\u00e9t\u00e9s magn\u00e9tiques et \u00e9lectriques sup\u00e9rieures.<\/li>\n<li><strong>La poudre FeNi42 convient-elle aux applications de noyaux de transformateurs ?<\/strong> Oui, la poudre FeNi42 est largement utilis\u00e9e dans les noyaux de transformateurs en raison de ses excellentes propri\u00e9t\u00e9s magn\u00e9tiques et de sa r\u00e9sistivit\u00e9 \u00e9lectrique \u00e9lev\u00e9e.<\/li>\n<li><strong>Quels sont les co\u00fbts typiques associ\u00e9s \u00e0 la poudre FeNi42 ?<\/strong> Les co\u00fbts de la poudre de FeNi42 varient en fonction de facteurs tels que le volume, la taille des particules, la morphologie de la poudre, les niveaux de puret\u00e9 et les conditions du march\u00e9.<\/li>\n<\/ol>","protected":false},"excerpt":{"rendered":"<p>Poudre de FeNi42 : Vue d'ensemble La poudre de FeNi42 est tr\u00e8s appr\u00e9ci\u00e9e pour ses excellentes propri\u00e9t\u00e9s magn\u00e9tiques, sa r\u00e9sistivit\u00e9 \u00e9lectrique \u00e9lev\u00e9e et sa r\u00e9sistance \u00e0 la corrosion, ce qui en fait un mat\u00e9riau essentiel dans diverses industries. Sa combinaison unique de propri\u00e9t\u00e9s en fait un mat\u00e9riau id\u00e9al pour les applications o\u00f9 les propri\u00e9t\u00e9s magn\u00e9tiques et \u00e9lectriques sont essentielles. Composition La poudre FeNi42 est m\u00e9ticuleusement formul\u00e9e avec des \u00e9l\u00e9ments d'alliage pr\u00e9cis : \u00c9l\u00e9ment...<\/p>","protected":false},"featured_media":1837,"parent":0,"template":"","meta":{"_acf_changed":false,"_kad_blocks_custom_css":"","_kad_blocks_head_custom_js":"","_kad_blocks_body_custom_js":"","_kad_blocks_footer_custom_js":"","_kad_post_transparent":"","_kad_post_title":"","_kad_post_layout":"","_kad_post_sidebar_id":"","_kad_post_content_style":"","_kad_post_vertical_padding":"","_kad_post_feature":"","_kad_post_feature_position":"","_kad_post_header":false,"_kad_post_footer":false,"_kad_post_classname":""},"product-category":[119],"class_list":["post-4324","product","type-product","status-publish","has-post-thumbnail","hentry","product-category-3d-printing-metal-powder"],"acf":[],"taxonomy_info":{"product-category":[{"value":119,"label":"3D Printing Metal Powder"}]},"featured_image_src_large":["https:\/\/3dpmetal.com\/wp-content\/uploads\/2024\/02\/317L-Powder.jpg",600,600,false],"author_info":[],"comment_info":"","_links":{"self":[{"href":"https:\/\/3dpmetal.com\/fr\/wp-json\/wp\/v2\/product\/4324","targetHints":{"allow":["GET"]}}],"collection":[{"href":"https:\/\/3dpmetal.com\/fr\/wp-json\/wp\/v2\/product"}],"about":[{"href":"https:\/\/3dpmetal.com\/fr\/wp-json\/wp\/v2\/types\/product"}],"wp:featuredmedia":[{"embeddable":true,"href":"https:\/\/3dpmetal.com\/fr\/wp-json\/wp\/v2\/media\/1837"}],"wp:attachment":[{"href":"https:\/\/3dpmetal.com\/fr\/wp-json\/wp\/v2\/media?parent=4324"}],"wp:term":[{"taxonomy":"product-category","embeddable":true,"href":"https:\/\/3dpmetal.com\/fr\/wp-json\/wp\/v2\/product-category?post=4324"}],"curies":[{"name":"wp","href":"https:\/\/api.w.org\/{rel}","templated":true}]}}